{"id":104283,"date":"2024-04-03T19:58:03","date_gmt":"2024-04-03T17:58:03","guid":{"rendered":"https:\/\/v3.atv-parts.hu\/index.php\/termek\/vicma-v-alkatreszek-inditokar-kick-start-aprilia-rally-scarabeo-sonic-sr-50-1995-2002-754pl\/"},"modified":"2025-04-27T08:02:29","modified_gmt":"2025-04-27T06:02:29","slug":"vicma-v-alkatreszek-inditokar-kick-start-aprilia-rally-scarabeo-sonic-sr-50-1995-2002-754pl","status":"publish","type":"product","link":"https:\/\/v3.atv-parts.hu\/index.php\/termek\/vicma-v-alkatreszek-inditokar-kick-start-aprilia-rally-scarabeo-sonic-sr-50-1995-2002-754pl\/","title":{"rendered":"VICMA V ALKATR\u00c9SZEK () IND\u00cdT\u00d3KAR (KICK START) APRILIA RALLY, SCARABEO, SONIC, SR 50 1995-2002 (754PL)"},"content":{"rendered":"<p>VICMA V ALKATR\u00c9SZEK () IND\u00cdT\u00d3KAR (KICK START) APRILIA RALLY, SCARABEO, SONIC, SR 50 1995-2002 (754PL)<\/p>\n<p>EAN: 8430525044340<\/p>\n<p>SKU: 1081822003<\/p>\n","protected":false},"excerpt":{"rendered":"<p>VICMA V ALKATR\u00c9SZEK () IND\u00cdT\u00d3KAR (KICK START) APRILIA RALLY, SCARABEO, SONIC, SR 50 1995-2002 (754PL)<\/p>\n","protected":false},"featured_media":104284,"comment_status":"closed","ping_status":"open","template":"","meta":{"_monsterinsights_skip_tracking":false,"_monsterinsights_sitenote_active":false,"_monsterinsights_sitenote_note":"","_monsterinsights_sitenote_category":0},"product_cat":[810,153],"product_tag":[],"class_list":{"0":"post-104283","1":"product","2":"type-product","3":"status-publish","4":"has-post-thumbnail","6":"product_cat-inditokarok","7":"product_cat-motor","8":"pa_marka-vicma","10":"first","11":"instock","12":"taxable","13":"shipping-taxable","14":"purchasable","15":"product-type-simple"},"yoast_head":"<!-- This site is optimized with the Yoast SEO Premium plugin v22.6 (Yoast SEO v22.6) - https:\/\/yoast.com\/wordpress\/plugins\/seo\/ -->\n<title>VICMA V ALKATR\u00c9SZEK () IND\u00cdT\u00d3KAR (KICK START) APRILIA RALLY, SCARABEO, SONIC, SR 50 1995-2002 (754PL) - V3 ATV-PARTS.HU<\/title>\n<meta name=\"robots\" content=\"index, follow, max-snippet:-1, max-image-preview:large, max-video-preview:-1\" \/>\n<link rel=\"canonical\" href=\"https:\/\/v3.atv-parts.hu\/index.php\/termek\/vicma-v-alkatreszek-inditokar-kick-start-aprilia-rally-scarabeo-sonic-sr-50-1995-2002-754pl\/\" \/>\n<meta property=\"og:locale\" content=\"hu_HU\" \/>\n<meta property=\"og:type\" content=\"article\" \/>\n<meta property=\"og:title\" content=\"VICMA V ALKATR\u00c9SZEK () IND\u00cdT\u00d3KAR (KICK START) APRILIA RALLY, SCARABEO, SONIC, SR 50 1995-2002 (754PL)\" \/>\n<meta property=\"og:description\" content=\"VICMA V ALKATR\u00c9SZEK () IND\u00cdT\u00d3KAR (KICK START) APRILIA RALLY, SCARABEO, SONIC, SR 50 1995-2002 (754PL)\" \/>\n<meta property=\"og:url\" content=\"https:\/\/v3.atv-parts.hu\/index.php\/termek\/vicma-v-alkatreszek-inditokar-kick-start-aprilia-rally-scarabeo-sonic-sr-50-1995-2002-754pl\/\" \/>\n<meta property=\"og:site_name\" content=\"V3 ATV-PARTS.HU\" \/>\n<meta property=\"article:publisher\" content=\"https:\/\/www.facebook.com\/atvpartsHU\" \/>\n<meta property=\"article:modified_time\" content=\"2025-04-27T06:02:29+00:00\" \/>\n<meta property=\"og:image\" content=\"https:\/\/v3.atv-parts.hu\/wp-content\/uploads\/2024\/04\/vicma-nowy-towar-2022-05-dzwignia-kopniaka-aprilia.jpg\" \/>\n\t<meta property=\"og:image:width\" content=\"800\" \/>\n\t<meta property=\"og:image:height\" content=\"600\" \/>\n\t<meta property=\"og:image:type\" content=\"image\/jpeg\" \/>\n<meta name=\"twitter:card\" content=\"summary_large_image\" \/>\n<meta name=\"twitter:label1\" content=\"\u00c1r\" \/>\n\t<meta name=\"twitter:data1\" content=\"9438,64&nbsp;&#70;&#116; \u00c1F\u00c1-val\" \/>\n\t<meta name=\"twitter:label2\" content=\"El\u00e9rhet\u0151s\u00e9g\" \/>\n\t<meta name=\"twitter:data2\" content=\"K\u00e9szleten\" \/>\n<script type=\"application\/ld+json\" class=\"yoast-schema-graph\">{\"@context\":\"https:\/\/schema.org\",\"@graph\":[{\"@type\":\"WebPage\",\"@id\":\"https:\/\/v3.atv-parts.hu\/index.php\/termek\/vicma-v-alkatreszek-inditokar-kick-start-aprilia-rally-scarabeo-sonic-sr-50-1995-2002-754pl\/\",\"url\":\"https:\/\/v3.atv-parts.hu\/index.php\/termek\/vicma-v-alkatreszek-inditokar-kick-start-aprilia-rally-scarabeo-sonic-sr-50-1995-2002-754pl\/\",\"name\":\"VICMA V ALKATR\u00c9SZEK () IND\u00cdT\u00d3KAR (KICK START) APRILIA RALLY, SCARABEO, SONIC, SR 50 1995-2002 (754PL) - V3 ATV-PARTS.HU\",\"isPartOf\":{\"@id\":\"https:\/\/v3.atv-parts.hu\/#website\"},\"primaryImageOfPage\":{\"@id\":\"https:\/\/v3.atv-parts.hu\/index.php\/termek\/vicma-v-alkatreszek-inditokar-kick-start-aprilia-rally-scarabeo-sonic-sr-50-1995-2002-754pl\/#primaryimage\"},\"image\":{\"@id\":\"https:\/\/v3.atv-parts.hu\/index.php\/termek\/vicma-v-alkatreszek-inditokar-kick-start-aprilia-rally-scarabeo-sonic-sr-50-1995-2002-754pl\/#primaryimage\"},\"thumbnailUrl\":\"https:\/\/v3.atv-parts.hu\/wp-content\/uploads\/2024\/04\/vicma-nowy-towar-2022-05-dzwignia-kopniaka-aprilia.jpg\",\"datePublished\":\"2024-04-03T17:58:03+00:00\",\"dateModified\":\"2025-04-27T06:02:29+00:00\",\"breadcrumb\":{\"@id\":\"https:\/\/v3.atv-parts.hu\/index.php\/termek\/vicma-v-alkatreszek-inditokar-kick-start-aprilia-rally-scarabeo-sonic-sr-50-1995-2002-754pl\/#breadcrumb\"},\"inLanguage\":\"hu\",\"potentialAction\":[{\"@type\":\"ReadAction\",\"target\":[\"https:\/\/v3.atv-parts.hu\/index.php\/termek\/vicma-v-alkatreszek-inditokar-kick-start-aprilia-rally-scarabeo-sonic-sr-50-1995-2002-754pl\/\"]}]},{\"@type\":\"ImageObject\",\"inLanguage\":\"hu\",\"@id\":\"https:\/\/v3.atv-parts.hu\/index.php\/termek\/vicma-v-alkatreszek-inditokar-kick-start-aprilia-rally-scarabeo-sonic-sr-50-1995-2002-754pl\/#primaryimage\",\"url\":\"https:\/\/v3.atv-parts.hu\/wp-content\/uploads\/2024\/04\/vicma-nowy-towar-2022-05-dzwignia-kopniaka-aprilia.jpg\",\"contentUrl\":\"https:\/\/v3.atv-parts.hu\/wp-content\/uploads\/2024\/04\/vicma-nowy-towar-2022-05-dzwignia-kopniaka-aprilia.jpg\",\"width\":800,\"height\":600},{\"@type\":\"BreadcrumbList\",\"@id\":\"https:\/\/v3.atv-parts.hu\/index.php\/termek\/vicma-v-alkatreszek-inditokar-kick-start-aprilia-rally-scarabeo-sonic-sr-50-1995-2002-754pl\/#breadcrumb\",\"itemListElement\":[{\"@type\":\"ListItem\",\"position\":1,\"name\":\"Kezd\u0151lap\",\"item\":\"https:\/\/v3.atv-parts.hu\/\"},{\"@type\":\"ListItem\",\"position\":2,\"name\":\"Bolt\",\"item\":\"https:\/\/v3.atv-parts.hu\/index.php\/bolt\/\"},{\"@type\":\"ListItem\",\"position\":3,\"name\":\"VICMA V ALKATR\u00c9SZEK () IND\u00cdT\u00d3KAR (KICK START) APRILIA RALLY, SCARABEO, SONIC, SR 50 1995-2002 (754PL)\"}]},{\"@type\":\"WebSite\",\"@id\":\"https:\/\/v3.atv-parts.hu\/#website\",\"url\":\"https:\/\/v3.atv-parts.hu\/\",\"name\":\"V3 ATV-PARTS.HU\",\"description\":\"\",\"publisher\":{\"@id\":\"https:\/\/v3.atv-parts.hu\/#organization\"},\"potentialAction\":[{\"@type\":\"SearchAction\",\"target\":{\"@type\":\"EntryPoint\",\"urlTemplate\":\"https:\/\/v3.atv-parts.hu\/?s={search_term_string}\"},\"query-input\":\"required name=search_term_string\"}],\"inLanguage\":\"hu\"},{\"@type\":\"Organization\",\"@id\":\"https:\/\/v3.atv-parts.hu\/#organization\",\"name\":\"V3 ATV-PARTS.HU\",\"url\":\"https:\/\/v3.atv-parts.hu\/\",\"logo\":{\"@type\":\"ImageObject\",\"inLanguage\":\"hu\",\"@id\":\"https:\/\/v3.atv-parts.hu\/#\/schema\/logo\/image\/\",\"url\":\"https:\/\/v3.atv-parts.hu\/wp-content\/uploads\/2021\/02\/cropped-cropped-atvlogo-1-1-1.png\",\"contentUrl\":\"https:\/\/v3.atv-parts.hu\/wp-content\/uploads\/2021\/02\/cropped-cropped-atvlogo-1-1-1.png\",\"width\":267,\"height\":160,\"caption\":\"V3 ATV-PARTS.HU\"},\"image\":{\"@id\":\"https:\/\/v3.atv-parts.hu\/#\/schema\/logo\/image\/\"},\"sameAs\":[\"https:\/\/www.facebook.com\/atvpartsHU\"]}]}<\/script>\n<meta property=\"product:price:amount\" content=\"9438.64\" \/>\n<meta property=\"product:price:currency\" content=\"HUF\" \/>\n<meta property=\"og:availability\" content=\"instock\" \/>\n<meta property=\"product:availability\" content=\"instock\" \/>\n<meta property=\"product:retailer_item_id\" content=\"1081822003\" \/>\n<meta property=\"product:condition\" content=\"new\" \/>\n<!-- \/ Yoast SEO Premium plugin. -->","yoast_head_json":{"title":"VICMA V ALKATR\u00c9SZEK () IND\u00cdT\u00d3KAR (KICK START) APRILIA RALLY, SCARABEO, SONIC, SR 50 1995-2002 (754PL) - V3 ATV-PARTS.HU","robots":{"index":"index","follow":"follow","max-snippet":"max-snippet:-1","max-image-preview":"max-image-preview:large","max-video-preview":"max-video-preview:-1"},"canonical":"https:\/\/v3.atv-parts.hu\/index.php\/termek\/vicma-v-alkatreszek-inditokar-kick-start-aprilia-rally-scarabeo-sonic-sr-50-1995-2002-754pl\/","og_locale":"hu_HU","og_type":"article","og_title":"VICMA V ALKATR\u00c9SZEK () IND\u00cdT\u00d3KAR (KICK START) APRILIA RALLY, SCARABEO, SONIC, SR 50 1995-2002 (754PL)","og_description":"VICMA V ALKATR\u00c9SZEK () IND\u00cdT\u00d3KAR (KICK START) APRILIA RALLY, SCARABEO, SONIC, SR 50 1995-2002 (754PL)","og_url":"https:\/\/v3.atv-parts.hu\/index.php\/termek\/vicma-v-alkatreszek-inditokar-kick-start-aprilia-rally-scarabeo-sonic-sr-50-1995-2002-754pl\/","og_site_name":"V3 ATV-PARTS.HU","article_publisher":"https:\/\/www.facebook.com\/atvpartsHU","article_modified_time":"2025-04-27T06:02:29+00:00","og_image":[{"width":800,"height":600,"url":"https:\/\/v3.atv-parts.hu\/wp-content\/uploads\/2024\/04\/vicma-nowy-towar-2022-05-dzwignia-kopniaka-aprilia.jpg","type":"image\/jpeg"}],"twitter_card":"summary_large_image","twitter_misc":{"\u00c1r":"9438,64&nbsp;&#70;&#116; \u00c1F\u00c1-val","El\u00e9rhet\u0151s\u00e9g":"K\u00e9szleten"},"schema":{"@context":"https:\/\/schema.org","@graph":[{"@type":"WebPage","@id":"https:\/\/v3.atv-parts.hu\/index.php\/termek\/vicma-v-alkatreszek-inditokar-kick-start-aprilia-rally-scarabeo-sonic-sr-50-1995-2002-754pl\/","url":"https:\/\/v3.atv-parts.hu\/index.php\/termek\/vicma-v-alkatreszek-inditokar-kick-start-aprilia-rally-scarabeo-sonic-sr-50-1995-2002-754pl\/","name":"VICMA V ALKATR\u00c9SZEK () IND\u00cdT\u00d3KAR (KICK START) APRILIA RALLY, SCARABEO, SONIC, SR 50 1995-2002 (754PL) - V3 ATV-PARTS.HU","isPartOf":{"@id":"https:\/\/v3.atv-parts.hu\/#website"},"primaryImageOfPage":{"@id":"https:\/\/v3.atv-parts.hu\/index.php\/termek\/vicma-v-alkatreszek-inditokar-kick-start-aprilia-rally-scarabeo-sonic-sr-50-1995-2002-754pl\/#primaryimage"},"image":{"@id":"https:\/\/v3.atv-parts.hu\/index.php\/termek\/vicma-v-alkatreszek-inditokar-kick-start-aprilia-rally-scarabeo-sonic-sr-50-1995-2002-754pl\/#primaryimage"},"thumbnailUrl":"https:\/\/v3.atv-parts.hu\/wp-content\/uploads\/2024\/04\/vicma-nowy-towar-2022-05-dzwignia-kopniaka-aprilia.jpg","datePublished":"2024-04-03T17:58:03+00:00","dateModified":"2025-04-27T06:02:29+00:00","breadcrumb":{"@id":"https:\/\/v3.atv-parts.hu\/index.php\/termek\/vicma-v-alkatreszek-inditokar-kick-start-aprilia-rally-scarabeo-sonic-sr-50-1995-2002-754pl\/#breadcrumb"},"inLanguage":"hu","potentialAction":[{"@type":"ReadAction","target":["https:\/\/v3.atv-parts.hu\/index.php\/termek\/vicma-v-alkatreszek-inditokar-kick-start-aprilia-rally-scarabeo-sonic-sr-50-1995-2002-754pl\/"]}]},{"@type":"ImageObject","inLanguage":"hu","@id":"https:\/\/v3.atv-parts.hu\/index.php\/termek\/vicma-v-alkatreszek-inditokar-kick-start-aprilia-rally-scarabeo-sonic-sr-50-1995-2002-754pl\/#primaryimage","url":"https:\/\/v3.atv-parts.hu\/wp-content\/uploads\/2024\/04\/vicma-nowy-towar-2022-05-dzwignia-kopniaka-aprilia.jpg","contentUrl":"https:\/\/v3.atv-parts.hu\/wp-content\/uploads\/2024\/04\/vicma-nowy-towar-2022-05-dzwignia-kopniaka-aprilia.jpg","width":800,"height":600},{"@type":"BreadcrumbList","@id":"https:\/\/v3.atv-parts.hu\/index.php\/termek\/vicma-v-alkatreszek-inditokar-kick-start-aprilia-rally-scarabeo-sonic-sr-50-1995-2002-754pl\/#breadcrumb","itemListElement":[{"@type":"ListItem","position":1,"name":"Kezd\u0151lap","item":"https:\/\/v3.atv-parts.hu\/"},{"@type":"ListItem","position":2,"name":"Bolt","item":"https:\/\/v3.atv-parts.hu\/index.php\/bolt\/"},{"@type":"ListItem","position":3,"name":"VICMA V ALKATR\u00c9SZEK () IND\u00cdT\u00d3KAR (KICK START) APRILIA RALLY, SCARABEO, SONIC, SR 50 1995-2002 (754PL)"}]},{"@type":"WebSite","@id":"https:\/\/v3.atv-parts.hu\/#website","url":"https:\/\/v3.atv-parts.hu\/","name":"V3 ATV-PARTS.HU","description":"","publisher":{"@id":"https:\/\/v3.atv-parts.hu\/#organization"},"potentialAction":[{"@type":"SearchAction","target":{"@type":"EntryPoint","urlTemplate":"https:\/\/v3.atv-parts.hu\/?s={search_term_string}"},"query-input":"required name=search_term_string"}],"inLanguage":"hu"},{"@type":"Organization","@id":"https:\/\/v3.atv-parts.hu\/#organization","name":"V3 ATV-PARTS.HU","url":"https:\/\/v3.atv-parts.hu\/","logo":{"@type":"ImageObject","inLanguage":"hu","@id":"https:\/\/v3.atv-parts.hu\/#\/schema\/logo\/image\/","url":"https:\/\/v3.atv-parts.hu\/wp-content\/uploads\/2021\/02\/cropped-cropped-atvlogo-1-1-1.png","contentUrl":"https:\/\/v3.atv-parts.hu\/wp-content\/uploads\/2021\/02\/cropped-cropped-atvlogo-1-1-1.png","width":267,"height":160,"caption":"V3 ATV-PARTS.HU"},"image":{"@id":"https:\/\/v3.atv-parts.hu\/#\/schema\/logo\/image\/"},"sameAs":["https:\/\/www.facebook.com\/atvpartsHU"]}]},"product_price_amount":"9438.64","product_price_currency":"HUF","og_availability":"instock","product_availability":"instock","product_retailer_item_id":"1081822003","product_condition":"new"},"_links":{"self":[{"href":"https:\/\/v3.atv-parts.hu\/index.php\/wp-json\/wp\/v2\/product\/104283","targetHints":{"allow":["GET"]}}],"collection":[{"href":"https:\/\/v3.atv-parts.hu\/index.php\/wp-json\/wp\/v2\/product"}],"about":[{"href":"https:\/\/v3.atv-parts.hu\/index.php\/wp-json\/wp\/v2\/types\/product"}],"replies":[{"embeddable":true,"href":"https:\/\/v3.atv-parts.hu\/index.php\/wp-json\/wp\/v2\/comments?post=104283"}],"wp:featuredmedia":[{"embeddable":true,"href":"https:\/\/v3.atv-parts.hu\/index.php\/wp-json\/wp\/v2\/media\/104284"}],"wp:attachment":[{"href":"https:\/\/v3.atv-parts.hu\/index.php\/wp-json\/wp\/v2\/media?parent=104283"}],"wp:term":[{"taxonomy":"product_cat","embeddable":true,"href":"https:\/\/v3.atv-parts.hu\/index.php\/wp-json\/wp\/v2\/product_cat?post=104283"},{"taxonomy":"product_tag","embeddable":true,"href":"https:\/\/v3.atv-parts.hu\/index.php\/wp-json\/wp\/v2\/product_tag?post=104283"}],"curies":[{"name":"wp","href":"https:\/\/api.w.org\/{rel}","templated":true}]}}