{"id":107118,"date":"2024-04-03T21:22:02","date_gmt":"2024-04-03T19:22:02","guid":{"rendered":"https:\/\/v3.atv-parts.hu\/index.php\/termek\/newfren-kuplungtarcsak-tavtartokkal-ktm-lc8-adventure-r-s-950-990-03-12-lc8-supermoto-990-08-13-lc8-super-duke-990-05-13-lc8-super-enduro-950-06-08\/"},"modified":"2024-05-19T08:00:48","modified_gmt":"2024-05-19T06:00:48","slug":"newfren-kuplungtarcsak-tavtartokkal-ktm-lc8-adventure-r-s-950-990-03-12-lc8-supermoto-990-08-13-lc8-super-duke-990-05-13-lc8-super-enduro-950-06-08","status":"publish","type":"product","link":"https:\/\/v3.atv-parts.hu\/index.php\/termek\/newfren-kuplungtarcsak-tavtartokkal-ktm-lc8-adventure-r-s-950-990-03-12-lc8-supermoto-990-08-13-lc8-super-duke-990-05-13-lc8-super-enduro-950-06-08\/","title":{"rendered":"NEWFREN  KUPLUNGT\u00c1RCS\u00c1K T\u00c1VTART\u00d3KKAL KTM LC8 ADVENTURE R\/S 950\/990 &#8217;03-&#8217;12; LC8 SUPERMOTO 990 &#8217;08-&#8217;13; LC8 SUPER DUKE 990 &#8217;05-&#8217;13; LC8 SUPER ENDURO 950 &#8217;06-&#8217;08"},"content":{"rendered":"<p>NEWFREN  KUPLUNGT\u00c1RCS\u00c1K T\u00c1VTART\u00d3KKAL KTM LC8 ADVENTURE R\/S 950\/990 &#8217;03-&#8217;12; LC8 SUPERMOTO 990 &#8217;08-&#8217;13; LC8 SUPER DUKE 990 &#8217;05-&#8217;13; LC8 SUPER ENDURO 950 &#8217;06-&#8217;08<\/p>\n<p>EAN: 8025832373155<\/p>\n<p>SKU: F1515AC<\/p>\n","protected":false},"excerpt":{"rendered":"<p>NEWFREN  KUPLUNGT\u00c1RCS\u00c1K T\u00c1VTART\u00d3KKAL KTM LC8 ADVENTURE R\/S 950\/990 &#8217;03-&#8217;12; LC8 SUPERMOTO 990 &#8217;08-&#8217;13; LC8 SUPER DUKE 990 &#8217;05-&#8217;13; LC8 SUPER ENDURO 950 &#8217;06-&#8217;08<\/p>\n","protected":false},"featured_media":107119,"comment_status":"closed","ping_status":"open","template":"","meta":{"_monsterinsights_skip_tracking":false,"_monsterinsights_sitenote_active":false,"_monsterinsights_sitenote_note":"","_monsterinsights_sitenote_category":0},"product_cat":[319,321,153],"product_tag":[],"class_list":{"0":"post-107118","1":"product","2":"type-product","3":"status-publish","4":"has-post-thumbnail","6":"product_cat-kuplung","7":"product_cat-kuplungszett","8":"product_cat-motor","9":"pa_marka-newfren","11":"first","12":"instock","13":"taxable","14":"shipping-taxable","15":"purchasable","16":"product-type-simple"},"yoast_head":"<!-- This site is optimized with the Yoast SEO Premium plugin v22.6 (Yoast SEO v22.6) - https:\/\/yoast.com\/wordpress\/plugins\/seo\/ -->\n<title>NEWFREN KUPLUNGT\u00c1RCS\u00c1K T\u00c1VTART\u00d3KKAL KTM LC8 ADVENTURE R\/S 950\/990 &#039;03-&#039;12; LC8 SUPERMOTO 990 &#039;08-&#039;13; LC8 SUPER DUKE 990 &#039;05-&#039;13; LC8 SUPER ENDURO 950 &#039;06-&#039;08 - V3 ATV-PARTS.HU<\/title>\n<meta name=\"robots\" content=\"index, follow, max-snippet:-1, max-image-preview:large, max-video-preview:-1\" \/>\n<link rel=\"canonical\" href=\"https:\/\/v3.atv-parts.hu\/index.php\/termek\/newfren-kuplungtarcsak-tavtartokkal-ktm-lc8-adventure-r-s-950-990-03-12-lc8-supermoto-990-08-13-lc8-super-duke-990-05-13-lc8-super-enduro-950-06-08\/\" \/>\n<meta property=\"og:locale\" content=\"hu_HU\" \/>\n<meta property=\"og:type\" content=\"article\" \/>\n<meta property=\"og:title\" content=\"NEWFREN KUPLUNGT\u00c1RCS\u00c1K T\u00c1VTART\u00d3KKAL KTM LC8 ADVENTURE R\/S 950\/990 &#039;03-&#039;12; LC8 SUPERMOTO 990 &#039;08-&#039;13; LC8 SUPER DUKE 990 &#039;05-&#039;13; LC8 SUPER ENDURO 950 &#039;06-&#039;08\" \/>\n<meta property=\"og:description\" content=\"NEWFREN KUPLUNGT\u00c1RCS\u00c1K T\u00c1VTART\u00d3KKAL KTM LC8 ADVENTURE R\/S 950\/990 &#039;03-&#039;12; LC8 SUPERMOTO 990 &#039;08-&#039;13; LC8 SUPER DUKE 990 &#039;05-&#039;13; LC8 SUPER ENDURO 950 &#039;06-&#039;08\" \/>\n<meta property=\"og:url\" content=\"https:\/\/v3.atv-parts.hu\/index.php\/termek\/newfren-kuplungtarcsak-tavtartokkal-ktm-lc8-adventure-r-s-950-990-03-12-lc8-supermoto-990-08-13-lc8-super-duke-990-05-13-lc8-super-enduro-950-06-08\/\" \/>\n<meta property=\"og:site_name\" content=\"V3 ATV-PARTS.HU\" \/>\n<meta property=\"article:publisher\" content=\"https:\/\/www.facebook.com\/atvpartsHU\" \/>\n<meta property=\"article:modified_time\" content=\"2024-05-19T06:00:48+00:00\" \/>\n<meta property=\"og:image\" content=\"https:\/\/v3.atv-parts.hu\/wp-content\/uploads\/2024\/04\/newfren-tarcze-sprzeglowe-z-przekladkami-ktm-lc8-a.jpg\" \/>\n\t<meta property=\"og:image:width\" content=\"1200\" \/>\n\t<meta property=\"og:image:height\" content=\"1027\" \/>\n\t<meta property=\"og:image:type\" content=\"image\/jpeg\" \/>\n<meta name=\"twitter:card\" content=\"summary_large_image\" \/>\n<meta name=\"twitter:label1\" content=\"\u00c1r\" \/>\n\t<meta name=\"twitter:data1\" content=\"60532,01&nbsp;&#70;&#116; \u00c1F\u00c1-val\" \/>\n\t<meta name=\"twitter:label2\" content=\"El\u00e9rhet\u0151s\u00e9g\" \/>\n\t<meta name=\"twitter:data2\" content=\"K\u00e9szleten\" \/>\n<script type=\"application\/ld+json\" class=\"yoast-schema-graph\">{\"@context\":\"https:\/\/schema.org\",\"@graph\":[{\"@type\":\"WebPage\",\"@id\":\"https:\/\/v3.atv-parts.hu\/index.php\/termek\/newfren-kuplungtarcsak-tavtartokkal-ktm-lc8-adventure-r-s-950-990-03-12-lc8-supermoto-990-08-13-lc8-super-duke-990-05-13-lc8-super-enduro-950-06-08\/\",\"url\":\"https:\/\/v3.atv-parts.hu\/index.php\/termek\/newfren-kuplungtarcsak-tavtartokkal-ktm-lc8-adventure-r-s-950-990-03-12-lc8-supermoto-990-08-13-lc8-super-duke-990-05-13-lc8-super-enduro-950-06-08\/\",\"name\":\"NEWFREN KUPLUNGT\u00c1RCS\u00c1K T\u00c1VTART\u00d3KKAL KTM LC8 ADVENTURE R\/S 950\/990 '03-'12; LC8 SUPERMOTO 990 '08-'13; LC8 SUPER DUKE 990 '05-'13; LC8 SUPER ENDURO 950 '06-'08 - V3 ATV-PARTS.HU\",\"isPartOf\":{\"@id\":\"https:\/\/v3.atv-parts.hu\/#website\"},\"primaryImageOfPage\":{\"@id\":\"https:\/\/v3.atv-parts.hu\/index.php\/termek\/newfren-kuplungtarcsak-tavtartokkal-ktm-lc8-adventure-r-s-950-990-03-12-lc8-supermoto-990-08-13-lc8-super-duke-990-05-13-lc8-super-enduro-950-06-08\/#primaryimage\"},\"image\":{\"@id\":\"https:\/\/v3.atv-parts.hu\/index.php\/termek\/newfren-kuplungtarcsak-tavtartokkal-ktm-lc8-adventure-r-s-950-990-03-12-lc8-supermoto-990-08-13-lc8-super-duke-990-05-13-lc8-super-enduro-950-06-08\/#primaryimage\"},\"thumbnailUrl\":\"https:\/\/v3.atv-parts.hu\/wp-content\/uploads\/2024\/04\/newfren-tarcze-sprzeglowe-z-przekladkami-ktm-lc8-a.jpg\",\"datePublished\":\"2024-04-03T19:22:02+00:00\",\"dateModified\":\"2024-05-19T06:00:48+00:00\",\"breadcrumb\":{\"@id\":\"https:\/\/v3.atv-parts.hu\/index.php\/termek\/newfren-kuplungtarcsak-tavtartokkal-ktm-lc8-adventure-r-s-950-990-03-12-lc8-supermoto-990-08-13-lc8-super-duke-990-05-13-lc8-super-enduro-950-06-08\/#breadcrumb\"},\"inLanguage\":\"hu\",\"potentialAction\":[{\"@type\":\"ReadAction\",\"target\":[\"https:\/\/v3.atv-parts.hu\/index.php\/termek\/newfren-kuplungtarcsak-tavtartokkal-ktm-lc8-adventure-r-s-950-990-03-12-lc8-supermoto-990-08-13-lc8-super-duke-990-05-13-lc8-super-enduro-950-06-08\/\"]}]},{\"@type\":\"ImageObject\",\"inLanguage\":\"hu\",\"@id\":\"https:\/\/v3.atv-parts.hu\/index.php\/termek\/newfren-kuplungtarcsak-tavtartokkal-ktm-lc8-adventure-r-s-950-990-03-12-lc8-supermoto-990-08-13-lc8-super-duke-990-05-13-lc8-super-enduro-950-06-08\/#primaryimage\",\"url\":\"https:\/\/v3.atv-parts.hu\/wp-content\/uploads\/2024\/04\/newfren-tarcze-sprzeglowe-z-przekladkami-ktm-lc8-a.jpg\",\"contentUrl\":\"https:\/\/v3.atv-parts.hu\/wp-content\/uploads\/2024\/04\/newfren-tarcze-sprzeglowe-z-przekladkami-ktm-lc8-a.jpg\",\"width\":1200,\"height\":1027},{\"@type\":\"BreadcrumbList\",\"@id\":\"https:\/\/v3.atv-parts.hu\/index.php\/termek\/newfren-kuplungtarcsak-tavtartokkal-ktm-lc8-adventure-r-s-950-990-03-12-lc8-supermoto-990-08-13-lc8-super-duke-990-05-13-lc8-super-enduro-950-06-08\/#breadcrumb\",\"itemListElement\":[{\"@type\":\"ListItem\",\"position\":1,\"name\":\"Kezd\u0151lap\",\"item\":\"https:\/\/v3.atv-parts.hu\/\"},{\"@type\":\"ListItem\",\"position\":2,\"name\":\"Bolt\",\"item\":\"https:\/\/v3.atv-parts.hu\/index.php\/bolt\/\"},{\"@type\":\"ListItem\",\"position\":3,\"name\":\"NEWFREN KUPLUNGT\u00c1RCS\u00c1K T\u00c1VTART\u00d3KKAL KTM LC8 ADVENTURE R\/S 950\/990 &#8217;03-&#8217;12; LC8 SUPERMOTO 990 &#8217;08-&#8217;13; LC8 SUPER DUKE 990 &#8217;05-&#8217;13; LC8 SUPER ENDURO 950 &#8217;06-&#8217;08\"}]},{\"@type\":\"WebSite\",\"@id\":\"https:\/\/v3.atv-parts.hu\/#website\",\"url\":\"https:\/\/v3.atv-parts.hu\/\",\"name\":\"V3 ATV-PARTS.HU\",\"description\":\"\",\"publisher\":{\"@id\":\"https:\/\/v3.atv-parts.hu\/#organization\"},\"potentialAction\":[{\"@type\":\"SearchAction\",\"target\":{\"@type\":\"EntryPoint\",\"urlTemplate\":\"https:\/\/v3.atv-parts.hu\/?s={search_term_string}\"},\"query-input\":\"required name=search_term_string\"}],\"inLanguage\":\"hu\"},{\"@type\":\"Organization\",\"@id\":\"https:\/\/v3.atv-parts.hu\/#organization\",\"name\":\"V3 ATV-PARTS.HU\",\"url\":\"https:\/\/v3.atv-parts.hu\/\",\"logo\":{\"@type\":\"ImageObject\",\"inLanguage\":\"hu\",\"@id\":\"https:\/\/v3.atv-parts.hu\/#\/schema\/logo\/image\/\",\"url\":\"https:\/\/v3.atv-parts.hu\/wp-content\/uploads\/2021\/02\/cropped-cropped-atvlogo-1-1-1.png\",\"contentUrl\":\"https:\/\/v3.atv-parts.hu\/wp-content\/uploads\/2021\/02\/cropped-cropped-atvlogo-1-1-1.png\",\"width\":267,\"height\":160,\"caption\":\"V3 ATV-PARTS.HU\"},\"image\":{\"@id\":\"https:\/\/v3.atv-parts.hu\/#\/schema\/logo\/image\/\"},\"sameAs\":[\"https:\/\/www.facebook.com\/atvpartsHU\"]}]}<\/script>\n<meta property=\"product:price:amount\" content=\"60532.01\" \/>\n<meta property=\"product:price:currency\" content=\"HUF\" \/>\n<meta property=\"og:availability\" content=\"instock\" \/>\n<meta property=\"product:availability\" content=\"instock\" \/>\n<meta property=\"product:retailer_item_id\" content=\"F1515AC\" \/>\n<meta property=\"product:condition\" content=\"new\" \/>\n<!-- \/ Yoast SEO Premium plugin. -->","yoast_head_json":{"title":"NEWFREN KUPLUNGT\u00c1RCS\u00c1K T\u00c1VTART\u00d3KKAL KTM LC8 ADVENTURE R\/S 950\/990 '03-'12; LC8 SUPERMOTO 990 '08-'13; LC8 SUPER DUKE 990 '05-'13; LC8 SUPER ENDURO 950 '06-'08 - V3 ATV-PARTS.HU","robots":{"index":"index","follow":"follow","max-snippet":"max-snippet:-1","max-image-preview":"max-image-preview:large","max-video-preview":"max-video-preview:-1"},"canonical":"https:\/\/v3.atv-parts.hu\/index.php\/termek\/newfren-kuplungtarcsak-tavtartokkal-ktm-lc8-adventure-r-s-950-990-03-12-lc8-supermoto-990-08-13-lc8-super-duke-990-05-13-lc8-super-enduro-950-06-08\/","og_locale":"hu_HU","og_type":"article","og_title":"NEWFREN KUPLUNGT\u00c1RCS\u00c1K T\u00c1VTART\u00d3KKAL KTM LC8 ADVENTURE R\/S 950\/990 '03-'12; LC8 SUPERMOTO 990 '08-'13; LC8 SUPER DUKE 990 '05-'13; LC8 SUPER ENDURO 950 '06-'08","og_description":"NEWFREN KUPLUNGT\u00c1RCS\u00c1K T\u00c1VTART\u00d3KKAL KTM LC8 ADVENTURE R\/S 950\/990 '03-'12; LC8 SUPERMOTO 990 '08-'13; LC8 SUPER DUKE 990 '05-'13; LC8 SUPER ENDURO 950 '06-'08","og_url":"https:\/\/v3.atv-parts.hu\/index.php\/termek\/newfren-kuplungtarcsak-tavtartokkal-ktm-lc8-adventure-r-s-950-990-03-12-lc8-supermoto-990-08-13-lc8-super-duke-990-05-13-lc8-super-enduro-950-06-08\/","og_site_name":"V3 ATV-PARTS.HU","article_publisher":"https:\/\/www.facebook.com\/atvpartsHU","article_modified_time":"2024-05-19T06:00:48+00:00","og_image":[{"width":1200,"height":1027,"url":"https:\/\/v3.atv-parts.hu\/wp-content\/uploads\/2024\/04\/newfren-tarcze-sprzeglowe-z-przekladkami-ktm-lc8-a.jpg","type":"image\/jpeg"}],"twitter_card":"summary_large_image","twitter_misc":{"\u00c1r":"60532,01&nbsp;&#70;&#116; \u00c1F\u00c1-val","El\u00e9rhet\u0151s\u00e9g":"K\u00e9szleten"},"schema":{"@context":"https:\/\/schema.org","@graph":[{"@type":"WebPage","@id":"https:\/\/v3.atv-parts.hu\/index.php\/termek\/newfren-kuplungtarcsak-tavtartokkal-ktm-lc8-adventure-r-s-950-990-03-12-lc8-supermoto-990-08-13-lc8-super-duke-990-05-13-lc8-super-enduro-950-06-08\/","url":"https:\/\/v3.atv-parts.hu\/index.php\/termek\/newfren-kuplungtarcsak-tavtartokkal-ktm-lc8-adventure-r-s-950-990-03-12-lc8-supermoto-990-08-13-lc8-super-duke-990-05-13-lc8-super-enduro-950-06-08\/","name":"NEWFREN KUPLUNGT\u00c1RCS\u00c1K T\u00c1VTART\u00d3KKAL KTM LC8 ADVENTURE R\/S 950\/990 '03-'12; LC8 SUPERMOTO 990 '08-'13; LC8 SUPER DUKE 990 '05-'13; LC8 SUPER ENDURO 950 '06-'08 - V3 ATV-PARTS.HU","isPartOf":{"@id":"https:\/\/v3.atv-parts.hu\/#website"},"primaryImageOfPage":{"@id":"https:\/\/v3.atv-parts.hu\/index.php\/termek\/newfren-kuplungtarcsak-tavtartokkal-ktm-lc8-adventure-r-s-950-990-03-12-lc8-supermoto-990-08-13-lc8-super-duke-990-05-13-lc8-super-enduro-950-06-08\/#primaryimage"},"image":{"@id":"https:\/\/v3.atv-parts.hu\/index.php\/termek\/newfren-kuplungtarcsak-tavtartokkal-ktm-lc8-adventure-r-s-950-990-03-12-lc8-supermoto-990-08-13-lc8-super-duke-990-05-13-lc8-super-enduro-950-06-08\/#primaryimage"},"thumbnailUrl":"https:\/\/v3.atv-parts.hu\/wp-content\/uploads\/2024\/04\/newfren-tarcze-sprzeglowe-z-przekladkami-ktm-lc8-a.jpg","datePublished":"2024-04-03T19:22:02+00:00","dateModified":"2024-05-19T06:00:48+00:00","breadcrumb":{"@id":"https:\/\/v3.atv-parts.hu\/index.php\/termek\/newfren-kuplungtarcsak-tavtartokkal-ktm-lc8-adventure-r-s-950-990-03-12-lc8-supermoto-990-08-13-lc8-super-duke-990-05-13-lc8-super-enduro-950-06-08\/#breadcrumb"},"inLanguage":"hu","potentialAction":[{"@type":"ReadAction","target":["https:\/\/v3.atv-parts.hu\/index.php\/termek\/newfren-kuplungtarcsak-tavtartokkal-ktm-lc8-adventure-r-s-950-990-03-12-lc8-supermoto-990-08-13-lc8-super-duke-990-05-13-lc8-super-enduro-950-06-08\/"]}]},{"@type":"ImageObject","inLanguage":"hu","@id":"https:\/\/v3.atv-parts.hu\/index.php\/termek\/newfren-kuplungtarcsak-tavtartokkal-ktm-lc8-adventure-r-s-950-990-03-12-lc8-supermoto-990-08-13-lc8-super-duke-990-05-13-lc8-super-enduro-950-06-08\/#primaryimage","url":"https:\/\/v3.atv-parts.hu\/wp-content\/uploads\/2024\/04\/newfren-tarcze-sprzeglowe-z-przekladkami-ktm-lc8-a.jpg","contentUrl":"https:\/\/v3.atv-parts.hu\/wp-content\/uploads\/2024\/04\/newfren-tarcze-sprzeglowe-z-przekladkami-ktm-lc8-a.jpg","width":1200,"height":1027},{"@type":"BreadcrumbList","@id":"https:\/\/v3.atv-parts.hu\/index.php\/termek\/newfren-kuplungtarcsak-tavtartokkal-ktm-lc8-adventure-r-s-950-990-03-12-lc8-supermoto-990-08-13-lc8-super-duke-990-05-13-lc8-super-enduro-950-06-08\/#breadcrumb","itemListElement":[{"@type":"ListItem","position":1,"name":"Kezd\u0151lap","item":"https:\/\/v3.atv-parts.hu\/"},{"@type":"ListItem","position":2,"name":"Bolt","item":"https:\/\/v3.atv-parts.hu\/index.php\/bolt\/"},{"@type":"ListItem","position":3,"name":"NEWFREN KUPLUNGT\u00c1RCS\u00c1K T\u00c1VTART\u00d3KKAL KTM LC8 ADVENTURE R\/S 950\/990 &#8217;03-&#8217;12; LC8 SUPERMOTO 990 &#8217;08-&#8217;13; LC8 SUPER DUKE 990 &#8217;05-&#8217;13; LC8 SUPER ENDURO 950 &#8217;06-&#8217;08"}]},{"@type":"WebSite","@id":"https:\/\/v3.atv-parts.hu\/#website","url":"https:\/\/v3.atv-parts.hu\/","name":"V3 ATV-PARTS.HU","description":"","publisher":{"@id":"https:\/\/v3.atv-parts.hu\/#organization"},"potentialAction":[{"@type":"SearchAction","target":{"@type":"EntryPoint","urlTemplate":"https:\/\/v3.atv-parts.hu\/?s={search_term_string}"},"query-input":"required name=search_term_string"}],"inLanguage":"hu"},{"@type":"Organization","@id":"https:\/\/v3.atv-parts.hu\/#organization","name":"V3 ATV-PARTS.HU","url":"https:\/\/v3.atv-parts.hu\/","logo":{"@type":"ImageObject","inLanguage":"hu","@id":"https:\/\/v3.atv-parts.hu\/#\/schema\/logo\/image\/","url":"https:\/\/v3.atv-parts.hu\/wp-content\/uploads\/2021\/02\/cropped-cropped-atvlogo-1-1-1.png","contentUrl":"https:\/\/v3.atv-parts.hu\/wp-content\/uploads\/2021\/02\/cropped-cropped-atvlogo-1-1-1.png","width":267,"height":160,"caption":"V3 ATV-PARTS.HU"},"image":{"@id":"https:\/\/v3.atv-parts.hu\/#\/schema\/logo\/image\/"},"sameAs":["https:\/\/www.facebook.com\/atvpartsHU"]}]},"product_price_amount":"60532.01","product_price_currency":"HUF","og_availability":"instock","product_availability":"instock","product_retailer_item_id":"F1515AC","product_condition":"new"},"_links":{"self":[{"href":"https:\/\/v3.atv-parts.hu\/index.php\/wp-json\/wp\/v2\/product\/107118","targetHints":{"allow":["GET"]}}],"collection":[{"href":"https:\/\/v3.atv-parts.hu\/index.php\/wp-json\/wp\/v2\/product"}],"about":[{"href":"https:\/\/v3.atv-parts.hu\/index.php\/wp-json\/wp\/v2\/types\/product"}],"replies":[{"embeddable":true,"href":"https:\/\/v3.atv-parts.hu\/index.php\/wp-json\/wp\/v2\/comments?post=107118"}],"wp:featuredmedia":[{"embeddable":true,"href":"https:\/\/v3.atv-parts.hu\/index.php\/wp-json\/wp\/v2\/media\/107119"}],"wp:attachment":[{"href":"https:\/\/v3.atv-parts.hu\/index.php\/wp-json\/wp\/v2\/media?parent=107118"}],"wp:term":[{"taxonomy":"product_cat","embeddable":true,"href":"https:\/\/v3.atv-parts.hu\/index.php\/wp-json\/wp\/v2\/product_cat?post=107118"},{"taxonomy":"product_tag","embeddable":true,"href":"https:\/\/v3.atv-parts.hu\/index.php\/wp-json\/wp\/v2\/product_tag?post=107118"}],"curies":[{"name":"wp","href":"https:\/\/api.w.org\/{rel}","templated":true}]}}