{"id":108294,"date":"2024-04-03T21:58:35","date_gmt":"2024-04-03T19:58:35","guid":{"rendered":"https:\/\/v3.atv-parts.hu\/index.php\/termek\/bronco-nehez-elso-lengescsillapito-polaris-trail-blazer-250-90-95-xplorer-250-00-01-trail-boss-xpedition-325-00-02-atp-magnum-330-03-06-sportsman-335-99-00-loket-90mm-hossz-480mm-oem\/"},"modified":"2024-05-03T17:12:36","modified_gmt":"2024-05-03T15:12:36","slug":"bronco-nehez-elso-lengescsillapito-polaris-trail-blazer-250-90-95-xplorer-250-00-01-trail-boss-xpedition-325-00-02-atp-magnum-330-03-06-sportsman-335-99-00-loket-90mm-hossz-480mm-oem","status":"publish","type":"product","link":"https:\/\/v3.atv-parts.hu\/index.php\/termek\/bronco-nehez-elso-lengescsillapito-polaris-trail-blazer-250-90-95-xplorer-250-00-01-trail-boss-xpedition-325-00-02-atp-magnum-330-03-06-sportsman-335-99-00-loket-90mm-hossz-480mm-oem\/","title":{"rendered":"BRONCO  NEH\u00c9Z ELS\u0150 LENG\u00c9SCSILLAP\u00cdT\u00d3 POLARIS TRAIL BLAZER 250 &#8217;90-&#8217;95, XPLORER 250 &#8217;00-&#8217;01, TRAIL BOSS\/XPEDITION 325 &#8217;00-&#8217;02, ATP\/MAGNUM 330 &#8217;03-&#8217;06, SPORTSMAN 335 &#8217;99-&#8217;00 (L\u00d6KET 90MM HOSSZ 480MM) (OEM: 7041761; 7041374)"},"content":{"rendered":"<p>BRONCO  NEH\u00c9Z ELS\u0150 LENG\u00c9SCSILLAP\u00cdT\u00d3 POLARIS TRAIL BLAZER 250 &#8217;90-&#8217;95, XPLORER 250 &#8217;00-&#8217;01, TRAIL BOSS\/XPEDITION 325 &#8217;00-&#8217;02, ATP\/MAGNUM 330 &#8217;03-&#8217;06, SPORTSMAN 335 &#8217;99-&#8217;00 (L\u00d6KET 90MM HOSSZ 480MM) (OEM: 7041761; 7041374)<\/p>\n<p>EAN: 758891166939<\/p>\n<p>SKU: AU-04400<\/p>\n","protected":false},"excerpt":{"rendered":"<p>BRONCO  NEH\u00c9Z ELS\u0150 LENG\u00c9SCSILLAP\u00cdT\u00d3 POLARIS TRAIL BLAZER 250 &#8217;90-&#8217;95, XPLORER 250 &#8217;00-&#8217;01, TRAIL BOSS\/XPEDITION 325 &#8217;00-&#8217;02, ATP\/MAGNUM 330 &#8217;03-&#8217;06, SPORTSMAN 335 &#8217;99-&#8217;00 (L\u00d6KET 90MM HOSSZ 480MM) (OEM: 7041761; 7041374)<\/p>\n","protected":false},"featured_media":108270,"comment_status":"closed","ping_status":"open","template":"","meta":{"_monsterinsights_skip_tracking":false,"_monsterinsights_sitenote_active":false,"_monsterinsights_sitenote_note":"","_monsterinsights_sitenote_category":0},"product_cat":[404,267,1211],"product_tag":[],"class_list":{"0":"post-108294","1":"product","2":"type-product","3":"status-publish","4":"has-post-thumbnail","6":"product_cat-elso-felfuggesztes-es-kormanymu","7":"product_cat-felfuggesztes-es-kormanymu","8":"product_cat-hatso-lengescsillapitok-elso-felfuggesztes-es-kormanymu","9":"pa_marka-bronco","11":"first","12":"instock","13":"taxable","14":"shipping-taxable","15":"purchasable","16":"product-type-simple"},"yoast_head":"<!-- This site is optimized with the Yoast SEO Premium plugin v22.6 (Yoast SEO v22.6) - https:\/\/yoast.com\/wordpress\/plugins\/seo\/ -->\n<title>BRONCO NEH\u00c9Z ELS\u0150 LENG\u00c9SCSILLAP\u00cdT\u00d3 POLARIS TRAIL BLAZER 250 &#039;90-&#039;95, XPLORER 250 &#039;00-&#039;01, TRAIL BOSS\/XPEDITION 325 &#039;00-&#039;02, ATP\/MAGNUM 330 &#039;03-&#039;06, SPORTSMAN 335 &#039;99-&#039;00 (L\u00d6KET 90MM HOSSZ 480MM) (OEM: 7041761; 7041374) - V3 ATV-PARTS.HU<\/title>\n<meta name=\"robots\" content=\"index, follow, max-snippet:-1, max-image-preview:large, max-video-preview:-1\" \/>\n<link rel=\"canonical\" href=\"https:\/\/v3.atv-parts.hu\/index.php\/termek\/bronco-nehez-elso-lengescsillapito-polaris-trail-blazer-250-90-95-xplorer-250-00-01-trail-boss-xpedition-325-00-02-atp-magnum-330-03-06-sportsman-335-99-00-loket-90mm-hossz-480mm-oem\/\" \/>\n<meta property=\"og:locale\" content=\"hu_HU\" \/>\n<meta property=\"og:type\" content=\"article\" \/>\n<meta property=\"og:title\" content=\"BRONCO NEH\u00c9Z ELS\u0150 LENG\u00c9SCSILLAP\u00cdT\u00d3 POLARIS TRAIL BLAZER 250 &#039;90-&#039;95, XPLORER 250 &#039;00-&#039;01, TRAIL BOSS\/XPEDITION 325 &#039;00-&#039;02, ATP\/MAGNUM 330 &#039;03-&#039;06, SPORTSMAN 335 &#039;99-&#039;00 (L\u00d6KET 90MM HOSSZ 480MM) (OEM: 7041761; 7041374)\" \/>\n<meta property=\"og:description\" content=\"BRONCO NEH\u00c9Z ELS\u0150 LENG\u00c9SCSILLAP\u00cdT\u00d3 POLARIS TRAIL BLAZER 250 &#039;90-&#039;95, XPLORER 250 &#039;00-&#039;01, TRAIL BOSS\/XPEDITION 325 &#039;00-&#039;02, ATP\/MAGNUM 330 &#039;03-&#039;06, SPORTSMAN 335 &#039;99-&#039;00 (L\u00d6KET 90MM HOSSZ 480MM) (OEM: 7041761; 7041374)\" \/>\n<meta property=\"og:url\" content=\"https:\/\/v3.atv-parts.hu\/index.php\/termek\/bronco-nehez-elso-lengescsillapito-polaris-trail-blazer-250-90-95-xplorer-250-00-01-trail-boss-xpedition-325-00-02-atp-magnum-330-03-06-sportsman-335-99-00-loket-90mm-hossz-480mm-oem\/\" \/>\n<meta property=\"og:site_name\" content=\"V3 ATV-PARTS.HU\" \/>\n<meta property=\"article:publisher\" content=\"https:\/\/www.facebook.com\/atvpartsHU\" \/>\n<meta property=\"article:modified_time\" content=\"2024-05-03T15:12:36+00:00\" \/>\n<meta property=\"og:image\" content=\"https:\/\/v3.atv-parts.hu\/wp-content\/uploads\/2024\/04\/bronco-2023-01-heavy-duty-gas-shock-front.jpg\" \/>\n\t<meta property=\"og:image:width\" content=\"1067\" \/>\n\t<meta property=\"og:image:height\" content=\"800\" \/>\n\t<meta property=\"og:image:type\" content=\"image\/jpeg\" \/>\n<meta name=\"twitter:card\" content=\"summary_large_image\" \/>\n<meta name=\"twitter:label1\" content=\"\u00c1r\" \/>\n\t<meta name=\"twitter:data1\" content=\"64702,69&nbsp;&#70;&#116; \u00c1F\u00c1-val\" \/>\n\t<meta name=\"twitter:label2\" content=\"El\u00e9rhet\u0151s\u00e9g\" \/>\n\t<meta name=\"twitter:data2\" content=\"K\u00e9szleten\" \/>\n<script type=\"application\/ld+json\" class=\"yoast-schema-graph\">{\"@context\":\"https:\/\/schema.org\",\"@graph\":[{\"@type\":\"WebPage\",\"@id\":\"https:\/\/v3.atv-parts.hu\/index.php\/termek\/bronco-nehez-elso-lengescsillapito-polaris-trail-blazer-250-90-95-xplorer-250-00-01-trail-boss-xpedition-325-00-02-atp-magnum-330-03-06-sportsman-335-99-00-loket-90mm-hossz-480mm-oem\/\",\"url\":\"https:\/\/v3.atv-parts.hu\/index.php\/termek\/bronco-nehez-elso-lengescsillapito-polaris-trail-blazer-250-90-95-xplorer-250-00-01-trail-boss-xpedition-325-00-02-atp-magnum-330-03-06-sportsman-335-99-00-loket-90mm-hossz-480mm-oem\/\",\"name\":\"BRONCO NEH\u00c9Z ELS\u0150 LENG\u00c9SCSILLAP\u00cdT\u00d3 POLARIS TRAIL BLAZER 250 '90-'95, XPLORER 250 '00-'01, TRAIL BOSS\/XPEDITION 325 '00-'02, ATP\/MAGNUM 330 '03-'06, SPORTSMAN 335 '99-'00 (L\u00d6KET 90MM HOSSZ 480MM) (OEM: 7041761; 7041374) - V3 ATV-PARTS.HU\",\"isPartOf\":{\"@id\":\"https:\/\/v3.atv-parts.hu\/#website\"},\"primaryImageOfPage\":{\"@id\":\"https:\/\/v3.atv-parts.hu\/index.php\/termek\/bronco-nehez-elso-lengescsillapito-polaris-trail-blazer-250-90-95-xplorer-250-00-01-trail-boss-xpedition-325-00-02-atp-magnum-330-03-06-sportsman-335-99-00-loket-90mm-hossz-480mm-oem\/#primaryimage\"},\"image\":{\"@id\":\"https:\/\/v3.atv-parts.hu\/index.php\/termek\/bronco-nehez-elso-lengescsillapito-polaris-trail-blazer-250-90-95-xplorer-250-00-01-trail-boss-xpedition-325-00-02-atp-magnum-330-03-06-sportsman-335-99-00-loket-90mm-hossz-480mm-oem\/#primaryimage\"},\"thumbnailUrl\":\"https:\/\/v3.atv-parts.hu\/wp-content\/uploads\/2024\/04\/bronco-2023-01-heavy-duty-gas-shock-front.jpg\",\"datePublished\":\"2024-04-03T19:58:35+00:00\",\"dateModified\":\"2024-05-03T15:12:36+00:00\",\"breadcrumb\":{\"@id\":\"https:\/\/v3.atv-parts.hu\/index.php\/termek\/bronco-nehez-elso-lengescsillapito-polaris-trail-blazer-250-90-95-xplorer-250-00-01-trail-boss-xpedition-325-00-02-atp-magnum-330-03-06-sportsman-335-99-00-loket-90mm-hossz-480mm-oem\/#breadcrumb\"},\"inLanguage\":\"hu\",\"potentialAction\":[{\"@type\":\"ReadAction\",\"target\":[\"https:\/\/v3.atv-parts.hu\/index.php\/termek\/bronco-nehez-elso-lengescsillapito-polaris-trail-blazer-250-90-95-xplorer-250-00-01-trail-boss-xpedition-325-00-02-atp-magnum-330-03-06-sportsman-335-99-00-loket-90mm-hossz-480mm-oem\/\"]}]},{\"@type\":\"ImageObject\",\"inLanguage\":\"hu\",\"@id\":\"https:\/\/v3.atv-parts.hu\/index.php\/termek\/bronco-nehez-elso-lengescsillapito-polaris-trail-blazer-250-90-95-xplorer-250-00-01-trail-boss-xpedition-325-00-02-atp-magnum-330-03-06-sportsman-335-99-00-loket-90mm-hossz-480mm-oem\/#primaryimage\",\"url\":\"https:\/\/v3.atv-parts.hu\/wp-content\/uploads\/2024\/04\/bronco-2023-01-heavy-duty-gas-shock-front.jpg\",\"contentUrl\":\"https:\/\/v3.atv-parts.hu\/wp-content\/uploads\/2024\/04\/bronco-2023-01-heavy-duty-gas-shock-front.jpg\",\"width\":1067,\"height\":800},{\"@type\":\"BreadcrumbList\",\"@id\":\"https:\/\/v3.atv-parts.hu\/index.php\/termek\/bronco-nehez-elso-lengescsillapito-polaris-trail-blazer-250-90-95-xplorer-250-00-01-trail-boss-xpedition-325-00-02-atp-magnum-330-03-06-sportsman-335-99-00-loket-90mm-hossz-480mm-oem\/#breadcrumb\",\"itemListElement\":[{\"@type\":\"ListItem\",\"position\":1,\"name\":\"Kezd\u0151lap\",\"item\":\"https:\/\/v3.atv-parts.hu\/\"},{\"@type\":\"ListItem\",\"position\":2,\"name\":\"Bolt\",\"item\":\"https:\/\/v3.atv-parts.hu\/index.php\/bolt\/\"},{\"@type\":\"ListItem\",\"position\":3,\"name\":\"BRONCO NEH\u00c9Z ELS\u0150 LENG\u00c9SCSILLAP\u00cdT\u00d3 POLARIS TRAIL BLAZER 250 &#8217;90-&#8217;95, XPLORER 250 &#8217;00-&#8217;01, TRAIL BOSS\/XPEDITION 325 &#8217;00-&#8217;02, ATP\/MAGNUM 330 &#8217;03-&#8217;06, SPORTSMAN 335 &#8217;99-&#8217;00 (L\u00d6KET 90MM HOSSZ 480MM) (OEM: 7041761; 7041374)\"}]},{\"@type\":\"WebSite\",\"@id\":\"https:\/\/v3.atv-parts.hu\/#website\",\"url\":\"https:\/\/v3.atv-parts.hu\/\",\"name\":\"V3 ATV-PARTS.HU\",\"description\":\"\",\"publisher\":{\"@id\":\"https:\/\/v3.atv-parts.hu\/#organization\"},\"potentialAction\":[{\"@type\":\"SearchAction\",\"target\":{\"@type\":\"EntryPoint\",\"urlTemplate\":\"https:\/\/v3.atv-parts.hu\/?s={search_term_string}\"},\"query-input\":\"required name=search_term_string\"}],\"inLanguage\":\"hu\"},{\"@type\":\"Organization\",\"@id\":\"https:\/\/v3.atv-parts.hu\/#organization\",\"name\":\"V3 ATV-PARTS.HU\",\"url\":\"https:\/\/v3.atv-parts.hu\/\",\"logo\":{\"@type\":\"ImageObject\",\"inLanguage\":\"hu\",\"@id\":\"https:\/\/v3.atv-parts.hu\/#\/schema\/logo\/image\/\",\"url\":\"https:\/\/v3.atv-parts.hu\/wp-content\/uploads\/2021\/02\/cropped-cropped-atvlogo-1-1-1.png\",\"contentUrl\":\"https:\/\/v3.atv-parts.hu\/wp-content\/uploads\/2021\/02\/cropped-cropped-atvlogo-1-1-1.png\",\"width\":267,\"height\":160,\"caption\":\"V3 ATV-PARTS.HU\"},\"image\":{\"@id\":\"https:\/\/v3.atv-parts.hu\/#\/schema\/logo\/image\/\"},\"sameAs\":[\"https:\/\/www.facebook.com\/atvpartsHU\"]}]}<\/script>\n<meta property=\"product:price:amount\" content=\"64702.69\" \/>\n<meta property=\"product:price:currency\" content=\"HUF\" \/>\n<meta property=\"og:availability\" content=\"instock\" \/>\n<meta property=\"product:availability\" content=\"instock\" \/>\n<meta property=\"product:retailer_item_id\" content=\"AU-04400\" \/>\n<meta property=\"product:condition\" content=\"new\" \/>\n<!-- \/ Yoast SEO Premium plugin. -->","yoast_head_json":{"title":"BRONCO NEH\u00c9Z ELS\u0150 LENG\u00c9SCSILLAP\u00cdT\u00d3 POLARIS TRAIL BLAZER 250 '90-'95, XPLORER 250 '00-'01, TRAIL BOSS\/XPEDITION 325 '00-'02, ATP\/MAGNUM 330 '03-'06, SPORTSMAN 335 '99-'00 (L\u00d6KET 90MM HOSSZ 480MM) (OEM: 7041761; 7041374) - V3 ATV-PARTS.HU","robots":{"index":"index","follow":"follow","max-snippet":"max-snippet:-1","max-image-preview":"max-image-preview:large","max-video-preview":"max-video-preview:-1"},"canonical":"https:\/\/v3.atv-parts.hu\/index.php\/termek\/bronco-nehez-elso-lengescsillapito-polaris-trail-blazer-250-90-95-xplorer-250-00-01-trail-boss-xpedition-325-00-02-atp-magnum-330-03-06-sportsman-335-99-00-loket-90mm-hossz-480mm-oem\/","og_locale":"hu_HU","og_type":"article","og_title":"BRONCO NEH\u00c9Z ELS\u0150 LENG\u00c9SCSILLAP\u00cdT\u00d3 POLARIS TRAIL BLAZER 250 '90-'95, XPLORER 250 '00-'01, TRAIL BOSS\/XPEDITION 325 '00-'02, ATP\/MAGNUM 330 '03-'06, SPORTSMAN 335 '99-'00 (L\u00d6KET 90MM HOSSZ 480MM) (OEM: 7041761; 7041374)","og_description":"BRONCO NEH\u00c9Z ELS\u0150 LENG\u00c9SCSILLAP\u00cdT\u00d3 POLARIS TRAIL BLAZER 250 '90-'95, XPLORER 250 '00-'01, TRAIL BOSS\/XPEDITION 325 '00-'02, ATP\/MAGNUM 330 '03-'06, SPORTSMAN 335 '99-'00 (L\u00d6KET 90MM HOSSZ 480MM) (OEM: 7041761; 7041374)","og_url":"https:\/\/v3.atv-parts.hu\/index.php\/termek\/bronco-nehez-elso-lengescsillapito-polaris-trail-blazer-250-90-95-xplorer-250-00-01-trail-boss-xpedition-325-00-02-atp-magnum-330-03-06-sportsman-335-99-00-loket-90mm-hossz-480mm-oem\/","og_site_name":"V3 ATV-PARTS.HU","article_publisher":"https:\/\/www.facebook.com\/atvpartsHU","article_modified_time":"2024-05-03T15:12:36+00:00","og_image":[{"width":1067,"height":800,"url":"https:\/\/v3.atv-parts.hu\/wp-content\/uploads\/2024\/04\/bronco-2023-01-heavy-duty-gas-shock-front.jpg","type":"image\/jpeg"}],"twitter_card":"summary_large_image","twitter_misc":{"\u00c1r":"64702,69&nbsp;&#70;&#116; \u00c1F\u00c1-val","El\u00e9rhet\u0151s\u00e9g":"K\u00e9szleten"},"schema":{"@context":"https:\/\/schema.org","@graph":[{"@type":"WebPage","@id":"https:\/\/v3.atv-parts.hu\/index.php\/termek\/bronco-nehez-elso-lengescsillapito-polaris-trail-blazer-250-90-95-xplorer-250-00-01-trail-boss-xpedition-325-00-02-atp-magnum-330-03-06-sportsman-335-99-00-loket-90mm-hossz-480mm-oem\/","url":"https:\/\/v3.atv-parts.hu\/index.php\/termek\/bronco-nehez-elso-lengescsillapito-polaris-trail-blazer-250-90-95-xplorer-250-00-01-trail-boss-xpedition-325-00-02-atp-magnum-330-03-06-sportsman-335-99-00-loket-90mm-hossz-480mm-oem\/","name":"BRONCO NEH\u00c9Z ELS\u0150 LENG\u00c9SCSILLAP\u00cdT\u00d3 POLARIS TRAIL BLAZER 250 '90-'95, XPLORER 250 '00-'01, TRAIL BOSS\/XPEDITION 325 '00-'02, ATP\/MAGNUM 330 '03-'06, SPORTSMAN 335 '99-'00 (L\u00d6KET 90MM HOSSZ 480MM) (OEM: 7041761; 7041374) - V3 ATV-PARTS.HU","isPartOf":{"@id":"https:\/\/v3.atv-parts.hu\/#website"},"primaryImageOfPage":{"@id":"https:\/\/v3.atv-parts.hu\/index.php\/termek\/bronco-nehez-elso-lengescsillapito-polaris-trail-blazer-250-90-95-xplorer-250-00-01-trail-boss-xpedition-325-00-02-atp-magnum-330-03-06-sportsman-335-99-00-loket-90mm-hossz-480mm-oem\/#primaryimage"},"image":{"@id":"https:\/\/v3.atv-parts.hu\/index.php\/termek\/bronco-nehez-elso-lengescsillapito-polaris-trail-blazer-250-90-95-xplorer-250-00-01-trail-boss-xpedition-325-00-02-atp-magnum-330-03-06-sportsman-335-99-00-loket-90mm-hossz-480mm-oem\/#primaryimage"},"thumbnailUrl":"https:\/\/v3.atv-parts.hu\/wp-content\/uploads\/2024\/04\/bronco-2023-01-heavy-duty-gas-shock-front.jpg","datePublished":"2024-04-03T19:58:35+00:00","dateModified":"2024-05-03T15:12:36+00:00","breadcrumb":{"@id":"https:\/\/v3.atv-parts.hu\/index.php\/termek\/bronco-nehez-elso-lengescsillapito-polaris-trail-blazer-250-90-95-xplorer-250-00-01-trail-boss-xpedition-325-00-02-atp-magnum-330-03-06-sportsman-335-99-00-loket-90mm-hossz-480mm-oem\/#breadcrumb"},"inLanguage":"hu","potentialAction":[{"@type":"ReadAction","target":["https:\/\/v3.atv-parts.hu\/index.php\/termek\/bronco-nehez-elso-lengescsillapito-polaris-trail-blazer-250-90-95-xplorer-250-00-01-trail-boss-xpedition-325-00-02-atp-magnum-330-03-06-sportsman-335-99-00-loket-90mm-hossz-480mm-oem\/"]}]},{"@type":"ImageObject","inLanguage":"hu","@id":"https:\/\/v3.atv-parts.hu\/index.php\/termek\/bronco-nehez-elso-lengescsillapito-polaris-trail-blazer-250-90-95-xplorer-250-00-01-trail-boss-xpedition-325-00-02-atp-magnum-330-03-06-sportsman-335-99-00-loket-90mm-hossz-480mm-oem\/#primaryimage","url":"https:\/\/v3.atv-parts.hu\/wp-content\/uploads\/2024\/04\/bronco-2023-01-heavy-duty-gas-shock-front.jpg","contentUrl":"https:\/\/v3.atv-parts.hu\/wp-content\/uploads\/2024\/04\/bronco-2023-01-heavy-duty-gas-shock-front.jpg","width":1067,"height":800},{"@type":"BreadcrumbList","@id":"https:\/\/v3.atv-parts.hu\/index.php\/termek\/bronco-nehez-elso-lengescsillapito-polaris-trail-blazer-250-90-95-xplorer-250-00-01-trail-boss-xpedition-325-00-02-atp-magnum-330-03-06-sportsman-335-99-00-loket-90mm-hossz-480mm-oem\/#breadcrumb","itemListElement":[{"@type":"ListItem","position":1,"name":"Kezd\u0151lap","item":"https:\/\/v3.atv-parts.hu\/"},{"@type":"ListItem","position":2,"name":"Bolt","item":"https:\/\/v3.atv-parts.hu\/index.php\/bolt\/"},{"@type":"ListItem","position":3,"name":"BRONCO NEH\u00c9Z ELS\u0150 LENG\u00c9SCSILLAP\u00cdT\u00d3 POLARIS TRAIL BLAZER 250 &#8217;90-&#8217;95, XPLORER 250 &#8217;00-&#8217;01, TRAIL BOSS\/XPEDITION 325 &#8217;00-&#8217;02, ATP\/MAGNUM 330 &#8217;03-&#8217;06, SPORTSMAN 335 &#8217;99-&#8217;00 (L\u00d6KET 90MM HOSSZ 480MM) (OEM: 7041761; 7041374)"}]},{"@type":"WebSite","@id":"https:\/\/v3.atv-parts.hu\/#website","url":"https:\/\/v3.atv-parts.hu\/","name":"V3 ATV-PARTS.HU","description":"","publisher":{"@id":"https:\/\/v3.atv-parts.hu\/#organization"},"potentialAction":[{"@type":"SearchAction","target":{"@type":"EntryPoint","urlTemplate":"https:\/\/v3.atv-parts.hu\/?s={search_term_string}"},"query-input":"required name=search_term_string"}],"inLanguage":"hu"},{"@type":"Organization","@id":"https:\/\/v3.atv-parts.hu\/#organization","name":"V3 ATV-PARTS.HU","url":"https:\/\/v3.atv-parts.hu\/","logo":{"@type":"ImageObject","inLanguage":"hu","@id":"https:\/\/v3.atv-parts.hu\/#\/schema\/logo\/image\/","url":"https:\/\/v3.atv-parts.hu\/wp-content\/uploads\/2021\/02\/cropped-cropped-atvlogo-1-1-1.png","contentUrl":"https:\/\/v3.atv-parts.hu\/wp-content\/uploads\/2021\/02\/cropped-cropped-atvlogo-1-1-1.png","width":267,"height":160,"caption":"V3 ATV-PARTS.HU"},"image":{"@id":"https:\/\/v3.atv-parts.hu\/#\/schema\/logo\/image\/"},"sameAs":["https:\/\/www.facebook.com\/atvpartsHU"]}]},"product_price_amount":"64702.69","product_price_currency":"HUF","og_availability":"instock","product_availability":"instock","product_retailer_item_id":"AU-04400","product_condition":"new"},"_links":{"self":[{"href":"https:\/\/v3.atv-parts.hu\/index.php\/wp-json\/wp\/v2\/product\/108294","targetHints":{"allow":["GET"]}}],"collection":[{"href":"https:\/\/v3.atv-parts.hu\/index.php\/wp-json\/wp\/v2\/product"}],"about":[{"href":"https:\/\/v3.atv-parts.hu\/index.php\/wp-json\/wp\/v2\/types\/product"}],"replies":[{"embeddable":true,"href":"https:\/\/v3.atv-parts.hu\/index.php\/wp-json\/wp\/v2\/comments?post=108294"}],"wp:featuredmedia":[{"embeddable":true,"href":"https:\/\/v3.atv-parts.hu\/index.php\/wp-json\/wp\/v2\/media\/108270"}],"wp:attachment":[{"href":"https:\/\/v3.atv-parts.hu\/index.php\/wp-json\/wp\/v2\/media?parent=108294"}],"wp:term":[{"taxonomy":"product_cat","embeddable":true,"href":"https:\/\/v3.atv-parts.hu\/index.php\/wp-json\/wp\/v2\/product_cat?post=108294"},{"taxonomy":"product_tag","embeddable":true,"href":"https:\/\/v3.atv-parts.hu\/index.php\/wp-json\/wp\/v2\/product_tag?post=108294"}],"curies":[{"name":"wp","href":"https:\/\/api.w.org\/{rel}","templated":true}]}}