{"id":108677,"date":"2024-04-03T22:10:03","date_gmt":"2024-04-03T20:10:03","guid":{"rendered":"https:\/\/v3.atv-parts.hu\/index.php\/termek\/prox-kuplungfedel-tomites-kawasaki-kx-450f-06-15-klx-450r-08-21-kfx-450r-08-14-kulso-oem-11061-0259\/"},"modified":"2024-05-03T17:13:42","modified_gmt":"2024-05-03T15:13:42","slug":"prox-kuplungfedel-tomites-kawasaki-kx-450f-06-15-klx-450r-08-21-kfx-450r-08-14-kulso-oem-11061-0259","status":"publish","type":"product","link":"https:\/\/v3.atv-parts.hu\/index.php\/termek\/prox-kuplungfedel-tomites-kawasaki-kx-450f-06-15-klx-450r-08-21-kfx-450r-08-14-kulso-oem-11061-0259\/","title":{"rendered":"PROX  KUPLUNGFED\u00c9L T\u00d6M\u00cdT\u00c9S KAWASAKI KX 450F &#8217;06-&#8217;15, KLX 450R &#8217;08-&#8217;21, KFX 450R &#8217;08-&#8217;14 (K\u00dcLS\u0150) (OEM: 11061-0259)"},"content":{"rendered":"<p>PROX  KUPLUNGFED\u00c9L T\u00d6M\u00cdT\u00c9S KAWASAKI KX 450F &#8217;06-&#8217;15, KLX 450R &#8217;08-&#8217;21, KFX 450R &#8217;08-&#8217;14 (K\u00dcLS\u0150) (OEM: 11061-0259)<\/p>\n<p>EAN: <\/p>\n<p>SKU: 19.G4406<\/p>\n","protected":false},"excerpt":{"rendered":"<p>PROX  KUPLUNGFED\u00c9L T\u00d6M\u00cdT\u00c9S KAWASAKI KX 450F &#8217;06-&#8217;15, KLX 450R &#8217;08-&#8217;21, KFX 450R &#8217;08-&#8217;14 (K\u00dcLS\u0150) (OEM: 11061-0259)<\/p>\n","protected":false},"featured_media":108669,"comment_status":"closed","ping_status":"open","template":"","meta":{"_monsterinsights_skip_tracking":false,"_monsterinsights_sitenote_active":false,"_monsterinsights_sitenote_note":"","_monsterinsights_sitenote_category":0},"product_cat":[248,823,153,247],"product_tag":[],"class_list":{"0":"post-108677","1":"product","2":"type-product","3":"status-publish","4":"has-post-thumbnail","6":"product_cat-egyszeri-tomitesek","7":"product_cat-kuplungfedel-tomites","8":"product_cat-motor","9":"product_cat-tomitesek-es-tomitoanyagok","10":"pa_marka-prox","12":"first","13":"instock","14":"taxable","15":"shipping-taxable","16":"purchasable","17":"product-type-simple"},"yoast_head":"<!-- This site is optimized with the Yoast SEO Premium plugin v22.6 (Yoast SEO v22.6) - https:\/\/yoast.com\/wordpress\/plugins\/seo\/ -->\n<title>PROX KUPLUNGFED\u00c9L T\u00d6M\u00cdT\u00c9S KAWASAKI KX 450F &#039;06-&#039;15, KLX 450R &#039;08-&#039;21, KFX 450R &#039;08-&#039;14 (K\u00dcLS\u0150) (OEM: 11061-0259) - V3 ATV-PARTS.HU<\/title>\n<meta name=\"robots\" content=\"index, follow, max-snippet:-1, max-image-preview:large, max-video-preview:-1\" \/>\n<link rel=\"canonical\" href=\"https:\/\/v3.atv-parts.hu\/index.php\/termek\/prox-kuplungfedel-tomites-kawasaki-kx-450f-06-15-klx-450r-08-21-kfx-450r-08-14-kulso-oem-11061-0259\/\" \/>\n<meta property=\"og:locale\" content=\"hu_HU\" \/>\n<meta property=\"og:type\" content=\"article\" \/>\n<meta property=\"og:title\" content=\"PROX KUPLUNGFED\u00c9L T\u00d6M\u00cdT\u00c9S KAWASAKI KX 450F &#039;06-&#039;15, KLX 450R &#039;08-&#039;21, KFX 450R &#039;08-&#039;14 (K\u00dcLS\u0150) (OEM: 11061-0259)\" \/>\n<meta property=\"og:description\" content=\"PROX KUPLUNGFED\u00c9L T\u00d6M\u00cdT\u00c9S KAWASAKI KX 450F &#039;06-&#039;15, KLX 450R &#039;08-&#039;21, KFX 450R &#039;08-&#039;14 (K\u00dcLS\u0150) (OEM: 11061-0259)\" \/>\n<meta property=\"og:url\" content=\"https:\/\/v3.atv-parts.hu\/index.php\/termek\/prox-kuplungfedel-tomites-kawasaki-kx-450f-06-15-klx-450r-08-21-kfx-450r-08-14-kulso-oem-11061-0259\/\" \/>\n<meta property=\"og:site_name\" content=\"V3 ATV-PARTS.HU\" \/>\n<meta property=\"article:publisher\" content=\"https:\/\/www.facebook.com\/atvpartsHU\" \/>\n<meta property=\"article:modified_time\" content=\"2024-05-03T15:13:42+00:00\" \/>\n<meta property=\"og:image\" content=\"https:\/\/v3.atv-parts.hu\/wp-content\/uploads\/2024\/04\/prox-2022-12-uszczelka-pokrywy-sprzegla-kawasaki-k.jpg\" \/>\n\t<meta property=\"og:image:width\" content=\"986\" \/>\n\t<meta property=\"og:image:height\" content=\"800\" \/>\n\t<meta property=\"og:image:type\" content=\"image\/jpeg\" \/>\n<meta name=\"twitter:card\" content=\"summary_large_image\" \/>\n<meta name=\"twitter:label1\" content=\"\u00c1r\" \/>\n\t<meta name=\"twitter:data1\" content=\"5173,98&nbsp;&#70;&#116; \u00c1F\u00c1-val\" \/>\n\t<meta name=\"twitter:label2\" content=\"El\u00e9rhet\u0151s\u00e9g\" \/>\n\t<meta name=\"twitter:data2\" content=\"K\u00e9szleten\" \/>\n<script type=\"application\/ld+json\" class=\"yoast-schema-graph\">{\"@context\":\"https:\/\/schema.org\",\"@graph\":[{\"@type\":\"WebPage\",\"@id\":\"https:\/\/v3.atv-parts.hu\/index.php\/termek\/prox-kuplungfedel-tomites-kawasaki-kx-450f-06-15-klx-450r-08-21-kfx-450r-08-14-kulso-oem-11061-0259\/\",\"url\":\"https:\/\/v3.atv-parts.hu\/index.php\/termek\/prox-kuplungfedel-tomites-kawasaki-kx-450f-06-15-klx-450r-08-21-kfx-450r-08-14-kulso-oem-11061-0259\/\",\"name\":\"PROX KUPLUNGFED\u00c9L T\u00d6M\u00cdT\u00c9S KAWASAKI KX 450F '06-'15, KLX 450R '08-'21, KFX 450R '08-'14 (K\u00dcLS\u0150) (OEM: 11061-0259) - V3 ATV-PARTS.HU\",\"isPartOf\":{\"@id\":\"https:\/\/v3.atv-parts.hu\/#website\"},\"primaryImageOfPage\":{\"@id\":\"https:\/\/v3.atv-parts.hu\/index.php\/termek\/prox-kuplungfedel-tomites-kawasaki-kx-450f-06-15-klx-450r-08-21-kfx-450r-08-14-kulso-oem-11061-0259\/#primaryimage\"},\"image\":{\"@id\":\"https:\/\/v3.atv-parts.hu\/index.php\/termek\/prox-kuplungfedel-tomites-kawasaki-kx-450f-06-15-klx-450r-08-21-kfx-450r-08-14-kulso-oem-11061-0259\/#primaryimage\"},\"thumbnailUrl\":\"https:\/\/v3.atv-parts.hu\/wp-content\/uploads\/2024\/04\/prox-2022-12-uszczelka-pokrywy-sprzegla-kawasaki-k.jpg\",\"datePublished\":\"2024-04-03T20:10:03+00:00\",\"dateModified\":\"2024-05-03T15:13:42+00:00\",\"breadcrumb\":{\"@id\":\"https:\/\/v3.atv-parts.hu\/index.php\/termek\/prox-kuplungfedel-tomites-kawasaki-kx-450f-06-15-klx-450r-08-21-kfx-450r-08-14-kulso-oem-11061-0259\/#breadcrumb\"},\"inLanguage\":\"hu\",\"potentialAction\":[{\"@type\":\"ReadAction\",\"target\":[\"https:\/\/v3.atv-parts.hu\/index.php\/termek\/prox-kuplungfedel-tomites-kawasaki-kx-450f-06-15-klx-450r-08-21-kfx-450r-08-14-kulso-oem-11061-0259\/\"]}]},{\"@type\":\"ImageObject\",\"inLanguage\":\"hu\",\"@id\":\"https:\/\/v3.atv-parts.hu\/index.php\/termek\/prox-kuplungfedel-tomites-kawasaki-kx-450f-06-15-klx-450r-08-21-kfx-450r-08-14-kulso-oem-11061-0259\/#primaryimage\",\"url\":\"https:\/\/v3.atv-parts.hu\/wp-content\/uploads\/2024\/04\/prox-2022-12-uszczelka-pokrywy-sprzegla-kawasaki-k.jpg\",\"contentUrl\":\"https:\/\/v3.atv-parts.hu\/wp-content\/uploads\/2024\/04\/prox-2022-12-uszczelka-pokrywy-sprzegla-kawasaki-k.jpg\",\"width\":986,\"height\":800},{\"@type\":\"BreadcrumbList\",\"@id\":\"https:\/\/v3.atv-parts.hu\/index.php\/termek\/prox-kuplungfedel-tomites-kawasaki-kx-450f-06-15-klx-450r-08-21-kfx-450r-08-14-kulso-oem-11061-0259\/#breadcrumb\",\"itemListElement\":[{\"@type\":\"ListItem\",\"position\":1,\"name\":\"Kezd\u0151lap\",\"item\":\"https:\/\/v3.atv-parts.hu\/\"},{\"@type\":\"ListItem\",\"position\":2,\"name\":\"Bolt\",\"item\":\"https:\/\/v3.atv-parts.hu\/index.php\/bolt\/\"},{\"@type\":\"ListItem\",\"position\":3,\"name\":\"PROX KUPLUNGFED\u00c9L T\u00d6M\u00cdT\u00c9S KAWASAKI KX 450F &#8217;06-&#8217;15, KLX 450R &#8217;08-&#8217;21, KFX 450R &#8217;08-&#8217;14 (K\u00dcLS\u0150) (OEM: 11061-0259)\"}]},{\"@type\":\"WebSite\",\"@id\":\"https:\/\/v3.atv-parts.hu\/#website\",\"url\":\"https:\/\/v3.atv-parts.hu\/\",\"name\":\"V3 ATV-PARTS.HU\",\"description\":\"\",\"publisher\":{\"@id\":\"https:\/\/v3.atv-parts.hu\/#organization\"},\"potentialAction\":[{\"@type\":\"SearchAction\",\"target\":{\"@type\":\"EntryPoint\",\"urlTemplate\":\"https:\/\/v3.atv-parts.hu\/?s={search_term_string}\"},\"query-input\":\"required name=search_term_string\"}],\"inLanguage\":\"hu\"},{\"@type\":\"Organization\",\"@id\":\"https:\/\/v3.atv-parts.hu\/#organization\",\"name\":\"V3 ATV-PARTS.HU\",\"url\":\"https:\/\/v3.atv-parts.hu\/\",\"logo\":{\"@type\":\"ImageObject\",\"inLanguage\":\"hu\",\"@id\":\"https:\/\/v3.atv-parts.hu\/#\/schema\/logo\/image\/\",\"url\":\"https:\/\/v3.atv-parts.hu\/wp-content\/uploads\/2021\/02\/cropped-cropped-atvlogo-1-1-1.png\",\"contentUrl\":\"https:\/\/v3.atv-parts.hu\/wp-content\/uploads\/2021\/02\/cropped-cropped-atvlogo-1-1-1.png\",\"width\":267,\"height\":160,\"caption\":\"V3 ATV-PARTS.HU\"},\"image\":{\"@id\":\"https:\/\/v3.atv-parts.hu\/#\/schema\/logo\/image\/\"},\"sameAs\":[\"https:\/\/www.facebook.com\/atvpartsHU\"]}]}<\/script>\n<meta property=\"product:price:amount\" content=\"5173.98\" \/>\n<meta property=\"product:price:currency\" content=\"HUF\" \/>\n<meta property=\"og:availability\" content=\"instock\" \/>\n<meta property=\"product:availability\" content=\"instock\" \/>\n<meta property=\"product:retailer_item_id\" content=\"19.G4406\" \/>\n<meta property=\"product:condition\" content=\"new\" \/>\n<!-- \/ Yoast SEO Premium plugin. -->","yoast_head_json":{"title":"PROX KUPLUNGFED\u00c9L T\u00d6M\u00cdT\u00c9S KAWASAKI KX 450F '06-'15, KLX 450R '08-'21, KFX 450R '08-'14 (K\u00dcLS\u0150) (OEM: 11061-0259) - V3 ATV-PARTS.HU","robots":{"index":"index","follow":"follow","max-snippet":"max-snippet:-1","max-image-preview":"max-image-preview:large","max-video-preview":"max-video-preview:-1"},"canonical":"https:\/\/v3.atv-parts.hu\/index.php\/termek\/prox-kuplungfedel-tomites-kawasaki-kx-450f-06-15-klx-450r-08-21-kfx-450r-08-14-kulso-oem-11061-0259\/","og_locale":"hu_HU","og_type":"article","og_title":"PROX KUPLUNGFED\u00c9L T\u00d6M\u00cdT\u00c9S KAWASAKI KX 450F '06-'15, KLX 450R '08-'21, KFX 450R '08-'14 (K\u00dcLS\u0150) (OEM: 11061-0259)","og_description":"PROX KUPLUNGFED\u00c9L T\u00d6M\u00cdT\u00c9S KAWASAKI KX 450F '06-'15, KLX 450R '08-'21, KFX 450R '08-'14 (K\u00dcLS\u0150) (OEM: 11061-0259)","og_url":"https:\/\/v3.atv-parts.hu\/index.php\/termek\/prox-kuplungfedel-tomites-kawasaki-kx-450f-06-15-klx-450r-08-21-kfx-450r-08-14-kulso-oem-11061-0259\/","og_site_name":"V3 ATV-PARTS.HU","article_publisher":"https:\/\/www.facebook.com\/atvpartsHU","article_modified_time":"2024-05-03T15:13:42+00:00","og_image":[{"width":986,"height":800,"url":"https:\/\/v3.atv-parts.hu\/wp-content\/uploads\/2024\/04\/prox-2022-12-uszczelka-pokrywy-sprzegla-kawasaki-k.jpg","type":"image\/jpeg"}],"twitter_card":"summary_large_image","twitter_misc":{"\u00c1r":"5173,98&nbsp;&#70;&#116; \u00c1F\u00c1-val","El\u00e9rhet\u0151s\u00e9g":"K\u00e9szleten"},"schema":{"@context":"https:\/\/schema.org","@graph":[{"@type":"WebPage","@id":"https:\/\/v3.atv-parts.hu\/index.php\/termek\/prox-kuplungfedel-tomites-kawasaki-kx-450f-06-15-klx-450r-08-21-kfx-450r-08-14-kulso-oem-11061-0259\/","url":"https:\/\/v3.atv-parts.hu\/index.php\/termek\/prox-kuplungfedel-tomites-kawasaki-kx-450f-06-15-klx-450r-08-21-kfx-450r-08-14-kulso-oem-11061-0259\/","name":"PROX KUPLUNGFED\u00c9L T\u00d6M\u00cdT\u00c9S KAWASAKI KX 450F '06-'15, KLX 450R '08-'21, KFX 450R '08-'14 (K\u00dcLS\u0150) (OEM: 11061-0259) - V3 ATV-PARTS.HU","isPartOf":{"@id":"https:\/\/v3.atv-parts.hu\/#website"},"primaryImageOfPage":{"@id":"https:\/\/v3.atv-parts.hu\/index.php\/termek\/prox-kuplungfedel-tomites-kawasaki-kx-450f-06-15-klx-450r-08-21-kfx-450r-08-14-kulso-oem-11061-0259\/#primaryimage"},"image":{"@id":"https:\/\/v3.atv-parts.hu\/index.php\/termek\/prox-kuplungfedel-tomites-kawasaki-kx-450f-06-15-klx-450r-08-21-kfx-450r-08-14-kulso-oem-11061-0259\/#primaryimage"},"thumbnailUrl":"https:\/\/v3.atv-parts.hu\/wp-content\/uploads\/2024\/04\/prox-2022-12-uszczelka-pokrywy-sprzegla-kawasaki-k.jpg","datePublished":"2024-04-03T20:10:03+00:00","dateModified":"2024-05-03T15:13:42+00:00","breadcrumb":{"@id":"https:\/\/v3.atv-parts.hu\/index.php\/termek\/prox-kuplungfedel-tomites-kawasaki-kx-450f-06-15-klx-450r-08-21-kfx-450r-08-14-kulso-oem-11061-0259\/#breadcrumb"},"inLanguage":"hu","potentialAction":[{"@type":"ReadAction","target":["https:\/\/v3.atv-parts.hu\/index.php\/termek\/prox-kuplungfedel-tomites-kawasaki-kx-450f-06-15-klx-450r-08-21-kfx-450r-08-14-kulso-oem-11061-0259\/"]}]},{"@type":"ImageObject","inLanguage":"hu","@id":"https:\/\/v3.atv-parts.hu\/index.php\/termek\/prox-kuplungfedel-tomites-kawasaki-kx-450f-06-15-klx-450r-08-21-kfx-450r-08-14-kulso-oem-11061-0259\/#primaryimage","url":"https:\/\/v3.atv-parts.hu\/wp-content\/uploads\/2024\/04\/prox-2022-12-uszczelka-pokrywy-sprzegla-kawasaki-k.jpg","contentUrl":"https:\/\/v3.atv-parts.hu\/wp-content\/uploads\/2024\/04\/prox-2022-12-uszczelka-pokrywy-sprzegla-kawasaki-k.jpg","width":986,"height":800},{"@type":"BreadcrumbList","@id":"https:\/\/v3.atv-parts.hu\/index.php\/termek\/prox-kuplungfedel-tomites-kawasaki-kx-450f-06-15-klx-450r-08-21-kfx-450r-08-14-kulso-oem-11061-0259\/#breadcrumb","itemListElement":[{"@type":"ListItem","position":1,"name":"Kezd\u0151lap","item":"https:\/\/v3.atv-parts.hu\/"},{"@type":"ListItem","position":2,"name":"Bolt","item":"https:\/\/v3.atv-parts.hu\/index.php\/bolt\/"},{"@type":"ListItem","position":3,"name":"PROX KUPLUNGFED\u00c9L T\u00d6M\u00cdT\u00c9S KAWASAKI KX 450F &#8217;06-&#8217;15, KLX 450R &#8217;08-&#8217;21, KFX 450R &#8217;08-&#8217;14 (K\u00dcLS\u0150) (OEM: 11061-0259)"}]},{"@type":"WebSite","@id":"https:\/\/v3.atv-parts.hu\/#website","url":"https:\/\/v3.atv-parts.hu\/","name":"V3 ATV-PARTS.HU","description":"","publisher":{"@id":"https:\/\/v3.atv-parts.hu\/#organization"},"potentialAction":[{"@type":"SearchAction","target":{"@type":"EntryPoint","urlTemplate":"https:\/\/v3.atv-parts.hu\/?s={search_term_string}"},"query-input":"required name=search_term_string"}],"inLanguage":"hu"},{"@type":"Organization","@id":"https:\/\/v3.atv-parts.hu\/#organization","name":"V3 ATV-PARTS.HU","url":"https:\/\/v3.atv-parts.hu\/","logo":{"@type":"ImageObject","inLanguage":"hu","@id":"https:\/\/v3.atv-parts.hu\/#\/schema\/logo\/image\/","url":"https:\/\/v3.atv-parts.hu\/wp-content\/uploads\/2021\/02\/cropped-cropped-atvlogo-1-1-1.png","contentUrl":"https:\/\/v3.atv-parts.hu\/wp-content\/uploads\/2021\/02\/cropped-cropped-atvlogo-1-1-1.png","width":267,"height":160,"caption":"V3 ATV-PARTS.HU"},"image":{"@id":"https:\/\/v3.atv-parts.hu\/#\/schema\/logo\/image\/"},"sameAs":["https:\/\/www.facebook.com\/atvpartsHU"]}]},"product_price_amount":"5173.98","product_price_currency":"HUF","og_availability":"instock","product_availability":"instock","product_retailer_item_id":"19.G4406","product_condition":"new"},"_links":{"self":[{"href":"https:\/\/v3.atv-parts.hu\/index.php\/wp-json\/wp\/v2\/product\/108677","targetHints":{"allow":["GET"]}}],"collection":[{"href":"https:\/\/v3.atv-parts.hu\/index.php\/wp-json\/wp\/v2\/product"}],"about":[{"href":"https:\/\/v3.atv-parts.hu\/index.php\/wp-json\/wp\/v2\/types\/product"}],"replies":[{"embeddable":true,"href":"https:\/\/v3.atv-parts.hu\/index.php\/wp-json\/wp\/v2\/comments?post=108677"}],"wp:featuredmedia":[{"embeddable":true,"href":"https:\/\/v3.atv-parts.hu\/index.php\/wp-json\/wp\/v2\/media\/108669"}],"wp:attachment":[{"href":"https:\/\/v3.atv-parts.hu\/index.php\/wp-json\/wp\/v2\/media?parent=108677"}],"wp:term":[{"taxonomy":"product_cat","embeddable":true,"href":"https:\/\/v3.atv-parts.hu\/index.php\/wp-json\/wp\/v2\/product_cat?post=108677"},{"taxonomy":"product_tag","embeddable":true,"href":"https:\/\/v3.atv-parts.hu\/index.php\/wp-json\/wp\/v2\/product_tag?post=108677"}],"curies":[{"name":"wp","href":"https:\/\/api.w.org\/{rel}","templated":true}]}}