{"id":109975,"date":"2024-04-03T22:44:37","date_gmt":"2024-04-03T20:44:37","guid":{"rendered":"https:\/\/v3.atv-parts.hu\/index.php\/termek\/renthal-kormany-1-1-8-inch-28-6mm-mx-fatbar-kormany-narancssarga-ktm-sx-85-2013-a-parnazott-szin-narancssarga-szivaccsal\/"},"modified":"2024-08-22T08:04:19","modified_gmt":"2024-08-22T06:04:19","slug":"renthal-kormany-1-1-8-inch-28-6mm-mx-fatbar-kormany-narancssarga-ktm-sx-85-2013-a-parnazott-szin-narancssarga-szivaccsal","status":"publish","type":"product","link":"https:\/\/v3.atv-parts.hu\/index.php\/termek\/renthal-kormany-1-1-8-inch-28-6mm-mx-fatbar-kormany-narancssarga-ktm-sx-85-2013-a-parnazott-szin-narancssarga-szivaccsal\/","title":{"rendered":"RENTHAL  KORM\u00c1NY 1.1\/8 INCH (28.6MM) MX FATBAR KORM\u00c1NY NARANCSS\u00c1RGA KTM SX 85 2013 A P\u00c1RN\u00c1ZOTT SZ\u00cdN NARANCSS\u00c1RGA SZIVACCSAL"},"content":{"rendered":"<p>RENTHAL  KORM\u00c1NY 1.1\/8 INCH (28.6MM) MX FATBAR KORM\u00c1NY NARANCSS\u00c1RGA KTM SX 85 2013 A P\u00c1RN\u00c1ZOTT SZ\u00cdN NARANCSS\u00c1RGA SZIVACCSAL<\/p>\n<p>EAN: 5026190147719<\/p>\n<p>SKU: 831-01-OR<\/p>\n","protected":false},"excerpt":{"rendered":"<p>RENTHAL  KORM\u00c1NY 1.1\/8 INCH (28.6MM) MX FATBAR KORM\u00c1NY NARANCSS\u00c1RGA KTM SX 85 2013 A P\u00c1RN\u00c1ZOTT SZ\u00cdN NARANCSS\u00c1RGA SZIVACCSAL<\/p>\n","protected":false},"featured_media":14698,"comment_status":"closed","ping_status":"open","template":"","meta":{"_monsterinsights_skip_tracking":false,"_monsterinsights_sitenote_active":false,"_monsterinsights_sitenote_note":"","_monsterinsights_sitenote_category":0},"product_cat":[573,572,270,381],"product_tag":[],"class_list":{"0":"post-109975","1":"product","2":"type-product","3":"status-publish","4":"has-post-thumbnail","6":"product_cat-28mm","7":"product_cat-aluminium-kormany","8":"product_cat-karosszeria","9":"product_cat-kormany-es-tartozekok","10":"pa_marka-renthal","12":"first","13":"instock","14":"taxable","15":"shipping-taxable","16":"purchasable","17":"product-type-simple"},"yoast_head":"<!-- This site is optimized with the Yoast SEO Premium plugin v22.6 (Yoast SEO v22.6) - https:\/\/yoast.com\/wordpress\/plugins\/seo\/ -->\n<title>RENTHAL KORM\u00c1NY 1.1\/8 INCH (28.6MM) MX FATBAR KORM\u00c1NY NARANCSS\u00c1RGA KTM SX 85 2013 A P\u00c1RN\u00c1ZOTT SZ\u00cdN NARANCSS\u00c1RGA SZIVACCSAL - V3 ATV-PARTS.HU<\/title>\n<meta name=\"robots\" content=\"index, follow, max-snippet:-1, max-image-preview:large, max-video-preview:-1\" \/>\n<link rel=\"canonical\" href=\"https:\/\/v3.atv-parts.hu\/index.php\/termek\/renthal-kormany-1-1-8-inch-28-6mm-mx-fatbar-kormany-narancssarga-ktm-sx-85-2013-a-parnazott-szin-narancssarga-szivaccsal\/\" \/>\n<meta property=\"og:locale\" content=\"hu_HU\" \/>\n<meta property=\"og:type\" content=\"article\" \/>\n<meta property=\"og:title\" content=\"RENTHAL KORM\u00c1NY 1.1\/8 INCH (28.6MM) MX FATBAR KORM\u00c1NY NARANCSS\u00c1RGA KTM SX 85 2013 A P\u00c1RN\u00c1ZOTT SZ\u00cdN NARANCSS\u00c1RGA SZIVACCSAL\" \/>\n<meta property=\"og:description\" content=\"RENTHAL KORM\u00c1NY 1.1\/8 INCH (28.6MM) MX FATBAR KORM\u00c1NY NARANCSS\u00c1RGA KTM SX 85 2013 A P\u00c1RN\u00c1ZOTT SZ\u00cdN NARANCSS\u00c1RGA SZIVACCSAL\" \/>\n<meta property=\"og:url\" content=\"https:\/\/v3.atv-parts.hu\/index.php\/termek\/renthal-kormany-1-1-8-inch-28-6mm-mx-fatbar-kormany-narancssarga-ktm-sx-85-2013-a-parnazott-szin-narancssarga-szivaccsal\/\" \/>\n<meta property=\"og:site_name\" content=\"V3 ATV-PARTS.HU\" \/>\n<meta property=\"article:publisher\" content=\"https:\/\/www.facebook.com\/atvpartsHU\" \/>\n<meta property=\"article:modified_time\" content=\"2024-08-22T06:04:19+00:00\" \/>\n<meta property=\"og:image\" content=\"https:\/\/v3.atv-parts.hu\/wp-content\/uploads\/2024\/03\/renthal-kierownica-1-1-8-cala-28-6mm-mx-fatbar-h.jpg\" \/>\n\t<meta property=\"og:image:width\" content=\"1200\" \/>\n\t<meta property=\"og:image:height\" content=\"1200\" \/>\n\t<meta property=\"og:image:type\" content=\"image\/jpeg\" \/>\n<meta name=\"twitter:card\" content=\"summary_large_image\" \/>\n<meta name=\"twitter:label1\" content=\"\u00c1r\" \/>\n\t<meta name=\"twitter:data1\" content=\"52707,54&nbsp;&#70;&#116; \u00c1F\u00c1-val\" \/>\n\t<meta name=\"twitter:label2\" content=\"El\u00e9rhet\u0151s\u00e9g\" \/>\n\t<meta name=\"twitter:data2\" content=\"K\u00e9szleten\" \/>\n<script type=\"application\/ld+json\" class=\"yoast-schema-graph\">{\"@context\":\"https:\/\/schema.org\",\"@graph\":[{\"@type\":\"WebPage\",\"@id\":\"https:\/\/v3.atv-parts.hu\/index.php\/termek\/renthal-kormany-1-1-8-inch-28-6mm-mx-fatbar-kormany-narancssarga-ktm-sx-85-2013-a-parnazott-szin-narancssarga-szivaccsal\/\",\"url\":\"https:\/\/v3.atv-parts.hu\/index.php\/termek\/renthal-kormany-1-1-8-inch-28-6mm-mx-fatbar-kormany-narancssarga-ktm-sx-85-2013-a-parnazott-szin-narancssarga-szivaccsal\/\",\"name\":\"RENTHAL KORM\u00c1NY 1.1\/8 INCH (28.6MM) MX FATBAR KORM\u00c1NY NARANCSS\u00c1RGA KTM SX 85 2013 A P\u00c1RN\u00c1ZOTT SZ\u00cdN NARANCSS\u00c1RGA SZIVACCSAL - V3 ATV-PARTS.HU\",\"isPartOf\":{\"@id\":\"https:\/\/v3.atv-parts.hu\/#website\"},\"primaryImageOfPage\":{\"@id\":\"https:\/\/v3.atv-parts.hu\/index.php\/termek\/renthal-kormany-1-1-8-inch-28-6mm-mx-fatbar-kormany-narancssarga-ktm-sx-85-2013-a-parnazott-szin-narancssarga-szivaccsal\/#primaryimage\"},\"image\":{\"@id\":\"https:\/\/v3.atv-parts.hu\/index.php\/termek\/renthal-kormany-1-1-8-inch-28-6mm-mx-fatbar-kormany-narancssarga-ktm-sx-85-2013-a-parnazott-szin-narancssarga-szivaccsal\/#primaryimage\"},\"thumbnailUrl\":\"https:\/\/v3.atv-parts.hu\/wp-content\/uploads\/2024\/03\/renthal-kierownica-1-1-8-cala-28-6mm-mx-fatbar-h.jpg\",\"datePublished\":\"2024-04-03T20:44:37+00:00\",\"dateModified\":\"2024-08-22T06:04:19+00:00\",\"breadcrumb\":{\"@id\":\"https:\/\/v3.atv-parts.hu\/index.php\/termek\/renthal-kormany-1-1-8-inch-28-6mm-mx-fatbar-kormany-narancssarga-ktm-sx-85-2013-a-parnazott-szin-narancssarga-szivaccsal\/#breadcrumb\"},\"inLanguage\":\"hu\",\"potentialAction\":[{\"@type\":\"ReadAction\",\"target\":[\"https:\/\/v3.atv-parts.hu\/index.php\/termek\/renthal-kormany-1-1-8-inch-28-6mm-mx-fatbar-kormany-narancssarga-ktm-sx-85-2013-a-parnazott-szin-narancssarga-szivaccsal\/\"]}]},{\"@type\":\"ImageObject\",\"inLanguage\":\"hu\",\"@id\":\"https:\/\/v3.atv-parts.hu\/index.php\/termek\/renthal-kormany-1-1-8-inch-28-6mm-mx-fatbar-kormany-narancssarga-ktm-sx-85-2013-a-parnazott-szin-narancssarga-szivaccsal\/#primaryimage\",\"url\":\"https:\/\/v3.atv-parts.hu\/wp-content\/uploads\/2024\/03\/renthal-kierownica-1-1-8-cala-28-6mm-mx-fatbar-h.jpg\",\"contentUrl\":\"https:\/\/v3.atv-parts.hu\/wp-content\/uploads\/2024\/03\/renthal-kierownica-1-1-8-cala-28-6mm-mx-fatbar-h.jpg\",\"width\":1200,\"height\":1200},{\"@type\":\"BreadcrumbList\",\"@id\":\"https:\/\/v3.atv-parts.hu\/index.php\/termek\/renthal-kormany-1-1-8-inch-28-6mm-mx-fatbar-kormany-narancssarga-ktm-sx-85-2013-a-parnazott-szin-narancssarga-szivaccsal\/#breadcrumb\",\"itemListElement\":[{\"@type\":\"ListItem\",\"position\":1,\"name\":\"Kezd\u0151lap\",\"item\":\"https:\/\/v3.atv-parts.hu\/\"},{\"@type\":\"ListItem\",\"position\":2,\"name\":\"Bolt\",\"item\":\"https:\/\/v3.atv-parts.hu\/index.php\/bolt\/\"},{\"@type\":\"ListItem\",\"position\":3,\"name\":\"RENTHAL KORM\u00c1NY 1.1\/8 INCH (28.6MM) MX FATBAR KORM\u00c1NY NARANCSS\u00c1RGA KTM SX 85 2013 A P\u00c1RN\u00c1ZOTT SZ\u00cdN NARANCSS\u00c1RGA SZIVACCSAL\"}]},{\"@type\":\"WebSite\",\"@id\":\"https:\/\/v3.atv-parts.hu\/#website\",\"url\":\"https:\/\/v3.atv-parts.hu\/\",\"name\":\"V3 ATV-PARTS.HU\",\"description\":\"\",\"publisher\":{\"@id\":\"https:\/\/v3.atv-parts.hu\/#organization\"},\"potentialAction\":[{\"@type\":\"SearchAction\",\"target\":{\"@type\":\"EntryPoint\",\"urlTemplate\":\"https:\/\/v3.atv-parts.hu\/?s={search_term_string}\"},\"query-input\":\"required name=search_term_string\"}],\"inLanguage\":\"hu\"},{\"@type\":\"Organization\",\"@id\":\"https:\/\/v3.atv-parts.hu\/#organization\",\"name\":\"V3 ATV-PARTS.HU\",\"url\":\"https:\/\/v3.atv-parts.hu\/\",\"logo\":{\"@type\":\"ImageObject\",\"inLanguage\":\"hu\",\"@id\":\"https:\/\/v3.atv-parts.hu\/#\/schema\/logo\/image\/\",\"url\":\"https:\/\/v3.atv-parts.hu\/wp-content\/uploads\/2021\/02\/cropped-cropped-atvlogo-1-1-1.png\",\"contentUrl\":\"https:\/\/v3.atv-parts.hu\/wp-content\/uploads\/2021\/02\/cropped-cropped-atvlogo-1-1-1.png\",\"width\":267,\"height\":160,\"caption\":\"V3 ATV-PARTS.HU\"},\"image\":{\"@id\":\"https:\/\/v3.atv-parts.hu\/#\/schema\/logo\/image\/\"},\"sameAs\":[\"https:\/\/www.facebook.com\/atvpartsHU\"]}]}<\/script>\n<meta property=\"product:price:amount\" content=\"52707.54\" \/>\n<meta property=\"product:price:currency\" content=\"HUF\" \/>\n<meta property=\"og:availability\" content=\"instock\" \/>\n<meta property=\"product:availability\" content=\"instock\" \/>\n<meta property=\"product:retailer_item_id\" content=\"831-01-OR\" \/>\n<meta property=\"product:condition\" content=\"new\" \/>\n<!-- \/ Yoast SEO Premium plugin. -->","yoast_head_json":{"title":"RENTHAL KORM\u00c1NY 1.1\/8 INCH (28.6MM) MX FATBAR KORM\u00c1NY NARANCSS\u00c1RGA KTM SX 85 2013 A P\u00c1RN\u00c1ZOTT SZ\u00cdN NARANCSS\u00c1RGA SZIVACCSAL - V3 ATV-PARTS.HU","robots":{"index":"index","follow":"follow","max-snippet":"max-snippet:-1","max-image-preview":"max-image-preview:large","max-video-preview":"max-video-preview:-1"},"canonical":"https:\/\/v3.atv-parts.hu\/index.php\/termek\/renthal-kormany-1-1-8-inch-28-6mm-mx-fatbar-kormany-narancssarga-ktm-sx-85-2013-a-parnazott-szin-narancssarga-szivaccsal\/","og_locale":"hu_HU","og_type":"article","og_title":"RENTHAL KORM\u00c1NY 1.1\/8 INCH (28.6MM) MX FATBAR KORM\u00c1NY NARANCSS\u00c1RGA KTM SX 85 2013 A P\u00c1RN\u00c1ZOTT SZ\u00cdN NARANCSS\u00c1RGA SZIVACCSAL","og_description":"RENTHAL KORM\u00c1NY 1.1\/8 INCH (28.6MM) MX FATBAR KORM\u00c1NY NARANCSS\u00c1RGA KTM SX 85 2013 A P\u00c1RN\u00c1ZOTT SZ\u00cdN NARANCSS\u00c1RGA SZIVACCSAL","og_url":"https:\/\/v3.atv-parts.hu\/index.php\/termek\/renthal-kormany-1-1-8-inch-28-6mm-mx-fatbar-kormany-narancssarga-ktm-sx-85-2013-a-parnazott-szin-narancssarga-szivaccsal\/","og_site_name":"V3 ATV-PARTS.HU","article_publisher":"https:\/\/www.facebook.com\/atvpartsHU","article_modified_time":"2024-08-22T06:04:19+00:00","og_image":[{"width":1200,"height":1200,"url":"https:\/\/v3.atv-parts.hu\/wp-content\/uploads\/2024\/03\/renthal-kierownica-1-1-8-cala-28-6mm-mx-fatbar-h.jpg","type":"image\/jpeg"}],"twitter_card":"summary_large_image","twitter_misc":{"\u00c1r":"52707,54&nbsp;&#70;&#116; \u00c1F\u00c1-val","El\u00e9rhet\u0151s\u00e9g":"K\u00e9szleten"},"schema":{"@context":"https:\/\/schema.org","@graph":[{"@type":"WebPage","@id":"https:\/\/v3.atv-parts.hu\/index.php\/termek\/renthal-kormany-1-1-8-inch-28-6mm-mx-fatbar-kormany-narancssarga-ktm-sx-85-2013-a-parnazott-szin-narancssarga-szivaccsal\/","url":"https:\/\/v3.atv-parts.hu\/index.php\/termek\/renthal-kormany-1-1-8-inch-28-6mm-mx-fatbar-kormany-narancssarga-ktm-sx-85-2013-a-parnazott-szin-narancssarga-szivaccsal\/","name":"RENTHAL KORM\u00c1NY 1.1\/8 INCH (28.6MM) MX FATBAR KORM\u00c1NY NARANCSS\u00c1RGA KTM SX 85 2013 A P\u00c1RN\u00c1ZOTT SZ\u00cdN NARANCSS\u00c1RGA SZIVACCSAL - V3 ATV-PARTS.HU","isPartOf":{"@id":"https:\/\/v3.atv-parts.hu\/#website"},"primaryImageOfPage":{"@id":"https:\/\/v3.atv-parts.hu\/index.php\/termek\/renthal-kormany-1-1-8-inch-28-6mm-mx-fatbar-kormany-narancssarga-ktm-sx-85-2013-a-parnazott-szin-narancssarga-szivaccsal\/#primaryimage"},"image":{"@id":"https:\/\/v3.atv-parts.hu\/index.php\/termek\/renthal-kormany-1-1-8-inch-28-6mm-mx-fatbar-kormany-narancssarga-ktm-sx-85-2013-a-parnazott-szin-narancssarga-szivaccsal\/#primaryimage"},"thumbnailUrl":"https:\/\/v3.atv-parts.hu\/wp-content\/uploads\/2024\/03\/renthal-kierownica-1-1-8-cala-28-6mm-mx-fatbar-h.jpg","datePublished":"2024-04-03T20:44:37+00:00","dateModified":"2024-08-22T06:04:19+00:00","breadcrumb":{"@id":"https:\/\/v3.atv-parts.hu\/index.php\/termek\/renthal-kormany-1-1-8-inch-28-6mm-mx-fatbar-kormany-narancssarga-ktm-sx-85-2013-a-parnazott-szin-narancssarga-szivaccsal\/#breadcrumb"},"inLanguage":"hu","potentialAction":[{"@type":"ReadAction","target":["https:\/\/v3.atv-parts.hu\/index.php\/termek\/renthal-kormany-1-1-8-inch-28-6mm-mx-fatbar-kormany-narancssarga-ktm-sx-85-2013-a-parnazott-szin-narancssarga-szivaccsal\/"]}]},{"@type":"ImageObject","inLanguage":"hu","@id":"https:\/\/v3.atv-parts.hu\/index.php\/termek\/renthal-kormany-1-1-8-inch-28-6mm-mx-fatbar-kormany-narancssarga-ktm-sx-85-2013-a-parnazott-szin-narancssarga-szivaccsal\/#primaryimage","url":"https:\/\/v3.atv-parts.hu\/wp-content\/uploads\/2024\/03\/renthal-kierownica-1-1-8-cala-28-6mm-mx-fatbar-h.jpg","contentUrl":"https:\/\/v3.atv-parts.hu\/wp-content\/uploads\/2024\/03\/renthal-kierownica-1-1-8-cala-28-6mm-mx-fatbar-h.jpg","width":1200,"height":1200},{"@type":"BreadcrumbList","@id":"https:\/\/v3.atv-parts.hu\/index.php\/termek\/renthal-kormany-1-1-8-inch-28-6mm-mx-fatbar-kormany-narancssarga-ktm-sx-85-2013-a-parnazott-szin-narancssarga-szivaccsal\/#breadcrumb","itemListElement":[{"@type":"ListItem","position":1,"name":"Kezd\u0151lap","item":"https:\/\/v3.atv-parts.hu\/"},{"@type":"ListItem","position":2,"name":"Bolt","item":"https:\/\/v3.atv-parts.hu\/index.php\/bolt\/"},{"@type":"ListItem","position":3,"name":"RENTHAL KORM\u00c1NY 1.1\/8 INCH (28.6MM) MX FATBAR KORM\u00c1NY NARANCSS\u00c1RGA KTM SX 85 2013 A P\u00c1RN\u00c1ZOTT SZ\u00cdN NARANCSS\u00c1RGA SZIVACCSAL"}]},{"@type":"WebSite","@id":"https:\/\/v3.atv-parts.hu\/#website","url":"https:\/\/v3.atv-parts.hu\/","name":"V3 ATV-PARTS.HU","description":"","publisher":{"@id":"https:\/\/v3.atv-parts.hu\/#organization"},"potentialAction":[{"@type":"SearchAction","target":{"@type":"EntryPoint","urlTemplate":"https:\/\/v3.atv-parts.hu\/?s={search_term_string}"},"query-input":"required name=search_term_string"}],"inLanguage":"hu"},{"@type":"Organization","@id":"https:\/\/v3.atv-parts.hu\/#organization","name":"V3 ATV-PARTS.HU","url":"https:\/\/v3.atv-parts.hu\/","logo":{"@type":"ImageObject","inLanguage":"hu","@id":"https:\/\/v3.atv-parts.hu\/#\/schema\/logo\/image\/","url":"https:\/\/v3.atv-parts.hu\/wp-content\/uploads\/2021\/02\/cropped-cropped-atvlogo-1-1-1.png","contentUrl":"https:\/\/v3.atv-parts.hu\/wp-content\/uploads\/2021\/02\/cropped-cropped-atvlogo-1-1-1.png","width":267,"height":160,"caption":"V3 ATV-PARTS.HU"},"image":{"@id":"https:\/\/v3.atv-parts.hu\/#\/schema\/logo\/image\/"},"sameAs":["https:\/\/www.facebook.com\/atvpartsHU"]}]},"product_price_amount":"52707.54","product_price_currency":"HUF","og_availability":"instock","product_availability":"instock","product_retailer_item_id":"831-01-OR","product_condition":"new"},"_links":{"self":[{"href":"https:\/\/v3.atv-parts.hu\/index.php\/wp-json\/wp\/v2\/product\/109975","targetHints":{"allow":["GET"]}}],"collection":[{"href":"https:\/\/v3.atv-parts.hu\/index.php\/wp-json\/wp\/v2\/product"}],"about":[{"href":"https:\/\/v3.atv-parts.hu\/index.php\/wp-json\/wp\/v2\/types\/product"}],"replies":[{"embeddable":true,"href":"https:\/\/v3.atv-parts.hu\/index.php\/wp-json\/wp\/v2\/comments?post=109975"}],"wp:featuredmedia":[{"embeddable":true,"href":"https:\/\/v3.atv-parts.hu\/index.php\/wp-json\/wp\/v2\/media\/14698"}],"wp:attachment":[{"href":"https:\/\/v3.atv-parts.hu\/index.php\/wp-json\/wp\/v2\/media?parent=109975"}],"wp:term":[{"taxonomy":"product_cat","embeddable":true,"href":"https:\/\/v3.atv-parts.hu\/index.php\/wp-json\/wp\/v2\/product_cat?post=109975"},{"taxonomy":"product_tag","embeddable":true,"href":"https:\/\/v3.atv-parts.hu\/index.php\/wp-json\/wp\/v2\/product_tag?post=109975"}],"curies":[{"name":"wp","href":"https:\/\/api.w.org\/{rel}","templated":true}]}}