{"id":110290,"date":"2024-04-03T22:54:58","date_gmt":"2024-04-03T20:54:58","guid":{"rendered":"https:\/\/v3.atv-parts.hu\/index.php\/termek\/hot-rods-ktm-exc-250-300-tpi-17-23-sx250-300-23-gas-gas-ec-250-300-21-23-husqvarna-te-250-300-tei-17-23-tx-300-17-23-ktm-xc-xc-w-300-17-23-ktm-xc-xc-w-300-17-23\/"},"modified":"2024-05-03T17:17:49","modified_gmt":"2024-05-03T15:17:49","slug":"hot-rods-ktm-exc-250-300-tpi-17-23-sx250-300-23-gas-gas-ec-250-300-21-23-husqvarna-te-250-300-tei-17-23-tx-300-17-23-ktm-xc-xc-w-300-17-23-ktm-xc-xc-w-300-17-23","status":"publish","type":"product","link":"https:\/\/v3.atv-parts.hu\/index.php\/termek\/hot-rods-ktm-exc-250-300-tpi-17-23-sx250-300-23-gas-gas-ec-250-300-21-23-husqvarna-te-250-300-tei-17-23-tx-300-17-23-ktm-xc-xc-w-300-17-23-ktm-xc-xc-w-300-17-23\/","title":{"rendered":"HOT RODS  KTM EXC 250\/300 TPi &#8217;17-&#8217;23 SX250\/300 &#8217;23, GAS GAS EC 250\/300 &#8217;21-&#8217;23, HUSQVARNA TE 250\/300 TEi &#8217;17-&#8217;23, TX 300 &#8217;17-&#8217;23, KTM XC\/XC-W 300 &#8217;17-&#8217;23, KTM XC\/XC-W 300 &#8217;17-&#8217;23"},"content":{"rendered":"<p>HOT RODS  KTM EXC 250\/300 TPi &#8217;17-&#8217;23 SX250\/300 &#8217;23, GAS GAS EC 250\/300 &#8217;21-&#8217;23, HUSQVARNA TE 250\/300 TEi &#8217;17-&#8217;23, TX 300 &#8217;17-&#8217;23, KTM XC\/XC-W 300 &#8217;17-&#8217;23, KTM XC\/XC-W 300 &#8217;17-&#8217;23<\/p>\n<p>EAN: 8-HR00125<\/p>\n<p>SKU: HR00125<\/p>\n","protected":false},"excerpt":{"rendered":"<p>HOT RODS  KTM EXC 250\/300 TPi &#8217;17-&#8217;23 SX250\/300 &#8217;23, GAS GAS EC 250\/300 &#8217;21-&#8217;23, HUSQVARNA TE 250\/300 TEi &#8217;17-&#8217;23, TX 300 &#8217;17-&#8217;23, KTM XC\/XC-W 300 &#8217;17-&#8217;23, KTM XC\/XC-W 300 &#8217;17-&#8217;23<\/p>\n","protected":false},"featured_media":110291,"comment_status":"closed","ping_status":"open","template":"","meta":{"_monsterinsights_skip_tracking":false,"_monsterinsights_sitenote_active":false,"_monsterinsights_sitenote_note":"","_monsterinsights_sitenote_category":0},"product_cat":[251,252,153],"product_tag":[],"class_list":{"0":"post-110290","1":"product","2":"type-product","3":"status-publish","4":"has-post-thumbnail","6":"product_cat-fotengelyek","7":"product_cat-fotengelyek-standard","8":"product_cat-motor","9":"pa_marka-hot-rods","11":"first","12":"instock","13":"taxable","14":"shipping-taxable","15":"purchasable","16":"product-type-simple"},"yoast_head":"<!-- This site is optimized with the Yoast SEO Premium plugin v22.6 (Yoast SEO v22.6) - https:\/\/yoast.com\/wordpress\/plugins\/seo\/ -->\n<title>HOT RODS KTM EXC 250\/300 TPi &#039;17-&#039;23 SX250\/300 &#039;23, GAS GAS EC 250\/300 &#039;21-&#039;23, HUSQVARNA TE 250\/300 TEi &#039;17-&#039;23, TX 300 &#039;17-&#039;23, KTM XC\/XC-W 300 &#039;17-&#039;23, KTM XC\/XC-W 300 &#039;17-&#039;23 - V3 ATV-PARTS.HU<\/title>\n<meta name=\"robots\" content=\"index, follow, max-snippet:-1, max-image-preview:large, max-video-preview:-1\" \/>\n<link rel=\"canonical\" href=\"https:\/\/v3.atv-parts.hu\/index.php\/termek\/hot-rods-ktm-exc-250-300-tpi-17-23-sx250-300-23-gas-gas-ec-250-300-21-23-husqvarna-te-250-300-tei-17-23-tx-300-17-23-ktm-xc-xc-w-300-17-23-ktm-xc-xc-w-300-17-23\/\" \/>\n<meta property=\"og:locale\" content=\"hu_HU\" \/>\n<meta property=\"og:type\" content=\"article\" \/>\n<meta property=\"og:title\" content=\"HOT RODS KTM EXC 250\/300 TPi &#039;17-&#039;23 SX250\/300 &#039;23, GAS GAS EC 250\/300 &#039;21-&#039;23, HUSQVARNA TE 250\/300 TEi &#039;17-&#039;23, TX 300 &#039;17-&#039;23, KTM XC\/XC-W 300 &#039;17-&#039;23, KTM XC\/XC-W 300 &#039;17-&#039;23\" \/>\n<meta property=\"og:description\" content=\"HOT RODS KTM EXC 250\/300 TPi &#039;17-&#039;23 SX250\/300 &#039;23, GAS GAS EC 250\/300 &#039;21-&#039;23, HUSQVARNA TE 250\/300 TEi &#039;17-&#039;23, TX 300 &#039;17-&#039;23, KTM XC\/XC-W 300 &#039;17-&#039;23, KTM XC\/XC-W 300 &#039;17-&#039;23\" \/>\n<meta property=\"og:url\" content=\"https:\/\/v3.atv-parts.hu\/index.php\/termek\/hot-rods-ktm-exc-250-300-tpi-17-23-sx250-300-23-gas-gas-ec-250-300-21-23-husqvarna-te-250-300-tei-17-23-tx-300-17-23-ktm-xc-xc-w-300-17-23-ktm-xc-xc-w-300-17-23\/\" \/>\n<meta property=\"og:site_name\" content=\"V3 ATV-PARTS.HU\" \/>\n<meta property=\"article:publisher\" content=\"https:\/\/www.facebook.com\/atvpartsHU\" \/>\n<meta property=\"article:modified_time\" content=\"2024-05-03T15:17:49+00:00\" \/>\n<meta property=\"og:image\" content=\"https:\/\/v3.atv-parts.hu\/wp-content\/uploads\/2024\/04\/hot-rods-2023-01-wal-korbowy-te300-17-18-300-ex.jpg\" \/>\n\t<meta property=\"og:image:width\" content=\"800\" \/>\n\t<meta property=\"og:image:height\" content=\"800\" \/>\n\t<meta property=\"og:image:type\" content=\"image\/jpeg\" \/>\n<meta name=\"twitter:card\" content=\"summary_large_image\" \/>\n<meta name=\"twitter:label1\" content=\"\u00c1r\" \/>\n\t<meta name=\"twitter:data1\" content=\"174767,24&nbsp;&#70;&#116; \u00c1F\u00c1-val\" \/>\n\t<meta name=\"twitter:label2\" content=\"El\u00e9rhet\u0151s\u00e9g\" \/>\n\t<meta name=\"twitter:data2\" content=\"K\u00e9szleten\" \/>\n<script type=\"application\/ld+json\" class=\"yoast-schema-graph\">{\"@context\":\"https:\/\/schema.org\",\"@graph\":[{\"@type\":\"WebPage\",\"@id\":\"https:\/\/v3.atv-parts.hu\/index.php\/termek\/hot-rods-ktm-exc-250-300-tpi-17-23-sx250-300-23-gas-gas-ec-250-300-21-23-husqvarna-te-250-300-tei-17-23-tx-300-17-23-ktm-xc-xc-w-300-17-23-ktm-xc-xc-w-300-17-23\/\",\"url\":\"https:\/\/v3.atv-parts.hu\/index.php\/termek\/hot-rods-ktm-exc-250-300-tpi-17-23-sx250-300-23-gas-gas-ec-250-300-21-23-husqvarna-te-250-300-tei-17-23-tx-300-17-23-ktm-xc-xc-w-300-17-23-ktm-xc-xc-w-300-17-23\/\",\"name\":\"HOT RODS KTM EXC 250\/300 TPi '17-'23 SX250\/300 '23, GAS GAS EC 250\/300 '21-'23, HUSQVARNA TE 250\/300 TEi '17-'23, TX 300 '17-'23, KTM XC\/XC-W 300 '17-'23, KTM XC\/XC-W 300 '17-'23 - V3 ATV-PARTS.HU\",\"isPartOf\":{\"@id\":\"https:\/\/v3.atv-parts.hu\/#website\"},\"primaryImageOfPage\":{\"@id\":\"https:\/\/v3.atv-parts.hu\/index.php\/termek\/hot-rods-ktm-exc-250-300-tpi-17-23-sx250-300-23-gas-gas-ec-250-300-21-23-husqvarna-te-250-300-tei-17-23-tx-300-17-23-ktm-xc-xc-w-300-17-23-ktm-xc-xc-w-300-17-23\/#primaryimage\"},\"image\":{\"@id\":\"https:\/\/v3.atv-parts.hu\/index.php\/termek\/hot-rods-ktm-exc-250-300-tpi-17-23-sx250-300-23-gas-gas-ec-250-300-21-23-husqvarna-te-250-300-tei-17-23-tx-300-17-23-ktm-xc-xc-w-300-17-23-ktm-xc-xc-w-300-17-23\/#primaryimage\"},\"thumbnailUrl\":\"https:\/\/v3.atv-parts.hu\/wp-content\/uploads\/2024\/04\/hot-rods-2023-01-wal-korbowy-te300-17-18-300-ex.jpg\",\"datePublished\":\"2024-04-03T20:54:58+00:00\",\"dateModified\":\"2024-05-03T15:17:49+00:00\",\"breadcrumb\":{\"@id\":\"https:\/\/v3.atv-parts.hu\/index.php\/termek\/hot-rods-ktm-exc-250-300-tpi-17-23-sx250-300-23-gas-gas-ec-250-300-21-23-husqvarna-te-250-300-tei-17-23-tx-300-17-23-ktm-xc-xc-w-300-17-23-ktm-xc-xc-w-300-17-23\/#breadcrumb\"},\"inLanguage\":\"hu\",\"potentialAction\":[{\"@type\":\"ReadAction\",\"target\":[\"https:\/\/v3.atv-parts.hu\/index.php\/termek\/hot-rods-ktm-exc-250-300-tpi-17-23-sx250-300-23-gas-gas-ec-250-300-21-23-husqvarna-te-250-300-tei-17-23-tx-300-17-23-ktm-xc-xc-w-300-17-23-ktm-xc-xc-w-300-17-23\/\"]}]},{\"@type\":\"ImageObject\",\"inLanguage\":\"hu\",\"@id\":\"https:\/\/v3.atv-parts.hu\/index.php\/termek\/hot-rods-ktm-exc-250-300-tpi-17-23-sx250-300-23-gas-gas-ec-250-300-21-23-husqvarna-te-250-300-tei-17-23-tx-300-17-23-ktm-xc-xc-w-300-17-23-ktm-xc-xc-w-300-17-23\/#primaryimage\",\"url\":\"https:\/\/v3.atv-parts.hu\/wp-content\/uploads\/2024\/04\/hot-rods-2023-01-wal-korbowy-te300-17-18-300-ex.jpg\",\"contentUrl\":\"https:\/\/v3.atv-parts.hu\/wp-content\/uploads\/2024\/04\/hot-rods-2023-01-wal-korbowy-te300-17-18-300-ex.jpg\",\"width\":800,\"height\":800},{\"@type\":\"BreadcrumbList\",\"@id\":\"https:\/\/v3.atv-parts.hu\/index.php\/termek\/hot-rods-ktm-exc-250-300-tpi-17-23-sx250-300-23-gas-gas-ec-250-300-21-23-husqvarna-te-250-300-tei-17-23-tx-300-17-23-ktm-xc-xc-w-300-17-23-ktm-xc-xc-w-300-17-23\/#breadcrumb\",\"itemListElement\":[{\"@type\":\"ListItem\",\"position\":1,\"name\":\"Kezd\u0151lap\",\"item\":\"https:\/\/v3.atv-parts.hu\/\"},{\"@type\":\"ListItem\",\"position\":2,\"name\":\"Bolt\",\"item\":\"https:\/\/v3.atv-parts.hu\/index.php\/bolt\/\"},{\"@type\":\"ListItem\",\"position\":3,\"name\":\"HOT RODS KTM EXC 250\/300 TPi &#8217;17-&#8217;23 SX250\/300 &#8217;23, GAS GAS EC 250\/300 &#8217;21-&#8217;23, HUSQVARNA TE 250\/300 TEi &#8217;17-&#8217;23, TX 300 &#8217;17-&#8217;23, KTM XC\/XC-W 300 &#8217;17-&#8217;23, KTM XC\/XC-W 300 &#8217;17-&#8217;23\"}]},{\"@type\":\"WebSite\",\"@id\":\"https:\/\/v3.atv-parts.hu\/#website\",\"url\":\"https:\/\/v3.atv-parts.hu\/\",\"name\":\"V3 ATV-PARTS.HU\",\"description\":\"\",\"publisher\":{\"@id\":\"https:\/\/v3.atv-parts.hu\/#organization\"},\"potentialAction\":[{\"@type\":\"SearchAction\",\"target\":{\"@type\":\"EntryPoint\",\"urlTemplate\":\"https:\/\/v3.atv-parts.hu\/?s={search_term_string}\"},\"query-input\":\"required name=search_term_string\"}],\"inLanguage\":\"hu\"},{\"@type\":\"Organization\",\"@id\":\"https:\/\/v3.atv-parts.hu\/#organization\",\"name\":\"V3 ATV-PARTS.HU\",\"url\":\"https:\/\/v3.atv-parts.hu\/\",\"logo\":{\"@type\":\"ImageObject\",\"inLanguage\":\"hu\",\"@id\":\"https:\/\/v3.atv-parts.hu\/#\/schema\/logo\/image\/\",\"url\":\"https:\/\/v3.atv-parts.hu\/wp-content\/uploads\/2021\/02\/cropped-cropped-atvlogo-1-1-1.png\",\"contentUrl\":\"https:\/\/v3.atv-parts.hu\/wp-content\/uploads\/2021\/02\/cropped-cropped-atvlogo-1-1-1.png\",\"width\":267,\"height\":160,\"caption\":\"V3 ATV-PARTS.HU\"},\"image\":{\"@id\":\"https:\/\/v3.atv-parts.hu\/#\/schema\/logo\/image\/\"},\"sameAs\":[\"https:\/\/www.facebook.com\/atvpartsHU\"]}]}<\/script>\n<meta property=\"product:price:amount\" content=\"174767.24\" \/>\n<meta property=\"product:price:currency\" content=\"HUF\" \/>\n<meta property=\"og:availability\" content=\"instock\" \/>\n<meta property=\"product:availability\" content=\"instock\" \/>\n<meta property=\"product:retailer_item_id\" content=\"HR00125\" \/>\n<meta property=\"product:condition\" content=\"new\" \/>\n<!-- \/ Yoast SEO Premium plugin. -->","yoast_head_json":{"title":"HOT RODS KTM EXC 250\/300 TPi '17-'23 SX250\/300 '23, GAS GAS EC 250\/300 '21-'23, HUSQVARNA TE 250\/300 TEi '17-'23, TX 300 '17-'23, KTM XC\/XC-W 300 '17-'23, KTM XC\/XC-W 300 '17-'23 - V3 ATV-PARTS.HU","robots":{"index":"index","follow":"follow","max-snippet":"max-snippet:-1","max-image-preview":"max-image-preview:large","max-video-preview":"max-video-preview:-1"},"canonical":"https:\/\/v3.atv-parts.hu\/index.php\/termek\/hot-rods-ktm-exc-250-300-tpi-17-23-sx250-300-23-gas-gas-ec-250-300-21-23-husqvarna-te-250-300-tei-17-23-tx-300-17-23-ktm-xc-xc-w-300-17-23-ktm-xc-xc-w-300-17-23\/","og_locale":"hu_HU","og_type":"article","og_title":"HOT RODS KTM EXC 250\/300 TPi '17-'23 SX250\/300 '23, GAS GAS EC 250\/300 '21-'23, HUSQVARNA TE 250\/300 TEi '17-'23, TX 300 '17-'23, KTM XC\/XC-W 300 '17-'23, KTM XC\/XC-W 300 '17-'23","og_description":"HOT RODS KTM EXC 250\/300 TPi '17-'23 SX250\/300 '23, GAS GAS EC 250\/300 '21-'23, HUSQVARNA TE 250\/300 TEi '17-'23, TX 300 '17-'23, KTM XC\/XC-W 300 '17-'23, KTM XC\/XC-W 300 '17-'23","og_url":"https:\/\/v3.atv-parts.hu\/index.php\/termek\/hot-rods-ktm-exc-250-300-tpi-17-23-sx250-300-23-gas-gas-ec-250-300-21-23-husqvarna-te-250-300-tei-17-23-tx-300-17-23-ktm-xc-xc-w-300-17-23-ktm-xc-xc-w-300-17-23\/","og_site_name":"V3 ATV-PARTS.HU","article_publisher":"https:\/\/www.facebook.com\/atvpartsHU","article_modified_time":"2024-05-03T15:17:49+00:00","og_image":[{"width":800,"height":800,"url":"https:\/\/v3.atv-parts.hu\/wp-content\/uploads\/2024\/04\/hot-rods-2023-01-wal-korbowy-te300-17-18-300-ex.jpg","type":"image\/jpeg"}],"twitter_card":"summary_large_image","twitter_misc":{"\u00c1r":"174767,24&nbsp;&#70;&#116; \u00c1F\u00c1-val","El\u00e9rhet\u0151s\u00e9g":"K\u00e9szleten"},"schema":{"@context":"https:\/\/schema.org","@graph":[{"@type":"WebPage","@id":"https:\/\/v3.atv-parts.hu\/index.php\/termek\/hot-rods-ktm-exc-250-300-tpi-17-23-sx250-300-23-gas-gas-ec-250-300-21-23-husqvarna-te-250-300-tei-17-23-tx-300-17-23-ktm-xc-xc-w-300-17-23-ktm-xc-xc-w-300-17-23\/","url":"https:\/\/v3.atv-parts.hu\/index.php\/termek\/hot-rods-ktm-exc-250-300-tpi-17-23-sx250-300-23-gas-gas-ec-250-300-21-23-husqvarna-te-250-300-tei-17-23-tx-300-17-23-ktm-xc-xc-w-300-17-23-ktm-xc-xc-w-300-17-23\/","name":"HOT RODS KTM EXC 250\/300 TPi '17-'23 SX250\/300 '23, GAS GAS EC 250\/300 '21-'23, HUSQVARNA TE 250\/300 TEi '17-'23, TX 300 '17-'23, KTM XC\/XC-W 300 '17-'23, KTM XC\/XC-W 300 '17-'23 - V3 ATV-PARTS.HU","isPartOf":{"@id":"https:\/\/v3.atv-parts.hu\/#website"},"primaryImageOfPage":{"@id":"https:\/\/v3.atv-parts.hu\/index.php\/termek\/hot-rods-ktm-exc-250-300-tpi-17-23-sx250-300-23-gas-gas-ec-250-300-21-23-husqvarna-te-250-300-tei-17-23-tx-300-17-23-ktm-xc-xc-w-300-17-23-ktm-xc-xc-w-300-17-23\/#primaryimage"},"image":{"@id":"https:\/\/v3.atv-parts.hu\/index.php\/termek\/hot-rods-ktm-exc-250-300-tpi-17-23-sx250-300-23-gas-gas-ec-250-300-21-23-husqvarna-te-250-300-tei-17-23-tx-300-17-23-ktm-xc-xc-w-300-17-23-ktm-xc-xc-w-300-17-23\/#primaryimage"},"thumbnailUrl":"https:\/\/v3.atv-parts.hu\/wp-content\/uploads\/2024\/04\/hot-rods-2023-01-wal-korbowy-te300-17-18-300-ex.jpg","datePublished":"2024-04-03T20:54:58+00:00","dateModified":"2024-05-03T15:17:49+00:00","breadcrumb":{"@id":"https:\/\/v3.atv-parts.hu\/index.php\/termek\/hot-rods-ktm-exc-250-300-tpi-17-23-sx250-300-23-gas-gas-ec-250-300-21-23-husqvarna-te-250-300-tei-17-23-tx-300-17-23-ktm-xc-xc-w-300-17-23-ktm-xc-xc-w-300-17-23\/#breadcrumb"},"inLanguage":"hu","potentialAction":[{"@type":"ReadAction","target":["https:\/\/v3.atv-parts.hu\/index.php\/termek\/hot-rods-ktm-exc-250-300-tpi-17-23-sx250-300-23-gas-gas-ec-250-300-21-23-husqvarna-te-250-300-tei-17-23-tx-300-17-23-ktm-xc-xc-w-300-17-23-ktm-xc-xc-w-300-17-23\/"]}]},{"@type":"ImageObject","inLanguage":"hu","@id":"https:\/\/v3.atv-parts.hu\/index.php\/termek\/hot-rods-ktm-exc-250-300-tpi-17-23-sx250-300-23-gas-gas-ec-250-300-21-23-husqvarna-te-250-300-tei-17-23-tx-300-17-23-ktm-xc-xc-w-300-17-23-ktm-xc-xc-w-300-17-23\/#primaryimage","url":"https:\/\/v3.atv-parts.hu\/wp-content\/uploads\/2024\/04\/hot-rods-2023-01-wal-korbowy-te300-17-18-300-ex.jpg","contentUrl":"https:\/\/v3.atv-parts.hu\/wp-content\/uploads\/2024\/04\/hot-rods-2023-01-wal-korbowy-te300-17-18-300-ex.jpg","width":800,"height":800},{"@type":"BreadcrumbList","@id":"https:\/\/v3.atv-parts.hu\/index.php\/termek\/hot-rods-ktm-exc-250-300-tpi-17-23-sx250-300-23-gas-gas-ec-250-300-21-23-husqvarna-te-250-300-tei-17-23-tx-300-17-23-ktm-xc-xc-w-300-17-23-ktm-xc-xc-w-300-17-23\/#breadcrumb","itemListElement":[{"@type":"ListItem","position":1,"name":"Kezd\u0151lap","item":"https:\/\/v3.atv-parts.hu\/"},{"@type":"ListItem","position":2,"name":"Bolt","item":"https:\/\/v3.atv-parts.hu\/index.php\/bolt\/"},{"@type":"ListItem","position":3,"name":"HOT RODS KTM EXC 250\/300 TPi &#8217;17-&#8217;23 SX250\/300 &#8217;23, GAS GAS EC 250\/300 &#8217;21-&#8217;23, HUSQVARNA TE 250\/300 TEi &#8217;17-&#8217;23, TX 300 &#8217;17-&#8217;23, KTM XC\/XC-W 300 &#8217;17-&#8217;23, KTM XC\/XC-W 300 &#8217;17-&#8217;23"}]},{"@type":"WebSite","@id":"https:\/\/v3.atv-parts.hu\/#website","url":"https:\/\/v3.atv-parts.hu\/","name":"V3 ATV-PARTS.HU","description":"","publisher":{"@id":"https:\/\/v3.atv-parts.hu\/#organization"},"potentialAction":[{"@type":"SearchAction","target":{"@type":"EntryPoint","urlTemplate":"https:\/\/v3.atv-parts.hu\/?s={search_term_string}"},"query-input":"required name=search_term_string"}],"inLanguage":"hu"},{"@type":"Organization","@id":"https:\/\/v3.atv-parts.hu\/#organization","name":"V3 ATV-PARTS.HU","url":"https:\/\/v3.atv-parts.hu\/","logo":{"@type":"ImageObject","inLanguage":"hu","@id":"https:\/\/v3.atv-parts.hu\/#\/schema\/logo\/image\/","url":"https:\/\/v3.atv-parts.hu\/wp-content\/uploads\/2021\/02\/cropped-cropped-atvlogo-1-1-1.png","contentUrl":"https:\/\/v3.atv-parts.hu\/wp-content\/uploads\/2021\/02\/cropped-cropped-atvlogo-1-1-1.png","width":267,"height":160,"caption":"V3 ATV-PARTS.HU"},"image":{"@id":"https:\/\/v3.atv-parts.hu\/#\/schema\/logo\/image\/"},"sameAs":["https:\/\/www.facebook.com\/atvpartsHU"]}]},"product_price_amount":"174767.24","product_price_currency":"HUF","og_availability":"instock","product_availability":"instock","product_retailer_item_id":"HR00125","product_condition":"new"},"_links":{"self":[{"href":"https:\/\/v3.atv-parts.hu\/index.php\/wp-json\/wp\/v2\/product\/110290","targetHints":{"allow":["GET"]}}],"collection":[{"href":"https:\/\/v3.atv-parts.hu\/index.php\/wp-json\/wp\/v2\/product"}],"about":[{"href":"https:\/\/v3.atv-parts.hu\/index.php\/wp-json\/wp\/v2\/types\/product"}],"replies":[{"embeddable":true,"href":"https:\/\/v3.atv-parts.hu\/index.php\/wp-json\/wp\/v2\/comments?post=110290"}],"wp:featuredmedia":[{"embeddable":true,"href":"https:\/\/v3.atv-parts.hu\/index.php\/wp-json\/wp\/v2\/media\/110291"}],"wp:attachment":[{"href":"https:\/\/v3.atv-parts.hu\/index.php\/wp-json\/wp\/v2\/media?parent=110290"}],"wp:term":[{"taxonomy":"product_cat","embeddable":true,"href":"https:\/\/v3.atv-parts.hu\/index.php\/wp-json\/wp\/v2\/product_cat?post=110290"},{"taxonomy":"product_tag","embeddable":true,"href":"https:\/\/v3.atv-parts.hu\/index.php\/wp-json\/wp\/v2\/product_tag?post=110290"}],"curies":[{"name":"wp","href":"https:\/\/api.w.org\/{rel}","templated":true}]}}