{"id":112038,"date":"2024-04-03T23:46:03","date_gmt":"2024-04-03T21:46:03","guid":{"rendered":"https:\/\/v3.atv-parts.hu\/index.php\/termek\/prox-2023-03-generator-burkolat-tomites-suzuki-dr-650e-96-22-oem-11483-32e00\/"},"modified":"2024-05-03T17:22:09","modified_gmt":"2024-05-03T15:22:09","slug":"prox-2023-03-generator-burkolat-tomites-suzuki-dr-650e-96-22-oem-11483-32e00","status":"publish","type":"product","link":"https:\/\/v3.atv-parts.hu\/index.php\/termek\/prox-2023-03-generator-burkolat-tomites-suzuki-dr-650e-96-22-oem-11483-32e00\/","title":{"rendered":"PROX  2023\/03 GENER\u00c1TOR BURKOLAT T\u00d6M\u00cdT\u00c9S SUZUKI DR 650E &#8217;96-&#8217;22 (OEM: 11483-32E00)"},"content":{"rendered":"<p>PROX  2023\/03 GENER\u00c1TOR BURKOLAT T\u00d6M\u00cdT\u00c9S SUZUKI DR 650E &#8217;96-&#8217;22 (OEM: 11483-32E00)<\/p>\n<p>EAN: <\/p>\n<p>SKU: 19.G93690<\/p>\n","protected":false},"excerpt":{"rendered":"<p>PROX  2023\/03 GENER\u00c1TOR BURKOLAT T\u00d6M\u00cdT\u00c9S SUZUKI DR 650E &#8217;96-&#8217;22 (OEM: 11483-32E00)<\/p>\n","protected":false},"featured_media":112039,"comment_status":"closed","ping_status":"open","template":"","meta":{"_monsterinsights_skip_tracking":false,"_monsterinsights_sitenote_active":false,"_monsterinsights_sitenote_note":"","_monsterinsights_sitenote_category":0},"product_cat":[248,622,153,247],"product_tag":[],"class_list":{"0":"post-112038","1":"product","2":"type-product","3":"status-publish","4":"has-post-thumbnail","6":"product_cat-egyszeri-tomitesek","7":"product_cat-generator-tomitesek","8":"product_cat-motor","9":"product_cat-tomitesek-es-tomitoanyagok","10":"pa_marka-prox","12":"first","13":"instock","14":"taxable","15":"shipping-taxable","16":"purchasable","17":"product-type-simple"},"yoast_head":"<!-- This site is optimized with the Yoast SEO Premium plugin v22.6 (Yoast SEO v22.6) - https:\/\/yoast.com\/wordpress\/plugins\/seo\/ -->\n<title>PROX 2023\/03 GENER\u00c1TOR BURKOLAT T\u00d6M\u00cdT\u00c9S SUZUKI DR 650E &#039;96-&#039;22 (OEM: 11483-32E00) - V3 ATV-PARTS.HU<\/title>\n<meta name=\"robots\" content=\"index, follow, max-snippet:-1, max-image-preview:large, max-video-preview:-1\" \/>\n<link rel=\"canonical\" href=\"https:\/\/v3.atv-parts.hu\/index.php\/termek\/prox-2023-03-generator-burkolat-tomites-suzuki-dr-650e-96-22-oem-11483-32e00\/\" \/>\n<meta property=\"og:locale\" content=\"hu_HU\" \/>\n<meta property=\"og:type\" content=\"article\" \/>\n<meta property=\"og:title\" content=\"PROX 2023\/03 GENER\u00c1TOR BURKOLAT T\u00d6M\u00cdT\u00c9S SUZUKI DR 650E &#039;96-&#039;22 (OEM: 11483-32E00)\" \/>\n<meta property=\"og:description\" content=\"PROX 2023\/03 GENER\u00c1TOR BURKOLAT T\u00d6M\u00cdT\u00c9S SUZUKI DR 650E &#039;96-&#039;22 (OEM: 11483-32E00)\" \/>\n<meta property=\"og:url\" content=\"https:\/\/v3.atv-parts.hu\/index.php\/termek\/prox-2023-03-generator-burkolat-tomites-suzuki-dr-650e-96-22-oem-11483-32e00\/\" \/>\n<meta property=\"og:site_name\" content=\"V3 ATV-PARTS.HU\" \/>\n<meta property=\"article:publisher\" content=\"https:\/\/www.facebook.com\/atvpartsHU\" \/>\n<meta property=\"article:modified_time\" content=\"2024-05-03T15:22:09+00:00\" \/>\n<meta property=\"og:image\" content=\"https:\/\/v3.atv-parts.hu\/wp-content\/uploads\/2024\/04\/prox-2023-03-ignition-cover-gasket-dr650e-90-22.jpg\" \/>\n\t<meta property=\"og:image:width\" content=\"1020\" \/>\n\t<meta property=\"og:image:height\" content=\"800\" \/>\n\t<meta property=\"og:image:type\" content=\"image\/jpeg\" \/>\n<meta name=\"twitter:card\" content=\"summary_large_image\" \/>\n<meta name=\"twitter:label1\" content=\"\u00c1r\" \/>\n\t<meta name=\"twitter:data1\" content=\"5270,50&nbsp;&#70;&#116; \u00c1F\u00c1-val\" \/>\n\t<meta name=\"twitter:label2\" content=\"El\u00e9rhet\u0151s\u00e9g\" \/>\n\t<meta name=\"twitter:data2\" content=\"K\u00e9szleten\" \/>\n<script type=\"application\/ld+json\" class=\"yoast-schema-graph\">{\"@context\":\"https:\/\/schema.org\",\"@graph\":[{\"@type\":\"WebPage\",\"@id\":\"https:\/\/v3.atv-parts.hu\/index.php\/termek\/prox-2023-03-generator-burkolat-tomites-suzuki-dr-650e-96-22-oem-11483-32e00\/\",\"url\":\"https:\/\/v3.atv-parts.hu\/index.php\/termek\/prox-2023-03-generator-burkolat-tomites-suzuki-dr-650e-96-22-oem-11483-32e00\/\",\"name\":\"PROX 2023\/03 GENER\u00c1TOR BURKOLAT T\u00d6M\u00cdT\u00c9S SUZUKI DR 650E '96-'22 (OEM: 11483-32E00) - V3 ATV-PARTS.HU\",\"isPartOf\":{\"@id\":\"https:\/\/v3.atv-parts.hu\/#website\"},\"primaryImageOfPage\":{\"@id\":\"https:\/\/v3.atv-parts.hu\/index.php\/termek\/prox-2023-03-generator-burkolat-tomites-suzuki-dr-650e-96-22-oem-11483-32e00\/#primaryimage\"},\"image\":{\"@id\":\"https:\/\/v3.atv-parts.hu\/index.php\/termek\/prox-2023-03-generator-burkolat-tomites-suzuki-dr-650e-96-22-oem-11483-32e00\/#primaryimage\"},\"thumbnailUrl\":\"https:\/\/v3.atv-parts.hu\/wp-content\/uploads\/2024\/04\/prox-2023-03-ignition-cover-gasket-dr650e-90-22.jpg\",\"datePublished\":\"2024-04-03T21:46:03+00:00\",\"dateModified\":\"2024-05-03T15:22:09+00:00\",\"breadcrumb\":{\"@id\":\"https:\/\/v3.atv-parts.hu\/index.php\/termek\/prox-2023-03-generator-burkolat-tomites-suzuki-dr-650e-96-22-oem-11483-32e00\/#breadcrumb\"},\"inLanguage\":\"hu\",\"potentialAction\":[{\"@type\":\"ReadAction\",\"target\":[\"https:\/\/v3.atv-parts.hu\/index.php\/termek\/prox-2023-03-generator-burkolat-tomites-suzuki-dr-650e-96-22-oem-11483-32e00\/\"]}]},{\"@type\":\"ImageObject\",\"inLanguage\":\"hu\",\"@id\":\"https:\/\/v3.atv-parts.hu\/index.php\/termek\/prox-2023-03-generator-burkolat-tomites-suzuki-dr-650e-96-22-oem-11483-32e00\/#primaryimage\",\"url\":\"https:\/\/v3.atv-parts.hu\/wp-content\/uploads\/2024\/04\/prox-2023-03-ignition-cover-gasket-dr650e-90-22.jpg\",\"contentUrl\":\"https:\/\/v3.atv-parts.hu\/wp-content\/uploads\/2024\/04\/prox-2023-03-ignition-cover-gasket-dr650e-90-22.jpg\",\"width\":1020,\"height\":800},{\"@type\":\"BreadcrumbList\",\"@id\":\"https:\/\/v3.atv-parts.hu\/index.php\/termek\/prox-2023-03-generator-burkolat-tomites-suzuki-dr-650e-96-22-oem-11483-32e00\/#breadcrumb\",\"itemListElement\":[{\"@type\":\"ListItem\",\"position\":1,\"name\":\"Kezd\u0151lap\",\"item\":\"https:\/\/v3.atv-parts.hu\/\"},{\"@type\":\"ListItem\",\"position\":2,\"name\":\"Bolt\",\"item\":\"https:\/\/v3.atv-parts.hu\/index.php\/bolt\/\"},{\"@type\":\"ListItem\",\"position\":3,\"name\":\"PROX 2023\/03 GENER\u00c1TOR BURKOLAT T\u00d6M\u00cdT\u00c9S SUZUKI DR 650E &#8217;96-&#8217;22 (OEM: 11483-32E00)\"}]},{\"@type\":\"WebSite\",\"@id\":\"https:\/\/v3.atv-parts.hu\/#website\",\"url\":\"https:\/\/v3.atv-parts.hu\/\",\"name\":\"V3 ATV-PARTS.HU\",\"description\":\"\",\"publisher\":{\"@id\":\"https:\/\/v3.atv-parts.hu\/#organization\"},\"potentialAction\":[{\"@type\":\"SearchAction\",\"target\":{\"@type\":\"EntryPoint\",\"urlTemplate\":\"https:\/\/v3.atv-parts.hu\/?s={search_term_string}\"},\"query-input\":\"required name=search_term_string\"}],\"inLanguage\":\"hu\"},{\"@type\":\"Organization\",\"@id\":\"https:\/\/v3.atv-parts.hu\/#organization\",\"name\":\"V3 ATV-PARTS.HU\",\"url\":\"https:\/\/v3.atv-parts.hu\/\",\"logo\":{\"@type\":\"ImageObject\",\"inLanguage\":\"hu\",\"@id\":\"https:\/\/v3.atv-parts.hu\/#\/schema\/logo\/image\/\",\"url\":\"https:\/\/v3.atv-parts.hu\/wp-content\/uploads\/2021\/02\/cropped-cropped-atvlogo-1-1-1.png\",\"contentUrl\":\"https:\/\/v3.atv-parts.hu\/wp-content\/uploads\/2021\/02\/cropped-cropped-atvlogo-1-1-1.png\",\"width\":267,\"height\":160,\"caption\":\"V3 ATV-PARTS.HU\"},\"image\":{\"@id\":\"https:\/\/v3.atv-parts.hu\/#\/schema\/logo\/image\/\"},\"sameAs\":[\"https:\/\/www.facebook.com\/atvpartsHU\"]}]}<\/script>\n<meta property=\"product:price:amount\" content=\"5270.50\" \/>\n<meta property=\"product:price:currency\" content=\"HUF\" \/>\n<meta property=\"og:availability\" content=\"instock\" \/>\n<meta property=\"product:availability\" content=\"instock\" \/>\n<meta property=\"product:retailer_item_id\" content=\"19.G93690\" \/>\n<meta property=\"product:condition\" content=\"new\" \/>\n<!-- \/ Yoast SEO Premium plugin. -->","yoast_head_json":{"title":"PROX 2023\/03 GENER\u00c1TOR BURKOLAT T\u00d6M\u00cdT\u00c9S SUZUKI DR 650E '96-'22 (OEM: 11483-32E00) - V3 ATV-PARTS.HU","robots":{"index":"index","follow":"follow","max-snippet":"max-snippet:-1","max-image-preview":"max-image-preview:large","max-video-preview":"max-video-preview:-1"},"canonical":"https:\/\/v3.atv-parts.hu\/index.php\/termek\/prox-2023-03-generator-burkolat-tomites-suzuki-dr-650e-96-22-oem-11483-32e00\/","og_locale":"hu_HU","og_type":"article","og_title":"PROX 2023\/03 GENER\u00c1TOR BURKOLAT T\u00d6M\u00cdT\u00c9S SUZUKI DR 650E '96-'22 (OEM: 11483-32E00)","og_description":"PROX 2023\/03 GENER\u00c1TOR BURKOLAT T\u00d6M\u00cdT\u00c9S SUZUKI DR 650E '96-'22 (OEM: 11483-32E00)","og_url":"https:\/\/v3.atv-parts.hu\/index.php\/termek\/prox-2023-03-generator-burkolat-tomites-suzuki-dr-650e-96-22-oem-11483-32e00\/","og_site_name":"V3 ATV-PARTS.HU","article_publisher":"https:\/\/www.facebook.com\/atvpartsHU","article_modified_time":"2024-05-03T15:22:09+00:00","og_image":[{"width":1020,"height":800,"url":"https:\/\/v3.atv-parts.hu\/wp-content\/uploads\/2024\/04\/prox-2023-03-ignition-cover-gasket-dr650e-90-22.jpg","type":"image\/jpeg"}],"twitter_card":"summary_large_image","twitter_misc":{"\u00c1r":"5270,50&nbsp;&#70;&#116; \u00c1F\u00c1-val","El\u00e9rhet\u0151s\u00e9g":"K\u00e9szleten"},"schema":{"@context":"https:\/\/schema.org","@graph":[{"@type":"WebPage","@id":"https:\/\/v3.atv-parts.hu\/index.php\/termek\/prox-2023-03-generator-burkolat-tomites-suzuki-dr-650e-96-22-oem-11483-32e00\/","url":"https:\/\/v3.atv-parts.hu\/index.php\/termek\/prox-2023-03-generator-burkolat-tomites-suzuki-dr-650e-96-22-oem-11483-32e00\/","name":"PROX 2023\/03 GENER\u00c1TOR BURKOLAT T\u00d6M\u00cdT\u00c9S SUZUKI DR 650E '96-'22 (OEM: 11483-32E00) - V3 ATV-PARTS.HU","isPartOf":{"@id":"https:\/\/v3.atv-parts.hu\/#website"},"primaryImageOfPage":{"@id":"https:\/\/v3.atv-parts.hu\/index.php\/termek\/prox-2023-03-generator-burkolat-tomites-suzuki-dr-650e-96-22-oem-11483-32e00\/#primaryimage"},"image":{"@id":"https:\/\/v3.atv-parts.hu\/index.php\/termek\/prox-2023-03-generator-burkolat-tomites-suzuki-dr-650e-96-22-oem-11483-32e00\/#primaryimage"},"thumbnailUrl":"https:\/\/v3.atv-parts.hu\/wp-content\/uploads\/2024\/04\/prox-2023-03-ignition-cover-gasket-dr650e-90-22.jpg","datePublished":"2024-04-03T21:46:03+00:00","dateModified":"2024-05-03T15:22:09+00:00","breadcrumb":{"@id":"https:\/\/v3.atv-parts.hu\/index.php\/termek\/prox-2023-03-generator-burkolat-tomites-suzuki-dr-650e-96-22-oem-11483-32e00\/#breadcrumb"},"inLanguage":"hu","potentialAction":[{"@type":"ReadAction","target":["https:\/\/v3.atv-parts.hu\/index.php\/termek\/prox-2023-03-generator-burkolat-tomites-suzuki-dr-650e-96-22-oem-11483-32e00\/"]}]},{"@type":"ImageObject","inLanguage":"hu","@id":"https:\/\/v3.atv-parts.hu\/index.php\/termek\/prox-2023-03-generator-burkolat-tomites-suzuki-dr-650e-96-22-oem-11483-32e00\/#primaryimage","url":"https:\/\/v3.atv-parts.hu\/wp-content\/uploads\/2024\/04\/prox-2023-03-ignition-cover-gasket-dr650e-90-22.jpg","contentUrl":"https:\/\/v3.atv-parts.hu\/wp-content\/uploads\/2024\/04\/prox-2023-03-ignition-cover-gasket-dr650e-90-22.jpg","width":1020,"height":800},{"@type":"BreadcrumbList","@id":"https:\/\/v3.atv-parts.hu\/index.php\/termek\/prox-2023-03-generator-burkolat-tomites-suzuki-dr-650e-96-22-oem-11483-32e00\/#breadcrumb","itemListElement":[{"@type":"ListItem","position":1,"name":"Kezd\u0151lap","item":"https:\/\/v3.atv-parts.hu\/"},{"@type":"ListItem","position":2,"name":"Bolt","item":"https:\/\/v3.atv-parts.hu\/index.php\/bolt\/"},{"@type":"ListItem","position":3,"name":"PROX 2023\/03 GENER\u00c1TOR BURKOLAT T\u00d6M\u00cdT\u00c9S SUZUKI DR 650E &#8217;96-&#8217;22 (OEM: 11483-32E00)"}]},{"@type":"WebSite","@id":"https:\/\/v3.atv-parts.hu\/#website","url":"https:\/\/v3.atv-parts.hu\/","name":"V3 ATV-PARTS.HU","description":"","publisher":{"@id":"https:\/\/v3.atv-parts.hu\/#organization"},"potentialAction":[{"@type":"SearchAction","target":{"@type":"EntryPoint","urlTemplate":"https:\/\/v3.atv-parts.hu\/?s={search_term_string}"},"query-input":"required name=search_term_string"}],"inLanguage":"hu"},{"@type":"Organization","@id":"https:\/\/v3.atv-parts.hu\/#organization","name":"V3 ATV-PARTS.HU","url":"https:\/\/v3.atv-parts.hu\/","logo":{"@type":"ImageObject","inLanguage":"hu","@id":"https:\/\/v3.atv-parts.hu\/#\/schema\/logo\/image\/","url":"https:\/\/v3.atv-parts.hu\/wp-content\/uploads\/2021\/02\/cropped-cropped-atvlogo-1-1-1.png","contentUrl":"https:\/\/v3.atv-parts.hu\/wp-content\/uploads\/2021\/02\/cropped-cropped-atvlogo-1-1-1.png","width":267,"height":160,"caption":"V3 ATV-PARTS.HU"},"image":{"@id":"https:\/\/v3.atv-parts.hu\/#\/schema\/logo\/image\/"},"sameAs":["https:\/\/www.facebook.com\/atvpartsHU"]}]},"product_price_amount":"5270.50","product_price_currency":"HUF","og_availability":"instock","product_availability":"instock","product_retailer_item_id":"19.G93690","product_condition":"new"},"_links":{"self":[{"href":"https:\/\/v3.atv-parts.hu\/index.php\/wp-json\/wp\/v2\/product\/112038","targetHints":{"allow":["GET"]}}],"collection":[{"href":"https:\/\/v3.atv-parts.hu\/index.php\/wp-json\/wp\/v2\/product"}],"about":[{"href":"https:\/\/v3.atv-parts.hu\/index.php\/wp-json\/wp\/v2\/types\/product"}],"replies":[{"embeddable":true,"href":"https:\/\/v3.atv-parts.hu\/index.php\/wp-json\/wp\/v2\/comments?post=112038"}],"wp:featuredmedia":[{"embeddable":true,"href":"https:\/\/v3.atv-parts.hu\/index.php\/wp-json\/wp\/v2\/media\/112039"}],"wp:attachment":[{"href":"https:\/\/v3.atv-parts.hu\/index.php\/wp-json\/wp\/v2\/media?parent=112038"}],"wp:term":[{"taxonomy":"product_cat","embeddable":true,"href":"https:\/\/v3.atv-parts.hu\/index.php\/wp-json\/wp\/v2\/product_cat?post=112038"},{"taxonomy":"product_tag","embeddable":true,"href":"https:\/\/v3.atv-parts.hu\/index.php\/wp-json\/wp\/v2\/product_tag?post=112038"}],"curies":[{"name":"wp","href":"https:\/\/api.w.org\/{rel}","templated":true}]}}