{"id":112980,"date":"2024-04-04T00:42:04","date_gmt":"2024-04-03T22:42:04","guid":{"rendered":"https:\/\/v3.atv-parts.hu\/index.php\/termek\/kappa-adapter-kabelkoteg-a-feklampa-kozponti-csomagtartora-torteno-felszerelesehez\/"},"modified":"2025-04-05T08:03:25","modified_gmt":"2025-04-05T06:03:25","slug":"kappa-adapter-kabelkoteg-a-feklampa-kozponti-csomagtartora-torteno-felszerelesehez","status":"publish","type":"product","link":"https:\/\/v3.atv-parts.hu\/index.php\/termek\/kappa-adapter-kabelkoteg-a-feklampa-kozponti-csomagtartora-torteno-felszerelesehez\/","title":{"rendered":"KAPPA  ADAPTER (K\u00c1BELK\u00d6TEG) A F\u00c9KL\u00c1MPA K\u00d6ZPONTI CSOMAGTART\u00d3RA T\u00d6RT\u00c9N\u0150 FELSZEREL\u00c9S\u00c9HEZ"},"content":{"rendered":"<p>KAPPA  ADAPTER (K\u00c1BELK\u00d6TEG) A F\u00c9KL\u00c1MPA K\u00d6ZPONTI CSOMAGTART\u00d3RA T\u00d6RT\u00c9N\u0150 FELSZEREL\u00c9S\u00c9HEZ<\/p>\n<p>EAN: 8029871063626<\/p>\n<p>SKU: Z880K<\/p>\n","protected":false},"excerpt":{"rendered":"<p>KAPPA  ADAPTER (K\u00c1BELK\u00d6TEG) A F\u00c9KL\u00c1MPA K\u00d6ZPONTI CSOMAGTART\u00d3RA T\u00d6RT\u00c9N\u0150 FELSZEREL\u00c9S\u00c9HEZ<\/p>\n","protected":false},"featured_media":0,"comment_status":"closed","ping_status":"open","template":"","meta":{"_monsterinsights_skip_tracking":false,"_monsterinsights_sitenote_active":false,"_monsterinsights_sitenote_note":"","_monsterinsights_sitenote_category":0},"product_cat":[193,194],"product_tag":[],"class_list":{"0":"post-112980","1":"product","2":"type-product","3":"status-publish","5":"product_cat-csomagok","6":"product_cat-tartozekok","7":"pa_marka-kappa","9":"first","10":"instock","11":"taxable","12":"shipping-taxable","13":"purchasable","14":"product-type-simple"},"yoast_head":"<!-- This site is optimized with the Yoast SEO Premium plugin v22.6 (Yoast SEO v22.6) - https:\/\/yoast.com\/wordpress\/plugins\/seo\/ -->\n<title>KAPPA ADAPTER (K\u00c1BELK\u00d6TEG) A F\u00c9KL\u00c1MPA K\u00d6ZPONTI CSOMAGTART\u00d3RA T\u00d6RT\u00c9N\u0150 FELSZEREL\u00c9S\u00c9HEZ - V3 ATV-PARTS.HU<\/title>\n<meta name=\"robots\" content=\"index, follow, max-snippet:-1, max-image-preview:large, max-video-preview:-1\" \/>\n<link rel=\"canonical\" href=\"https:\/\/v3.atv-parts.hu\/index.php\/termek\/kappa-adapter-kabelkoteg-a-feklampa-kozponti-csomagtartora-torteno-felszerelesehez\/\" \/>\n<meta property=\"og:locale\" content=\"hu_HU\" \/>\n<meta property=\"og:type\" content=\"article\" \/>\n<meta property=\"og:title\" content=\"KAPPA ADAPTER (K\u00c1BELK\u00d6TEG) A F\u00c9KL\u00c1MPA K\u00d6ZPONTI CSOMAGTART\u00d3RA T\u00d6RT\u00c9N\u0150 FELSZEREL\u00c9S\u00c9HEZ\" \/>\n<meta property=\"og:description\" content=\"KAPPA ADAPTER (K\u00c1BELK\u00d6TEG) A F\u00c9KL\u00c1MPA K\u00d6ZPONTI CSOMAGTART\u00d3RA T\u00d6RT\u00c9N\u0150 FELSZEREL\u00c9S\u00c9HEZ\" \/>\n<meta property=\"og:url\" content=\"https:\/\/v3.atv-parts.hu\/index.php\/termek\/kappa-adapter-kabelkoteg-a-feklampa-kozponti-csomagtartora-torteno-felszerelesehez\/\" \/>\n<meta property=\"og:site_name\" content=\"V3 ATV-PARTS.HU\" \/>\n<meta property=\"article:publisher\" content=\"https:\/\/www.facebook.com\/atvpartsHU\" \/>\n<meta property=\"article:modified_time\" content=\"2025-04-05T06:03:25+00:00\" \/>\n<meta name=\"twitter:card\" content=\"summary_large_image\" \/>\n<meta name=\"twitter:label1\" content=\"\u00c1r\" \/>\n\t<meta name=\"twitter:data1\" content=\"4502,15&nbsp;&#70;&#116; \u00c1F\u00c1-val\" \/>\n\t<meta name=\"twitter:label2\" content=\"El\u00e9rhet\u0151s\u00e9g\" \/>\n\t<meta name=\"twitter:data2\" content=\"K\u00e9szleten\" \/>\n<script type=\"application\/ld+json\" class=\"yoast-schema-graph\">{\"@context\":\"https:\/\/schema.org\",\"@graph\":[{\"@type\":\"WebPage\",\"@id\":\"https:\/\/v3.atv-parts.hu\/index.php\/termek\/kappa-adapter-kabelkoteg-a-feklampa-kozponti-csomagtartora-torteno-felszerelesehez\/\",\"url\":\"https:\/\/v3.atv-parts.hu\/index.php\/termek\/kappa-adapter-kabelkoteg-a-feklampa-kozponti-csomagtartora-torteno-felszerelesehez\/\",\"name\":\"KAPPA ADAPTER (K\u00c1BELK\u00d6TEG) A F\u00c9KL\u00c1MPA K\u00d6ZPONTI CSOMAGTART\u00d3RA T\u00d6RT\u00c9N\u0150 FELSZEREL\u00c9S\u00c9HEZ - V3 ATV-PARTS.HU\",\"isPartOf\":{\"@id\":\"https:\/\/v3.atv-parts.hu\/#website\"},\"datePublished\":\"2024-04-03T22:42:04+00:00\",\"dateModified\":\"2025-04-05T06:03:25+00:00\",\"breadcrumb\":{\"@id\":\"https:\/\/v3.atv-parts.hu\/index.php\/termek\/kappa-adapter-kabelkoteg-a-feklampa-kozponti-csomagtartora-torteno-felszerelesehez\/#breadcrumb\"},\"inLanguage\":\"hu\",\"potentialAction\":[{\"@type\":\"ReadAction\",\"target\":[\"https:\/\/v3.atv-parts.hu\/index.php\/termek\/kappa-adapter-kabelkoteg-a-feklampa-kozponti-csomagtartora-torteno-felszerelesehez\/\"]}]},{\"@type\":\"BreadcrumbList\",\"@id\":\"https:\/\/v3.atv-parts.hu\/index.php\/termek\/kappa-adapter-kabelkoteg-a-feklampa-kozponti-csomagtartora-torteno-felszerelesehez\/#breadcrumb\",\"itemListElement\":[{\"@type\":\"ListItem\",\"position\":1,\"name\":\"Kezd\u0151lap\",\"item\":\"https:\/\/v3.atv-parts.hu\/\"},{\"@type\":\"ListItem\",\"position\":2,\"name\":\"Bolt\",\"item\":\"https:\/\/v3.atv-parts.hu\/index.php\/bolt\/\"},{\"@type\":\"ListItem\",\"position\":3,\"name\":\"KAPPA ADAPTER (K\u00c1BELK\u00d6TEG) A F\u00c9KL\u00c1MPA K\u00d6ZPONTI CSOMAGTART\u00d3RA T\u00d6RT\u00c9N\u0150 FELSZEREL\u00c9S\u00c9HEZ\"}]},{\"@type\":\"WebSite\",\"@id\":\"https:\/\/v3.atv-parts.hu\/#website\",\"url\":\"https:\/\/v3.atv-parts.hu\/\",\"name\":\"V3 ATV-PARTS.HU\",\"description\":\"\",\"publisher\":{\"@id\":\"https:\/\/v3.atv-parts.hu\/#organization\"},\"potentialAction\":[{\"@type\":\"SearchAction\",\"target\":{\"@type\":\"EntryPoint\",\"urlTemplate\":\"https:\/\/v3.atv-parts.hu\/?s={search_term_string}\"},\"query-input\":\"required name=search_term_string\"}],\"inLanguage\":\"hu\"},{\"@type\":\"Organization\",\"@id\":\"https:\/\/v3.atv-parts.hu\/#organization\",\"name\":\"V3 ATV-PARTS.HU\",\"url\":\"https:\/\/v3.atv-parts.hu\/\",\"logo\":{\"@type\":\"ImageObject\",\"inLanguage\":\"hu\",\"@id\":\"https:\/\/v3.atv-parts.hu\/#\/schema\/logo\/image\/\",\"url\":\"https:\/\/v3.atv-parts.hu\/wp-content\/uploads\/2021\/02\/cropped-cropped-atvlogo-1-1-1.png\",\"contentUrl\":\"https:\/\/v3.atv-parts.hu\/wp-content\/uploads\/2021\/02\/cropped-cropped-atvlogo-1-1-1.png\",\"width\":267,\"height\":160,\"caption\":\"V3 ATV-PARTS.HU\"},\"image\":{\"@id\":\"https:\/\/v3.atv-parts.hu\/#\/schema\/logo\/image\/\"},\"sameAs\":[\"https:\/\/www.facebook.com\/atvpartsHU\"]}]}<\/script>\n<meta property=\"product:price:amount\" content=\"4502.15\" \/>\n<meta property=\"product:price:currency\" content=\"HUF\" \/>\n<meta property=\"og:availability\" content=\"instock\" \/>\n<meta property=\"product:availability\" content=\"instock\" \/>\n<meta property=\"product:retailer_item_id\" content=\"Z880K\" \/>\n<meta property=\"product:condition\" content=\"new\" \/>\n<!-- \/ Yoast SEO Premium plugin. -->","yoast_head_json":{"title":"KAPPA ADAPTER (K\u00c1BELK\u00d6TEG) A F\u00c9KL\u00c1MPA K\u00d6ZPONTI CSOMAGTART\u00d3RA T\u00d6RT\u00c9N\u0150 FELSZEREL\u00c9S\u00c9HEZ - V3 ATV-PARTS.HU","robots":{"index":"index","follow":"follow","max-snippet":"max-snippet:-1","max-image-preview":"max-image-preview:large","max-video-preview":"max-video-preview:-1"},"canonical":"https:\/\/v3.atv-parts.hu\/index.php\/termek\/kappa-adapter-kabelkoteg-a-feklampa-kozponti-csomagtartora-torteno-felszerelesehez\/","og_locale":"hu_HU","og_type":"article","og_title":"KAPPA ADAPTER (K\u00c1BELK\u00d6TEG) A F\u00c9KL\u00c1MPA K\u00d6ZPONTI CSOMAGTART\u00d3RA T\u00d6RT\u00c9N\u0150 FELSZEREL\u00c9S\u00c9HEZ","og_description":"KAPPA ADAPTER (K\u00c1BELK\u00d6TEG) A F\u00c9KL\u00c1MPA K\u00d6ZPONTI CSOMAGTART\u00d3RA T\u00d6RT\u00c9N\u0150 FELSZEREL\u00c9S\u00c9HEZ","og_url":"https:\/\/v3.atv-parts.hu\/index.php\/termek\/kappa-adapter-kabelkoteg-a-feklampa-kozponti-csomagtartora-torteno-felszerelesehez\/","og_site_name":"V3 ATV-PARTS.HU","article_publisher":"https:\/\/www.facebook.com\/atvpartsHU","article_modified_time":"2025-04-05T06:03:25+00:00","twitter_card":"summary_large_image","twitter_misc":{"\u00c1r":"4502,15&nbsp;&#70;&#116; \u00c1F\u00c1-val","El\u00e9rhet\u0151s\u00e9g":"K\u00e9szleten"},"schema":{"@context":"https:\/\/schema.org","@graph":[{"@type":"WebPage","@id":"https:\/\/v3.atv-parts.hu\/index.php\/termek\/kappa-adapter-kabelkoteg-a-feklampa-kozponti-csomagtartora-torteno-felszerelesehez\/","url":"https:\/\/v3.atv-parts.hu\/index.php\/termek\/kappa-adapter-kabelkoteg-a-feklampa-kozponti-csomagtartora-torteno-felszerelesehez\/","name":"KAPPA ADAPTER (K\u00c1BELK\u00d6TEG) A F\u00c9KL\u00c1MPA K\u00d6ZPONTI CSOMAGTART\u00d3RA T\u00d6RT\u00c9N\u0150 FELSZEREL\u00c9S\u00c9HEZ - V3 ATV-PARTS.HU","isPartOf":{"@id":"https:\/\/v3.atv-parts.hu\/#website"},"datePublished":"2024-04-03T22:42:04+00:00","dateModified":"2025-04-05T06:03:25+00:00","breadcrumb":{"@id":"https:\/\/v3.atv-parts.hu\/index.php\/termek\/kappa-adapter-kabelkoteg-a-feklampa-kozponti-csomagtartora-torteno-felszerelesehez\/#breadcrumb"},"inLanguage":"hu","potentialAction":[{"@type":"ReadAction","target":["https:\/\/v3.atv-parts.hu\/index.php\/termek\/kappa-adapter-kabelkoteg-a-feklampa-kozponti-csomagtartora-torteno-felszerelesehez\/"]}]},{"@type":"BreadcrumbList","@id":"https:\/\/v3.atv-parts.hu\/index.php\/termek\/kappa-adapter-kabelkoteg-a-feklampa-kozponti-csomagtartora-torteno-felszerelesehez\/#breadcrumb","itemListElement":[{"@type":"ListItem","position":1,"name":"Kezd\u0151lap","item":"https:\/\/v3.atv-parts.hu\/"},{"@type":"ListItem","position":2,"name":"Bolt","item":"https:\/\/v3.atv-parts.hu\/index.php\/bolt\/"},{"@type":"ListItem","position":3,"name":"KAPPA ADAPTER (K\u00c1BELK\u00d6TEG) A F\u00c9KL\u00c1MPA K\u00d6ZPONTI CSOMAGTART\u00d3RA T\u00d6RT\u00c9N\u0150 FELSZEREL\u00c9S\u00c9HEZ"}]},{"@type":"WebSite","@id":"https:\/\/v3.atv-parts.hu\/#website","url":"https:\/\/v3.atv-parts.hu\/","name":"V3 ATV-PARTS.HU","description":"","publisher":{"@id":"https:\/\/v3.atv-parts.hu\/#organization"},"potentialAction":[{"@type":"SearchAction","target":{"@type":"EntryPoint","urlTemplate":"https:\/\/v3.atv-parts.hu\/?s={search_term_string}"},"query-input":"required name=search_term_string"}],"inLanguage":"hu"},{"@type":"Organization","@id":"https:\/\/v3.atv-parts.hu\/#organization","name":"V3 ATV-PARTS.HU","url":"https:\/\/v3.atv-parts.hu\/","logo":{"@type":"ImageObject","inLanguage":"hu","@id":"https:\/\/v3.atv-parts.hu\/#\/schema\/logo\/image\/","url":"https:\/\/v3.atv-parts.hu\/wp-content\/uploads\/2021\/02\/cropped-cropped-atvlogo-1-1-1.png","contentUrl":"https:\/\/v3.atv-parts.hu\/wp-content\/uploads\/2021\/02\/cropped-cropped-atvlogo-1-1-1.png","width":267,"height":160,"caption":"V3 ATV-PARTS.HU"},"image":{"@id":"https:\/\/v3.atv-parts.hu\/#\/schema\/logo\/image\/"},"sameAs":["https:\/\/www.facebook.com\/atvpartsHU"]}]},"product_price_amount":"4502.15","product_price_currency":"HUF","og_availability":"instock","product_availability":"instock","product_retailer_item_id":"Z880K","product_condition":"new"},"_links":{"self":[{"href":"https:\/\/v3.atv-parts.hu\/index.php\/wp-json\/wp\/v2\/product\/112980","targetHints":{"allow":["GET"]}}],"collection":[{"href":"https:\/\/v3.atv-parts.hu\/index.php\/wp-json\/wp\/v2\/product"}],"about":[{"href":"https:\/\/v3.atv-parts.hu\/index.php\/wp-json\/wp\/v2\/types\/product"}],"replies":[{"embeddable":true,"href":"https:\/\/v3.atv-parts.hu\/index.php\/wp-json\/wp\/v2\/comments?post=112980"}],"wp:attachment":[{"href":"https:\/\/v3.atv-parts.hu\/index.php\/wp-json\/wp\/v2\/media?parent=112980"}],"wp:term":[{"taxonomy":"product_cat","embeddable":true,"href":"https:\/\/v3.atv-parts.hu\/index.php\/wp-json\/wp\/v2\/product_cat?post=112980"},{"taxonomy":"product_tag","embeddable":true,"href":"https:\/\/v3.atv-parts.hu\/index.php\/wp-json\/wp\/v2\/product_tag?post=112980"}],"curies":[{"name":"wp","href":"https:\/\/api.w.org\/{rel}","templated":true}]}}