{"id":113070,"date":"2024-04-04T00:52:03","date_gmt":"2024-04-03T22:52:03","guid":{"rendered":"https:\/\/v3.atv-parts.hu\/index.php\/termek\/macna-halos-novic-motoros-dzseki-fekete-kek-narancs-szin-fekete-kek-meret-xl\/"},"modified":"2024-04-15T18:14:24","modified_gmt":"2024-04-15T16:14:24","slug":"macna-halos-novic-motoros-dzseki-fekete-kek-narancs-szin-fekete-kek-meret-xl","status":"publish","type":"product","link":"https:\/\/v3.atv-parts.hu\/index.php\/termek\/macna-halos-novic-motoros-dzseki-fekete-kek-narancs-szin-fekete-kek-meret-xl\/","title":{"rendered":"MACNA   (H\u00c1L\u00d3S) NOVIC MOTOROS DZSEKI FEKETE\/K\u00c9K\/NARANCS SZ\u00cdN FEKETE\/K\u00c9K M\u00c9RET XL"},"content":{"rendered":"<p>MACNA   (H\u00c1L\u00d3S) NOVIC MOTOROS DZSEKI FEKETE\/K\u00c9K\/NARANCS SZ\u00cdN FEKETE\/K\u00c9K M\u00c9RET XL<\/p>\n<p>EAN: 8718913119857<\/p>\n<p>SKU: 1653103XL153<\/p>\n","protected":false},"excerpt":{"rendered":"<p>MACNA   (H\u00c1L\u00d3S) NOVIC MOTOROS DZSEKI FEKETE\/K\u00c9K\/NARANCS SZ\u00cdN FEKETE\/K\u00c9K M\u00c9RET XL<\/p>\n","protected":false},"featured_media":113064,"comment_status":"closed","ping_status":"open","template":"","meta":{"_monsterinsights_skip_tracking":false,"_monsterinsights_sitenote_active":false,"_monsterinsights_sitenote_note":"","_monsterinsights_sitenote_category":0},"product_cat":[776,777,778,259],"product_tag":[],"class_list":{"0":"post-113070","1":"product","2":"type-product","3":"status-publish","4":"has-post-thumbnail","6":"product_cat-kozuti-ruhazat","7":"product_cat-motoros-dzsekik","8":"product_cat-rovid-textil-kabatok","9":"product_cat-ruhazat-es-vedofelszereles","10":"pa_marka-macna","12":"first","13":"outofstock","14":"taxable","15":"shipping-taxable","16":"purchasable","17":"product-type-simple"},"yoast_head":"<!-- This site is optimized with the Yoast SEO Premium plugin v22.6 (Yoast SEO v22.6) - https:\/\/yoast.com\/wordpress\/plugins\/seo\/ -->\n<title>MACNA  (H\u00c1L\u00d3S) NOVIC MOTOROS DZSEKI FEKETE\/K\u00c9K\/NARANCS SZ\u00cdN FEKETE\/K\u00c9K M\u00c9RET XL - V3 ATV-PARTS.HU<\/title>\n<meta name=\"robots\" content=\"index, follow, max-snippet:-1, max-image-preview:large, max-video-preview:-1\" \/>\n<link rel=\"canonical\" href=\"https:\/\/v3.atv-parts.hu\/index.php\/termek\/macna-halos-novic-motoros-dzseki-fekete-kek-narancs-szin-fekete-kek-meret-xl\/\" \/>\n<meta property=\"og:locale\" content=\"hu_HU\" \/>\n<meta property=\"og:type\" content=\"article\" \/>\n<meta property=\"og:title\" content=\"MACNA  (H\u00c1L\u00d3S) NOVIC MOTOROS DZSEKI FEKETE\/K\u00c9K\/NARANCS SZ\u00cdN FEKETE\/K\u00c9K M\u00c9RET XL\" \/>\n<meta property=\"og:description\" content=\"MACNA  (H\u00c1L\u00d3S) NOVIC MOTOROS DZSEKI FEKETE\/K\u00c9K\/NARANCS SZ\u00cdN FEKETE\/K\u00c9K M\u00c9RET XL\" \/>\n<meta property=\"og:url\" content=\"https:\/\/v3.atv-parts.hu\/index.php\/termek\/macna-halos-novic-motoros-dzseki-fekete-kek-narancs-szin-fekete-kek-meret-xl\/\" \/>\n<meta property=\"og:site_name\" content=\"V3 ATV-PARTS.HU\" \/>\n<meta property=\"article:publisher\" content=\"https:\/\/www.facebook.com\/atvpartsHU\" \/>\n<meta property=\"article:modified_time\" content=\"2024-04-15T16:14:24+00:00\" \/>\n<meta property=\"og:image\" content=\"https:\/\/v3.atv-parts.hu\/wp-content\/uploads\/2024\/04\/macna-season-2023-kurtka-mesh-novic-motorcycle.jpg\" \/>\n\t<meta property=\"og:image:width\" content=\"522\" \/>\n\t<meta property=\"og:image:height\" content=\"522\" \/>\n\t<meta property=\"og:image:type\" content=\"image\/jpeg\" \/>\n<meta name=\"twitter:card\" content=\"summary_large_image\" \/>\n<meta name=\"twitter:label1\" content=\"\u00c1r\" \/>\n\t<meta name=\"twitter:data1\" content=\"134277,10&nbsp;&#70;&#116; \u00c1F\u00c1-val\" \/>\n\t<meta name=\"twitter:label2\" content=\"El\u00e9rhet\u0151s\u00e9g\" \/>\n\t<meta name=\"twitter:data2\" content=\"Nincs k\u00e9szleten\" \/>\n<script type=\"application\/ld+json\" class=\"yoast-schema-graph\">{\"@context\":\"https:\/\/schema.org\",\"@graph\":[{\"@type\":\"WebPage\",\"@id\":\"https:\/\/v3.atv-parts.hu\/index.php\/termek\/macna-halos-novic-motoros-dzseki-fekete-kek-narancs-szin-fekete-kek-meret-xl\/\",\"url\":\"https:\/\/v3.atv-parts.hu\/index.php\/termek\/macna-halos-novic-motoros-dzseki-fekete-kek-narancs-szin-fekete-kek-meret-xl\/\",\"name\":\"MACNA (H\u00c1L\u00d3S) NOVIC MOTOROS DZSEKI FEKETE\/K\u00c9K\/NARANCS SZ\u00cdN FEKETE\/K\u00c9K M\u00c9RET XL - V3 ATV-PARTS.HU\",\"isPartOf\":{\"@id\":\"https:\/\/v3.atv-parts.hu\/#website\"},\"primaryImageOfPage\":{\"@id\":\"https:\/\/v3.atv-parts.hu\/index.php\/termek\/macna-halos-novic-motoros-dzseki-fekete-kek-narancs-szin-fekete-kek-meret-xl\/#primaryimage\"},\"image\":{\"@id\":\"https:\/\/v3.atv-parts.hu\/index.php\/termek\/macna-halos-novic-motoros-dzseki-fekete-kek-narancs-szin-fekete-kek-meret-xl\/#primaryimage\"},\"thumbnailUrl\":\"https:\/\/v3.atv-parts.hu\/wp-content\/uploads\/2024\/04\/macna-season-2023-kurtka-mesh-novic-motorcycle.jpg\",\"datePublished\":\"2024-04-03T22:52:03+00:00\",\"dateModified\":\"2024-04-15T16:14:24+00:00\",\"breadcrumb\":{\"@id\":\"https:\/\/v3.atv-parts.hu\/index.php\/termek\/macna-halos-novic-motoros-dzseki-fekete-kek-narancs-szin-fekete-kek-meret-xl\/#breadcrumb\"},\"inLanguage\":\"hu\",\"potentialAction\":[{\"@type\":\"ReadAction\",\"target\":[\"https:\/\/v3.atv-parts.hu\/index.php\/termek\/macna-halos-novic-motoros-dzseki-fekete-kek-narancs-szin-fekete-kek-meret-xl\/\"]}]},{\"@type\":\"ImageObject\",\"inLanguage\":\"hu\",\"@id\":\"https:\/\/v3.atv-parts.hu\/index.php\/termek\/macna-halos-novic-motoros-dzseki-fekete-kek-narancs-szin-fekete-kek-meret-xl\/#primaryimage\",\"url\":\"https:\/\/v3.atv-parts.hu\/wp-content\/uploads\/2024\/04\/macna-season-2023-kurtka-mesh-novic-motorcycle.jpg\",\"contentUrl\":\"https:\/\/v3.atv-parts.hu\/wp-content\/uploads\/2024\/04\/macna-season-2023-kurtka-mesh-novic-motorcycle.jpg\",\"width\":522,\"height\":522},{\"@type\":\"BreadcrumbList\",\"@id\":\"https:\/\/v3.atv-parts.hu\/index.php\/termek\/macna-halos-novic-motoros-dzseki-fekete-kek-narancs-szin-fekete-kek-meret-xl\/#breadcrumb\",\"itemListElement\":[{\"@type\":\"ListItem\",\"position\":1,\"name\":\"Kezd\u0151lap\",\"item\":\"https:\/\/v3.atv-parts.hu\/\"},{\"@type\":\"ListItem\",\"position\":2,\"name\":\"Bolt\",\"item\":\"https:\/\/v3.atv-parts.hu\/index.php\/bolt\/\"},{\"@type\":\"ListItem\",\"position\":3,\"name\":\"MACNA (H\u00c1L\u00d3S) NOVIC MOTOROS DZSEKI FEKETE\/K\u00c9K\/NARANCS SZ\u00cdN FEKETE\/K\u00c9K M\u00c9RET XL\"}]},{\"@type\":\"WebSite\",\"@id\":\"https:\/\/v3.atv-parts.hu\/#website\",\"url\":\"https:\/\/v3.atv-parts.hu\/\",\"name\":\"V3 ATV-PARTS.HU\",\"description\":\"\",\"publisher\":{\"@id\":\"https:\/\/v3.atv-parts.hu\/#organization\"},\"potentialAction\":[{\"@type\":\"SearchAction\",\"target\":{\"@type\":\"EntryPoint\",\"urlTemplate\":\"https:\/\/v3.atv-parts.hu\/?s={search_term_string}\"},\"query-input\":\"required name=search_term_string\"}],\"inLanguage\":\"hu\"},{\"@type\":\"Organization\",\"@id\":\"https:\/\/v3.atv-parts.hu\/#organization\",\"name\":\"V3 ATV-PARTS.HU\",\"url\":\"https:\/\/v3.atv-parts.hu\/\",\"logo\":{\"@type\":\"ImageObject\",\"inLanguage\":\"hu\",\"@id\":\"https:\/\/v3.atv-parts.hu\/#\/schema\/logo\/image\/\",\"url\":\"https:\/\/v3.atv-parts.hu\/wp-content\/uploads\/2021\/02\/cropped-cropped-atvlogo-1-1-1.png\",\"contentUrl\":\"https:\/\/v3.atv-parts.hu\/wp-content\/uploads\/2021\/02\/cropped-cropped-atvlogo-1-1-1.png\",\"width\":267,\"height\":160,\"caption\":\"V3 ATV-PARTS.HU\"},\"image\":{\"@id\":\"https:\/\/v3.atv-parts.hu\/#\/schema\/logo\/image\/\"},\"sameAs\":[\"https:\/\/www.facebook.com\/atvpartsHU\"]}]}<\/script>\n<meta property=\"product:price:amount\" content=\"134277.10\" \/>\n<meta property=\"product:price:currency\" content=\"HUF\" \/>\n<meta property=\"og:availability\" content=\"out of stock\" \/>\n<meta property=\"product:availability\" content=\"out of stock\" \/>\n<meta property=\"product:retailer_item_id\" content=\"1653103XL153\" \/>\n<meta property=\"product:condition\" content=\"new\" \/>\n<!-- \/ Yoast SEO Premium plugin. -->","yoast_head_json":{"title":"MACNA  (H\u00c1L\u00d3S) NOVIC MOTOROS DZSEKI FEKETE\/K\u00c9K\/NARANCS SZ\u00cdN FEKETE\/K\u00c9K M\u00c9RET XL - V3 ATV-PARTS.HU","robots":{"index":"index","follow":"follow","max-snippet":"max-snippet:-1","max-image-preview":"max-image-preview:large","max-video-preview":"max-video-preview:-1"},"canonical":"https:\/\/v3.atv-parts.hu\/index.php\/termek\/macna-halos-novic-motoros-dzseki-fekete-kek-narancs-szin-fekete-kek-meret-xl\/","og_locale":"hu_HU","og_type":"article","og_title":"MACNA  (H\u00c1L\u00d3S) NOVIC MOTOROS DZSEKI FEKETE\/K\u00c9K\/NARANCS SZ\u00cdN FEKETE\/K\u00c9K M\u00c9RET XL","og_description":"MACNA  (H\u00c1L\u00d3S) NOVIC MOTOROS DZSEKI FEKETE\/K\u00c9K\/NARANCS SZ\u00cdN FEKETE\/K\u00c9K M\u00c9RET XL","og_url":"https:\/\/v3.atv-parts.hu\/index.php\/termek\/macna-halos-novic-motoros-dzseki-fekete-kek-narancs-szin-fekete-kek-meret-xl\/","og_site_name":"V3 ATV-PARTS.HU","article_publisher":"https:\/\/www.facebook.com\/atvpartsHU","article_modified_time":"2024-04-15T16:14:24+00:00","og_image":[{"width":522,"height":522,"url":"https:\/\/v3.atv-parts.hu\/wp-content\/uploads\/2024\/04\/macna-season-2023-kurtka-mesh-novic-motorcycle.jpg","type":"image\/jpeg"}],"twitter_card":"summary_large_image","twitter_misc":{"\u00c1r":"134277,10&nbsp;&#70;&#116; \u00c1F\u00c1-val","El\u00e9rhet\u0151s\u00e9g":"Nincs k\u00e9szleten"},"schema":{"@context":"https:\/\/schema.org","@graph":[{"@type":"WebPage","@id":"https:\/\/v3.atv-parts.hu\/index.php\/termek\/macna-halos-novic-motoros-dzseki-fekete-kek-narancs-szin-fekete-kek-meret-xl\/","url":"https:\/\/v3.atv-parts.hu\/index.php\/termek\/macna-halos-novic-motoros-dzseki-fekete-kek-narancs-szin-fekete-kek-meret-xl\/","name":"MACNA (H\u00c1L\u00d3S) NOVIC MOTOROS DZSEKI FEKETE\/K\u00c9K\/NARANCS SZ\u00cdN FEKETE\/K\u00c9K M\u00c9RET XL - V3 ATV-PARTS.HU","isPartOf":{"@id":"https:\/\/v3.atv-parts.hu\/#website"},"primaryImageOfPage":{"@id":"https:\/\/v3.atv-parts.hu\/index.php\/termek\/macna-halos-novic-motoros-dzseki-fekete-kek-narancs-szin-fekete-kek-meret-xl\/#primaryimage"},"image":{"@id":"https:\/\/v3.atv-parts.hu\/index.php\/termek\/macna-halos-novic-motoros-dzseki-fekete-kek-narancs-szin-fekete-kek-meret-xl\/#primaryimage"},"thumbnailUrl":"https:\/\/v3.atv-parts.hu\/wp-content\/uploads\/2024\/04\/macna-season-2023-kurtka-mesh-novic-motorcycle.jpg","datePublished":"2024-04-03T22:52:03+00:00","dateModified":"2024-04-15T16:14:24+00:00","breadcrumb":{"@id":"https:\/\/v3.atv-parts.hu\/index.php\/termek\/macna-halos-novic-motoros-dzseki-fekete-kek-narancs-szin-fekete-kek-meret-xl\/#breadcrumb"},"inLanguage":"hu","potentialAction":[{"@type":"ReadAction","target":["https:\/\/v3.atv-parts.hu\/index.php\/termek\/macna-halos-novic-motoros-dzseki-fekete-kek-narancs-szin-fekete-kek-meret-xl\/"]}]},{"@type":"ImageObject","inLanguage":"hu","@id":"https:\/\/v3.atv-parts.hu\/index.php\/termek\/macna-halos-novic-motoros-dzseki-fekete-kek-narancs-szin-fekete-kek-meret-xl\/#primaryimage","url":"https:\/\/v3.atv-parts.hu\/wp-content\/uploads\/2024\/04\/macna-season-2023-kurtka-mesh-novic-motorcycle.jpg","contentUrl":"https:\/\/v3.atv-parts.hu\/wp-content\/uploads\/2024\/04\/macna-season-2023-kurtka-mesh-novic-motorcycle.jpg","width":522,"height":522},{"@type":"BreadcrumbList","@id":"https:\/\/v3.atv-parts.hu\/index.php\/termek\/macna-halos-novic-motoros-dzseki-fekete-kek-narancs-szin-fekete-kek-meret-xl\/#breadcrumb","itemListElement":[{"@type":"ListItem","position":1,"name":"Kezd\u0151lap","item":"https:\/\/v3.atv-parts.hu\/"},{"@type":"ListItem","position":2,"name":"Bolt","item":"https:\/\/v3.atv-parts.hu\/index.php\/bolt\/"},{"@type":"ListItem","position":3,"name":"MACNA (H\u00c1L\u00d3S) NOVIC MOTOROS DZSEKI FEKETE\/K\u00c9K\/NARANCS SZ\u00cdN FEKETE\/K\u00c9K M\u00c9RET XL"}]},{"@type":"WebSite","@id":"https:\/\/v3.atv-parts.hu\/#website","url":"https:\/\/v3.atv-parts.hu\/","name":"V3 ATV-PARTS.HU","description":"","publisher":{"@id":"https:\/\/v3.atv-parts.hu\/#organization"},"potentialAction":[{"@type":"SearchAction","target":{"@type":"EntryPoint","urlTemplate":"https:\/\/v3.atv-parts.hu\/?s={search_term_string}"},"query-input":"required name=search_term_string"}],"inLanguage":"hu"},{"@type":"Organization","@id":"https:\/\/v3.atv-parts.hu\/#organization","name":"V3 ATV-PARTS.HU","url":"https:\/\/v3.atv-parts.hu\/","logo":{"@type":"ImageObject","inLanguage":"hu","@id":"https:\/\/v3.atv-parts.hu\/#\/schema\/logo\/image\/","url":"https:\/\/v3.atv-parts.hu\/wp-content\/uploads\/2021\/02\/cropped-cropped-atvlogo-1-1-1.png","contentUrl":"https:\/\/v3.atv-parts.hu\/wp-content\/uploads\/2021\/02\/cropped-cropped-atvlogo-1-1-1.png","width":267,"height":160,"caption":"V3 ATV-PARTS.HU"},"image":{"@id":"https:\/\/v3.atv-parts.hu\/#\/schema\/logo\/image\/"},"sameAs":["https:\/\/www.facebook.com\/atvpartsHU"]}]},"product_price_amount":"134277.10","product_price_currency":"HUF","og_availability":"out of stock","product_availability":"out of stock","product_retailer_item_id":"1653103XL153","product_condition":"new"},"_links":{"self":[{"href":"https:\/\/v3.atv-parts.hu\/index.php\/wp-json\/wp\/v2\/product\/113070","targetHints":{"allow":["GET"]}}],"collection":[{"href":"https:\/\/v3.atv-parts.hu\/index.php\/wp-json\/wp\/v2\/product"}],"about":[{"href":"https:\/\/v3.atv-parts.hu\/index.php\/wp-json\/wp\/v2\/types\/product"}],"replies":[{"embeddable":true,"href":"https:\/\/v3.atv-parts.hu\/index.php\/wp-json\/wp\/v2\/comments?post=113070"}],"wp:featuredmedia":[{"embeddable":true,"href":"https:\/\/v3.atv-parts.hu\/index.php\/wp-json\/wp\/v2\/media\/113064"}],"wp:attachment":[{"href":"https:\/\/v3.atv-parts.hu\/index.php\/wp-json\/wp\/v2\/media?parent=113070"}],"wp:term":[{"taxonomy":"product_cat","embeddable":true,"href":"https:\/\/v3.atv-parts.hu\/index.php\/wp-json\/wp\/v2\/product_cat?post=113070"},{"taxonomy":"product_tag","embeddable":true,"href":"https:\/\/v3.atv-parts.hu\/index.php\/wp-json\/wp\/v2\/product_tag?post=113070"}],"curies":[{"name":"wp","href":"https:\/\/api.w.org\/{rel}","templated":true}]}}