{"id":115884,"date":"2024-04-04T02:16:54","date_gmt":"2024-04-04T00:16:54","guid":{"rendered":"https:\/\/v3.atv-parts.hu\/index.php\/termek\/pro-grip-progrip-vedoszemuveg-pg3201-fl-atzaki-kek-szinu-uveg-pg3247-sarga-tukros-karcmentes-paramentes-uv-vedelem-pg3201-18bl3201-104-flpz3201blfl\/"},"modified":"2024-07-20T08:01:08","modified_gmt":"2024-07-20T06:01:08","slug":"pro-grip-progrip-vedoszemuveg-pg3201-fl-atzaki-kek-szinu-uveg-pg3247-sarga-tukros-karcmentes-paramentes-uv-vedelem-pg3201-18bl3201-104-flpz3201blfl","status":"publish","type":"product","link":"https:\/\/v3.atv-parts.hu\/index.php\/termek\/pro-grip-progrip-vedoszemuveg-pg3201-fl-atzaki-kek-szinu-uveg-pg3247-sarga-tukros-karcmentes-paramentes-uv-vedelem-pg3201-18bl3201-104-flpz3201blfl\/","title":{"rendered":"PRO GRIP PROGRIP V\u00c9D\u0150SZEM\u00dcVEG PG3201 FL ATZAKI K\u00c9K SZ\u00cdN\u0170 (\u00dcVEG PG3247 S\u00c1RGA T\u00dcKR\u00d6S KARCMENTES, P\u00c1RAMENTES, UV-V\u00c9DELEM) (PG3201\/18BL;3201-104 FL;PZ3201BLFL)"},"content":{"rendered":"<p>PRO GRIP PROGRIP V\u00c9D\u0150SZEM\u00dcVEG PG3201 FL ATZAKI K\u00c9K SZ\u00cdN\u0170 (\u00dcVEG PG3247 S\u00c1RGA T\u00dcKR\u00d6S KARCMENTES, P\u00c1RAMENTES, UV-V\u00c9DELEM) (PG3201\/18BL;3201-104 FL;PZ3201BLFL)<\/p>\n<p>EAN: 801766086648<\/p>\n<p>SKU: PZ3201FL-104<\/p>\n","protected":false},"excerpt":{"rendered":"<p>PRO GRIP PROGRIP V\u00c9D\u0150SZEM\u00dcVEG PG3201 FL ATZAKI K\u00c9K SZ\u00cdN\u0170 (\u00dcVEG PG3247 S\u00c1RGA T\u00dcKR\u00d6S KARCMENTES, P\u00c1RAMENTES, UV-V\u00c9DELEM) (PG3201\/18BL;3201-104 FL;PZ3201BLFL)<\/p>\n","protected":false},"featured_media":115883,"comment_status":"closed","ping_status":"open","template":"","meta":{"_monsterinsights_skip_tracking":false,"_monsterinsights_sitenote_active":false,"_monsterinsights_sitenote_note":"","_monsterinsights_sitenote_category":0},"product_cat":[278,553],"product_tag":[],"class_list":{"0":"post-115884","1":"product","2":"type-product","3":"status-publish","4":"has-post-thumbnail","6":"product_cat-sisakok-es-szemuvegek","7":"product_cat-szemuvegek","8":"pa_marka-pro-grip","10":"first","11":"instock","12":"taxable","13":"shipping-taxable","14":"purchasable","15":"product-type-simple"},"yoast_head":"<!-- This site is optimized with the Yoast SEO Premium plugin v22.6 (Yoast SEO v22.6) - https:\/\/yoast.com\/wordpress\/plugins\/seo\/ -->\n<title>PRO GRIP PROGRIP V\u00c9D\u0150SZEM\u00dcVEG PG3201 FL ATZAKI K\u00c9K SZ\u00cdN\u0170 (\u00dcVEG PG3247 S\u00c1RGA T\u00dcKR\u00d6S KARCMENTES, P\u00c1RAMENTES, UV-V\u00c9DELEM) (PG3201\/18BL;3201-104 FL;PZ3201BLFL) - V3 ATV-PARTS.HU<\/title>\n<meta name=\"robots\" content=\"index, follow, max-snippet:-1, max-image-preview:large, max-video-preview:-1\" \/>\n<link rel=\"canonical\" href=\"https:\/\/v3.atv-parts.hu\/index.php\/termek\/pro-grip-progrip-vedoszemuveg-pg3201-fl-atzaki-kek-szinu-uveg-pg3247-sarga-tukros-karcmentes-paramentes-uv-vedelem-pg3201-18bl3201-104-flpz3201blfl\/\" \/>\n<meta property=\"og:locale\" content=\"hu_HU\" \/>\n<meta property=\"og:type\" content=\"article\" \/>\n<meta property=\"og:title\" content=\"PRO GRIP PROGRIP V\u00c9D\u0150SZEM\u00dcVEG PG3201 FL ATZAKI K\u00c9K SZ\u00cdN\u0170 (\u00dcVEG PG3247 S\u00c1RGA T\u00dcKR\u00d6S KARCMENTES, P\u00c1RAMENTES, UV-V\u00c9DELEM) (PG3201\/18BL;3201-104 FL;PZ3201BLFL)\" \/>\n<meta property=\"og:description\" content=\"PRO GRIP PROGRIP V\u00c9D\u0150SZEM\u00dcVEG PG3201 FL ATZAKI K\u00c9K SZ\u00cdN\u0170 (\u00dcVEG PG3247 S\u00c1RGA T\u00dcKR\u00d6S KARCMENTES, P\u00c1RAMENTES, UV-V\u00c9DELEM) (PG3201\/18BL;3201-104 FL;PZ3201BLFL)\" \/>\n<meta property=\"og:url\" content=\"https:\/\/v3.atv-parts.hu\/index.php\/termek\/pro-grip-progrip-vedoszemuveg-pg3201-fl-atzaki-kek-szinu-uveg-pg3247-sarga-tukros-karcmentes-paramentes-uv-vedelem-pg3201-18bl3201-104-flpz3201blfl\/\" \/>\n<meta property=\"og:site_name\" content=\"V3 ATV-PARTS.HU\" \/>\n<meta property=\"article:publisher\" content=\"https:\/\/www.facebook.com\/atvpartsHU\" \/>\n<meta property=\"article:modified_time\" content=\"2024-07-20T06:01:08+00:00\" \/>\n<meta property=\"og:image\" content=\"https:\/\/v3.atv-parts.hu\/wp-content\/uploads\/2024\/04\/progrip-2023-06-gogle-pg3201.jpg\" \/>\n\t<meta property=\"og:image:width\" content=\"1024\" \/>\n\t<meta property=\"og:image:height\" content=\"426\" \/>\n\t<meta property=\"og:image:type\" content=\"image\/jpeg\" \/>\n<meta name=\"twitter:card\" content=\"summary_large_image\" \/>\n<meta name=\"twitter:label1\" content=\"\u00c1r\" \/>\n\t<meta name=\"twitter:data1\" content=\"15058,39&nbsp;&#70;&#116; \u00c1F\u00c1-val\" \/>\n\t<meta name=\"twitter:label2\" content=\"El\u00e9rhet\u0151s\u00e9g\" \/>\n\t<meta name=\"twitter:data2\" content=\"K\u00e9szleten\" \/>\n<script type=\"application\/ld+json\" class=\"yoast-schema-graph\">{\"@context\":\"https:\/\/schema.org\",\"@graph\":[{\"@type\":\"WebPage\",\"@id\":\"https:\/\/v3.atv-parts.hu\/index.php\/termek\/pro-grip-progrip-vedoszemuveg-pg3201-fl-atzaki-kek-szinu-uveg-pg3247-sarga-tukros-karcmentes-paramentes-uv-vedelem-pg3201-18bl3201-104-flpz3201blfl\/\",\"url\":\"https:\/\/v3.atv-parts.hu\/index.php\/termek\/pro-grip-progrip-vedoszemuveg-pg3201-fl-atzaki-kek-szinu-uveg-pg3247-sarga-tukros-karcmentes-paramentes-uv-vedelem-pg3201-18bl3201-104-flpz3201blfl\/\",\"name\":\"PRO GRIP PROGRIP V\u00c9D\u0150SZEM\u00dcVEG PG3201 FL ATZAKI K\u00c9K SZ\u00cdN\u0170 (\u00dcVEG PG3247 S\u00c1RGA T\u00dcKR\u00d6S KARCMENTES, P\u00c1RAMENTES, UV-V\u00c9DELEM) (PG3201\/18BL;3201-104 FL;PZ3201BLFL) - V3 ATV-PARTS.HU\",\"isPartOf\":{\"@id\":\"https:\/\/v3.atv-parts.hu\/#website\"},\"primaryImageOfPage\":{\"@id\":\"https:\/\/v3.atv-parts.hu\/index.php\/termek\/pro-grip-progrip-vedoszemuveg-pg3201-fl-atzaki-kek-szinu-uveg-pg3247-sarga-tukros-karcmentes-paramentes-uv-vedelem-pg3201-18bl3201-104-flpz3201blfl\/#primaryimage\"},\"image\":{\"@id\":\"https:\/\/v3.atv-parts.hu\/index.php\/termek\/pro-grip-progrip-vedoszemuveg-pg3201-fl-atzaki-kek-szinu-uveg-pg3247-sarga-tukros-karcmentes-paramentes-uv-vedelem-pg3201-18bl3201-104-flpz3201blfl\/#primaryimage\"},\"thumbnailUrl\":\"https:\/\/v3.atv-parts.hu\/wp-content\/uploads\/2024\/04\/progrip-2023-06-gogle-pg3201.jpg\",\"datePublished\":\"2024-04-04T00:16:54+00:00\",\"dateModified\":\"2024-07-20T06:01:08+00:00\",\"breadcrumb\":{\"@id\":\"https:\/\/v3.atv-parts.hu\/index.php\/termek\/pro-grip-progrip-vedoszemuveg-pg3201-fl-atzaki-kek-szinu-uveg-pg3247-sarga-tukros-karcmentes-paramentes-uv-vedelem-pg3201-18bl3201-104-flpz3201blfl\/#breadcrumb\"},\"inLanguage\":\"hu\",\"potentialAction\":[{\"@type\":\"ReadAction\",\"target\":[\"https:\/\/v3.atv-parts.hu\/index.php\/termek\/pro-grip-progrip-vedoszemuveg-pg3201-fl-atzaki-kek-szinu-uveg-pg3247-sarga-tukros-karcmentes-paramentes-uv-vedelem-pg3201-18bl3201-104-flpz3201blfl\/\"]}]},{\"@type\":\"ImageObject\",\"inLanguage\":\"hu\",\"@id\":\"https:\/\/v3.atv-parts.hu\/index.php\/termek\/pro-grip-progrip-vedoszemuveg-pg3201-fl-atzaki-kek-szinu-uveg-pg3247-sarga-tukros-karcmentes-paramentes-uv-vedelem-pg3201-18bl3201-104-flpz3201blfl\/#primaryimage\",\"url\":\"https:\/\/v3.atv-parts.hu\/wp-content\/uploads\/2024\/04\/progrip-2023-06-gogle-pg3201.jpg\",\"contentUrl\":\"https:\/\/v3.atv-parts.hu\/wp-content\/uploads\/2024\/04\/progrip-2023-06-gogle-pg3201.jpg\",\"width\":1024,\"height\":426},{\"@type\":\"BreadcrumbList\",\"@id\":\"https:\/\/v3.atv-parts.hu\/index.php\/termek\/pro-grip-progrip-vedoszemuveg-pg3201-fl-atzaki-kek-szinu-uveg-pg3247-sarga-tukros-karcmentes-paramentes-uv-vedelem-pg3201-18bl3201-104-flpz3201blfl\/#breadcrumb\",\"itemListElement\":[{\"@type\":\"ListItem\",\"position\":1,\"name\":\"Kezd\u0151lap\",\"item\":\"https:\/\/v3.atv-parts.hu\/\"},{\"@type\":\"ListItem\",\"position\":2,\"name\":\"Bolt\",\"item\":\"https:\/\/v3.atv-parts.hu\/index.php\/bolt\/\"},{\"@type\":\"ListItem\",\"position\":3,\"name\":\"PRO GRIP PROGRIP V\u00c9D\u0150SZEM\u00dcVEG PG3201 FL ATZAKI K\u00c9K SZ\u00cdN\u0170 (\u00dcVEG PG3247 S\u00c1RGA T\u00dcKR\u00d6S KARCMENTES, P\u00c1RAMENTES, UV-V\u00c9DELEM) (PG3201\/18BL;3201-104 FL;PZ3201BLFL)\"}]},{\"@type\":\"WebSite\",\"@id\":\"https:\/\/v3.atv-parts.hu\/#website\",\"url\":\"https:\/\/v3.atv-parts.hu\/\",\"name\":\"V3 ATV-PARTS.HU\",\"description\":\"\",\"publisher\":{\"@id\":\"https:\/\/v3.atv-parts.hu\/#organization\"},\"potentialAction\":[{\"@type\":\"SearchAction\",\"target\":{\"@type\":\"EntryPoint\",\"urlTemplate\":\"https:\/\/v3.atv-parts.hu\/?s={search_term_string}\"},\"query-input\":\"required name=search_term_string\"}],\"inLanguage\":\"hu\"},{\"@type\":\"Organization\",\"@id\":\"https:\/\/v3.atv-parts.hu\/#organization\",\"name\":\"V3 ATV-PARTS.HU\",\"url\":\"https:\/\/v3.atv-parts.hu\/\",\"logo\":{\"@type\":\"ImageObject\",\"inLanguage\":\"hu\",\"@id\":\"https:\/\/v3.atv-parts.hu\/#\/schema\/logo\/image\/\",\"url\":\"https:\/\/v3.atv-parts.hu\/wp-content\/uploads\/2021\/02\/cropped-cropped-atvlogo-1-1-1.png\",\"contentUrl\":\"https:\/\/v3.atv-parts.hu\/wp-content\/uploads\/2021\/02\/cropped-cropped-atvlogo-1-1-1.png\",\"width\":267,\"height\":160,\"caption\":\"V3 ATV-PARTS.HU\"},\"image\":{\"@id\":\"https:\/\/v3.atv-parts.hu\/#\/schema\/logo\/image\/\"},\"sameAs\":[\"https:\/\/www.facebook.com\/atvpartsHU\"]}]}<\/script>\n<meta property=\"product:price:amount\" content=\"15058.39\" \/>\n<meta property=\"product:price:currency\" content=\"HUF\" \/>\n<meta property=\"og:availability\" content=\"instock\" \/>\n<meta property=\"product:availability\" content=\"instock\" \/>\n<meta property=\"product:retailer_item_id\" content=\"PZ3201FL-104\" \/>\n<meta property=\"product:condition\" content=\"new\" \/>\n<!-- \/ Yoast SEO Premium plugin. -->","yoast_head_json":{"title":"PRO GRIP PROGRIP V\u00c9D\u0150SZEM\u00dcVEG PG3201 FL ATZAKI K\u00c9K SZ\u00cdN\u0170 (\u00dcVEG PG3247 S\u00c1RGA T\u00dcKR\u00d6S KARCMENTES, P\u00c1RAMENTES, UV-V\u00c9DELEM) (PG3201\/18BL;3201-104 FL;PZ3201BLFL) - V3 ATV-PARTS.HU","robots":{"index":"index","follow":"follow","max-snippet":"max-snippet:-1","max-image-preview":"max-image-preview:large","max-video-preview":"max-video-preview:-1"},"canonical":"https:\/\/v3.atv-parts.hu\/index.php\/termek\/pro-grip-progrip-vedoszemuveg-pg3201-fl-atzaki-kek-szinu-uveg-pg3247-sarga-tukros-karcmentes-paramentes-uv-vedelem-pg3201-18bl3201-104-flpz3201blfl\/","og_locale":"hu_HU","og_type":"article","og_title":"PRO GRIP PROGRIP V\u00c9D\u0150SZEM\u00dcVEG PG3201 FL ATZAKI K\u00c9K SZ\u00cdN\u0170 (\u00dcVEG PG3247 S\u00c1RGA T\u00dcKR\u00d6S KARCMENTES, P\u00c1RAMENTES, UV-V\u00c9DELEM) (PG3201\/18BL;3201-104 FL;PZ3201BLFL)","og_description":"PRO GRIP PROGRIP V\u00c9D\u0150SZEM\u00dcVEG PG3201 FL ATZAKI K\u00c9K SZ\u00cdN\u0170 (\u00dcVEG PG3247 S\u00c1RGA T\u00dcKR\u00d6S KARCMENTES, P\u00c1RAMENTES, UV-V\u00c9DELEM) (PG3201\/18BL;3201-104 FL;PZ3201BLFL)","og_url":"https:\/\/v3.atv-parts.hu\/index.php\/termek\/pro-grip-progrip-vedoszemuveg-pg3201-fl-atzaki-kek-szinu-uveg-pg3247-sarga-tukros-karcmentes-paramentes-uv-vedelem-pg3201-18bl3201-104-flpz3201blfl\/","og_site_name":"V3 ATV-PARTS.HU","article_publisher":"https:\/\/www.facebook.com\/atvpartsHU","article_modified_time":"2024-07-20T06:01:08+00:00","og_image":[{"width":1024,"height":426,"url":"https:\/\/v3.atv-parts.hu\/wp-content\/uploads\/2024\/04\/progrip-2023-06-gogle-pg3201.jpg","type":"image\/jpeg"}],"twitter_card":"summary_large_image","twitter_misc":{"\u00c1r":"15058,39&nbsp;&#70;&#116; \u00c1F\u00c1-val","El\u00e9rhet\u0151s\u00e9g":"K\u00e9szleten"},"schema":{"@context":"https:\/\/schema.org","@graph":[{"@type":"WebPage","@id":"https:\/\/v3.atv-parts.hu\/index.php\/termek\/pro-grip-progrip-vedoszemuveg-pg3201-fl-atzaki-kek-szinu-uveg-pg3247-sarga-tukros-karcmentes-paramentes-uv-vedelem-pg3201-18bl3201-104-flpz3201blfl\/","url":"https:\/\/v3.atv-parts.hu\/index.php\/termek\/pro-grip-progrip-vedoszemuveg-pg3201-fl-atzaki-kek-szinu-uveg-pg3247-sarga-tukros-karcmentes-paramentes-uv-vedelem-pg3201-18bl3201-104-flpz3201blfl\/","name":"PRO GRIP PROGRIP V\u00c9D\u0150SZEM\u00dcVEG PG3201 FL ATZAKI K\u00c9K SZ\u00cdN\u0170 (\u00dcVEG PG3247 S\u00c1RGA T\u00dcKR\u00d6S KARCMENTES, P\u00c1RAMENTES, UV-V\u00c9DELEM) (PG3201\/18BL;3201-104 FL;PZ3201BLFL) - V3 ATV-PARTS.HU","isPartOf":{"@id":"https:\/\/v3.atv-parts.hu\/#website"},"primaryImageOfPage":{"@id":"https:\/\/v3.atv-parts.hu\/index.php\/termek\/pro-grip-progrip-vedoszemuveg-pg3201-fl-atzaki-kek-szinu-uveg-pg3247-sarga-tukros-karcmentes-paramentes-uv-vedelem-pg3201-18bl3201-104-flpz3201blfl\/#primaryimage"},"image":{"@id":"https:\/\/v3.atv-parts.hu\/index.php\/termek\/pro-grip-progrip-vedoszemuveg-pg3201-fl-atzaki-kek-szinu-uveg-pg3247-sarga-tukros-karcmentes-paramentes-uv-vedelem-pg3201-18bl3201-104-flpz3201blfl\/#primaryimage"},"thumbnailUrl":"https:\/\/v3.atv-parts.hu\/wp-content\/uploads\/2024\/04\/progrip-2023-06-gogle-pg3201.jpg","datePublished":"2024-04-04T00:16:54+00:00","dateModified":"2024-07-20T06:01:08+00:00","breadcrumb":{"@id":"https:\/\/v3.atv-parts.hu\/index.php\/termek\/pro-grip-progrip-vedoszemuveg-pg3201-fl-atzaki-kek-szinu-uveg-pg3247-sarga-tukros-karcmentes-paramentes-uv-vedelem-pg3201-18bl3201-104-flpz3201blfl\/#breadcrumb"},"inLanguage":"hu","potentialAction":[{"@type":"ReadAction","target":["https:\/\/v3.atv-parts.hu\/index.php\/termek\/pro-grip-progrip-vedoszemuveg-pg3201-fl-atzaki-kek-szinu-uveg-pg3247-sarga-tukros-karcmentes-paramentes-uv-vedelem-pg3201-18bl3201-104-flpz3201blfl\/"]}]},{"@type":"ImageObject","inLanguage":"hu","@id":"https:\/\/v3.atv-parts.hu\/index.php\/termek\/pro-grip-progrip-vedoszemuveg-pg3201-fl-atzaki-kek-szinu-uveg-pg3247-sarga-tukros-karcmentes-paramentes-uv-vedelem-pg3201-18bl3201-104-flpz3201blfl\/#primaryimage","url":"https:\/\/v3.atv-parts.hu\/wp-content\/uploads\/2024\/04\/progrip-2023-06-gogle-pg3201.jpg","contentUrl":"https:\/\/v3.atv-parts.hu\/wp-content\/uploads\/2024\/04\/progrip-2023-06-gogle-pg3201.jpg","width":1024,"height":426},{"@type":"BreadcrumbList","@id":"https:\/\/v3.atv-parts.hu\/index.php\/termek\/pro-grip-progrip-vedoszemuveg-pg3201-fl-atzaki-kek-szinu-uveg-pg3247-sarga-tukros-karcmentes-paramentes-uv-vedelem-pg3201-18bl3201-104-flpz3201blfl\/#breadcrumb","itemListElement":[{"@type":"ListItem","position":1,"name":"Kezd\u0151lap","item":"https:\/\/v3.atv-parts.hu\/"},{"@type":"ListItem","position":2,"name":"Bolt","item":"https:\/\/v3.atv-parts.hu\/index.php\/bolt\/"},{"@type":"ListItem","position":3,"name":"PRO GRIP PROGRIP V\u00c9D\u0150SZEM\u00dcVEG PG3201 FL ATZAKI K\u00c9K SZ\u00cdN\u0170 (\u00dcVEG PG3247 S\u00c1RGA T\u00dcKR\u00d6S KARCMENTES, P\u00c1RAMENTES, UV-V\u00c9DELEM) (PG3201\/18BL;3201-104 FL;PZ3201BLFL)"}]},{"@type":"WebSite","@id":"https:\/\/v3.atv-parts.hu\/#website","url":"https:\/\/v3.atv-parts.hu\/","name":"V3 ATV-PARTS.HU","description":"","publisher":{"@id":"https:\/\/v3.atv-parts.hu\/#organization"},"potentialAction":[{"@type":"SearchAction","target":{"@type":"EntryPoint","urlTemplate":"https:\/\/v3.atv-parts.hu\/?s={search_term_string}"},"query-input":"required name=search_term_string"}],"inLanguage":"hu"},{"@type":"Organization","@id":"https:\/\/v3.atv-parts.hu\/#organization","name":"V3 ATV-PARTS.HU","url":"https:\/\/v3.atv-parts.hu\/","logo":{"@type":"ImageObject","inLanguage":"hu","@id":"https:\/\/v3.atv-parts.hu\/#\/schema\/logo\/image\/","url":"https:\/\/v3.atv-parts.hu\/wp-content\/uploads\/2021\/02\/cropped-cropped-atvlogo-1-1-1.png","contentUrl":"https:\/\/v3.atv-parts.hu\/wp-content\/uploads\/2021\/02\/cropped-cropped-atvlogo-1-1-1.png","width":267,"height":160,"caption":"V3 ATV-PARTS.HU"},"image":{"@id":"https:\/\/v3.atv-parts.hu\/#\/schema\/logo\/image\/"},"sameAs":["https:\/\/www.facebook.com\/atvpartsHU"]}]},"product_price_amount":"15058.39","product_price_currency":"HUF","og_availability":"instock","product_availability":"instock","product_retailer_item_id":"PZ3201FL-104","product_condition":"new"},"_links":{"self":[{"href":"https:\/\/v3.atv-parts.hu\/index.php\/wp-json\/wp\/v2\/product\/115884","targetHints":{"allow":["GET"]}}],"collection":[{"href":"https:\/\/v3.atv-parts.hu\/index.php\/wp-json\/wp\/v2\/product"}],"about":[{"href":"https:\/\/v3.atv-parts.hu\/index.php\/wp-json\/wp\/v2\/types\/product"}],"replies":[{"embeddable":true,"href":"https:\/\/v3.atv-parts.hu\/index.php\/wp-json\/wp\/v2\/comments?post=115884"}],"wp:featuredmedia":[{"embeddable":true,"href":"https:\/\/v3.atv-parts.hu\/index.php\/wp-json\/wp\/v2\/media\/115883"}],"wp:attachment":[{"href":"https:\/\/v3.atv-parts.hu\/index.php\/wp-json\/wp\/v2\/media?parent=115884"}],"wp:term":[{"taxonomy":"product_cat","embeddable":true,"href":"https:\/\/v3.atv-parts.hu\/index.php\/wp-json\/wp\/v2\/product_cat?post=115884"},{"taxonomy":"product_tag","embeddable":true,"href":"https:\/\/v3.atv-parts.hu\/index.php\/wp-json\/wp\/v2\/product_tag?post=115884"}],"curies":[{"name":"wp","href":"https:\/\/api.w.org\/{rel}","templated":true}]}}