{"id":117600,"date":"2024-04-04T03:08:03","date_gmt":"2024-04-04T01:08:03","guid":{"rendered":"https:\/\/v3.atv-parts.hu\/index.php\/termek\/bronco-2023-08-felso-also-vezerlokar-csavar-honda-trx-350-00-06-trx-420-07-21-trx-450-98-04-trx-500-01-19-trx-520-20-21-trx-650-rincon-03-05-trx-680-rincon-06-22-sxs-500-700-1000\/"},"modified":"2025-04-03T08:03:31","modified_gmt":"2025-04-03T06:03:31","slug":"bronco-2023-08-felso-also-vezerlokar-csavar-honda-trx-350-00-06-trx-420-07-21-trx-450-98-04-trx-500-01-19-trx-520-20-21-trx-650-rincon-03-05-trx-680-rincon-06-22-sxs-500-700-1000","status":"publish","type":"product","link":"https:\/\/v3.atv-parts.hu\/index.php\/termek\/bronco-2023-08-felso-also-vezerlokar-csavar-honda-trx-350-00-06-trx-420-07-21-trx-450-98-04-trx-500-01-19-trx-520-20-21-trx-650-rincon-03-05-trx-680-rincon-06-22-sxs-500-700-1000\/","title":{"rendered":"BRONCO  2023\/08 FELS\u0150\/ALS\u00d3 VEZ\u00c9RL\u0150KAR CSAVAR HONDA TRX 350 &#8217;00-&#8217;06, TRX 420 &#8217;07-&#8217;21, TRX 450 &#8217;98-&#8217;04, TRX 500 &#8217;01-&#8217;19, TRX 520 &#8217;20-&#8217;21, TRX 650 RINCON &#8217;03-&#8217;05, TRX 680 RINCON &#8217;06-&#8217;22, SXS 500\/700\/1000 PIONEER &#8217;15-&#8217;21 (1 DB) (42-1015)"},"content":{"rendered":"<p>BRONCO  2023\/08 FELS\u0150\/ALS\u00d3 VEZ\u00c9RL\u0150KAR CSAVAR HONDA TRX 350 &#8217;00-&#8217;06, TRX 420 &#8217;07-&#8217;21, TRX 450 &#8217;98-&#8217;04, TRX 500 &#8217;01-&#8217;19, TRX 520 &#8217;20-&#8217;21, TRX 650 RINCON &#8217;03-&#8217;05, TRX 680 RINCON &#8217;06-&#8217;22, SXS 500\/700\/1000 PIONEER &#8217;15-&#8217;21 (1 DB) (42-1015)<\/p>\n<p>EAN: AT-04024<\/p>\n<p>SKU: AT-04024<\/p>\n","protected":false},"excerpt":{"rendered":"<p>BRONCO  2023\/08 FELS\u0150\/ALS\u00d3 VEZ\u00c9RL\u0150KAR CSAVAR HONDA TRX 350 &#8217;00-&#8217;06, TRX 420 &#8217;07-&#8217;21, TRX 450 &#8217;98-&#8217;04, TRX 500 &#8217;01-&#8217;19, TRX 520 &#8217;20-&#8217;21, TRX 650 RINCON &#8217;03-&#8217;05, TRX 680 RINCON &#8217;06-&#8217;22, SXS 500\/700\/1000 PIONEER &#8217;15-&#8217;21 (1 DB) (42-1015)<\/p>\n","protected":false},"featured_media":117601,"comment_status":"closed","ping_status":"open","template":"","meta":{"_monsterinsights_skip_tracking":false,"_monsterinsights_sitenote_active":false,"_monsterinsights_sitenote_note":"","_monsterinsights_sitenote_category":0},"product_cat":[519,404,267],"product_tag":[],"class_list":{"0":"post-117600","1":"product","2":"type-product","3":"status-publish","4":"has-post-thumbnail","6":"product_cat-csavarcsapok-es-elso-lengokar","7":"product_cat-elso-felfuggesztes-es-kormanymu","8":"product_cat-felfuggesztes-es-kormanymu","9":"pa_marka-bronco","11":"first","12":"instock","13":"taxable","14":"shipping-taxable","15":"purchasable","16":"product-type-simple"},"yoast_head":"<!-- This site is optimized with the Yoast SEO Premium plugin v22.6 (Yoast SEO v22.6) - https:\/\/yoast.com\/wordpress\/plugins\/seo\/ -->\n<title>BRONCO 2023\/08 FELS\u0150\/ALS\u00d3 VEZ\u00c9RL\u0150KAR CSAVAR HONDA TRX 350 &#039;00-&#039;06, TRX 420 &#039;07-&#039;21, TRX 450 &#039;98-&#039;04, TRX 500 &#039;01-&#039;19, TRX 520 &#039;20-&#039;21, TRX 650 RINCON &#039;03-&#039;05, TRX 680 RINCON &#039;06-&#039;22, SXS 500\/700\/1000 PIONEER &#039;15-&#039;21 (1 DB) (42-1015) - V3 ATV-PARTS.HU<\/title>\n<meta name=\"robots\" content=\"index, follow, max-snippet:-1, max-image-preview:large, max-video-preview:-1\" \/>\n<link rel=\"canonical\" href=\"https:\/\/v3.atv-parts.hu\/index.php\/termek\/bronco-2023-08-felso-also-vezerlokar-csavar-honda-trx-350-00-06-trx-420-07-21-trx-450-98-04-trx-500-01-19-trx-520-20-21-trx-650-rincon-03-05-trx-680-rincon-06-22-sxs-500-700-1000\/\" \/>\n<meta property=\"og:locale\" content=\"hu_HU\" \/>\n<meta property=\"og:type\" content=\"article\" \/>\n<meta property=\"og:title\" content=\"BRONCO 2023\/08 FELS\u0150\/ALS\u00d3 VEZ\u00c9RL\u0150KAR CSAVAR HONDA TRX 350 &#039;00-&#039;06, TRX 420 &#039;07-&#039;21, TRX 450 &#039;98-&#039;04, TRX 500 &#039;01-&#039;19, TRX 520 &#039;20-&#039;21, TRX 650 RINCON &#039;03-&#039;05, TRX 680 RINCON &#039;06-&#039;22, SXS 500\/700\/1000 PIONEER &#039;15-&#039;21 (1 DB) (42-1015)\" \/>\n<meta property=\"og:description\" content=\"BRONCO 2023\/08 FELS\u0150\/ALS\u00d3 VEZ\u00c9RL\u0150KAR CSAVAR HONDA TRX 350 &#039;00-&#039;06, TRX 420 &#039;07-&#039;21, TRX 450 &#039;98-&#039;04, TRX 500 &#039;01-&#039;19, TRX 520 &#039;20-&#039;21, TRX 650 RINCON &#039;03-&#039;05, TRX 680 RINCON &#039;06-&#039;22, SXS 500\/700\/1000 PIONEER &#039;15-&#039;21 (1 DB) (42-1015)\" \/>\n<meta property=\"og:url\" content=\"https:\/\/v3.atv-parts.hu\/index.php\/termek\/bronco-2023-08-felso-also-vezerlokar-csavar-honda-trx-350-00-06-trx-420-07-21-trx-450-98-04-trx-500-01-19-trx-520-20-21-trx-650-rincon-03-05-trx-680-rincon-06-22-sxs-500-700-1000\/\" \/>\n<meta property=\"og:site_name\" content=\"V3 ATV-PARTS.HU\" \/>\n<meta property=\"article:publisher\" content=\"https:\/\/www.facebook.com\/atvpartsHU\" \/>\n<meta property=\"article:modified_time\" content=\"2025-04-03T06:03:31+00:00\" \/>\n<meta property=\"og:image\" content=\"https:\/\/v3.atv-parts.hu\/wp-content\/uploads\/2024\/04\/bronco-2023-08-sworzen-wahacza-gorny-dolny-honda-t.jpg\" \/>\n\t<meta property=\"og:image:width\" content=\"1067\" \/>\n\t<meta property=\"og:image:height\" content=\"800\" \/>\n\t<meta property=\"og:image:type\" content=\"image\/jpeg\" \/>\n<meta name=\"twitter:card\" content=\"summary_large_image\" \/>\n<meta name=\"twitter:label1\" content=\"\u00c1r\" \/>\n\t<meta name=\"twitter:data1\" content=\"7532,37&nbsp;&#70;&#116; \u00c1F\u00c1-val\" \/>\n\t<meta name=\"twitter:label2\" content=\"El\u00e9rhet\u0151s\u00e9g\" \/>\n\t<meta name=\"twitter:data2\" content=\"K\u00e9szleten\" \/>\n<script type=\"application\/ld+json\" class=\"yoast-schema-graph\">{\"@context\":\"https:\/\/schema.org\",\"@graph\":[{\"@type\":\"WebPage\",\"@id\":\"https:\/\/v3.atv-parts.hu\/index.php\/termek\/bronco-2023-08-felso-also-vezerlokar-csavar-honda-trx-350-00-06-trx-420-07-21-trx-450-98-04-trx-500-01-19-trx-520-20-21-trx-650-rincon-03-05-trx-680-rincon-06-22-sxs-500-700-1000\/\",\"url\":\"https:\/\/v3.atv-parts.hu\/index.php\/termek\/bronco-2023-08-felso-also-vezerlokar-csavar-honda-trx-350-00-06-trx-420-07-21-trx-450-98-04-trx-500-01-19-trx-520-20-21-trx-650-rincon-03-05-trx-680-rincon-06-22-sxs-500-700-1000\/\",\"name\":\"BRONCO 2023\/08 FELS\u0150\/ALS\u00d3 VEZ\u00c9RL\u0150KAR CSAVAR HONDA TRX 350 '00-'06, TRX 420 '07-'21, TRX 450 '98-'04, TRX 500 '01-'19, TRX 520 '20-'21, TRX 650 RINCON '03-'05, TRX 680 RINCON '06-'22, SXS 500\/700\/1000 PIONEER '15-'21 (1 DB) (42-1015) - V3 ATV-PARTS.HU\",\"isPartOf\":{\"@id\":\"https:\/\/v3.atv-parts.hu\/#website\"},\"primaryImageOfPage\":{\"@id\":\"https:\/\/v3.atv-parts.hu\/index.php\/termek\/bronco-2023-08-felso-also-vezerlokar-csavar-honda-trx-350-00-06-trx-420-07-21-trx-450-98-04-trx-500-01-19-trx-520-20-21-trx-650-rincon-03-05-trx-680-rincon-06-22-sxs-500-700-1000\/#primaryimage\"},\"image\":{\"@id\":\"https:\/\/v3.atv-parts.hu\/index.php\/termek\/bronco-2023-08-felso-also-vezerlokar-csavar-honda-trx-350-00-06-trx-420-07-21-trx-450-98-04-trx-500-01-19-trx-520-20-21-trx-650-rincon-03-05-trx-680-rincon-06-22-sxs-500-700-1000\/#primaryimage\"},\"thumbnailUrl\":\"https:\/\/v3.atv-parts.hu\/wp-content\/uploads\/2024\/04\/bronco-2023-08-sworzen-wahacza-gorny-dolny-honda-t.jpg\",\"datePublished\":\"2024-04-04T01:08:03+00:00\",\"dateModified\":\"2025-04-03T06:03:31+00:00\",\"breadcrumb\":{\"@id\":\"https:\/\/v3.atv-parts.hu\/index.php\/termek\/bronco-2023-08-felso-also-vezerlokar-csavar-honda-trx-350-00-06-trx-420-07-21-trx-450-98-04-trx-500-01-19-trx-520-20-21-trx-650-rincon-03-05-trx-680-rincon-06-22-sxs-500-700-1000\/#breadcrumb\"},\"inLanguage\":\"hu\",\"potentialAction\":[{\"@type\":\"ReadAction\",\"target\":[\"https:\/\/v3.atv-parts.hu\/index.php\/termek\/bronco-2023-08-felso-also-vezerlokar-csavar-honda-trx-350-00-06-trx-420-07-21-trx-450-98-04-trx-500-01-19-trx-520-20-21-trx-650-rincon-03-05-trx-680-rincon-06-22-sxs-500-700-1000\/\"]}]},{\"@type\":\"ImageObject\",\"inLanguage\":\"hu\",\"@id\":\"https:\/\/v3.atv-parts.hu\/index.php\/termek\/bronco-2023-08-felso-also-vezerlokar-csavar-honda-trx-350-00-06-trx-420-07-21-trx-450-98-04-trx-500-01-19-trx-520-20-21-trx-650-rincon-03-05-trx-680-rincon-06-22-sxs-500-700-1000\/#primaryimage\",\"url\":\"https:\/\/v3.atv-parts.hu\/wp-content\/uploads\/2024\/04\/bronco-2023-08-sworzen-wahacza-gorny-dolny-honda-t.jpg\",\"contentUrl\":\"https:\/\/v3.atv-parts.hu\/wp-content\/uploads\/2024\/04\/bronco-2023-08-sworzen-wahacza-gorny-dolny-honda-t.jpg\",\"width\":1067,\"height\":800},{\"@type\":\"BreadcrumbList\",\"@id\":\"https:\/\/v3.atv-parts.hu\/index.php\/termek\/bronco-2023-08-felso-also-vezerlokar-csavar-honda-trx-350-00-06-trx-420-07-21-trx-450-98-04-trx-500-01-19-trx-520-20-21-trx-650-rincon-03-05-trx-680-rincon-06-22-sxs-500-700-1000\/#breadcrumb\",\"itemListElement\":[{\"@type\":\"ListItem\",\"position\":1,\"name\":\"Kezd\u0151lap\",\"item\":\"https:\/\/v3.atv-parts.hu\/\"},{\"@type\":\"ListItem\",\"position\":2,\"name\":\"Bolt\",\"item\":\"https:\/\/v3.atv-parts.hu\/index.php\/bolt\/\"},{\"@type\":\"ListItem\",\"position\":3,\"name\":\"BRONCO 2023\/08 FELS\u0150\/ALS\u00d3 VEZ\u00c9RL\u0150KAR CSAVAR HONDA TRX 350 &#8217;00-&#8217;06, TRX 420 &#8217;07-&#8217;21, TRX 450 &#8217;98-&#8217;04, TRX 500 &#8217;01-&#8217;19, TRX 520 &#8217;20-&#8217;21, TRX 650 RINCON &#8217;03-&#8217;05, TRX 680 RINCON &#8217;06-&#8217;22, SXS 500\/700\/1000 PIONEER &#8217;15-&#8217;21 (1 DB) (42-1015)\"}]},{\"@type\":\"WebSite\",\"@id\":\"https:\/\/v3.atv-parts.hu\/#website\",\"url\":\"https:\/\/v3.atv-parts.hu\/\",\"name\":\"V3 ATV-PARTS.HU\",\"description\":\"\",\"publisher\":{\"@id\":\"https:\/\/v3.atv-parts.hu\/#organization\"},\"potentialAction\":[{\"@type\":\"SearchAction\",\"target\":{\"@type\":\"EntryPoint\",\"urlTemplate\":\"https:\/\/v3.atv-parts.hu\/?s={search_term_string}\"},\"query-input\":\"required name=search_term_string\"}],\"inLanguage\":\"hu\"},{\"@type\":\"Organization\",\"@id\":\"https:\/\/v3.atv-parts.hu\/#organization\",\"name\":\"V3 ATV-PARTS.HU\",\"url\":\"https:\/\/v3.atv-parts.hu\/\",\"logo\":{\"@type\":\"ImageObject\",\"inLanguage\":\"hu\",\"@id\":\"https:\/\/v3.atv-parts.hu\/#\/schema\/logo\/image\/\",\"url\":\"https:\/\/v3.atv-parts.hu\/wp-content\/uploads\/2021\/02\/cropped-cropped-atvlogo-1-1-1.png\",\"contentUrl\":\"https:\/\/v3.atv-parts.hu\/wp-content\/uploads\/2021\/02\/cropped-cropped-atvlogo-1-1-1.png\",\"width\":267,\"height\":160,\"caption\":\"V3 ATV-PARTS.HU\"},\"image\":{\"@id\":\"https:\/\/v3.atv-parts.hu\/#\/schema\/logo\/image\/\"},\"sameAs\":[\"https:\/\/www.facebook.com\/atvpartsHU\"]}]}<\/script>\n<meta property=\"product:price:amount\" content=\"7532.37\" \/>\n<meta property=\"product:price:currency\" content=\"HUF\" \/>\n<meta property=\"og:availability\" content=\"instock\" \/>\n<meta property=\"product:availability\" content=\"instock\" \/>\n<meta property=\"product:retailer_item_id\" content=\"AT-04024\" \/>\n<meta property=\"product:condition\" content=\"new\" \/>\n<!-- \/ Yoast SEO Premium plugin. -->","yoast_head_json":{"title":"BRONCO 2023\/08 FELS\u0150\/ALS\u00d3 VEZ\u00c9RL\u0150KAR CSAVAR HONDA TRX 350 '00-'06, TRX 420 '07-'21, TRX 450 '98-'04, TRX 500 '01-'19, TRX 520 '20-'21, TRX 650 RINCON '03-'05, TRX 680 RINCON '06-'22, SXS 500\/700\/1000 PIONEER '15-'21 (1 DB) (42-1015) - V3 ATV-PARTS.HU","robots":{"index":"index","follow":"follow","max-snippet":"max-snippet:-1","max-image-preview":"max-image-preview:large","max-video-preview":"max-video-preview:-1"},"canonical":"https:\/\/v3.atv-parts.hu\/index.php\/termek\/bronco-2023-08-felso-also-vezerlokar-csavar-honda-trx-350-00-06-trx-420-07-21-trx-450-98-04-trx-500-01-19-trx-520-20-21-trx-650-rincon-03-05-trx-680-rincon-06-22-sxs-500-700-1000\/","og_locale":"hu_HU","og_type":"article","og_title":"BRONCO 2023\/08 FELS\u0150\/ALS\u00d3 VEZ\u00c9RL\u0150KAR CSAVAR HONDA TRX 350 '00-'06, TRX 420 '07-'21, TRX 450 '98-'04, TRX 500 '01-'19, TRX 520 '20-'21, TRX 650 RINCON '03-'05, TRX 680 RINCON '06-'22, SXS 500\/700\/1000 PIONEER '15-'21 (1 DB) (42-1015)","og_description":"BRONCO 2023\/08 FELS\u0150\/ALS\u00d3 VEZ\u00c9RL\u0150KAR CSAVAR HONDA TRX 350 '00-'06, TRX 420 '07-'21, TRX 450 '98-'04, TRX 500 '01-'19, TRX 520 '20-'21, TRX 650 RINCON '03-'05, TRX 680 RINCON '06-'22, SXS 500\/700\/1000 PIONEER '15-'21 (1 DB) (42-1015)","og_url":"https:\/\/v3.atv-parts.hu\/index.php\/termek\/bronco-2023-08-felso-also-vezerlokar-csavar-honda-trx-350-00-06-trx-420-07-21-trx-450-98-04-trx-500-01-19-trx-520-20-21-trx-650-rincon-03-05-trx-680-rincon-06-22-sxs-500-700-1000\/","og_site_name":"V3 ATV-PARTS.HU","article_publisher":"https:\/\/www.facebook.com\/atvpartsHU","article_modified_time":"2025-04-03T06:03:31+00:00","og_image":[{"width":1067,"height":800,"url":"https:\/\/v3.atv-parts.hu\/wp-content\/uploads\/2024\/04\/bronco-2023-08-sworzen-wahacza-gorny-dolny-honda-t.jpg","type":"image\/jpeg"}],"twitter_card":"summary_large_image","twitter_misc":{"\u00c1r":"7532,37&nbsp;&#70;&#116; \u00c1F\u00c1-val","El\u00e9rhet\u0151s\u00e9g":"K\u00e9szleten"},"schema":{"@context":"https:\/\/schema.org","@graph":[{"@type":"WebPage","@id":"https:\/\/v3.atv-parts.hu\/index.php\/termek\/bronco-2023-08-felso-also-vezerlokar-csavar-honda-trx-350-00-06-trx-420-07-21-trx-450-98-04-trx-500-01-19-trx-520-20-21-trx-650-rincon-03-05-trx-680-rincon-06-22-sxs-500-700-1000\/","url":"https:\/\/v3.atv-parts.hu\/index.php\/termek\/bronco-2023-08-felso-also-vezerlokar-csavar-honda-trx-350-00-06-trx-420-07-21-trx-450-98-04-trx-500-01-19-trx-520-20-21-trx-650-rincon-03-05-trx-680-rincon-06-22-sxs-500-700-1000\/","name":"BRONCO 2023\/08 FELS\u0150\/ALS\u00d3 VEZ\u00c9RL\u0150KAR CSAVAR HONDA TRX 350 '00-'06, TRX 420 '07-'21, TRX 450 '98-'04, TRX 500 '01-'19, TRX 520 '20-'21, TRX 650 RINCON '03-'05, TRX 680 RINCON '06-'22, SXS 500\/700\/1000 PIONEER '15-'21 (1 DB) (42-1015) - V3 ATV-PARTS.HU","isPartOf":{"@id":"https:\/\/v3.atv-parts.hu\/#website"},"primaryImageOfPage":{"@id":"https:\/\/v3.atv-parts.hu\/index.php\/termek\/bronco-2023-08-felso-also-vezerlokar-csavar-honda-trx-350-00-06-trx-420-07-21-trx-450-98-04-trx-500-01-19-trx-520-20-21-trx-650-rincon-03-05-trx-680-rincon-06-22-sxs-500-700-1000\/#primaryimage"},"image":{"@id":"https:\/\/v3.atv-parts.hu\/index.php\/termek\/bronco-2023-08-felso-also-vezerlokar-csavar-honda-trx-350-00-06-trx-420-07-21-trx-450-98-04-trx-500-01-19-trx-520-20-21-trx-650-rincon-03-05-trx-680-rincon-06-22-sxs-500-700-1000\/#primaryimage"},"thumbnailUrl":"https:\/\/v3.atv-parts.hu\/wp-content\/uploads\/2024\/04\/bronco-2023-08-sworzen-wahacza-gorny-dolny-honda-t.jpg","datePublished":"2024-04-04T01:08:03+00:00","dateModified":"2025-04-03T06:03:31+00:00","breadcrumb":{"@id":"https:\/\/v3.atv-parts.hu\/index.php\/termek\/bronco-2023-08-felso-also-vezerlokar-csavar-honda-trx-350-00-06-trx-420-07-21-trx-450-98-04-trx-500-01-19-trx-520-20-21-trx-650-rincon-03-05-trx-680-rincon-06-22-sxs-500-700-1000\/#breadcrumb"},"inLanguage":"hu","potentialAction":[{"@type":"ReadAction","target":["https:\/\/v3.atv-parts.hu\/index.php\/termek\/bronco-2023-08-felso-also-vezerlokar-csavar-honda-trx-350-00-06-trx-420-07-21-trx-450-98-04-trx-500-01-19-trx-520-20-21-trx-650-rincon-03-05-trx-680-rincon-06-22-sxs-500-700-1000\/"]}]},{"@type":"ImageObject","inLanguage":"hu","@id":"https:\/\/v3.atv-parts.hu\/index.php\/termek\/bronco-2023-08-felso-also-vezerlokar-csavar-honda-trx-350-00-06-trx-420-07-21-trx-450-98-04-trx-500-01-19-trx-520-20-21-trx-650-rincon-03-05-trx-680-rincon-06-22-sxs-500-700-1000\/#primaryimage","url":"https:\/\/v3.atv-parts.hu\/wp-content\/uploads\/2024\/04\/bronco-2023-08-sworzen-wahacza-gorny-dolny-honda-t.jpg","contentUrl":"https:\/\/v3.atv-parts.hu\/wp-content\/uploads\/2024\/04\/bronco-2023-08-sworzen-wahacza-gorny-dolny-honda-t.jpg","width":1067,"height":800},{"@type":"BreadcrumbList","@id":"https:\/\/v3.atv-parts.hu\/index.php\/termek\/bronco-2023-08-felso-also-vezerlokar-csavar-honda-trx-350-00-06-trx-420-07-21-trx-450-98-04-trx-500-01-19-trx-520-20-21-trx-650-rincon-03-05-trx-680-rincon-06-22-sxs-500-700-1000\/#breadcrumb","itemListElement":[{"@type":"ListItem","position":1,"name":"Kezd\u0151lap","item":"https:\/\/v3.atv-parts.hu\/"},{"@type":"ListItem","position":2,"name":"Bolt","item":"https:\/\/v3.atv-parts.hu\/index.php\/bolt\/"},{"@type":"ListItem","position":3,"name":"BRONCO 2023\/08 FELS\u0150\/ALS\u00d3 VEZ\u00c9RL\u0150KAR CSAVAR HONDA TRX 350 &#8217;00-&#8217;06, TRX 420 &#8217;07-&#8217;21, TRX 450 &#8217;98-&#8217;04, TRX 500 &#8217;01-&#8217;19, TRX 520 &#8217;20-&#8217;21, TRX 650 RINCON &#8217;03-&#8217;05, TRX 680 RINCON &#8217;06-&#8217;22, SXS 500\/700\/1000 PIONEER &#8217;15-&#8217;21 (1 DB) (42-1015)"}]},{"@type":"WebSite","@id":"https:\/\/v3.atv-parts.hu\/#website","url":"https:\/\/v3.atv-parts.hu\/","name":"V3 ATV-PARTS.HU","description":"","publisher":{"@id":"https:\/\/v3.atv-parts.hu\/#organization"},"potentialAction":[{"@type":"SearchAction","target":{"@type":"EntryPoint","urlTemplate":"https:\/\/v3.atv-parts.hu\/?s={search_term_string}"},"query-input":"required name=search_term_string"}],"inLanguage":"hu"},{"@type":"Organization","@id":"https:\/\/v3.atv-parts.hu\/#organization","name":"V3 ATV-PARTS.HU","url":"https:\/\/v3.atv-parts.hu\/","logo":{"@type":"ImageObject","inLanguage":"hu","@id":"https:\/\/v3.atv-parts.hu\/#\/schema\/logo\/image\/","url":"https:\/\/v3.atv-parts.hu\/wp-content\/uploads\/2021\/02\/cropped-cropped-atvlogo-1-1-1.png","contentUrl":"https:\/\/v3.atv-parts.hu\/wp-content\/uploads\/2021\/02\/cropped-cropped-atvlogo-1-1-1.png","width":267,"height":160,"caption":"V3 ATV-PARTS.HU"},"image":{"@id":"https:\/\/v3.atv-parts.hu\/#\/schema\/logo\/image\/"},"sameAs":["https:\/\/www.facebook.com\/atvpartsHU"]}]},"product_price_amount":"7532.37","product_price_currency":"HUF","og_availability":"instock","product_availability":"instock","product_retailer_item_id":"AT-04024","product_condition":"new"},"_links":{"self":[{"href":"https:\/\/v3.atv-parts.hu\/index.php\/wp-json\/wp\/v2\/product\/117600","targetHints":{"allow":["GET"]}}],"collection":[{"href":"https:\/\/v3.atv-parts.hu\/index.php\/wp-json\/wp\/v2\/product"}],"about":[{"href":"https:\/\/v3.atv-parts.hu\/index.php\/wp-json\/wp\/v2\/types\/product"}],"replies":[{"embeddable":true,"href":"https:\/\/v3.atv-parts.hu\/index.php\/wp-json\/wp\/v2\/comments?post=117600"}],"wp:featuredmedia":[{"embeddable":true,"href":"https:\/\/v3.atv-parts.hu\/index.php\/wp-json\/wp\/v2\/media\/117601"}],"wp:attachment":[{"href":"https:\/\/v3.atv-parts.hu\/index.php\/wp-json\/wp\/v2\/media?parent=117600"}],"wp:term":[{"taxonomy":"product_cat","embeddable":true,"href":"https:\/\/v3.atv-parts.hu\/index.php\/wp-json\/wp\/v2\/product_cat?post=117600"},{"taxonomy":"product_tag","embeddable":true,"href":"https:\/\/v3.atv-parts.hu\/index.php\/wp-json\/wp\/v2\/product_tag?post=117600"}],"curies":[{"name":"wp","href":"https:\/\/api.w.org\/{rel}","templated":true}]}}