{"id":117625,"date":"2024-04-04T03:08:03","date_gmt":"2024-04-04T01:08:03","guid":{"rendered":"https:\/\/v3.atv-parts.hu\/index.php\/termek\/bronco-2023-08-vezerlokar-felso-also-csap-suzuki-ltz-250-04-09-yamaha-yfz-450-04-21-yfm-700-raptor-14-21-felso-yamaha-yfm-550-grizzly-09-12-also-yamaha-yfm-660-raptor-01-05-yfm-700-rap\/"},"modified":"2025-01-29T08:03:27","modified_gmt":"2025-01-29T07:03:27","slug":"bronco-2023-08-vezerlokar-felso-also-csap-suzuki-ltz-250-04-09-yamaha-yfz-450-04-21-yfm-700-raptor-14-21-felso-yamaha-yfm-550-grizzly-09-12-also-yamaha-yfm-660-raptor-01-05-yfm-700-rap","status":"publish","type":"product","link":"https:\/\/v3.atv-parts.hu\/index.php\/termek\/bronco-2023-08-vezerlokar-felso-also-csap-suzuki-ltz-250-04-09-yamaha-yfz-450-04-21-yfm-700-raptor-14-21-felso-yamaha-yfm-550-grizzly-09-12-also-yamaha-yfm-660-raptor-01-05-yfm-700-rap\/","title":{"rendered":"BRONCO  2023\/08 VEZ\u00c9RL\u0150KAR FELS\u0150\/ALS\u00d3 CSAP SUZUKI LTZ 250 &#8217;04-&#8217;09, YAMAHA YFZ 450 &#8217;04-&#8217;21, YFM 700 RAPTOR &#8217;14-&#8217;21, FELS\u0150 YAMAHA YFM 550 GRIZZLY &#8217;09-&#8217;12, ALS\u00d3 YAMAHA YFM 660 RAPTOR &#8217;01-&#8217;05, YFM 700 RAPTOR &#8217;06-&#8217;13 (42-1029)"},"content":{"rendered":"<p>BRONCO  2023\/08 VEZ\u00c9RL\u0150KAR FELS\u0150\/ALS\u00d3 CSAP SUZUKI LTZ 250 &#8217;04-&#8217;09, YAMAHA YFZ 450 &#8217;04-&#8217;21, YFM 700 RAPTOR &#8217;14-&#8217;21, FELS\u0150 YAMAHA YFM 550 GRIZZLY &#8217;09-&#8217;12, ALS\u00d3 YAMAHA YFM 660 RAPTOR &#8217;01-&#8217;05, YFM 700 RAPTOR &#8217;06-&#8217;13 (42-1029)<\/p>\n<p>EAN: AT-08801<\/p>\n<p>SKU: AT-08801<\/p>\n","protected":false},"excerpt":{"rendered":"<p>BRONCO  2023\/08 VEZ\u00c9RL\u0150KAR FELS\u0150\/ALS\u00d3 CSAP SUZUKI LTZ 250 &#8217;04-&#8217;09, YAMAHA YFZ 450 &#8217;04-&#8217;21, YFM 700 RAPTOR &#8217;14-&#8217;21, FELS\u0150 YAMAHA YFM 550 GRIZZLY &#8217;09-&#8217;12, ALS\u00d3 YAMAHA YFM 660 RAPTOR &#8217;01-&#8217;05, YFM 700 RAPTOR &#8217;06-&#8217;13 (42-1029)<\/p>\n","protected":false},"featured_media":117626,"comment_status":"closed","ping_status":"open","template":"","meta":{"_monsterinsights_skip_tracking":false,"_monsterinsights_sitenote_active":false,"_monsterinsights_sitenote_note":"","_monsterinsights_sitenote_category":0},"product_cat":[519,404,267],"product_tag":[],"class_list":{"0":"post-117625","1":"product","2":"type-product","3":"status-publish","4":"has-post-thumbnail","6":"product_cat-csavarcsapok-es-elso-lengokar","7":"product_cat-elso-felfuggesztes-es-kormanymu","8":"product_cat-felfuggesztes-es-kormanymu","9":"pa_marka-bronco","11":"first","12":"instock","13":"taxable","14":"shipping-taxable","15":"purchasable","16":"product-type-simple"},"yoast_head":"<!-- This site is optimized with the Yoast SEO Premium plugin v22.6 (Yoast SEO v22.6) - https:\/\/yoast.com\/wordpress\/plugins\/seo\/ -->\n<title>BRONCO 2023\/08 VEZ\u00c9RL\u0150KAR FELS\u0150\/ALS\u00d3 CSAP SUZUKI LTZ 250 &#039;04-&#039;09, YAMAHA YFZ 450 &#039;04-&#039;21, YFM 700 RAPTOR &#039;14-&#039;21, FELS\u0150 YAMAHA YFM 550 GRIZZLY &#039;09-&#039;12, ALS\u00d3 YAMAHA YFM 660 RAPTOR &#039;01-&#039;05, YFM 700 RAPTOR &#039;06-&#039;13 (42-1029) - V3 ATV-PARTS.HU<\/title>\n<meta name=\"robots\" content=\"index, follow, max-snippet:-1, max-image-preview:large, max-video-preview:-1\" \/>\n<link rel=\"canonical\" href=\"https:\/\/v3.atv-parts.hu\/index.php\/termek\/bronco-2023-08-vezerlokar-felso-also-csap-suzuki-ltz-250-04-09-yamaha-yfz-450-04-21-yfm-700-raptor-14-21-felso-yamaha-yfm-550-grizzly-09-12-also-yamaha-yfm-660-raptor-01-05-yfm-700-rap\/\" \/>\n<meta property=\"og:locale\" content=\"hu_HU\" \/>\n<meta property=\"og:type\" content=\"article\" \/>\n<meta property=\"og:title\" content=\"BRONCO 2023\/08 VEZ\u00c9RL\u0150KAR FELS\u0150\/ALS\u00d3 CSAP SUZUKI LTZ 250 &#039;04-&#039;09, YAMAHA YFZ 450 &#039;04-&#039;21, YFM 700 RAPTOR &#039;14-&#039;21, FELS\u0150 YAMAHA YFM 550 GRIZZLY &#039;09-&#039;12, ALS\u00d3 YAMAHA YFM 660 RAPTOR &#039;01-&#039;05, YFM 700 RAPTOR &#039;06-&#039;13 (42-1029)\" \/>\n<meta property=\"og:description\" content=\"BRONCO 2023\/08 VEZ\u00c9RL\u0150KAR FELS\u0150\/ALS\u00d3 CSAP SUZUKI LTZ 250 &#039;04-&#039;09, YAMAHA YFZ 450 &#039;04-&#039;21, YFM 700 RAPTOR &#039;14-&#039;21, FELS\u0150 YAMAHA YFM 550 GRIZZLY &#039;09-&#039;12, ALS\u00d3 YAMAHA YFM 660 RAPTOR &#039;01-&#039;05, YFM 700 RAPTOR &#039;06-&#039;13 (42-1029)\" \/>\n<meta property=\"og:url\" content=\"https:\/\/v3.atv-parts.hu\/index.php\/termek\/bronco-2023-08-vezerlokar-felso-also-csap-suzuki-ltz-250-04-09-yamaha-yfz-450-04-21-yfm-700-raptor-14-21-felso-yamaha-yfm-550-grizzly-09-12-also-yamaha-yfm-660-raptor-01-05-yfm-700-rap\/\" \/>\n<meta property=\"og:site_name\" content=\"V3 ATV-PARTS.HU\" \/>\n<meta property=\"article:publisher\" content=\"https:\/\/www.facebook.com\/atvpartsHU\" \/>\n<meta property=\"article:modified_time\" content=\"2025-01-29T07:03:27+00:00\" \/>\n<meta property=\"og:image\" content=\"https:\/\/v3.atv-parts.hu\/wp-content\/uploads\/2024\/04\/bronco-2023-08-sworzen-wahacza-dolny-yamaha-yfz-45.jpg\" \/>\n\t<meta property=\"og:image:width\" content=\"1067\" \/>\n\t<meta property=\"og:image:height\" content=\"800\" \/>\n\t<meta property=\"og:image:type\" content=\"image\/jpeg\" \/>\n<meta name=\"twitter:card\" content=\"summary_large_image\" \/>\n<meta name=\"twitter:label1\" content=\"\u00c1r\" \/>\n\t<meta name=\"twitter:data1\" content=\"7890,51&nbsp;&#70;&#116; \u00c1F\u00c1-val\" \/>\n\t<meta name=\"twitter:label2\" content=\"El\u00e9rhet\u0151s\u00e9g\" \/>\n\t<meta name=\"twitter:data2\" content=\"K\u00e9szleten\" \/>\n<script type=\"application\/ld+json\" class=\"yoast-schema-graph\">{\"@context\":\"https:\/\/schema.org\",\"@graph\":[{\"@type\":\"WebPage\",\"@id\":\"https:\/\/v3.atv-parts.hu\/index.php\/termek\/bronco-2023-08-vezerlokar-felso-also-csap-suzuki-ltz-250-04-09-yamaha-yfz-450-04-21-yfm-700-raptor-14-21-felso-yamaha-yfm-550-grizzly-09-12-also-yamaha-yfm-660-raptor-01-05-yfm-700-rap\/\",\"url\":\"https:\/\/v3.atv-parts.hu\/index.php\/termek\/bronco-2023-08-vezerlokar-felso-also-csap-suzuki-ltz-250-04-09-yamaha-yfz-450-04-21-yfm-700-raptor-14-21-felso-yamaha-yfm-550-grizzly-09-12-also-yamaha-yfm-660-raptor-01-05-yfm-700-rap\/\",\"name\":\"BRONCO 2023\/08 VEZ\u00c9RL\u0150KAR FELS\u0150\/ALS\u00d3 CSAP SUZUKI LTZ 250 '04-'09, YAMAHA YFZ 450 '04-'21, YFM 700 RAPTOR '14-'21, FELS\u0150 YAMAHA YFM 550 GRIZZLY '09-'12, ALS\u00d3 YAMAHA YFM 660 RAPTOR '01-'05, YFM 700 RAPTOR '06-'13 (42-1029) - V3 ATV-PARTS.HU\",\"isPartOf\":{\"@id\":\"https:\/\/v3.atv-parts.hu\/#website\"},\"primaryImageOfPage\":{\"@id\":\"https:\/\/v3.atv-parts.hu\/index.php\/termek\/bronco-2023-08-vezerlokar-felso-also-csap-suzuki-ltz-250-04-09-yamaha-yfz-450-04-21-yfm-700-raptor-14-21-felso-yamaha-yfm-550-grizzly-09-12-also-yamaha-yfm-660-raptor-01-05-yfm-700-rap\/#primaryimage\"},\"image\":{\"@id\":\"https:\/\/v3.atv-parts.hu\/index.php\/termek\/bronco-2023-08-vezerlokar-felso-also-csap-suzuki-ltz-250-04-09-yamaha-yfz-450-04-21-yfm-700-raptor-14-21-felso-yamaha-yfm-550-grizzly-09-12-also-yamaha-yfm-660-raptor-01-05-yfm-700-rap\/#primaryimage\"},\"thumbnailUrl\":\"https:\/\/v3.atv-parts.hu\/wp-content\/uploads\/2024\/04\/bronco-2023-08-sworzen-wahacza-dolny-yamaha-yfz-45.jpg\",\"datePublished\":\"2024-04-04T01:08:03+00:00\",\"dateModified\":\"2025-01-29T07:03:27+00:00\",\"breadcrumb\":{\"@id\":\"https:\/\/v3.atv-parts.hu\/index.php\/termek\/bronco-2023-08-vezerlokar-felso-also-csap-suzuki-ltz-250-04-09-yamaha-yfz-450-04-21-yfm-700-raptor-14-21-felso-yamaha-yfm-550-grizzly-09-12-also-yamaha-yfm-660-raptor-01-05-yfm-700-rap\/#breadcrumb\"},\"inLanguage\":\"hu\",\"potentialAction\":[{\"@type\":\"ReadAction\",\"target\":[\"https:\/\/v3.atv-parts.hu\/index.php\/termek\/bronco-2023-08-vezerlokar-felso-also-csap-suzuki-ltz-250-04-09-yamaha-yfz-450-04-21-yfm-700-raptor-14-21-felso-yamaha-yfm-550-grizzly-09-12-also-yamaha-yfm-660-raptor-01-05-yfm-700-rap\/\"]}]},{\"@type\":\"ImageObject\",\"inLanguage\":\"hu\",\"@id\":\"https:\/\/v3.atv-parts.hu\/index.php\/termek\/bronco-2023-08-vezerlokar-felso-also-csap-suzuki-ltz-250-04-09-yamaha-yfz-450-04-21-yfm-700-raptor-14-21-felso-yamaha-yfm-550-grizzly-09-12-also-yamaha-yfm-660-raptor-01-05-yfm-700-rap\/#primaryimage\",\"url\":\"https:\/\/v3.atv-parts.hu\/wp-content\/uploads\/2024\/04\/bronco-2023-08-sworzen-wahacza-dolny-yamaha-yfz-45.jpg\",\"contentUrl\":\"https:\/\/v3.atv-parts.hu\/wp-content\/uploads\/2024\/04\/bronco-2023-08-sworzen-wahacza-dolny-yamaha-yfz-45.jpg\",\"width\":1067,\"height\":800},{\"@type\":\"BreadcrumbList\",\"@id\":\"https:\/\/v3.atv-parts.hu\/index.php\/termek\/bronco-2023-08-vezerlokar-felso-also-csap-suzuki-ltz-250-04-09-yamaha-yfz-450-04-21-yfm-700-raptor-14-21-felso-yamaha-yfm-550-grizzly-09-12-also-yamaha-yfm-660-raptor-01-05-yfm-700-rap\/#breadcrumb\",\"itemListElement\":[{\"@type\":\"ListItem\",\"position\":1,\"name\":\"Kezd\u0151lap\",\"item\":\"https:\/\/v3.atv-parts.hu\/\"},{\"@type\":\"ListItem\",\"position\":2,\"name\":\"Bolt\",\"item\":\"https:\/\/v3.atv-parts.hu\/index.php\/bolt\/\"},{\"@type\":\"ListItem\",\"position\":3,\"name\":\"BRONCO 2023\/08 VEZ\u00c9RL\u0150KAR FELS\u0150\/ALS\u00d3 CSAP SUZUKI LTZ 250 &#8217;04-&#8217;09, YAMAHA YFZ 450 &#8217;04-&#8217;21, YFM 700 RAPTOR &#8217;14-&#8217;21, FELS\u0150 YAMAHA YFM 550 GRIZZLY &#8217;09-&#8217;12, ALS\u00d3 YAMAHA YFM 660 RAPTOR &#8217;01-&#8217;05, YFM 700 RAPTOR &#8217;06-&#8217;13 (42-1029)\"}]},{\"@type\":\"WebSite\",\"@id\":\"https:\/\/v3.atv-parts.hu\/#website\",\"url\":\"https:\/\/v3.atv-parts.hu\/\",\"name\":\"V3 ATV-PARTS.HU\",\"description\":\"\",\"publisher\":{\"@id\":\"https:\/\/v3.atv-parts.hu\/#organization\"},\"potentialAction\":[{\"@type\":\"SearchAction\",\"target\":{\"@type\":\"EntryPoint\",\"urlTemplate\":\"https:\/\/v3.atv-parts.hu\/?s={search_term_string}\"},\"query-input\":\"required name=search_term_string\"}],\"inLanguage\":\"hu\"},{\"@type\":\"Organization\",\"@id\":\"https:\/\/v3.atv-parts.hu\/#organization\",\"name\":\"V3 ATV-PARTS.HU\",\"url\":\"https:\/\/v3.atv-parts.hu\/\",\"logo\":{\"@type\":\"ImageObject\",\"inLanguage\":\"hu\",\"@id\":\"https:\/\/v3.atv-parts.hu\/#\/schema\/logo\/image\/\",\"url\":\"https:\/\/v3.atv-parts.hu\/wp-content\/uploads\/2021\/02\/cropped-cropped-atvlogo-1-1-1.png\",\"contentUrl\":\"https:\/\/v3.atv-parts.hu\/wp-content\/uploads\/2021\/02\/cropped-cropped-atvlogo-1-1-1.png\",\"width\":267,\"height\":160,\"caption\":\"V3 ATV-PARTS.HU\"},\"image\":{\"@id\":\"https:\/\/v3.atv-parts.hu\/#\/schema\/logo\/image\/\"},\"sameAs\":[\"https:\/\/www.facebook.com\/atvpartsHU\"]}]}<\/script>\n<meta property=\"product:price:amount\" content=\"7890.51\" \/>\n<meta property=\"product:price:currency\" content=\"HUF\" \/>\n<meta property=\"og:availability\" content=\"instock\" \/>\n<meta property=\"product:availability\" content=\"instock\" \/>\n<meta property=\"product:retailer_item_id\" content=\"AT-08801\" \/>\n<meta property=\"product:condition\" content=\"new\" \/>\n<!-- \/ Yoast SEO Premium plugin. -->","yoast_head_json":{"title":"BRONCO 2023\/08 VEZ\u00c9RL\u0150KAR FELS\u0150\/ALS\u00d3 CSAP SUZUKI LTZ 250 '04-'09, YAMAHA YFZ 450 '04-'21, YFM 700 RAPTOR '14-'21, FELS\u0150 YAMAHA YFM 550 GRIZZLY '09-'12, ALS\u00d3 YAMAHA YFM 660 RAPTOR '01-'05, YFM 700 RAPTOR '06-'13 (42-1029) - V3 ATV-PARTS.HU","robots":{"index":"index","follow":"follow","max-snippet":"max-snippet:-1","max-image-preview":"max-image-preview:large","max-video-preview":"max-video-preview:-1"},"canonical":"https:\/\/v3.atv-parts.hu\/index.php\/termek\/bronco-2023-08-vezerlokar-felso-also-csap-suzuki-ltz-250-04-09-yamaha-yfz-450-04-21-yfm-700-raptor-14-21-felso-yamaha-yfm-550-grizzly-09-12-also-yamaha-yfm-660-raptor-01-05-yfm-700-rap\/","og_locale":"hu_HU","og_type":"article","og_title":"BRONCO 2023\/08 VEZ\u00c9RL\u0150KAR FELS\u0150\/ALS\u00d3 CSAP SUZUKI LTZ 250 '04-'09, YAMAHA YFZ 450 '04-'21, YFM 700 RAPTOR '14-'21, FELS\u0150 YAMAHA YFM 550 GRIZZLY '09-'12, ALS\u00d3 YAMAHA YFM 660 RAPTOR '01-'05, YFM 700 RAPTOR '06-'13 (42-1029)","og_description":"BRONCO 2023\/08 VEZ\u00c9RL\u0150KAR FELS\u0150\/ALS\u00d3 CSAP SUZUKI LTZ 250 '04-'09, YAMAHA YFZ 450 '04-'21, YFM 700 RAPTOR '14-'21, FELS\u0150 YAMAHA YFM 550 GRIZZLY '09-'12, ALS\u00d3 YAMAHA YFM 660 RAPTOR '01-'05, YFM 700 RAPTOR '06-'13 (42-1029)","og_url":"https:\/\/v3.atv-parts.hu\/index.php\/termek\/bronco-2023-08-vezerlokar-felso-also-csap-suzuki-ltz-250-04-09-yamaha-yfz-450-04-21-yfm-700-raptor-14-21-felso-yamaha-yfm-550-grizzly-09-12-also-yamaha-yfm-660-raptor-01-05-yfm-700-rap\/","og_site_name":"V3 ATV-PARTS.HU","article_publisher":"https:\/\/www.facebook.com\/atvpartsHU","article_modified_time":"2025-01-29T07:03:27+00:00","og_image":[{"width":1067,"height":800,"url":"https:\/\/v3.atv-parts.hu\/wp-content\/uploads\/2024\/04\/bronco-2023-08-sworzen-wahacza-dolny-yamaha-yfz-45.jpg","type":"image\/jpeg"}],"twitter_card":"summary_large_image","twitter_misc":{"\u00c1r":"7890,51&nbsp;&#70;&#116; \u00c1F\u00c1-val","El\u00e9rhet\u0151s\u00e9g":"K\u00e9szleten"},"schema":{"@context":"https:\/\/schema.org","@graph":[{"@type":"WebPage","@id":"https:\/\/v3.atv-parts.hu\/index.php\/termek\/bronco-2023-08-vezerlokar-felso-also-csap-suzuki-ltz-250-04-09-yamaha-yfz-450-04-21-yfm-700-raptor-14-21-felso-yamaha-yfm-550-grizzly-09-12-also-yamaha-yfm-660-raptor-01-05-yfm-700-rap\/","url":"https:\/\/v3.atv-parts.hu\/index.php\/termek\/bronco-2023-08-vezerlokar-felso-also-csap-suzuki-ltz-250-04-09-yamaha-yfz-450-04-21-yfm-700-raptor-14-21-felso-yamaha-yfm-550-grizzly-09-12-also-yamaha-yfm-660-raptor-01-05-yfm-700-rap\/","name":"BRONCO 2023\/08 VEZ\u00c9RL\u0150KAR FELS\u0150\/ALS\u00d3 CSAP SUZUKI LTZ 250 '04-'09, YAMAHA YFZ 450 '04-'21, YFM 700 RAPTOR '14-'21, FELS\u0150 YAMAHA YFM 550 GRIZZLY '09-'12, ALS\u00d3 YAMAHA YFM 660 RAPTOR '01-'05, YFM 700 RAPTOR '06-'13 (42-1029) - V3 ATV-PARTS.HU","isPartOf":{"@id":"https:\/\/v3.atv-parts.hu\/#website"},"primaryImageOfPage":{"@id":"https:\/\/v3.atv-parts.hu\/index.php\/termek\/bronco-2023-08-vezerlokar-felso-also-csap-suzuki-ltz-250-04-09-yamaha-yfz-450-04-21-yfm-700-raptor-14-21-felso-yamaha-yfm-550-grizzly-09-12-also-yamaha-yfm-660-raptor-01-05-yfm-700-rap\/#primaryimage"},"image":{"@id":"https:\/\/v3.atv-parts.hu\/index.php\/termek\/bronco-2023-08-vezerlokar-felso-also-csap-suzuki-ltz-250-04-09-yamaha-yfz-450-04-21-yfm-700-raptor-14-21-felso-yamaha-yfm-550-grizzly-09-12-also-yamaha-yfm-660-raptor-01-05-yfm-700-rap\/#primaryimage"},"thumbnailUrl":"https:\/\/v3.atv-parts.hu\/wp-content\/uploads\/2024\/04\/bronco-2023-08-sworzen-wahacza-dolny-yamaha-yfz-45.jpg","datePublished":"2024-04-04T01:08:03+00:00","dateModified":"2025-01-29T07:03:27+00:00","breadcrumb":{"@id":"https:\/\/v3.atv-parts.hu\/index.php\/termek\/bronco-2023-08-vezerlokar-felso-also-csap-suzuki-ltz-250-04-09-yamaha-yfz-450-04-21-yfm-700-raptor-14-21-felso-yamaha-yfm-550-grizzly-09-12-also-yamaha-yfm-660-raptor-01-05-yfm-700-rap\/#breadcrumb"},"inLanguage":"hu","potentialAction":[{"@type":"ReadAction","target":["https:\/\/v3.atv-parts.hu\/index.php\/termek\/bronco-2023-08-vezerlokar-felso-also-csap-suzuki-ltz-250-04-09-yamaha-yfz-450-04-21-yfm-700-raptor-14-21-felso-yamaha-yfm-550-grizzly-09-12-also-yamaha-yfm-660-raptor-01-05-yfm-700-rap\/"]}]},{"@type":"ImageObject","inLanguage":"hu","@id":"https:\/\/v3.atv-parts.hu\/index.php\/termek\/bronco-2023-08-vezerlokar-felso-also-csap-suzuki-ltz-250-04-09-yamaha-yfz-450-04-21-yfm-700-raptor-14-21-felso-yamaha-yfm-550-grizzly-09-12-also-yamaha-yfm-660-raptor-01-05-yfm-700-rap\/#primaryimage","url":"https:\/\/v3.atv-parts.hu\/wp-content\/uploads\/2024\/04\/bronco-2023-08-sworzen-wahacza-dolny-yamaha-yfz-45.jpg","contentUrl":"https:\/\/v3.atv-parts.hu\/wp-content\/uploads\/2024\/04\/bronco-2023-08-sworzen-wahacza-dolny-yamaha-yfz-45.jpg","width":1067,"height":800},{"@type":"BreadcrumbList","@id":"https:\/\/v3.atv-parts.hu\/index.php\/termek\/bronco-2023-08-vezerlokar-felso-also-csap-suzuki-ltz-250-04-09-yamaha-yfz-450-04-21-yfm-700-raptor-14-21-felso-yamaha-yfm-550-grizzly-09-12-also-yamaha-yfm-660-raptor-01-05-yfm-700-rap\/#breadcrumb","itemListElement":[{"@type":"ListItem","position":1,"name":"Kezd\u0151lap","item":"https:\/\/v3.atv-parts.hu\/"},{"@type":"ListItem","position":2,"name":"Bolt","item":"https:\/\/v3.atv-parts.hu\/index.php\/bolt\/"},{"@type":"ListItem","position":3,"name":"BRONCO 2023\/08 VEZ\u00c9RL\u0150KAR FELS\u0150\/ALS\u00d3 CSAP SUZUKI LTZ 250 &#8217;04-&#8217;09, YAMAHA YFZ 450 &#8217;04-&#8217;21, YFM 700 RAPTOR &#8217;14-&#8217;21, FELS\u0150 YAMAHA YFM 550 GRIZZLY &#8217;09-&#8217;12, ALS\u00d3 YAMAHA YFM 660 RAPTOR &#8217;01-&#8217;05, YFM 700 RAPTOR &#8217;06-&#8217;13 (42-1029)"}]},{"@type":"WebSite","@id":"https:\/\/v3.atv-parts.hu\/#website","url":"https:\/\/v3.atv-parts.hu\/","name":"V3 ATV-PARTS.HU","description":"","publisher":{"@id":"https:\/\/v3.atv-parts.hu\/#organization"},"potentialAction":[{"@type":"SearchAction","target":{"@type":"EntryPoint","urlTemplate":"https:\/\/v3.atv-parts.hu\/?s={search_term_string}"},"query-input":"required name=search_term_string"}],"inLanguage":"hu"},{"@type":"Organization","@id":"https:\/\/v3.atv-parts.hu\/#organization","name":"V3 ATV-PARTS.HU","url":"https:\/\/v3.atv-parts.hu\/","logo":{"@type":"ImageObject","inLanguage":"hu","@id":"https:\/\/v3.atv-parts.hu\/#\/schema\/logo\/image\/","url":"https:\/\/v3.atv-parts.hu\/wp-content\/uploads\/2021\/02\/cropped-cropped-atvlogo-1-1-1.png","contentUrl":"https:\/\/v3.atv-parts.hu\/wp-content\/uploads\/2021\/02\/cropped-cropped-atvlogo-1-1-1.png","width":267,"height":160,"caption":"V3 ATV-PARTS.HU"},"image":{"@id":"https:\/\/v3.atv-parts.hu\/#\/schema\/logo\/image\/"},"sameAs":["https:\/\/www.facebook.com\/atvpartsHU"]}]},"product_price_amount":"7890.51","product_price_currency":"HUF","og_availability":"instock","product_availability":"instock","product_retailer_item_id":"AT-08801","product_condition":"new"},"_links":{"self":[{"href":"https:\/\/v3.atv-parts.hu\/index.php\/wp-json\/wp\/v2\/product\/117625","targetHints":{"allow":["GET"]}}],"collection":[{"href":"https:\/\/v3.atv-parts.hu\/index.php\/wp-json\/wp\/v2\/product"}],"about":[{"href":"https:\/\/v3.atv-parts.hu\/index.php\/wp-json\/wp\/v2\/types\/product"}],"replies":[{"embeddable":true,"href":"https:\/\/v3.atv-parts.hu\/index.php\/wp-json\/wp\/v2\/comments?post=117625"}],"wp:featuredmedia":[{"embeddable":true,"href":"https:\/\/v3.atv-parts.hu\/index.php\/wp-json\/wp\/v2\/media\/117626"}],"wp:attachment":[{"href":"https:\/\/v3.atv-parts.hu\/index.php\/wp-json\/wp\/v2\/media?parent=117625"}],"wp:term":[{"taxonomy":"product_cat","embeddable":true,"href":"https:\/\/v3.atv-parts.hu\/index.php\/wp-json\/wp\/v2\/product_cat?post=117625"},{"taxonomy":"product_tag","embeddable":true,"href":"https:\/\/v3.atv-parts.hu\/index.php\/wp-json\/wp\/v2\/product_tag?post=117625"}],"curies":[{"name":"wp","href":"https:\/\/api.w.org\/{rel}","templated":true}]}}