{"id":117639,"date":"2024-04-04T03:08:50","date_gmt":"2024-04-04T01:08:50","guid":{"rendered":"https:\/\/v3.atv-parts.hu\/index.php\/termek\/psychic-2023-08-elso-kerekcsapagyak-tomitessel-bmw-g-650x-moto-06-07-honda-cbr-600f4-99-00-cbr-650f-14-16-nc-700-12-16-vt-750c-04-16-vfr-800-98-15-cbr-900rr-98-99-xl-1000v-varade\/"},"modified":"2024-05-03T17:36:53","modified_gmt":"2024-05-03T15:36:53","slug":"psychic-2023-08-elso-kerekcsapagyak-tomitessel-bmw-g-650x-moto-06-07-honda-cbr-600f4-99-00-cbr-650f-14-16-nc-700-12-16-vt-750c-04-16-vfr-800-98-15-cbr-900rr-98-99-xl-1000v-varade","status":"publish","type":"product","link":"https:\/\/v3.atv-parts.hu\/index.php\/termek\/psychic-2023-08-elso-kerekcsapagyak-tomitessel-bmw-g-650x-moto-06-07-honda-cbr-600f4-99-00-cbr-650f-14-16-nc-700-12-16-vt-750c-04-16-vfr-800-98-15-cbr-900rr-98-99-xl-1000v-varade\/","title":{"rendered":"PSYCHIC  2023\/08 ELS\u0150 KER\u00c9KCSAP\u00c1GYAK T\u00d6M\u00cdT\u00c9SSEL BMW G 650X MOTO &#8217;06-&#8217;07, HONDA CBR 600F4 &#8217;99-&#8217;00, CBR 650F &#8217;14-&#8217;16, NC 700 &#8217;12-&#8217;16, VT 750C &#8217;04-&#8217;16, VFR 800 &#8217;98-&#8217;15, CBR 900RR &#8217;98-&#8217;99, XL 1000V VARADERO &#8217;99-&#8217;11, CBR 1100XX &#8217;99-&#8217;07 (25-1379)"},"content":{"rendered":"<p>PSYCHIC  2023\/08 ELS\u0150 KER\u00c9KCSAP\u00c1GYAK T\u00d6M\u00cdT\u00c9SSEL BMW G 650X MOTO &#8217;06-&#8217;07, HONDA CBR 600F4 &#8217;99-&#8217;00, CBR 650F &#8217;14-&#8217;16, NC 700 &#8217;12-&#8217;16, VT 750C &#8217;04-&#8217;16, VFR 800 &#8217;98-&#8217;15, CBR 900RR &#8217;98-&#8217;99, XL 1000V VARADERO &#8217;99-&#8217;11, CBR 1100XX &#8217;99-&#8217;07 (25-1379)<\/p>\n<p>EAN: MC-06777<\/p>\n<p>SKU: MC-06777<\/p>\n","protected":false},"excerpt":{"rendered":"<p>PSYCHIC  2023\/08 ELS\u0150 KER\u00c9KCSAP\u00c1GYAK T\u00d6M\u00cdT\u00c9SSEL BMW G 650X MOTO &#8217;06-&#8217;07, HONDA CBR 600F4 &#8217;99-&#8217;00, CBR 650F &#8217;14-&#8217;16, NC 700 &#8217;12-&#8217;16, VT 750C &#8217;04-&#8217;16, VFR 800 &#8217;98-&#8217;15, CBR 900RR &#8217;98-&#8217;99, XL 1000V VARADERO &#8217;99-&#8217;11, CBR 1100XX &#8217;99-&#8217;07 (25-1379)<\/p>\n","protected":false},"featured_media":117640,"comment_status":"closed","ping_status":"open","template":"","meta":{"_monsterinsights_skip_tracking":false,"_monsterinsights_sitenote_active":false,"_monsterinsights_sitenote_note":"","_monsterinsights_sitenote_category":0},"product_cat":[269,267,268],"product_tag":[],"class_list":{"0":"post-117639","1":"product","2":"type-product","3":"status-publish","4":"has-post-thumbnail","6":"product_cat-elso-kerekcsapagyak","7":"product_cat-felfuggesztes-es-kormanymu","8":"product_cat-kerekcsapagyak","9":"pa_marka-psychic","11":"first","12":"instock","13":"taxable","14":"shipping-taxable","15":"purchasable","16":"product-type-simple"},"yoast_head":"<!-- This site is optimized with the Yoast SEO Premium plugin v22.6 (Yoast SEO v22.6) - https:\/\/yoast.com\/wordpress\/plugins\/seo\/ -->\n<title>PSYCHIC 2023\/08 ELS\u0150 KER\u00c9KCSAP\u00c1GYAK T\u00d6M\u00cdT\u00c9SSEL BMW G 650X MOTO &#039;06-&#039;07, HONDA CBR 600F4 &#039;99-&#039;00, CBR 650F &#039;14-&#039;16, NC 700 &#039;12-&#039;16, VT 750C &#039;04-&#039;16, VFR 800 &#039;98-&#039;15, CBR 900RR &#039;98-&#039;99, XL 1000V VARADERO &#039;99-&#039;11, CBR 1100XX &#039;99-&#039;07 (25-1379) - V3 ATV-PARTS.HU<\/title>\n<meta name=\"robots\" content=\"index, follow, max-snippet:-1, max-image-preview:large, max-video-preview:-1\" \/>\n<link rel=\"canonical\" href=\"https:\/\/v3.atv-parts.hu\/index.php\/termek\/psychic-2023-08-elso-kerekcsapagyak-tomitessel-bmw-g-650x-moto-06-07-honda-cbr-600f4-99-00-cbr-650f-14-16-nc-700-12-16-vt-750c-04-16-vfr-800-98-15-cbr-900rr-98-99-xl-1000v-varade\/\" \/>\n<meta property=\"og:locale\" content=\"hu_HU\" \/>\n<meta property=\"og:type\" content=\"article\" \/>\n<meta property=\"og:title\" content=\"PSYCHIC 2023\/08 ELS\u0150 KER\u00c9KCSAP\u00c1GYAK T\u00d6M\u00cdT\u00c9SSEL BMW G 650X MOTO &#039;06-&#039;07, HONDA CBR 600F4 &#039;99-&#039;00, CBR 650F &#039;14-&#039;16, NC 700 &#039;12-&#039;16, VT 750C &#039;04-&#039;16, VFR 800 &#039;98-&#039;15, CBR 900RR &#039;98-&#039;99, XL 1000V VARADERO &#039;99-&#039;11, CBR 1100XX &#039;99-&#039;07 (25-1379)\" \/>\n<meta property=\"og:description\" content=\"PSYCHIC 2023\/08 ELS\u0150 KER\u00c9KCSAP\u00c1GYAK T\u00d6M\u00cdT\u00c9SSEL BMW G 650X MOTO &#039;06-&#039;07, HONDA CBR 600F4 &#039;99-&#039;00, CBR 650F &#039;14-&#039;16, NC 700 &#039;12-&#039;16, VT 750C &#039;04-&#039;16, VFR 800 &#039;98-&#039;15, CBR 900RR &#039;98-&#039;99, XL 1000V VARADERO &#039;99-&#039;11, CBR 1100XX &#039;99-&#039;07 (25-1379)\" \/>\n<meta property=\"og:url\" content=\"https:\/\/v3.atv-parts.hu\/index.php\/termek\/psychic-2023-08-elso-kerekcsapagyak-tomitessel-bmw-g-650x-moto-06-07-honda-cbr-600f4-99-00-cbr-650f-14-16-nc-700-12-16-vt-750c-04-16-vfr-800-98-15-cbr-900rr-98-99-xl-1000v-varade\/\" \/>\n<meta property=\"og:site_name\" content=\"V3 ATV-PARTS.HU\" \/>\n<meta property=\"article:publisher\" content=\"https:\/\/www.facebook.com\/atvpartsHU\" \/>\n<meta property=\"article:modified_time\" content=\"2024-05-03T15:36:53+00:00\" \/>\n<meta property=\"og:image\" content=\"https:\/\/v3.atv-parts.hu\/wp-content\/uploads\/2024\/04\/psychic-2023-08-lozyska-kola-przedniego-z-uszczeln.jpg\" \/>\n\t<meta property=\"og:image:width\" content=\"1067\" \/>\n\t<meta property=\"og:image:height\" content=\"800\" \/>\n\t<meta property=\"og:image:type\" content=\"image\/jpeg\" \/>\n<meta name=\"twitter:card\" content=\"summary_large_image\" \/>\n<meta name=\"twitter:label1\" content=\"\u00c1r\" \/>\n\t<meta name=\"twitter:data1\" content=\"5661,66&nbsp;&#70;&#116; \u00c1F\u00c1-val\" \/>\n\t<meta name=\"twitter:label2\" content=\"El\u00e9rhet\u0151s\u00e9g\" \/>\n\t<meta name=\"twitter:data2\" content=\"K\u00e9szleten\" \/>\n<script type=\"application\/ld+json\" class=\"yoast-schema-graph\">{\"@context\":\"https:\/\/schema.org\",\"@graph\":[{\"@type\":\"WebPage\",\"@id\":\"https:\/\/v3.atv-parts.hu\/index.php\/termek\/psychic-2023-08-elso-kerekcsapagyak-tomitessel-bmw-g-650x-moto-06-07-honda-cbr-600f4-99-00-cbr-650f-14-16-nc-700-12-16-vt-750c-04-16-vfr-800-98-15-cbr-900rr-98-99-xl-1000v-varade\/\",\"url\":\"https:\/\/v3.atv-parts.hu\/index.php\/termek\/psychic-2023-08-elso-kerekcsapagyak-tomitessel-bmw-g-650x-moto-06-07-honda-cbr-600f4-99-00-cbr-650f-14-16-nc-700-12-16-vt-750c-04-16-vfr-800-98-15-cbr-900rr-98-99-xl-1000v-varade\/\",\"name\":\"PSYCHIC 2023\/08 ELS\u0150 KER\u00c9KCSAP\u00c1GYAK T\u00d6M\u00cdT\u00c9SSEL BMW G 650X MOTO '06-'07, HONDA CBR 600F4 '99-'00, CBR 650F '14-'16, NC 700 '12-'16, VT 750C '04-'16, VFR 800 '98-'15, CBR 900RR '98-'99, XL 1000V VARADERO '99-'11, CBR 1100XX '99-'07 (25-1379) - V3 ATV-PARTS.HU\",\"isPartOf\":{\"@id\":\"https:\/\/v3.atv-parts.hu\/#website\"},\"primaryImageOfPage\":{\"@id\":\"https:\/\/v3.atv-parts.hu\/index.php\/termek\/psychic-2023-08-elso-kerekcsapagyak-tomitessel-bmw-g-650x-moto-06-07-honda-cbr-600f4-99-00-cbr-650f-14-16-nc-700-12-16-vt-750c-04-16-vfr-800-98-15-cbr-900rr-98-99-xl-1000v-varade\/#primaryimage\"},\"image\":{\"@id\":\"https:\/\/v3.atv-parts.hu\/index.php\/termek\/psychic-2023-08-elso-kerekcsapagyak-tomitessel-bmw-g-650x-moto-06-07-honda-cbr-600f4-99-00-cbr-650f-14-16-nc-700-12-16-vt-750c-04-16-vfr-800-98-15-cbr-900rr-98-99-xl-1000v-varade\/#primaryimage\"},\"thumbnailUrl\":\"https:\/\/v3.atv-parts.hu\/wp-content\/uploads\/2024\/04\/psychic-2023-08-lozyska-kola-przedniego-z-uszczeln.jpg\",\"datePublished\":\"2024-04-04T01:08:50+00:00\",\"dateModified\":\"2024-05-03T15:36:53+00:00\",\"breadcrumb\":{\"@id\":\"https:\/\/v3.atv-parts.hu\/index.php\/termek\/psychic-2023-08-elso-kerekcsapagyak-tomitessel-bmw-g-650x-moto-06-07-honda-cbr-600f4-99-00-cbr-650f-14-16-nc-700-12-16-vt-750c-04-16-vfr-800-98-15-cbr-900rr-98-99-xl-1000v-varade\/#breadcrumb\"},\"inLanguage\":\"hu\",\"potentialAction\":[{\"@type\":\"ReadAction\",\"target\":[\"https:\/\/v3.atv-parts.hu\/index.php\/termek\/psychic-2023-08-elso-kerekcsapagyak-tomitessel-bmw-g-650x-moto-06-07-honda-cbr-600f4-99-00-cbr-650f-14-16-nc-700-12-16-vt-750c-04-16-vfr-800-98-15-cbr-900rr-98-99-xl-1000v-varade\/\"]}]},{\"@type\":\"ImageObject\",\"inLanguage\":\"hu\",\"@id\":\"https:\/\/v3.atv-parts.hu\/index.php\/termek\/psychic-2023-08-elso-kerekcsapagyak-tomitessel-bmw-g-650x-moto-06-07-honda-cbr-600f4-99-00-cbr-650f-14-16-nc-700-12-16-vt-750c-04-16-vfr-800-98-15-cbr-900rr-98-99-xl-1000v-varade\/#primaryimage\",\"url\":\"https:\/\/v3.atv-parts.hu\/wp-content\/uploads\/2024\/04\/psychic-2023-08-lozyska-kola-przedniego-z-uszczeln.jpg\",\"contentUrl\":\"https:\/\/v3.atv-parts.hu\/wp-content\/uploads\/2024\/04\/psychic-2023-08-lozyska-kola-przedniego-z-uszczeln.jpg\",\"width\":1067,\"height\":800},{\"@type\":\"BreadcrumbList\",\"@id\":\"https:\/\/v3.atv-parts.hu\/index.php\/termek\/psychic-2023-08-elso-kerekcsapagyak-tomitessel-bmw-g-650x-moto-06-07-honda-cbr-600f4-99-00-cbr-650f-14-16-nc-700-12-16-vt-750c-04-16-vfr-800-98-15-cbr-900rr-98-99-xl-1000v-varade\/#breadcrumb\",\"itemListElement\":[{\"@type\":\"ListItem\",\"position\":1,\"name\":\"Kezd\u0151lap\",\"item\":\"https:\/\/v3.atv-parts.hu\/\"},{\"@type\":\"ListItem\",\"position\":2,\"name\":\"Bolt\",\"item\":\"https:\/\/v3.atv-parts.hu\/index.php\/bolt\/\"},{\"@type\":\"ListItem\",\"position\":3,\"name\":\"PSYCHIC 2023\/08 ELS\u0150 KER\u00c9KCSAP\u00c1GYAK T\u00d6M\u00cdT\u00c9SSEL BMW G 650X MOTO &#8217;06-&#8217;07, HONDA CBR 600F4 &#8217;99-&#8217;00, CBR 650F &#8217;14-&#8217;16, NC 700 &#8217;12-&#8217;16, VT 750C &#8217;04-&#8217;16, VFR 800 &#8217;98-&#8217;15, CBR 900RR &#8217;98-&#8217;99, XL 1000V VARADERO &#8217;99-&#8217;11, CBR 1100XX &#8217;99-&#8217;07 (25-1379)\"}]},{\"@type\":\"WebSite\",\"@id\":\"https:\/\/v3.atv-parts.hu\/#website\",\"url\":\"https:\/\/v3.atv-parts.hu\/\",\"name\":\"V3 ATV-PARTS.HU\",\"description\":\"\",\"publisher\":{\"@id\":\"https:\/\/v3.atv-parts.hu\/#organization\"},\"potentialAction\":[{\"@type\":\"SearchAction\",\"target\":{\"@type\":\"EntryPoint\",\"urlTemplate\":\"https:\/\/v3.atv-parts.hu\/?s={search_term_string}\"},\"query-input\":\"required name=search_term_string\"}],\"inLanguage\":\"hu\"},{\"@type\":\"Organization\",\"@id\":\"https:\/\/v3.atv-parts.hu\/#organization\",\"name\":\"V3 ATV-PARTS.HU\",\"url\":\"https:\/\/v3.atv-parts.hu\/\",\"logo\":{\"@type\":\"ImageObject\",\"inLanguage\":\"hu\",\"@id\":\"https:\/\/v3.atv-parts.hu\/#\/schema\/logo\/image\/\",\"url\":\"https:\/\/v3.atv-parts.hu\/wp-content\/uploads\/2021\/02\/cropped-cropped-atvlogo-1-1-1.png\",\"contentUrl\":\"https:\/\/v3.atv-parts.hu\/wp-content\/uploads\/2021\/02\/cropped-cropped-atvlogo-1-1-1.png\",\"width\":267,\"height\":160,\"caption\":\"V3 ATV-PARTS.HU\"},\"image\":{\"@id\":\"https:\/\/v3.atv-parts.hu\/#\/schema\/logo\/image\/\"},\"sameAs\":[\"https:\/\/www.facebook.com\/atvpartsHU\"]}]}<\/script>\n<meta property=\"product:price:amount\" content=\"5661.66\" \/>\n<meta property=\"product:price:currency\" content=\"HUF\" \/>\n<meta property=\"og:availability\" content=\"instock\" \/>\n<meta property=\"product:availability\" content=\"instock\" \/>\n<meta property=\"product:retailer_item_id\" content=\"MC-06777\" \/>\n<meta property=\"product:condition\" content=\"new\" \/>\n<!-- \/ Yoast SEO Premium plugin. -->","yoast_head_json":{"title":"PSYCHIC 2023\/08 ELS\u0150 KER\u00c9KCSAP\u00c1GYAK T\u00d6M\u00cdT\u00c9SSEL BMW G 650X MOTO '06-'07, HONDA CBR 600F4 '99-'00, CBR 650F '14-'16, NC 700 '12-'16, VT 750C '04-'16, VFR 800 '98-'15, CBR 900RR '98-'99, XL 1000V VARADERO '99-'11, CBR 1100XX '99-'07 (25-1379) - V3 ATV-PARTS.HU","robots":{"index":"index","follow":"follow","max-snippet":"max-snippet:-1","max-image-preview":"max-image-preview:large","max-video-preview":"max-video-preview:-1"},"canonical":"https:\/\/v3.atv-parts.hu\/index.php\/termek\/psychic-2023-08-elso-kerekcsapagyak-tomitessel-bmw-g-650x-moto-06-07-honda-cbr-600f4-99-00-cbr-650f-14-16-nc-700-12-16-vt-750c-04-16-vfr-800-98-15-cbr-900rr-98-99-xl-1000v-varade\/","og_locale":"hu_HU","og_type":"article","og_title":"PSYCHIC 2023\/08 ELS\u0150 KER\u00c9KCSAP\u00c1GYAK T\u00d6M\u00cdT\u00c9SSEL BMW G 650X MOTO '06-'07, HONDA CBR 600F4 '99-'00, CBR 650F '14-'16, NC 700 '12-'16, VT 750C '04-'16, VFR 800 '98-'15, CBR 900RR '98-'99, XL 1000V VARADERO '99-'11, CBR 1100XX '99-'07 (25-1379)","og_description":"PSYCHIC 2023\/08 ELS\u0150 KER\u00c9KCSAP\u00c1GYAK T\u00d6M\u00cdT\u00c9SSEL BMW G 650X MOTO '06-'07, HONDA CBR 600F4 '99-'00, CBR 650F '14-'16, NC 700 '12-'16, VT 750C '04-'16, VFR 800 '98-'15, CBR 900RR '98-'99, XL 1000V VARADERO '99-'11, CBR 1100XX '99-'07 (25-1379)","og_url":"https:\/\/v3.atv-parts.hu\/index.php\/termek\/psychic-2023-08-elso-kerekcsapagyak-tomitessel-bmw-g-650x-moto-06-07-honda-cbr-600f4-99-00-cbr-650f-14-16-nc-700-12-16-vt-750c-04-16-vfr-800-98-15-cbr-900rr-98-99-xl-1000v-varade\/","og_site_name":"V3 ATV-PARTS.HU","article_publisher":"https:\/\/www.facebook.com\/atvpartsHU","article_modified_time":"2024-05-03T15:36:53+00:00","og_image":[{"width":1067,"height":800,"url":"https:\/\/v3.atv-parts.hu\/wp-content\/uploads\/2024\/04\/psychic-2023-08-lozyska-kola-przedniego-z-uszczeln.jpg","type":"image\/jpeg"}],"twitter_card":"summary_large_image","twitter_misc":{"\u00c1r":"5661,66&nbsp;&#70;&#116; \u00c1F\u00c1-val","El\u00e9rhet\u0151s\u00e9g":"K\u00e9szleten"},"schema":{"@context":"https:\/\/schema.org","@graph":[{"@type":"WebPage","@id":"https:\/\/v3.atv-parts.hu\/index.php\/termek\/psychic-2023-08-elso-kerekcsapagyak-tomitessel-bmw-g-650x-moto-06-07-honda-cbr-600f4-99-00-cbr-650f-14-16-nc-700-12-16-vt-750c-04-16-vfr-800-98-15-cbr-900rr-98-99-xl-1000v-varade\/","url":"https:\/\/v3.atv-parts.hu\/index.php\/termek\/psychic-2023-08-elso-kerekcsapagyak-tomitessel-bmw-g-650x-moto-06-07-honda-cbr-600f4-99-00-cbr-650f-14-16-nc-700-12-16-vt-750c-04-16-vfr-800-98-15-cbr-900rr-98-99-xl-1000v-varade\/","name":"PSYCHIC 2023\/08 ELS\u0150 KER\u00c9KCSAP\u00c1GYAK T\u00d6M\u00cdT\u00c9SSEL BMW G 650X MOTO '06-'07, HONDA CBR 600F4 '99-'00, CBR 650F '14-'16, NC 700 '12-'16, VT 750C '04-'16, VFR 800 '98-'15, CBR 900RR '98-'99, XL 1000V VARADERO '99-'11, CBR 1100XX '99-'07 (25-1379) - V3 ATV-PARTS.HU","isPartOf":{"@id":"https:\/\/v3.atv-parts.hu\/#website"},"primaryImageOfPage":{"@id":"https:\/\/v3.atv-parts.hu\/index.php\/termek\/psychic-2023-08-elso-kerekcsapagyak-tomitessel-bmw-g-650x-moto-06-07-honda-cbr-600f4-99-00-cbr-650f-14-16-nc-700-12-16-vt-750c-04-16-vfr-800-98-15-cbr-900rr-98-99-xl-1000v-varade\/#primaryimage"},"image":{"@id":"https:\/\/v3.atv-parts.hu\/index.php\/termek\/psychic-2023-08-elso-kerekcsapagyak-tomitessel-bmw-g-650x-moto-06-07-honda-cbr-600f4-99-00-cbr-650f-14-16-nc-700-12-16-vt-750c-04-16-vfr-800-98-15-cbr-900rr-98-99-xl-1000v-varade\/#primaryimage"},"thumbnailUrl":"https:\/\/v3.atv-parts.hu\/wp-content\/uploads\/2024\/04\/psychic-2023-08-lozyska-kola-przedniego-z-uszczeln.jpg","datePublished":"2024-04-04T01:08:50+00:00","dateModified":"2024-05-03T15:36:53+00:00","breadcrumb":{"@id":"https:\/\/v3.atv-parts.hu\/index.php\/termek\/psychic-2023-08-elso-kerekcsapagyak-tomitessel-bmw-g-650x-moto-06-07-honda-cbr-600f4-99-00-cbr-650f-14-16-nc-700-12-16-vt-750c-04-16-vfr-800-98-15-cbr-900rr-98-99-xl-1000v-varade\/#breadcrumb"},"inLanguage":"hu","potentialAction":[{"@type":"ReadAction","target":["https:\/\/v3.atv-parts.hu\/index.php\/termek\/psychic-2023-08-elso-kerekcsapagyak-tomitessel-bmw-g-650x-moto-06-07-honda-cbr-600f4-99-00-cbr-650f-14-16-nc-700-12-16-vt-750c-04-16-vfr-800-98-15-cbr-900rr-98-99-xl-1000v-varade\/"]}]},{"@type":"ImageObject","inLanguage":"hu","@id":"https:\/\/v3.atv-parts.hu\/index.php\/termek\/psychic-2023-08-elso-kerekcsapagyak-tomitessel-bmw-g-650x-moto-06-07-honda-cbr-600f4-99-00-cbr-650f-14-16-nc-700-12-16-vt-750c-04-16-vfr-800-98-15-cbr-900rr-98-99-xl-1000v-varade\/#primaryimage","url":"https:\/\/v3.atv-parts.hu\/wp-content\/uploads\/2024\/04\/psychic-2023-08-lozyska-kola-przedniego-z-uszczeln.jpg","contentUrl":"https:\/\/v3.atv-parts.hu\/wp-content\/uploads\/2024\/04\/psychic-2023-08-lozyska-kola-przedniego-z-uszczeln.jpg","width":1067,"height":800},{"@type":"BreadcrumbList","@id":"https:\/\/v3.atv-parts.hu\/index.php\/termek\/psychic-2023-08-elso-kerekcsapagyak-tomitessel-bmw-g-650x-moto-06-07-honda-cbr-600f4-99-00-cbr-650f-14-16-nc-700-12-16-vt-750c-04-16-vfr-800-98-15-cbr-900rr-98-99-xl-1000v-varade\/#breadcrumb","itemListElement":[{"@type":"ListItem","position":1,"name":"Kezd\u0151lap","item":"https:\/\/v3.atv-parts.hu\/"},{"@type":"ListItem","position":2,"name":"Bolt","item":"https:\/\/v3.atv-parts.hu\/index.php\/bolt\/"},{"@type":"ListItem","position":3,"name":"PSYCHIC 2023\/08 ELS\u0150 KER\u00c9KCSAP\u00c1GYAK T\u00d6M\u00cdT\u00c9SSEL BMW G 650X MOTO &#8217;06-&#8217;07, HONDA CBR 600F4 &#8217;99-&#8217;00, CBR 650F &#8217;14-&#8217;16, NC 700 &#8217;12-&#8217;16, VT 750C &#8217;04-&#8217;16, VFR 800 &#8217;98-&#8217;15, CBR 900RR &#8217;98-&#8217;99, XL 1000V VARADERO &#8217;99-&#8217;11, CBR 1100XX &#8217;99-&#8217;07 (25-1379)"}]},{"@type":"WebSite","@id":"https:\/\/v3.atv-parts.hu\/#website","url":"https:\/\/v3.atv-parts.hu\/","name":"V3 ATV-PARTS.HU","description":"","publisher":{"@id":"https:\/\/v3.atv-parts.hu\/#organization"},"potentialAction":[{"@type":"SearchAction","target":{"@type":"EntryPoint","urlTemplate":"https:\/\/v3.atv-parts.hu\/?s={search_term_string}"},"query-input":"required name=search_term_string"}],"inLanguage":"hu"},{"@type":"Organization","@id":"https:\/\/v3.atv-parts.hu\/#organization","name":"V3 ATV-PARTS.HU","url":"https:\/\/v3.atv-parts.hu\/","logo":{"@type":"ImageObject","inLanguage":"hu","@id":"https:\/\/v3.atv-parts.hu\/#\/schema\/logo\/image\/","url":"https:\/\/v3.atv-parts.hu\/wp-content\/uploads\/2021\/02\/cropped-cropped-atvlogo-1-1-1.png","contentUrl":"https:\/\/v3.atv-parts.hu\/wp-content\/uploads\/2021\/02\/cropped-cropped-atvlogo-1-1-1.png","width":267,"height":160,"caption":"V3 ATV-PARTS.HU"},"image":{"@id":"https:\/\/v3.atv-parts.hu\/#\/schema\/logo\/image\/"},"sameAs":["https:\/\/www.facebook.com\/atvpartsHU"]}]},"product_price_amount":"5661.66","product_price_currency":"HUF","og_availability":"instock","product_availability":"instock","product_retailer_item_id":"MC-06777","product_condition":"new"},"_links":{"self":[{"href":"https:\/\/v3.atv-parts.hu\/index.php\/wp-json\/wp\/v2\/product\/117639","targetHints":{"allow":["GET"]}}],"collection":[{"href":"https:\/\/v3.atv-parts.hu\/index.php\/wp-json\/wp\/v2\/product"}],"about":[{"href":"https:\/\/v3.atv-parts.hu\/index.php\/wp-json\/wp\/v2\/types\/product"}],"replies":[{"embeddable":true,"href":"https:\/\/v3.atv-parts.hu\/index.php\/wp-json\/wp\/v2\/comments?post=117639"}],"wp:featuredmedia":[{"embeddable":true,"href":"https:\/\/v3.atv-parts.hu\/index.php\/wp-json\/wp\/v2\/media\/117640"}],"wp:attachment":[{"href":"https:\/\/v3.atv-parts.hu\/index.php\/wp-json\/wp\/v2\/media?parent=117639"}],"wp:term":[{"taxonomy":"product_cat","embeddable":true,"href":"https:\/\/v3.atv-parts.hu\/index.php\/wp-json\/wp\/v2\/product_cat?post=117639"},{"taxonomy":"product_tag","embeddable":true,"href":"https:\/\/v3.atv-parts.hu\/index.php\/wp-json\/wp\/v2\/product_tag?post=117639"}],"curies":[{"name":"wp","href":"https:\/\/api.w.org\/{rel}","templated":true}]}}