{"id":117798,"date":"2024-04-04T03:14:03","date_gmt":"2024-04-04T01:14:03","guid":{"rendered":"https:\/\/v3.atv-parts.hu\/index.php\/termek\/dep-pipes-hangtompito-kipufogoveg-ktm-sx-65-16-husqvarna-tc-65-16-gasgas-mc-65-21-silver\/"},"modified":"2025-02-13T08:02:20","modified_gmt":"2025-02-13T07:02:20","slug":"dep-pipes-hangtompito-kipufogoveg-ktm-sx-65-16-husqvarna-tc-65-16-gasgas-mc-65-21-silver","status":"publish","type":"product","link":"https:\/\/v3.atv-parts.hu\/index.php\/termek\/dep-pipes-hangtompito-kipufogoveg-ktm-sx-65-16-husqvarna-tc-65-16-gasgas-mc-65-21-silver\/","title":{"rendered":"DEP PIPES  HANGTOMP\u00cdT\u00d3\/KIPUFOG\u00d3V\u00c9G KTM SX 65 16-, HUSQVARNA TC 65 16-, GASGAS MC 65 21- SILVER"},"content":{"rendered":"<p>DEP PIPES  HANGTOMP\u00cdT\u00d3\/KIPUFOG\u00d3V\u00c9G KTM SX 65 16-, HUSQVARNA TC 65 16-, GASGAS MC 65 21- SILVER<\/p>\n<p>EAN: 5060630147372<\/p>\n<p>SKU: DEPT2619<\/p>\n","protected":false},"excerpt":{"rendered":"<p>DEP PIPES  HANGTOMP\u00cdT\u00d3\/KIPUFOG\u00d3V\u00c9G KTM SX 65 16-, HUSQVARNA TC 65 16-, GASGAS MC 65 21- SILVER<\/p>\n","protected":false},"featured_media":117799,"comment_status":"closed","ping_status":"open","template":"","meta":{"_monsterinsights_skip_tracking":false,"_monsterinsights_sitenote_active":false,"_monsterinsights_sitenote_note":"","_monsterinsights_sitenote_category":0},"product_cat":[477,153,950],"product_tag":[],"class_list":{"0":"post-117798","1":"product","2":"type-product","3":"status-publish","4":"has-post-thumbnail","6":"product_cat-kipufogorendszer","7":"product_cat-motor","8":"product_cat-vegzodesek","9":"pa_marka-dep-pipes","11":"first","12":"instock","13":"taxable","14":"shipping-taxable","15":"purchasable","16":"product-type-simple"},"yoast_head":"<!-- This site is optimized with the Yoast SEO Premium plugin v22.6 (Yoast SEO v22.6) - https:\/\/yoast.com\/wordpress\/plugins\/seo\/ -->\n<title>DEP PIPES HANGTOMP\u00cdT\u00d3\/KIPUFOG\u00d3V\u00c9G KTM SX 65 16-, HUSQVARNA TC 65 16-, GASGAS MC 65 21- SILVER - V3 ATV-PARTS.HU<\/title>\n<meta name=\"robots\" content=\"index, follow, max-snippet:-1, max-image-preview:large, max-video-preview:-1\" \/>\n<link rel=\"canonical\" href=\"https:\/\/v3.atv-parts.hu\/index.php\/termek\/dep-pipes-hangtompito-kipufogoveg-ktm-sx-65-16-husqvarna-tc-65-16-gasgas-mc-65-21-silver\/\" \/>\n<meta property=\"og:locale\" content=\"hu_HU\" \/>\n<meta property=\"og:type\" content=\"article\" \/>\n<meta property=\"og:title\" content=\"DEP PIPES HANGTOMP\u00cdT\u00d3\/KIPUFOG\u00d3V\u00c9G KTM SX 65 16-, HUSQVARNA TC 65 16-, GASGAS MC 65 21- SILVER\" \/>\n<meta property=\"og:description\" content=\"DEP PIPES HANGTOMP\u00cdT\u00d3\/KIPUFOG\u00d3V\u00c9G KTM SX 65 16-, HUSQVARNA TC 65 16-, GASGAS MC 65 21- SILVER\" \/>\n<meta property=\"og:url\" content=\"https:\/\/v3.atv-parts.hu\/index.php\/termek\/dep-pipes-hangtompito-kipufogoveg-ktm-sx-65-16-husqvarna-tc-65-16-gasgas-mc-65-21-silver\/\" \/>\n<meta property=\"og:site_name\" content=\"V3 ATV-PARTS.HU\" \/>\n<meta property=\"article:publisher\" content=\"https:\/\/www.facebook.com\/atvpartsHU\" \/>\n<meta property=\"article:modified_time\" content=\"2025-02-13T07:02:20+00:00\" \/>\n<meta property=\"og:image\" content=\"https:\/\/v3.atv-parts.hu\/wp-content\/uploads\/2024\/04\/dep-pipes-tlumik-koncowka-wydechu-ktm-exc-250-30.jpg\" \/>\n\t<meta property=\"og:image:width\" content=\"579\" \/>\n\t<meta property=\"og:image:height\" content=\"484\" \/>\n\t<meta property=\"og:image:type\" content=\"image\/jpeg\" \/>\n<meta name=\"twitter:card\" content=\"summary_large_image\" \/>\n<meta name=\"twitter:label1\" content=\"\u00c1r\" \/>\n\t<meta name=\"twitter:data1\" content=\"52556,41&nbsp;&#70;&#116; \u00c1F\u00c1-val\" \/>\n\t<meta name=\"twitter:label2\" content=\"El\u00e9rhet\u0151s\u00e9g\" \/>\n\t<meta name=\"twitter:data2\" content=\"K\u00e9szleten\" \/>\n<script type=\"application\/ld+json\" class=\"yoast-schema-graph\">{\"@context\":\"https:\/\/schema.org\",\"@graph\":[{\"@type\":\"WebPage\",\"@id\":\"https:\/\/v3.atv-parts.hu\/index.php\/termek\/dep-pipes-hangtompito-kipufogoveg-ktm-sx-65-16-husqvarna-tc-65-16-gasgas-mc-65-21-silver\/\",\"url\":\"https:\/\/v3.atv-parts.hu\/index.php\/termek\/dep-pipes-hangtompito-kipufogoveg-ktm-sx-65-16-husqvarna-tc-65-16-gasgas-mc-65-21-silver\/\",\"name\":\"DEP PIPES HANGTOMP\u00cdT\u00d3\/KIPUFOG\u00d3V\u00c9G KTM SX 65 16-, HUSQVARNA TC 65 16-, GASGAS MC 65 21- SILVER - V3 ATV-PARTS.HU\",\"isPartOf\":{\"@id\":\"https:\/\/v3.atv-parts.hu\/#website\"},\"primaryImageOfPage\":{\"@id\":\"https:\/\/v3.atv-parts.hu\/index.php\/termek\/dep-pipes-hangtompito-kipufogoveg-ktm-sx-65-16-husqvarna-tc-65-16-gasgas-mc-65-21-silver\/#primaryimage\"},\"image\":{\"@id\":\"https:\/\/v3.atv-parts.hu\/index.php\/termek\/dep-pipes-hangtompito-kipufogoveg-ktm-sx-65-16-husqvarna-tc-65-16-gasgas-mc-65-21-silver\/#primaryimage\"},\"thumbnailUrl\":\"https:\/\/v3.atv-parts.hu\/wp-content\/uploads\/2024\/04\/dep-pipes-tlumik-koncowka-wydechu-ktm-exc-250-30.jpg\",\"datePublished\":\"2024-04-04T01:14:03+00:00\",\"dateModified\":\"2025-02-13T07:02:20+00:00\",\"breadcrumb\":{\"@id\":\"https:\/\/v3.atv-parts.hu\/index.php\/termek\/dep-pipes-hangtompito-kipufogoveg-ktm-sx-65-16-husqvarna-tc-65-16-gasgas-mc-65-21-silver\/#breadcrumb\"},\"inLanguage\":\"hu\",\"potentialAction\":[{\"@type\":\"ReadAction\",\"target\":[\"https:\/\/v3.atv-parts.hu\/index.php\/termek\/dep-pipes-hangtompito-kipufogoveg-ktm-sx-65-16-husqvarna-tc-65-16-gasgas-mc-65-21-silver\/\"]}]},{\"@type\":\"ImageObject\",\"inLanguage\":\"hu\",\"@id\":\"https:\/\/v3.atv-parts.hu\/index.php\/termek\/dep-pipes-hangtompito-kipufogoveg-ktm-sx-65-16-husqvarna-tc-65-16-gasgas-mc-65-21-silver\/#primaryimage\",\"url\":\"https:\/\/v3.atv-parts.hu\/wp-content\/uploads\/2024\/04\/dep-pipes-tlumik-koncowka-wydechu-ktm-exc-250-30.jpg\",\"contentUrl\":\"https:\/\/v3.atv-parts.hu\/wp-content\/uploads\/2024\/04\/dep-pipes-tlumik-koncowka-wydechu-ktm-exc-250-30.jpg\",\"width\":579,\"height\":484},{\"@type\":\"BreadcrumbList\",\"@id\":\"https:\/\/v3.atv-parts.hu\/index.php\/termek\/dep-pipes-hangtompito-kipufogoveg-ktm-sx-65-16-husqvarna-tc-65-16-gasgas-mc-65-21-silver\/#breadcrumb\",\"itemListElement\":[{\"@type\":\"ListItem\",\"position\":1,\"name\":\"Kezd\u0151lap\",\"item\":\"https:\/\/v3.atv-parts.hu\/\"},{\"@type\":\"ListItem\",\"position\":2,\"name\":\"Bolt\",\"item\":\"https:\/\/v3.atv-parts.hu\/index.php\/bolt\/\"},{\"@type\":\"ListItem\",\"position\":3,\"name\":\"DEP PIPES HANGTOMP\u00cdT\u00d3\/KIPUFOG\u00d3V\u00c9G KTM SX 65 16-, HUSQVARNA TC 65 16-, GASGAS MC 65 21- SILVER\"}]},{\"@type\":\"WebSite\",\"@id\":\"https:\/\/v3.atv-parts.hu\/#website\",\"url\":\"https:\/\/v3.atv-parts.hu\/\",\"name\":\"V3 ATV-PARTS.HU\",\"description\":\"\",\"publisher\":{\"@id\":\"https:\/\/v3.atv-parts.hu\/#organization\"},\"potentialAction\":[{\"@type\":\"SearchAction\",\"target\":{\"@type\":\"EntryPoint\",\"urlTemplate\":\"https:\/\/v3.atv-parts.hu\/?s={search_term_string}\"},\"query-input\":\"required name=search_term_string\"}],\"inLanguage\":\"hu\"},{\"@type\":\"Organization\",\"@id\":\"https:\/\/v3.atv-parts.hu\/#organization\",\"name\":\"V3 ATV-PARTS.HU\",\"url\":\"https:\/\/v3.atv-parts.hu\/\",\"logo\":{\"@type\":\"ImageObject\",\"inLanguage\":\"hu\",\"@id\":\"https:\/\/v3.atv-parts.hu\/#\/schema\/logo\/image\/\",\"url\":\"https:\/\/v3.atv-parts.hu\/wp-content\/uploads\/2021\/02\/cropped-cropped-atvlogo-1-1-1.png\",\"contentUrl\":\"https:\/\/v3.atv-parts.hu\/wp-content\/uploads\/2021\/02\/cropped-cropped-atvlogo-1-1-1.png\",\"width\":267,\"height\":160,\"caption\":\"V3 ATV-PARTS.HU\"},\"image\":{\"@id\":\"https:\/\/v3.atv-parts.hu\/#\/schema\/logo\/image\/\"},\"sameAs\":[\"https:\/\/www.facebook.com\/atvpartsHU\"]}]}<\/script>\n<meta property=\"product:price:amount\" content=\"52556.41\" \/>\n<meta property=\"product:price:currency\" content=\"HUF\" \/>\n<meta property=\"og:availability\" content=\"instock\" \/>\n<meta property=\"product:availability\" content=\"instock\" \/>\n<meta property=\"product:retailer_item_id\" content=\"DEPT2619\" \/>\n<meta property=\"product:condition\" content=\"new\" \/>\n<!-- \/ Yoast SEO Premium plugin. -->","yoast_head_json":{"title":"DEP PIPES HANGTOMP\u00cdT\u00d3\/KIPUFOG\u00d3V\u00c9G KTM SX 65 16-, HUSQVARNA TC 65 16-, GASGAS MC 65 21- SILVER - V3 ATV-PARTS.HU","robots":{"index":"index","follow":"follow","max-snippet":"max-snippet:-1","max-image-preview":"max-image-preview:large","max-video-preview":"max-video-preview:-1"},"canonical":"https:\/\/v3.atv-parts.hu\/index.php\/termek\/dep-pipes-hangtompito-kipufogoveg-ktm-sx-65-16-husqvarna-tc-65-16-gasgas-mc-65-21-silver\/","og_locale":"hu_HU","og_type":"article","og_title":"DEP PIPES HANGTOMP\u00cdT\u00d3\/KIPUFOG\u00d3V\u00c9G KTM SX 65 16-, HUSQVARNA TC 65 16-, GASGAS MC 65 21- SILVER","og_description":"DEP PIPES HANGTOMP\u00cdT\u00d3\/KIPUFOG\u00d3V\u00c9G KTM SX 65 16-, HUSQVARNA TC 65 16-, GASGAS MC 65 21- SILVER","og_url":"https:\/\/v3.atv-parts.hu\/index.php\/termek\/dep-pipes-hangtompito-kipufogoveg-ktm-sx-65-16-husqvarna-tc-65-16-gasgas-mc-65-21-silver\/","og_site_name":"V3 ATV-PARTS.HU","article_publisher":"https:\/\/www.facebook.com\/atvpartsHU","article_modified_time":"2025-02-13T07:02:20+00:00","og_image":[{"width":579,"height":484,"url":"https:\/\/v3.atv-parts.hu\/wp-content\/uploads\/2024\/04\/dep-pipes-tlumik-koncowka-wydechu-ktm-exc-250-30.jpg","type":"image\/jpeg"}],"twitter_card":"summary_large_image","twitter_misc":{"\u00c1r":"52556,41&nbsp;&#70;&#116; \u00c1F\u00c1-val","El\u00e9rhet\u0151s\u00e9g":"K\u00e9szleten"},"schema":{"@context":"https:\/\/schema.org","@graph":[{"@type":"WebPage","@id":"https:\/\/v3.atv-parts.hu\/index.php\/termek\/dep-pipes-hangtompito-kipufogoveg-ktm-sx-65-16-husqvarna-tc-65-16-gasgas-mc-65-21-silver\/","url":"https:\/\/v3.atv-parts.hu\/index.php\/termek\/dep-pipes-hangtompito-kipufogoveg-ktm-sx-65-16-husqvarna-tc-65-16-gasgas-mc-65-21-silver\/","name":"DEP PIPES HANGTOMP\u00cdT\u00d3\/KIPUFOG\u00d3V\u00c9G KTM SX 65 16-, HUSQVARNA TC 65 16-, GASGAS MC 65 21- SILVER - V3 ATV-PARTS.HU","isPartOf":{"@id":"https:\/\/v3.atv-parts.hu\/#website"},"primaryImageOfPage":{"@id":"https:\/\/v3.atv-parts.hu\/index.php\/termek\/dep-pipes-hangtompito-kipufogoveg-ktm-sx-65-16-husqvarna-tc-65-16-gasgas-mc-65-21-silver\/#primaryimage"},"image":{"@id":"https:\/\/v3.atv-parts.hu\/index.php\/termek\/dep-pipes-hangtompito-kipufogoveg-ktm-sx-65-16-husqvarna-tc-65-16-gasgas-mc-65-21-silver\/#primaryimage"},"thumbnailUrl":"https:\/\/v3.atv-parts.hu\/wp-content\/uploads\/2024\/04\/dep-pipes-tlumik-koncowka-wydechu-ktm-exc-250-30.jpg","datePublished":"2024-04-04T01:14:03+00:00","dateModified":"2025-02-13T07:02:20+00:00","breadcrumb":{"@id":"https:\/\/v3.atv-parts.hu\/index.php\/termek\/dep-pipes-hangtompito-kipufogoveg-ktm-sx-65-16-husqvarna-tc-65-16-gasgas-mc-65-21-silver\/#breadcrumb"},"inLanguage":"hu","potentialAction":[{"@type":"ReadAction","target":["https:\/\/v3.atv-parts.hu\/index.php\/termek\/dep-pipes-hangtompito-kipufogoveg-ktm-sx-65-16-husqvarna-tc-65-16-gasgas-mc-65-21-silver\/"]}]},{"@type":"ImageObject","inLanguage":"hu","@id":"https:\/\/v3.atv-parts.hu\/index.php\/termek\/dep-pipes-hangtompito-kipufogoveg-ktm-sx-65-16-husqvarna-tc-65-16-gasgas-mc-65-21-silver\/#primaryimage","url":"https:\/\/v3.atv-parts.hu\/wp-content\/uploads\/2024\/04\/dep-pipes-tlumik-koncowka-wydechu-ktm-exc-250-30.jpg","contentUrl":"https:\/\/v3.atv-parts.hu\/wp-content\/uploads\/2024\/04\/dep-pipes-tlumik-koncowka-wydechu-ktm-exc-250-30.jpg","width":579,"height":484},{"@type":"BreadcrumbList","@id":"https:\/\/v3.atv-parts.hu\/index.php\/termek\/dep-pipes-hangtompito-kipufogoveg-ktm-sx-65-16-husqvarna-tc-65-16-gasgas-mc-65-21-silver\/#breadcrumb","itemListElement":[{"@type":"ListItem","position":1,"name":"Kezd\u0151lap","item":"https:\/\/v3.atv-parts.hu\/"},{"@type":"ListItem","position":2,"name":"Bolt","item":"https:\/\/v3.atv-parts.hu\/index.php\/bolt\/"},{"@type":"ListItem","position":3,"name":"DEP PIPES HANGTOMP\u00cdT\u00d3\/KIPUFOG\u00d3V\u00c9G KTM SX 65 16-, HUSQVARNA TC 65 16-, GASGAS MC 65 21- SILVER"}]},{"@type":"WebSite","@id":"https:\/\/v3.atv-parts.hu\/#website","url":"https:\/\/v3.atv-parts.hu\/","name":"V3 ATV-PARTS.HU","description":"","publisher":{"@id":"https:\/\/v3.atv-parts.hu\/#organization"},"potentialAction":[{"@type":"SearchAction","target":{"@type":"EntryPoint","urlTemplate":"https:\/\/v3.atv-parts.hu\/?s={search_term_string}"},"query-input":"required name=search_term_string"}],"inLanguage":"hu"},{"@type":"Organization","@id":"https:\/\/v3.atv-parts.hu\/#organization","name":"V3 ATV-PARTS.HU","url":"https:\/\/v3.atv-parts.hu\/","logo":{"@type":"ImageObject","inLanguage":"hu","@id":"https:\/\/v3.atv-parts.hu\/#\/schema\/logo\/image\/","url":"https:\/\/v3.atv-parts.hu\/wp-content\/uploads\/2021\/02\/cropped-cropped-atvlogo-1-1-1.png","contentUrl":"https:\/\/v3.atv-parts.hu\/wp-content\/uploads\/2021\/02\/cropped-cropped-atvlogo-1-1-1.png","width":267,"height":160,"caption":"V3 ATV-PARTS.HU"},"image":{"@id":"https:\/\/v3.atv-parts.hu\/#\/schema\/logo\/image\/"},"sameAs":["https:\/\/www.facebook.com\/atvpartsHU"]}]},"product_price_amount":"52556.41","product_price_currency":"HUF","og_availability":"instock","product_availability":"instock","product_retailer_item_id":"DEPT2619","product_condition":"new"},"_links":{"self":[{"href":"https:\/\/v3.atv-parts.hu\/index.php\/wp-json\/wp\/v2\/product\/117798","targetHints":{"allow":["GET"]}}],"collection":[{"href":"https:\/\/v3.atv-parts.hu\/index.php\/wp-json\/wp\/v2\/product"}],"about":[{"href":"https:\/\/v3.atv-parts.hu\/index.php\/wp-json\/wp\/v2\/types\/product"}],"replies":[{"embeddable":true,"href":"https:\/\/v3.atv-parts.hu\/index.php\/wp-json\/wp\/v2\/comments?post=117798"}],"wp:featuredmedia":[{"embeddable":true,"href":"https:\/\/v3.atv-parts.hu\/index.php\/wp-json\/wp\/v2\/media\/117799"}],"wp:attachment":[{"href":"https:\/\/v3.atv-parts.hu\/index.php\/wp-json\/wp\/v2\/media?parent=117798"}],"wp:term":[{"taxonomy":"product_cat","embeddable":true,"href":"https:\/\/v3.atv-parts.hu\/index.php\/wp-json\/wp\/v2\/product_cat?post=117798"},{"taxonomy":"product_tag","embeddable":true,"href":"https:\/\/v3.atv-parts.hu\/index.php\/wp-json\/wp\/v2\/product_tag?post=117798"}],"curies":[{"name":"wp","href":"https:\/\/api.w.org\/{rel}","templated":true}]}}