{"id":118067,"date":"2024-04-04T03:22:03","date_gmt":"2024-04-04T01:22:03","guid":{"rendered":"https:\/\/v3.atv-parts.hu\/index.php\/termek\/namura-2023-08-osszekoto-rud-kawasaki-stx-12f-1200-03-07-vizijarmu\/"},"modified":"2024-05-03T17:38:16","modified_gmt":"2024-05-03T15:38:16","slug":"namura-2023-08-osszekoto-rud-kawasaki-stx-12f-1200-03-07-vizijarmu","status":"publish","type":"product","link":"https:\/\/v3.atv-parts.hu\/index.php\/termek\/namura-2023-08-osszekoto-rud-kawasaki-stx-12f-1200-03-07-vizijarmu\/","title":{"rendered":"NAMURA  2023\/08 \u00d6SSZEK\u00d6T\u0150 R\u00daD KAWASAKI STX-12F 1200 &#8217;03-07 (V\u00cdZIJ\u00c1RM\u0170)"},"content":{"rendered":"<p>NAMURA  2023\/08 \u00d6SSZEK\u00d6T\u0150 R\u00daD KAWASAKI STX-12F 1200 &#8217;03-07 (V\u00cdZIJ\u00c1RM\u0170)<\/p>\n<p>EAN: 758891123628<\/p>\n<p>SKU: RW-20006<\/p>\n","protected":false},"excerpt":{"rendered":"<p>NAMURA  2023\/08 \u00d6SSZEK\u00d6T\u0150 R\u00daD KAWASAKI STX-12F 1200 &#8217;03-07 (V\u00cdZIJ\u00c1RM\u0170)<\/p>\n","protected":false},"featured_media":0,"comment_status":"closed","ping_status":"open","template":"","meta":{"_monsterinsights_skip_tracking":false,"_monsterinsights_sitenote_active":false,"_monsterinsights_sitenote_note":"","_monsterinsights_sitenote_category":0},"product_cat":[195,205,153],"product_tag":[],"class_list":{"0":"post-118067","1":"product","2":"type-product","3":"status-publish","5":"product_cat-hajtokar","6":"product_cat-jet-ski-hajtokar","7":"product_cat-motor","8":"pa_marka-namura","10":"first","11":"instock","12":"taxable","13":"shipping-taxable","14":"purchasable","15":"product-type-simple"},"yoast_head":"<!-- This site is optimized with the Yoast SEO Premium plugin v22.6 (Yoast SEO v22.6) - https:\/\/yoast.com\/wordpress\/plugins\/seo\/ -->\n<title>NAMURA 2023\/08 \u00d6SSZEK\u00d6T\u0150 R\u00daD KAWASAKI STX-12F 1200 &#039;03-07 (V\u00cdZIJ\u00c1RM\u0170) - V3 ATV-PARTS.HU<\/title>\n<meta name=\"robots\" content=\"index, follow, max-snippet:-1, max-image-preview:large, max-video-preview:-1\" \/>\n<link rel=\"canonical\" href=\"https:\/\/v3.atv-parts.hu\/index.php\/termek\/namura-2023-08-osszekoto-rud-kawasaki-stx-12f-1200-03-07-vizijarmu\/\" \/>\n<meta property=\"og:locale\" content=\"hu_HU\" \/>\n<meta property=\"og:type\" content=\"article\" \/>\n<meta property=\"og:title\" content=\"NAMURA 2023\/08 \u00d6SSZEK\u00d6T\u0150 R\u00daD KAWASAKI STX-12F 1200 &#039;03-07 (V\u00cdZIJ\u00c1RM\u0170)\" \/>\n<meta property=\"og:description\" content=\"NAMURA 2023\/08 \u00d6SSZEK\u00d6T\u0150 R\u00daD KAWASAKI STX-12F 1200 &#039;03-07 (V\u00cdZIJ\u00c1RM\u0170)\" \/>\n<meta property=\"og:url\" content=\"https:\/\/v3.atv-parts.hu\/index.php\/termek\/namura-2023-08-osszekoto-rud-kawasaki-stx-12f-1200-03-07-vizijarmu\/\" \/>\n<meta property=\"og:site_name\" content=\"V3 ATV-PARTS.HU\" \/>\n<meta property=\"article:publisher\" content=\"https:\/\/www.facebook.com\/atvpartsHU\" \/>\n<meta property=\"article:modified_time\" content=\"2024-05-03T15:38:16+00:00\" \/>\n<meta name=\"twitter:card\" content=\"summary_large_image\" \/>\n<meta name=\"twitter:label1\" content=\"\u00c1r\" \/>\n\t<meta name=\"twitter:data1\" content=\"42097,96&nbsp;&#70;&#116; \u00c1F\u00c1-val\" \/>\n\t<meta name=\"twitter:label2\" content=\"El\u00e9rhet\u0151s\u00e9g\" \/>\n\t<meta name=\"twitter:data2\" content=\"K\u00e9szleten\" \/>\n<script type=\"application\/ld+json\" class=\"yoast-schema-graph\">{\"@context\":\"https:\/\/schema.org\",\"@graph\":[{\"@type\":\"WebPage\",\"@id\":\"https:\/\/v3.atv-parts.hu\/index.php\/termek\/namura-2023-08-osszekoto-rud-kawasaki-stx-12f-1200-03-07-vizijarmu\/\",\"url\":\"https:\/\/v3.atv-parts.hu\/index.php\/termek\/namura-2023-08-osszekoto-rud-kawasaki-stx-12f-1200-03-07-vizijarmu\/\",\"name\":\"NAMURA 2023\/08 \u00d6SSZEK\u00d6T\u0150 R\u00daD KAWASAKI STX-12F 1200 '03-07 (V\u00cdZIJ\u00c1RM\u0170) - V3 ATV-PARTS.HU\",\"isPartOf\":{\"@id\":\"https:\/\/v3.atv-parts.hu\/#website\"},\"datePublished\":\"2024-04-04T01:22:03+00:00\",\"dateModified\":\"2024-05-03T15:38:16+00:00\",\"breadcrumb\":{\"@id\":\"https:\/\/v3.atv-parts.hu\/index.php\/termek\/namura-2023-08-osszekoto-rud-kawasaki-stx-12f-1200-03-07-vizijarmu\/#breadcrumb\"},\"inLanguage\":\"hu\",\"potentialAction\":[{\"@type\":\"ReadAction\",\"target\":[\"https:\/\/v3.atv-parts.hu\/index.php\/termek\/namura-2023-08-osszekoto-rud-kawasaki-stx-12f-1200-03-07-vizijarmu\/\"]}]},{\"@type\":\"BreadcrumbList\",\"@id\":\"https:\/\/v3.atv-parts.hu\/index.php\/termek\/namura-2023-08-osszekoto-rud-kawasaki-stx-12f-1200-03-07-vizijarmu\/#breadcrumb\",\"itemListElement\":[{\"@type\":\"ListItem\",\"position\":1,\"name\":\"Kezd\u0151lap\",\"item\":\"https:\/\/v3.atv-parts.hu\/\"},{\"@type\":\"ListItem\",\"position\":2,\"name\":\"Bolt\",\"item\":\"https:\/\/v3.atv-parts.hu\/index.php\/bolt\/\"},{\"@type\":\"ListItem\",\"position\":3,\"name\":\"NAMURA 2023\/08 \u00d6SSZEK\u00d6T\u0150 R\u00daD KAWASAKI STX-12F 1200 &#8217;03-07 (V\u00cdZIJ\u00c1RM\u0170)\"}]},{\"@type\":\"WebSite\",\"@id\":\"https:\/\/v3.atv-parts.hu\/#website\",\"url\":\"https:\/\/v3.atv-parts.hu\/\",\"name\":\"V3 ATV-PARTS.HU\",\"description\":\"\",\"publisher\":{\"@id\":\"https:\/\/v3.atv-parts.hu\/#organization\"},\"potentialAction\":[{\"@type\":\"SearchAction\",\"target\":{\"@type\":\"EntryPoint\",\"urlTemplate\":\"https:\/\/v3.atv-parts.hu\/?s={search_term_string}\"},\"query-input\":\"required name=search_term_string\"}],\"inLanguage\":\"hu\"},{\"@type\":\"Organization\",\"@id\":\"https:\/\/v3.atv-parts.hu\/#organization\",\"name\":\"V3 ATV-PARTS.HU\",\"url\":\"https:\/\/v3.atv-parts.hu\/\",\"logo\":{\"@type\":\"ImageObject\",\"inLanguage\":\"hu\",\"@id\":\"https:\/\/v3.atv-parts.hu\/#\/schema\/logo\/image\/\",\"url\":\"https:\/\/v3.atv-parts.hu\/wp-content\/uploads\/2021\/02\/cropped-cropped-atvlogo-1-1-1.png\",\"contentUrl\":\"https:\/\/v3.atv-parts.hu\/wp-content\/uploads\/2021\/02\/cropped-cropped-atvlogo-1-1-1.png\",\"width\":267,\"height\":160,\"caption\":\"V3 ATV-PARTS.HU\"},\"image\":{\"@id\":\"https:\/\/v3.atv-parts.hu\/#\/schema\/logo\/image\/\"},\"sameAs\":[\"https:\/\/www.facebook.com\/atvpartsHU\"]}]}<\/script>\n<meta property=\"product:price:amount\" content=\"42097.96\" \/>\n<meta property=\"product:price:currency\" content=\"HUF\" \/>\n<meta property=\"og:availability\" content=\"instock\" \/>\n<meta property=\"product:availability\" content=\"instock\" \/>\n<meta property=\"product:retailer_item_id\" content=\"RW-20006\" \/>\n<meta property=\"product:condition\" content=\"new\" \/>\n<!-- \/ Yoast SEO Premium plugin. -->","yoast_head_json":{"title":"NAMURA 2023\/08 \u00d6SSZEK\u00d6T\u0150 R\u00daD KAWASAKI STX-12F 1200 '03-07 (V\u00cdZIJ\u00c1RM\u0170) - V3 ATV-PARTS.HU","robots":{"index":"index","follow":"follow","max-snippet":"max-snippet:-1","max-image-preview":"max-image-preview:large","max-video-preview":"max-video-preview:-1"},"canonical":"https:\/\/v3.atv-parts.hu\/index.php\/termek\/namura-2023-08-osszekoto-rud-kawasaki-stx-12f-1200-03-07-vizijarmu\/","og_locale":"hu_HU","og_type":"article","og_title":"NAMURA 2023\/08 \u00d6SSZEK\u00d6T\u0150 R\u00daD KAWASAKI STX-12F 1200 '03-07 (V\u00cdZIJ\u00c1RM\u0170)","og_description":"NAMURA 2023\/08 \u00d6SSZEK\u00d6T\u0150 R\u00daD KAWASAKI STX-12F 1200 '03-07 (V\u00cdZIJ\u00c1RM\u0170)","og_url":"https:\/\/v3.atv-parts.hu\/index.php\/termek\/namura-2023-08-osszekoto-rud-kawasaki-stx-12f-1200-03-07-vizijarmu\/","og_site_name":"V3 ATV-PARTS.HU","article_publisher":"https:\/\/www.facebook.com\/atvpartsHU","article_modified_time":"2024-05-03T15:38:16+00:00","twitter_card":"summary_large_image","twitter_misc":{"\u00c1r":"42097,96&nbsp;&#70;&#116; \u00c1F\u00c1-val","El\u00e9rhet\u0151s\u00e9g":"K\u00e9szleten"},"schema":{"@context":"https:\/\/schema.org","@graph":[{"@type":"WebPage","@id":"https:\/\/v3.atv-parts.hu\/index.php\/termek\/namura-2023-08-osszekoto-rud-kawasaki-stx-12f-1200-03-07-vizijarmu\/","url":"https:\/\/v3.atv-parts.hu\/index.php\/termek\/namura-2023-08-osszekoto-rud-kawasaki-stx-12f-1200-03-07-vizijarmu\/","name":"NAMURA 2023\/08 \u00d6SSZEK\u00d6T\u0150 R\u00daD KAWASAKI STX-12F 1200 '03-07 (V\u00cdZIJ\u00c1RM\u0170) - V3 ATV-PARTS.HU","isPartOf":{"@id":"https:\/\/v3.atv-parts.hu\/#website"},"datePublished":"2024-04-04T01:22:03+00:00","dateModified":"2024-05-03T15:38:16+00:00","breadcrumb":{"@id":"https:\/\/v3.atv-parts.hu\/index.php\/termek\/namura-2023-08-osszekoto-rud-kawasaki-stx-12f-1200-03-07-vizijarmu\/#breadcrumb"},"inLanguage":"hu","potentialAction":[{"@type":"ReadAction","target":["https:\/\/v3.atv-parts.hu\/index.php\/termek\/namura-2023-08-osszekoto-rud-kawasaki-stx-12f-1200-03-07-vizijarmu\/"]}]},{"@type":"BreadcrumbList","@id":"https:\/\/v3.atv-parts.hu\/index.php\/termek\/namura-2023-08-osszekoto-rud-kawasaki-stx-12f-1200-03-07-vizijarmu\/#breadcrumb","itemListElement":[{"@type":"ListItem","position":1,"name":"Kezd\u0151lap","item":"https:\/\/v3.atv-parts.hu\/"},{"@type":"ListItem","position":2,"name":"Bolt","item":"https:\/\/v3.atv-parts.hu\/index.php\/bolt\/"},{"@type":"ListItem","position":3,"name":"NAMURA 2023\/08 \u00d6SSZEK\u00d6T\u0150 R\u00daD KAWASAKI STX-12F 1200 &#8217;03-07 (V\u00cdZIJ\u00c1RM\u0170)"}]},{"@type":"WebSite","@id":"https:\/\/v3.atv-parts.hu\/#website","url":"https:\/\/v3.atv-parts.hu\/","name":"V3 ATV-PARTS.HU","description":"","publisher":{"@id":"https:\/\/v3.atv-parts.hu\/#organization"},"potentialAction":[{"@type":"SearchAction","target":{"@type":"EntryPoint","urlTemplate":"https:\/\/v3.atv-parts.hu\/?s={search_term_string}"},"query-input":"required name=search_term_string"}],"inLanguage":"hu"},{"@type":"Organization","@id":"https:\/\/v3.atv-parts.hu\/#organization","name":"V3 ATV-PARTS.HU","url":"https:\/\/v3.atv-parts.hu\/","logo":{"@type":"ImageObject","inLanguage":"hu","@id":"https:\/\/v3.atv-parts.hu\/#\/schema\/logo\/image\/","url":"https:\/\/v3.atv-parts.hu\/wp-content\/uploads\/2021\/02\/cropped-cropped-atvlogo-1-1-1.png","contentUrl":"https:\/\/v3.atv-parts.hu\/wp-content\/uploads\/2021\/02\/cropped-cropped-atvlogo-1-1-1.png","width":267,"height":160,"caption":"V3 ATV-PARTS.HU"},"image":{"@id":"https:\/\/v3.atv-parts.hu\/#\/schema\/logo\/image\/"},"sameAs":["https:\/\/www.facebook.com\/atvpartsHU"]}]},"product_price_amount":"42097.96","product_price_currency":"HUF","og_availability":"instock","product_availability":"instock","product_retailer_item_id":"RW-20006","product_condition":"new"},"_links":{"self":[{"href":"https:\/\/v3.atv-parts.hu\/index.php\/wp-json\/wp\/v2\/product\/118067","targetHints":{"allow":["GET"]}}],"collection":[{"href":"https:\/\/v3.atv-parts.hu\/index.php\/wp-json\/wp\/v2\/product"}],"about":[{"href":"https:\/\/v3.atv-parts.hu\/index.php\/wp-json\/wp\/v2\/types\/product"}],"replies":[{"embeddable":true,"href":"https:\/\/v3.atv-parts.hu\/index.php\/wp-json\/wp\/v2\/comments?post=118067"}],"wp:attachment":[{"href":"https:\/\/v3.atv-parts.hu\/index.php\/wp-json\/wp\/v2\/media?parent=118067"}],"wp:term":[{"taxonomy":"product_cat","embeddable":true,"href":"https:\/\/v3.atv-parts.hu\/index.php\/wp-json\/wp\/v2\/product_cat?post=118067"},{"taxonomy":"product_tag","embeddable":true,"href":"https:\/\/v3.atv-parts.hu\/index.php\/wp-json\/wp\/v2\/product_tag?post=118067"}],"curies":[{"name":"wp","href":"https:\/\/api.w.org\/{rel}","templated":true}]}}