{"id":118371,"date":"2024-04-04T03:30:53","date_gmt":"2024-04-04T01:30:53","guid":{"rendered":"https:\/\/v3.atv-parts.hu\/index.php\/termek\/bronco-2023-09-uzemanyagpumpa-komplett-polaris-sportsman-550-efi-x2-xp-touring-11-14-scrambler-850-13-21-sportsman-850-efi-11-21-oem-2204401-2207670-2208595-2521210-d-2521706\/"},"modified":"2024-05-03T17:39:13","modified_gmt":"2024-05-03T15:39:13","slug":"bronco-2023-09-uzemanyagpumpa-komplett-polaris-sportsman-550-efi-x2-xp-touring-11-14-scrambler-850-13-21-sportsman-850-efi-11-21-oem-2204401-2207670-2208595-2521210-d-2521706","status":"publish","type":"product","link":"https:\/\/v3.atv-parts.hu\/index.php\/termek\/bronco-2023-09-uzemanyagpumpa-komplett-polaris-sportsman-550-efi-x2-xp-touring-11-14-scrambler-850-13-21-sportsman-850-efi-11-21-oem-2204401-2207670-2208595-2521210-d-2521706\/","title":{"rendered":"BRONCO  2023\/09 \u00dcZEMANYAGPUMPA (KOMPLETT) POLARIS SPORTSMAN 550 EFI \/ X2 \/ XP \/ TOURING &#8217;11-&#8217;14, SCRAMBLER 850 &#8217;13-&#8217;21, SPORTSMAN 850 \/ EFI &#8217;11-&#8217;21 (OEM: 2204401, 2207670, 2208595, 2521210-D, 2521706)"},"content":{"rendered":"<p>BRONCO  2023\/09 \u00dcZEMANYAGPUMPA (KOMPLETT) POLARIS SPORTSMAN 550 EFI \/ X2 \/ XP \/ TOURING &#8217;11-&#8217;14, SCRAMBLER 850 &#8217;13-&#8217;21, SPORTSMAN 850 \/ EFI &#8217;11-&#8217;21 (OEM: 2204401, 2207670, 2208595, 2521210-D, 2521706)<\/p>\n<p>EAN: <\/p>\n<p>SKU: AT-07702<\/p>\n","protected":false},"excerpt":{"rendered":"<p>BRONCO  2023\/09 \u00dcZEMANYAGPUMPA (KOMPLETT) POLARIS SPORTSMAN 550 EFI \/ X2 \/ XP \/ TOURING &#8217;11-&#8217;14, SCRAMBLER 850 &#8217;13-&#8217;21, SPORTSMAN 850 \/ EFI &#8217;11-&#8217;21 (OEM: 2204401, 2207670, 2208595, 2521210-D, 2521706)<\/p>\n","protected":false},"featured_media":118359,"comment_status":"closed","ping_status":"open","template":"","meta":{"_monsterinsights_skip_tracking":false,"_monsterinsights_sitenote_active":false,"_monsterinsights_sitenote_note":"","_monsterinsights_sitenote_category":0},"product_cat":[540,243],"product_tag":[],"class_list":{"0":"post-118371","1":"product","2":"type-product","3":"status-publish","4":"has-post-thumbnail","6":"product_cat-uzemanyagpumpa-es-javitokeszletek","7":"product_cat-uzemanyagrendszer","8":"pa_marka-bronco","10":"first","11":"instock","12":"taxable","13":"shipping-taxable","14":"purchasable","15":"product-type-simple"},"yoast_head":"<!-- This site is optimized with the Yoast SEO Premium plugin v22.6 (Yoast SEO v22.6) - https:\/\/yoast.com\/wordpress\/plugins\/seo\/ -->\n<title>BRONCO 2023\/09 \u00dcZEMANYAGPUMPA (KOMPLETT) POLARIS SPORTSMAN 550 EFI \/ X2 \/ XP \/ TOURING &#039;11-&#039;14, SCRAMBLER 850 &#039;13-&#039;21, SPORTSMAN 850 \/ EFI &#039;11-&#039;21 (OEM: 2204401, 2207670, 2208595, 2521210-D, 2521706) - V3 ATV-PARTS.HU<\/title>\n<meta name=\"robots\" content=\"index, follow, max-snippet:-1, max-image-preview:large, max-video-preview:-1\" \/>\n<link rel=\"canonical\" href=\"https:\/\/v3.atv-parts.hu\/index.php\/termek\/bronco-2023-09-uzemanyagpumpa-komplett-polaris-sportsman-550-efi-x2-xp-touring-11-14-scrambler-850-13-21-sportsman-850-efi-11-21-oem-2204401-2207670-2208595-2521210-d-2521706\/\" \/>\n<meta property=\"og:locale\" content=\"hu_HU\" \/>\n<meta property=\"og:type\" content=\"article\" \/>\n<meta property=\"og:title\" content=\"BRONCO 2023\/09 \u00dcZEMANYAGPUMPA (KOMPLETT) POLARIS SPORTSMAN 550 EFI \/ X2 \/ XP \/ TOURING &#039;11-&#039;14, SCRAMBLER 850 &#039;13-&#039;21, SPORTSMAN 850 \/ EFI &#039;11-&#039;21 (OEM: 2204401, 2207670, 2208595, 2521210-D, 2521706)\" \/>\n<meta property=\"og:description\" content=\"BRONCO 2023\/09 \u00dcZEMANYAGPUMPA (KOMPLETT) POLARIS SPORTSMAN 550 EFI \/ X2 \/ XP \/ TOURING &#039;11-&#039;14, SCRAMBLER 850 &#039;13-&#039;21, SPORTSMAN 850 \/ EFI &#039;11-&#039;21 (OEM: 2204401, 2207670, 2208595, 2521210-D, 2521706)\" \/>\n<meta property=\"og:url\" content=\"https:\/\/v3.atv-parts.hu\/index.php\/termek\/bronco-2023-09-uzemanyagpumpa-komplett-polaris-sportsman-550-efi-x2-xp-touring-11-14-scrambler-850-13-21-sportsman-850-efi-11-21-oem-2204401-2207670-2208595-2521210-d-2521706\/\" \/>\n<meta property=\"og:site_name\" content=\"V3 ATV-PARTS.HU\" \/>\n<meta property=\"article:publisher\" content=\"https:\/\/www.facebook.com\/atvpartsHU\" \/>\n<meta property=\"article:modified_time\" content=\"2024-05-03T15:39:13+00:00\" \/>\n<meta property=\"og:image\" content=\"https:\/\/v3.atv-parts.hu\/wp-content\/uploads\/2024\/04\/bronco-2023-09-complete-electric-fuel-pump-module.jpg\" \/>\n\t<meta property=\"og:image:width\" content=\"1067\" \/>\n\t<meta property=\"og:image:height\" content=\"800\" \/>\n\t<meta property=\"og:image:type\" content=\"image\/jpeg\" \/>\n<meta name=\"twitter:card\" content=\"summary_large_image\" \/>\n<meta name=\"twitter:label1\" content=\"\u00c1r\" \/>\n\t<meta name=\"twitter:data1\" content=\"51653,44&nbsp;&#70;&#116; \u00c1F\u00c1-val\" \/>\n\t<meta name=\"twitter:label2\" content=\"El\u00e9rhet\u0151s\u00e9g\" \/>\n\t<meta name=\"twitter:data2\" content=\"K\u00e9szleten\" \/>\n<script type=\"application\/ld+json\" class=\"yoast-schema-graph\">{\"@context\":\"https:\/\/schema.org\",\"@graph\":[{\"@type\":\"WebPage\",\"@id\":\"https:\/\/v3.atv-parts.hu\/index.php\/termek\/bronco-2023-09-uzemanyagpumpa-komplett-polaris-sportsman-550-efi-x2-xp-touring-11-14-scrambler-850-13-21-sportsman-850-efi-11-21-oem-2204401-2207670-2208595-2521210-d-2521706\/\",\"url\":\"https:\/\/v3.atv-parts.hu\/index.php\/termek\/bronco-2023-09-uzemanyagpumpa-komplett-polaris-sportsman-550-efi-x2-xp-touring-11-14-scrambler-850-13-21-sportsman-850-efi-11-21-oem-2204401-2207670-2208595-2521210-d-2521706\/\",\"name\":\"BRONCO 2023\/09 \u00dcZEMANYAGPUMPA (KOMPLETT) POLARIS SPORTSMAN 550 EFI \/ X2 \/ XP \/ TOURING '11-'14, SCRAMBLER 850 '13-'21, SPORTSMAN 850 \/ EFI '11-'21 (OEM: 2204401, 2207670, 2208595, 2521210-D, 2521706) - V3 ATV-PARTS.HU\",\"isPartOf\":{\"@id\":\"https:\/\/v3.atv-parts.hu\/#website\"},\"primaryImageOfPage\":{\"@id\":\"https:\/\/v3.atv-parts.hu\/index.php\/termek\/bronco-2023-09-uzemanyagpumpa-komplett-polaris-sportsman-550-efi-x2-xp-touring-11-14-scrambler-850-13-21-sportsman-850-efi-11-21-oem-2204401-2207670-2208595-2521210-d-2521706\/#primaryimage\"},\"image\":{\"@id\":\"https:\/\/v3.atv-parts.hu\/index.php\/termek\/bronco-2023-09-uzemanyagpumpa-komplett-polaris-sportsman-550-efi-x2-xp-touring-11-14-scrambler-850-13-21-sportsman-850-efi-11-21-oem-2204401-2207670-2208595-2521210-d-2521706\/#primaryimage\"},\"thumbnailUrl\":\"https:\/\/v3.atv-parts.hu\/wp-content\/uploads\/2024\/04\/bronco-2023-09-complete-electric-fuel-pump-module.jpg\",\"datePublished\":\"2024-04-04T01:30:53+00:00\",\"dateModified\":\"2024-05-03T15:39:13+00:00\",\"breadcrumb\":{\"@id\":\"https:\/\/v3.atv-parts.hu\/index.php\/termek\/bronco-2023-09-uzemanyagpumpa-komplett-polaris-sportsman-550-efi-x2-xp-touring-11-14-scrambler-850-13-21-sportsman-850-efi-11-21-oem-2204401-2207670-2208595-2521210-d-2521706\/#breadcrumb\"},\"inLanguage\":\"hu\",\"potentialAction\":[{\"@type\":\"ReadAction\",\"target\":[\"https:\/\/v3.atv-parts.hu\/index.php\/termek\/bronco-2023-09-uzemanyagpumpa-komplett-polaris-sportsman-550-efi-x2-xp-touring-11-14-scrambler-850-13-21-sportsman-850-efi-11-21-oem-2204401-2207670-2208595-2521210-d-2521706\/\"]}]},{\"@type\":\"ImageObject\",\"inLanguage\":\"hu\",\"@id\":\"https:\/\/v3.atv-parts.hu\/index.php\/termek\/bronco-2023-09-uzemanyagpumpa-komplett-polaris-sportsman-550-efi-x2-xp-touring-11-14-scrambler-850-13-21-sportsman-850-efi-11-21-oem-2204401-2207670-2208595-2521210-d-2521706\/#primaryimage\",\"url\":\"https:\/\/v3.atv-parts.hu\/wp-content\/uploads\/2024\/04\/bronco-2023-09-complete-electric-fuel-pump-module.jpg\",\"contentUrl\":\"https:\/\/v3.atv-parts.hu\/wp-content\/uploads\/2024\/04\/bronco-2023-09-complete-electric-fuel-pump-module.jpg\",\"width\":1067,\"height\":800},{\"@type\":\"BreadcrumbList\",\"@id\":\"https:\/\/v3.atv-parts.hu\/index.php\/termek\/bronco-2023-09-uzemanyagpumpa-komplett-polaris-sportsman-550-efi-x2-xp-touring-11-14-scrambler-850-13-21-sportsman-850-efi-11-21-oem-2204401-2207670-2208595-2521210-d-2521706\/#breadcrumb\",\"itemListElement\":[{\"@type\":\"ListItem\",\"position\":1,\"name\":\"Kezd\u0151lap\",\"item\":\"https:\/\/v3.atv-parts.hu\/\"},{\"@type\":\"ListItem\",\"position\":2,\"name\":\"Bolt\",\"item\":\"https:\/\/v3.atv-parts.hu\/index.php\/bolt\/\"},{\"@type\":\"ListItem\",\"position\":3,\"name\":\"BRONCO 2023\/09 \u00dcZEMANYAGPUMPA (KOMPLETT) POLARIS SPORTSMAN 550 EFI \/ X2 \/ XP \/ TOURING &#8217;11-&#8217;14, SCRAMBLER 850 &#8217;13-&#8217;21, SPORTSMAN 850 \/ EFI &#8217;11-&#8217;21 (OEM: 2204401, 2207670, 2208595, 2521210-D, 2521706)\"}]},{\"@type\":\"WebSite\",\"@id\":\"https:\/\/v3.atv-parts.hu\/#website\",\"url\":\"https:\/\/v3.atv-parts.hu\/\",\"name\":\"V3 ATV-PARTS.HU\",\"description\":\"\",\"publisher\":{\"@id\":\"https:\/\/v3.atv-parts.hu\/#organization\"},\"potentialAction\":[{\"@type\":\"SearchAction\",\"target\":{\"@type\":\"EntryPoint\",\"urlTemplate\":\"https:\/\/v3.atv-parts.hu\/?s={search_term_string}\"},\"query-input\":\"required name=search_term_string\"}],\"inLanguage\":\"hu\"},{\"@type\":\"Organization\",\"@id\":\"https:\/\/v3.atv-parts.hu\/#organization\",\"name\":\"V3 ATV-PARTS.HU\",\"url\":\"https:\/\/v3.atv-parts.hu\/\",\"logo\":{\"@type\":\"ImageObject\",\"inLanguage\":\"hu\",\"@id\":\"https:\/\/v3.atv-parts.hu\/#\/schema\/logo\/image\/\",\"url\":\"https:\/\/v3.atv-parts.hu\/wp-content\/uploads\/2021\/02\/cropped-cropped-atvlogo-1-1-1.png\",\"contentUrl\":\"https:\/\/v3.atv-parts.hu\/wp-content\/uploads\/2021\/02\/cropped-cropped-atvlogo-1-1-1.png\",\"width\":267,\"height\":160,\"caption\":\"V3 ATV-PARTS.HU\"},\"image\":{\"@id\":\"https:\/\/v3.atv-parts.hu\/#\/schema\/logo\/image\/\"},\"sameAs\":[\"https:\/\/www.facebook.com\/atvpartsHU\"]}]}<\/script>\n<meta property=\"product:price:amount\" content=\"51653.44\" \/>\n<meta property=\"product:price:currency\" content=\"HUF\" \/>\n<meta property=\"og:availability\" content=\"instock\" \/>\n<meta property=\"product:availability\" content=\"instock\" \/>\n<meta property=\"product:retailer_item_id\" content=\"AT-07702\" \/>\n<meta property=\"product:condition\" content=\"new\" \/>\n<!-- \/ Yoast SEO Premium plugin. -->","yoast_head_json":{"title":"BRONCO 2023\/09 \u00dcZEMANYAGPUMPA (KOMPLETT) POLARIS SPORTSMAN 550 EFI \/ X2 \/ XP \/ TOURING '11-'14, SCRAMBLER 850 '13-'21, SPORTSMAN 850 \/ EFI '11-'21 (OEM: 2204401, 2207670, 2208595, 2521210-D, 2521706) - V3 ATV-PARTS.HU","robots":{"index":"index","follow":"follow","max-snippet":"max-snippet:-1","max-image-preview":"max-image-preview:large","max-video-preview":"max-video-preview:-1"},"canonical":"https:\/\/v3.atv-parts.hu\/index.php\/termek\/bronco-2023-09-uzemanyagpumpa-komplett-polaris-sportsman-550-efi-x2-xp-touring-11-14-scrambler-850-13-21-sportsman-850-efi-11-21-oem-2204401-2207670-2208595-2521210-d-2521706\/","og_locale":"hu_HU","og_type":"article","og_title":"BRONCO 2023\/09 \u00dcZEMANYAGPUMPA (KOMPLETT) POLARIS SPORTSMAN 550 EFI \/ X2 \/ XP \/ TOURING '11-'14, SCRAMBLER 850 '13-'21, SPORTSMAN 850 \/ EFI '11-'21 (OEM: 2204401, 2207670, 2208595, 2521210-D, 2521706)","og_description":"BRONCO 2023\/09 \u00dcZEMANYAGPUMPA (KOMPLETT) POLARIS SPORTSMAN 550 EFI \/ X2 \/ XP \/ TOURING '11-'14, SCRAMBLER 850 '13-'21, SPORTSMAN 850 \/ EFI '11-'21 (OEM: 2204401, 2207670, 2208595, 2521210-D, 2521706)","og_url":"https:\/\/v3.atv-parts.hu\/index.php\/termek\/bronco-2023-09-uzemanyagpumpa-komplett-polaris-sportsman-550-efi-x2-xp-touring-11-14-scrambler-850-13-21-sportsman-850-efi-11-21-oem-2204401-2207670-2208595-2521210-d-2521706\/","og_site_name":"V3 ATV-PARTS.HU","article_publisher":"https:\/\/www.facebook.com\/atvpartsHU","article_modified_time":"2024-05-03T15:39:13+00:00","og_image":[{"width":1067,"height":800,"url":"https:\/\/v3.atv-parts.hu\/wp-content\/uploads\/2024\/04\/bronco-2023-09-complete-electric-fuel-pump-module.jpg","type":"image\/jpeg"}],"twitter_card":"summary_large_image","twitter_misc":{"\u00c1r":"51653,44&nbsp;&#70;&#116; \u00c1F\u00c1-val","El\u00e9rhet\u0151s\u00e9g":"K\u00e9szleten"},"schema":{"@context":"https:\/\/schema.org","@graph":[{"@type":"WebPage","@id":"https:\/\/v3.atv-parts.hu\/index.php\/termek\/bronco-2023-09-uzemanyagpumpa-komplett-polaris-sportsman-550-efi-x2-xp-touring-11-14-scrambler-850-13-21-sportsman-850-efi-11-21-oem-2204401-2207670-2208595-2521210-d-2521706\/","url":"https:\/\/v3.atv-parts.hu\/index.php\/termek\/bronco-2023-09-uzemanyagpumpa-komplett-polaris-sportsman-550-efi-x2-xp-touring-11-14-scrambler-850-13-21-sportsman-850-efi-11-21-oem-2204401-2207670-2208595-2521210-d-2521706\/","name":"BRONCO 2023\/09 \u00dcZEMANYAGPUMPA (KOMPLETT) POLARIS SPORTSMAN 550 EFI \/ X2 \/ XP \/ TOURING '11-'14, SCRAMBLER 850 '13-'21, SPORTSMAN 850 \/ EFI '11-'21 (OEM: 2204401, 2207670, 2208595, 2521210-D, 2521706) - V3 ATV-PARTS.HU","isPartOf":{"@id":"https:\/\/v3.atv-parts.hu\/#website"},"primaryImageOfPage":{"@id":"https:\/\/v3.atv-parts.hu\/index.php\/termek\/bronco-2023-09-uzemanyagpumpa-komplett-polaris-sportsman-550-efi-x2-xp-touring-11-14-scrambler-850-13-21-sportsman-850-efi-11-21-oem-2204401-2207670-2208595-2521210-d-2521706\/#primaryimage"},"image":{"@id":"https:\/\/v3.atv-parts.hu\/index.php\/termek\/bronco-2023-09-uzemanyagpumpa-komplett-polaris-sportsman-550-efi-x2-xp-touring-11-14-scrambler-850-13-21-sportsman-850-efi-11-21-oem-2204401-2207670-2208595-2521210-d-2521706\/#primaryimage"},"thumbnailUrl":"https:\/\/v3.atv-parts.hu\/wp-content\/uploads\/2024\/04\/bronco-2023-09-complete-electric-fuel-pump-module.jpg","datePublished":"2024-04-04T01:30:53+00:00","dateModified":"2024-05-03T15:39:13+00:00","breadcrumb":{"@id":"https:\/\/v3.atv-parts.hu\/index.php\/termek\/bronco-2023-09-uzemanyagpumpa-komplett-polaris-sportsman-550-efi-x2-xp-touring-11-14-scrambler-850-13-21-sportsman-850-efi-11-21-oem-2204401-2207670-2208595-2521210-d-2521706\/#breadcrumb"},"inLanguage":"hu","potentialAction":[{"@type":"ReadAction","target":["https:\/\/v3.atv-parts.hu\/index.php\/termek\/bronco-2023-09-uzemanyagpumpa-komplett-polaris-sportsman-550-efi-x2-xp-touring-11-14-scrambler-850-13-21-sportsman-850-efi-11-21-oem-2204401-2207670-2208595-2521210-d-2521706\/"]}]},{"@type":"ImageObject","inLanguage":"hu","@id":"https:\/\/v3.atv-parts.hu\/index.php\/termek\/bronco-2023-09-uzemanyagpumpa-komplett-polaris-sportsman-550-efi-x2-xp-touring-11-14-scrambler-850-13-21-sportsman-850-efi-11-21-oem-2204401-2207670-2208595-2521210-d-2521706\/#primaryimage","url":"https:\/\/v3.atv-parts.hu\/wp-content\/uploads\/2024\/04\/bronco-2023-09-complete-electric-fuel-pump-module.jpg","contentUrl":"https:\/\/v3.atv-parts.hu\/wp-content\/uploads\/2024\/04\/bronco-2023-09-complete-electric-fuel-pump-module.jpg","width":1067,"height":800},{"@type":"BreadcrumbList","@id":"https:\/\/v3.atv-parts.hu\/index.php\/termek\/bronco-2023-09-uzemanyagpumpa-komplett-polaris-sportsman-550-efi-x2-xp-touring-11-14-scrambler-850-13-21-sportsman-850-efi-11-21-oem-2204401-2207670-2208595-2521210-d-2521706\/#breadcrumb","itemListElement":[{"@type":"ListItem","position":1,"name":"Kezd\u0151lap","item":"https:\/\/v3.atv-parts.hu\/"},{"@type":"ListItem","position":2,"name":"Bolt","item":"https:\/\/v3.atv-parts.hu\/index.php\/bolt\/"},{"@type":"ListItem","position":3,"name":"BRONCO 2023\/09 \u00dcZEMANYAGPUMPA (KOMPLETT) POLARIS SPORTSMAN 550 EFI \/ X2 \/ XP \/ TOURING &#8217;11-&#8217;14, SCRAMBLER 850 &#8217;13-&#8217;21, SPORTSMAN 850 \/ EFI &#8217;11-&#8217;21 (OEM: 2204401, 2207670, 2208595, 2521210-D, 2521706)"}]},{"@type":"WebSite","@id":"https:\/\/v3.atv-parts.hu\/#website","url":"https:\/\/v3.atv-parts.hu\/","name":"V3 ATV-PARTS.HU","description":"","publisher":{"@id":"https:\/\/v3.atv-parts.hu\/#organization"},"potentialAction":[{"@type":"SearchAction","target":{"@type":"EntryPoint","urlTemplate":"https:\/\/v3.atv-parts.hu\/?s={search_term_string}"},"query-input":"required name=search_term_string"}],"inLanguage":"hu"},{"@type":"Organization","@id":"https:\/\/v3.atv-parts.hu\/#organization","name":"V3 ATV-PARTS.HU","url":"https:\/\/v3.atv-parts.hu\/","logo":{"@type":"ImageObject","inLanguage":"hu","@id":"https:\/\/v3.atv-parts.hu\/#\/schema\/logo\/image\/","url":"https:\/\/v3.atv-parts.hu\/wp-content\/uploads\/2021\/02\/cropped-cropped-atvlogo-1-1-1.png","contentUrl":"https:\/\/v3.atv-parts.hu\/wp-content\/uploads\/2021\/02\/cropped-cropped-atvlogo-1-1-1.png","width":267,"height":160,"caption":"V3 ATV-PARTS.HU"},"image":{"@id":"https:\/\/v3.atv-parts.hu\/#\/schema\/logo\/image\/"},"sameAs":["https:\/\/www.facebook.com\/atvpartsHU"]}]},"product_price_amount":"51653.44","product_price_currency":"HUF","og_availability":"instock","product_availability":"instock","product_retailer_item_id":"AT-07702","product_condition":"new"},"_links":{"self":[{"href":"https:\/\/v3.atv-parts.hu\/index.php\/wp-json\/wp\/v2\/product\/118371","targetHints":{"allow":["GET"]}}],"collection":[{"href":"https:\/\/v3.atv-parts.hu\/index.php\/wp-json\/wp\/v2\/product"}],"about":[{"href":"https:\/\/v3.atv-parts.hu\/index.php\/wp-json\/wp\/v2\/types\/product"}],"replies":[{"embeddable":true,"href":"https:\/\/v3.atv-parts.hu\/index.php\/wp-json\/wp\/v2\/comments?post=118371"}],"wp:featuredmedia":[{"embeddable":true,"href":"https:\/\/v3.atv-parts.hu\/index.php\/wp-json\/wp\/v2\/media\/118359"}],"wp:attachment":[{"href":"https:\/\/v3.atv-parts.hu\/index.php\/wp-json\/wp\/v2\/media?parent=118371"}],"wp:term":[{"taxonomy":"product_cat","embeddable":true,"href":"https:\/\/v3.atv-parts.hu\/index.php\/wp-json\/wp\/v2\/product_cat?post=118371"},{"taxonomy":"product_tag","embeddable":true,"href":"https:\/\/v3.atv-parts.hu\/index.php\/wp-json\/wp\/v2\/product_tag?post=118371"}],"curies":[{"name":"wp","href":"https:\/\/api.w.org\/{rel}","templated":true}]}}