{"id":118583,"date":"2024-04-04T03:36:40","date_gmt":"2024-04-04T01:36:40","guid":{"rendered":"https:\/\/v3.atv-parts.hu\/index.php\/termek\/leatt-uj-2024-polo-polo-szett-moto-ride-kit-3-5-junior-voros-szin-voros-fekete-meret-l-140-150cm\/"},"modified":"2025-02-06T08:03:10","modified_gmt":"2025-02-06T07:03:10","slug":"leatt-uj-2024-polo-polo-szett-moto-ride-kit-3-5-junior-voros-szin-voros-fekete-meret-l-140-150cm","status":"publish","type":"product","link":"https:\/\/v3.atv-parts.hu\/index.php\/termek\/leatt-uj-2024-polo-polo-szett-moto-ride-kit-3-5-junior-voros-szin-voros-fekete-meret-l-140-150cm\/","title":{"rendered":"LEATT  (\u00daJ 2024) P\u00d3L\u00d3 + P\u00d3L\u00d3 SZETT MOTO RIDE KIT 3.5 JUNIOR V\u00d6R\u00d6S SZ\u00cdN V\u00d6R\u00d6S\/FEKETE M\u00c9RET L (140\/150cm)"},"content":{"rendered":"<p>LEATT  (\u00daJ 2024) P\u00d3L\u00d3 + P\u00d3L\u00d3 SZETT MOTO RIDE KIT 3.5 JUNIOR V\u00d6R\u00d6S SZ\u00cdN V\u00d6R\u00d6S\/FEKETE M\u00c9RET L (140\/150cm)<\/p>\n<p>EAN: 6009554067020<\/p>\n<p>SKU: 5024080712<\/p>\n","protected":false},"excerpt":{"rendered":"<p>LEATT  (\u00daJ 2024) P\u00d3L\u00d3 + P\u00d3L\u00d3 SZETT MOTO RIDE KIT 3.5 JUNIOR V\u00d6R\u00d6S SZ\u00cdN V\u00d6R\u00d6S\/FEKETE M\u00c9RET L (140\/150cm)<\/p>\n","protected":false},"featured_media":0,"comment_status":"closed","ping_status":"open","template":"","meta":{"_monsterinsights_skip_tracking":false,"_monsterinsights_sitenote_active":false,"_monsterinsights_sitenote_note":"","_monsterinsights_sitenote_category":0},"product_cat":[260,942,259],"product_tag":[],"class_list":{"0":"post-118583","1":"product","2":"type-product","3":"status-publish","5":"product_cat-offroad-ruhazat","6":"product_cat-offroad-szettek","7":"product_cat-ruhazat-es-vedofelszereles","8":"pa_marka-leatt","10":"first","11":"instock","12":"taxable","13":"shipping-taxable","14":"purchasable","15":"product-type-simple"},"yoast_head":"<!-- This site is optimized with the Yoast SEO Premium plugin v22.6 (Yoast SEO v22.6) - https:\/\/yoast.com\/wordpress\/plugins\/seo\/ -->\n<title>LEATT (\u00daJ 2024) P\u00d3L\u00d3 + P\u00d3L\u00d3 SZETT MOTO RIDE KIT 3.5 JUNIOR V\u00d6R\u00d6S SZ\u00cdN V\u00d6R\u00d6S\/FEKETE M\u00c9RET L (140\/150cm) - V3 ATV-PARTS.HU<\/title>\n<meta name=\"robots\" content=\"index, follow, max-snippet:-1, max-image-preview:large, max-video-preview:-1\" \/>\n<link rel=\"canonical\" href=\"https:\/\/v3.atv-parts.hu\/index.php\/termek\/leatt-uj-2024-polo-polo-szett-moto-ride-kit-3-5-junior-voros-szin-voros-fekete-meret-l-140-150cm\/\" \/>\n<meta property=\"og:locale\" content=\"hu_HU\" \/>\n<meta property=\"og:type\" content=\"article\" \/>\n<meta property=\"og:title\" content=\"LEATT (\u00daJ 2024) P\u00d3L\u00d3 + P\u00d3L\u00d3 SZETT MOTO RIDE KIT 3.5 JUNIOR V\u00d6R\u00d6S SZ\u00cdN V\u00d6R\u00d6S\/FEKETE M\u00c9RET L (140\/150cm)\" \/>\n<meta property=\"og:description\" content=\"LEATT (\u00daJ 2024) P\u00d3L\u00d3 + P\u00d3L\u00d3 SZETT MOTO RIDE KIT 3.5 JUNIOR V\u00d6R\u00d6S SZ\u00cdN V\u00d6R\u00d6S\/FEKETE M\u00c9RET L (140\/150cm)\" \/>\n<meta property=\"og:url\" content=\"https:\/\/v3.atv-parts.hu\/index.php\/termek\/leatt-uj-2024-polo-polo-szett-moto-ride-kit-3-5-junior-voros-szin-voros-fekete-meret-l-140-150cm\/\" \/>\n<meta property=\"og:site_name\" content=\"V3 ATV-PARTS.HU\" \/>\n<meta property=\"article:publisher\" content=\"https:\/\/www.facebook.com\/atvpartsHU\" \/>\n<meta property=\"article:modified_time\" content=\"2025-02-06T07:03:10+00:00\" \/>\n<meta name=\"twitter:card\" content=\"summary_large_image\" \/>\n<meta name=\"twitter:label1\" content=\"\u00c1r\" \/>\n\t<meta name=\"twitter:data1\" content=\"44399,20&nbsp;&#70;&#116; \u00c1F\u00c1-val\" \/>\n\t<meta name=\"twitter:label2\" content=\"El\u00e9rhet\u0151s\u00e9g\" \/>\n\t<meta name=\"twitter:data2\" content=\"K\u00e9szleten\" \/>\n<script type=\"application\/ld+json\" class=\"yoast-schema-graph\">{\"@context\":\"https:\/\/schema.org\",\"@graph\":[{\"@type\":\"WebPage\",\"@id\":\"https:\/\/v3.atv-parts.hu\/index.php\/termek\/leatt-uj-2024-polo-polo-szett-moto-ride-kit-3-5-junior-voros-szin-voros-fekete-meret-l-140-150cm\/\",\"url\":\"https:\/\/v3.atv-parts.hu\/index.php\/termek\/leatt-uj-2024-polo-polo-szett-moto-ride-kit-3-5-junior-voros-szin-voros-fekete-meret-l-140-150cm\/\",\"name\":\"LEATT (\u00daJ 2024) P\u00d3L\u00d3 + P\u00d3L\u00d3 SZETT MOTO RIDE KIT 3.5 JUNIOR V\u00d6R\u00d6S SZ\u00cdN V\u00d6R\u00d6S\/FEKETE M\u00c9RET L (140\/150cm) - V3 ATV-PARTS.HU\",\"isPartOf\":{\"@id\":\"https:\/\/v3.atv-parts.hu\/#website\"},\"datePublished\":\"2024-04-04T01:36:40+00:00\",\"dateModified\":\"2025-02-06T07:03:10+00:00\",\"breadcrumb\":{\"@id\":\"https:\/\/v3.atv-parts.hu\/index.php\/termek\/leatt-uj-2024-polo-polo-szett-moto-ride-kit-3-5-junior-voros-szin-voros-fekete-meret-l-140-150cm\/#breadcrumb\"},\"inLanguage\":\"hu\",\"potentialAction\":[{\"@type\":\"ReadAction\",\"target\":[\"https:\/\/v3.atv-parts.hu\/index.php\/termek\/leatt-uj-2024-polo-polo-szett-moto-ride-kit-3-5-junior-voros-szin-voros-fekete-meret-l-140-150cm\/\"]}]},{\"@type\":\"BreadcrumbList\",\"@id\":\"https:\/\/v3.atv-parts.hu\/index.php\/termek\/leatt-uj-2024-polo-polo-szett-moto-ride-kit-3-5-junior-voros-szin-voros-fekete-meret-l-140-150cm\/#breadcrumb\",\"itemListElement\":[{\"@type\":\"ListItem\",\"position\":1,\"name\":\"Kezd\u0151lap\",\"item\":\"https:\/\/v3.atv-parts.hu\/\"},{\"@type\":\"ListItem\",\"position\":2,\"name\":\"Bolt\",\"item\":\"https:\/\/v3.atv-parts.hu\/index.php\/bolt\/\"},{\"@type\":\"ListItem\",\"position\":3,\"name\":\"LEATT (\u00daJ 2024) P\u00d3L\u00d3 + P\u00d3L\u00d3 SZETT MOTO RIDE KIT 3.5 JUNIOR V\u00d6R\u00d6S SZ\u00cdN V\u00d6R\u00d6S\/FEKETE M\u00c9RET L (140\/150cm)\"}]},{\"@type\":\"WebSite\",\"@id\":\"https:\/\/v3.atv-parts.hu\/#website\",\"url\":\"https:\/\/v3.atv-parts.hu\/\",\"name\":\"V3 ATV-PARTS.HU\",\"description\":\"\",\"publisher\":{\"@id\":\"https:\/\/v3.atv-parts.hu\/#organization\"},\"potentialAction\":[{\"@type\":\"SearchAction\",\"target\":{\"@type\":\"EntryPoint\",\"urlTemplate\":\"https:\/\/v3.atv-parts.hu\/?s={search_term_string}\"},\"query-input\":\"required name=search_term_string\"}],\"inLanguage\":\"hu\"},{\"@type\":\"Organization\",\"@id\":\"https:\/\/v3.atv-parts.hu\/#organization\",\"name\":\"V3 ATV-PARTS.HU\",\"url\":\"https:\/\/v3.atv-parts.hu\/\",\"logo\":{\"@type\":\"ImageObject\",\"inLanguage\":\"hu\",\"@id\":\"https:\/\/v3.atv-parts.hu\/#\/schema\/logo\/image\/\",\"url\":\"https:\/\/v3.atv-parts.hu\/wp-content\/uploads\/2021\/02\/cropped-cropped-atvlogo-1-1-1.png\",\"contentUrl\":\"https:\/\/v3.atv-parts.hu\/wp-content\/uploads\/2021\/02\/cropped-cropped-atvlogo-1-1-1.png\",\"width\":267,\"height\":160,\"caption\":\"V3 ATV-PARTS.HU\"},\"image\":{\"@id\":\"https:\/\/v3.atv-parts.hu\/#\/schema\/logo\/image\/\"},\"sameAs\":[\"https:\/\/www.facebook.com\/atvpartsHU\"]}]}<\/script>\n<meta property=\"product:price:amount\" content=\"44399.20\" \/>\n<meta property=\"product:price:currency\" content=\"HUF\" \/>\n<meta property=\"og:availability\" content=\"instock\" \/>\n<meta property=\"product:availability\" content=\"instock\" \/>\n<meta property=\"product:retailer_item_id\" content=\"5024080712\" \/>\n<meta property=\"product:condition\" content=\"new\" \/>\n<!-- \/ Yoast SEO Premium plugin. -->","yoast_head_json":{"title":"LEATT (\u00daJ 2024) P\u00d3L\u00d3 + P\u00d3L\u00d3 SZETT MOTO RIDE KIT 3.5 JUNIOR V\u00d6R\u00d6S SZ\u00cdN V\u00d6R\u00d6S\/FEKETE M\u00c9RET L (140\/150cm) - V3 ATV-PARTS.HU","robots":{"index":"index","follow":"follow","max-snippet":"max-snippet:-1","max-image-preview":"max-image-preview:large","max-video-preview":"max-video-preview:-1"},"canonical":"https:\/\/v3.atv-parts.hu\/index.php\/termek\/leatt-uj-2024-polo-polo-szett-moto-ride-kit-3-5-junior-voros-szin-voros-fekete-meret-l-140-150cm\/","og_locale":"hu_HU","og_type":"article","og_title":"LEATT (\u00daJ 2024) P\u00d3L\u00d3 + P\u00d3L\u00d3 SZETT MOTO RIDE KIT 3.5 JUNIOR V\u00d6R\u00d6S SZ\u00cdN V\u00d6R\u00d6S\/FEKETE M\u00c9RET L (140\/150cm)","og_description":"LEATT (\u00daJ 2024) P\u00d3L\u00d3 + P\u00d3L\u00d3 SZETT MOTO RIDE KIT 3.5 JUNIOR V\u00d6R\u00d6S SZ\u00cdN V\u00d6R\u00d6S\/FEKETE M\u00c9RET L (140\/150cm)","og_url":"https:\/\/v3.atv-parts.hu\/index.php\/termek\/leatt-uj-2024-polo-polo-szett-moto-ride-kit-3-5-junior-voros-szin-voros-fekete-meret-l-140-150cm\/","og_site_name":"V3 ATV-PARTS.HU","article_publisher":"https:\/\/www.facebook.com\/atvpartsHU","article_modified_time":"2025-02-06T07:03:10+00:00","twitter_card":"summary_large_image","twitter_misc":{"\u00c1r":"44399,20&nbsp;&#70;&#116; \u00c1F\u00c1-val","El\u00e9rhet\u0151s\u00e9g":"K\u00e9szleten"},"schema":{"@context":"https:\/\/schema.org","@graph":[{"@type":"WebPage","@id":"https:\/\/v3.atv-parts.hu\/index.php\/termek\/leatt-uj-2024-polo-polo-szett-moto-ride-kit-3-5-junior-voros-szin-voros-fekete-meret-l-140-150cm\/","url":"https:\/\/v3.atv-parts.hu\/index.php\/termek\/leatt-uj-2024-polo-polo-szett-moto-ride-kit-3-5-junior-voros-szin-voros-fekete-meret-l-140-150cm\/","name":"LEATT (\u00daJ 2024) P\u00d3L\u00d3 + P\u00d3L\u00d3 SZETT MOTO RIDE KIT 3.5 JUNIOR V\u00d6R\u00d6S SZ\u00cdN V\u00d6R\u00d6S\/FEKETE M\u00c9RET L (140\/150cm) - V3 ATV-PARTS.HU","isPartOf":{"@id":"https:\/\/v3.atv-parts.hu\/#website"},"datePublished":"2024-04-04T01:36:40+00:00","dateModified":"2025-02-06T07:03:10+00:00","breadcrumb":{"@id":"https:\/\/v3.atv-parts.hu\/index.php\/termek\/leatt-uj-2024-polo-polo-szett-moto-ride-kit-3-5-junior-voros-szin-voros-fekete-meret-l-140-150cm\/#breadcrumb"},"inLanguage":"hu","potentialAction":[{"@type":"ReadAction","target":["https:\/\/v3.atv-parts.hu\/index.php\/termek\/leatt-uj-2024-polo-polo-szett-moto-ride-kit-3-5-junior-voros-szin-voros-fekete-meret-l-140-150cm\/"]}]},{"@type":"BreadcrumbList","@id":"https:\/\/v3.atv-parts.hu\/index.php\/termek\/leatt-uj-2024-polo-polo-szett-moto-ride-kit-3-5-junior-voros-szin-voros-fekete-meret-l-140-150cm\/#breadcrumb","itemListElement":[{"@type":"ListItem","position":1,"name":"Kezd\u0151lap","item":"https:\/\/v3.atv-parts.hu\/"},{"@type":"ListItem","position":2,"name":"Bolt","item":"https:\/\/v3.atv-parts.hu\/index.php\/bolt\/"},{"@type":"ListItem","position":3,"name":"LEATT (\u00daJ 2024) P\u00d3L\u00d3 + P\u00d3L\u00d3 SZETT MOTO RIDE KIT 3.5 JUNIOR V\u00d6R\u00d6S SZ\u00cdN V\u00d6R\u00d6S\/FEKETE M\u00c9RET L (140\/150cm)"}]},{"@type":"WebSite","@id":"https:\/\/v3.atv-parts.hu\/#website","url":"https:\/\/v3.atv-parts.hu\/","name":"V3 ATV-PARTS.HU","description":"","publisher":{"@id":"https:\/\/v3.atv-parts.hu\/#organization"},"potentialAction":[{"@type":"SearchAction","target":{"@type":"EntryPoint","urlTemplate":"https:\/\/v3.atv-parts.hu\/?s={search_term_string}"},"query-input":"required name=search_term_string"}],"inLanguage":"hu"},{"@type":"Organization","@id":"https:\/\/v3.atv-parts.hu\/#organization","name":"V3 ATV-PARTS.HU","url":"https:\/\/v3.atv-parts.hu\/","logo":{"@type":"ImageObject","inLanguage":"hu","@id":"https:\/\/v3.atv-parts.hu\/#\/schema\/logo\/image\/","url":"https:\/\/v3.atv-parts.hu\/wp-content\/uploads\/2021\/02\/cropped-cropped-atvlogo-1-1-1.png","contentUrl":"https:\/\/v3.atv-parts.hu\/wp-content\/uploads\/2021\/02\/cropped-cropped-atvlogo-1-1-1.png","width":267,"height":160,"caption":"V3 ATV-PARTS.HU"},"image":{"@id":"https:\/\/v3.atv-parts.hu\/#\/schema\/logo\/image\/"},"sameAs":["https:\/\/www.facebook.com\/atvpartsHU"]}]},"product_price_amount":"44399.20","product_price_currency":"HUF","og_availability":"instock","product_availability":"instock","product_retailer_item_id":"5024080712","product_condition":"new"},"_links":{"self":[{"href":"https:\/\/v3.atv-parts.hu\/index.php\/wp-json\/wp\/v2\/product\/118583","targetHints":{"allow":["GET"]}}],"collection":[{"href":"https:\/\/v3.atv-parts.hu\/index.php\/wp-json\/wp\/v2\/product"}],"about":[{"href":"https:\/\/v3.atv-parts.hu\/index.php\/wp-json\/wp\/v2\/types\/product"}],"replies":[{"embeddable":true,"href":"https:\/\/v3.atv-parts.hu\/index.php\/wp-json\/wp\/v2\/comments?post=118583"}],"wp:attachment":[{"href":"https:\/\/v3.atv-parts.hu\/index.php\/wp-json\/wp\/v2\/media?parent=118583"}],"wp:term":[{"taxonomy":"product_cat","embeddable":true,"href":"https:\/\/v3.atv-parts.hu\/index.php\/wp-json\/wp\/v2\/product_cat?post=118583"},{"taxonomy":"product_tag","embeddable":true,"href":"https:\/\/v3.atv-parts.hu\/index.php\/wp-json\/wp\/v2\/product_tag?post=118583"}],"curies":[{"name":"wp","href":"https:\/\/api.w.org\/{rel}","templated":true}]}}