{"id":120049,"date":"2024-04-04T04:20:49","date_gmt":"2024-04-04T02:20:49","guid":{"rendered":"https:\/\/v3.atv-parts.hu\/index.php\/termek\/racetech-rtech-2023-10-pattintos-rogzitoelemek-click-az-oldalso-panelek-es-a-legszurofedel-rogzitesehez-fekete-5-db-ktm-sx-85-18-23-sx-sx-f-xc-f-125-150-250-300-350-450-16-23-exc-exc-f-x\/"},"modified":"2024-08-06T08:04:37","modified_gmt":"2024-08-06T06:04:37","slug":"racetech-rtech-2023-10-pattintos-rogzitoelemek-click-az-oldalso-panelek-es-a-legszurofedel-rogzitesehez-fekete-5-db-ktm-sx-85-18-23-sx-sx-f-xc-f-125-150-250-300-350-450-16-23-exc-exc-f-x","status":"publish","type":"product","link":"https:\/\/v3.atv-parts.hu\/index.php\/termek\/racetech-rtech-2023-10-pattintos-rogzitoelemek-click-az-oldalso-panelek-es-a-legszurofedel-rogzitesehez-fekete-5-db-ktm-sx-85-18-23-sx-sx-f-xc-f-125-150-250-300-350-450-16-23-exc-exc-f-x\/","title":{"rendered":"RACETECH  (RTECH) 2023\/10 PATTINT\u00d3S R\u00d6GZ\u00cdT\u0150ELEMEK (CLICK) AZ OLDALS\u00d3 PANELEK \u00c9S A L\u00c9GSZ\u0170R\u0150FED\u00c9L R\u00d6GZ\u00cdT\u00c9S\u00c9HEZ FEKETE (5 DB) KTM SX 85 &#8217;18-&#8217;23, SX\/SX-F\/XC-F 125\/\/150\/250\/300\/350\/450 &#8217;16-&#8217;23, EXC\/EXC-F\/XC-W\/XCF-W &#8216;250\/500 &#8217;17-&#8217;23, HUSQVARNA, G\u00c1Z G\u00c1Z G\u00c1Z G\u00c1Z (OEM: 47106003160)"},"content":{"rendered":"<p>RACETECH  (RTECH) 2023\/10 PATTINT\u00d3S R\u00d6GZ\u00cdT\u0150ELEMEK (CLICK) AZ OLDALS\u00d3 PANELEK \u00c9S A L\u00c9GSZ\u0170R\u0150FED\u00c9L R\u00d6GZ\u00cdT\u00c9S\u00c9HEZ FEKETE (5 DB) KTM SX 85 &#8217;18-&#8217;23, SX\/SX-F\/XC-F 125\/\/150\/250\/300\/350\/450 &#8217;16-&#8217;23, EXC\/EXC-F\/XC-W\/XCF-W &#8216;250\/500 &#8217;17-&#8217;23, HUSQVARNA, G\u00c1Z G\u00c1Z G\u00c1Z G\u00c1Z (OEM: 47106003160)<\/p>\n<p>EAN: 8057094185252<\/p>\n<p>SKU: BOCKTMNR516<\/p>\n","protected":false},"excerpt":{"rendered":"<p>RACETECH  (RTECH) 2023\/10 PATTINT\u00d3S R\u00d6GZ\u00cdT\u0150ELEMEK (CLICK) AZ OLDALS\u00d3 PANELEK \u00c9S A L\u00c9GSZ\u0170R\u0150FED\u00c9L R\u00d6GZ\u00cdT\u00c9S\u00c9HEZ FEKETE (5 DB) KTM SX 85 &#8217;18-&#8217;23, SX\/SX-F\/XC-F 125\/\/150\/250\/300\/350\/450 &#8217;16-&#8217;23, EXC\/EXC-F\/XC-W\/XCF-W &#8216;250\/500 &#8217;17-&#8217;23, HUSQVARNA, G\u00c1Z G\u00c1Z G\u00c1Z G\u00c1Z (OEM: 47106003160)<\/p>\n","protected":false},"featured_media":120050,"comment_status":"closed","ping_status":"open","template":"","meta":{"_monsterinsights_skip_tracking":false,"_monsterinsights_sitenote_active":false,"_monsterinsights_sitenote_note":"","_monsterinsights_sitenote_category":0},"product_cat":[607,556],"product_tag":[],"class_list":{"0":"post-120049","1":"product","2":"type-product","3":"status-publish","4":"has-post-thumbnail","6":"product_cat-szurofedelek-es-burkolatok","7":"product_cat-szurok","8":"pa_marka-racetech","10":"first","11":"instock","12":"taxable","13":"shipping-taxable","14":"purchasable","15":"product-type-simple"},"yoast_head":"<!-- This site is optimized with the Yoast SEO Premium plugin v22.6 (Yoast SEO v22.6) - https:\/\/yoast.com\/wordpress\/plugins\/seo\/ -->\n<title>RACETECH (RTECH) 2023\/10 PATTINT\u00d3S R\u00d6GZ\u00cdT\u0150ELEMEK (CLICK) AZ OLDALS\u00d3 PANELEK \u00c9S A L\u00c9GSZ\u0170R\u0150FED\u00c9L R\u00d6GZ\u00cdT\u00c9S\u00c9HEZ FEKETE (5 DB) KTM SX 85 &#039;18-&#039;23, SX\/SX-F\/XC-F 125\/\/150\/250\/300\/350\/450 &#039;16-&#039;23, EXC\/EXC-F\/XC-W\/XCF-W &#039;250\/500 &#039;17-&#039;23, HUSQVARNA, G\u00c1Z G\u00c1Z G\u00c1Z G\u00c1Z (OEM: 47106003160) - V3 ATV-PARTS.HU<\/title>\n<meta name=\"robots\" content=\"index, follow, max-snippet:-1, max-image-preview:large, max-video-preview:-1\" \/>\n<link rel=\"canonical\" href=\"https:\/\/v3.atv-parts.hu\/index.php\/termek\/racetech-rtech-2023-10-pattintos-rogzitoelemek-click-az-oldalso-panelek-es-a-legszurofedel-rogzitesehez-fekete-5-db-ktm-sx-85-18-23-sx-sx-f-xc-f-125-150-250-300-350-450-16-23-exc-exc-f-x\/\" \/>\n<meta property=\"og:locale\" content=\"hu_HU\" \/>\n<meta property=\"og:type\" content=\"article\" \/>\n<meta property=\"og:title\" content=\"RACETECH (RTECH) 2023\/10 PATTINT\u00d3S R\u00d6GZ\u00cdT\u0150ELEMEK (CLICK) AZ OLDALS\u00d3 PANELEK \u00c9S A L\u00c9GSZ\u0170R\u0150FED\u00c9L R\u00d6GZ\u00cdT\u00c9S\u00c9HEZ FEKETE (5 DB) KTM SX 85 &#039;18-&#039;23, SX\/SX-F\/XC-F 125\/\/150\/250\/300\/350\/450 &#039;16-&#039;23, EXC\/EXC-F\/XC-W\/XCF-W &#039;250\/500 &#039;17-&#039;23, HUSQVARNA, G\u00c1Z G\u00c1Z G\u00c1Z G\u00c1Z (OEM: 47106003160)\" \/>\n<meta property=\"og:description\" content=\"RACETECH (RTECH) 2023\/10 PATTINT\u00d3S R\u00d6GZ\u00cdT\u0150ELEMEK (CLICK) AZ OLDALS\u00d3 PANELEK \u00c9S A L\u00c9GSZ\u0170R\u0150FED\u00c9L R\u00d6GZ\u00cdT\u00c9S\u00c9HEZ FEKETE (5 DB) KTM SX 85 &#039;18-&#039;23, SX\/SX-F\/XC-F 125\/\/150\/250\/300\/350\/450 &#039;16-&#039;23, EXC\/EXC-F\/XC-W\/XCF-W &#039;250\/500 &#039;17-&#039;23, HUSQVARNA, G\u00c1Z G\u00c1Z G\u00c1Z G\u00c1Z (OEM: 47106003160)\" \/>\n<meta property=\"og:url\" content=\"https:\/\/v3.atv-parts.hu\/index.php\/termek\/racetech-rtech-2023-10-pattintos-rogzitoelemek-click-az-oldalso-panelek-es-a-legszurofedel-rogzitesehez-fekete-5-db-ktm-sx-85-18-23-sx-sx-f-xc-f-125-150-250-300-350-450-16-23-exc-exc-f-x\/\" \/>\n<meta property=\"og:site_name\" content=\"V3 ATV-PARTS.HU\" \/>\n<meta property=\"article:publisher\" content=\"https:\/\/www.facebook.com\/atvpartsHU\" \/>\n<meta property=\"article:modified_time\" content=\"2024-08-06T06:04:37+00:00\" \/>\n<meta property=\"og:image\" content=\"https:\/\/v3.atv-parts.hu\/wp-content\/uploads\/2024\/04\/racetech-2023-10-zatrzaski-click-mocowania-boczk.jpg\" \/>\n\t<meta property=\"og:image:width\" content=\"1182\" \/>\n\t<meta property=\"og:image:height\" content=\"800\" \/>\n\t<meta property=\"og:image:type\" content=\"image\/jpeg\" \/>\n<meta name=\"twitter:card\" content=\"summary_large_image\" \/>\n<meta name=\"twitter:label1\" content=\"\u00c1r\" \/>\n\t<meta name=\"twitter:data1\" content=\"3379,47&nbsp;&#70;&#116; \u00c1F\u00c1-val\" \/>\n\t<meta name=\"twitter:label2\" content=\"El\u00e9rhet\u0151s\u00e9g\" \/>\n\t<meta name=\"twitter:data2\" content=\"K\u00e9szleten\" \/>\n<script type=\"application\/ld+json\" class=\"yoast-schema-graph\">{\"@context\":\"https:\/\/schema.org\",\"@graph\":[{\"@type\":\"WebPage\",\"@id\":\"https:\/\/v3.atv-parts.hu\/index.php\/termek\/racetech-rtech-2023-10-pattintos-rogzitoelemek-click-az-oldalso-panelek-es-a-legszurofedel-rogzitesehez-fekete-5-db-ktm-sx-85-18-23-sx-sx-f-xc-f-125-150-250-300-350-450-16-23-exc-exc-f-x\/\",\"url\":\"https:\/\/v3.atv-parts.hu\/index.php\/termek\/racetech-rtech-2023-10-pattintos-rogzitoelemek-click-az-oldalso-panelek-es-a-legszurofedel-rogzitesehez-fekete-5-db-ktm-sx-85-18-23-sx-sx-f-xc-f-125-150-250-300-350-450-16-23-exc-exc-f-x\/\",\"name\":\"RACETECH (RTECH) 2023\/10 PATTINT\u00d3S R\u00d6GZ\u00cdT\u0150ELEMEK (CLICK) AZ OLDALS\u00d3 PANELEK \u00c9S A L\u00c9GSZ\u0170R\u0150FED\u00c9L R\u00d6GZ\u00cdT\u00c9S\u00c9HEZ FEKETE (5 DB) KTM SX 85 '18-'23, SX\/SX-F\/XC-F 125\/\/150\/250\/300\/350\/450 '16-'23, EXC\/EXC-F\/XC-W\/XCF-W '250\/500 '17-'23, HUSQVARNA, G\u00c1Z G\u00c1Z G\u00c1Z G\u00c1Z (OEM: 47106003160) - V3 ATV-PARTS.HU\",\"isPartOf\":{\"@id\":\"https:\/\/v3.atv-parts.hu\/#website\"},\"primaryImageOfPage\":{\"@id\":\"https:\/\/v3.atv-parts.hu\/index.php\/termek\/racetech-rtech-2023-10-pattintos-rogzitoelemek-click-az-oldalso-panelek-es-a-legszurofedel-rogzitesehez-fekete-5-db-ktm-sx-85-18-23-sx-sx-f-xc-f-125-150-250-300-350-450-16-23-exc-exc-f-x\/#primaryimage\"},\"image\":{\"@id\":\"https:\/\/v3.atv-parts.hu\/index.php\/termek\/racetech-rtech-2023-10-pattintos-rogzitoelemek-click-az-oldalso-panelek-es-a-legszurofedel-rogzitesehez-fekete-5-db-ktm-sx-85-18-23-sx-sx-f-xc-f-125-150-250-300-350-450-16-23-exc-exc-f-x\/#primaryimage\"},\"thumbnailUrl\":\"https:\/\/v3.atv-parts.hu\/wp-content\/uploads\/2024\/04\/racetech-2023-10-zatrzaski-click-mocowania-boczk.jpg\",\"datePublished\":\"2024-04-04T02:20:49+00:00\",\"dateModified\":\"2024-08-06T06:04:37+00:00\",\"breadcrumb\":{\"@id\":\"https:\/\/v3.atv-parts.hu\/index.php\/termek\/racetech-rtech-2023-10-pattintos-rogzitoelemek-click-az-oldalso-panelek-es-a-legszurofedel-rogzitesehez-fekete-5-db-ktm-sx-85-18-23-sx-sx-f-xc-f-125-150-250-300-350-450-16-23-exc-exc-f-x\/#breadcrumb\"},\"inLanguage\":\"hu\",\"potentialAction\":[{\"@type\":\"ReadAction\",\"target\":[\"https:\/\/v3.atv-parts.hu\/index.php\/termek\/racetech-rtech-2023-10-pattintos-rogzitoelemek-click-az-oldalso-panelek-es-a-legszurofedel-rogzitesehez-fekete-5-db-ktm-sx-85-18-23-sx-sx-f-xc-f-125-150-250-300-350-450-16-23-exc-exc-f-x\/\"]}]},{\"@type\":\"ImageObject\",\"inLanguage\":\"hu\",\"@id\":\"https:\/\/v3.atv-parts.hu\/index.php\/termek\/racetech-rtech-2023-10-pattintos-rogzitoelemek-click-az-oldalso-panelek-es-a-legszurofedel-rogzitesehez-fekete-5-db-ktm-sx-85-18-23-sx-sx-f-xc-f-125-150-250-300-350-450-16-23-exc-exc-f-x\/#primaryimage\",\"url\":\"https:\/\/v3.atv-parts.hu\/wp-content\/uploads\/2024\/04\/racetech-2023-10-zatrzaski-click-mocowania-boczk.jpg\",\"contentUrl\":\"https:\/\/v3.atv-parts.hu\/wp-content\/uploads\/2024\/04\/racetech-2023-10-zatrzaski-click-mocowania-boczk.jpg\",\"width\":1182,\"height\":800},{\"@type\":\"BreadcrumbList\",\"@id\":\"https:\/\/v3.atv-parts.hu\/index.php\/termek\/racetech-rtech-2023-10-pattintos-rogzitoelemek-click-az-oldalso-panelek-es-a-legszurofedel-rogzitesehez-fekete-5-db-ktm-sx-85-18-23-sx-sx-f-xc-f-125-150-250-300-350-450-16-23-exc-exc-f-x\/#breadcrumb\",\"itemListElement\":[{\"@type\":\"ListItem\",\"position\":1,\"name\":\"Kezd\u0151lap\",\"item\":\"https:\/\/v3.atv-parts.hu\/\"},{\"@type\":\"ListItem\",\"position\":2,\"name\":\"Bolt\",\"item\":\"https:\/\/v3.atv-parts.hu\/index.php\/bolt\/\"},{\"@type\":\"ListItem\",\"position\":3,\"name\":\"RACETECH (RTECH) 2023\/10 PATTINT\u00d3S R\u00d6GZ\u00cdT\u0150ELEMEK (CLICK) AZ OLDALS\u00d3 PANELEK \u00c9S A L\u00c9GSZ\u0170R\u0150FED\u00c9L R\u00d6GZ\u00cdT\u00c9S\u00c9HEZ FEKETE (5 DB) KTM SX 85 &#8217;18-&#8217;23, SX\/SX-F\/XC-F 125\/\/150\/250\/300\/350\/450 &#8217;16-&#8217;23, EXC\/EXC-F\/XC-W\/XCF-W &#8216;250\/500 &#8217;17-&#8217;23, HUSQVARNA, G\u00c1Z G\u00c1Z G\u00c1Z G\u00c1Z (OEM: 47106003160)\"}]},{\"@type\":\"WebSite\",\"@id\":\"https:\/\/v3.atv-parts.hu\/#website\",\"url\":\"https:\/\/v3.atv-parts.hu\/\",\"name\":\"V3 ATV-PARTS.HU\",\"description\":\"\",\"publisher\":{\"@id\":\"https:\/\/v3.atv-parts.hu\/#organization\"},\"potentialAction\":[{\"@type\":\"SearchAction\",\"target\":{\"@type\":\"EntryPoint\",\"urlTemplate\":\"https:\/\/v3.atv-parts.hu\/?s={search_term_string}\"},\"query-input\":\"required name=search_term_string\"}],\"inLanguage\":\"hu\"},{\"@type\":\"Organization\",\"@id\":\"https:\/\/v3.atv-parts.hu\/#organization\",\"name\":\"V3 ATV-PARTS.HU\",\"url\":\"https:\/\/v3.atv-parts.hu\/\",\"logo\":{\"@type\":\"ImageObject\",\"inLanguage\":\"hu\",\"@id\":\"https:\/\/v3.atv-parts.hu\/#\/schema\/logo\/image\/\",\"url\":\"https:\/\/v3.atv-parts.hu\/wp-content\/uploads\/2021\/02\/cropped-cropped-atvlogo-1-1-1.png\",\"contentUrl\":\"https:\/\/v3.atv-parts.hu\/wp-content\/uploads\/2021\/02\/cropped-cropped-atvlogo-1-1-1.png\",\"width\":267,\"height\":160,\"caption\":\"V3 ATV-PARTS.HU\"},\"image\":{\"@id\":\"https:\/\/v3.atv-parts.hu\/#\/schema\/logo\/image\/\"},\"sameAs\":[\"https:\/\/www.facebook.com\/atvpartsHU\"]}]}<\/script>\n<meta property=\"product:price:amount\" content=\"3379.47\" \/>\n<meta property=\"product:price:currency\" content=\"HUF\" \/>\n<meta property=\"og:availability\" content=\"instock\" \/>\n<meta property=\"product:availability\" content=\"instock\" \/>\n<meta property=\"product:retailer_item_id\" content=\"BOCKTMNR516\" \/>\n<meta property=\"product:condition\" content=\"new\" \/>\n<!-- \/ Yoast SEO Premium plugin. -->","yoast_head_json":{"title":"RACETECH (RTECH) 2023\/10 PATTINT\u00d3S R\u00d6GZ\u00cdT\u0150ELEMEK (CLICK) AZ OLDALS\u00d3 PANELEK \u00c9S A L\u00c9GSZ\u0170R\u0150FED\u00c9L R\u00d6GZ\u00cdT\u00c9S\u00c9HEZ FEKETE (5 DB) KTM SX 85 '18-'23, SX\/SX-F\/XC-F 125\/\/150\/250\/300\/350\/450 '16-'23, EXC\/EXC-F\/XC-W\/XCF-W '250\/500 '17-'23, HUSQVARNA, G\u00c1Z G\u00c1Z G\u00c1Z G\u00c1Z (OEM: 47106003160) - V3 ATV-PARTS.HU","robots":{"index":"index","follow":"follow","max-snippet":"max-snippet:-1","max-image-preview":"max-image-preview:large","max-video-preview":"max-video-preview:-1"},"canonical":"https:\/\/v3.atv-parts.hu\/index.php\/termek\/racetech-rtech-2023-10-pattintos-rogzitoelemek-click-az-oldalso-panelek-es-a-legszurofedel-rogzitesehez-fekete-5-db-ktm-sx-85-18-23-sx-sx-f-xc-f-125-150-250-300-350-450-16-23-exc-exc-f-x\/","og_locale":"hu_HU","og_type":"article","og_title":"RACETECH (RTECH) 2023\/10 PATTINT\u00d3S R\u00d6GZ\u00cdT\u0150ELEMEK (CLICK) AZ OLDALS\u00d3 PANELEK \u00c9S A L\u00c9GSZ\u0170R\u0150FED\u00c9L R\u00d6GZ\u00cdT\u00c9S\u00c9HEZ FEKETE (5 DB) KTM SX 85 '18-'23, SX\/SX-F\/XC-F 125\/\/150\/250\/300\/350\/450 '16-'23, EXC\/EXC-F\/XC-W\/XCF-W '250\/500 '17-'23, HUSQVARNA, G\u00c1Z G\u00c1Z G\u00c1Z G\u00c1Z (OEM: 47106003160)","og_description":"RACETECH (RTECH) 2023\/10 PATTINT\u00d3S R\u00d6GZ\u00cdT\u0150ELEMEK (CLICK) AZ OLDALS\u00d3 PANELEK \u00c9S A L\u00c9GSZ\u0170R\u0150FED\u00c9L R\u00d6GZ\u00cdT\u00c9S\u00c9HEZ FEKETE (5 DB) KTM SX 85 '18-'23, SX\/SX-F\/XC-F 125\/\/150\/250\/300\/350\/450 '16-'23, EXC\/EXC-F\/XC-W\/XCF-W '250\/500 '17-'23, HUSQVARNA, G\u00c1Z G\u00c1Z G\u00c1Z G\u00c1Z (OEM: 47106003160)","og_url":"https:\/\/v3.atv-parts.hu\/index.php\/termek\/racetech-rtech-2023-10-pattintos-rogzitoelemek-click-az-oldalso-panelek-es-a-legszurofedel-rogzitesehez-fekete-5-db-ktm-sx-85-18-23-sx-sx-f-xc-f-125-150-250-300-350-450-16-23-exc-exc-f-x\/","og_site_name":"V3 ATV-PARTS.HU","article_publisher":"https:\/\/www.facebook.com\/atvpartsHU","article_modified_time":"2024-08-06T06:04:37+00:00","og_image":[{"width":1182,"height":800,"url":"https:\/\/v3.atv-parts.hu\/wp-content\/uploads\/2024\/04\/racetech-2023-10-zatrzaski-click-mocowania-boczk.jpg","type":"image\/jpeg"}],"twitter_card":"summary_large_image","twitter_misc":{"\u00c1r":"3379,47&nbsp;&#70;&#116; \u00c1F\u00c1-val","El\u00e9rhet\u0151s\u00e9g":"K\u00e9szleten"},"schema":{"@context":"https:\/\/schema.org","@graph":[{"@type":"WebPage","@id":"https:\/\/v3.atv-parts.hu\/index.php\/termek\/racetech-rtech-2023-10-pattintos-rogzitoelemek-click-az-oldalso-panelek-es-a-legszurofedel-rogzitesehez-fekete-5-db-ktm-sx-85-18-23-sx-sx-f-xc-f-125-150-250-300-350-450-16-23-exc-exc-f-x\/","url":"https:\/\/v3.atv-parts.hu\/index.php\/termek\/racetech-rtech-2023-10-pattintos-rogzitoelemek-click-az-oldalso-panelek-es-a-legszurofedel-rogzitesehez-fekete-5-db-ktm-sx-85-18-23-sx-sx-f-xc-f-125-150-250-300-350-450-16-23-exc-exc-f-x\/","name":"RACETECH (RTECH) 2023\/10 PATTINT\u00d3S R\u00d6GZ\u00cdT\u0150ELEMEK (CLICK) AZ OLDALS\u00d3 PANELEK \u00c9S A L\u00c9GSZ\u0170R\u0150FED\u00c9L R\u00d6GZ\u00cdT\u00c9S\u00c9HEZ FEKETE (5 DB) KTM SX 85 '18-'23, SX\/SX-F\/XC-F 125\/\/150\/250\/300\/350\/450 '16-'23, EXC\/EXC-F\/XC-W\/XCF-W '250\/500 '17-'23, HUSQVARNA, G\u00c1Z G\u00c1Z G\u00c1Z G\u00c1Z (OEM: 47106003160) - V3 ATV-PARTS.HU","isPartOf":{"@id":"https:\/\/v3.atv-parts.hu\/#website"},"primaryImageOfPage":{"@id":"https:\/\/v3.atv-parts.hu\/index.php\/termek\/racetech-rtech-2023-10-pattintos-rogzitoelemek-click-az-oldalso-panelek-es-a-legszurofedel-rogzitesehez-fekete-5-db-ktm-sx-85-18-23-sx-sx-f-xc-f-125-150-250-300-350-450-16-23-exc-exc-f-x\/#primaryimage"},"image":{"@id":"https:\/\/v3.atv-parts.hu\/index.php\/termek\/racetech-rtech-2023-10-pattintos-rogzitoelemek-click-az-oldalso-panelek-es-a-legszurofedel-rogzitesehez-fekete-5-db-ktm-sx-85-18-23-sx-sx-f-xc-f-125-150-250-300-350-450-16-23-exc-exc-f-x\/#primaryimage"},"thumbnailUrl":"https:\/\/v3.atv-parts.hu\/wp-content\/uploads\/2024\/04\/racetech-2023-10-zatrzaski-click-mocowania-boczk.jpg","datePublished":"2024-04-04T02:20:49+00:00","dateModified":"2024-08-06T06:04:37+00:00","breadcrumb":{"@id":"https:\/\/v3.atv-parts.hu\/index.php\/termek\/racetech-rtech-2023-10-pattintos-rogzitoelemek-click-az-oldalso-panelek-es-a-legszurofedel-rogzitesehez-fekete-5-db-ktm-sx-85-18-23-sx-sx-f-xc-f-125-150-250-300-350-450-16-23-exc-exc-f-x\/#breadcrumb"},"inLanguage":"hu","potentialAction":[{"@type":"ReadAction","target":["https:\/\/v3.atv-parts.hu\/index.php\/termek\/racetech-rtech-2023-10-pattintos-rogzitoelemek-click-az-oldalso-panelek-es-a-legszurofedel-rogzitesehez-fekete-5-db-ktm-sx-85-18-23-sx-sx-f-xc-f-125-150-250-300-350-450-16-23-exc-exc-f-x\/"]}]},{"@type":"ImageObject","inLanguage":"hu","@id":"https:\/\/v3.atv-parts.hu\/index.php\/termek\/racetech-rtech-2023-10-pattintos-rogzitoelemek-click-az-oldalso-panelek-es-a-legszurofedel-rogzitesehez-fekete-5-db-ktm-sx-85-18-23-sx-sx-f-xc-f-125-150-250-300-350-450-16-23-exc-exc-f-x\/#primaryimage","url":"https:\/\/v3.atv-parts.hu\/wp-content\/uploads\/2024\/04\/racetech-2023-10-zatrzaski-click-mocowania-boczk.jpg","contentUrl":"https:\/\/v3.atv-parts.hu\/wp-content\/uploads\/2024\/04\/racetech-2023-10-zatrzaski-click-mocowania-boczk.jpg","width":1182,"height":800},{"@type":"BreadcrumbList","@id":"https:\/\/v3.atv-parts.hu\/index.php\/termek\/racetech-rtech-2023-10-pattintos-rogzitoelemek-click-az-oldalso-panelek-es-a-legszurofedel-rogzitesehez-fekete-5-db-ktm-sx-85-18-23-sx-sx-f-xc-f-125-150-250-300-350-450-16-23-exc-exc-f-x\/#breadcrumb","itemListElement":[{"@type":"ListItem","position":1,"name":"Kezd\u0151lap","item":"https:\/\/v3.atv-parts.hu\/"},{"@type":"ListItem","position":2,"name":"Bolt","item":"https:\/\/v3.atv-parts.hu\/index.php\/bolt\/"},{"@type":"ListItem","position":3,"name":"RACETECH (RTECH) 2023\/10 PATTINT\u00d3S R\u00d6GZ\u00cdT\u0150ELEMEK (CLICK) AZ OLDALS\u00d3 PANELEK \u00c9S A L\u00c9GSZ\u0170R\u0150FED\u00c9L R\u00d6GZ\u00cdT\u00c9S\u00c9HEZ FEKETE (5 DB) KTM SX 85 &#8217;18-&#8217;23, SX\/SX-F\/XC-F 125\/\/150\/250\/300\/350\/450 &#8217;16-&#8217;23, EXC\/EXC-F\/XC-W\/XCF-W &#8216;250\/500 &#8217;17-&#8217;23, HUSQVARNA, G\u00c1Z G\u00c1Z G\u00c1Z G\u00c1Z (OEM: 47106003160)"}]},{"@type":"WebSite","@id":"https:\/\/v3.atv-parts.hu\/#website","url":"https:\/\/v3.atv-parts.hu\/","name":"V3 ATV-PARTS.HU","description":"","publisher":{"@id":"https:\/\/v3.atv-parts.hu\/#organization"},"potentialAction":[{"@type":"SearchAction","target":{"@type":"EntryPoint","urlTemplate":"https:\/\/v3.atv-parts.hu\/?s={search_term_string}"},"query-input":"required name=search_term_string"}],"inLanguage":"hu"},{"@type":"Organization","@id":"https:\/\/v3.atv-parts.hu\/#organization","name":"V3 ATV-PARTS.HU","url":"https:\/\/v3.atv-parts.hu\/","logo":{"@type":"ImageObject","inLanguage":"hu","@id":"https:\/\/v3.atv-parts.hu\/#\/schema\/logo\/image\/","url":"https:\/\/v3.atv-parts.hu\/wp-content\/uploads\/2021\/02\/cropped-cropped-atvlogo-1-1-1.png","contentUrl":"https:\/\/v3.atv-parts.hu\/wp-content\/uploads\/2021\/02\/cropped-cropped-atvlogo-1-1-1.png","width":267,"height":160,"caption":"V3 ATV-PARTS.HU"},"image":{"@id":"https:\/\/v3.atv-parts.hu\/#\/schema\/logo\/image\/"},"sameAs":["https:\/\/www.facebook.com\/atvpartsHU"]}]},"product_price_amount":"3379.47","product_price_currency":"HUF","og_availability":"instock","product_availability":"instock","product_retailer_item_id":"BOCKTMNR516","product_condition":"new"},"_links":{"self":[{"href":"https:\/\/v3.atv-parts.hu\/index.php\/wp-json\/wp\/v2\/product\/120049","targetHints":{"allow":["GET"]}}],"collection":[{"href":"https:\/\/v3.atv-parts.hu\/index.php\/wp-json\/wp\/v2\/product"}],"about":[{"href":"https:\/\/v3.atv-parts.hu\/index.php\/wp-json\/wp\/v2\/types\/product"}],"replies":[{"embeddable":true,"href":"https:\/\/v3.atv-parts.hu\/index.php\/wp-json\/wp\/v2\/comments?post=120049"}],"wp:featuredmedia":[{"embeddable":true,"href":"https:\/\/v3.atv-parts.hu\/index.php\/wp-json\/wp\/v2\/media\/120050"}],"wp:attachment":[{"href":"https:\/\/v3.atv-parts.hu\/index.php\/wp-json\/wp\/v2\/media?parent=120049"}],"wp:term":[{"taxonomy":"product_cat","embeddable":true,"href":"https:\/\/v3.atv-parts.hu\/index.php\/wp-json\/wp\/v2\/product_cat?post=120049"},{"taxonomy":"product_tag","embeddable":true,"href":"https:\/\/v3.atv-parts.hu\/index.php\/wp-json\/wp\/v2\/product_tag?post=120049"}],"curies":[{"name":"wp","href":"https:\/\/api.w.org\/{rel}","templated":true}]}}