{"id":120052,"date":"2024-04-04T04:22:03","date_gmt":"2024-04-04T02:22:03","guid":{"rendered":"https:\/\/v3.atv-parts.hu\/index.php\/termek\/racetech-rtech-2023-10-hutoracsok-racsok-husqvarna-tc-fc-125-250-350-450-tx-fx-300-350-450-fs-450-19-23-gaz-gaz-gaz-mc-mcf-ec-ecf-ex-exf-125-250-300-350-450-21-23-ktm-xc-xc-f-250-300-350-4\/"},"modified":"2024-05-03T17:44:07","modified_gmt":"2024-05-03T15:44:07","slug":"racetech-rtech-2023-10-hutoracsok-racsok-husqvarna-tc-fc-125-250-350-450-tx-fx-300-350-450-fs-450-19-23-gaz-gaz-gaz-mc-mcf-ec-ecf-ex-exf-125-250-300-350-450-21-23-ktm-xc-xc-f-250-300-350-4","status":"publish","type":"product","link":"https:\/\/v3.atv-parts.hu\/index.php\/termek\/racetech-rtech-2023-10-hutoracsok-racsok-husqvarna-tc-fc-125-250-350-450-tx-fx-300-350-450-fs-450-19-23-gaz-gaz-gaz-mc-mcf-ec-ecf-ex-exf-125-250-300-350-450-21-23-ktm-xc-xc-f-250-300-350-4\/","title":{"rendered":"RACETECH  (RTECH) 2023\/10 H\u0170T\u0150R\u00c1CSOK (R\u00c1CSOK) HUSQVARNA TC\/FC 125\/250\/350\/450, TX\/FX 300\/350\/450, FS 450 &#8217;19-&#8217;23, G\u00c1Z G\u00c1Z G\u00c1Z MC\/MCF\/EC\/ECF\/EX\/EXF 125\/250\/300\/350\/450 &#8217;21-&#8217;23 KTM XC\/XC-F 250\/300\/350\/450 &#8217;19-&#8217;23, SX\/SXF 125\/250\/350\/450 &#8217;19-&#8217;23, EXC\/"},"content":{"rendered":"<p>RACETECH  (RTECH) 2023\/10 H\u0170T\u0150R\u00c1CSOK (R\u00c1CSOK) HUSQVARNA TC\/FC 125\/250\/350\/450, TX\/FX 300\/350\/450, FS 450 &#8217;19-&#8217;23, G\u00c1Z G\u00c1Z G\u00c1Z MC\/MCF\/EC\/ECF\/EX\/EXF 125\/250\/300\/350\/450 &#8217;21-&#8217;23 KTM XC\/XC-F 250\/300\/350\/450 &#8217;19-&#8217;23, SX\/SXF 125\/250\/350\/450 &#8217;19-&#8217;23, EXC\/<\/p>\n<p>EAN: 8057094185955<\/p>\n<p>SKU: GRKTMNR0019<\/p>\n","protected":false},"excerpt":{"rendered":"<p>RACETECH  (RTECH) 2023\/10 H\u0170T\u0150R\u00c1CSOK (R\u00c1CSOK) HUSQVARNA TC\/FC 125\/250\/350\/450, TX\/FX 300\/350\/450, FS 450 &#8217;19-&#8217;23, G\u00c1Z G\u00c1Z G\u00c1Z MC\/MCF\/EC\/ECF\/EX\/EXF 125\/250\/300\/350\/450 &#8217;21-&#8217;23 KTM XC\/XC-F 250\/300\/350\/450 &#8217;19-&#8217;23, SX\/SXF 125\/250\/350\/450 &#8217;19-&#8217;23, EXC\/<\/p>\n","protected":false},"featured_media":120033,"comment_status":"closed","ping_status":"open","template":"","meta":{"_monsterinsights_skip_tracking":false,"_monsterinsights_sitenote_active":false,"_monsterinsights_sitenote_note":"","_monsterinsights_sitenote_category":0},"product_cat":[398,270,602],"product_tag":[],"class_list":{"0":"post-120052","1":"product","2":"type-product","3":"status-publish","4":"has-post-thumbnail","6":"product_cat-burkolatok","7":"product_cat-karosszeria","8":"product_cat-radiator-burkolat","9":"pa_marka-racetech","11":"first","12":"instock","13":"taxable","14":"shipping-taxable","15":"purchasable","16":"product-type-simple"},"yoast_head":"<!-- This site is optimized with the Yoast SEO Premium plugin v22.6 (Yoast SEO v22.6) - https:\/\/yoast.com\/wordpress\/plugins\/seo\/ -->\n<title>RACETECH (RTECH) 2023\/10 H\u0170T\u0150R\u00c1CSOK (R\u00c1CSOK) HUSQVARNA TC\/FC 125\/250\/350\/450, TX\/FX 300\/350\/450, FS 450 &#039;19-&#039;23, G\u00c1Z G\u00c1Z G\u00c1Z MC\/MCF\/EC\/ECF\/EX\/EXF 125\/250\/300\/350\/450 &#039;21-&#039;23 KTM XC\/XC-F 250\/300\/350\/450 &#039;19-&#039;23, SX\/SXF 125\/250\/350\/450 &#039;19-&#039;23, EXC\/ - V3 ATV-PARTS.HU<\/title>\n<meta name=\"robots\" content=\"index, follow, max-snippet:-1, max-image-preview:large, max-video-preview:-1\" \/>\n<link rel=\"canonical\" href=\"https:\/\/v3.atv-parts.hu\/index.php\/termek\/racetech-rtech-2023-10-hutoracsok-racsok-husqvarna-tc-fc-125-250-350-450-tx-fx-300-350-450-fs-450-19-23-gaz-gaz-gaz-mc-mcf-ec-ecf-ex-exf-125-250-300-350-450-21-23-ktm-xc-xc-f-250-300-350-4\/\" \/>\n<meta property=\"og:locale\" content=\"hu_HU\" \/>\n<meta property=\"og:type\" content=\"article\" \/>\n<meta property=\"og:title\" content=\"RACETECH (RTECH) 2023\/10 H\u0170T\u0150R\u00c1CSOK (R\u00c1CSOK) HUSQVARNA TC\/FC 125\/250\/350\/450, TX\/FX 300\/350\/450, FS 450 &#039;19-&#039;23, G\u00c1Z G\u00c1Z G\u00c1Z MC\/MCF\/EC\/ECF\/EX\/EXF 125\/250\/300\/350\/450 &#039;21-&#039;23 KTM XC\/XC-F 250\/300\/350\/450 &#039;19-&#039;23, SX\/SXF 125\/250\/350\/450 &#039;19-&#039;23, EXC\/\" \/>\n<meta property=\"og:description\" content=\"RACETECH (RTECH) 2023\/10 H\u0170T\u0150R\u00c1CSOK (R\u00c1CSOK) HUSQVARNA TC\/FC 125\/250\/350\/450, TX\/FX 300\/350\/450, FS 450 &#039;19-&#039;23, G\u00c1Z G\u00c1Z G\u00c1Z MC\/MCF\/EC\/ECF\/EX\/EXF 125\/250\/300\/350\/450 &#039;21-&#039;23 KTM XC\/XC-F 250\/300\/350\/450 &#039;19-&#039;23, SX\/SXF 125\/250\/350\/450 &#039;19-&#039;23, EXC\/\" \/>\n<meta property=\"og:url\" content=\"https:\/\/v3.atv-parts.hu\/index.php\/termek\/racetech-rtech-2023-10-hutoracsok-racsok-husqvarna-tc-fc-125-250-350-450-tx-fx-300-350-450-fs-450-19-23-gaz-gaz-gaz-mc-mcf-ec-ecf-ex-exf-125-250-300-350-450-21-23-ktm-xc-xc-f-250-300-350-4\/\" \/>\n<meta property=\"og:site_name\" content=\"V3 ATV-PARTS.HU\" \/>\n<meta property=\"article:publisher\" content=\"https:\/\/www.facebook.com\/atvpartsHU\" \/>\n<meta property=\"article:modified_time\" content=\"2024-05-03T15:44:07+00:00\" \/>\n<meta property=\"og:image\" content=\"https:\/\/v3.atv-parts.hu\/wp-content\/uploads\/2024\/04\/racetech-2023-10-oslony-kratki-wlotow-chlodnic-h.jpg\" \/>\n\t<meta property=\"og:image:width\" content=\"956\" \/>\n\t<meta property=\"og:image:height\" content=\"800\" \/>\n\t<meta property=\"og:image:type\" content=\"image\/jpeg\" \/>\n<meta name=\"twitter:card\" content=\"summary_large_image\" \/>\n<meta name=\"twitter:label1\" content=\"\u00c1r\" \/>\n\t<meta name=\"twitter:data1\" content=\"13712,19&nbsp;&#70;&#116; \u00c1F\u00c1-val\" \/>\n\t<meta name=\"twitter:label2\" content=\"El\u00e9rhet\u0151s\u00e9g\" \/>\n\t<meta name=\"twitter:data2\" content=\"K\u00e9szleten\" \/>\n<script type=\"application\/ld+json\" class=\"yoast-schema-graph\">{\"@context\":\"https:\/\/schema.org\",\"@graph\":[{\"@type\":\"WebPage\",\"@id\":\"https:\/\/v3.atv-parts.hu\/index.php\/termek\/racetech-rtech-2023-10-hutoracsok-racsok-husqvarna-tc-fc-125-250-350-450-tx-fx-300-350-450-fs-450-19-23-gaz-gaz-gaz-mc-mcf-ec-ecf-ex-exf-125-250-300-350-450-21-23-ktm-xc-xc-f-250-300-350-4\/\",\"url\":\"https:\/\/v3.atv-parts.hu\/index.php\/termek\/racetech-rtech-2023-10-hutoracsok-racsok-husqvarna-tc-fc-125-250-350-450-tx-fx-300-350-450-fs-450-19-23-gaz-gaz-gaz-mc-mcf-ec-ecf-ex-exf-125-250-300-350-450-21-23-ktm-xc-xc-f-250-300-350-4\/\",\"name\":\"RACETECH (RTECH) 2023\/10 H\u0170T\u0150R\u00c1CSOK (R\u00c1CSOK) HUSQVARNA TC\/FC 125\/250\/350\/450, TX\/FX 300\/350\/450, FS 450 '19-'23, G\u00c1Z G\u00c1Z G\u00c1Z MC\/MCF\/EC\/ECF\/EX\/EXF 125\/250\/300\/350\/450 '21-'23 KTM XC\/XC-F 250\/300\/350\/450 '19-'23, SX\/SXF 125\/250\/350\/450 '19-'23, EXC\/ - V3 ATV-PARTS.HU\",\"isPartOf\":{\"@id\":\"https:\/\/v3.atv-parts.hu\/#website\"},\"primaryImageOfPage\":{\"@id\":\"https:\/\/v3.atv-parts.hu\/index.php\/termek\/racetech-rtech-2023-10-hutoracsok-racsok-husqvarna-tc-fc-125-250-350-450-tx-fx-300-350-450-fs-450-19-23-gaz-gaz-gaz-mc-mcf-ec-ecf-ex-exf-125-250-300-350-450-21-23-ktm-xc-xc-f-250-300-350-4\/#primaryimage\"},\"image\":{\"@id\":\"https:\/\/v3.atv-parts.hu\/index.php\/termek\/racetech-rtech-2023-10-hutoracsok-racsok-husqvarna-tc-fc-125-250-350-450-tx-fx-300-350-450-fs-450-19-23-gaz-gaz-gaz-mc-mcf-ec-ecf-ex-exf-125-250-300-350-450-21-23-ktm-xc-xc-f-250-300-350-4\/#primaryimage\"},\"thumbnailUrl\":\"https:\/\/v3.atv-parts.hu\/wp-content\/uploads\/2024\/04\/racetech-2023-10-oslony-kratki-wlotow-chlodnic-h.jpg\",\"datePublished\":\"2024-04-04T02:22:03+00:00\",\"dateModified\":\"2024-05-03T15:44:07+00:00\",\"breadcrumb\":{\"@id\":\"https:\/\/v3.atv-parts.hu\/index.php\/termek\/racetech-rtech-2023-10-hutoracsok-racsok-husqvarna-tc-fc-125-250-350-450-tx-fx-300-350-450-fs-450-19-23-gaz-gaz-gaz-mc-mcf-ec-ecf-ex-exf-125-250-300-350-450-21-23-ktm-xc-xc-f-250-300-350-4\/#breadcrumb\"},\"inLanguage\":\"hu\",\"potentialAction\":[{\"@type\":\"ReadAction\",\"target\":[\"https:\/\/v3.atv-parts.hu\/index.php\/termek\/racetech-rtech-2023-10-hutoracsok-racsok-husqvarna-tc-fc-125-250-350-450-tx-fx-300-350-450-fs-450-19-23-gaz-gaz-gaz-mc-mcf-ec-ecf-ex-exf-125-250-300-350-450-21-23-ktm-xc-xc-f-250-300-350-4\/\"]}]},{\"@type\":\"ImageObject\",\"inLanguage\":\"hu\",\"@id\":\"https:\/\/v3.atv-parts.hu\/index.php\/termek\/racetech-rtech-2023-10-hutoracsok-racsok-husqvarna-tc-fc-125-250-350-450-tx-fx-300-350-450-fs-450-19-23-gaz-gaz-gaz-mc-mcf-ec-ecf-ex-exf-125-250-300-350-450-21-23-ktm-xc-xc-f-250-300-350-4\/#primaryimage\",\"url\":\"https:\/\/v3.atv-parts.hu\/wp-content\/uploads\/2024\/04\/racetech-2023-10-oslony-kratki-wlotow-chlodnic-h.jpg\",\"contentUrl\":\"https:\/\/v3.atv-parts.hu\/wp-content\/uploads\/2024\/04\/racetech-2023-10-oslony-kratki-wlotow-chlodnic-h.jpg\",\"width\":956,\"height\":800},{\"@type\":\"BreadcrumbList\",\"@id\":\"https:\/\/v3.atv-parts.hu\/index.php\/termek\/racetech-rtech-2023-10-hutoracsok-racsok-husqvarna-tc-fc-125-250-350-450-tx-fx-300-350-450-fs-450-19-23-gaz-gaz-gaz-mc-mcf-ec-ecf-ex-exf-125-250-300-350-450-21-23-ktm-xc-xc-f-250-300-350-4\/#breadcrumb\",\"itemListElement\":[{\"@type\":\"ListItem\",\"position\":1,\"name\":\"Kezd\u0151lap\",\"item\":\"https:\/\/v3.atv-parts.hu\/\"},{\"@type\":\"ListItem\",\"position\":2,\"name\":\"Bolt\",\"item\":\"https:\/\/v3.atv-parts.hu\/index.php\/bolt\/\"},{\"@type\":\"ListItem\",\"position\":3,\"name\":\"RACETECH (RTECH) 2023\/10 H\u0170T\u0150R\u00c1CSOK (R\u00c1CSOK) HUSQVARNA TC\/FC 125\/250\/350\/450, TX\/FX 300\/350\/450, FS 450 &#8217;19-&#8217;23, G\u00c1Z G\u00c1Z G\u00c1Z MC\/MCF\/EC\/ECF\/EX\/EXF 125\/250\/300\/350\/450 &#8217;21-&#8217;23 KTM XC\/XC-F 250\/300\/350\/450 &#8217;19-&#8217;23, SX\/SXF 125\/250\/350\/450 &#8217;19-&#8217;23, EXC\/\"}]},{\"@type\":\"WebSite\",\"@id\":\"https:\/\/v3.atv-parts.hu\/#website\",\"url\":\"https:\/\/v3.atv-parts.hu\/\",\"name\":\"V3 ATV-PARTS.HU\",\"description\":\"\",\"publisher\":{\"@id\":\"https:\/\/v3.atv-parts.hu\/#organization\"},\"potentialAction\":[{\"@type\":\"SearchAction\",\"target\":{\"@type\":\"EntryPoint\",\"urlTemplate\":\"https:\/\/v3.atv-parts.hu\/?s={search_term_string}\"},\"query-input\":\"required name=search_term_string\"}],\"inLanguage\":\"hu\"},{\"@type\":\"Organization\",\"@id\":\"https:\/\/v3.atv-parts.hu\/#organization\",\"name\":\"V3 ATV-PARTS.HU\",\"url\":\"https:\/\/v3.atv-parts.hu\/\",\"logo\":{\"@type\":\"ImageObject\",\"inLanguage\":\"hu\",\"@id\":\"https:\/\/v3.atv-parts.hu\/#\/schema\/logo\/image\/\",\"url\":\"https:\/\/v3.atv-parts.hu\/wp-content\/uploads\/2021\/02\/cropped-cropped-atvlogo-1-1-1.png\",\"contentUrl\":\"https:\/\/v3.atv-parts.hu\/wp-content\/uploads\/2021\/02\/cropped-cropped-atvlogo-1-1-1.png\",\"width\":267,\"height\":160,\"caption\":\"V3 ATV-PARTS.HU\"},\"image\":{\"@id\":\"https:\/\/v3.atv-parts.hu\/#\/schema\/logo\/image\/\"},\"sameAs\":[\"https:\/\/www.facebook.com\/atvpartsHU\"]}]}<\/script>\n<meta property=\"product:price:amount\" content=\"13712.19\" \/>\n<meta property=\"product:price:currency\" content=\"HUF\" \/>\n<meta property=\"og:availability\" content=\"instock\" \/>\n<meta property=\"product:availability\" content=\"instock\" \/>\n<meta property=\"product:retailer_item_id\" content=\"GRKTMNR0019\" \/>\n<meta property=\"product:condition\" content=\"new\" \/>\n<!-- \/ Yoast SEO Premium plugin. -->","yoast_head_json":{"title":"RACETECH (RTECH) 2023\/10 H\u0170T\u0150R\u00c1CSOK (R\u00c1CSOK) HUSQVARNA TC\/FC 125\/250\/350\/450, TX\/FX 300\/350\/450, FS 450 '19-'23, G\u00c1Z G\u00c1Z G\u00c1Z MC\/MCF\/EC\/ECF\/EX\/EXF 125\/250\/300\/350\/450 '21-'23 KTM XC\/XC-F 250\/300\/350\/450 '19-'23, SX\/SXF 125\/250\/350\/450 '19-'23, EXC\/ - V3 ATV-PARTS.HU","robots":{"index":"index","follow":"follow","max-snippet":"max-snippet:-1","max-image-preview":"max-image-preview:large","max-video-preview":"max-video-preview:-1"},"canonical":"https:\/\/v3.atv-parts.hu\/index.php\/termek\/racetech-rtech-2023-10-hutoracsok-racsok-husqvarna-tc-fc-125-250-350-450-tx-fx-300-350-450-fs-450-19-23-gaz-gaz-gaz-mc-mcf-ec-ecf-ex-exf-125-250-300-350-450-21-23-ktm-xc-xc-f-250-300-350-4\/","og_locale":"hu_HU","og_type":"article","og_title":"RACETECH (RTECH) 2023\/10 H\u0170T\u0150R\u00c1CSOK (R\u00c1CSOK) HUSQVARNA TC\/FC 125\/250\/350\/450, TX\/FX 300\/350\/450, FS 450 '19-'23, G\u00c1Z G\u00c1Z G\u00c1Z MC\/MCF\/EC\/ECF\/EX\/EXF 125\/250\/300\/350\/450 '21-'23 KTM XC\/XC-F 250\/300\/350\/450 '19-'23, SX\/SXF 125\/250\/350\/450 '19-'23, EXC\/","og_description":"RACETECH (RTECH) 2023\/10 H\u0170T\u0150R\u00c1CSOK (R\u00c1CSOK) HUSQVARNA TC\/FC 125\/250\/350\/450, TX\/FX 300\/350\/450, FS 450 '19-'23, G\u00c1Z G\u00c1Z G\u00c1Z MC\/MCF\/EC\/ECF\/EX\/EXF 125\/250\/300\/350\/450 '21-'23 KTM XC\/XC-F 250\/300\/350\/450 '19-'23, SX\/SXF 125\/250\/350\/450 '19-'23, EXC\/","og_url":"https:\/\/v3.atv-parts.hu\/index.php\/termek\/racetech-rtech-2023-10-hutoracsok-racsok-husqvarna-tc-fc-125-250-350-450-tx-fx-300-350-450-fs-450-19-23-gaz-gaz-gaz-mc-mcf-ec-ecf-ex-exf-125-250-300-350-450-21-23-ktm-xc-xc-f-250-300-350-4\/","og_site_name":"V3 ATV-PARTS.HU","article_publisher":"https:\/\/www.facebook.com\/atvpartsHU","article_modified_time":"2024-05-03T15:44:07+00:00","og_image":[{"width":956,"height":800,"url":"https:\/\/v3.atv-parts.hu\/wp-content\/uploads\/2024\/04\/racetech-2023-10-oslony-kratki-wlotow-chlodnic-h.jpg","type":"image\/jpeg"}],"twitter_card":"summary_large_image","twitter_misc":{"\u00c1r":"13712,19&nbsp;&#70;&#116; \u00c1F\u00c1-val","El\u00e9rhet\u0151s\u00e9g":"K\u00e9szleten"},"schema":{"@context":"https:\/\/schema.org","@graph":[{"@type":"WebPage","@id":"https:\/\/v3.atv-parts.hu\/index.php\/termek\/racetech-rtech-2023-10-hutoracsok-racsok-husqvarna-tc-fc-125-250-350-450-tx-fx-300-350-450-fs-450-19-23-gaz-gaz-gaz-mc-mcf-ec-ecf-ex-exf-125-250-300-350-450-21-23-ktm-xc-xc-f-250-300-350-4\/","url":"https:\/\/v3.atv-parts.hu\/index.php\/termek\/racetech-rtech-2023-10-hutoracsok-racsok-husqvarna-tc-fc-125-250-350-450-tx-fx-300-350-450-fs-450-19-23-gaz-gaz-gaz-mc-mcf-ec-ecf-ex-exf-125-250-300-350-450-21-23-ktm-xc-xc-f-250-300-350-4\/","name":"RACETECH (RTECH) 2023\/10 H\u0170T\u0150R\u00c1CSOK (R\u00c1CSOK) HUSQVARNA TC\/FC 125\/250\/350\/450, TX\/FX 300\/350\/450, FS 450 '19-'23, G\u00c1Z G\u00c1Z G\u00c1Z MC\/MCF\/EC\/ECF\/EX\/EXF 125\/250\/300\/350\/450 '21-'23 KTM XC\/XC-F 250\/300\/350\/450 '19-'23, SX\/SXF 125\/250\/350\/450 '19-'23, EXC\/ - V3 ATV-PARTS.HU","isPartOf":{"@id":"https:\/\/v3.atv-parts.hu\/#website"},"primaryImageOfPage":{"@id":"https:\/\/v3.atv-parts.hu\/index.php\/termek\/racetech-rtech-2023-10-hutoracsok-racsok-husqvarna-tc-fc-125-250-350-450-tx-fx-300-350-450-fs-450-19-23-gaz-gaz-gaz-mc-mcf-ec-ecf-ex-exf-125-250-300-350-450-21-23-ktm-xc-xc-f-250-300-350-4\/#primaryimage"},"image":{"@id":"https:\/\/v3.atv-parts.hu\/index.php\/termek\/racetech-rtech-2023-10-hutoracsok-racsok-husqvarna-tc-fc-125-250-350-450-tx-fx-300-350-450-fs-450-19-23-gaz-gaz-gaz-mc-mcf-ec-ecf-ex-exf-125-250-300-350-450-21-23-ktm-xc-xc-f-250-300-350-4\/#primaryimage"},"thumbnailUrl":"https:\/\/v3.atv-parts.hu\/wp-content\/uploads\/2024\/04\/racetech-2023-10-oslony-kratki-wlotow-chlodnic-h.jpg","datePublished":"2024-04-04T02:22:03+00:00","dateModified":"2024-05-03T15:44:07+00:00","breadcrumb":{"@id":"https:\/\/v3.atv-parts.hu\/index.php\/termek\/racetech-rtech-2023-10-hutoracsok-racsok-husqvarna-tc-fc-125-250-350-450-tx-fx-300-350-450-fs-450-19-23-gaz-gaz-gaz-mc-mcf-ec-ecf-ex-exf-125-250-300-350-450-21-23-ktm-xc-xc-f-250-300-350-4\/#breadcrumb"},"inLanguage":"hu","potentialAction":[{"@type":"ReadAction","target":["https:\/\/v3.atv-parts.hu\/index.php\/termek\/racetech-rtech-2023-10-hutoracsok-racsok-husqvarna-tc-fc-125-250-350-450-tx-fx-300-350-450-fs-450-19-23-gaz-gaz-gaz-mc-mcf-ec-ecf-ex-exf-125-250-300-350-450-21-23-ktm-xc-xc-f-250-300-350-4\/"]}]},{"@type":"ImageObject","inLanguage":"hu","@id":"https:\/\/v3.atv-parts.hu\/index.php\/termek\/racetech-rtech-2023-10-hutoracsok-racsok-husqvarna-tc-fc-125-250-350-450-tx-fx-300-350-450-fs-450-19-23-gaz-gaz-gaz-mc-mcf-ec-ecf-ex-exf-125-250-300-350-450-21-23-ktm-xc-xc-f-250-300-350-4\/#primaryimage","url":"https:\/\/v3.atv-parts.hu\/wp-content\/uploads\/2024\/04\/racetech-2023-10-oslony-kratki-wlotow-chlodnic-h.jpg","contentUrl":"https:\/\/v3.atv-parts.hu\/wp-content\/uploads\/2024\/04\/racetech-2023-10-oslony-kratki-wlotow-chlodnic-h.jpg","width":956,"height":800},{"@type":"BreadcrumbList","@id":"https:\/\/v3.atv-parts.hu\/index.php\/termek\/racetech-rtech-2023-10-hutoracsok-racsok-husqvarna-tc-fc-125-250-350-450-tx-fx-300-350-450-fs-450-19-23-gaz-gaz-gaz-mc-mcf-ec-ecf-ex-exf-125-250-300-350-450-21-23-ktm-xc-xc-f-250-300-350-4\/#breadcrumb","itemListElement":[{"@type":"ListItem","position":1,"name":"Kezd\u0151lap","item":"https:\/\/v3.atv-parts.hu\/"},{"@type":"ListItem","position":2,"name":"Bolt","item":"https:\/\/v3.atv-parts.hu\/index.php\/bolt\/"},{"@type":"ListItem","position":3,"name":"RACETECH (RTECH) 2023\/10 H\u0170T\u0150R\u00c1CSOK (R\u00c1CSOK) HUSQVARNA TC\/FC 125\/250\/350\/450, TX\/FX 300\/350\/450, FS 450 &#8217;19-&#8217;23, G\u00c1Z G\u00c1Z G\u00c1Z MC\/MCF\/EC\/ECF\/EX\/EXF 125\/250\/300\/350\/450 &#8217;21-&#8217;23 KTM XC\/XC-F 250\/300\/350\/450 &#8217;19-&#8217;23, SX\/SXF 125\/250\/350\/450 &#8217;19-&#8217;23, EXC\/"}]},{"@type":"WebSite","@id":"https:\/\/v3.atv-parts.hu\/#website","url":"https:\/\/v3.atv-parts.hu\/","name":"V3 ATV-PARTS.HU","description":"","publisher":{"@id":"https:\/\/v3.atv-parts.hu\/#organization"},"potentialAction":[{"@type":"SearchAction","target":{"@type":"EntryPoint","urlTemplate":"https:\/\/v3.atv-parts.hu\/?s={search_term_string}"},"query-input":"required name=search_term_string"}],"inLanguage":"hu"},{"@type":"Organization","@id":"https:\/\/v3.atv-parts.hu\/#organization","name":"V3 ATV-PARTS.HU","url":"https:\/\/v3.atv-parts.hu\/","logo":{"@type":"ImageObject","inLanguage":"hu","@id":"https:\/\/v3.atv-parts.hu\/#\/schema\/logo\/image\/","url":"https:\/\/v3.atv-parts.hu\/wp-content\/uploads\/2021\/02\/cropped-cropped-atvlogo-1-1-1.png","contentUrl":"https:\/\/v3.atv-parts.hu\/wp-content\/uploads\/2021\/02\/cropped-cropped-atvlogo-1-1-1.png","width":267,"height":160,"caption":"V3 ATV-PARTS.HU"},"image":{"@id":"https:\/\/v3.atv-parts.hu\/#\/schema\/logo\/image\/"},"sameAs":["https:\/\/www.facebook.com\/atvpartsHU"]}]},"product_price_amount":"13712.19","product_price_currency":"HUF","og_availability":"instock","product_availability":"instock","product_retailer_item_id":"GRKTMNR0019","product_condition":"new"},"_links":{"self":[{"href":"https:\/\/v3.atv-parts.hu\/index.php\/wp-json\/wp\/v2\/product\/120052","targetHints":{"allow":["GET"]}}],"collection":[{"href":"https:\/\/v3.atv-parts.hu\/index.php\/wp-json\/wp\/v2\/product"}],"about":[{"href":"https:\/\/v3.atv-parts.hu\/index.php\/wp-json\/wp\/v2\/types\/product"}],"replies":[{"embeddable":true,"href":"https:\/\/v3.atv-parts.hu\/index.php\/wp-json\/wp\/v2\/comments?post=120052"}],"wp:featuredmedia":[{"embeddable":true,"href":"https:\/\/v3.atv-parts.hu\/index.php\/wp-json\/wp\/v2\/media\/120033"}],"wp:attachment":[{"href":"https:\/\/v3.atv-parts.hu\/index.php\/wp-json\/wp\/v2\/media?parent=120052"}],"wp:term":[{"taxonomy":"product_cat","embeddable":true,"href":"https:\/\/v3.atv-parts.hu\/index.php\/wp-json\/wp\/v2\/product_cat?post=120052"},{"taxonomy":"product_tag","embeddable":true,"href":"https:\/\/v3.atv-parts.hu\/index.php\/wp-json\/wp\/v2\/product_tag?post=120052"}],"curies":[{"name":"wp","href":"https:\/\/api.w.org\/{rel}","templated":true}]}}