{"id":120059,"date":"2024-04-04T04:22:03","date_gmt":"2024-04-04T02:22:03","guid":{"rendered":"https:\/\/v3.atv-parts.hu\/index.php\/termek\/racetech-rtech-2023-10-legszuro-burkolat-balra-ktm-sx-125-150-250-19-22-sxf-250-350-450-19-22-sxf-250-450-factory-edition-18-21-xc-xc-f-250-300-350-450-19-22-exc-exc-f-xc-w-xcf-w-150-25\/"},"modified":"2024-12-29T08:00:46","modified_gmt":"2024-12-29T07:00:46","slug":"racetech-rtech-2023-10-legszuro-burkolat-balra-ktm-sx-125-150-250-19-22-sxf-250-350-450-19-22-sxf-250-450-factory-edition-18-21-xc-xc-f-250-300-350-450-19-22-exc-exc-f-xc-w-xcf-w-150-25","status":"publish","type":"product","link":"https:\/\/v3.atv-parts.hu\/index.php\/termek\/racetech-rtech-2023-10-legszuro-burkolat-balra-ktm-sx-125-150-250-19-22-sxf-250-350-450-19-22-sxf-250-450-factory-edition-18-21-xc-xc-f-250-300-350-450-19-22-exc-exc-f-xc-w-xcf-w-150-25\/","title":{"rendered":"RACETECH  (RTECH) 2023\/10 L\u00c9GSZ\u0170R\u0150 BURKOLAT BALRA KTM SX 125\/150\/250 &#8217;19-&#8217;22, SXF 250\/350\/450 &#8217;19-&#8217;22, SXF 250\/450 FACTORY EDITION &#8217;18-&#8217;21, XC\/XC-F 250\/300\/350\/450 &#8217;19-&#8217;22, EXC\/EXC-F\/XC-W\/XCF-W 150\/250\/300\/350\/450\/500 &#8217;20-&#8217;23 SZ\u00cdN PIROS"},"content":{"rendered":"<p>RACETECH  (RTECH) 2023\/10 L\u00c9GSZ\u0170R\u0150 BURKOLAT BALRA KTM SX 125\/150\/250 &#8217;19-&#8217;22, SXF 250\/350\/450 &#8217;19-&#8217;22, SXF 250\/450 FACTORY EDITION &#8217;18-&#8217;21, XC\/XC-F 250\/300\/350\/450 &#8217;19-&#8217;22, EXC\/EXC-F\/XC-W\/XCF-W 150\/250\/300\/350\/450\/500 &#8217;20-&#8217;23 SZ\u00cdN PIROS<\/p>\n<p>EAN: 8054111781749<\/p>\n<p>SKU: FIKTMRGSX99<\/p>\n","protected":false},"excerpt":{"rendered":"<p>RACETECH  (RTECH) 2023\/10 L\u00c9GSZ\u0170R\u0150 BURKOLAT BALRA KTM SX 125\/150\/250 &#8217;19-&#8217;22, SXF 250\/350\/450 &#8217;19-&#8217;22, SXF 250\/450 FACTORY EDITION &#8217;18-&#8217;21, XC\/XC-F 250\/300\/350\/450 &#8217;19-&#8217;22, EXC\/EXC-F\/XC-W\/XCF-W 150\/250\/300\/350\/450\/500 &#8217;20-&#8217;23 SZ\u00cdN PIROS<\/p>\n","protected":false},"featured_media":120047,"comment_status":"closed","ping_status":"open","template":"","meta":{"_monsterinsights_skip_tracking":false,"_monsterinsights_sitenote_active":false,"_monsterinsights_sitenote_note":"","_monsterinsights_sitenote_category":0},"product_cat":[607,556],"product_tag":[],"class_list":{"0":"post-120059","1":"product","2":"type-product","3":"status-publish","4":"has-post-thumbnail","6":"product_cat-szurofedelek-es-burkolatok","7":"product_cat-szurok","8":"pa_marka-racetech","10":"first","11":"instock","12":"taxable","13":"shipping-taxable","14":"purchasable","15":"product-type-simple"},"yoast_head":"<!-- This site is optimized with the Yoast SEO Premium plugin v22.6 (Yoast SEO v22.6) - https:\/\/yoast.com\/wordpress\/plugins\/seo\/ -->\n<title>RACETECH (RTECH) 2023\/10 L\u00c9GSZ\u0170R\u0150 BURKOLAT BALRA KTM SX 125\/150\/250 &#039;19-&#039;22, SXF 250\/350\/450 &#039;19-&#039;22, SXF 250\/450 FACTORY EDITION &#039;18-&#039;21, XC\/XC-F 250\/300\/350\/450 &#039;19-&#039;22, EXC\/EXC-F\/XC-W\/XCF-W 150\/250\/300\/350\/450\/500 &#039;20-&#039;23 SZ\u00cdN PIROS - V3 ATV-PARTS.HU<\/title>\n<meta name=\"robots\" content=\"index, follow, max-snippet:-1, max-image-preview:large, max-video-preview:-1\" \/>\n<link rel=\"canonical\" href=\"https:\/\/v3.atv-parts.hu\/index.php\/termek\/racetech-rtech-2023-10-legszuro-burkolat-balra-ktm-sx-125-150-250-19-22-sxf-250-350-450-19-22-sxf-250-450-factory-edition-18-21-xc-xc-f-250-300-350-450-19-22-exc-exc-f-xc-w-xcf-w-150-25\/\" \/>\n<meta property=\"og:locale\" content=\"hu_HU\" \/>\n<meta property=\"og:type\" content=\"article\" \/>\n<meta property=\"og:title\" content=\"RACETECH (RTECH) 2023\/10 L\u00c9GSZ\u0170R\u0150 BURKOLAT BALRA KTM SX 125\/150\/250 &#039;19-&#039;22, SXF 250\/350\/450 &#039;19-&#039;22, SXF 250\/450 FACTORY EDITION &#039;18-&#039;21, XC\/XC-F 250\/300\/350\/450 &#039;19-&#039;22, EXC\/EXC-F\/XC-W\/XCF-W 150\/250\/300\/350\/450\/500 &#039;20-&#039;23 SZ\u00cdN PIROS\" \/>\n<meta property=\"og:description\" content=\"RACETECH (RTECH) 2023\/10 L\u00c9GSZ\u0170R\u0150 BURKOLAT BALRA KTM SX 125\/150\/250 &#039;19-&#039;22, SXF 250\/350\/450 &#039;19-&#039;22, SXF 250\/450 FACTORY EDITION &#039;18-&#039;21, XC\/XC-F 250\/300\/350\/450 &#039;19-&#039;22, EXC\/EXC-F\/XC-W\/XCF-W 150\/250\/300\/350\/450\/500 &#039;20-&#039;23 SZ\u00cdN PIROS\" \/>\n<meta property=\"og:url\" content=\"https:\/\/v3.atv-parts.hu\/index.php\/termek\/racetech-rtech-2023-10-legszuro-burkolat-balra-ktm-sx-125-150-250-19-22-sxf-250-350-450-19-22-sxf-250-450-factory-edition-18-21-xc-xc-f-250-300-350-450-19-22-exc-exc-f-xc-w-xcf-w-150-25\/\" \/>\n<meta property=\"og:site_name\" content=\"V3 ATV-PARTS.HU\" \/>\n<meta property=\"article:publisher\" content=\"https:\/\/www.facebook.com\/atvpartsHU\" \/>\n<meta property=\"article:modified_time\" content=\"2024-12-29T07:00:46+00:00\" \/>\n<meta property=\"og:image\" content=\"https:\/\/v3.atv-parts.hu\/wp-content\/uploads\/2024\/04\/racetech-2023-10-oslona-filtra-powietrza-lewa-ktm.jpg\" \/>\n\t<meta property=\"og:image:width\" content=\"1016\" \/>\n\t<meta property=\"og:image:height\" content=\"800\" \/>\n\t<meta property=\"og:image:type\" content=\"image\/jpeg\" \/>\n<meta name=\"twitter:card\" content=\"summary_large_image\" \/>\n<meta name=\"twitter:label1\" content=\"\u00c1r\" \/>\n\t<meta name=\"twitter:data1\" content=\"8194,04&nbsp;&#70;&#116; \u00c1F\u00c1-val\" \/>\n\t<meta name=\"twitter:label2\" content=\"El\u00e9rhet\u0151s\u00e9g\" \/>\n\t<meta name=\"twitter:data2\" content=\"K\u00e9szleten\" \/>\n<script type=\"application\/ld+json\" class=\"yoast-schema-graph\">{\"@context\":\"https:\/\/schema.org\",\"@graph\":[{\"@type\":\"WebPage\",\"@id\":\"https:\/\/v3.atv-parts.hu\/index.php\/termek\/racetech-rtech-2023-10-legszuro-burkolat-balra-ktm-sx-125-150-250-19-22-sxf-250-350-450-19-22-sxf-250-450-factory-edition-18-21-xc-xc-f-250-300-350-450-19-22-exc-exc-f-xc-w-xcf-w-150-25\/\",\"url\":\"https:\/\/v3.atv-parts.hu\/index.php\/termek\/racetech-rtech-2023-10-legszuro-burkolat-balra-ktm-sx-125-150-250-19-22-sxf-250-350-450-19-22-sxf-250-450-factory-edition-18-21-xc-xc-f-250-300-350-450-19-22-exc-exc-f-xc-w-xcf-w-150-25\/\",\"name\":\"RACETECH (RTECH) 2023\/10 L\u00c9GSZ\u0170R\u0150 BURKOLAT BALRA KTM SX 125\/150\/250 '19-'22, SXF 250\/350\/450 '19-'22, SXF 250\/450 FACTORY EDITION '18-'21, XC\/XC-F 250\/300\/350\/450 '19-'22, EXC\/EXC-F\/XC-W\/XCF-W 150\/250\/300\/350\/450\/500 '20-'23 SZ\u00cdN PIROS - V3 ATV-PARTS.HU\",\"isPartOf\":{\"@id\":\"https:\/\/v3.atv-parts.hu\/#website\"},\"primaryImageOfPage\":{\"@id\":\"https:\/\/v3.atv-parts.hu\/index.php\/termek\/racetech-rtech-2023-10-legszuro-burkolat-balra-ktm-sx-125-150-250-19-22-sxf-250-350-450-19-22-sxf-250-450-factory-edition-18-21-xc-xc-f-250-300-350-450-19-22-exc-exc-f-xc-w-xcf-w-150-25\/#primaryimage\"},\"image\":{\"@id\":\"https:\/\/v3.atv-parts.hu\/index.php\/termek\/racetech-rtech-2023-10-legszuro-burkolat-balra-ktm-sx-125-150-250-19-22-sxf-250-350-450-19-22-sxf-250-450-factory-edition-18-21-xc-xc-f-250-300-350-450-19-22-exc-exc-f-xc-w-xcf-w-150-25\/#primaryimage\"},\"thumbnailUrl\":\"https:\/\/v3.atv-parts.hu\/wp-content\/uploads\/2024\/04\/racetech-2023-10-oslona-filtra-powietrza-lewa-ktm.jpg\",\"datePublished\":\"2024-04-04T02:22:03+00:00\",\"dateModified\":\"2024-12-29T07:00:46+00:00\",\"breadcrumb\":{\"@id\":\"https:\/\/v3.atv-parts.hu\/index.php\/termek\/racetech-rtech-2023-10-legszuro-burkolat-balra-ktm-sx-125-150-250-19-22-sxf-250-350-450-19-22-sxf-250-450-factory-edition-18-21-xc-xc-f-250-300-350-450-19-22-exc-exc-f-xc-w-xcf-w-150-25\/#breadcrumb\"},\"inLanguage\":\"hu\",\"potentialAction\":[{\"@type\":\"ReadAction\",\"target\":[\"https:\/\/v3.atv-parts.hu\/index.php\/termek\/racetech-rtech-2023-10-legszuro-burkolat-balra-ktm-sx-125-150-250-19-22-sxf-250-350-450-19-22-sxf-250-450-factory-edition-18-21-xc-xc-f-250-300-350-450-19-22-exc-exc-f-xc-w-xcf-w-150-25\/\"]}]},{\"@type\":\"ImageObject\",\"inLanguage\":\"hu\",\"@id\":\"https:\/\/v3.atv-parts.hu\/index.php\/termek\/racetech-rtech-2023-10-legszuro-burkolat-balra-ktm-sx-125-150-250-19-22-sxf-250-350-450-19-22-sxf-250-450-factory-edition-18-21-xc-xc-f-250-300-350-450-19-22-exc-exc-f-xc-w-xcf-w-150-25\/#primaryimage\",\"url\":\"https:\/\/v3.atv-parts.hu\/wp-content\/uploads\/2024\/04\/racetech-2023-10-oslona-filtra-powietrza-lewa-ktm.jpg\",\"contentUrl\":\"https:\/\/v3.atv-parts.hu\/wp-content\/uploads\/2024\/04\/racetech-2023-10-oslona-filtra-powietrza-lewa-ktm.jpg\",\"width\":1016,\"height\":800},{\"@type\":\"BreadcrumbList\",\"@id\":\"https:\/\/v3.atv-parts.hu\/index.php\/termek\/racetech-rtech-2023-10-legszuro-burkolat-balra-ktm-sx-125-150-250-19-22-sxf-250-350-450-19-22-sxf-250-450-factory-edition-18-21-xc-xc-f-250-300-350-450-19-22-exc-exc-f-xc-w-xcf-w-150-25\/#breadcrumb\",\"itemListElement\":[{\"@type\":\"ListItem\",\"position\":1,\"name\":\"Kezd\u0151lap\",\"item\":\"https:\/\/v3.atv-parts.hu\/\"},{\"@type\":\"ListItem\",\"position\":2,\"name\":\"Bolt\",\"item\":\"https:\/\/v3.atv-parts.hu\/index.php\/bolt\/\"},{\"@type\":\"ListItem\",\"position\":3,\"name\":\"RACETECH (RTECH) 2023\/10 L\u00c9GSZ\u0170R\u0150 BURKOLAT BALRA KTM SX 125\/150\/250 &#8217;19-&#8217;22, SXF 250\/350\/450 &#8217;19-&#8217;22, SXF 250\/450 FACTORY EDITION &#8217;18-&#8217;21, XC\/XC-F 250\/300\/350\/450 &#8217;19-&#8217;22, EXC\/EXC-F\/XC-W\/XCF-W 150\/250\/300\/350\/450\/500 &#8217;20-&#8217;23 SZ\u00cdN PIROS\"}]},{\"@type\":\"WebSite\",\"@id\":\"https:\/\/v3.atv-parts.hu\/#website\",\"url\":\"https:\/\/v3.atv-parts.hu\/\",\"name\":\"V3 ATV-PARTS.HU\",\"description\":\"\",\"publisher\":{\"@id\":\"https:\/\/v3.atv-parts.hu\/#organization\"},\"potentialAction\":[{\"@type\":\"SearchAction\",\"target\":{\"@type\":\"EntryPoint\",\"urlTemplate\":\"https:\/\/v3.atv-parts.hu\/?s={search_term_string}\"},\"query-input\":\"required name=search_term_string\"}],\"inLanguage\":\"hu\"},{\"@type\":\"Organization\",\"@id\":\"https:\/\/v3.atv-parts.hu\/#organization\",\"name\":\"V3 ATV-PARTS.HU\",\"url\":\"https:\/\/v3.atv-parts.hu\/\",\"logo\":{\"@type\":\"ImageObject\",\"inLanguage\":\"hu\",\"@id\":\"https:\/\/v3.atv-parts.hu\/#\/schema\/logo\/image\/\",\"url\":\"https:\/\/v3.atv-parts.hu\/wp-content\/uploads\/2021\/02\/cropped-cropped-atvlogo-1-1-1.png\",\"contentUrl\":\"https:\/\/v3.atv-parts.hu\/wp-content\/uploads\/2021\/02\/cropped-cropped-atvlogo-1-1-1.png\",\"width\":267,\"height\":160,\"caption\":\"V3 ATV-PARTS.HU\"},\"image\":{\"@id\":\"https:\/\/v3.atv-parts.hu\/#\/schema\/logo\/image\/\"},\"sameAs\":[\"https:\/\/www.facebook.com\/atvpartsHU\"]}]}<\/script>\n<meta property=\"product:price:amount\" content=\"8194.04\" \/>\n<meta property=\"product:price:currency\" content=\"HUF\" \/>\n<meta property=\"og:availability\" content=\"instock\" \/>\n<meta property=\"product:availability\" content=\"instock\" \/>\n<meta property=\"product:retailer_item_id\" content=\"FIKTMRGSX99\" \/>\n<meta property=\"product:condition\" content=\"new\" \/>\n<!-- \/ Yoast SEO Premium plugin. -->","yoast_head_json":{"title":"RACETECH (RTECH) 2023\/10 L\u00c9GSZ\u0170R\u0150 BURKOLAT BALRA KTM SX 125\/150\/250 '19-'22, SXF 250\/350\/450 '19-'22, SXF 250\/450 FACTORY EDITION '18-'21, XC\/XC-F 250\/300\/350\/450 '19-'22, EXC\/EXC-F\/XC-W\/XCF-W 150\/250\/300\/350\/450\/500 '20-'23 SZ\u00cdN PIROS - V3 ATV-PARTS.HU","robots":{"index":"index","follow":"follow","max-snippet":"max-snippet:-1","max-image-preview":"max-image-preview:large","max-video-preview":"max-video-preview:-1"},"canonical":"https:\/\/v3.atv-parts.hu\/index.php\/termek\/racetech-rtech-2023-10-legszuro-burkolat-balra-ktm-sx-125-150-250-19-22-sxf-250-350-450-19-22-sxf-250-450-factory-edition-18-21-xc-xc-f-250-300-350-450-19-22-exc-exc-f-xc-w-xcf-w-150-25\/","og_locale":"hu_HU","og_type":"article","og_title":"RACETECH (RTECH) 2023\/10 L\u00c9GSZ\u0170R\u0150 BURKOLAT BALRA KTM SX 125\/150\/250 '19-'22, SXF 250\/350\/450 '19-'22, SXF 250\/450 FACTORY EDITION '18-'21, XC\/XC-F 250\/300\/350\/450 '19-'22, EXC\/EXC-F\/XC-W\/XCF-W 150\/250\/300\/350\/450\/500 '20-'23 SZ\u00cdN PIROS","og_description":"RACETECH (RTECH) 2023\/10 L\u00c9GSZ\u0170R\u0150 BURKOLAT BALRA KTM SX 125\/150\/250 '19-'22, SXF 250\/350\/450 '19-'22, SXF 250\/450 FACTORY EDITION '18-'21, XC\/XC-F 250\/300\/350\/450 '19-'22, EXC\/EXC-F\/XC-W\/XCF-W 150\/250\/300\/350\/450\/500 '20-'23 SZ\u00cdN PIROS","og_url":"https:\/\/v3.atv-parts.hu\/index.php\/termek\/racetech-rtech-2023-10-legszuro-burkolat-balra-ktm-sx-125-150-250-19-22-sxf-250-350-450-19-22-sxf-250-450-factory-edition-18-21-xc-xc-f-250-300-350-450-19-22-exc-exc-f-xc-w-xcf-w-150-25\/","og_site_name":"V3 ATV-PARTS.HU","article_publisher":"https:\/\/www.facebook.com\/atvpartsHU","article_modified_time":"2024-12-29T07:00:46+00:00","og_image":[{"width":1016,"height":800,"url":"https:\/\/v3.atv-parts.hu\/wp-content\/uploads\/2024\/04\/racetech-2023-10-oslona-filtra-powietrza-lewa-ktm.jpg","type":"image\/jpeg"}],"twitter_card":"summary_large_image","twitter_misc":{"\u00c1r":"8194,04&nbsp;&#70;&#116; \u00c1F\u00c1-val","El\u00e9rhet\u0151s\u00e9g":"K\u00e9szleten"},"schema":{"@context":"https:\/\/schema.org","@graph":[{"@type":"WebPage","@id":"https:\/\/v3.atv-parts.hu\/index.php\/termek\/racetech-rtech-2023-10-legszuro-burkolat-balra-ktm-sx-125-150-250-19-22-sxf-250-350-450-19-22-sxf-250-450-factory-edition-18-21-xc-xc-f-250-300-350-450-19-22-exc-exc-f-xc-w-xcf-w-150-25\/","url":"https:\/\/v3.atv-parts.hu\/index.php\/termek\/racetech-rtech-2023-10-legszuro-burkolat-balra-ktm-sx-125-150-250-19-22-sxf-250-350-450-19-22-sxf-250-450-factory-edition-18-21-xc-xc-f-250-300-350-450-19-22-exc-exc-f-xc-w-xcf-w-150-25\/","name":"RACETECH (RTECH) 2023\/10 L\u00c9GSZ\u0170R\u0150 BURKOLAT BALRA KTM SX 125\/150\/250 '19-'22, SXF 250\/350\/450 '19-'22, SXF 250\/450 FACTORY EDITION '18-'21, XC\/XC-F 250\/300\/350\/450 '19-'22, EXC\/EXC-F\/XC-W\/XCF-W 150\/250\/300\/350\/450\/500 '20-'23 SZ\u00cdN PIROS - V3 ATV-PARTS.HU","isPartOf":{"@id":"https:\/\/v3.atv-parts.hu\/#website"},"primaryImageOfPage":{"@id":"https:\/\/v3.atv-parts.hu\/index.php\/termek\/racetech-rtech-2023-10-legszuro-burkolat-balra-ktm-sx-125-150-250-19-22-sxf-250-350-450-19-22-sxf-250-450-factory-edition-18-21-xc-xc-f-250-300-350-450-19-22-exc-exc-f-xc-w-xcf-w-150-25\/#primaryimage"},"image":{"@id":"https:\/\/v3.atv-parts.hu\/index.php\/termek\/racetech-rtech-2023-10-legszuro-burkolat-balra-ktm-sx-125-150-250-19-22-sxf-250-350-450-19-22-sxf-250-450-factory-edition-18-21-xc-xc-f-250-300-350-450-19-22-exc-exc-f-xc-w-xcf-w-150-25\/#primaryimage"},"thumbnailUrl":"https:\/\/v3.atv-parts.hu\/wp-content\/uploads\/2024\/04\/racetech-2023-10-oslona-filtra-powietrza-lewa-ktm.jpg","datePublished":"2024-04-04T02:22:03+00:00","dateModified":"2024-12-29T07:00:46+00:00","breadcrumb":{"@id":"https:\/\/v3.atv-parts.hu\/index.php\/termek\/racetech-rtech-2023-10-legszuro-burkolat-balra-ktm-sx-125-150-250-19-22-sxf-250-350-450-19-22-sxf-250-450-factory-edition-18-21-xc-xc-f-250-300-350-450-19-22-exc-exc-f-xc-w-xcf-w-150-25\/#breadcrumb"},"inLanguage":"hu","potentialAction":[{"@type":"ReadAction","target":["https:\/\/v3.atv-parts.hu\/index.php\/termek\/racetech-rtech-2023-10-legszuro-burkolat-balra-ktm-sx-125-150-250-19-22-sxf-250-350-450-19-22-sxf-250-450-factory-edition-18-21-xc-xc-f-250-300-350-450-19-22-exc-exc-f-xc-w-xcf-w-150-25\/"]}]},{"@type":"ImageObject","inLanguage":"hu","@id":"https:\/\/v3.atv-parts.hu\/index.php\/termek\/racetech-rtech-2023-10-legszuro-burkolat-balra-ktm-sx-125-150-250-19-22-sxf-250-350-450-19-22-sxf-250-450-factory-edition-18-21-xc-xc-f-250-300-350-450-19-22-exc-exc-f-xc-w-xcf-w-150-25\/#primaryimage","url":"https:\/\/v3.atv-parts.hu\/wp-content\/uploads\/2024\/04\/racetech-2023-10-oslona-filtra-powietrza-lewa-ktm.jpg","contentUrl":"https:\/\/v3.atv-parts.hu\/wp-content\/uploads\/2024\/04\/racetech-2023-10-oslona-filtra-powietrza-lewa-ktm.jpg","width":1016,"height":800},{"@type":"BreadcrumbList","@id":"https:\/\/v3.atv-parts.hu\/index.php\/termek\/racetech-rtech-2023-10-legszuro-burkolat-balra-ktm-sx-125-150-250-19-22-sxf-250-350-450-19-22-sxf-250-450-factory-edition-18-21-xc-xc-f-250-300-350-450-19-22-exc-exc-f-xc-w-xcf-w-150-25\/#breadcrumb","itemListElement":[{"@type":"ListItem","position":1,"name":"Kezd\u0151lap","item":"https:\/\/v3.atv-parts.hu\/"},{"@type":"ListItem","position":2,"name":"Bolt","item":"https:\/\/v3.atv-parts.hu\/index.php\/bolt\/"},{"@type":"ListItem","position":3,"name":"RACETECH (RTECH) 2023\/10 L\u00c9GSZ\u0170R\u0150 BURKOLAT BALRA KTM SX 125\/150\/250 &#8217;19-&#8217;22, SXF 250\/350\/450 &#8217;19-&#8217;22, SXF 250\/450 FACTORY EDITION &#8217;18-&#8217;21, XC\/XC-F 250\/300\/350\/450 &#8217;19-&#8217;22, EXC\/EXC-F\/XC-W\/XCF-W 150\/250\/300\/350\/450\/500 &#8217;20-&#8217;23 SZ\u00cdN PIROS"}]},{"@type":"WebSite","@id":"https:\/\/v3.atv-parts.hu\/#website","url":"https:\/\/v3.atv-parts.hu\/","name":"V3 ATV-PARTS.HU","description":"","publisher":{"@id":"https:\/\/v3.atv-parts.hu\/#organization"},"potentialAction":[{"@type":"SearchAction","target":{"@type":"EntryPoint","urlTemplate":"https:\/\/v3.atv-parts.hu\/?s={search_term_string}"},"query-input":"required name=search_term_string"}],"inLanguage":"hu"},{"@type":"Organization","@id":"https:\/\/v3.atv-parts.hu\/#organization","name":"V3 ATV-PARTS.HU","url":"https:\/\/v3.atv-parts.hu\/","logo":{"@type":"ImageObject","inLanguage":"hu","@id":"https:\/\/v3.atv-parts.hu\/#\/schema\/logo\/image\/","url":"https:\/\/v3.atv-parts.hu\/wp-content\/uploads\/2021\/02\/cropped-cropped-atvlogo-1-1-1.png","contentUrl":"https:\/\/v3.atv-parts.hu\/wp-content\/uploads\/2021\/02\/cropped-cropped-atvlogo-1-1-1.png","width":267,"height":160,"caption":"V3 ATV-PARTS.HU"},"image":{"@id":"https:\/\/v3.atv-parts.hu\/#\/schema\/logo\/image\/"},"sameAs":["https:\/\/www.facebook.com\/atvpartsHU"]}]},"product_price_amount":"8194.04","product_price_currency":"HUF","og_availability":"instock","product_availability":"instock","product_retailer_item_id":"FIKTMRGSX99","product_condition":"new"},"_links":{"self":[{"href":"https:\/\/v3.atv-parts.hu\/index.php\/wp-json\/wp\/v2\/product\/120059","targetHints":{"allow":["GET"]}}],"collection":[{"href":"https:\/\/v3.atv-parts.hu\/index.php\/wp-json\/wp\/v2\/product"}],"about":[{"href":"https:\/\/v3.atv-parts.hu\/index.php\/wp-json\/wp\/v2\/types\/product"}],"replies":[{"embeddable":true,"href":"https:\/\/v3.atv-parts.hu\/index.php\/wp-json\/wp\/v2\/comments?post=120059"}],"wp:featuredmedia":[{"embeddable":true,"href":"https:\/\/v3.atv-parts.hu\/index.php\/wp-json\/wp\/v2\/media\/120047"}],"wp:attachment":[{"href":"https:\/\/v3.atv-parts.hu\/index.php\/wp-json\/wp\/v2\/media?parent=120059"}],"wp:term":[{"taxonomy":"product_cat","embeddable":true,"href":"https:\/\/v3.atv-parts.hu\/index.php\/wp-json\/wp\/v2\/product_cat?post=120059"},{"taxonomy":"product_tag","embeddable":true,"href":"https:\/\/v3.atv-parts.hu\/index.php\/wp-json\/wp\/v2\/product_tag?post=120059"}],"curies":[{"name":"wp","href":"https:\/\/api.w.org\/{rel}","templated":true}]}}