{"id":120830,"date":"2024-04-04T04:46:51","date_gmt":"2024-04-04T02:46:51","guid":{"rendered":"https:\/\/v3.atv-parts.hu\/index.php\/termek\/ng-2023-12-elso-fektarcsa-hyosu-gv-700c-05-09-gv-650-aquilla-04-18-st-7-10-15-yamaha-wr-250x-08-14-300x132x5mm-6x8-5mm-wave-floating\/"},"modified":"2024-05-03T17:46:22","modified_gmt":"2024-05-03T15:46:22","slug":"ng-2023-12-elso-fektarcsa-hyosu-gv-700c-05-09-gv-650-aquilla-04-18-st-7-10-15-yamaha-wr-250x-08-14-300x132x5mm-6x8-5mm-wave-floating","status":"publish","type":"product","link":"https:\/\/v3.atv-parts.hu\/index.php\/termek\/ng-2023-12-elso-fektarcsa-hyosu-gv-700c-05-09-gv-650-aquilla-04-18-st-7-10-15-yamaha-wr-250x-08-14-300x132x5mm-6x8-5mm-wave-floating\/","title":{"rendered":"NG  2023\/12 ELS\u0150 F\u00c9KT\u00c1RCSA HYOSU GV 700C &#8217;05-&#8217;09, GV 650 AQUILLA &#8217;04-&#8217;18, ST-7 &#8217;10-&#8217;15, YAMAHA WR 250X &#8217;08-&#8217;14 (300X132X5MM) (6X8.5MM) WAVE FLOATING"},"content":{"rendered":"<p>NG  2023\/12 ELS\u0150 F\u00c9KT\u00c1RCSA HYOSU GV 700C &#8217;05-&#8217;09, GV 650 AQUILLA &#8217;04-&#8217;18, ST-7 &#8217;10-&#8217;15, YAMAHA WR 250X &#8217;08-&#8217;14 (300X132X5MM) (6X8.5MM) WAVE FLOATING<\/p>\n<p>EAN: 8435502416554<\/p>\n<p>SKU: NG1455X<\/p>\n","protected":false},"excerpt":{"rendered":"<p>NG  2023\/12 ELS\u0150 F\u00c9KT\u00c1RCSA HYOSU GV 700C &#8217;05-&#8217;09, GV 650 AQUILLA &#8217;04-&#8217;18, ST-7 &#8217;10-&#8217;15, YAMAHA WR 250X &#8217;08-&#8217;14 (300X132X5MM) (6X8.5MM) WAVE FLOATING<\/p>\n","protected":false},"featured_media":120831,"comment_status":"closed","ping_status":"open","template":"","meta":{"_monsterinsights_skip_tracking":false,"_monsterinsights_sitenote_active":false,"_monsterinsights_sitenote_note":"","_monsterinsights_sitenote_category":0},"product_cat":[493,283,492],"product_tag":[],"class_list":{"0":"post-120830","1":"product","2":"type-product","3":"status-publish","4":"has-post-thumbnail","6":"product_cat-elso-fektarcsak","7":"product_cat-fekrendszer","8":"product_cat-fektarcsak","9":"pa_marka-ng","11":"first","12":"instock","13":"taxable","14":"shipping-taxable","15":"purchasable","16":"product-type-simple"},"yoast_head":"<!-- This site is optimized with the Yoast SEO Premium plugin v22.6 (Yoast SEO v22.6) - https:\/\/yoast.com\/wordpress\/plugins\/seo\/ -->\n<title>NG 2023\/12 ELS\u0150 F\u00c9KT\u00c1RCSA HYOSU GV 700C &#039;05-&#039;09, GV 650 AQUILLA &#039;04-&#039;18, ST-7 &#039;10-&#039;15, YAMAHA WR 250X &#039;08-&#039;14 (300X132X5MM) (6X8.5MM) WAVE FLOATING - V3 ATV-PARTS.HU<\/title>\n<meta name=\"robots\" content=\"index, follow, max-snippet:-1, max-image-preview:large, max-video-preview:-1\" \/>\n<link rel=\"canonical\" href=\"https:\/\/v3.atv-parts.hu\/index.php\/termek\/ng-2023-12-elso-fektarcsa-hyosu-gv-700c-05-09-gv-650-aquilla-04-18-st-7-10-15-yamaha-wr-250x-08-14-300x132x5mm-6x8-5mm-wave-floating\/\" \/>\n<meta property=\"og:locale\" content=\"hu_HU\" \/>\n<meta property=\"og:type\" content=\"article\" \/>\n<meta property=\"og:title\" content=\"NG 2023\/12 ELS\u0150 F\u00c9KT\u00c1RCSA HYOSU GV 700C &#039;05-&#039;09, GV 650 AQUILLA &#039;04-&#039;18, ST-7 &#039;10-&#039;15, YAMAHA WR 250X &#039;08-&#039;14 (300X132X5MM) (6X8.5MM) WAVE FLOATING\" \/>\n<meta property=\"og:description\" content=\"NG 2023\/12 ELS\u0150 F\u00c9KT\u00c1RCSA HYOSU GV 700C &#039;05-&#039;09, GV 650 AQUILLA &#039;04-&#039;18, ST-7 &#039;10-&#039;15, YAMAHA WR 250X &#039;08-&#039;14 (300X132X5MM) (6X8.5MM) WAVE FLOATING\" \/>\n<meta property=\"og:url\" content=\"https:\/\/v3.atv-parts.hu\/index.php\/termek\/ng-2023-12-elso-fektarcsa-hyosu-gv-700c-05-09-gv-650-aquilla-04-18-st-7-10-15-yamaha-wr-250x-08-14-300x132x5mm-6x8-5mm-wave-floating\/\" \/>\n<meta property=\"og:site_name\" content=\"V3 ATV-PARTS.HU\" \/>\n<meta property=\"article:publisher\" content=\"https:\/\/www.facebook.com\/atvpartsHU\" \/>\n<meta property=\"article:modified_time\" content=\"2024-05-03T15:46:22+00:00\" \/>\n<meta property=\"og:image\" content=\"https:\/\/v3.atv-parts.hu\/wp-content\/uploads\/2024\/04\/ng-2023-12-tarcza-front-l-r-f00-0-300x132x5-6x8-50.jpg\" \/>\n\t<meta property=\"og:image:width\" content=\"800\" \/>\n\t<meta property=\"og:image:height\" content=\"800\" \/>\n\t<meta property=\"og:image:type\" content=\"image\/jpeg\" \/>\n<meta name=\"twitter:card\" content=\"summary_large_image\" \/>\n<meta name=\"twitter:label1\" content=\"\u00c1r\" \/>\n\t<meta name=\"twitter:data1\" content=\"69896,99&nbsp;&#70;&#116; \u00c1F\u00c1-val\" \/>\n\t<meta name=\"twitter:label2\" content=\"El\u00e9rhet\u0151s\u00e9g\" \/>\n\t<meta name=\"twitter:data2\" content=\"K\u00e9szleten\" \/>\n<script type=\"application\/ld+json\" class=\"yoast-schema-graph\">{\"@context\":\"https:\/\/schema.org\",\"@graph\":[{\"@type\":\"WebPage\",\"@id\":\"https:\/\/v3.atv-parts.hu\/index.php\/termek\/ng-2023-12-elso-fektarcsa-hyosu-gv-700c-05-09-gv-650-aquilla-04-18-st-7-10-15-yamaha-wr-250x-08-14-300x132x5mm-6x8-5mm-wave-floating\/\",\"url\":\"https:\/\/v3.atv-parts.hu\/index.php\/termek\/ng-2023-12-elso-fektarcsa-hyosu-gv-700c-05-09-gv-650-aquilla-04-18-st-7-10-15-yamaha-wr-250x-08-14-300x132x5mm-6x8-5mm-wave-floating\/\",\"name\":\"NG 2023\/12 ELS\u0150 F\u00c9KT\u00c1RCSA HYOSU GV 700C '05-'09, GV 650 AQUILLA '04-'18, ST-7 '10-'15, YAMAHA WR 250X '08-'14 (300X132X5MM) (6X8.5MM) WAVE FLOATING - V3 ATV-PARTS.HU\",\"isPartOf\":{\"@id\":\"https:\/\/v3.atv-parts.hu\/#website\"},\"primaryImageOfPage\":{\"@id\":\"https:\/\/v3.atv-parts.hu\/index.php\/termek\/ng-2023-12-elso-fektarcsa-hyosu-gv-700c-05-09-gv-650-aquilla-04-18-st-7-10-15-yamaha-wr-250x-08-14-300x132x5mm-6x8-5mm-wave-floating\/#primaryimage\"},\"image\":{\"@id\":\"https:\/\/v3.atv-parts.hu\/index.php\/termek\/ng-2023-12-elso-fektarcsa-hyosu-gv-700c-05-09-gv-650-aquilla-04-18-st-7-10-15-yamaha-wr-250x-08-14-300x132x5mm-6x8-5mm-wave-floating\/#primaryimage\"},\"thumbnailUrl\":\"https:\/\/v3.atv-parts.hu\/wp-content\/uploads\/2024\/04\/ng-2023-12-tarcza-front-l-r-f00-0-300x132x5-6x8-50.jpg\",\"datePublished\":\"2024-04-04T02:46:51+00:00\",\"dateModified\":\"2024-05-03T15:46:22+00:00\",\"breadcrumb\":{\"@id\":\"https:\/\/v3.atv-parts.hu\/index.php\/termek\/ng-2023-12-elso-fektarcsa-hyosu-gv-700c-05-09-gv-650-aquilla-04-18-st-7-10-15-yamaha-wr-250x-08-14-300x132x5mm-6x8-5mm-wave-floating\/#breadcrumb\"},\"inLanguage\":\"hu\",\"potentialAction\":[{\"@type\":\"ReadAction\",\"target\":[\"https:\/\/v3.atv-parts.hu\/index.php\/termek\/ng-2023-12-elso-fektarcsa-hyosu-gv-700c-05-09-gv-650-aquilla-04-18-st-7-10-15-yamaha-wr-250x-08-14-300x132x5mm-6x8-5mm-wave-floating\/\"]}]},{\"@type\":\"ImageObject\",\"inLanguage\":\"hu\",\"@id\":\"https:\/\/v3.atv-parts.hu\/index.php\/termek\/ng-2023-12-elso-fektarcsa-hyosu-gv-700c-05-09-gv-650-aquilla-04-18-st-7-10-15-yamaha-wr-250x-08-14-300x132x5mm-6x8-5mm-wave-floating\/#primaryimage\",\"url\":\"https:\/\/v3.atv-parts.hu\/wp-content\/uploads\/2024\/04\/ng-2023-12-tarcza-front-l-r-f00-0-300x132x5-6x8-50.jpg\",\"contentUrl\":\"https:\/\/v3.atv-parts.hu\/wp-content\/uploads\/2024\/04\/ng-2023-12-tarcza-front-l-r-f00-0-300x132x5-6x8-50.jpg\",\"width\":800,\"height\":800},{\"@type\":\"BreadcrumbList\",\"@id\":\"https:\/\/v3.atv-parts.hu\/index.php\/termek\/ng-2023-12-elso-fektarcsa-hyosu-gv-700c-05-09-gv-650-aquilla-04-18-st-7-10-15-yamaha-wr-250x-08-14-300x132x5mm-6x8-5mm-wave-floating\/#breadcrumb\",\"itemListElement\":[{\"@type\":\"ListItem\",\"position\":1,\"name\":\"Kezd\u0151lap\",\"item\":\"https:\/\/v3.atv-parts.hu\/\"},{\"@type\":\"ListItem\",\"position\":2,\"name\":\"Bolt\",\"item\":\"https:\/\/v3.atv-parts.hu\/index.php\/bolt\/\"},{\"@type\":\"ListItem\",\"position\":3,\"name\":\"NG 2023\/12 ELS\u0150 F\u00c9KT\u00c1RCSA HYOSU GV 700C &#8217;05-&#8217;09, GV 650 AQUILLA &#8217;04-&#8217;18, ST-7 &#8217;10-&#8217;15, YAMAHA WR 250X &#8217;08-&#8217;14 (300X132X5MM) (6X8.5MM) WAVE FLOATING\"}]},{\"@type\":\"WebSite\",\"@id\":\"https:\/\/v3.atv-parts.hu\/#website\",\"url\":\"https:\/\/v3.atv-parts.hu\/\",\"name\":\"V3 ATV-PARTS.HU\",\"description\":\"\",\"publisher\":{\"@id\":\"https:\/\/v3.atv-parts.hu\/#organization\"},\"potentialAction\":[{\"@type\":\"SearchAction\",\"target\":{\"@type\":\"EntryPoint\",\"urlTemplate\":\"https:\/\/v3.atv-parts.hu\/?s={search_term_string}\"},\"query-input\":\"required name=search_term_string\"}],\"inLanguage\":\"hu\"},{\"@type\":\"Organization\",\"@id\":\"https:\/\/v3.atv-parts.hu\/#organization\",\"name\":\"V3 ATV-PARTS.HU\",\"url\":\"https:\/\/v3.atv-parts.hu\/\",\"logo\":{\"@type\":\"ImageObject\",\"inLanguage\":\"hu\",\"@id\":\"https:\/\/v3.atv-parts.hu\/#\/schema\/logo\/image\/\",\"url\":\"https:\/\/v3.atv-parts.hu\/wp-content\/uploads\/2021\/02\/cropped-cropped-atvlogo-1-1-1.png\",\"contentUrl\":\"https:\/\/v3.atv-parts.hu\/wp-content\/uploads\/2021\/02\/cropped-cropped-atvlogo-1-1-1.png\",\"width\":267,\"height\":160,\"caption\":\"V3 ATV-PARTS.HU\"},\"image\":{\"@id\":\"https:\/\/v3.atv-parts.hu\/#\/schema\/logo\/image\/\"},\"sameAs\":[\"https:\/\/www.facebook.com\/atvpartsHU\"]}]}<\/script>\n<meta property=\"product:price:amount\" content=\"69896.99\" \/>\n<meta property=\"product:price:currency\" content=\"HUF\" \/>\n<meta property=\"og:availability\" content=\"instock\" \/>\n<meta property=\"product:availability\" content=\"instock\" \/>\n<meta property=\"product:retailer_item_id\" content=\"NG1455X\" \/>\n<meta property=\"product:condition\" content=\"new\" \/>\n<!-- \/ Yoast SEO Premium plugin. -->","yoast_head_json":{"title":"NG 2023\/12 ELS\u0150 F\u00c9KT\u00c1RCSA HYOSU GV 700C '05-'09, GV 650 AQUILLA '04-'18, ST-7 '10-'15, YAMAHA WR 250X '08-'14 (300X132X5MM) (6X8.5MM) WAVE FLOATING - V3 ATV-PARTS.HU","robots":{"index":"index","follow":"follow","max-snippet":"max-snippet:-1","max-image-preview":"max-image-preview:large","max-video-preview":"max-video-preview:-1"},"canonical":"https:\/\/v3.atv-parts.hu\/index.php\/termek\/ng-2023-12-elso-fektarcsa-hyosu-gv-700c-05-09-gv-650-aquilla-04-18-st-7-10-15-yamaha-wr-250x-08-14-300x132x5mm-6x8-5mm-wave-floating\/","og_locale":"hu_HU","og_type":"article","og_title":"NG 2023\/12 ELS\u0150 F\u00c9KT\u00c1RCSA HYOSU GV 700C '05-'09, GV 650 AQUILLA '04-'18, ST-7 '10-'15, YAMAHA WR 250X '08-'14 (300X132X5MM) (6X8.5MM) WAVE FLOATING","og_description":"NG 2023\/12 ELS\u0150 F\u00c9KT\u00c1RCSA HYOSU GV 700C '05-'09, GV 650 AQUILLA '04-'18, ST-7 '10-'15, YAMAHA WR 250X '08-'14 (300X132X5MM) (6X8.5MM) WAVE FLOATING","og_url":"https:\/\/v3.atv-parts.hu\/index.php\/termek\/ng-2023-12-elso-fektarcsa-hyosu-gv-700c-05-09-gv-650-aquilla-04-18-st-7-10-15-yamaha-wr-250x-08-14-300x132x5mm-6x8-5mm-wave-floating\/","og_site_name":"V3 ATV-PARTS.HU","article_publisher":"https:\/\/www.facebook.com\/atvpartsHU","article_modified_time":"2024-05-03T15:46:22+00:00","og_image":[{"width":800,"height":800,"url":"https:\/\/v3.atv-parts.hu\/wp-content\/uploads\/2024\/04\/ng-2023-12-tarcza-front-l-r-f00-0-300x132x5-6x8-50.jpg","type":"image\/jpeg"}],"twitter_card":"summary_large_image","twitter_misc":{"\u00c1r":"69896,99&nbsp;&#70;&#116; \u00c1F\u00c1-val","El\u00e9rhet\u0151s\u00e9g":"K\u00e9szleten"},"schema":{"@context":"https:\/\/schema.org","@graph":[{"@type":"WebPage","@id":"https:\/\/v3.atv-parts.hu\/index.php\/termek\/ng-2023-12-elso-fektarcsa-hyosu-gv-700c-05-09-gv-650-aquilla-04-18-st-7-10-15-yamaha-wr-250x-08-14-300x132x5mm-6x8-5mm-wave-floating\/","url":"https:\/\/v3.atv-parts.hu\/index.php\/termek\/ng-2023-12-elso-fektarcsa-hyosu-gv-700c-05-09-gv-650-aquilla-04-18-st-7-10-15-yamaha-wr-250x-08-14-300x132x5mm-6x8-5mm-wave-floating\/","name":"NG 2023\/12 ELS\u0150 F\u00c9KT\u00c1RCSA HYOSU GV 700C '05-'09, GV 650 AQUILLA '04-'18, ST-7 '10-'15, YAMAHA WR 250X '08-'14 (300X132X5MM) (6X8.5MM) WAVE FLOATING - V3 ATV-PARTS.HU","isPartOf":{"@id":"https:\/\/v3.atv-parts.hu\/#website"},"primaryImageOfPage":{"@id":"https:\/\/v3.atv-parts.hu\/index.php\/termek\/ng-2023-12-elso-fektarcsa-hyosu-gv-700c-05-09-gv-650-aquilla-04-18-st-7-10-15-yamaha-wr-250x-08-14-300x132x5mm-6x8-5mm-wave-floating\/#primaryimage"},"image":{"@id":"https:\/\/v3.atv-parts.hu\/index.php\/termek\/ng-2023-12-elso-fektarcsa-hyosu-gv-700c-05-09-gv-650-aquilla-04-18-st-7-10-15-yamaha-wr-250x-08-14-300x132x5mm-6x8-5mm-wave-floating\/#primaryimage"},"thumbnailUrl":"https:\/\/v3.atv-parts.hu\/wp-content\/uploads\/2024\/04\/ng-2023-12-tarcza-front-l-r-f00-0-300x132x5-6x8-50.jpg","datePublished":"2024-04-04T02:46:51+00:00","dateModified":"2024-05-03T15:46:22+00:00","breadcrumb":{"@id":"https:\/\/v3.atv-parts.hu\/index.php\/termek\/ng-2023-12-elso-fektarcsa-hyosu-gv-700c-05-09-gv-650-aquilla-04-18-st-7-10-15-yamaha-wr-250x-08-14-300x132x5mm-6x8-5mm-wave-floating\/#breadcrumb"},"inLanguage":"hu","potentialAction":[{"@type":"ReadAction","target":["https:\/\/v3.atv-parts.hu\/index.php\/termek\/ng-2023-12-elso-fektarcsa-hyosu-gv-700c-05-09-gv-650-aquilla-04-18-st-7-10-15-yamaha-wr-250x-08-14-300x132x5mm-6x8-5mm-wave-floating\/"]}]},{"@type":"ImageObject","inLanguage":"hu","@id":"https:\/\/v3.atv-parts.hu\/index.php\/termek\/ng-2023-12-elso-fektarcsa-hyosu-gv-700c-05-09-gv-650-aquilla-04-18-st-7-10-15-yamaha-wr-250x-08-14-300x132x5mm-6x8-5mm-wave-floating\/#primaryimage","url":"https:\/\/v3.atv-parts.hu\/wp-content\/uploads\/2024\/04\/ng-2023-12-tarcza-front-l-r-f00-0-300x132x5-6x8-50.jpg","contentUrl":"https:\/\/v3.atv-parts.hu\/wp-content\/uploads\/2024\/04\/ng-2023-12-tarcza-front-l-r-f00-0-300x132x5-6x8-50.jpg","width":800,"height":800},{"@type":"BreadcrumbList","@id":"https:\/\/v3.atv-parts.hu\/index.php\/termek\/ng-2023-12-elso-fektarcsa-hyosu-gv-700c-05-09-gv-650-aquilla-04-18-st-7-10-15-yamaha-wr-250x-08-14-300x132x5mm-6x8-5mm-wave-floating\/#breadcrumb","itemListElement":[{"@type":"ListItem","position":1,"name":"Kezd\u0151lap","item":"https:\/\/v3.atv-parts.hu\/"},{"@type":"ListItem","position":2,"name":"Bolt","item":"https:\/\/v3.atv-parts.hu\/index.php\/bolt\/"},{"@type":"ListItem","position":3,"name":"NG 2023\/12 ELS\u0150 F\u00c9KT\u00c1RCSA HYOSU GV 700C &#8217;05-&#8217;09, GV 650 AQUILLA &#8217;04-&#8217;18, ST-7 &#8217;10-&#8217;15, YAMAHA WR 250X &#8217;08-&#8217;14 (300X132X5MM) (6X8.5MM) WAVE FLOATING"}]},{"@type":"WebSite","@id":"https:\/\/v3.atv-parts.hu\/#website","url":"https:\/\/v3.atv-parts.hu\/","name":"V3 ATV-PARTS.HU","description":"","publisher":{"@id":"https:\/\/v3.atv-parts.hu\/#organization"},"potentialAction":[{"@type":"SearchAction","target":{"@type":"EntryPoint","urlTemplate":"https:\/\/v3.atv-parts.hu\/?s={search_term_string}"},"query-input":"required name=search_term_string"}],"inLanguage":"hu"},{"@type":"Organization","@id":"https:\/\/v3.atv-parts.hu\/#organization","name":"V3 ATV-PARTS.HU","url":"https:\/\/v3.atv-parts.hu\/","logo":{"@type":"ImageObject","inLanguage":"hu","@id":"https:\/\/v3.atv-parts.hu\/#\/schema\/logo\/image\/","url":"https:\/\/v3.atv-parts.hu\/wp-content\/uploads\/2021\/02\/cropped-cropped-atvlogo-1-1-1.png","contentUrl":"https:\/\/v3.atv-parts.hu\/wp-content\/uploads\/2021\/02\/cropped-cropped-atvlogo-1-1-1.png","width":267,"height":160,"caption":"V3 ATV-PARTS.HU"},"image":{"@id":"https:\/\/v3.atv-parts.hu\/#\/schema\/logo\/image\/"},"sameAs":["https:\/\/www.facebook.com\/atvpartsHU"]}]},"product_price_amount":"69896.99","product_price_currency":"HUF","og_availability":"instock","product_availability":"instock","product_retailer_item_id":"NG1455X","product_condition":"new"},"_links":{"self":[{"href":"https:\/\/v3.atv-parts.hu\/index.php\/wp-json\/wp\/v2\/product\/120830","targetHints":{"allow":["GET"]}}],"collection":[{"href":"https:\/\/v3.atv-parts.hu\/index.php\/wp-json\/wp\/v2\/product"}],"about":[{"href":"https:\/\/v3.atv-parts.hu\/index.php\/wp-json\/wp\/v2\/types\/product"}],"replies":[{"embeddable":true,"href":"https:\/\/v3.atv-parts.hu\/index.php\/wp-json\/wp\/v2\/comments?post=120830"}],"wp:featuredmedia":[{"embeddable":true,"href":"https:\/\/v3.atv-parts.hu\/index.php\/wp-json\/wp\/v2\/media\/120831"}],"wp:attachment":[{"href":"https:\/\/v3.atv-parts.hu\/index.php\/wp-json\/wp\/v2\/media?parent=120830"}],"wp:term":[{"taxonomy":"product_cat","embeddable":true,"href":"https:\/\/v3.atv-parts.hu\/index.php\/wp-json\/wp\/v2\/product_cat?post=120830"},{"taxonomy":"product_tag","embeddable":true,"href":"https:\/\/v3.atv-parts.hu\/index.php\/wp-json\/wp\/v2\/product_tag?post=120830"}],"curies":[{"name":"wp","href":"https:\/\/api.w.org\/{rel}","templated":true}]}}