{"id":122028,"date":"2024-04-04T05:28:46","date_gmt":"2024-04-04T03:28:46","guid":{"rendered":"https:\/\/v3.atv-parts.hu\/index.php\/termek\/cc-products-cc-spokes-cpl-18-hatso-honda-cr-125r-250r-500r-87-88-8g-300-oem-42610-ks7-305\/"},"modified":"2025-03-29T08:03:32","modified_gmt":"2025-03-29T07:03:32","slug":"cc-products-cc-spokes-cpl-18-hatso-honda-cr-125r-250r-500r-87-88-8g-300-oem-42610-ks7-305","status":"publish","type":"product","link":"https:\/\/v3.atv-parts.hu\/index.php\/termek\/cc-products-cc-spokes-cpl-18-hatso-honda-cr-125r-250r-500r-87-88-8g-300-oem-42610-ks7-305\/","title":{"rendered":"CC PRODUCTS CC SPOKES CPL. 18&#8243; H\u00c1TS\u00d3 HONDA CR 125R\/250R\/500R &#8217;87-&#8217;88 (8G\/300) (OEM: 42610-KS7-305) ()"},"content":{"rendered":"<p>CC PRODUCTS CC SPOKES CPL. 18&#8243; H\u00c1TS\u00d3 HONDA CR 125R\/250R\/500R &#8217;87-&#8217;88 (8G\/300) (OEM: 42610-KS7-305) ()<\/p>\n<p>EAN: 7332510047729<\/p>\n<p>SKU: 50-0025<\/p>\n","protected":false},"excerpt":{"rendered":"<p>CC PRODUCTS CC SPOKES CPL. 18&#8243; H\u00c1TS\u00d3 HONDA CR 125R\/250R\/500R &#8217;87-&#8217;88 (8G\/300) (OEM: 42610-KS7-305) ()<\/p>\n","protected":false},"featured_media":122029,"comment_status":"closed","ping_status":"open","template":"","meta":{"_monsterinsights_skip_tracking":false,"_monsterinsights_sitenote_active":false,"_monsterinsights_sitenote_note":"","_monsterinsights_sitenote_category":0},"product_cat":[674,851],"product_tag":[],"class_list":{"0":"post-122028","1":"product","2":"type-product","3":"status-publish","4":"has-post-thumbnail","6":"product_cat-felnik-es-kullok","7":"product_cat-kullok","8":"pa_marka-cc-products","10":"first","11":"instock","12":"taxable","13":"shipping-taxable","14":"purchasable","15":"product-type-simple"},"yoast_head":"<!-- This site is optimized with the Yoast SEO Premium plugin v22.6 (Yoast SEO v22.6) - https:\/\/yoast.com\/wordpress\/plugins\/seo\/ -->\n<title>CC PRODUCTS CC SPOKES CPL. 18&quot; H\u00c1TS\u00d3 HONDA CR 125R\/250R\/500R &#039;87-&#039;88 (8G\/300) (OEM: 42610-KS7-305) () - V3 ATV-PARTS.HU<\/title>\n<meta name=\"robots\" content=\"index, follow, max-snippet:-1, max-image-preview:large, max-video-preview:-1\" \/>\n<link rel=\"canonical\" href=\"https:\/\/v3.atv-parts.hu\/index.php\/termek\/cc-products-cc-spokes-cpl-18-hatso-honda-cr-125r-250r-500r-87-88-8g-300-oem-42610-ks7-305\/\" \/>\n<meta property=\"og:locale\" content=\"hu_HU\" \/>\n<meta property=\"og:type\" content=\"article\" \/>\n<meta property=\"og:title\" content=\"CC PRODUCTS CC SPOKES CPL. 18&quot; H\u00c1TS\u00d3 HONDA CR 125R\/250R\/500R &#039;87-&#039;88 (8G\/300) (OEM: 42610-KS7-305) ()\" \/>\n<meta property=\"og:description\" content=\"CC PRODUCTS CC SPOKES CPL. 18&quot; H\u00c1TS\u00d3 HONDA CR 125R\/250R\/500R &#039;87-&#039;88 (8G\/300) (OEM: 42610-KS7-305) ()\" \/>\n<meta property=\"og:url\" content=\"https:\/\/v3.atv-parts.hu\/index.php\/termek\/cc-products-cc-spokes-cpl-18-hatso-honda-cr-125r-250r-500r-87-88-8g-300-oem-42610-ks7-305\/\" \/>\n<meta property=\"og:site_name\" content=\"V3 ATV-PARTS.HU\" \/>\n<meta property=\"article:publisher\" content=\"https:\/\/www.facebook.com\/atvpartsHU\" \/>\n<meta property=\"article:modified_time\" content=\"2025-03-29T07:03:32+00:00\" \/>\n<meta property=\"og:image\" content=\"https:\/\/v3.atv-parts.hu\/wp-content\/uploads\/2024\/04\/cc-szprychy-kpl-18-tyl-honda-cr-125r-250r-500r.jpg\" \/>\n\t<meta property=\"og:image:width\" content=\"418\" \/>\n\t<meta property=\"og:image:height\" content=\"800\" \/>\n\t<meta property=\"og:image:type\" content=\"image\/jpeg\" \/>\n<meta name=\"twitter:card\" content=\"summary_large_image\" \/>\n<meta name=\"twitter:label1\" content=\"\u00c1r\" \/>\n\t<meta name=\"twitter:data1\" content=\"41139,11&nbsp;&#70;&#116; \u00c1F\u00c1-val\" \/>\n\t<meta name=\"twitter:label2\" content=\"El\u00e9rhet\u0151s\u00e9g\" \/>\n\t<meta name=\"twitter:data2\" content=\"K\u00e9szleten\" \/>\n<script type=\"application\/ld+json\" class=\"yoast-schema-graph\">{\"@context\":\"https:\/\/schema.org\",\"@graph\":[{\"@type\":\"WebPage\",\"@id\":\"https:\/\/v3.atv-parts.hu\/index.php\/termek\/cc-products-cc-spokes-cpl-18-hatso-honda-cr-125r-250r-500r-87-88-8g-300-oem-42610-ks7-305\/\",\"url\":\"https:\/\/v3.atv-parts.hu\/index.php\/termek\/cc-products-cc-spokes-cpl-18-hatso-honda-cr-125r-250r-500r-87-88-8g-300-oem-42610-ks7-305\/\",\"name\":\"CC PRODUCTS CC SPOKES CPL. 18\\\" H\u00c1TS\u00d3 HONDA CR 125R\/250R\/500R '87-'88 (8G\/300) (OEM: 42610-KS7-305) () - V3 ATV-PARTS.HU\",\"isPartOf\":{\"@id\":\"https:\/\/v3.atv-parts.hu\/#website\"},\"primaryImageOfPage\":{\"@id\":\"https:\/\/v3.atv-parts.hu\/index.php\/termek\/cc-products-cc-spokes-cpl-18-hatso-honda-cr-125r-250r-500r-87-88-8g-300-oem-42610-ks7-305\/#primaryimage\"},\"image\":{\"@id\":\"https:\/\/v3.atv-parts.hu\/index.php\/termek\/cc-products-cc-spokes-cpl-18-hatso-honda-cr-125r-250r-500r-87-88-8g-300-oem-42610-ks7-305\/#primaryimage\"},\"thumbnailUrl\":\"https:\/\/v3.atv-parts.hu\/wp-content\/uploads\/2024\/04\/cc-szprychy-kpl-18-tyl-honda-cr-125r-250r-500r.jpg\",\"datePublished\":\"2024-04-04T03:28:46+00:00\",\"dateModified\":\"2025-03-29T07:03:32+00:00\",\"breadcrumb\":{\"@id\":\"https:\/\/v3.atv-parts.hu\/index.php\/termek\/cc-products-cc-spokes-cpl-18-hatso-honda-cr-125r-250r-500r-87-88-8g-300-oem-42610-ks7-305\/#breadcrumb\"},\"inLanguage\":\"hu\",\"potentialAction\":[{\"@type\":\"ReadAction\",\"target\":[\"https:\/\/v3.atv-parts.hu\/index.php\/termek\/cc-products-cc-spokes-cpl-18-hatso-honda-cr-125r-250r-500r-87-88-8g-300-oem-42610-ks7-305\/\"]}]},{\"@type\":\"ImageObject\",\"inLanguage\":\"hu\",\"@id\":\"https:\/\/v3.atv-parts.hu\/index.php\/termek\/cc-products-cc-spokes-cpl-18-hatso-honda-cr-125r-250r-500r-87-88-8g-300-oem-42610-ks7-305\/#primaryimage\",\"url\":\"https:\/\/v3.atv-parts.hu\/wp-content\/uploads\/2024\/04\/cc-szprychy-kpl-18-tyl-honda-cr-125r-250r-500r.jpg\",\"contentUrl\":\"https:\/\/v3.atv-parts.hu\/wp-content\/uploads\/2024\/04\/cc-szprychy-kpl-18-tyl-honda-cr-125r-250r-500r.jpg\",\"width\":418,\"height\":800},{\"@type\":\"BreadcrumbList\",\"@id\":\"https:\/\/v3.atv-parts.hu\/index.php\/termek\/cc-products-cc-spokes-cpl-18-hatso-honda-cr-125r-250r-500r-87-88-8g-300-oem-42610-ks7-305\/#breadcrumb\",\"itemListElement\":[{\"@type\":\"ListItem\",\"position\":1,\"name\":\"Kezd\u0151lap\",\"item\":\"https:\/\/v3.atv-parts.hu\/\"},{\"@type\":\"ListItem\",\"position\":2,\"name\":\"Bolt\",\"item\":\"https:\/\/v3.atv-parts.hu\/index.php\/bolt\/\"},{\"@type\":\"ListItem\",\"position\":3,\"name\":\"CC PRODUCTS CC SPOKES CPL. 18&#8243; H\u00c1TS\u00d3 HONDA CR 125R\/250R\/500R &#8217;87-&#8217;88 (8G\/300) (OEM: 42610-KS7-305) ()\"}]},{\"@type\":\"WebSite\",\"@id\":\"https:\/\/v3.atv-parts.hu\/#website\",\"url\":\"https:\/\/v3.atv-parts.hu\/\",\"name\":\"V3 ATV-PARTS.HU\",\"description\":\"\",\"publisher\":{\"@id\":\"https:\/\/v3.atv-parts.hu\/#organization\"},\"potentialAction\":[{\"@type\":\"SearchAction\",\"target\":{\"@type\":\"EntryPoint\",\"urlTemplate\":\"https:\/\/v3.atv-parts.hu\/?s={search_term_string}\"},\"query-input\":\"required name=search_term_string\"}],\"inLanguage\":\"hu\"},{\"@type\":\"Organization\",\"@id\":\"https:\/\/v3.atv-parts.hu\/#organization\",\"name\":\"V3 ATV-PARTS.HU\",\"url\":\"https:\/\/v3.atv-parts.hu\/\",\"logo\":{\"@type\":\"ImageObject\",\"inLanguage\":\"hu\",\"@id\":\"https:\/\/v3.atv-parts.hu\/#\/schema\/logo\/image\/\",\"url\":\"https:\/\/v3.atv-parts.hu\/wp-content\/uploads\/2021\/02\/cropped-cropped-atvlogo-1-1-1.png\",\"contentUrl\":\"https:\/\/v3.atv-parts.hu\/wp-content\/uploads\/2021\/02\/cropped-cropped-atvlogo-1-1-1.png\",\"width\":267,\"height\":160,\"caption\":\"V3 ATV-PARTS.HU\"},\"image\":{\"@id\":\"https:\/\/v3.atv-parts.hu\/#\/schema\/logo\/image\/\"},\"sameAs\":[\"https:\/\/www.facebook.com\/atvpartsHU\"]}]}<\/script>\n<meta property=\"product:price:amount\" content=\"41139.11\" \/>\n<meta property=\"product:price:currency\" content=\"HUF\" \/>\n<meta property=\"og:availability\" content=\"instock\" \/>\n<meta property=\"product:availability\" content=\"instock\" \/>\n<meta property=\"product:retailer_item_id\" content=\"50-0025\" \/>\n<meta property=\"product:condition\" content=\"new\" \/>\n<!-- \/ Yoast SEO Premium plugin. -->","yoast_head_json":{"title":"CC PRODUCTS CC SPOKES CPL. 18\" H\u00c1TS\u00d3 HONDA CR 125R\/250R\/500R '87-'88 (8G\/300) (OEM: 42610-KS7-305) () - V3 ATV-PARTS.HU","robots":{"index":"index","follow":"follow","max-snippet":"max-snippet:-1","max-image-preview":"max-image-preview:large","max-video-preview":"max-video-preview:-1"},"canonical":"https:\/\/v3.atv-parts.hu\/index.php\/termek\/cc-products-cc-spokes-cpl-18-hatso-honda-cr-125r-250r-500r-87-88-8g-300-oem-42610-ks7-305\/","og_locale":"hu_HU","og_type":"article","og_title":"CC PRODUCTS CC SPOKES CPL. 18\" H\u00c1TS\u00d3 HONDA CR 125R\/250R\/500R '87-'88 (8G\/300) (OEM: 42610-KS7-305) ()","og_description":"CC PRODUCTS CC SPOKES CPL. 18\" H\u00c1TS\u00d3 HONDA CR 125R\/250R\/500R '87-'88 (8G\/300) (OEM: 42610-KS7-305) ()","og_url":"https:\/\/v3.atv-parts.hu\/index.php\/termek\/cc-products-cc-spokes-cpl-18-hatso-honda-cr-125r-250r-500r-87-88-8g-300-oem-42610-ks7-305\/","og_site_name":"V3 ATV-PARTS.HU","article_publisher":"https:\/\/www.facebook.com\/atvpartsHU","article_modified_time":"2025-03-29T07:03:32+00:00","og_image":[{"width":418,"height":800,"url":"https:\/\/v3.atv-parts.hu\/wp-content\/uploads\/2024\/04\/cc-szprychy-kpl-18-tyl-honda-cr-125r-250r-500r.jpg","type":"image\/jpeg"}],"twitter_card":"summary_large_image","twitter_misc":{"\u00c1r":"41139,11&nbsp;&#70;&#116; \u00c1F\u00c1-val","El\u00e9rhet\u0151s\u00e9g":"K\u00e9szleten"},"schema":{"@context":"https:\/\/schema.org","@graph":[{"@type":"WebPage","@id":"https:\/\/v3.atv-parts.hu\/index.php\/termek\/cc-products-cc-spokes-cpl-18-hatso-honda-cr-125r-250r-500r-87-88-8g-300-oem-42610-ks7-305\/","url":"https:\/\/v3.atv-parts.hu\/index.php\/termek\/cc-products-cc-spokes-cpl-18-hatso-honda-cr-125r-250r-500r-87-88-8g-300-oem-42610-ks7-305\/","name":"CC PRODUCTS CC SPOKES CPL. 18\" H\u00c1TS\u00d3 HONDA CR 125R\/250R\/500R '87-'88 (8G\/300) (OEM: 42610-KS7-305) () - V3 ATV-PARTS.HU","isPartOf":{"@id":"https:\/\/v3.atv-parts.hu\/#website"},"primaryImageOfPage":{"@id":"https:\/\/v3.atv-parts.hu\/index.php\/termek\/cc-products-cc-spokes-cpl-18-hatso-honda-cr-125r-250r-500r-87-88-8g-300-oem-42610-ks7-305\/#primaryimage"},"image":{"@id":"https:\/\/v3.atv-parts.hu\/index.php\/termek\/cc-products-cc-spokes-cpl-18-hatso-honda-cr-125r-250r-500r-87-88-8g-300-oem-42610-ks7-305\/#primaryimage"},"thumbnailUrl":"https:\/\/v3.atv-parts.hu\/wp-content\/uploads\/2024\/04\/cc-szprychy-kpl-18-tyl-honda-cr-125r-250r-500r.jpg","datePublished":"2024-04-04T03:28:46+00:00","dateModified":"2025-03-29T07:03:32+00:00","breadcrumb":{"@id":"https:\/\/v3.atv-parts.hu\/index.php\/termek\/cc-products-cc-spokes-cpl-18-hatso-honda-cr-125r-250r-500r-87-88-8g-300-oem-42610-ks7-305\/#breadcrumb"},"inLanguage":"hu","potentialAction":[{"@type":"ReadAction","target":["https:\/\/v3.atv-parts.hu\/index.php\/termek\/cc-products-cc-spokes-cpl-18-hatso-honda-cr-125r-250r-500r-87-88-8g-300-oem-42610-ks7-305\/"]}]},{"@type":"ImageObject","inLanguage":"hu","@id":"https:\/\/v3.atv-parts.hu\/index.php\/termek\/cc-products-cc-spokes-cpl-18-hatso-honda-cr-125r-250r-500r-87-88-8g-300-oem-42610-ks7-305\/#primaryimage","url":"https:\/\/v3.atv-parts.hu\/wp-content\/uploads\/2024\/04\/cc-szprychy-kpl-18-tyl-honda-cr-125r-250r-500r.jpg","contentUrl":"https:\/\/v3.atv-parts.hu\/wp-content\/uploads\/2024\/04\/cc-szprychy-kpl-18-tyl-honda-cr-125r-250r-500r.jpg","width":418,"height":800},{"@type":"BreadcrumbList","@id":"https:\/\/v3.atv-parts.hu\/index.php\/termek\/cc-products-cc-spokes-cpl-18-hatso-honda-cr-125r-250r-500r-87-88-8g-300-oem-42610-ks7-305\/#breadcrumb","itemListElement":[{"@type":"ListItem","position":1,"name":"Kezd\u0151lap","item":"https:\/\/v3.atv-parts.hu\/"},{"@type":"ListItem","position":2,"name":"Bolt","item":"https:\/\/v3.atv-parts.hu\/index.php\/bolt\/"},{"@type":"ListItem","position":3,"name":"CC PRODUCTS CC SPOKES CPL. 18&#8243; H\u00c1TS\u00d3 HONDA CR 125R\/250R\/500R &#8217;87-&#8217;88 (8G\/300) (OEM: 42610-KS7-305) ()"}]},{"@type":"WebSite","@id":"https:\/\/v3.atv-parts.hu\/#website","url":"https:\/\/v3.atv-parts.hu\/","name":"V3 ATV-PARTS.HU","description":"","publisher":{"@id":"https:\/\/v3.atv-parts.hu\/#organization"},"potentialAction":[{"@type":"SearchAction","target":{"@type":"EntryPoint","urlTemplate":"https:\/\/v3.atv-parts.hu\/?s={search_term_string}"},"query-input":"required name=search_term_string"}],"inLanguage":"hu"},{"@type":"Organization","@id":"https:\/\/v3.atv-parts.hu\/#organization","name":"V3 ATV-PARTS.HU","url":"https:\/\/v3.atv-parts.hu\/","logo":{"@type":"ImageObject","inLanguage":"hu","@id":"https:\/\/v3.atv-parts.hu\/#\/schema\/logo\/image\/","url":"https:\/\/v3.atv-parts.hu\/wp-content\/uploads\/2021\/02\/cropped-cropped-atvlogo-1-1-1.png","contentUrl":"https:\/\/v3.atv-parts.hu\/wp-content\/uploads\/2021\/02\/cropped-cropped-atvlogo-1-1-1.png","width":267,"height":160,"caption":"V3 ATV-PARTS.HU"},"image":{"@id":"https:\/\/v3.atv-parts.hu\/#\/schema\/logo\/image\/"},"sameAs":["https:\/\/www.facebook.com\/atvpartsHU"]}]},"product_price_amount":"41139.11","product_price_currency":"HUF","og_availability":"instock","product_availability":"instock","product_retailer_item_id":"50-0025","product_condition":"new"},"_links":{"self":[{"href":"https:\/\/v3.atv-parts.hu\/index.php\/wp-json\/wp\/v2\/product\/122028","targetHints":{"allow":["GET"]}}],"collection":[{"href":"https:\/\/v3.atv-parts.hu\/index.php\/wp-json\/wp\/v2\/product"}],"about":[{"href":"https:\/\/v3.atv-parts.hu\/index.php\/wp-json\/wp\/v2\/types\/product"}],"replies":[{"embeddable":true,"href":"https:\/\/v3.atv-parts.hu\/index.php\/wp-json\/wp\/v2\/comments?post=122028"}],"wp:featuredmedia":[{"embeddable":true,"href":"https:\/\/v3.atv-parts.hu\/index.php\/wp-json\/wp\/v2\/media\/122029"}],"wp:attachment":[{"href":"https:\/\/v3.atv-parts.hu\/index.php\/wp-json\/wp\/v2\/media?parent=122028"}],"wp:term":[{"taxonomy":"product_cat","embeddable":true,"href":"https:\/\/v3.atv-parts.hu\/index.php\/wp-json\/wp\/v2\/product_cat?post=122028"},{"taxonomy":"product_tag","embeddable":true,"href":"https:\/\/v3.atv-parts.hu\/index.php\/wp-json\/wp\/v2\/product_tag?post=122028"}],"curies":[{"name":"wp","href":"https:\/\/api.w.org\/{rel}","templated":true}]}}