{"id":123466,"date":"2024-04-04T06:26:20","date_gmt":"2024-04-04T04:26:20","guid":{"rendered":"https:\/\/v3.atv-parts.hu\/index.php\/termek\/zipser-crash-pad-honda-cbr-1000-rr-04-05-regi-ar-529-eladas\/"},"modified":"2024-08-31T08:02:34","modified_gmt":"2024-08-31T06:02:34","slug":"zipser-crash-pad-honda-cbr-1000-rr-04-05-regi-ar-529-eladas","status":"publish","type":"product","link":"https:\/\/v3.atv-parts.hu\/index.php\/termek\/zipser-crash-pad-honda-cbr-1000-rr-04-05-regi-ar-529-eladas\/","title":{"rendered":"ZIPSER   CRASH PAD HONDA CBR 1000 RR &#8217;04-&#8217;05 (R\u00c9GI \u00c1R 529) &#8211; ELAD\u00c1S"},"content":{"rendered":"<p>ZIPSER   CRASH PAD HONDA CBR 1000 RR &#8217;04-&#8217;05 (R\u00c9GI \u00c1R 529) &#8211; ELAD\u00c1S<\/p>\n<p>EAN: Q10108ZP<\/p>\n<p>SKU: Q10108ZP<\/p>\n","protected":false},"excerpt":{"rendered":"<p>ZIPSER   CRASH PAD HONDA CBR 1000 RR &#8217;04-&#8217;05 (R\u00c9GI \u00c1R 529) &#8211; ELAD\u00c1S<\/p>\n","protected":false},"featured_media":0,"comment_status":"closed","ping_status":"open","template":"","meta":{"_monsterinsights_skip_tracking":false,"_monsterinsights_sitenote_active":false,"_monsterinsights_sitenote_note":"","_monsterinsights_sitenote_category":0},"product_cat":[1017,1016],"product_tag":[],"class_list":{"0":"post-123466","1":"product","2":"type-product","3":"status-publish","5":"product_cat-egyeb-promociok-akciok","6":"product_cat-promociok-akciok","7":"pa_marka-zipser","9":"first","10":"instock","11":"taxable","12":"shipping-taxable","13":"purchasable","14":"product-type-simple"},"yoast_head":"<!-- This site is optimized with the Yoast SEO Premium plugin v22.6 (Yoast SEO v22.6) - https:\/\/yoast.com\/wordpress\/plugins\/seo\/ -->\n<title>ZIPSER  CRASH PAD HONDA CBR 1000 RR &#039;04-&#039;05 (R\u00c9GI \u00c1R 529) - ELAD\u00c1S - V3 ATV-PARTS.HU<\/title>\n<meta name=\"robots\" content=\"index, follow, max-snippet:-1, max-image-preview:large, max-video-preview:-1\" \/>\n<link rel=\"canonical\" href=\"https:\/\/v3.atv-parts.hu\/index.php\/termek\/zipser-crash-pad-honda-cbr-1000-rr-04-05-regi-ar-529-eladas\/\" \/>\n<meta property=\"og:locale\" content=\"hu_HU\" \/>\n<meta property=\"og:type\" content=\"article\" \/>\n<meta property=\"og:title\" content=\"ZIPSER  CRASH PAD HONDA CBR 1000 RR &#039;04-&#039;05 (R\u00c9GI \u00c1R 529) - ELAD\u00c1S\" \/>\n<meta property=\"og:description\" content=\"ZIPSER  CRASH PAD HONDA CBR 1000 RR &#039;04-&#039;05 (R\u00c9GI \u00c1R 529) - ELAD\u00c1S\" \/>\n<meta property=\"og:url\" content=\"https:\/\/v3.atv-parts.hu\/index.php\/termek\/zipser-crash-pad-honda-cbr-1000-rr-04-05-regi-ar-529-eladas\/\" \/>\n<meta property=\"og:site_name\" content=\"V3 ATV-PARTS.HU\" \/>\n<meta property=\"article:publisher\" content=\"https:\/\/www.facebook.com\/atvpartsHU\" \/>\n<meta property=\"article:modified_time\" content=\"2024-08-31T06:02:34+00:00\" \/>\n<meta name=\"twitter:card\" content=\"summary_large_image\" \/>\n<meta name=\"twitter:label1\" content=\"\u00c1r\" \/>\n\t<meta name=\"twitter:data1\" content=\"39809,42&nbsp;&#70;&#116; \u00c1F\u00c1-val\" \/>\n\t<meta name=\"twitter:label2\" content=\"El\u00e9rhet\u0151s\u00e9g\" \/>\n\t<meta name=\"twitter:data2\" content=\"K\u00e9szleten\" \/>\n<script type=\"application\/ld+json\" class=\"yoast-schema-graph\">{\"@context\":\"https:\/\/schema.org\",\"@graph\":[{\"@type\":\"WebPage\",\"@id\":\"https:\/\/v3.atv-parts.hu\/index.php\/termek\/zipser-crash-pad-honda-cbr-1000-rr-04-05-regi-ar-529-eladas\/\",\"url\":\"https:\/\/v3.atv-parts.hu\/index.php\/termek\/zipser-crash-pad-honda-cbr-1000-rr-04-05-regi-ar-529-eladas\/\",\"name\":\"ZIPSER CRASH PAD HONDA CBR 1000 RR '04-'05 (R\u00c9GI \u00c1R 529) - ELAD\u00c1S - V3 ATV-PARTS.HU\",\"isPartOf\":{\"@id\":\"https:\/\/v3.atv-parts.hu\/#website\"},\"datePublished\":\"2024-04-04T04:26:20+00:00\",\"dateModified\":\"2024-08-31T06:02:34+00:00\",\"breadcrumb\":{\"@id\":\"https:\/\/v3.atv-parts.hu\/index.php\/termek\/zipser-crash-pad-honda-cbr-1000-rr-04-05-regi-ar-529-eladas\/#breadcrumb\"},\"inLanguage\":\"hu\",\"potentialAction\":[{\"@type\":\"ReadAction\",\"target\":[\"https:\/\/v3.atv-parts.hu\/index.php\/termek\/zipser-crash-pad-honda-cbr-1000-rr-04-05-regi-ar-529-eladas\/\"]}]},{\"@type\":\"BreadcrumbList\",\"@id\":\"https:\/\/v3.atv-parts.hu\/index.php\/termek\/zipser-crash-pad-honda-cbr-1000-rr-04-05-regi-ar-529-eladas\/#breadcrumb\",\"itemListElement\":[{\"@type\":\"ListItem\",\"position\":1,\"name\":\"Kezd\u0151lap\",\"item\":\"https:\/\/v3.atv-parts.hu\/\"},{\"@type\":\"ListItem\",\"position\":2,\"name\":\"Bolt\",\"item\":\"https:\/\/v3.atv-parts.hu\/index.php\/bolt\/\"},{\"@type\":\"ListItem\",\"position\":3,\"name\":\"ZIPSER CRASH PAD HONDA CBR 1000 RR &#8217;04-&#8217;05 (R\u00c9GI \u00c1R 529) &#8211; ELAD\u00c1S\"}]},{\"@type\":\"WebSite\",\"@id\":\"https:\/\/v3.atv-parts.hu\/#website\",\"url\":\"https:\/\/v3.atv-parts.hu\/\",\"name\":\"V3 ATV-PARTS.HU\",\"description\":\"\",\"publisher\":{\"@id\":\"https:\/\/v3.atv-parts.hu\/#organization\"},\"potentialAction\":[{\"@type\":\"SearchAction\",\"target\":{\"@type\":\"EntryPoint\",\"urlTemplate\":\"https:\/\/v3.atv-parts.hu\/?s={search_term_string}\"},\"query-input\":\"required name=search_term_string\"}],\"inLanguage\":\"hu\"},{\"@type\":\"Organization\",\"@id\":\"https:\/\/v3.atv-parts.hu\/#organization\",\"name\":\"V3 ATV-PARTS.HU\",\"url\":\"https:\/\/v3.atv-parts.hu\/\",\"logo\":{\"@type\":\"ImageObject\",\"inLanguage\":\"hu\",\"@id\":\"https:\/\/v3.atv-parts.hu\/#\/schema\/logo\/image\/\",\"url\":\"https:\/\/v3.atv-parts.hu\/wp-content\/uploads\/2021\/02\/cropped-cropped-atvlogo-1-1-1.png\",\"contentUrl\":\"https:\/\/v3.atv-parts.hu\/wp-content\/uploads\/2021\/02\/cropped-cropped-atvlogo-1-1-1.png\",\"width\":267,\"height\":160,\"caption\":\"V3 ATV-PARTS.HU\"},\"image\":{\"@id\":\"https:\/\/v3.atv-parts.hu\/#\/schema\/logo\/image\/\"},\"sameAs\":[\"https:\/\/www.facebook.com\/atvpartsHU\"]}]}<\/script>\n<meta property=\"product:price:amount\" content=\"39809.42\" \/>\n<meta property=\"product:price:currency\" content=\"HUF\" \/>\n<meta property=\"og:availability\" content=\"instock\" \/>\n<meta property=\"product:availability\" content=\"instock\" \/>\n<meta property=\"product:retailer_item_id\" content=\"Q10108ZP\" \/>\n<meta property=\"product:condition\" content=\"new\" \/>\n<!-- \/ Yoast SEO Premium plugin. -->","yoast_head_json":{"title":"ZIPSER  CRASH PAD HONDA CBR 1000 RR '04-'05 (R\u00c9GI \u00c1R 529) - ELAD\u00c1S - V3 ATV-PARTS.HU","robots":{"index":"index","follow":"follow","max-snippet":"max-snippet:-1","max-image-preview":"max-image-preview:large","max-video-preview":"max-video-preview:-1"},"canonical":"https:\/\/v3.atv-parts.hu\/index.php\/termek\/zipser-crash-pad-honda-cbr-1000-rr-04-05-regi-ar-529-eladas\/","og_locale":"hu_HU","og_type":"article","og_title":"ZIPSER  CRASH PAD HONDA CBR 1000 RR '04-'05 (R\u00c9GI \u00c1R 529) - ELAD\u00c1S","og_description":"ZIPSER  CRASH PAD HONDA CBR 1000 RR '04-'05 (R\u00c9GI \u00c1R 529) - ELAD\u00c1S","og_url":"https:\/\/v3.atv-parts.hu\/index.php\/termek\/zipser-crash-pad-honda-cbr-1000-rr-04-05-regi-ar-529-eladas\/","og_site_name":"V3 ATV-PARTS.HU","article_publisher":"https:\/\/www.facebook.com\/atvpartsHU","article_modified_time":"2024-08-31T06:02:34+00:00","twitter_card":"summary_large_image","twitter_misc":{"\u00c1r":"39809,42&nbsp;&#70;&#116; \u00c1F\u00c1-val","El\u00e9rhet\u0151s\u00e9g":"K\u00e9szleten"},"schema":{"@context":"https:\/\/schema.org","@graph":[{"@type":"WebPage","@id":"https:\/\/v3.atv-parts.hu\/index.php\/termek\/zipser-crash-pad-honda-cbr-1000-rr-04-05-regi-ar-529-eladas\/","url":"https:\/\/v3.atv-parts.hu\/index.php\/termek\/zipser-crash-pad-honda-cbr-1000-rr-04-05-regi-ar-529-eladas\/","name":"ZIPSER CRASH PAD HONDA CBR 1000 RR '04-'05 (R\u00c9GI \u00c1R 529) - ELAD\u00c1S - V3 ATV-PARTS.HU","isPartOf":{"@id":"https:\/\/v3.atv-parts.hu\/#website"},"datePublished":"2024-04-04T04:26:20+00:00","dateModified":"2024-08-31T06:02:34+00:00","breadcrumb":{"@id":"https:\/\/v3.atv-parts.hu\/index.php\/termek\/zipser-crash-pad-honda-cbr-1000-rr-04-05-regi-ar-529-eladas\/#breadcrumb"},"inLanguage":"hu","potentialAction":[{"@type":"ReadAction","target":["https:\/\/v3.atv-parts.hu\/index.php\/termek\/zipser-crash-pad-honda-cbr-1000-rr-04-05-regi-ar-529-eladas\/"]}]},{"@type":"BreadcrumbList","@id":"https:\/\/v3.atv-parts.hu\/index.php\/termek\/zipser-crash-pad-honda-cbr-1000-rr-04-05-regi-ar-529-eladas\/#breadcrumb","itemListElement":[{"@type":"ListItem","position":1,"name":"Kezd\u0151lap","item":"https:\/\/v3.atv-parts.hu\/"},{"@type":"ListItem","position":2,"name":"Bolt","item":"https:\/\/v3.atv-parts.hu\/index.php\/bolt\/"},{"@type":"ListItem","position":3,"name":"ZIPSER CRASH PAD HONDA CBR 1000 RR &#8217;04-&#8217;05 (R\u00c9GI \u00c1R 529) &#8211; ELAD\u00c1S"}]},{"@type":"WebSite","@id":"https:\/\/v3.atv-parts.hu\/#website","url":"https:\/\/v3.atv-parts.hu\/","name":"V3 ATV-PARTS.HU","description":"","publisher":{"@id":"https:\/\/v3.atv-parts.hu\/#organization"},"potentialAction":[{"@type":"SearchAction","target":{"@type":"EntryPoint","urlTemplate":"https:\/\/v3.atv-parts.hu\/?s={search_term_string}"},"query-input":"required name=search_term_string"}],"inLanguage":"hu"},{"@type":"Organization","@id":"https:\/\/v3.atv-parts.hu\/#organization","name":"V3 ATV-PARTS.HU","url":"https:\/\/v3.atv-parts.hu\/","logo":{"@type":"ImageObject","inLanguage":"hu","@id":"https:\/\/v3.atv-parts.hu\/#\/schema\/logo\/image\/","url":"https:\/\/v3.atv-parts.hu\/wp-content\/uploads\/2021\/02\/cropped-cropped-atvlogo-1-1-1.png","contentUrl":"https:\/\/v3.atv-parts.hu\/wp-content\/uploads\/2021\/02\/cropped-cropped-atvlogo-1-1-1.png","width":267,"height":160,"caption":"V3 ATV-PARTS.HU"},"image":{"@id":"https:\/\/v3.atv-parts.hu\/#\/schema\/logo\/image\/"},"sameAs":["https:\/\/www.facebook.com\/atvpartsHU"]}]},"product_price_amount":"39809.42","product_price_currency":"HUF","og_availability":"instock","product_availability":"instock","product_retailer_item_id":"Q10108ZP","product_condition":"new"},"_links":{"self":[{"href":"https:\/\/v3.atv-parts.hu\/index.php\/wp-json\/wp\/v2\/product\/123466","targetHints":{"allow":["GET"]}}],"collection":[{"href":"https:\/\/v3.atv-parts.hu\/index.php\/wp-json\/wp\/v2\/product"}],"about":[{"href":"https:\/\/v3.atv-parts.hu\/index.php\/wp-json\/wp\/v2\/types\/product"}],"replies":[{"embeddable":true,"href":"https:\/\/v3.atv-parts.hu\/index.php\/wp-json\/wp\/v2\/comments?post=123466"}],"wp:attachment":[{"href":"https:\/\/v3.atv-parts.hu\/index.php\/wp-json\/wp\/v2\/media?parent=123466"}],"wp:term":[{"taxonomy":"product_cat","embeddable":true,"href":"https:\/\/v3.atv-parts.hu\/index.php\/wp-json\/wp\/v2\/product_cat?post=123466"},{"taxonomy":"product_tag","embeddable":true,"href":"https:\/\/v3.atv-parts.hu\/index.php\/wp-json\/wp\/v2\/product_tag?post=123466"}],"curies":[{"name":"wp","href":"https:\/\/api.w.org\/{rel}","templated":true}]}}