{"id":125177,"date":"2024-04-04T07:22:57","date_gmt":"2024-04-04T05:22:57","guid":{"rendered":"https:\/\/v3.atv-parts.hu\/index.php\/termek\/acerbis-uj-aru-2024-02-x-grip-vazvedo-yamaha-tenerre-700-19-22-fekete-0024666-090\/"},"modified":"2024-08-07T08:04:16","modified_gmt":"2024-08-07T06:04:16","slug":"acerbis-uj-aru-2024-02-x-grip-vazvedo-yamaha-tenerre-700-19-22-fekete-0024666-090","status":"publish","type":"product","link":"https:\/\/v3.atv-parts.hu\/index.php\/termek\/acerbis-uj-aru-2024-02-x-grip-vazvedo-yamaha-tenerre-700-19-22-fekete-0024666-090\/","title":{"rendered":"ACERBIS  \u00daJ \u00c1RU 2024\/02 X-GRIP V\u00c1ZV\u00c9D\u0150 YAMAHA TENERRE 700 19-22 FEKETE &#8211; 0024666.090"},"content":{"rendered":"<p>ACERBIS  \u00daJ \u00c1RU 2024\/02 X-GRIP V\u00c1ZV\u00c9D\u0150 YAMAHA TENERRE 700 19-22 FEKETE &#8211; 0024666.090<\/p>\n<p>EAN: 8052796785922<\/p>\n<p>SKU: 0024666.090<\/p>\n","protected":false},"excerpt":{"rendered":"<p>ACERBIS  \u00daJ \u00c1RU 2024\/02 X-GRIP V\u00c1ZV\u00c9D\u0150 YAMAHA TENERRE 700 19-22 FEKETE &#8211; 0024666.090<\/p>\n","protected":false},"featured_media":0,"comment_status":"closed","ping_status":"open","template":"","meta":{"_monsterinsights_skip_tracking":false,"_monsterinsights_sitenote_active":false,"_monsterinsights_sitenote_note":"","_monsterinsights_sitenote_category":0},"product_cat":[398,270,612],"product_tag":[],"class_list":{"0":"post-125177","1":"product","2":"type-product","3":"status-publish","5":"product_cat-burkolatok","6":"product_cat-karosszeria","7":"product_cat-keret-burkolat","8":"pa_marka-acerbis","10":"first","11":"instock","12":"taxable","13":"shipping-taxable","14":"purchasable","15":"product-type-simple"},"yoast_head":"<!-- This site is optimized with the Yoast SEO Premium plugin v22.6 (Yoast SEO v22.6) - https:\/\/yoast.com\/wordpress\/plugins\/seo\/ -->\n<title>ACERBIS \u00daJ \u00c1RU 2024\/02 X-GRIP V\u00c1ZV\u00c9D\u0150 YAMAHA TENERRE 700 19-22 FEKETE - 0024666.090 - V3 ATV-PARTS.HU<\/title>\n<meta name=\"robots\" content=\"index, follow, max-snippet:-1, max-image-preview:large, max-video-preview:-1\" \/>\n<link rel=\"canonical\" href=\"https:\/\/v3.atv-parts.hu\/index.php\/termek\/acerbis-uj-aru-2024-02-x-grip-vazvedo-yamaha-tenerre-700-19-22-fekete-0024666-090\/\" \/>\n<meta property=\"og:locale\" content=\"hu_HU\" \/>\n<meta property=\"og:type\" content=\"article\" \/>\n<meta property=\"og:title\" content=\"ACERBIS \u00daJ \u00c1RU 2024\/02 X-GRIP V\u00c1ZV\u00c9D\u0150 YAMAHA TENERRE 700 19-22 FEKETE - 0024666.090\" \/>\n<meta property=\"og:description\" content=\"ACERBIS \u00daJ \u00c1RU 2024\/02 X-GRIP V\u00c1ZV\u00c9D\u0150 YAMAHA TENERRE 700 19-22 FEKETE - 0024666.090\" \/>\n<meta property=\"og:url\" content=\"https:\/\/v3.atv-parts.hu\/index.php\/termek\/acerbis-uj-aru-2024-02-x-grip-vazvedo-yamaha-tenerre-700-19-22-fekete-0024666-090\/\" \/>\n<meta property=\"og:site_name\" content=\"V3 ATV-PARTS.HU\" \/>\n<meta property=\"article:publisher\" content=\"https:\/\/www.facebook.com\/atvpartsHU\" \/>\n<meta property=\"article:modified_time\" content=\"2024-08-07T06:04:16+00:00\" \/>\n<meta name=\"twitter:card\" content=\"summary_large_image\" \/>\n<meta name=\"twitter:label1\" content=\"\u00c1r\" \/>\n\t<meta name=\"twitter:data1\" content=\"16314,42&nbsp;&#70;&#116; \u00c1F\u00c1-val\" \/>\n\t<meta name=\"twitter:label2\" content=\"El\u00e9rhet\u0151s\u00e9g\" \/>\n\t<meta name=\"twitter:data2\" content=\"K\u00e9szleten\" \/>\n<script type=\"application\/ld+json\" class=\"yoast-schema-graph\">{\"@context\":\"https:\/\/schema.org\",\"@graph\":[{\"@type\":\"WebPage\",\"@id\":\"https:\/\/v3.atv-parts.hu\/index.php\/termek\/acerbis-uj-aru-2024-02-x-grip-vazvedo-yamaha-tenerre-700-19-22-fekete-0024666-090\/\",\"url\":\"https:\/\/v3.atv-parts.hu\/index.php\/termek\/acerbis-uj-aru-2024-02-x-grip-vazvedo-yamaha-tenerre-700-19-22-fekete-0024666-090\/\",\"name\":\"ACERBIS \u00daJ \u00c1RU 2024\/02 X-GRIP V\u00c1ZV\u00c9D\u0150 YAMAHA TENERRE 700 19-22 FEKETE - 0024666.090 - V3 ATV-PARTS.HU\",\"isPartOf\":{\"@id\":\"https:\/\/v3.atv-parts.hu\/#website\"},\"datePublished\":\"2024-04-04T05:22:57+00:00\",\"dateModified\":\"2024-08-07T06:04:16+00:00\",\"breadcrumb\":{\"@id\":\"https:\/\/v3.atv-parts.hu\/index.php\/termek\/acerbis-uj-aru-2024-02-x-grip-vazvedo-yamaha-tenerre-700-19-22-fekete-0024666-090\/#breadcrumb\"},\"inLanguage\":\"hu\",\"potentialAction\":[{\"@type\":\"ReadAction\",\"target\":[\"https:\/\/v3.atv-parts.hu\/index.php\/termek\/acerbis-uj-aru-2024-02-x-grip-vazvedo-yamaha-tenerre-700-19-22-fekete-0024666-090\/\"]}]},{\"@type\":\"BreadcrumbList\",\"@id\":\"https:\/\/v3.atv-parts.hu\/index.php\/termek\/acerbis-uj-aru-2024-02-x-grip-vazvedo-yamaha-tenerre-700-19-22-fekete-0024666-090\/#breadcrumb\",\"itemListElement\":[{\"@type\":\"ListItem\",\"position\":1,\"name\":\"Kezd\u0151lap\",\"item\":\"https:\/\/v3.atv-parts.hu\/\"},{\"@type\":\"ListItem\",\"position\":2,\"name\":\"Bolt\",\"item\":\"https:\/\/v3.atv-parts.hu\/index.php\/bolt\/\"},{\"@type\":\"ListItem\",\"position\":3,\"name\":\"ACERBIS \u00daJ \u00c1RU 2024\/02 X-GRIP V\u00c1ZV\u00c9D\u0150 YAMAHA TENERRE 700 19-22 FEKETE &#8211; 0024666.090\"}]},{\"@type\":\"WebSite\",\"@id\":\"https:\/\/v3.atv-parts.hu\/#website\",\"url\":\"https:\/\/v3.atv-parts.hu\/\",\"name\":\"V3 ATV-PARTS.HU\",\"description\":\"\",\"publisher\":{\"@id\":\"https:\/\/v3.atv-parts.hu\/#organization\"},\"potentialAction\":[{\"@type\":\"SearchAction\",\"target\":{\"@type\":\"EntryPoint\",\"urlTemplate\":\"https:\/\/v3.atv-parts.hu\/?s={search_term_string}\"},\"query-input\":\"required name=search_term_string\"}],\"inLanguage\":\"hu\"},{\"@type\":\"Organization\",\"@id\":\"https:\/\/v3.atv-parts.hu\/#organization\",\"name\":\"V3 ATV-PARTS.HU\",\"url\":\"https:\/\/v3.atv-parts.hu\/\",\"logo\":{\"@type\":\"ImageObject\",\"inLanguage\":\"hu\",\"@id\":\"https:\/\/v3.atv-parts.hu\/#\/schema\/logo\/image\/\",\"url\":\"https:\/\/v3.atv-parts.hu\/wp-content\/uploads\/2021\/02\/cropped-cropped-atvlogo-1-1-1.png\",\"contentUrl\":\"https:\/\/v3.atv-parts.hu\/wp-content\/uploads\/2021\/02\/cropped-cropped-atvlogo-1-1-1.png\",\"width\":267,\"height\":160,\"caption\":\"V3 ATV-PARTS.HU\"},\"image\":{\"@id\":\"https:\/\/v3.atv-parts.hu\/#\/schema\/logo\/image\/\"},\"sameAs\":[\"https:\/\/www.facebook.com\/atvpartsHU\"]}]}<\/script>\n<meta property=\"product:price:amount\" content=\"16314.42\" \/>\n<meta property=\"product:price:currency\" content=\"HUF\" \/>\n<meta property=\"og:availability\" content=\"instock\" \/>\n<meta property=\"product:availability\" content=\"instock\" \/>\n<meta property=\"product:retailer_item_id\" content=\"0024666.090\" \/>\n<meta property=\"product:condition\" content=\"new\" \/>\n<!-- \/ Yoast SEO Premium plugin. -->","yoast_head_json":{"title":"ACERBIS \u00daJ \u00c1RU 2024\/02 X-GRIP V\u00c1ZV\u00c9D\u0150 YAMAHA TENERRE 700 19-22 FEKETE - 0024666.090 - V3 ATV-PARTS.HU","robots":{"index":"index","follow":"follow","max-snippet":"max-snippet:-1","max-image-preview":"max-image-preview:large","max-video-preview":"max-video-preview:-1"},"canonical":"https:\/\/v3.atv-parts.hu\/index.php\/termek\/acerbis-uj-aru-2024-02-x-grip-vazvedo-yamaha-tenerre-700-19-22-fekete-0024666-090\/","og_locale":"hu_HU","og_type":"article","og_title":"ACERBIS \u00daJ \u00c1RU 2024\/02 X-GRIP V\u00c1ZV\u00c9D\u0150 YAMAHA TENERRE 700 19-22 FEKETE - 0024666.090","og_description":"ACERBIS \u00daJ \u00c1RU 2024\/02 X-GRIP V\u00c1ZV\u00c9D\u0150 YAMAHA TENERRE 700 19-22 FEKETE - 0024666.090","og_url":"https:\/\/v3.atv-parts.hu\/index.php\/termek\/acerbis-uj-aru-2024-02-x-grip-vazvedo-yamaha-tenerre-700-19-22-fekete-0024666-090\/","og_site_name":"V3 ATV-PARTS.HU","article_publisher":"https:\/\/www.facebook.com\/atvpartsHU","article_modified_time":"2024-08-07T06:04:16+00:00","twitter_card":"summary_large_image","twitter_misc":{"\u00c1r":"16314,42&nbsp;&#70;&#116; \u00c1F\u00c1-val","El\u00e9rhet\u0151s\u00e9g":"K\u00e9szleten"},"schema":{"@context":"https:\/\/schema.org","@graph":[{"@type":"WebPage","@id":"https:\/\/v3.atv-parts.hu\/index.php\/termek\/acerbis-uj-aru-2024-02-x-grip-vazvedo-yamaha-tenerre-700-19-22-fekete-0024666-090\/","url":"https:\/\/v3.atv-parts.hu\/index.php\/termek\/acerbis-uj-aru-2024-02-x-grip-vazvedo-yamaha-tenerre-700-19-22-fekete-0024666-090\/","name":"ACERBIS \u00daJ \u00c1RU 2024\/02 X-GRIP V\u00c1ZV\u00c9D\u0150 YAMAHA TENERRE 700 19-22 FEKETE - 0024666.090 - V3 ATV-PARTS.HU","isPartOf":{"@id":"https:\/\/v3.atv-parts.hu\/#website"},"datePublished":"2024-04-04T05:22:57+00:00","dateModified":"2024-08-07T06:04:16+00:00","breadcrumb":{"@id":"https:\/\/v3.atv-parts.hu\/index.php\/termek\/acerbis-uj-aru-2024-02-x-grip-vazvedo-yamaha-tenerre-700-19-22-fekete-0024666-090\/#breadcrumb"},"inLanguage":"hu","potentialAction":[{"@type":"ReadAction","target":["https:\/\/v3.atv-parts.hu\/index.php\/termek\/acerbis-uj-aru-2024-02-x-grip-vazvedo-yamaha-tenerre-700-19-22-fekete-0024666-090\/"]}]},{"@type":"BreadcrumbList","@id":"https:\/\/v3.atv-parts.hu\/index.php\/termek\/acerbis-uj-aru-2024-02-x-grip-vazvedo-yamaha-tenerre-700-19-22-fekete-0024666-090\/#breadcrumb","itemListElement":[{"@type":"ListItem","position":1,"name":"Kezd\u0151lap","item":"https:\/\/v3.atv-parts.hu\/"},{"@type":"ListItem","position":2,"name":"Bolt","item":"https:\/\/v3.atv-parts.hu\/index.php\/bolt\/"},{"@type":"ListItem","position":3,"name":"ACERBIS \u00daJ \u00c1RU 2024\/02 X-GRIP V\u00c1ZV\u00c9D\u0150 YAMAHA TENERRE 700 19-22 FEKETE &#8211; 0024666.090"}]},{"@type":"WebSite","@id":"https:\/\/v3.atv-parts.hu\/#website","url":"https:\/\/v3.atv-parts.hu\/","name":"V3 ATV-PARTS.HU","description":"","publisher":{"@id":"https:\/\/v3.atv-parts.hu\/#organization"},"potentialAction":[{"@type":"SearchAction","target":{"@type":"EntryPoint","urlTemplate":"https:\/\/v3.atv-parts.hu\/?s={search_term_string}"},"query-input":"required name=search_term_string"}],"inLanguage":"hu"},{"@type":"Organization","@id":"https:\/\/v3.atv-parts.hu\/#organization","name":"V3 ATV-PARTS.HU","url":"https:\/\/v3.atv-parts.hu\/","logo":{"@type":"ImageObject","inLanguage":"hu","@id":"https:\/\/v3.atv-parts.hu\/#\/schema\/logo\/image\/","url":"https:\/\/v3.atv-parts.hu\/wp-content\/uploads\/2021\/02\/cropped-cropped-atvlogo-1-1-1.png","contentUrl":"https:\/\/v3.atv-parts.hu\/wp-content\/uploads\/2021\/02\/cropped-cropped-atvlogo-1-1-1.png","width":267,"height":160,"caption":"V3 ATV-PARTS.HU"},"image":{"@id":"https:\/\/v3.atv-parts.hu\/#\/schema\/logo\/image\/"},"sameAs":["https:\/\/www.facebook.com\/atvpartsHU"]}]},"product_price_amount":"16314.42","product_price_currency":"HUF","og_availability":"instock","product_availability":"instock","product_retailer_item_id":"0024666.090","product_condition":"new"},"_links":{"self":[{"href":"https:\/\/v3.atv-parts.hu\/index.php\/wp-json\/wp\/v2\/product\/125177","targetHints":{"allow":["GET"]}}],"collection":[{"href":"https:\/\/v3.atv-parts.hu\/index.php\/wp-json\/wp\/v2\/product"}],"about":[{"href":"https:\/\/v3.atv-parts.hu\/index.php\/wp-json\/wp\/v2\/types\/product"}],"replies":[{"embeddable":true,"href":"https:\/\/v3.atv-parts.hu\/index.php\/wp-json\/wp\/v2\/comments?post=125177"}],"wp:attachment":[{"href":"https:\/\/v3.atv-parts.hu\/index.php\/wp-json\/wp\/v2\/media?parent=125177"}],"wp:term":[{"taxonomy":"product_cat","embeddable":true,"href":"https:\/\/v3.atv-parts.hu\/index.php\/wp-json\/wp\/v2\/product_cat?post=125177"},{"taxonomy":"product_tag","embeddable":true,"href":"https:\/\/v3.atv-parts.hu\/index.php\/wp-json\/wp\/v2\/product_tag?post=125177"}],"curies":[{"name":"wp","href":"https:\/\/api.w.org\/{rel}","templated":true}]}}