{"id":12695,"date":"2024-03-26T17:08:03","date_gmt":"2024-03-26T16:08:03","guid":{"rendered":"https:\/\/v3.atv-parts.hu\/index.php\/termek\/all-balls-csapagykeszlet-javito-elso-also-felso-polaris-sportsman-550-570-850-1000\/"},"modified":"2025-02-11T08:03:01","modified_gmt":"2025-02-11T07:03:01","slug":"all-balls-csapagykeszlet-javito-elso-also-felso-polaris-sportsman-550-570-850-1000","status":"publish","type":"product","link":"https:\/\/v3.atv-parts.hu\/index.php\/termek\/all-balls-csapagykeszlet-javito-elso-also-felso-polaris-sportsman-550-570-850-1000\/","title":{"rendered":"ALL BALLS CSAP\u00c1GYK\u00c9SZLET JAV\u00cdT\u00d3 ELS\u0150 ALS\u00d3\/FELS\u0150 POLARIS SPORTSMAN 550\/570\/850\/1000"},"content":{"rendered":"<p>ALL BALLS CSAP\u00c1GYK\u00c9SZLET\u00a0 JAV\u00cdT\u00d3 ELS\u0150 ALS\u00d3\/FELS\u0150\u00a0 POLARIS SPORTSMAN 550\/570\/850\/1000<\/p>\n<p>EAN: 50-1094<\/p>\n<p>Polaris Scrambler 1000 MD 15-17, Scrambler 1000 Tractor 16-18, Scrambler 1000 XP 15-18, Scrambler 1000 XP EU 15, Scrambler XP Scrambler 1000 EPSHO140 XPSHO101000 PS INTL 14, Scrambler 850 15-22, Scrambler 850 EU 15, Scrambler 850 HO\/EPS 14, Scrambler 850 MD 15, Scrambler 850 XP HO EPS 14, Scrambler 850 HO EPS 14, Scrambler EPS 14, Scrambler 850 8PS50 Sportf10 -20, Sportember 1000 MD 15-16, Sportsman 1000 XP 15-21, Sportsman 1000 XP Tractor 16-17, Sportsman 550 EPS 14, Sportsman 550 X2 14, Sportsman 550 X2 XPS LE 14, Sportsman INTL 515 X241 , Sportsman 550 XP EPS HD INTL 14, Sportsman 850 21-22, Sportsman 850 High Lifter 16-19, Sportsman 850 Premium 21-22, Sportsman 850 SP 15-18, Sportsman 850 WV 8PS0, Sportsman 850 WV 8PS0, Sports1 MD 14 Sportsman Forest 1000 EU 15, Sportsman Forest 550 14,Sportsman Forest 850 14-15, Sportsman Forest 850 EU 15, Sportsman Touring 1000 15-21, Sportsman Touring 550 EPS 14, Sportsman Touring 850 21-22, Sportsman Touring 850 EPS 14, Sportsman Touring 850 INTL 14, Sportsman Touring 850 SP 15 -20, Sportsman Touring 850 SP EU 15, Sportsman Touring 850 SP MD 15, Fels\u0151 A-kar Brg &#8211; Seal Kit Polaris Scrambler 1000 MD 15-17, Scrambler 1000 Tractor 16-18, Scrambler XP XP 10-10 10-10 EU 15, Scrambler 1000 XP HO EPS 14-15, Scrambler 1000 XP HO EPS INTL 14, Scrambler 850 15-22, Scrambler 850 EU 15, Scrambler 850 Scrambler HO\/EPS 14,85crambler 14,850 XP HO EPS 14, Scrambler 850 XP HO EPS INTL 14, Sportsman 1000 High Lifter 16-20, Sportsman 1000 MD 15-16, Sportsman 1000 XP 15-21, Sportsman 1000 XP Tractor 16-17, Sportsman 540 X Sportsman 551, E Sportsman 551 0 X2 EPS LE 14,Sportsman 550 X2 INTL 14, Sportsman 550 XP 14, Sportsman 550 XP EPS HD INTL 14, Sportsman 570 SP 15-20, Sportsman 570 SP EPS Quad 15-16, Sportsman 570 SP EPS traktor 15-15 15-15 Sportsman 16, Sportsman 850 21-22, Sportsman 850 High Lifter 16-19, Sportsman 850 Premium 21-22, Sportsman 850 SP 15-18, Sportsman 850 WV 14, Sportsman 850 XP HO EPS MD0151, Sportsman MD 0151 Forest 550 13, Sportsman Forest 850 14-15, Sportsman Forest 850 EU 15, Sportsman Touring 1000 15-21, Sportsman Touring 550 EPS 14, Sportsman Touring 570 Premium 20-22, Sportsman Touring 15 20-22, Sportsman Touring 15 20-20 -22, Sportsman Touring 850 EPS 14, Sportsman Touring 850 INTL 14, Sportsman Touring 850 SP 15-20, Sportsman Touring 850 SP EU 15, Sportsman Touring 850 SP MD 15Sportsman 570 SP 15-20, Sportsman 570 SP EPS Quad 15-16, Sportsman 570 SP EPS traktor 15-16, Sportsman 570 SP MD 15-16, Sportsman 850 21-22, Sportsman 850 Premium Sportsman High-159 21-22, Sportsman 850 SP 15-18, Sportsman 850 WV 14, Sportsman 850 XP HO EPS MD 15, Sportsman Forest 1000 EU 15, Sportsman Forest 550 13, Sportsman Forest 850, Sportsman 14-158, Sportsman 14-15 1000 15-21, Sportsman Touring 550 EPS 14, Sportsman Touring 570 Premium 20-22, Sportsman Touring 570 SP 15-20, Sportsman Touring 850 21-22, Sportsman Touring 850 EPS 14, Sportsman 40 INTL Touring 8 Sportsman 15-20, Sportsman Touring 850 SP EU 15, Sportsman Touring 850 SP MD 15Sportsman 570 SP 15-20, Sportsman 570 SP EPS Quad 15-16, Sportsman 570 SP EPS traktor 15-16, Sportsman 570 SP MD 15-16, Sportsman 850 21-22, Sportsman 850 Premium Sportsman High-159 21-22, Sportsman 850 SP 15-18, Sportsman 850 WV 14, Sportsman 850 XP HO EPS MD 15, Sportsman Forest 1000 EU 15, Sportsman Forest 550 13, Sportsman Forest 850, Sportsman 14-158, Sportsman 14-15 1000 15-21, Sportsman Touring 550 EPS 14, Sportsman Touring 570 Premium 20-22, Sportsman Touring 570 SP 15-20, Sportsman Touring 850 21-22, Sportsman Touring 850 EPS 14, Sportsman 40 INTL Touring 8 Sportsman 15-20, Sportsman Touring 850 SP EU 15, Sportsman Touring 850 SP MD 15Sportsman 850 High Lifter 16-19, Sportsman 850 Premium 21-22, Sportsman 850 SP 15-18, Sportsman 850 WV 14, Sportsman 850 XP HO EPS MD 15, Sportsman Forest 1000 EU 15, Sportsman Forest 15, 5500 Forest 350 -15, Sportsman Forest 850 EU 15, Sportsman Touring 1000 15-21, Sportsman Touring 550 EPS 14, Sportsman Touring 570 Premium 20-22, Sportsman Touring 570 SP 15-20, Sportsman Touring 850 EPS 850 240 , Sportsman Touring 850 INTL 14, Sportsman Touring 850 SP 15-20, Sportsman Touring 850 SP EU 15, Sportsman Touring 850 SP MD 15Sportsman 850 High Lifter 16-19, Sportsman 850 Premium 21-22, Sportsman 850 SP 15-18, Sportsman 850 WV 14, Sportsman 850 XP HO EPS MD 15, Sportsman Forest 1000 EU 15, Sportsman Forest 15, 5500 Forest 350 -15, Sportsman Forest 850 EU 15, Sportsman Touring 1000 15-21, Sportsman Touring 550 EPS 14, Sportsman Touring 570 Premium 20-22, Sportsman Touring 570 SP 15-20, Sportsman Touring 850 EPS 850 240 , Sportsman Touring 850 INTL 14, Sportsman Touring 850 SP 15-20, Sportsman Touring 850 SP EU 15, Sportsman Touring 850 SP MD 15Sportsman Touring 570 Premium 20-22, Sportsman Touring 570 SP 15-20, Sportsman Touring 850 21-22, Sportsman Touring 850 EPS 14, Sportsman Touring 850 INTL 14, Sportsman Touring 850 SP 15-20, Sportsman Touring 15-20 SP 15-20 Sportsman Touring 850 SP MD 15Sportsman Touring 570 Premium 20-22, Sportsman Touring 570 SP 15-20, Sportsman Touring 850 21-22, Sportsman Touring 850 EPS 14, Sportsman Touring 850 INTL 14, Sportsman Touring 850 SP 15-20, Sportsman Touring 15-20 SP 15-20 Sportsman Touring 850 SP MD 15<\/p>\n<p>SKU: 50-1094<\/p>\n","protected":false},"excerpt":{"rendered":"<p>ALL BALLS CSAP\u00c1GYK\u00c9SZLET JAV\u00cdT\u00d3 ELS\u0150 ALS\u00d3\/FELS\u0150POLARIS SPORTSMAN 550\/570\/850\/1000<\/p>\n","protected":false},"featured_media":12637,"comment_status":"closed","ping_status":"open","template":"","meta":{"_monsterinsights_skip_tracking":false,"_monsterinsights_sitenote_active":false,"_monsterinsights_sitenote_note":"","_monsterinsights_sitenote_category":0},"product_cat":[404,267,541],"product_tag":[156,181,370,371,372,373,374,375],"class_list":{"0":"post-12695","1":"product","2":"type-product","3":"status-publish","4":"has-post-thumbnail","6":"product_cat-elso-felfuggesztes-es-kormanymu","7":"product_cat-felfuggesztes-es-kormanymu","8":"product_cat-lengokar-javitokeszletek-elso-felfuggesztes-es-kormanymu","9":"product_tag-atv","10":"product_tag-polaris","11":"product_tag-scrambler","12":"product_tag-sportsman","13":"product_tag-sportsman-egyeb","14":"product_tag-sportsman-1000","15":"product_tag-sportsman-400-800","16":"product_tag-sportsman-550-850-xp","17":"pa_marka-all-balls","19":"first","20":"instock","21":"taxable","22":"shipping-taxable","23":"purchasable","24":"product-type-simple"},"yoast_head":"<!-- This site is optimized with the Yoast SEO Premium plugin v22.6 (Yoast SEO v22.6) - https:\/\/yoast.com\/wordpress\/plugins\/seo\/ -->\n<title>ALL BALLS CSAP\u00c1GYK\u00c9SZLET JAV\u00cdT\u00d3 ELS\u0150 ALS\u00d3\/FELS\u0150 POLARIS SPORTSMAN 550\/570\/850\/1000 - V3 ATV-PARTS.HU<\/title>\n<meta name=\"robots\" content=\"index, follow, max-snippet:-1, max-image-preview:large, max-video-preview:-1\" \/>\n<link rel=\"canonical\" href=\"https:\/\/v3.atv-parts.hu\/index.php\/termek\/all-balls-csapagykeszlet-javito-elso-also-felso-polaris-sportsman-550-570-850-1000\/\" \/>\n<meta property=\"og:locale\" content=\"hu_HU\" \/>\n<meta property=\"og:type\" content=\"article\" \/>\n<meta property=\"og:title\" content=\"ALL BALLS CSAP\u00c1GYK\u00c9SZLET JAV\u00cdT\u00d3 ELS\u0150 ALS\u00d3\/FELS\u0150 POLARIS SPORTSMAN 550\/570\/850\/1000\" \/>\n<meta property=\"og:description\" content=\"ALL BALLS CSAP\u00c1GYK\u00c9SZLET JAV\u00cdT\u00d3 ELS\u0150 ALS\u00d3\/FELS\u0150POLARIS SPORTSMAN 550\/570\/850\/1000\" \/>\n<meta property=\"og:url\" content=\"https:\/\/v3.atv-parts.hu\/index.php\/termek\/all-balls-csapagykeszlet-javito-elso-also-felso-polaris-sportsman-550-570-850-1000\/\" \/>\n<meta property=\"og:site_name\" content=\"V3 ATV-PARTS.HU\" \/>\n<meta property=\"article:publisher\" content=\"https:\/\/www.facebook.com\/atvpartsHU\" \/>\n<meta property=\"article:modified_time\" content=\"2025-02-11T07:03:01+00:00\" \/>\n<meta property=\"og:image\" content=\"https:\/\/v3.atv-parts.hu\/wp-content\/uploads\/2024\/03\/all-balls-zestaw-naprawczy-wahacza-przedniego-doln.jpg\" \/>\n\t<meta property=\"og:image:width\" content=\"432\" \/>\n\t<meta property=\"og:image:height\" content=\"432\" \/>\n\t<meta property=\"og:image:type\" content=\"image\/jpeg\" \/>\n<meta name=\"twitter:card\" content=\"summary_large_image\" \/>\n<meta name=\"twitter:label1\" content=\"\u00c1r\" \/>\n\t<meta name=\"twitter:data1\" content=\"13277,85&nbsp;&#70;&#116; \u00c1F\u00c1-val\" \/>\n\t<meta name=\"twitter:label2\" content=\"El\u00e9rhet\u0151s\u00e9g\" \/>\n\t<meta name=\"twitter:data2\" content=\"K\u00e9szleten\" \/>\n<script type=\"application\/ld+json\" class=\"yoast-schema-graph\">{\"@context\":\"https:\/\/schema.org\",\"@graph\":[{\"@type\":\"WebPage\",\"@id\":\"https:\/\/v3.atv-parts.hu\/index.php\/termek\/all-balls-csapagykeszlet-javito-elso-also-felso-polaris-sportsman-550-570-850-1000\/\",\"url\":\"https:\/\/v3.atv-parts.hu\/index.php\/termek\/all-balls-csapagykeszlet-javito-elso-also-felso-polaris-sportsman-550-570-850-1000\/\",\"name\":\"ALL BALLS CSAP\u00c1GYK\u00c9SZLET JAV\u00cdT\u00d3 ELS\u0150 ALS\u00d3\/FELS\u0150 POLARIS SPORTSMAN 550\/570\/850\/1000 - V3 ATV-PARTS.HU\",\"isPartOf\":{\"@id\":\"https:\/\/v3.atv-parts.hu\/#website\"},\"primaryImageOfPage\":{\"@id\":\"https:\/\/v3.atv-parts.hu\/index.php\/termek\/all-balls-csapagykeszlet-javito-elso-also-felso-polaris-sportsman-550-570-850-1000\/#primaryimage\"},\"image\":{\"@id\":\"https:\/\/v3.atv-parts.hu\/index.php\/termek\/all-balls-csapagykeszlet-javito-elso-also-felso-polaris-sportsman-550-570-850-1000\/#primaryimage\"},\"thumbnailUrl\":\"https:\/\/v3.atv-parts.hu\/wp-content\/uploads\/2024\/03\/all-balls-zestaw-naprawczy-wahacza-przedniego-doln.jpg\",\"datePublished\":\"2024-03-26T16:08:03+00:00\",\"dateModified\":\"2025-02-11T07:03:01+00:00\",\"breadcrumb\":{\"@id\":\"https:\/\/v3.atv-parts.hu\/index.php\/termek\/all-balls-csapagykeszlet-javito-elso-also-felso-polaris-sportsman-550-570-850-1000\/#breadcrumb\"},\"inLanguage\":\"hu\",\"potentialAction\":[{\"@type\":\"ReadAction\",\"target\":[\"https:\/\/v3.atv-parts.hu\/index.php\/termek\/all-balls-csapagykeszlet-javito-elso-also-felso-polaris-sportsman-550-570-850-1000\/\"]}]},{\"@type\":\"ImageObject\",\"inLanguage\":\"hu\",\"@id\":\"https:\/\/v3.atv-parts.hu\/index.php\/termek\/all-balls-csapagykeszlet-javito-elso-also-felso-polaris-sportsman-550-570-850-1000\/#primaryimage\",\"url\":\"https:\/\/v3.atv-parts.hu\/wp-content\/uploads\/2024\/03\/all-balls-zestaw-naprawczy-wahacza-przedniego-doln.jpg\",\"contentUrl\":\"https:\/\/v3.atv-parts.hu\/wp-content\/uploads\/2024\/03\/all-balls-zestaw-naprawczy-wahacza-przedniego-doln.jpg\",\"width\":432,\"height\":432},{\"@type\":\"BreadcrumbList\",\"@id\":\"https:\/\/v3.atv-parts.hu\/index.php\/termek\/all-balls-csapagykeszlet-javito-elso-also-felso-polaris-sportsman-550-570-850-1000\/#breadcrumb\",\"itemListElement\":[{\"@type\":\"ListItem\",\"position\":1,\"name\":\"Kezd\u0151lap\",\"item\":\"https:\/\/v3.atv-parts.hu\/\"},{\"@type\":\"ListItem\",\"position\":2,\"name\":\"Bolt\",\"item\":\"https:\/\/v3.atv-parts.hu\/index.php\/bolt\/\"},{\"@type\":\"ListItem\",\"position\":3,\"name\":\"ALL BALLS CSAP\u00c1GYK\u00c9SZLET JAV\u00cdT\u00d3 ELS\u0150 ALS\u00d3\/FELS\u0150 POLARIS SPORTSMAN 550\/570\/850\/1000\"}]},{\"@type\":\"WebSite\",\"@id\":\"https:\/\/v3.atv-parts.hu\/#website\",\"url\":\"https:\/\/v3.atv-parts.hu\/\",\"name\":\"V3 ATV-PARTS.HU\",\"description\":\"\",\"publisher\":{\"@id\":\"https:\/\/v3.atv-parts.hu\/#organization\"},\"potentialAction\":[{\"@type\":\"SearchAction\",\"target\":{\"@type\":\"EntryPoint\",\"urlTemplate\":\"https:\/\/v3.atv-parts.hu\/?s={search_term_string}\"},\"query-input\":\"required name=search_term_string\"}],\"inLanguage\":\"hu\"},{\"@type\":\"Organization\",\"@id\":\"https:\/\/v3.atv-parts.hu\/#organization\",\"name\":\"V3 ATV-PARTS.HU\",\"url\":\"https:\/\/v3.atv-parts.hu\/\",\"logo\":{\"@type\":\"ImageObject\",\"inLanguage\":\"hu\",\"@id\":\"https:\/\/v3.atv-parts.hu\/#\/schema\/logo\/image\/\",\"url\":\"https:\/\/v3.atv-parts.hu\/wp-content\/uploads\/2021\/02\/cropped-cropped-atvlogo-1-1-1.png\",\"contentUrl\":\"https:\/\/v3.atv-parts.hu\/wp-content\/uploads\/2021\/02\/cropped-cropped-atvlogo-1-1-1.png\",\"width\":267,\"height\":160,\"caption\":\"V3 ATV-PARTS.HU\"},\"image\":{\"@id\":\"https:\/\/v3.atv-parts.hu\/#\/schema\/logo\/image\/\"},\"sameAs\":[\"https:\/\/www.facebook.com\/atvpartsHU\"]}]}<\/script>\n<meta property=\"product:price:amount\" content=\"13277.85\" \/>\n<meta property=\"product:price:currency\" content=\"HUF\" \/>\n<meta property=\"og:availability\" content=\"instock\" \/>\n<meta property=\"product:availability\" content=\"instock\" \/>\n<meta property=\"product:retailer_item_id\" content=\"50-1094\" \/>\n<meta property=\"product:condition\" content=\"new\" \/>\n<!-- \/ Yoast SEO Premium plugin. -->","yoast_head_json":{"title":"ALL BALLS CSAP\u00c1GYK\u00c9SZLET JAV\u00cdT\u00d3 ELS\u0150 ALS\u00d3\/FELS\u0150 POLARIS SPORTSMAN 550\/570\/850\/1000 - V3 ATV-PARTS.HU","robots":{"index":"index","follow":"follow","max-snippet":"max-snippet:-1","max-image-preview":"max-image-preview:large","max-video-preview":"max-video-preview:-1"},"canonical":"https:\/\/v3.atv-parts.hu\/index.php\/termek\/all-balls-csapagykeszlet-javito-elso-also-felso-polaris-sportsman-550-570-850-1000\/","og_locale":"hu_HU","og_type":"article","og_title":"ALL BALLS CSAP\u00c1GYK\u00c9SZLET JAV\u00cdT\u00d3 ELS\u0150 ALS\u00d3\/FELS\u0150 POLARIS SPORTSMAN 550\/570\/850\/1000","og_description":"ALL BALLS CSAP\u00c1GYK\u00c9SZLET JAV\u00cdT\u00d3 ELS\u0150 ALS\u00d3\/FELS\u0150POLARIS SPORTSMAN 550\/570\/850\/1000","og_url":"https:\/\/v3.atv-parts.hu\/index.php\/termek\/all-balls-csapagykeszlet-javito-elso-also-felso-polaris-sportsman-550-570-850-1000\/","og_site_name":"V3 ATV-PARTS.HU","article_publisher":"https:\/\/www.facebook.com\/atvpartsHU","article_modified_time":"2025-02-11T07:03:01+00:00","og_image":[{"width":432,"height":432,"url":"https:\/\/v3.atv-parts.hu\/wp-content\/uploads\/2024\/03\/all-balls-zestaw-naprawczy-wahacza-przedniego-doln.jpg","type":"image\/jpeg"}],"twitter_card":"summary_large_image","twitter_misc":{"\u00c1r":"13277,85&nbsp;&#70;&#116; \u00c1F\u00c1-val","El\u00e9rhet\u0151s\u00e9g":"K\u00e9szleten"},"schema":{"@context":"https:\/\/schema.org","@graph":[{"@type":"WebPage","@id":"https:\/\/v3.atv-parts.hu\/index.php\/termek\/all-balls-csapagykeszlet-javito-elso-also-felso-polaris-sportsman-550-570-850-1000\/","url":"https:\/\/v3.atv-parts.hu\/index.php\/termek\/all-balls-csapagykeszlet-javito-elso-also-felso-polaris-sportsman-550-570-850-1000\/","name":"ALL BALLS CSAP\u00c1GYK\u00c9SZLET JAV\u00cdT\u00d3 ELS\u0150 ALS\u00d3\/FELS\u0150 POLARIS SPORTSMAN 550\/570\/850\/1000 - V3 ATV-PARTS.HU","isPartOf":{"@id":"https:\/\/v3.atv-parts.hu\/#website"},"primaryImageOfPage":{"@id":"https:\/\/v3.atv-parts.hu\/index.php\/termek\/all-balls-csapagykeszlet-javito-elso-also-felso-polaris-sportsman-550-570-850-1000\/#primaryimage"},"image":{"@id":"https:\/\/v3.atv-parts.hu\/index.php\/termek\/all-balls-csapagykeszlet-javito-elso-also-felso-polaris-sportsman-550-570-850-1000\/#primaryimage"},"thumbnailUrl":"https:\/\/v3.atv-parts.hu\/wp-content\/uploads\/2024\/03\/all-balls-zestaw-naprawczy-wahacza-przedniego-doln.jpg","datePublished":"2024-03-26T16:08:03+00:00","dateModified":"2025-02-11T07:03:01+00:00","breadcrumb":{"@id":"https:\/\/v3.atv-parts.hu\/index.php\/termek\/all-balls-csapagykeszlet-javito-elso-also-felso-polaris-sportsman-550-570-850-1000\/#breadcrumb"},"inLanguage":"hu","potentialAction":[{"@type":"ReadAction","target":["https:\/\/v3.atv-parts.hu\/index.php\/termek\/all-balls-csapagykeszlet-javito-elso-also-felso-polaris-sportsman-550-570-850-1000\/"]}]},{"@type":"ImageObject","inLanguage":"hu","@id":"https:\/\/v3.atv-parts.hu\/index.php\/termek\/all-balls-csapagykeszlet-javito-elso-also-felso-polaris-sportsman-550-570-850-1000\/#primaryimage","url":"https:\/\/v3.atv-parts.hu\/wp-content\/uploads\/2024\/03\/all-balls-zestaw-naprawczy-wahacza-przedniego-doln.jpg","contentUrl":"https:\/\/v3.atv-parts.hu\/wp-content\/uploads\/2024\/03\/all-balls-zestaw-naprawczy-wahacza-przedniego-doln.jpg","width":432,"height":432},{"@type":"BreadcrumbList","@id":"https:\/\/v3.atv-parts.hu\/index.php\/termek\/all-balls-csapagykeszlet-javito-elso-also-felso-polaris-sportsman-550-570-850-1000\/#breadcrumb","itemListElement":[{"@type":"ListItem","position":1,"name":"Kezd\u0151lap","item":"https:\/\/v3.atv-parts.hu\/"},{"@type":"ListItem","position":2,"name":"Bolt","item":"https:\/\/v3.atv-parts.hu\/index.php\/bolt\/"},{"@type":"ListItem","position":3,"name":"ALL BALLS CSAP\u00c1GYK\u00c9SZLET JAV\u00cdT\u00d3 ELS\u0150 ALS\u00d3\/FELS\u0150 POLARIS SPORTSMAN 550\/570\/850\/1000"}]},{"@type":"WebSite","@id":"https:\/\/v3.atv-parts.hu\/#website","url":"https:\/\/v3.atv-parts.hu\/","name":"V3 ATV-PARTS.HU","description":"","publisher":{"@id":"https:\/\/v3.atv-parts.hu\/#organization"},"potentialAction":[{"@type":"SearchAction","target":{"@type":"EntryPoint","urlTemplate":"https:\/\/v3.atv-parts.hu\/?s={search_term_string}"},"query-input":"required name=search_term_string"}],"inLanguage":"hu"},{"@type":"Organization","@id":"https:\/\/v3.atv-parts.hu\/#organization","name":"V3 ATV-PARTS.HU","url":"https:\/\/v3.atv-parts.hu\/","logo":{"@type":"ImageObject","inLanguage":"hu","@id":"https:\/\/v3.atv-parts.hu\/#\/schema\/logo\/image\/","url":"https:\/\/v3.atv-parts.hu\/wp-content\/uploads\/2021\/02\/cropped-cropped-atvlogo-1-1-1.png","contentUrl":"https:\/\/v3.atv-parts.hu\/wp-content\/uploads\/2021\/02\/cropped-cropped-atvlogo-1-1-1.png","width":267,"height":160,"caption":"V3 ATV-PARTS.HU"},"image":{"@id":"https:\/\/v3.atv-parts.hu\/#\/schema\/logo\/image\/"},"sameAs":["https:\/\/www.facebook.com\/atvpartsHU"]}]},"product_price_amount":"13277.85","product_price_currency":"HUF","og_availability":"instock","product_availability":"instock","product_retailer_item_id":"50-1094","product_condition":"new"},"_links":{"self":[{"href":"https:\/\/v3.atv-parts.hu\/index.php\/wp-json\/wp\/v2\/product\/12695","targetHints":{"allow":["GET"]}}],"collection":[{"href":"https:\/\/v3.atv-parts.hu\/index.php\/wp-json\/wp\/v2\/product"}],"about":[{"href":"https:\/\/v3.atv-parts.hu\/index.php\/wp-json\/wp\/v2\/types\/product"}],"replies":[{"embeddable":true,"href":"https:\/\/v3.atv-parts.hu\/index.php\/wp-json\/wp\/v2\/comments?post=12695"}],"wp:featuredmedia":[{"embeddable":true,"href":"https:\/\/v3.atv-parts.hu\/index.php\/wp-json\/wp\/v2\/media\/12637"}],"wp:attachment":[{"href":"https:\/\/v3.atv-parts.hu\/index.php\/wp-json\/wp\/v2\/media?parent=12695"}],"wp:term":[{"taxonomy":"product_cat","embeddable":true,"href":"https:\/\/v3.atv-parts.hu\/index.php\/wp-json\/wp\/v2\/product_cat?post=12695"},{"taxonomy":"product_tag","embeddable":true,"href":"https:\/\/v3.atv-parts.hu\/index.php\/wp-json\/wp\/v2\/product_tag?post=12695"}],"curies":[{"name":"wp","href":"https:\/\/api.w.org\/{rel}","templated":true}]}}