{"id":12853,"date":"2024-04-02T17:18:30","date_gmt":"2024-04-02T15:18:30","guid":{"rendered":"https:\/\/v3.atv-parts.hu\/index.php\/termek\/leatt-2022-ortozis-terdterdesek-c-frame-pro-carbon-terdemelo-par-l-xl-meret-csereles-5014101002\/"},"modified":"2024-05-03T13:01:11","modified_gmt":"2024-05-03T11:01:11","slug":"leatt-2022-2023-c-frame-pro-carbon-terdemelo-par-l-xl-meret-csereles-5014101002","status":"publish","type":"product","link":"https:\/\/v3.atv-parts.hu\/index.php\/termek\/leatt-2022-2023-c-frame-pro-carbon-terdemelo-par-l-xl-meret-csereles-5014101002\/","title":{"rendered":"LEATT (2022\/2023) C-FRAME PRO CARBON T\u00c9RDEMEL\u0150 (P\u00c1R) L\/XL M\u00c9RET &#8211; CSER\u00c9L\u00c9S 5014101002"},"content":{"rendered":"<p>LEATT (2022\/2023) C-FRAME PRO CARBON T\u00c9RDEMEL\u0150 (P\u00c1R) L\/XL M\u00c9RET &#8211; CSER\u00c9L\u00c9S 5014101002<\/p>\n<p>SKU: 5017010101<\/p>\n","protected":false},"excerpt":{"rendered":"<p>LEATT (2022\/2023) C-FRAME PRO CARBON T\u00c9RDEMEL\u0150 (P\u00c1R) L\/XL M\u00c9RET &#8211; CSER\u00c9L\u00c9S 5014101002<\/p>\n","protected":false},"featured_media":12852,"comment_status":"closed","ping_status":"open","template":"","meta":{"_monsterinsights_skip_tracking":false,"_monsterinsights_sitenote_active":false,"_monsterinsights_sitenote_note":"","_monsterinsights_sitenote_category":0},"product_cat":[275,259,508],"product_tag":[],"class_list":{"0":"post-12853","1":"product","2":"type-product","3":"status-publish","4":"has-post-thumbnail","6":"product_cat-protektorok","7":"product_cat-ruhazat-es-vedofelszereles","8":"product_cat-terdvedo","9":"pa_marka-leatt","11":"first","12":"instock","13":"taxable","14":"shipping-taxable","15":"purchasable","16":"product-type-simple"},"yoast_head":"<!-- This site is optimized with the Yoast SEO Premium plugin v22.6 (Yoast SEO v22.6) - https:\/\/yoast.com\/wordpress\/plugins\/seo\/ -->\n<title>LEATT (2022\/2023) C-FRAME PRO CARBON T\u00c9RDEMEL\u0150 (P\u00c1R) L\/XL M\u00c9RET - CSER\u00c9L\u00c9S 5014101002 - V3 ATV-PARTS.HU<\/title>\n<meta name=\"robots\" content=\"index, follow, max-snippet:-1, max-image-preview:large, max-video-preview:-1\" \/>\n<link rel=\"canonical\" href=\"https:\/\/v3.atv-parts.hu\/index.php\/termek\/leatt-2022-2023-c-frame-pro-carbon-terdemelo-par-l-xl-meret-csereles-5014101002\/\" \/>\n<meta property=\"og:locale\" content=\"hu_HU\" \/>\n<meta property=\"og:type\" content=\"article\" \/>\n<meta property=\"og:title\" content=\"LEATT (2022\/2023) C-FRAME PRO CARBON T\u00c9RDEMEL\u0150 (P\u00c1R) L\/XL M\u00c9RET - CSER\u00c9L\u00c9S 5014101002\" \/>\n<meta property=\"og:description\" content=\"LEATT (2022\/2023) C-FRAME PRO CARBON T\u00c9RDEMEL\u0150 (P\u00c1R) L\/XL M\u00c9RET - CSER\u00c9L\u00c9S 5014101002\" \/>\n<meta property=\"og:url\" content=\"https:\/\/v3.atv-parts.hu\/index.php\/termek\/leatt-2022-2023-c-frame-pro-carbon-terdemelo-par-l-xl-meret-csereles-5014101002\/\" \/>\n<meta property=\"og:site_name\" content=\"V3 ATV-PARTS.HU\" \/>\n<meta property=\"article:publisher\" content=\"https:\/\/www.facebook.com\/atvpartsHU\" \/>\n<meta property=\"article:modified_time\" content=\"2024-05-03T11:01:11+00:00\" \/>\n<meta property=\"og:image\" content=\"https:\/\/v3.atv-parts.hu\/wp-content\/uploads\/2024\/03\/leatt-2019-2020-ortezy-ochraniacz-stawu-kolanow.jpg\" \/>\n\t<meta property=\"og:image:width\" content=\"960\" \/>\n\t<meta property=\"og:image:height\" content=\"1440\" \/>\n\t<meta property=\"og:image:type\" content=\"image\/jpeg\" \/>\n<meta name=\"twitter:card\" content=\"summary_large_image\" \/>\n<meta name=\"twitter:label1\" content=\"\u00c1r\" \/>\n\t<meta name=\"twitter:data1\" content=\"263922,51&nbsp;&#70;&#116; \u00c1F\u00c1-val\" \/>\n\t<meta name=\"twitter:label2\" content=\"El\u00e9rhet\u0151s\u00e9g\" \/>\n\t<meta name=\"twitter:data2\" content=\"K\u00e9szleten\" \/>\n<script type=\"application\/ld+json\" class=\"yoast-schema-graph\">{\"@context\":\"https:\/\/schema.org\",\"@graph\":[{\"@type\":\"WebPage\",\"@id\":\"https:\/\/v3.atv-parts.hu\/index.php\/termek\/leatt-2022-2023-c-frame-pro-carbon-terdemelo-par-l-xl-meret-csereles-5014101002\/\",\"url\":\"https:\/\/v3.atv-parts.hu\/index.php\/termek\/leatt-2022-2023-c-frame-pro-carbon-terdemelo-par-l-xl-meret-csereles-5014101002\/\",\"name\":\"LEATT (2022\/2023) C-FRAME PRO CARBON T\u00c9RDEMEL\u0150 (P\u00c1R) L\/XL M\u00c9RET - CSER\u00c9L\u00c9S 5014101002 - V3 ATV-PARTS.HU\",\"isPartOf\":{\"@id\":\"https:\/\/v3.atv-parts.hu\/#website\"},\"primaryImageOfPage\":{\"@id\":\"https:\/\/v3.atv-parts.hu\/index.php\/termek\/leatt-2022-2023-c-frame-pro-carbon-terdemelo-par-l-xl-meret-csereles-5014101002\/#primaryimage\"},\"image\":{\"@id\":\"https:\/\/v3.atv-parts.hu\/index.php\/termek\/leatt-2022-2023-c-frame-pro-carbon-terdemelo-par-l-xl-meret-csereles-5014101002\/#primaryimage\"},\"thumbnailUrl\":\"https:\/\/v3.atv-parts.hu\/wp-content\/uploads\/2024\/03\/leatt-2019-2020-ortezy-ochraniacz-stawu-kolanow.jpg\",\"datePublished\":\"2024-04-02T15:18:30+00:00\",\"dateModified\":\"2024-05-03T11:01:11+00:00\",\"breadcrumb\":{\"@id\":\"https:\/\/v3.atv-parts.hu\/index.php\/termek\/leatt-2022-2023-c-frame-pro-carbon-terdemelo-par-l-xl-meret-csereles-5014101002\/#breadcrumb\"},\"inLanguage\":\"hu\",\"potentialAction\":[{\"@type\":\"ReadAction\",\"target\":[\"https:\/\/v3.atv-parts.hu\/index.php\/termek\/leatt-2022-2023-c-frame-pro-carbon-terdemelo-par-l-xl-meret-csereles-5014101002\/\"]}]},{\"@type\":\"ImageObject\",\"inLanguage\":\"hu\",\"@id\":\"https:\/\/v3.atv-parts.hu\/index.php\/termek\/leatt-2022-2023-c-frame-pro-carbon-terdemelo-par-l-xl-meret-csereles-5014101002\/#primaryimage\",\"url\":\"https:\/\/v3.atv-parts.hu\/wp-content\/uploads\/2024\/03\/leatt-2019-2020-ortezy-ochraniacz-stawu-kolanow.jpg\",\"contentUrl\":\"https:\/\/v3.atv-parts.hu\/wp-content\/uploads\/2024\/03\/leatt-2019-2020-ortezy-ochraniacz-stawu-kolanow.jpg\",\"width\":960,\"height\":1440},{\"@type\":\"BreadcrumbList\",\"@id\":\"https:\/\/v3.atv-parts.hu\/index.php\/termek\/leatt-2022-2023-c-frame-pro-carbon-terdemelo-par-l-xl-meret-csereles-5014101002\/#breadcrumb\",\"itemListElement\":[{\"@type\":\"ListItem\",\"position\":1,\"name\":\"Kezd\u0151lap\",\"item\":\"https:\/\/v3.atv-parts.hu\/\"},{\"@type\":\"ListItem\",\"position\":2,\"name\":\"Bolt\",\"item\":\"https:\/\/v3.atv-parts.hu\/index.php\/bolt\/\"},{\"@type\":\"ListItem\",\"position\":3,\"name\":\"LEATT (2022\/2023) C-FRAME PRO CARBON T\u00c9RDEMEL\u0150 (P\u00c1R) L\/XL M\u00c9RET &#8211; CSER\u00c9L\u00c9S 5014101002\"}]},{\"@type\":\"WebSite\",\"@id\":\"https:\/\/v3.atv-parts.hu\/#website\",\"url\":\"https:\/\/v3.atv-parts.hu\/\",\"name\":\"V3 ATV-PARTS.HU\",\"description\":\"\",\"publisher\":{\"@id\":\"https:\/\/v3.atv-parts.hu\/#organization\"},\"potentialAction\":[{\"@type\":\"SearchAction\",\"target\":{\"@type\":\"EntryPoint\",\"urlTemplate\":\"https:\/\/v3.atv-parts.hu\/?s={search_term_string}\"},\"query-input\":\"required name=search_term_string\"}],\"inLanguage\":\"hu\"},{\"@type\":\"Organization\",\"@id\":\"https:\/\/v3.atv-parts.hu\/#organization\",\"name\":\"V3 ATV-PARTS.HU\",\"url\":\"https:\/\/v3.atv-parts.hu\/\",\"logo\":{\"@type\":\"ImageObject\",\"inLanguage\":\"hu\",\"@id\":\"https:\/\/v3.atv-parts.hu\/#\/schema\/logo\/image\/\",\"url\":\"https:\/\/v3.atv-parts.hu\/wp-content\/uploads\/2021\/02\/cropped-cropped-atvlogo-1-1-1.png\",\"contentUrl\":\"https:\/\/v3.atv-parts.hu\/wp-content\/uploads\/2021\/02\/cropped-cropped-atvlogo-1-1-1.png\",\"width\":267,\"height\":160,\"caption\":\"V3 ATV-PARTS.HU\"},\"image\":{\"@id\":\"https:\/\/v3.atv-parts.hu\/#\/schema\/logo\/image\/\"},\"sameAs\":[\"https:\/\/www.facebook.com\/atvpartsHU\"]}]}<\/script>\n<meta property=\"product:price:amount\" content=\"263922.51\" \/>\n<meta property=\"product:price:currency\" content=\"HUF\" \/>\n<meta property=\"og:availability\" content=\"instock\" \/>\n<meta property=\"product:availability\" content=\"instock\" \/>\n<meta property=\"product:retailer_item_id\" content=\"5017010101\" \/>\n<meta property=\"product:condition\" content=\"new\" \/>\n<!-- \/ Yoast SEO Premium plugin. -->","yoast_head_json":{"title":"LEATT (2022\/2023) C-FRAME PRO CARBON T\u00c9RDEMEL\u0150 (P\u00c1R) L\/XL M\u00c9RET - CSER\u00c9L\u00c9S 5014101002 - V3 ATV-PARTS.HU","robots":{"index":"index","follow":"follow","max-snippet":"max-snippet:-1","max-image-preview":"max-image-preview:large","max-video-preview":"max-video-preview:-1"},"canonical":"https:\/\/v3.atv-parts.hu\/index.php\/termek\/leatt-2022-2023-c-frame-pro-carbon-terdemelo-par-l-xl-meret-csereles-5014101002\/","og_locale":"hu_HU","og_type":"article","og_title":"LEATT (2022\/2023) C-FRAME PRO CARBON T\u00c9RDEMEL\u0150 (P\u00c1R) L\/XL M\u00c9RET - CSER\u00c9L\u00c9S 5014101002","og_description":"LEATT (2022\/2023) C-FRAME PRO CARBON T\u00c9RDEMEL\u0150 (P\u00c1R) L\/XL M\u00c9RET - CSER\u00c9L\u00c9S 5014101002","og_url":"https:\/\/v3.atv-parts.hu\/index.php\/termek\/leatt-2022-2023-c-frame-pro-carbon-terdemelo-par-l-xl-meret-csereles-5014101002\/","og_site_name":"V3 ATV-PARTS.HU","article_publisher":"https:\/\/www.facebook.com\/atvpartsHU","article_modified_time":"2024-05-03T11:01:11+00:00","og_image":[{"width":960,"height":1440,"url":"https:\/\/v3.atv-parts.hu\/wp-content\/uploads\/2024\/03\/leatt-2019-2020-ortezy-ochraniacz-stawu-kolanow.jpg","type":"image\/jpeg"}],"twitter_card":"summary_large_image","twitter_misc":{"\u00c1r":"263922,51&nbsp;&#70;&#116; \u00c1F\u00c1-val","El\u00e9rhet\u0151s\u00e9g":"K\u00e9szleten"},"schema":{"@context":"https:\/\/schema.org","@graph":[{"@type":"WebPage","@id":"https:\/\/v3.atv-parts.hu\/index.php\/termek\/leatt-2022-2023-c-frame-pro-carbon-terdemelo-par-l-xl-meret-csereles-5014101002\/","url":"https:\/\/v3.atv-parts.hu\/index.php\/termek\/leatt-2022-2023-c-frame-pro-carbon-terdemelo-par-l-xl-meret-csereles-5014101002\/","name":"LEATT (2022\/2023) C-FRAME PRO CARBON T\u00c9RDEMEL\u0150 (P\u00c1R) L\/XL M\u00c9RET - CSER\u00c9L\u00c9S 5014101002 - V3 ATV-PARTS.HU","isPartOf":{"@id":"https:\/\/v3.atv-parts.hu\/#website"},"primaryImageOfPage":{"@id":"https:\/\/v3.atv-parts.hu\/index.php\/termek\/leatt-2022-2023-c-frame-pro-carbon-terdemelo-par-l-xl-meret-csereles-5014101002\/#primaryimage"},"image":{"@id":"https:\/\/v3.atv-parts.hu\/index.php\/termek\/leatt-2022-2023-c-frame-pro-carbon-terdemelo-par-l-xl-meret-csereles-5014101002\/#primaryimage"},"thumbnailUrl":"https:\/\/v3.atv-parts.hu\/wp-content\/uploads\/2024\/03\/leatt-2019-2020-ortezy-ochraniacz-stawu-kolanow.jpg","datePublished":"2024-04-02T15:18:30+00:00","dateModified":"2024-05-03T11:01:11+00:00","breadcrumb":{"@id":"https:\/\/v3.atv-parts.hu\/index.php\/termek\/leatt-2022-2023-c-frame-pro-carbon-terdemelo-par-l-xl-meret-csereles-5014101002\/#breadcrumb"},"inLanguage":"hu","potentialAction":[{"@type":"ReadAction","target":["https:\/\/v3.atv-parts.hu\/index.php\/termek\/leatt-2022-2023-c-frame-pro-carbon-terdemelo-par-l-xl-meret-csereles-5014101002\/"]}]},{"@type":"ImageObject","inLanguage":"hu","@id":"https:\/\/v3.atv-parts.hu\/index.php\/termek\/leatt-2022-2023-c-frame-pro-carbon-terdemelo-par-l-xl-meret-csereles-5014101002\/#primaryimage","url":"https:\/\/v3.atv-parts.hu\/wp-content\/uploads\/2024\/03\/leatt-2019-2020-ortezy-ochraniacz-stawu-kolanow.jpg","contentUrl":"https:\/\/v3.atv-parts.hu\/wp-content\/uploads\/2024\/03\/leatt-2019-2020-ortezy-ochraniacz-stawu-kolanow.jpg","width":960,"height":1440},{"@type":"BreadcrumbList","@id":"https:\/\/v3.atv-parts.hu\/index.php\/termek\/leatt-2022-2023-c-frame-pro-carbon-terdemelo-par-l-xl-meret-csereles-5014101002\/#breadcrumb","itemListElement":[{"@type":"ListItem","position":1,"name":"Kezd\u0151lap","item":"https:\/\/v3.atv-parts.hu\/"},{"@type":"ListItem","position":2,"name":"Bolt","item":"https:\/\/v3.atv-parts.hu\/index.php\/bolt\/"},{"@type":"ListItem","position":3,"name":"LEATT (2022\/2023) C-FRAME PRO CARBON T\u00c9RDEMEL\u0150 (P\u00c1R) L\/XL M\u00c9RET &#8211; CSER\u00c9L\u00c9S 5014101002"}]},{"@type":"WebSite","@id":"https:\/\/v3.atv-parts.hu\/#website","url":"https:\/\/v3.atv-parts.hu\/","name":"V3 ATV-PARTS.HU","description":"","publisher":{"@id":"https:\/\/v3.atv-parts.hu\/#organization"},"potentialAction":[{"@type":"SearchAction","target":{"@type":"EntryPoint","urlTemplate":"https:\/\/v3.atv-parts.hu\/?s={search_term_string}"},"query-input":"required name=search_term_string"}],"inLanguage":"hu"},{"@type":"Organization","@id":"https:\/\/v3.atv-parts.hu\/#organization","name":"V3 ATV-PARTS.HU","url":"https:\/\/v3.atv-parts.hu\/","logo":{"@type":"ImageObject","inLanguage":"hu","@id":"https:\/\/v3.atv-parts.hu\/#\/schema\/logo\/image\/","url":"https:\/\/v3.atv-parts.hu\/wp-content\/uploads\/2021\/02\/cropped-cropped-atvlogo-1-1-1.png","contentUrl":"https:\/\/v3.atv-parts.hu\/wp-content\/uploads\/2021\/02\/cropped-cropped-atvlogo-1-1-1.png","width":267,"height":160,"caption":"V3 ATV-PARTS.HU"},"image":{"@id":"https:\/\/v3.atv-parts.hu\/#\/schema\/logo\/image\/"},"sameAs":["https:\/\/www.facebook.com\/atvpartsHU"]}]},"product_price_amount":"263922.51","product_price_currency":"HUF","og_availability":"instock","product_availability":"instock","product_retailer_item_id":"5017010101","product_condition":"new"},"_links":{"self":[{"href":"https:\/\/v3.atv-parts.hu\/index.php\/wp-json\/wp\/v2\/product\/12853","targetHints":{"allow":["GET"]}}],"collection":[{"href":"https:\/\/v3.atv-parts.hu\/index.php\/wp-json\/wp\/v2\/product"}],"about":[{"href":"https:\/\/v3.atv-parts.hu\/index.php\/wp-json\/wp\/v2\/types\/product"}],"replies":[{"embeddable":true,"href":"https:\/\/v3.atv-parts.hu\/index.php\/wp-json\/wp\/v2\/comments?post=12853"}],"wp:featuredmedia":[{"embeddable":true,"href":"https:\/\/v3.atv-parts.hu\/index.php\/wp-json\/wp\/v2\/media\/12852"}],"wp:attachment":[{"href":"https:\/\/v3.atv-parts.hu\/index.php\/wp-json\/wp\/v2\/media?parent=12853"}],"wp:term":[{"taxonomy":"product_cat","embeddable":true,"href":"https:\/\/v3.atv-parts.hu\/index.php\/wp-json\/wp\/v2\/product_cat?post=12853"},{"taxonomy":"product_tag","embeddable":true,"href":"https:\/\/v3.atv-parts.hu\/index.php\/wp-json\/wp\/v2\/product_tag?post=12853"}],"curies":[{"name":"wp","href":"https:\/\/api.w.org\/{rel}","templated":true}]}}