{"id":13097,"date":"2024-03-26T17:14:16","date_gmt":"2024-03-26T16:14:16","guid":{"rendered":"https:\/\/v3.atv-parts.hu\/index.php\/termek\/all-balls-polaris-sportsmanscrambler-kormanyveg-gomb-550-10-14-xp-850-10-14\/"},"modified":"2024-12-08T08:02:48","modified_gmt":"2024-12-08T07:02:48","slug":"all-balls-polaris-sportsmanscrambler-kormanyveg-gomb-550-10-14-xp-850-10-14","status":"publish","type":"product","link":"https:\/\/v3.atv-parts.hu\/index.php\/termek\/all-balls-polaris-sportsmanscrambler-kormanyveg-gomb-550-10-14-xp-850-10-14\/","title":{"rendered":"ALL BALLS POLARIS SPORTSMAN,SCRAMBLER KORM\u00c1NYV\u00c9G (GOMB) 550 &#8217;10 -&#8217;14, XP 850 &#8217;10 -&#8217;14"},"content":{"rendered":"<p>ALL BALLS POLARIS SPORTSMAN KORM\u00c1NYV\u00c9G (GOMB) 550 &#8217;10 -&#8217;14, XP 850 &#8217;10 -&#8217;14<\/p>\n<p>EAN: 51-1050<\/p>\n<p>Polaris Scrambler 1000 MD 15-17, Scrambler 1000 Tractor 16-18, Scrambler 1000 XP 15-18, Scrambler 1000 XP EU 15, Scrambler 1000 XP HO EPS4, Scrambler 1000 HO EPS4 14cra Scrambler 850 15-22, Scrambler 850 EU 15, Scrambler 850 HO\/EPS 13-14, Scrambler 850 XP HO EPS 14, Scrambler 850 XP HO EPS INTL 14, Sportsman 1000 High Lifter, Sportsman 1000 High Lifter, 210 Sportsman ember 1000 XP 15-21, Sportsman 1000 XP Tractor 16-18, Sportsman 1000 XP Ultimate Trail 22, Sportsman 550 11-13, Sportsman 550 EPS 10-14, Sportsman 550 X2 10-14, LE X4 Sports 5, Sports 5 X2 INTL 14, Sportsman 550 XP 10-14, Sportsman 550 XP EPS HD INTL 14, Sportsman 570 EPS Quad 16, Sportsman 570 EPS Tractor 16, Sportsman 570 Premium 22, Quasman 570 SP 15-5-20 Sportsman EPS15 16, Sportsman 570 SP EPS traktor 15-19,Sportsman 570 SP MD 15-16, Sportsman 570 Trail 21, Sportsman 570 Ultimate Trail LE 21-22, Sportsman 850 21, Sportsman 850 High Lifter 16-22, Sportsman 850 Premium 21-282, 5-50 Sportsman 21-28518, Sportsman Ultimate Trail Edition 21-22, Sportsman 850 WV 14, Sportsman 850 XP HO EPS MD 15, Sportsman Forest 1000 EU 15, Sportsman Forest 550 11-14, Sportsman Forest 850 11-15, Sportsman EU00 Touring 15, Sportsman EU00 Touring 15 5 -22, Sportsman Touring 1000 Tractor 18, Sportsman Touring 550 EPS 10-14, Sportsman Touring 570 EPS Tractor SP 18-19, Sportsman Touring 570 Premium 20-22, Sportsman Touring 570 SP 15-20, 8-220 Sportsman Touring Sportsman Touring 850 EPS 14, Sportsman Touring 850 INTL 14, Sportsman Touring 850 SP 15-20, Sportsman Touring 850 SP EU 15, Sportsman Touring 850 SP MD 15, Sportsman Touring EPS 850 10-130Sportsman Touring EPS 850 HO 13, Sportsman X2 850 11, Sportsman XP 850 10-13, Sportsman XP 850 EPS 10-14<\/p>\n<p>SKU: 51-1050<\/p>\n","protected":false},"excerpt":{"rendered":"<p>ALL BALLS POLARIS SPORTSMAN KORM\u00c1NYV\u00c9G (GOMB) 550 &#8217;10 -&#8217;14, XP 850 &#8217;10 -&#8217;14<\/p>\n","protected":false},"featured_media":13073,"comment_status":"closed","ping_status":"open","template":"","meta":{"_monsterinsights_skip_tracking":false,"_monsterinsights_sitenote_active":false,"_monsterinsights_sitenote_note":"","_monsterinsights_sitenote_category":0},"product_cat":[404,267,452],"product_tag":[156,181,370,371,372,373,374,375],"class_list":{"0":"post-13097","1":"product","2":"type-product","3":"status-publish","4":"has-post-thumbnail","6":"product_cat-elso-felfuggesztes-es-kormanymu","7":"product_cat-felfuggesztes-es-kormanymu","8":"product_cat-rudvegek","9":"product_tag-atv","10":"product_tag-polaris","11":"product_tag-scrambler","12":"product_tag-sportsman","13":"product_tag-sportsman-egyeb","14":"product_tag-sportsman-1000","15":"product_tag-sportsman-400-800","16":"product_tag-sportsman-550-850-xp","17":"pa_marka-all-balls","19":"first","20":"instock","21":"taxable","22":"shipping-taxable","23":"purchasable","24":"product-type-simple"},"yoast_head":"<!-- This site is optimized with the Yoast SEO Premium plugin v22.6 (Yoast SEO v22.6) - https:\/\/yoast.com\/wordpress\/plugins\/seo\/ -->\n<title>ALL BALLS POLARIS SPORTSMAN,SCRAMBLER KORM\u00c1NYV\u00c9G (GOMB) 550 &#039;10 -&#039;14, XP 850 &#039;10 -&#039;14 - V3 ATV-PARTS.HU<\/title>\n<meta name=\"robots\" content=\"index, follow, max-snippet:-1, max-image-preview:large, max-video-preview:-1\" \/>\n<link rel=\"canonical\" href=\"https:\/\/v3.atv-parts.hu\/index.php\/termek\/all-balls-polaris-sportsmanscrambler-kormanyveg-gomb-550-10-14-xp-850-10-14\/\" \/>\n<meta property=\"og:locale\" content=\"hu_HU\" \/>\n<meta property=\"og:type\" content=\"article\" \/>\n<meta property=\"og:title\" content=\"ALL BALLS POLARIS SPORTSMAN,SCRAMBLER KORM\u00c1NYV\u00c9G (GOMB) 550 &#039;10 -&#039;14, XP 850 &#039;10 -&#039;14\" \/>\n<meta property=\"og:description\" content=\"ALL BALLS POLARIS SPORTSMAN KORM\u00c1NYV\u00c9G (GOMB) 550 &#039;10 -&#039;14, XP 850 &#039;10 -&#039;14\" \/>\n<meta property=\"og:url\" content=\"https:\/\/v3.atv-parts.hu\/index.php\/termek\/all-balls-polaris-sportsmanscrambler-kormanyveg-gomb-550-10-14-xp-850-10-14\/\" \/>\n<meta property=\"og:site_name\" content=\"V3 ATV-PARTS.HU\" \/>\n<meta property=\"article:publisher\" content=\"https:\/\/www.facebook.com\/atvpartsHU\" \/>\n<meta property=\"article:modified_time\" content=\"2024-12-08T07:02:48+00:00\" \/>\n<meta property=\"og:image\" content=\"https:\/\/v3.atv-parts.hu\/wp-content\/uploads\/2024\/03\/all-balls-koncowki-galki-drazka-kierowniczego-po.jpg\" \/>\n\t<meta property=\"og:image:width\" content=\"432\" \/>\n\t<meta property=\"og:image:height\" content=\"432\" \/>\n\t<meta property=\"og:image:type\" content=\"image\/jpeg\" \/>\n<meta name=\"twitter:card\" content=\"summary_large_image\" \/>\n<meta name=\"twitter:label1\" content=\"\u00c1r\" \/>\n\t<meta name=\"twitter:data1\" content=\"17781,27&nbsp;&#70;&#116; \u00c1F\u00c1-val\" \/>\n\t<meta name=\"twitter:label2\" content=\"El\u00e9rhet\u0151s\u00e9g\" \/>\n\t<meta name=\"twitter:data2\" content=\"K\u00e9szleten\" \/>\n<script type=\"application\/ld+json\" class=\"yoast-schema-graph\">{\"@context\":\"https:\/\/schema.org\",\"@graph\":[{\"@type\":\"WebPage\",\"@id\":\"https:\/\/v3.atv-parts.hu\/index.php\/termek\/all-balls-polaris-sportsmanscrambler-kormanyveg-gomb-550-10-14-xp-850-10-14\/\",\"url\":\"https:\/\/v3.atv-parts.hu\/index.php\/termek\/all-balls-polaris-sportsmanscrambler-kormanyveg-gomb-550-10-14-xp-850-10-14\/\",\"name\":\"ALL BALLS POLARIS SPORTSMAN,SCRAMBLER KORM\u00c1NYV\u00c9G (GOMB) 550 '10 -'14, XP 850 '10 -'14 - V3 ATV-PARTS.HU\",\"isPartOf\":{\"@id\":\"https:\/\/v3.atv-parts.hu\/#website\"},\"primaryImageOfPage\":{\"@id\":\"https:\/\/v3.atv-parts.hu\/index.php\/termek\/all-balls-polaris-sportsmanscrambler-kormanyveg-gomb-550-10-14-xp-850-10-14\/#primaryimage\"},\"image\":{\"@id\":\"https:\/\/v3.atv-parts.hu\/index.php\/termek\/all-balls-polaris-sportsmanscrambler-kormanyveg-gomb-550-10-14-xp-850-10-14\/#primaryimage\"},\"thumbnailUrl\":\"https:\/\/v3.atv-parts.hu\/wp-content\/uploads\/2024\/03\/all-balls-koncowki-galki-drazka-kierowniczego-po.jpg\",\"datePublished\":\"2024-03-26T16:14:16+00:00\",\"dateModified\":\"2024-12-08T07:02:48+00:00\",\"breadcrumb\":{\"@id\":\"https:\/\/v3.atv-parts.hu\/index.php\/termek\/all-balls-polaris-sportsmanscrambler-kormanyveg-gomb-550-10-14-xp-850-10-14\/#breadcrumb\"},\"inLanguage\":\"hu\",\"potentialAction\":[{\"@type\":\"ReadAction\",\"target\":[\"https:\/\/v3.atv-parts.hu\/index.php\/termek\/all-balls-polaris-sportsmanscrambler-kormanyveg-gomb-550-10-14-xp-850-10-14\/\"]}]},{\"@type\":\"ImageObject\",\"inLanguage\":\"hu\",\"@id\":\"https:\/\/v3.atv-parts.hu\/index.php\/termek\/all-balls-polaris-sportsmanscrambler-kormanyveg-gomb-550-10-14-xp-850-10-14\/#primaryimage\",\"url\":\"https:\/\/v3.atv-parts.hu\/wp-content\/uploads\/2024\/03\/all-balls-koncowki-galki-drazka-kierowniczego-po.jpg\",\"contentUrl\":\"https:\/\/v3.atv-parts.hu\/wp-content\/uploads\/2024\/03\/all-balls-koncowki-galki-drazka-kierowniczego-po.jpg\",\"width\":432,\"height\":432},{\"@type\":\"BreadcrumbList\",\"@id\":\"https:\/\/v3.atv-parts.hu\/index.php\/termek\/all-balls-polaris-sportsmanscrambler-kormanyveg-gomb-550-10-14-xp-850-10-14\/#breadcrumb\",\"itemListElement\":[{\"@type\":\"ListItem\",\"position\":1,\"name\":\"Kezd\u0151lap\",\"item\":\"https:\/\/v3.atv-parts.hu\/\"},{\"@type\":\"ListItem\",\"position\":2,\"name\":\"Bolt\",\"item\":\"https:\/\/v3.atv-parts.hu\/index.php\/bolt\/\"},{\"@type\":\"ListItem\",\"position\":3,\"name\":\"ALL BALLS POLARIS SPORTSMAN,SCRAMBLER KORM\u00c1NYV\u00c9G (GOMB) 550 &#8217;10 -&#8217;14, XP 850 &#8217;10 -&#8217;14\"}]},{\"@type\":\"WebSite\",\"@id\":\"https:\/\/v3.atv-parts.hu\/#website\",\"url\":\"https:\/\/v3.atv-parts.hu\/\",\"name\":\"V3 ATV-PARTS.HU\",\"description\":\"\",\"publisher\":{\"@id\":\"https:\/\/v3.atv-parts.hu\/#organization\"},\"potentialAction\":[{\"@type\":\"SearchAction\",\"target\":{\"@type\":\"EntryPoint\",\"urlTemplate\":\"https:\/\/v3.atv-parts.hu\/?s={search_term_string}\"},\"query-input\":\"required name=search_term_string\"}],\"inLanguage\":\"hu\"},{\"@type\":\"Organization\",\"@id\":\"https:\/\/v3.atv-parts.hu\/#organization\",\"name\":\"V3 ATV-PARTS.HU\",\"url\":\"https:\/\/v3.atv-parts.hu\/\",\"logo\":{\"@type\":\"ImageObject\",\"inLanguage\":\"hu\",\"@id\":\"https:\/\/v3.atv-parts.hu\/#\/schema\/logo\/image\/\",\"url\":\"https:\/\/v3.atv-parts.hu\/wp-content\/uploads\/2021\/02\/cropped-cropped-atvlogo-1-1-1.png\",\"contentUrl\":\"https:\/\/v3.atv-parts.hu\/wp-content\/uploads\/2021\/02\/cropped-cropped-atvlogo-1-1-1.png\",\"width\":267,\"height\":160,\"caption\":\"V3 ATV-PARTS.HU\"},\"image\":{\"@id\":\"https:\/\/v3.atv-parts.hu\/#\/schema\/logo\/image\/\"},\"sameAs\":[\"https:\/\/www.facebook.com\/atvpartsHU\"]}]}<\/script>\n<meta property=\"product:price:amount\" content=\"17781.27\" \/>\n<meta property=\"product:price:currency\" content=\"HUF\" \/>\n<meta property=\"og:availability\" content=\"instock\" \/>\n<meta property=\"product:availability\" content=\"instock\" \/>\n<meta property=\"product:retailer_item_id\" content=\"51-1050\" \/>\n<meta property=\"product:condition\" content=\"new\" \/>\n<!-- \/ Yoast SEO Premium plugin. -->","yoast_head_json":{"title":"ALL BALLS POLARIS SPORTSMAN,SCRAMBLER KORM\u00c1NYV\u00c9G (GOMB) 550 '10 -'14, XP 850 '10 -'14 - V3 ATV-PARTS.HU","robots":{"index":"index","follow":"follow","max-snippet":"max-snippet:-1","max-image-preview":"max-image-preview:large","max-video-preview":"max-video-preview:-1"},"canonical":"https:\/\/v3.atv-parts.hu\/index.php\/termek\/all-balls-polaris-sportsmanscrambler-kormanyveg-gomb-550-10-14-xp-850-10-14\/","og_locale":"hu_HU","og_type":"article","og_title":"ALL BALLS POLARIS SPORTSMAN,SCRAMBLER KORM\u00c1NYV\u00c9G (GOMB) 550 '10 -'14, XP 850 '10 -'14","og_description":"ALL BALLS POLARIS SPORTSMAN KORM\u00c1NYV\u00c9G (GOMB) 550 '10 -'14, XP 850 '10 -'14","og_url":"https:\/\/v3.atv-parts.hu\/index.php\/termek\/all-balls-polaris-sportsmanscrambler-kormanyveg-gomb-550-10-14-xp-850-10-14\/","og_site_name":"V3 ATV-PARTS.HU","article_publisher":"https:\/\/www.facebook.com\/atvpartsHU","article_modified_time":"2024-12-08T07:02:48+00:00","og_image":[{"width":432,"height":432,"url":"https:\/\/v3.atv-parts.hu\/wp-content\/uploads\/2024\/03\/all-balls-koncowki-galki-drazka-kierowniczego-po.jpg","type":"image\/jpeg"}],"twitter_card":"summary_large_image","twitter_misc":{"\u00c1r":"17781,27&nbsp;&#70;&#116; \u00c1F\u00c1-val","El\u00e9rhet\u0151s\u00e9g":"K\u00e9szleten"},"schema":{"@context":"https:\/\/schema.org","@graph":[{"@type":"WebPage","@id":"https:\/\/v3.atv-parts.hu\/index.php\/termek\/all-balls-polaris-sportsmanscrambler-kormanyveg-gomb-550-10-14-xp-850-10-14\/","url":"https:\/\/v3.atv-parts.hu\/index.php\/termek\/all-balls-polaris-sportsmanscrambler-kormanyveg-gomb-550-10-14-xp-850-10-14\/","name":"ALL BALLS POLARIS SPORTSMAN,SCRAMBLER KORM\u00c1NYV\u00c9G (GOMB) 550 '10 -'14, XP 850 '10 -'14 - V3 ATV-PARTS.HU","isPartOf":{"@id":"https:\/\/v3.atv-parts.hu\/#website"},"primaryImageOfPage":{"@id":"https:\/\/v3.atv-parts.hu\/index.php\/termek\/all-balls-polaris-sportsmanscrambler-kormanyveg-gomb-550-10-14-xp-850-10-14\/#primaryimage"},"image":{"@id":"https:\/\/v3.atv-parts.hu\/index.php\/termek\/all-balls-polaris-sportsmanscrambler-kormanyveg-gomb-550-10-14-xp-850-10-14\/#primaryimage"},"thumbnailUrl":"https:\/\/v3.atv-parts.hu\/wp-content\/uploads\/2024\/03\/all-balls-koncowki-galki-drazka-kierowniczego-po.jpg","datePublished":"2024-03-26T16:14:16+00:00","dateModified":"2024-12-08T07:02:48+00:00","breadcrumb":{"@id":"https:\/\/v3.atv-parts.hu\/index.php\/termek\/all-balls-polaris-sportsmanscrambler-kormanyveg-gomb-550-10-14-xp-850-10-14\/#breadcrumb"},"inLanguage":"hu","potentialAction":[{"@type":"ReadAction","target":["https:\/\/v3.atv-parts.hu\/index.php\/termek\/all-balls-polaris-sportsmanscrambler-kormanyveg-gomb-550-10-14-xp-850-10-14\/"]}]},{"@type":"ImageObject","inLanguage":"hu","@id":"https:\/\/v3.atv-parts.hu\/index.php\/termek\/all-balls-polaris-sportsmanscrambler-kormanyveg-gomb-550-10-14-xp-850-10-14\/#primaryimage","url":"https:\/\/v3.atv-parts.hu\/wp-content\/uploads\/2024\/03\/all-balls-koncowki-galki-drazka-kierowniczego-po.jpg","contentUrl":"https:\/\/v3.atv-parts.hu\/wp-content\/uploads\/2024\/03\/all-balls-koncowki-galki-drazka-kierowniczego-po.jpg","width":432,"height":432},{"@type":"BreadcrumbList","@id":"https:\/\/v3.atv-parts.hu\/index.php\/termek\/all-balls-polaris-sportsmanscrambler-kormanyveg-gomb-550-10-14-xp-850-10-14\/#breadcrumb","itemListElement":[{"@type":"ListItem","position":1,"name":"Kezd\u0151lap","item":"https:\/\/v3.atv-parts.hu\/"},{"@type":"ListItem","position":2,"name":"Bolt","item":"https:\/\/v3.atv-parts.hu\/index.php\/bolt\/"},{"@type":"ListItem","position":3,"name":"ALL BALLS POLARIS SPORTSMAN,SCRAMBLER KORM\u00c1NYV\u00c9G (GOMB) 550 &#8217;10 -&#8217;14, XP 850 &#8217;10 -&#8217;14"}]},{"@type":"WebSite","@id":"https:\/\/v3.atv-parts.hu\/#website","url":"https:\/\/v3.atv-parts.hu\/","name":"V3 ATV-PARTS.HU","description":"","publisher":{"@id":"https:\/\/v3.atv-parts.hu\/#organization"},"potentialAction":[{"@type":"SearchAction","target":{"@type":"EntryPoint","urlTemplate":"https:\/\/v3.atv-parts.hu\/?s={search_term_string}"},"query-input":"required name=search_term_string"}],"inLanguage":"hu"},{"@type":"Organization","@id":"https:\/\/v3.atv-parts.hu\/#organization","name":"V3 ATV-PARTS.HU","url":"https:\/\/v3.atv-parts.hu\/","logo":{"@type":"ImageObject","inLanguage":"hu","@id":"https:\/\/v3.atv-parts.hu\/#\/schema\/logo\/image\/","url":"https:\/\/v3.atv-parts.hu\/wp-content\/uploads\/2021\/02\/cropped-cropped-atvlogo-1-1-1.png","contentUrl":"https:\/\/v3.atv-parts.hu\/wp-content\/uploads\/2021\/02\/cropped-cropped-atvlogo-1-1-1.png","width":267,"height":160,"caption":"V3 ATV-PARTS.HU"},"image":{"@id":"https:\/\/v3.atv-parts.hu\/#\/schema\/logo\/image\/"},"sameAs":["https:\/\/www.facebook.com\/atvpartsHU"]}]},"product_price_amount":"17781.27","product_price_currency":"HUF","og_availability":"instock","product_availability":"instock","product_retailer_item_id":"51-1050","product_condition":"new"},"_links":{"self":[{"href":"https:\/\/v3.atv-parts.hu\/index.php\/wp-json\/wp\/v2\/product\/13097","targetHints":{"allow":["GET"]}}],"collection":[{"href":"https:\/\/v3.atv-parts.hu\/index.php\/wp-json\/wp\/v2\/product"}],"about":[{"href":"https:\/\/v3.atv-parts.hu\/index.php\/wp-json\/wp\/v2\/types\/product"}],"replies":[{"embeddable":true,"href":"https:\/\/v3.atv-parts.hu\/index.php\/wp-json\/wp\/v2\/comments?post=13097"}],"wp:featuredmedia":[{"embeddable":true,"href":"https:\/\/v3.atv-parts.hu\/index.php\/wp-json\/wp\/v2\/media\/13073"}],"wp:attachment":[{"href":"https:\/\/v3.atv-parts.hu\/index.php\/wp-json\/wp\/v2\/media?parent=13097"}],"wp:term":[{"taxonomy":"product_cat","embeddable":true,"href":"https:\/\/v3.atv-parts.hu\/index.php\/wp-json\/wp\/v2\/product_cat?post=13097"},{"taxonomy":"product_tag","embeddable":true,"href":"https:\/\/v3.atv-parts.hu\/index.php\/wp-json\/wp\/v2\/product_tag?post=13097"}],"curies":[{"name":"wp","href":"https:\/\/api.w.org\/{rel}","templated":true}]}}