{"id":141720,"date":"2024-12-12T01:52:03","date_gmt":"2024-12-12T00:52:03","guid":{"rendered":"https:\/\/v3.atv-parts.hu\/index.php\/termek\/ufo-muanyag-keszlet-suzuki-rmz-250-10-18-oem-10-sarga-fekete-su411e999\/"},"modified":"2025-03-19T08:03:58","modified_gmt":"2025-03-19T07:03:58","slug":"ufo-muanyag-keszlet-suzuki-rmz-250-10-18-oem-10-sarga-fekete-su411e999","status":"publish","type":"product","link":"https:\/\/v3.atv-parts.hu\/index.php\/termek\/ufo-muanyag-keszlet-suzuki-rmz-250-10-18-oem-10-sarga-fekete-su411e999\/","title":{"rendered":"UFO M\u0170ANYAG K\u00c9SZLET SUZUKI RMZ 250 &#8217;10-18 OEM &#8217;10 (S\u00c1RGA\/FEKETE) (SU411E999)"},"content":{"rendered":"<p>UFO M\u0170ANYAG K\u00c9SZLET SUZUKI RMZ 250 &#8217;10-18 OEM &#8217;10 (S\u00c1RGA\/FEKETE) (SU411E999)<\/p>\n<p>EAN: 8052135085959<\/p>\n","protected":false},"excerpt":{"rendered":"<p>UFO M\u0170ANYAG K\u00c9SZLET SUZUKI RMZ 250 &#8217;10-18 OEM &#8217;10 (S\u00c1RGA\/FEKETE) (SU411E999)<\/p>\n","protected":false},"featured_media":141721,"comment_status":"closed","ping_status":"open","template":"","meta":{"_monsterinsights_skip_tracking":false,"_monsterinsights_sitenote_active":false,"_monsterinsights_sitenote_note":"","_monsterinsights_sitenote_category":0},"product_cat":[1365],"product_tag":[],"class_list":{"0":"post-141720","1":"product","2":"type-product","3":"status-publish","4":"has-post-thumbnail","6":"product_cat-ujdonsagok","8":"first","9":"instock","10":"taxable","11":"shipping-taxable","12":"purchasable","13":"product-type-simple"},"yoast_head":"<!-- This site is optimized with the Yoast SEO Premium plugin v22.6 (Yoast SEO v22.6) - https:\/\/yoast.com\/wordpress\/plugins\/seo\/ -->\n<title>UFO M\u0170ANYAG K\u00c9SZLET SUZUKI RMZ 250 &#039;10-18 OEM &#039;10 (S\u00c1RGA\/FEKETE) (SU411E999) - V3 ATV-PARTS.HU<\/title>\n<meta name=\"robots\" content=\"index, follow, max-snippet:-1, max-image-preview:large, max-video-preview:-1\" \/>\n<link rel=\"canonical\" href=\"https:\/\/v3.atv-parts.hu\/index.php\/termek\/ufo-muanyag-keszlet-suzuki-rmz-250-10-18-oem-10-sarga-fekete-su411e999\/\" \/>\n<meta property=\"og:locale\" content=\"hu_HU\" \/>\n<meta property=\"og:type\" content=\"article\" \/>\n<meta property=\"og:title\" content=\"UFO M\u0170ANYAG K\u00c9SZLET SUZUKI RMZ 250 &#039;10-18 OEM &#039;10 (S\u00c1RGA\/FEKETE) (SU411E999)\" \/>\n<meta property=\"og:description\" content=\"UFO M\u0170ANYAG K\u00c9SZLET SUZUKI RMZ 250 &#039;10-18 OEM &#039;10 (S\u00c1RGA\/FEKETE) (SU411E999)\" \/>\n<meta property=\"og:url\" content=\"https:\/\/v3.atv-parts.hu\/index.php\/termek\/ufo-muanyag-keszlet-suzuki-rmz-250-10-18-oem-10-sarga-fekete-su411e999\/\" \/>\n<meta property=\"og:site_name\" content=\"V3 ATV-PARTS.HU\" \/>\n<meta property=\"article:publisher\" content=\"https:\/\/www.facebook.com\/atvpartsHU\" \/>\n<meta property=\"article:modified_time\" content=\"2025-03-19T07:03:58+00:00\" \/>\n<meta property=\"og:image\" content=\"https:\/\/v3.atv-parts.hu\/wp-content\/uploads\/2024\/12\/ufo-komplet-plastikow-suzuki-rmz-250-10-18-kolor.jpg\" \/>\n\t<meta property=\"og:image:width\" content=\"1200\" \/>\n\t<meta property=\"og:image:height\" content=\"1200\" \/>\n\t<meta property=\"og:image:type\" content=\"image\/jpeg\" \/>\n<meta name=\"twitter:card\" content=\"summary_large_image\" \/>\n<meta name=\"twitter:label1\" content=\"\u00c1r\" \/>\n\t<meta name=\"twitter:data1\" content=\"43529,25&nbsp;&#70;&#116; \u00c1F\u00c1-val\" \/>\n\t<meta name=\"twitter:label2\" content=\"El\u00e9rhet\u0151s\u00e9g\" \/>\n\t<meta name=\"twitter:data2\" content=\"K\u00e9szleten\" \/>\n<script type=\"application\/ld+json\" class=\"yoast-schema-graph\">{\"@context\":\"https:\/\/schema.org\",\"@graph\":[{\"@type\":\"WebPage\",\"@id\":\"https:\/\/v3.atv-parts.hu\/index.php\/termek\/ufo-muanyag-keszlet-suzuki-rmz-250-10-18-oem-10-sarga-fekete-su411e999\/\",\"url\":\"https:\/\/v3.atv-parts.hu\/index.php\/termek\/ufo-muanyag-keszlet-suzuki-rmz-250-10-18-oem-10-sarga-fekete-su411e999\/\",\"name\":\"UFO M\u0170ANYAG K\u00c9SZLET SUZUKI RMZ 250 '10-18 OEM '10 (S\u00c1RGA\/FEKETE) (SU411E999) - V3 ATV-PARTS.HU\",\"isPartOf\":{\"@id\":\"https:\/\/v3.atv-parts.hu\/#website\"},\"primaryImageOfPage\":{\"@id\":\"https:\/\/v3.atv-parts.hu\/index.php\/termek\/ufo-muanyag-keszlet-suzuki-rmz-250-10-18-oem-10-sarga-fekete-su411e999\/#primaryimage\"},\"image\":{\"@id\":\"https:\/\/v3.atv-parts.hu\/index.php\/termek\/ufo-muanyag-keszlet-suzuki-rmz-250-10-18-oem-10-sarga-fekete-su411e999\/#primaryimage\"},\"thumbnailUrl\":\"https:\/\/v3.atv-parts.hu\/wp-content\/uploads\/2024\/12\/ufo-komplet-plastikow-suzuki-rmz-250-10-18-kolor.jpg\",\"datePublished\":\"2024-12-12T00:52:03+00:00\",\"dateModified\":\"2025-03-19T07:03:58+00:00\",\"breadcrumb\":{\"@id\":\"https:\/\/v3.atv-parts.hu\/index.php\/termek\/ufo-muanyag-keszlet-suzuki-rmz-250-10-18-oem-10-sarga-fekete-su411e999\/#breadcrumb\"},\"inLanguage\":\"hu\",\"potentialAction\":[{\"@type\":\"ReadAction\",\"target\":[\"https:\/\/v3.atv-parts.hu\/index.php\/termek\/ufo-muanyag-keszlet-suzuki-rmz-250-10-18-oem-10-sarga-fekete-su411e999\/\"]}]},{\"@type\":\"ImageObject\",\"inLanguage\":\"hu\",\"@id\":\"https:\/\/v3.atv-parts.hu\/index.php\/termek\/ufo-muanyag-keszlet-suzuki-rmz-250-10-18-oem-10-sarga-fekete-su411e999\/#primaryimage\",\"url\":\"https:\/\/v3.atv-parts.hu\/wp-content\/uploads\/2024\/12\/ufo-komplet-plastikow-suzuki-rmz-250-10-18-kolor.jpg\",\"contentUrl\":\"https:\/\/v3.atv-parts.hu\/wp-content\/uploads\/2024\/12\/ufo-komplet-plastikow-suzuki-rmz-250-10-18-kolor.jpg\",\"width\":1200,\"height\":1200},{\"@type\":\"BreadcrumbList\",\"@id\":\"https:\/\/v3.atv-parts.hu\/index.php\/termek\/ufo-muanyag-keszlet-suzuki-rmz-250-10-18-oem-10-sarga-fekete-su411e999\/#breadcrumb\",\"itemListElement\":[{\"@type\":\"ListItem\",\"position\":1,\"name\":\"Kezd\u0151lap\",\"item\":\"https:\/\/v3.atv-parts.hu\/\"},{\"@type\":\"ListItem\",\"position\":2,\"name\":\"Bolt\",\"item\":\"https:\/\/v3.atv-parts.hu\/index.php\/bolt\/\"},{\"@type\":\"ListItem\",\"position\":3,\"name\":\"UFO M\u0170ANYAG K\u00c9SZLET SUZUKI RMZ 250 &#8217;10-18 OEM &#8217;10 (S\u00c1RGA\/FEKETE) (SU411E999)\"}]},{\"@type\":\"WebSite\",\"@id\":\"https:\/\/v3.atv-parts.hu\/#website\",\"url\":\"https:\/\/v3.atv-parts.hu\/\",\"name\":\"V3 ATV-PARTS.HU\",\"description\":\"\",\"publisher\":{\"@id\":\"https:\/\/v3.atv-parts.hu\/#organization\"},\"potentialAction\":[{\"@type\":\"SearchAction\",\"target\":{\"@type\":\"EntryPoint\",\"urlTemplate\":\"https:\/\/v3.atv-parts.hu\/?s={search_term_string}\"},\"query-input\":\"required name=search_term_string\"}],\"inLanguage\":\"hu\"},{\"@type\":\"Organization\",\"@id\":\"https:\/\/v3.atv-parts.hu\/#organization\",\"name\":\"V3 ATV-PARTS.HU\",\"url\":\"https:\/\/v3.atv-parts.hu\/\",\"logo\":{\"@type\":\"ImageObject\",\"inLanguage\":\"hu\",\"@id\":\"https:\/\/v3.atv-parts.hu\/#\/schema\/logo\/image\/\",\"url\":\"https:\/\/v3.atv-parts.hu\/wp-content\/uploads\/2021\/02\/cropped-cropped-atvlogo-1-1-1.png\",\"contentUrl\":\"https:\/\/v3.atv-parts.hu\/wp-content\/uploads\/2021\/02\/cropped-cropped-atvlogo-1-1-1.png\",\"width\":267,\"height\":160,\"caption\":\"V3 ATV-PARTS.HU\"},\"image\":{\"@id\":\"https:\/\/v3.atv-parts.hu\/#\/schema\/logo\/image\/\"},\"sameAs\":[\"https:\/\/www.facebook.com\/atvpartsHU\"]}]}<\/script>\n<meta property=\"product:price:amount\" content=\"43529.25\" \/>\n<meta property=\"product:price:currency\" content=\"HUF\" \/>\n<meta property=\"og:availability\" content=\"instock\" \/>\n<meta property=\"product:availability\" content=\"instock\" \/>\n<meta property=\"product:retailer_item_id\" content=\"SUKIT411999\" \/>\n<meta property=\"product:condition\" content=\"new\" \/>\n<!-- \/ Yoast SEO Premium plugin. -->","yoast_head_json":{"title":"UFO M\u0170ANYAG K\u00c9SZLET SUZUKI RMZ 250 '10-18 OEM '10 (S\u00c1RGA\/FEKETE) (SU411E999) - V3 ATV-PARTS.HU","robots":{"index":"index","follow":"follow","max-snippet":"max-snippet:-1","max-image-preview":"max-image-preview:large","max-video-preview":"max-video-preview:-1"},"canonical":"https:\/\/v3.atv-parts.hu\/index.php\/termek\/ufo-muanyag-keszlet-suzuki-rmz-250-10-18-oem-10-sarga-fekete-su411e999\/","og_locale":"hu_HU","og_type":"article","og_title":"UFO M\u0170ANYAG K\u00c9SZLET SUZUKI RMZ 250 '10-18 OEM '10 (S\u00c1RGA\/FEKETE) (SU411E999)","og_description":"UFO M\u0170ANYAG K\u00c9SZLET SUZUKI RMZ 250 '10-18 OEM '10 (S\u00c1RGA\/FEKETE) (SU411E999)","og_url":"https:\/\/v3.atv-parts.hu\/index.php\/termek\/ufo-muanyag-keszlet-suzuki-rmz-250-10-18-oem-10-sarga-fekete-su411e999\/","og_site_name":"V3 ATV-PARTS.HU","article_publisher":"https:\/\/www.facebook.com\/atvpartsHU","article_modified_time":"2025-03-19T07:03:58+00:00","og_image":[{"width":1200,"height":1200,"url":"https:\/\/v3.atv-parts.hu\/wp-content\/uploads\/2024\/12\/ufo-komplet-plastikow-suzuki-rmz-250-10-18-kolor.jpg","type":"image\/jpeg"}],"twitter_card":"summary_large_image","twitter_misc":{"\u00c1r":"43529,25&nbsp;&#70;&#116; \u00c1F\u00c1-val","El\u00e9rhet\u0151s\u00e9g":"K\u00e9szleten"},"schema":{"@context":"https:\/\/schema.org","@graph":[{"@type":"WebPage","@id":"https:\/\/v3.atv-parts.hu\/index.php\/termek\/ufo-muanyag-keszlet-suzuki-rmz-250-10-18-oem-10-sarga-fekete-su411e999\/","url":"https:\/\/v3.atv-parts.hu\/index.php\/termek\/ufo-muanyag-keszlet-suzuki-rmz-250-10-18-oem-10-sarga-fekete-su411e999\/","name":"UFO M\u0170ANYAG K\u00c9SZLET SUZUKI RMZ 250 '10-18 OEM '10 (S\u00c1RGA\/FEKETE) (SU411E999) - V3 ATV-PARTS.HU","isPartOf":{"@id":"https:\/\/v3.atv-parts.hu\/#website"},"primaryImageOfPage":{"@id":"https:\/\/v3.atv-parts.hu\/index.php\/termek\/ufo-muanyag-keszlet-suzuki-rmz-250-10-18-oem-10-sarga-fekete-su411e999\/#primaryimage"},"image":{"@id":"https:\/\/v3.atv-parts.hu\/index.php\/termek\/ufo-muanyag-keszlet-suzuki-rmz-250-10-18-oem-10-sarga-fekete-su411e999\/#primaryimage"},"thumbnailUrl":"https:\/\/v3.atv-parts.hu\/wp-content\/uploads\/2024\/12\/ufo-komplet-plastikow-suzuki-rmz-250-10-18-kolor.jpg","datePublished":"2024-12-12T00:52:03+00:00","dateModified":"2025-03-19T07:03:58+00:00","breadcrumb":{"@id":"https:\/\/v3.atv-parts.hu\/index.php\/termek\/ufo-muanyag-keszlet-suzuki-rmz-250-10-18-oem-10-sarga-fekete-su411e999\/#breadcrumb"},"inLanguage":"hu","potentialAction":[{"@type":"ReadAction","target":["https:\/\/v3.atv-parts.hu\/index.php\/termek\/ufo-muanyag-keszlet-suzuki-rmz-250-10-18-oem-10-sarga-fekete-su411e999\/"]}]},{"@type":"ImageObject","inLanguage":"hu","@id":"https:\/\/v3.atv-parts.hu\/index.php\/termek\/ufo-muanyag-keszlet-suzuki-rmz-250-10-18-oem-10-sarga-fekete-su411e999\/#primaryimage","url":"https:\/\/v3.atv-parts.hu\/wp-content\/uploads\/2024\/12\/ufo-komplet-plastikow-suzuki-rmz-250-10-18-kolor.jpg","contentUrl":"https:\/\/v3.atv-parts.hu\/wp-content\/uploads\/2024\/12\/ufo-komplet-plastikow-suzuki-rmz-250-10-18-kolor.jpg","width":1200,"height":1200},{"@type":"BreadcrumbList","@id":"https:\/\/v3.atv-parts.hu\/index.php\/termek\/ufo-muanyag-keszlet-suzuki-rmz-250-10-18-oem-10-sarga-fekete-su411e999\/#breadcrumb","itemListElement":[{"@type":"ListItem","position":1,"name":"Kezd\u0151lap","item":"https:\/\/v3.atv-parts.hu\/"},{"@type":"ListItem","position":2,"name":"Bolt","item":"https:\/\/v3.atv-parts.hu\/index.php\/bolt\/"},{"@type":"ListItem","position":3,"name":"UFO M\u0170ANYAG K\u00c9SZLET SUZUKI RMZ 250 &#8217;10-18 OEM &#8217;10 (S\u00c1RGA\/FEKETE) (SU411E999)"}]},{"@type":"WebSite","@id":"https:\/\/v3.atv-parts.hu\/#website","url":"https:\/\/v3.atv-parts.hu\/","name":"V3 ATV-PARTS.HU","description":"","publisher":{"@id":"https:\/\/v3.atv-parts.hu\/#organization"},"potentialAction":[{"@type":"SearchAction","target":{"@type":"EntryPoint","urlTemplate":"https:\/\/v3.atv-parts.hu\/?s={search_term_string}"},"query-input":"required name=search_term_string"}],"inLanguage":"hu"},{"@type":"Organization","@id":"https:\/\/v3.atv-parts.hu\/#organization","name":"V3 ATV-PARTS.HU","url":"https:\/\/v3.atv-parts.hu\/","logo":{"@type":"ImageObject","inLanguage":"hu","@id":"https:\/\/v3.atv-parts.hu\/#\/schema\/logo\/image\/","url":"https:\/\/v3.atv-parts.hu\/wp-content\/uploads\/2021\/02\/cropped-cropped-atvlogo-1-1-1.png","contentUrl":"https:\/\/v3.atv-parts.hu\/wp-content\/uploads\/2021\/02\/cropped-cropped-atvlogo-1-1-1.png","width":267,"height":160,"caption":"V3 ATV-PARTS.HU"},"image":{"@id":"https:\/\/v3.atv-parts.hu\/#\/schema\/logo\/image\/"},"sameAs":["https:\/\/www.facebook.com\/atvpartsHU"]}]},"product_price_amount":"43529.25","product_price_currency":"HUF","og_availability":"instock","product_availability":"instock","product_retailer_item_id":"SUKIT411999","product_condition":"new"},"_links":{"self":[{"href":"https:\/\/v3.atv-parts.hu\/index.php\/wp-json\/wp\/v2\/product\/141720","targetHints":{"allow":["GET"]}}],"collection":[{"href":"https:\/\/v3.atv-parts.hu\/index.php\/wp-json\/wp\/v2\/product"}],"about":[{"href":"https:\/\/v3.atv-parts.hu\/index.php\/wp-json\/wp\/v2\/types\/product"}],"replies":[{"embeddable":true,"href":"https:\/\/v3.atv-parts.hu\/index.php\/wp-json\/wp\/v2\/comments?post=141720"}],"wp:featuredmedia":[{"embeddable":true,"href":"https:\/\/v3.atv-parts.hu\/index.php\/wp-json\/wp\/v2\/media\/141721"}],"wp:attachment":[{"href":"https:\/\/v3.atv-parts.hu\/index.php\/wp-json\/wp\/v2\/media?parent=141720"}],"wp:term":[{"taxonomy":"product_cat","embeddable":true,"href":"https:\/\/v3.atv-parts.hu\/index.php\/wp-json\/wp\/v2\/product_cat?post=141720"},{"taxonomy":"product_tag","embeddable":true,"href":"https:\/\/v3.atv-parts.hu\/index.php\/wp-json\/wp\/v2\/product_tag?post=141720"}],"curies":[{"name":"wp","href":"https:\/\/api.w.org\/{rel}","templated":true}]}}