{"id":14703,"date":"2024-03-26T17:38:56","date_gmt":"2024-03-26T16:38:56","guid":{"rendered":"https:\/\/v3.atv-parts.hu\/index.php\/termek\/berletes-kormany-11-8-huvelykes-286-mm-mx-fatbar-fekete-honda-cr-crf-kawasaki-kx-kxf-fekete-szivakkal\/"},"modified":"2024-08-22T08:01:25","modified_gmt":"2024-08-22T06:01:25","slug":"berletes-kormany-11-8-huvelykes-286-mm-mx-fatbar-fekete-honda-cr-crf-kawasaki-kx-kxf-fekete-szivakkal","status":"publish","type":"product","link":"https:\/\/v3.atv-parts.hu\/index.php\/termek\/berletes-kormany-11-8-huvelykes-286-mm-mx-fatbar-fekete-honda-cr-crf-kawasaki-kx-kxf-fekete-szivakkal\/","title":{"rendered":"B\u00c9RLETES KORM\u00c1NY 1,1 \/ 8 h\u00fcvelykes (28,6 mm) MX FATBAR FEKETE HONDA CR \/ CRF, KAWASAKI KX \/ KXF FEKETE SZIVAKKAL"},"content":{"rendered":"<p>B\u00c9RLETES KORM\u00c1NY 1,1 \/ 8 h\u00fcvelykes (28,6 mm) MX FATBAR FEKETE HONDA CR \/ CRF, KAWASAKI KX \/ KXF FEKETE SZIVAKKAL<\/p>\n<p>EAN: 5026190063040<\/p>\n<p>SKU: 604-01-BK<\/p>\n","protected":false},"excerpt":{"rendered":"<p>B\u00c9RLETES KORM\u00c1NY 1,1 \/ 8 h\u00fcvelykes (28,6 mm) MX FATBAR FEKETE HONDA CR \/ CRF, KAWASAKI KX \/ KXF FEKETE SZIVAKKAL<\/p>\n","protected":false},"featured_media":14704,"comment_status":"closed","ping_status":"open","template":"","meta":{"_monsterinsights_skip_tracking":false,"_monsterinsights_sitenote_active":false,"_monsterinsights_sitenote_note":"","_monsterinsights_sitenote_category":0},"product_cat":[573,572,270,381],"product_tag":[156,157,158,159,176],"class_list":{"0":"post-14703","1":"product","2":"type-product","3":"status-publish","4":"has-post-thumbnail","6":"product_cat-28mm","7":"product_cat-aluminium-kormany","8":"product_cat-karosszeria","9":"product_cat-kormany-es-tartozekok","10":"product_tag-atv","11":"product_tag-cross","12":"product_tag-honda","13":"product_tag-kawasaki","14":"product_tag-kx","15":"pa_marka-renthal","17":"first","18":"instock","19":"taxable","20":"shipping-taxable","21":"purchasable","22":"product-type-simple"},"yoast_head":"<!-- This site is optimized with the Yoast SEO Premium plugin v22.6 (Yoast SEO v22.6) - https:\/\/yoast.com\/wordpress\/plugins\/seo\/ -->\n<title>B\u00c9RLETES KORM\u00c1NY 1,1 \/ 8 h\u00fcvelykes (28,6 mm) MX FATBAR FEKETE HONDA CR \/ CRF, KAWASAKI KX \/ KXF FEKETE SZIVAKKAL - V3 ATV-PARTS.HU<\/title>\n<meta name=\"robots\" content=\"index, follow, max-snippet:-1, max-image-preview:large, max-video-preview:-1\" \/>\n<link rel=\"canonical\" href=\"https:\/\/v3.atv-parts.hu\/index.php\/termek\/berletes-kormany-11-8-huvelykes-286-mm-mx-fatbar-fekete-honda-cr-crf-kawasaki-kx-kxf-fekete-szivakkal\/\" \/>\n<meta property=\"og:locale\" content=\"hu_HU\" \/>\n<meta property=\"og:type\" content=\"article\" \/>\n<meta property=\"og:title\" content=\"B\u00c9RLETES KORM\u00c1NY 1,1 \/ 8 h\u00fcvelykes (28,6 mm) MX FATBAR FEKETE HONDA CR \/ CRF, KAWASAKI KX \/ KXF FEKETE SZIVAKKAL\" \/>\n<meta property=\"og:description\" content=\"B\u00c9RLETES KORM\u00c1NY 1,1 \/ 8 h\u00fcvelykes (28,6 mm) MX FATBAR FEKETE HONDA CR \/ CRF, KAWASAKI KX \/ KXF FEKETE SZIVAKKAL\" \/>\n<meta property=\"og:url\" content=\"https:\/\/v3.atv-parts.hu\/index.php\/termek\/berletes-kormany-11-8-huvelykes-286-mm-mx-fatbar-fekete-honda-cr-crf-kawasaki-kx-kxf-fekete-szivakkal\/\" \/>\n<meta property=\"og:site_name\" content=\"V3 ATV-PARTS.HU\" \/>\n<meta property=\"article:publisher\" content=\"https:\/\/www.facebook.com\/atvpartsHU\" \/>\n<meta property=\"article:modified_time\" content=\"2024-08-22T06:01:25+00:00\" \/>\n<meta property=\"og:image\" content=\"https:\/\/v3.atv-parts.hu\/wp-content\/uploads\/2024\/03\/renthal-promocja-kierownica-1-1-8-cala-28-6mm-mx.jpg\" \/>\n\t<meta property=\"og:image:width\" content=\"1200\" \/>\n\t<meta property=\"og:image:height\" content=\"1200\" \/>\n\t<meta property=\"og:image:type\" content=\"image\/jpeg\" \/>\n<meta name=\"twitter:card\" content=\"summary_large_image\" \/>\n<meta name=\"twitter:label1\" content=\"\u00c1r\" \/>\n\t<meta name=\"twitter:data1\" content=\"50788,57&nbsp;&#70;&#116; \u00c1F\u00c1-val\" \/>\n\t<meta name=\"twitter:label2\" content=\"El\u00e9rhet\u0151s\u00e9g\" \/>\n\t<meta name=\"twitter:data2\" content=\"K\u00e9szleten\" \/>\n<script type=\"application\/ld+json\" class=\"yoast-schema-graph\">{\"@context\":\"https:\/\/schema.org\",\"@graph\":[{\"@type\":\"WebPage\",\"@id\":\"https:\/\/v3.atv-parts.hu\/index.php\/termek\/berletes-kormany-11-8-huvelykes-286-mm-mx-fatbar-fekete-honda-cr-crf-kawasaki-kx-kxf-fekete-szivakkal\/\",\"url\":\"https:\/\/v3.atv-parts.hu\/index.php\/termek\/berletes-kormany-11-8-huvelykes-286-mm-mx-fatbar-fekete-honda-cr-crf-kawasaki-kx-kxf-fekete-szivakkal\/\",\"name\":\"B\u00c9RLETES KORM\u00c1NY 1,1 \/ 8 h\u00fcvelykes (28,6 mm) MX FATBAR FEKETE HONDA CR \/ CRF, KAWASAKI KX \/ KXF FEKETE SZIVAKKAL - V3 ATV-PARTS.HU\",\"isPartOf\":{\"@id\":\"https:\/\/v3.atv-parts.hu\/#website\"},\"primaryImageOfPage\":{\"@id\":\"https:\/\/v3.atv-parts.hu\/index.php\/termek\/berletes-kormany-11-8-huvelykes-286-mm-mx-fatbar-fekete-honda-cr-crf-kawasaki-kx-kxf-fekete-szivakkal\/#primaryimage\"},\"image\":{\"@id\":\"https:\/\/v3.atv-parts.hu\/index.php\/termek\/berletes-kormany-11-8-huvelykes-286-mm-mx-fatbar-fekete-honda-cr-crf-kawasaki-kx-kxf-fekete-szivakkal\/#primaryimage\"},\"thumbnailUrl\":\"https:\/\/v3.atv-parts.hu\/wp-content\/uploads\/2024\/03\/renthal-promocja-kierownica-1-1-8-cala-28-6mm-mx.jpg\",\"datePublished\":\"2024-03-26T16:38:56+00:00\",\"dateModified\":\"2024-08-22T06:01:25+00:00\",\"breadcrumb\":{\"@id\":\"https:\/\/v3.atv-parts.hu\/index.php\/termek\/berletes-kormany-11-8-huvelykes-286-mm-mx-fatbar-fekete-honda-cr-crf-kawasaki-kx-kxf-fekete-szivakkal\/#breadcrumb\"},\"inLanguage\":\"hu\",\"potentialAction\":[{\"@type\":\"ReadAction\",\"target\":[\"https:\/\/v3.atv-parts.hu\/index.php\/termek\/berletes-kormany-11-8-huvelykes-286-mm-mx-fatbar-fekete-honda-cr-crf-kawasaki-kx-kxf-fekete-szivakkal\/\"]}]},{\"@type\":\"ImageObject\",\"inLanguage\":\"hu\",\"@id\":\"https:\/\/v3.atv-parts.hu\/index.php\/termek\/berletes-kormany-11-8-huvelykes-286-mm-mx-fatbar-fekete-honda-cr-crf-kawasaki-kx-kxf-fekete-szivakkal\/#primaryimage\",\"url\":\"https:\/\/v3.atv-parts.hu\/wp-content\/uploads\/2024\/03\/renthal-promocja-kierownica-1-1-8-cala-28-6mm-mx.jpg\",\"contentUrl\":\"https:\/\/v3.atv-parts.hu\/wp-content\/uploads\/2024\/03\/renthal-promocja-kierownica-1-1-8-cala-28-6mm-mx.jpg\",\"width\":1200,\"height\":1200},{\"@type\":\"BreadcrumbList\",\"@id\":\"https:\/\/v3.atv-parts.hu\/index.php\/termek\/berletes-kormany-11-8-huvelykes-286-mm-mx-fatbar-fekete-honda-cr-crf-kawasaki-kx-kxf-fekete-szivakkal\/#breadcrumb\",\"itemListElement\":[{\"@type\":\"ListItem\",\"position\":1,\"name\":\"Kezd\u0151lap\",\"item\":\"https:\/\/v3.atv-parts.hu\/\"},{\"@type\":\"ListItem\",\"position\":2,\"name\":\"Bolt\",\"item\":\"https:\/\/v3.atv-parts.hu\/index.php\/bolt\/\"},{\"@type\":\"ListItem\",\"position\":3,\"name\":\"B\u00c9RLETES KORM\u00c1NY 1,1 \/ 8 h\u00fcvelykes (28,6 mm) MX FATBAR FEKETE HONDA CR \/ CRF, KAWASAKI KX \/ KXF FEKETE SZIVAKKAL\"}]},{\"@type\":\"WebSite\",\"@id\":\"https:\/\/v3.atv-parts.hu\/#website\",\"url\":\"https:\/\/v3.atv-parts.hu\/\",\"name\":\"V3 ATV-PARTS.HU\",\"description\":\"\",\"publisher\":{\"@id\":\"https:\/\/v3.atv-parts.hu\/#organization\"},\"potentialAction\":[{\"@type\":\"SearchAction\",\"target\":{\"@type\":\"EntryPoint\",\"urlTemplate\":\"https:\/\/v3.atv-parts.hu\/?s={search_term_string}\"},\"query-input\":\"required name=search_term_string\"}],\"inLanguage\":\"hu\"},{\"@type\":\"Organization\",\"@id\":\"https:\/\/v3.atv-parts.hu\/#organization\",\"name\":\"V3 ATV-PARTS.HU\",\"url\":\"https:\/\/v3.atv-parts.hu\/\",\"logo\":{\"@type\":\"ImageObject\",\"inLanguage\":\"hu\",\"@id\":\"https:\/\/v3.atv-parts.hu\/#\/schema\/logo\/image\/\",\"url\":\"https:\/\/v3.atv-parts.hu\/wp-content\/uploads\/2021\/02\/cropped-cropped-atvlogo-1-1-1.png\",\"contentUrl\":\"https:\/\/v3.atv-parts.hu\/wp-content\/uploads\/2021\/02\/cropped-cropped-atvlogo-1-1-1.png\",\"width\":267,\"height\":160,\"caption\":\"V3 ATV-PARTS.HU\"},\"image\":{\"@id\":\"https:\/\/v3.atv-parts.hu\/#\/schema\/logo\/image\/\"},\"sameAs\":[\"https:\/\/www.facebook.com\/atvpartsHU\"]}]}<\/script>\n<meta property=\"product:price:amount\" content=\"50788.57\" \/>\n<meta property=\"product:price:currency\" content=\"HUF\" \/>\n<meta property=\"og:availability\" content=\"instock\" \/>\n<meta property=\"product:availability\" content=\"instock\" \/>\n<meta property=\"product:retailer_item_id\" content=\"604-01-BK\" \/>\n<meta property=\"product:condition\" content=\"new\" \/>\n<!-- \/ Yoast SEO Premium plugin. -->","yoast_head_json":{"title":"B\u00c9RLETES KORM\u00c1NY 1,1 \/ 8 h\u00fcvelykes (28,6 mm) MX FATBAR FEKETE HONDA CR \/ CRF, KAWASAKI KX \/ KXF FEKETE SZIVAKKAL - V3 ATV-PARTS.HU","robots":{"index":"index","follow":"follow","max-snippet":"max-snippet:-1","max-image-preview":"max-image-preview:large","max-video-preview":"max-video-preview:-1"},"canonical":"https:\/\/v3.atv-parts.hu\/index.php\/termek\/berletes-kormany-11-8-huvelykes-286-mm-mx-fatbar-fekete-honda-cr-crf-kawasaki-kx-kxf-fekete-szivakkal\/","og_locale":"hu_HU","og_type":"article","og_title":"B\u00c9RLETES KORM\u00c1NY 1,1 \/ 8 h\u00fcvelykes (28,6 mm) MX FATBAR FEKETE HONDA CR \/ CRF, KAWASAKI KX \/ KXF FEKETE SZIVAKKAL","og_description":"B\u00c9RLETES KORM\u00c1NY 1,1 \/ 8 h\u00fcvelykes (28,6 mm) MX FATBAR FEKETE HONDA CR \/ CRF, KAWASAKI KX \/ KXF FEKETE SZIVAKKAL","og_url":"https:\/\/v3.atv-parts.hu\/index.php\/termek\/berletes-kormany-11-8-huvelykes-286-mm-mx-fatbar-fekete-honda-cr-crf-kawasaki-kx-kxf-fekete-szivakkal\/","og_site_name":"V3 ATV-PARTS.HU","article_publisher":"https:\/\/www.facebook.com\/atvpartsHU","article_modified_time":"2024-08-22T06:01:25+00:00","og_image":[{"width":1200,"height":1200,"url":"https:\/\/v3.atv-parts.hu\/wp-content\/uploads\/2024\/03\/renthal-promocja-kierownica-1-1-8-cala-28-6mm-mx.jpg","type":"image\/jpeg"}],"twitter_card":"summary_large_image","twitter_misc":{"\u00c1r":"50788,57&nbsp;&#70;&#116; \u00c1F\u00c1-val","El\u00e9rhet\u0151s\u00e9g":"K\u00e9szleten"},"schema":{"@context":"https:\/\/schema.org","@graph":[{"@type":"WebPage","@id":"https:\/\/v3.atv-parts.hu\/index.php\/termek\/berletes-kormany-11-8-huvelykes-286-mm-mx-fatbar-fekete-honda-cr-crf-kawasaki-kx-kxf-fekete-szivakkal\/","url":"https:\/\/v3.atv-parts.hu\/index.php\/termek\/berletes-kormany-11-8-huvelykes-286-mm-mx-fatbar-fekete-honda-cr-crf-kawasaki-kx-kxf-fekete-szivakkal\/","name":"B\u00c9RLETES KORM\u00c1NY 1,1 \/ 8 h\u00fcvelykes (28,6 mm) MX FATBAR FEKETE HONDA CR \/ CRF, KAWASAKI KX \/ KXF FEKETE SZIVAKKAL - V3 ATV-PARTS.HU","isPartOf":{"@id":"https:\/\/v3.atv-parts.hu\/#website"},"primaryImageOfPage":{"@id":"https:\/\/v3.atv-parts.hu\/index.php\/termek\/berletes-kormany-11-8-huvelykes-286-mm-mx-fatbar-fekete-honda-cr-crf-kawasaki-kx-kxf-fekete-szivakkal\/#primaryimage"},"image":{"@id":"https:\/\/v3.atv-parts.hu\/index.php\/termek\/berletes-kormany-11-8-huvelykes-286-mm-mx-fatbar-fekete-honda-cr-crf-kawasaki-kx-kxf-fekete-szivakkal\/#primaryimage"},"thumbnailUrl":"https:\/\/v3.atv-parts.hu\/wp-content\/uploads\/2024\/03\/renthal-promocja-kierownica-1-1-8-cala-28-6mm-mx.jpg","datePublished":"2024-03-26T16:38:56+00:00","dateModified":"2024-08-22T06:01:25+00:00","breadcrumb":{"@id":"https:\/\/v3.atv-parts.hu\/index.php\/termek\/berletes-kormany-11-8-huvelykes-286-mm-mx-fatbar-fekete-honda-cr-crf-kawasaki-kx-kxf-fekete-szivakkal\/#breadcrumb"},"inLanguage":"hu","potentialAction":[{"@type":"ReadAction","target":["https:\/\/v3.atv-parts.hu\/index.php\/termek\/berletes-kormany-11-8-huvelykes-286-mm-mx-fatbar-fekete-honda-cr-crf-kawasaki-kx-kxf-fekete-szivakkal\/"]}]},{"@type":"ImageObject","inLanguage":"hu","@id":"https:\/\/v3.atv-parts.hu\/index.php\/termek\/berletes-kormany-11-8-huvelykes-286-mm-mx-fatbar-fekete-honda-cr-crf-kawasaki-kx-kxf-fekete-szivakkal\/#primaryimage","url":"https:\/\/v3.atv-parts.hu\/wp-content\/uploads\/2024\/03\/renthal-promocja-kierownica-1-1-8-cala-28-6mm-mx.jpg","contentUrl":"https:\/\/v3.atv-parts.hu\/wp-content\/uploads\/2024\/03\/renthal-promocja-kierownica-1-1-8-cala-28-6mm-mx.jpg","width":1200,"height":1200},{"@type":"BreadcrumbList","@id":"https:\/\/v3.atv-parts.hu\/index.php\/termek\/berletes-kormany-11-8-huvelykes-286-mm-mx-fatbar-fekete-honda-cr-crf-kawasaki-kx-kxf-fekete-szivakkal\/#breadcrumb","itemListElement":[{"@type":"ListItem","position":1,"name":"Kezd\u0151lap","item":"https:\/\/v3.atv-parts.hu\/"},{"@type":"ListItem","position":2,"name":"Bolt","item":"https:\/\/v3.atv-parts.hu\/index.php\/bolt\/"},{"@type":"ListItem","position":3,"name":"B\u00c9RLETES KORM\u00c1NY 1,1 \/ 8 h\u00fcvelykes (28,6 mm) MX FATBAR FEKETE HONDA CR \/ CRF, KAWASAKI KX \/ KXF FEKETE SZIVAKKAL"}]},{"@type":"WebSite","@id":"https:\/\/v3.atv-parts.hu\/#website","url":"https:\/\/v3.atv-parts.hu\/","name":"V3 ATV-PARTS.HU","description":"","publisher":{"@id":"https:\/\/v3.atv-parts.hu\/#organization"},"potentialAction":[{"@type":"SearchAction","target":{"@type":"EntryPoint","urlTemplate":"https:\/\/v3.atv-parts.hu\/?s={search_term_string}"},"query-input":"required name=search_term_string"}],"inLanguage":"hu"},{"@type":"Organization","@id":"https:\/\/v3.atv-parts.hu\/#organization","name":"V3 ATV-PARTS.HU","url":"https:\/\/v3.atv-parts.hu\/","logo":{"@type":"ImageObject","inLanguage":"hu","@id":"https:\/\/v3.atv-parts.hu\/#\/schema\/logo\/image\/","url":"https:\/\/v3.atv-parts.hu\/wp-content\/uploads\/2021\/02\/cropped-cropped-atvlogo-1-1-1.png","contentUrl":"https:\/\/v3.atv-parts.hu\/wp-content\/uploads\/2021\/02\/cropped-cropped-atvlogo-1-1-1.png","width":267,"height":160,"caption":"V3 ATV-PARTS.HU"},"image":{"@id":"https:\/\/v3.atv-parts.hu\/#\/schema\/logo\/image\/"},"sameAs":["https:\/\/www.facebook.com\/atvpartsHU"]}]},"product_price_amount":"50788.57","product_price_currency":"HUF","og_availability":"instock","product_availability":"instock","product_retailer_item_id":"604-01-BK","product_condition":"new"},"_links":{"self":[{"href":"https:\/\/v3.atv-parts.hu\/index.php\/wp-json\/wp\/v2\/product\/14703","targetHints":{"allow":["GET"]}}],"collection":[{"href":"https:\/\/v3.atv-parts.hu\/index.php\/wp-json\/wp\/v2\/product"}],"about":[{"href":"https:\/\/v3.atv-parts.hu\/index.php\/wp-json\/wp\/v2\/types\/product"}],"replies":[{"embeddable":true,"href":"https:\/\/v3.atv-parts.hu\/index.php\/wp-json\/wp\/v2\/comments?post=14703"}],"wp:featuredmedia":[{"embeddable":true,"href":"https:\/\/v3.atv-parts.hu\/index.php\/wp-json\/wp\/v2\/media\/14704"}],"wp:attachment":[{"href":"https:\/\/v3.atv-parts.hu\/index.php\/wp-json\/wp\/v2\/media?parent=14703"}],"wp:term":[{"taxonomy":"product_cat","embeddable":true,"href":"https:\/\/v3.atv-parts.hu\/index.php\/wp-json\/wp\/v2\/product_cat?post=14703"},{"taxonomy":"product_tag","embeddable":true,"href":"https:\/\/v3.atv-parts.hu\/index.php\/wp-json\/wp\/v2\/product_tag?post=14703"}],"curies":[{"name":"wp","href":"https:\/\/api.w.org\/{rel}","templated":true}]}}