{"id":185217,"date":"2025-04-26T21:50:44","date_gmt":"2025-04-26T19:50:44","guid":{"rendered":"https:\/\/v3.atv-parts.hu\/index.php\/termek\/kenny-racing-gyerek-junior-gyerek-esokabat-atlatszo-fekete-meret-4-6\/"},"modified":"2025-04-26T21:50:46","modified_gmt":"2025-04-26T19:50:46","slug":"kenny-racing-gyerek-junior-gyerek-esokabat-atlatszo-fekete-meret-4-6","status":"publish","type":"product","link":"https:\/\/v3.atv-parts.hu\/index.php\/termek\/kenny-racing-gyerek-junior-gyerek-esokabat-atlatszo-fekete-meret-4-6\/","title":{"rendered":"KENNY RACING GYEREK \/ JUNIOR \/ GYEREK ES\u0150KAB\u00c1T \u00c1TL\u00c1TSZ\u00d3\/FEKETE M\u00c9RET 4\/6"},"content":{"rendered":"<p>KENNY RACING GYEREK \/ JUNIOR \/ GYEREK ES\u0150KAB\u00c1T \u00c1TL\u00c1TSZ\u00d3\/FEKETE M\u00c9RET 4\/6<\/p>\n<p>EAN: 3661465056413<\/p>\n","protected":false},"excerpt":{"rendered":"<p>KENNY RACING GYEREK \/ JUNIOR \/ GYEREK ES\u0150KAB\u00c1T \u00c1TL\u00c1TSZ\u00d3\/FEKETE M\u00c9RET 4\/6<\/p>\n","protected":false},"featured_media":185218,"comment_status":"closed","ping_status":"open","template":"","meta":{"_monsterinsights_skip_tracking":false,"_monsterinsights_sitenote_active":false,"_monsterinsights_sitenote_note":"","_monsterinsights_sitenote_category":0},"product_cat":[1365],"product_tag":[],"class_list":{"0":"post-185217","1":"product","2":"type-product","3":"status-publish","4":"has-post-thumbnail","6":"product_cat-ujdonsagok","8":"first","9":"instock","10":"taxable","11":"shipping-taxable","12":"purchasable","13":"product-type-simple"},"yoast_head":"<!-- This site is optimized with the Yoast SEO Premium plugin v22.6 (Yoast SEO v22.6) - https:\/\/yoast.com\/wordpress\/plugins\/seo\/ -->\n<title>KENNY RACING GYEREK \/ JUNIOR \/ GYEREK ES\u0150KAB\u00c1T \u00c1TL\u00c1TSZ\u00d3\/FEKETE M\u00c9RET 4\/6 - V3 ATV-PARTS.HU<\/title>\n<meta name=\"robots\" content=\"index, follow, max-snippet:-1, max-image-preview:large, max-video-preview:-1\" \/>\n<link rel=\"canonical\" href=\"https:\/\/v3.atv-parts.hu\/index.php\/termek\/kenny-racing-gyerek-junior-gyerek-esokabat-atlatszo-fekete-meret-4-6\/\" \/>\n<meta property=\"og:locale\" content=\"hu_HU\" \/>\n<meta property=\"og:type\" content=\"article\" \/>\n<meta property=\"og:title\" content=\"KENNY RACING GYEREK \/ JUNIOR \/ GYEREK ES\u0150KAB\u00c1T \u00c1TL\u00c1TSZ\u00d3\/FEKETE M\u00c9RET 4\/6\" \/>\n<meta property=\"og:description\" content=\"KENNY RACING GYEREK \/ JUNIOR \/ GYEREK ES\u0150KAB\u00c1T \u00c1TL\u00c1TSZ\u00d3\/FEKETE M\u00c9RET 4\/6\" \/>\n<meta property=\"og:url\" content=\"https:\/\/v3.atv-parts.hu\/index.php\/termek\/kenny-racing-gyerek-junior-gyerek-esokabat-atlatszo-fekete-meret-4-6\/\" \/>\n<meta property=\"og:site_name\" content=\"V3 ATV-PARTS.HU\" \/>\n<meta property=\"article:publisher\" content=\"https:\/\/www.facebook.com\/atvpartsHU\" \/>\n<meta property=\"article:modified_time\" content=\"2025-04-26T19:50:46+00:00\" \/>\n<meta property=\"og:image\" content=\"https:\/\/v3.atv-parts.hu\/wp-content\/uploads\/2025\/04\/kenny-racing-2025-kurtka-przeciwdeszczowa-kid-ju.jpg\" \/>\n\t<meta property=\"og:image:width\" content=\"1200\" \/>\n\t<meta property=\"og:image:height\" content=\"1200\" \/>\n\t<meta property=\"og:image:type\" content=\"image\/jpeg\" \/>\n<meta name=\"twitter:card\" content=\"summary_large_image\" \/>\n<meta name=\"twitter:label1\" content=\"\u00c1r\" \/>\n\t<meta name=\"twitter:data1\" content=\"13586,46&nbsp;&#70;&#116; \u00c1F\u00c1-val\" \/>\n\t<meta name=\"twitter:label2\" content=\"El\u00e9rhet\u0151s\u00e9g\" \/>\n\t<meta name=\"twitter:data2\" content=\"K\u00e9szleten\" \/>\n<script type=\"application\/ld+json\" class=\"yoast-schema-graph\">{\"@context\":\"https:\/\/schema.org\",\"@graph\":[{\"@type\":\"WebPage\",\"@id\":\"https:\/\/v3.atv-parts.hu\/index.php\/termek\/kenny-racing-gyerek-junior-gyerek-esokabat-atlatszo-fekete-meret-4-6\/\",\"url\":\"https:\/\/v3.atv-parts.hu\/index.php\/termek\/kenny-racing-gyerek-junior-gyerek-esokabat-atlatszo-fekete-meret-4-6\/\",\"name\":\"KENNY RACING GYEREK \/ JUNIOR \/ GYEREK ES\u0150KAB\u00c1T \u00c1TL\u00c1TSZ\u00d3\/FEKETE M\u00c9RET 4\/6 - V3 ATV-PARTS.HU\",\"isPartOf\":{\"@id\":\"https:\/\/v3.atv-parts.hu\/#website\"},\"primaryImageOfPage\":{\"@id\":\"https:\/\/v3.atv-parts.hu\/index.php\/termek\/kenny-racing-gyerek-junior-gyerek-esokabat-atlatszo-fekete-meret-4-6\/#primaryimage\"},\"image\":{\"@id\":\"https:\/\/v3.atv-parts.hu\/index.php\/termek\/kenny-racing-gyerek-junior-gyerek-esokabat-atlatszo-fekete-meret-4-6\/#primaryimage\"},\"thumbnailUrl\":\"https:\/\/v3.atv-parts.hu\/wp-content\/uploads\/2025\/04\/kenny-racing-2025-kurtka-przeciwdeszczowa-kid-ju.jpg\",\"datePublished\":\"2025-04-26T19:50:44+00:00\",\"dateModified\":\"2025-04-26T19:50:46+00:00\",\"breadcrumb\":{\"@id\":\"https:\/\/v3.atv-parts.hu\/index.php\/termek\/kenny-racing-gyerek-junior-gyerek-esokabat-atlatszo-fekete-meret-4-6\/#breadcrumb\"},\"inLanguage\":\"hu\",\"potentialAction\":[{\"@type\":\"ReadAction\",\"target\":[\"https:\/\/v3.atv-parts.hu\/index.php\/termek\/kenny-racing-gyerek-junior-gyerek-esokabat-atlatszo-fekete-meret-4-6\/\"]}]},{\"@type\":\"ImageObject\",\"inLanguage\":\"hu\",\"@id\":\"https:\/\/v3.atv-parts.hu\/index.php\/termek\/kenny-racing-gyerek-junior-gyerek-esokabat-atlatszo-fekete-meret-4-6\/#primaryimage\",\"url\":\"https:\/\/v3.atv-parts.hu\/wp-content\/uploads\/2025\/04\/kenny-racing-2025-kurtka-przeciwdeszczowa-kid-ju.jpg\",\"contentUrl\":\"https:\/\/v3.atv-parts.hu\/wp-content\/uploads\/2025\/04\/kenny-racing-2025-kurtka-przeciwdeszczowa-kid-ju.jpg\",\"width\":1200,\"height\":1200},{\"@type\":\"BreadcrumbList\",\"@id\":\"https:\/\/v3.atv-parts.hu\/index.php\/termek\/kenny-racing-gyerek-junior-gyerek-esokabat-atlatszo-fekete-meret-4-6\/#breadcrumb\",\"itemListElement\":[{\"@type\":\"ListItem\",\"position\":1,\"name\":\"Kezd\u0151lap\",\"item\":\"https:\/\/v3.atv-parts.hu\/\"},{\"@type\":\"ListItem\",\"position\":2,\"name\":\"Bolt\",\"item\":\"https:\/\/v3.atv-parts.hu\/index.php\/bolt\/\"},{\"@type\":\"ListItem\",\"position\":3,\"name\":\"KENNY RACING GYEREK \/ JUNIOR \/ GYEREK ES\u0150KAB\u00c1T \u00c1TL\u00c1TSZ\u00d3\/FEKETE M\u00c9RET 4\/6\"}]},{\"@type\":\"WebSite\",\"@id\":\"https:\/\/v3.atv-parts.hu\/#website\",\"url\":\"https:\/\/v3.atv-parts.hu\/\",\"name\":\"V3 ATV-PARTS.HU\",\"description\":\"\",\"publisher\":{\"@id\":\"https:\/\/v3.atv-parts.hu\/#organization\"},\"potentialAction\":[{\"@type\":\"SearchAction\",\"target\":{\"@type\":\"EntryPoint\",\"urlTemplate\":\"https:\/\/v3.atv-parts.hu\/?s={search_term_string}\"},\"query-input\":\"required name=search_term_string\"}],\"inLanguage\":\"hu\"},{\"@type\":\"Organization\",\"@id\":\"https:\/\/v3.atv-parts.hu\/#organization\",\"name\":\"V3 ATV-PARTS.HU\",\"url\":\"https:\/\/v3.atv-parts.hu\/\",\"logo\":{\"@type\":\"ImageObject\",\"inLanguage\":\"hu\",\"@id\":\"https:\/\/v3.atv-parts.hu\/#\/schema\/logo\/image\/\",\"url\":\"https:\/\/v3.atv-parts.hu\/wp-content\/uploads\/2021\/02\/cropped-cropped-atvlogo-1-1-1.png\",\"contentUrl\":\"https:\/\/v3.atv-parts.hu\/wp-content\/uploads\/2021\/02\/cropped-cropped-atvlogo-1-1-1.png\",\"width\":267,\"height\":160,\"caption\":\"V3 ATV-PARTS.HU\"},\"image\":{\"@id\":\"https:\/\/v3.atv-parts.hu\/#\/schema\/logo\/image\/\"},\"sameAs\":[\"https:\/\/www.facebook.com\/atvpartsHU\"]}]}<\/script>\n<meta property=\"product:price:amount\" content=\"13586.46\" \/>\n<meta property=\"product:price:currency\" content=\"HUF\" \/>\n<meta property=\"og:availability\" content=\"instock\" \/>\n<meta property=\"product:availability\" content=\"instock\" \/>\n<meta property=\"product:retailer_item_id\" content=\"151-3704012-04\" \/>\n<meta property=\"product:condition\" content=\"new\" \/>\n<!-- \/ Yoast SEO Premium plugin. -->","yoast_head_json":{"title":"KENNY RACING GYEREK \/ JUNIOR \/ GYEREK ES\u0150KAB\u00c1T \u00c1TL\u00c1TSZ\u00d3\/FEKETE M\u00c9RET 4\/6 - V3 ATV-PARTS.HU","robots":{"index":"index","follow":"follow","max-snippet":"max-snippet:-1","max-image-preview":"max-image-preview:large","max-video-preview":"max-video-preview:-1"},"canonical":"https:\/\/v3.atv-parts.hu\/index.php\/termek\/kenny-racing-gyerek-junior-gyerek-esokabat-atlatszo-fekete-meret-4-6\/","og_locale":"hu_HU","og_type":"article","og_title":"KENNY RACING GYEREK \/ JUNIOR \/ GYEREK ES\u0150KAB\u00c1T \u00c1TL\u00c1TSZ\u00d3\/FEKETE M\u00c9RET 4\/6","og_description":"KENNY RACING GYEREK \/ JUNIOR \/ GYEREK ES\u0150KAB\u00c1T \u00c1TL\u00c1TSZ\u00d3\/FEKETE M\u00c9RET 4\/6","og_url":"https:\/\/v3.atv-parts.hu\/index.php\/termek\/kenny-racing-gyerek-junior-gyerek-esokabat-atlatszo-fekete-meret-4-6\/","og_site_name":"V3 ATV-PARTS.HU","article_publisher":"https:\/\/www.facebook.com\/atvpartsHU","article_modified_time":"2025-04-26T19:50:46+00:00","og_image":[{"width":1200,"height":1200,"url":"https:\/\/v3.atv-parts.hu\/wp-content\/uploads\/2025\/04\/kenny-racing-2025-kurtka-przeciwdeszczowa-kid-ju.jpg","type":"image\/jpeg"}],"twitter_card":"summary_large_image","twitter_misc":{"\u00c1r":"13586,46&nbsp;&#70;&#116; \u00c1F\u00c1-val","El\u00e9rhet\u0151s\u00e9g":"K\u00e9szleten"},"schema":{"@context":"https:\/\/schema.org","@graph":[{"@type":"WebPage","@id":"https:\/\/v3.atv-parts.hu\/index.php\/termek\/kenny-racing-gyerek-junior-gyerek-esokabat-atlatszo-fekete-meret-4-6\/","url":"https:\/\/v3.atv-parts.hu\/index.php\/termek\/kenny-racing-gyerek-junior-gyerek-esokabat-atlatszo-fekete-meret-4-6\/","name":"KENNY RACING GYEREK \/ JUNIOR \/ GYEREK ES\u0150KAB\u00c1T \u00c1TL\u00c1TSZ\u00d3\/FEKETE M\u00c9RET 4\/6 - V3 ATV-PARTS.HU","isPartOf":{"@id":"https:\/\/v3.atv-parts.hu\/#website"},"primaryImageOfPage":{"@id":"https:\/\/v3.atv-parts.hu\/index.php\/termek\/kenny-racing-gyerek-junior-gyerek-esokabat-atlatszo-fekete-meret-4-6\/#primaryimage"},"image":{"@id":"https:\/\/v3.atv-parts.hu\/index.php\/termek\/kenny-racing-gyerek-junior-gyerek-esokabat-atlatszo-fekete-meret-4-6\/#primaryimage"},"thumbnailUrl":"https:\/\/v3.atv-parts.hu\/wp-content\/uploads\/2025\/04\/kenny-racing-2025-kurtka-przeciwdeszczowa-kid-ju.jpg","datePublished":"2025-04-26T19:50:44+00:00","dateModified":"2025-04-26T19:50:46+00:00","breadcrumb":{"@id":"https:\/\/v3.atv-parts.hu\/index.php\/termek\/kenny-racing-gyerek-junior-gyerek-esokabat-atlatszo-fekete-meret-4-6\/#breadcrumb"},"inLanguage":"hu","potentialAction":[{"@type":"ReadAction","target":["https:\/\/v3.atv-parts.hu\/index.php\/termek\/kenny-racing-gyerek-junior-gyerek-esokabat-atlatszo-fekete-meret-4-6\/"]}]},{"@type":"ImageObject","inLanguage":"hu","@id":"https:\/\/v3.atv-parts.hu\/index.php\/termek\/kenny-racing-gyerek-junior-gyerek-esokabat-atlatszo-fekete-meret-4-6\/#primaryimage","url":"https:\/\/v3.atv-parts.hu\/wp-content\/uploads\/2025\/04\/kenny-racing-2025-kurtka-przeciwdeszczowa-kid-ju.jpg","contentUrl":"https:\/\/v3.atv-parts.hu\/wp-content\/uploads\/2025\/04\/kenny-racing-2025-kurtka-przeciwdeszczowa-kid-ju.jpg","width":1200,"height":1200},{"@type":"BreadcrumbList","@id":"https:\/\/v3.atv-parts.hu\/index.php\/termek\/kenny-racing-gyerek-junior-gyerek-esokabat-atlatszo-fekete-meret-4-6\/#breadcrumb","itemListElement":[{"@type":"ListItem","position":1,"name":"Kezd\u0151lap","item":"https:\/\/v3.atv-parts.hu\/"},{"@type":"ListItem","position":2,"name":"Bolt","item":"https:\/\/v3.atv-parts.hu\/index.php\/bolt\/"},{"@type":"ListItem","position":3,"name":"KENNY RACING GYEREK \/ JUNIOR \/ GYEREK ES\u0150KAB\u00c1T \u00c1TL\u00c1TSZ\u00d3\/FEKETE M\u00c9RET 4\/6"}]},{"@type":"WebSite","@id":"https:\/\/v3.atv-parts.hu\/#website","url":"https:\/\/v3.atv-parts.hu\/","name":"V3 ATV-PARTS.HU","description":"","publisher":{"@id":"https:\/\/v3.atv-parts.hu\/#organization"},"potentialAction":[{"@type":"SearchAction","target":{"@type":"EntryPoint","urlTemplate":"https:\/\/v3.atv-parts.hu\/?s={search_term_string}"},"query-input":"required name=search_term_string"}],"inLanguage":"hu"},{"@type":"Organization","@id":"https:\/\/v3.atv-parts.hu\/#organization","name":"V3 ATV-PARTS.HU","url":"https:\/\/v3.atv-parts.hu\/","logo":{"@type":"ImageObject","inLanguage":"hu","@id":"https:\/\/v3.atv-parts.hu\/#\/schema\/logo\/image\/","url":"https:\/\/v3.atv-parts.hu\/wp-content\/uploads\/2021\/02\/cropped-cropped-atvlogo-1-1-1.png","contentUrl":"https:\/\/v3.atv-parts.hu\/wp-content\/uploads\/2021\/02\/cropped-cropped-atvlogo-1-1-1.png","width":267,"height":160,"caption":"V3 ATV-PARTS.HU"},"image":{"@id":"https:\/\/v3.atv-parts.hu\/#\/schema\/logo\/image\/"},"sameAs":["https:\/\/www.facebook.com\/atvpartsHU"]}]},"product_price_amount":"13586.46","product_price_currency":"HUF","og_availability":"instock","product_availability":"instock","product_retailer_item_id":"151-3704012-04","product_condition":"new"},"_links":{"self":[{"href":"https:\/\/v3.atv-parts.hu\/index.php\/wp-json\/wp\/v2\/product\/185217","targetHints":{"allow":["GET"]}}],"collection":[{"href":"https:\/\/v3.atv-parts.hu\/index.php\/wp-json\/wp\/v2\/product"}],"about":[{"href":"https:\/\/v3.atv-parts.hu\/index.php\/wp-json\/wp\/v2\/types\/product"}],"replies":[{"embeddable":true,"href":"https:\/\/v3.atv-parts.hu\/index.php\/wp-json\/wp\/v2\/comments?post=185217"}],"wp:featuredmedia":[{"embeddable":true,"href":"https:\/\/v3.atv-parts.hu\/index.php\/wp-json\/wp\/v2\/media\/185218"}],"wp:attachment":[{"href":"https:\/\/v3.atv-parts.hu\/index.php\/wp-json\/wp\/v2\/media?parent=185217"}],"wp:term":[{"taxonomy":"product_cat","embeddable":true,"href":"https:\/\/v3.atv-parts.hu\/index.php\/wp-json\/wp\/v2\/product_cat?post=185217"},{"taxonomy":"product_tag","embeddable":true,"href":"https:\/\/v3.atv-parts.hu\/index.php\/wp-json\/wp\/v2\/product_tag?post=185217"}],"curies":[{"name":"wp","href":"https:\/\/api.w.org\/{rel}","templated":true}]}}