{"id":20270,"date":"2024-03-26T19:26:27","date_gmt":"2024-03-26T18:26:27","guid":{"rendered":"https:\/\/v3.atv-parts.hu\/index.php\/termek\/bronco-gyujtastecse-yamaha-atv-250-350-400-suzuki-drz400-ltz400-lta500-ltf500-ltf300-lt160-at-01308\/"},"modified":"2024-11-22T08:07:34","modified_gmt":"2024-11-22T07:07:34","slug":"bronco-gyujtastecse-yamaha-atv-250-350-400-suzuki-drz400-ltz400-lta500-ltf500-ltf300-lt160-at-01308","status":"publish","type":"product","link":"https:\/\/v3.atv-parts.hu\/index.php\/termek\/bronco-gyujtastecse-yamaha-atv-250-350-400-suzuki-drz400-ltz400-lta500-ltf500-ltf300-lt160-at-01308\/","title":{"rendered":"BRONCO GY\u00daJT\u00c1STECSE YAMAHA ATV 250\/350\/400, SUZUKI DRZ400 \/ LTZ400 \/ LTA500 \/ LTF500 \/ LTF300 \/ LT160 = AT-01308"},"content":{"rendered":"<p>BRONCO GY\u00daJT\u00c1STECSE YAMAHA ATV 250\/350\/400, SUZUKI DRZ400 \/ LTZ400 \/ LTA500 \/ LTF500 \/ LTF300 \/ LT160 = AT-01308<\/p>\n<p>EAN: AT-01318<\/p>\n<p>SKU: AT-01318<\/p>\n","protected":false},"excerpt":{"rendered":"<p>BRONCO GY\u00daJT\u00c1STECSE YAMAHA ATV 250\/350\/400, SUZUKI DRZ400 \/ LTZ400 \/ LTA500 \/ LTF500 \/ LTF300 \/ LT160 = AT-01308<\/p>\n","protected":false},"featured_media":20271,"comment_status":"closed","ping_status":"open","template":"","meta":{"_monsterinsights_skip_tracking":false,"_monsterinsights_sitenote_active":false,"_monsterinsights_sitenote_note":"","_monsterinsights_sitenote_category":0},"product_cat":[185,254,265],"product_tag":[156,157,209,212,211,166],"class_list":{"0":"post-20270","1":"product","2":"type-product","3":"status-publish","4":"has-post-thumbnail","6":"product_cat-elektromos-rendszer","7":"product_cat-gyujtasi-rendszer","8":"product_cat-gyujtotekercsek","9":"product_tag-atv","10":"product_tag-cross","11":"product_tag-drz","12":"product_tag-ltz-400","13":"product_tag-ltz","14":"product_tag-suzuki","15":"pa_marka-bronco","17":"first","18":"instock","19":"taxable","20":"shipping-taxable","21":"purchasable","22":"product-type-simple"},"yoast_head":"<!-- This site is optimized with the Yoast SEO Premium plugin v22.6 (Yoast SEO v22.6) - https:\/\/yoast.com\/wordpress\/plugins\/seo\/ -->\n<title>BRONCO GY\u00daJT\u00c1STECSE YAMAHA ATV 250\/350\/400, SUZUKI DRZ400 \/ LTZ400 \/ LTA500 \/ LTF500 \/ LTF300 \/ LT160 = AT-01308 - V3 ATV-PARTS.HU<\/title>\n<meta name=\"robots\" content=\"index, follow, max-snippet:-1, max-image-preview:large, max-video-preview:-1\" \/>\n<link rel=\"canonical\" href=\"https:\/\/v3.atv-parts.hu\/index.php\/termek\/bronco-gyujtastecse-yamaha-atv-250-350-400-suzuki-drz400-ltz400-lta500-ltf500-ltf300-lt160-at-01308\/\" \/>\n<meta property=\"og:locale\" content=\"hu_HU\" \/>\n<meta property=\"og:type\" content=\"article\" \/>\n<meta property=\"og:title\" content=\"BRONCO GY\u00daJT\u00c1STECSE YAMAHA ATV 250\/350\/400, SUZUKI DRZ400 \/ LTZ400 \/ LTA500 \/ LTF500 \/ LTF300 \/ LT160 = AT-01308\" \/>\n<meta property=\"og:description\" content=\"BRONCO GY\u00daJT\u00c1STECSE YAMAHA ATV 250\/350\/400, SUZUKI DRZ400 \/ LTZ400 \/ LTA500 \/ LTF500 \/ LTF300 \/ LT160 = AT-01308\" \/>\n<meta property=\"og:url\" content=\"https:\/\/v3.atv-parts.hu\/index.php\/termek\/bronco-gyujtastecse-yamaha-atv-250-350-400-suzuki-drz400-ltz400-lta500-ltf500-ltf300-lt160-at-01308\/\" \/>\n<meta property=\"og:site_name\" content=\"V3 ATV-PARTS.HU\" \/>\n<meta property=\"article:publisher\" content=\"https:\/\/www.facebook.com\/atvpartsHU\" \/>\n<meta property=\"article:modified_time\" content=\"2024-11-22T07:07:34+00:00\" \/>\n<meta property=\"og:image\" content=\"https:\/\/v3.atv-parts.hu\/wp-content\/uploads\/2024\/03\/nachman-cewka-zaplonowa-yamaha-atv-250-350-400-su.jpg\" \/>\n\t<meta property=\"og:image:width\" content=\"345\" \/>\n\t<meta property=\"og:image:height\" content=\"248\" \/>\n\t<meta property=\"og:image:type\" content=\"image\/jpeg\" \/>\n<meta name=\"twitter:card\" content=\"summary_large_image\" \/>\n<meta name=\"twitter:label1\" content=\"\u00c1r\" \/>\n\t<meta name=\"twitter:data1\" content=\"12881,61&nbsp;&#70;&#116; \u00c1F\u00c1-val\" \/>\n\t<meta name=\"twitter:label2\" content=\"El\u00e9rhet\u0151s\u00e9g\" \/>\n\t<meta name=\"twitter:data2\" content=\"K\u00e9szleten\" \/>\n<script type=\"application\/ld+json\" class=\"yoast-schema-graph\">{\"@context\":\"https:\/\/schema.org\",\"@graph\":[{\"@type\":\"WebPage\",\"@id\":\"https:\/\/v3.atv-parts.hu\/index.php\/termek\/bronco-gyujtastecse-yamaha-atv-250-350-400-suzuki-drz400-ltz400-lta500-ltf500-ltf300-lt160-at-01308\/\",\"url\":\"https:\/\/v3.atv-parts.hu\/index.php\/termek\/bronco-gyujtastecse-yamaha-atv-250-350-400-suzuki-drz400-ltz400-lta500-ltf500-ltf300-lt160-at-01308\/\",\"name\":\"BRONCO GY\u00daJT\u00c1STECSE YAMAHA ATV 250\/350\/400, SUZUKI DRZ400 \/ LTZ400 \/ LTA500 \/ LTF500 \/ LTF300 \/ LT160 = AT-01308 - V3 ATV-PARTS.HU\",\"isPartOf\":{\"@id\":\"https:\/\/v3.atv-parts.hu\/#website\"},\"primaryImageOfPage\":{\"@id\":\"https:\/\/v3.atv-parts.hu\/index.php\/termek\/bronco-gyujtastecse-yamaha-atv-250-350-400-suzuki-drz400-ltz400-lta500-ltf500-ltf300-lt160-at-01308\/#primaryimage\"},\"image\":{\"@id\":\"https:\/\/v3.atv-parts.hu\/index.php\/termek\/bronco-gyujtastecse-yamaha-atv-250-350-400-suzuki-drz400-ltz400-lta500-ltf500-ltf300-lt160-at-01308\/#primaryimage\"},\"thumbnailUrl\":\"https:\/\/v3.atv-parts.hu\/wp-content\/uploads\/2024\/03\/nachman-cewka-zaplonowa-yamaha-atv-250-350-400-su.jpg\",\"datePublished\":\"2024-03-26T18:26:27+00:00\",\"dateModified\":\"2024-11-22T07:07:34+00:00\",\"breadcrumb\":{\"@id\":\"https:\/\/v3.atv-parts.hu\/index.php\/termek\/bronco-gyujtastecse-yamaha-atv-250-350-400-suzuki-drz400-ltz400-lta500-ltf500-ltf300-lt160-at-01308\/#breadcrumb\"},\"inLanguage\":\"hu\",\"potentialAction\":[{\"@type\":\"ReadAction\",\"target\":[\"https:\/\/v3.atv-parts.hu\/index.php\/termek\/bronco-gyujtastecse-yamaha-atv-250-350-400-suzuki-drz400-ltz400-lta500-ltf500-ltf300-lt160-at-01308\/\"]}]},{\"@type\":\"ImageObject\",\"inLanguage\":\"hu\",\"@id\":\"https:\/\/v3.atv-parts.hu\/index.php\/termek\/bronco-gyujtastecse-yamaha-atv-250-350-400-suzuki-drz400-ltz400-lta500-ltf500-ltf300-lt160-at-01308\/#primaryimage\",\"url\":\"https:\/\/v3.atv-parts.hu\/wp-content\/uploads\/2024\/03\/nachman-cewka-zaplonowa-yamaha-atv-250-350-400-su.jpg\",\"contentUrl\":\"https:\/\/v3.atv-parts.hu\/wp-content\/uploads\/2024\/03\/nachman-cewka-zaplonowa-yamaha-atv-250-350-400-su.jpg\",\"width\":345,\"height\":248},{\"@type\":\"BreadcrumbList\",\"@id\":\"https:\/\/v3.atv-parts.hu\/index.php\/termek\/bronco-gyujtastecse-yamaha-atv-250-350-400-suzuki-drz400-ltz400-lta500-ltf500-ltf300-lt160-at-01308\/#breadcrumb\",\"itemListElement\":[{\"@type\":\"ListItem\",\"position\":1,\"name\":\"Kezd\u0151lap\",\"item\":\"https:\/\/v3.atv-parts.hu\/\"},{\"@type\":\"ListItem\",\"position\":2,\"name\":\"Bolt\",\"item\":\"https:\/\/v3.atv-parts.hu\/index.php\/bolt\/\"},{\"@type\":\"ListItem\",\"position\":3,\"name\":\"BRONCO GY\u00daJT\u00c1STECSE YAMAHA ATV 250\/350\/400, SUZUKI DRZ400 \/ LTZ400 \/ LTA500 \/ LTF500 \/ LTF300 \/ LT160 = AT-01308\"}]},{\"@type\":\"WebSite\",\"@id\":\"https:\/\/v3.atv-parts.hu\/#website\",\"url\":\"https:\/\/v3.atv-parts.hu\/\",\"name\":\"V3 ATV-PARTS.HU\",\"description\":\"\",\"publisher\":{\"@id\":\"https:\/\/v3.atv-parts.hu\/#organization\"},\"potentialAction\":[{\"@type\":\"SearchAction\",\"target\":{\"@type\":\"EntryPoint\",\"urlTemplate\":\"https:\/\/v3.atv-parts.hu\/?s={search_term_string}\"},\"query-input\":\"required name=search_term_string\"}],\"inLanguage\":\"hu\"},{\"@type\":\"Organization\",\"@id\":\"https:\/\/v3.atv-parts.hu\/#organization\",\"name\":\"V3 ATV-PARTS.HU\",\"url\":\"https:\/\/v3.atv-parts.hu\/\",\"logo\":{\"@type\":\"ImageObject\",\"inLanguage\":\"hu\",\"@id\":\"https:\/\/v3.atv-parts.hu\/#\/schema\/logo\/image\/\",\"url\":\"https:\/\/v3.atv-parts.hu\/wp-content\/uploads\/2021\/02\/cropped-cropped-atvlogo-1-1-1.png\",\"contentUrl\":\"https:\/\/v3.atv-parts.hu\/wp-content\/uploads\/2021\/02\/cropped-cropped-atvlogo-1-1-1.png\",\"width\":267,\"height\":160,\"caption\":\"V3 ATV-PARTS.HU\"},\"image\":{\"@id\":\"https:\/\/v3.atv-parts.hu\/#\/schema\/logo\/image\/\"},\"sameAs\":[\"https:\/\/www.facebook.com\/atvpartsHU\"]}]}<\/script>\n<meta property=\"product:price:amount\" content=\"12881.61\" \/>\n<meta property=\"product:price:currency\" content=\"HUF\" \/>\n<meta property=\"og:availability\" content=\"instock\" \/>\n<meta property=\"product:availability\" content=\"instock\" \/>\n<meta property=\"product:retailer_item_id\" content=\"AT-01318\" \/>\n<meta property=\"product:condition\" content=\"new\" \/>\n<!-- \/ Yoast SEO Premium plugin. -->","yoast_head_json":{"title":"BRONCO GY\u00daJT\u00c1STECSE YAMAHA ATV 250\/350\/400, SUZUKI DRZ400 \/ LTZ400 \/ LTA500 \/ LTF500 \/ LTF300 \/ LT160 = AT-01308 - V3 ATV-PARTS.HU","robots":{"index":"index","follow":"follow","max-snippet":"max-snippet:-1","max-image-preview":"max-image-preview:large","max-video-preview":"max-video-preview:-1"},"canonical":"https:\/\/v3.atv-parts.hu\/index.php\/termek\/bronco-gyujtastecse-yamaha-atv-250-350-400-suzuki-drz400-ltz400-lta500-ltf500-ltf300-lt160-at-01308\/","og_locale":"hu_HU","og_type":"article","og_title":"BRONCO GY\u00daJT\u00c1STECSE YAMAHA ATV 250\/350\/400, SUZUKI DRZ400 \/ LTZ400 \/ LTA500 \/ LTF500 \/ LTF300 \/ LT160 = AT-01308","og_description":"BRONCO GY\u00daJT\u00c1STECSE YAMAHA ATV 250\/350\/400, SUZUKI DRZ400 \/ LTZ400 \/ LTA500 \/ LTF500 \/ LTF300 \/ LT160 = AT-01308","og_url":"https:\/\/v3.atv-parts.hu\/index.php\/termek\/bronco-gyujtastecse-yamaha-atv-250-350-400-suzuki-drz400-ltz400-lta500-ltf500-ltf300-lt160-at-01308\/","og_site_name":"V3 ATV-PARTS.HU","article_publisher":"https:\/\/www.facebook.com\/atvpartsHU","article_modified_time":"2024-11-22T07:07:34+00:00","og_image":[{"width":345,"height":248,"url":"https:\/\/v3.atv-parts.hu\/wp-content\/uploads\/2024\/03\/nachman-cewka-zaplonowa-yamaha-atv-250-350-400-su.jpg","type":"image\/jpeg"}],"twitter_card":"summary_large_image","twitter_misc":{"\u00c1r":"12881,61&nbsp;&#70;&#116; \u00c1F\u00c1-val","El\u00e9rhet\u0151s\u00e9g":"K\u00e9szleten"},"schema":{"@context":"https:\/\/schema.org","@graph":[{"@type":"WebPage","@id":"https:\/\/v3.atv-parts.hu\/index.php\/termek\/bronco-gyujtastecse-yamaha-atv-250-350-400-suzuki-drz400-ltz400-lta500-ltf500-ltf300-lt160-at-01308\/","url":"https:\/\/v3.atv-parts.hu\/index.php\/termek\/bronco-gyujtastecse-yamaha-atv-250-350-400-suzuki-drz400-ltz400-lta500-ltf500-ltf300-lt160-at-01308\/","name":"BRONCO GY\u00daJT\u00c1STECSE YAMAHA ATV 250\/350\/400, SUZUKI DRZ400 \/ LTZ400 \/ LTA500 \/ LTF500 \/ LTF300 \/ LT160 = AT-01308 - V3 ATV-PARTS.HU","isPartOf":{"@id":"https:\/\/v3.atv-parts.hu\/#website"},"primaryImageOfPage":{"@id":"https:\/\/v3.atv-parts.hu\/index.php\/termek\/bronco-gyujtastecse-yamaha-atv-250-350-400-suzuki-drz400-ltz400-lta500-ltf500-ltf300-lt160-at-01308\/#primaryimage"},"image":{"@id":"https:\/\/v3.atv-parts.hu\/index.php\/termek\/bronco-gyujtastecse-yamaha-atv-250-350-400-suzuki-drz400-ltz400-lta500-ltf500-ltf300-lt160-at-01308\/#primaryimage"},"thumbnailUrl":"https:\/\/v3.atv-parts.hu\/wp-content\/uploads\/2024\/03\/nachman-cewka-zaplonowa-yamaha-atv-250-350-400-su.jpg","datePublished":"2024-03-26T18:26:27+00:00","dateModified":"2024-11-22T07:07:34+00:00","breadcrumb":{"@id":"https:\/\/v3.atv-parts.hu\/index.php\/termek\/bronco-gyujtastecse-yamaha-atv-250-350-400-suzuki-drz400-ltz400-lta500-ltf500-ltf300-lt160-at-01308\/#breadcrumb"},"inLanguage":"hu","potentialAction":[{"@type":"ReadAction","target":["https:\/\/v3.atv-parts.hu\/index.php\/termek\/bronco-gyujtastecse-yamaha-atv-250-350-400-suzuki-drz400-ltz400-lta500-ltf500-ltf300-lt160-at-01308\/"]}]},{"@type":"ImageObject","inLanguage":"hu","@id":"https:\/\/v3.atv-parts.hu\/index.php\/termek\/bronco-gyujtastecse-yamaha-atv-250-350-400-suzuki-drz400-ltz400-lta500-ltf500-ltf300-lt160-at-01308\/#primaryimage","url":"https:\/\/v3.atv-parts.hu\/wp-content\/uploads\/2024\/03\/nachman-cewka-zaplonowa-yamaha-atv-250-350-400-su.jpg","contentUrl":"https:\/\/v3.atv-parts.hu\/wp-content\/uploads\/2024\/03\/nachman-cewka-zaplonowa-yamaha-atv-250-350-400-su.jpg","width":345,"height":248},{"@type":"BreadcrumbList","@id":"https:\/\/v3.atv-parts.hu\/index.php\/termek\/bronco-gyujtastecse-yamaha-atv-250-350-400-suzuki-drz400-ltz400-lta500-ltf500-ltf300-lt160-at-01308\/#breadcrumb","itemListElement":[{"@type":"ListItem","position":1,"name":"Kezd\u0151lap","item":"https:\/\/v3.atv-parts.hu\/"},{"@type":"ListItem","position":2,"name":"Bolt","item":"https:\/\/v3.atv-parts.hu\/index.php\/bolt\/"},{"@type":"ListItem","position":3,"name":"BRONCO GY\u00daJT\u00c1STECSE YAMAHA ATV 250\/350\/400, SUZUKI DRZ400 \/ LTZ400 \/ LTA500 \/ LTF500 \/ LTF300 \/ LT160 = AT-01308"}]},{"@type":"WebSite","@id":"https:\/\/v3.atv-parts.hu\/#website","url":"https:\/\/v3.atv-parts.hu\/","name":"V3 ATV-PARTS.HU","description":"","publisher":{"@id":"https:\/\/v3.atv-parts.hu\/#organization"},"potentialAction":[{"@type":"SearchAction","target":{"@type":"EntryPoint","urlTemplate":"https:\/\/v3.atv-parts.hu\/?s={search_term_string}"},"query-input":"required name=search_term_string"}],"inLanguage":"hu"},{"@type":"Organization","@id":"https:\/\/v3.atv-parts.hu\/#organization","name":"V3 ATV-PARTS.HU","url":"https:\/\/v3.atv-parts.hu\/","logo":{"@type":"ImageObject","inLanguage":"hu","@id":"https:\/\/v3.atv-parts.hu\/#\/schema\/logo\/image\/","url":"https:\/\/v3.atv-parts.hu\/wp-content\/uploads\/2021\/02\/cropped-cropped-atvlogo-1-1-1.png","contentUrl":"https:\/\/v3.atv-parts.hu\/wp-content\/uploads\/2021\/02\/cropped-cropped-atvlogo-1-1-1.png","width":267,"height":160,"caption":"V3 ATV-PARTS.HU"},"image":{"@id":"https:\/\/v3.atv-parts.hu\/#\/schema\/logo\/image\/"},"sameAs":["https:\/\/www.facebook.com\/atvpartsHU"]}]},"product_price_amount":"12881.61","product_price_currency":"HUF","og_availability":"instock","product_availability":"instock","product_retailer_item_id":"AT-01318","product_condition":"new"},"_links":{"self":[{"href":"https:\/\/v3.atv-parts.hu\/index.php\/wp-json\/wp\/v2\/product\/20270","targetHints":{"allow":["GET"]}}],"collection":[{"href":"https:\/\/v3.atv-parts.hu\/index.php\/wp-json\/wp\/v2\/product"}],"about":[{"href":"https:\/\/v3.atv-parts.hu\/index.php\/wp-json\/wp\/v2\/types\/product"}],"replies":[{"embeddable":true,"href":"https:\/\/v3.atv-parts.hu\/index.php\/wp-json\/wp\/v2\/comments?post=20270"}],"wp:featuredmedia":[{"embeddable":true,"href":"https:\/\/v3.atv-parts.hu\/index.php\/wp-json\/wp\/v2\/media\/20271"}],"wp:attachment":[{"href":"https:\/\/v3.atv-parts.hu\/index.php\/wp-json\/wp\/v2\/media?parent=20270"}],"wp:term":[{"taxonomy":"product_cat","embeddable":true,"href":"https:\/\/v3.atv-parts.hu\/index.php\/wp-json\/wp\/v2\/product_cat?post=20270"},{"taxonomy":"product_tag","embeddable":true,"href":"https:\/\/v3.atv-parts.hu\/index.php\/wp-json\/wp\/v2\/product_tag?post=20270"}],"curies":[{"name":"wp","href":"https:\/\/api.w.org\/{rel}","templated":true}]}}