{"id":20301,"date":"2024-03-26T19:26:27","date_gmt":"2024-03-26T18:26:27","guid":{"rendered":"https:\/\/v3.atv-parts.hu\/index.php\/termek\/bronco-vizhofok-jelado-polaris-sportsman-400-500-97-01-scrambler-500-96-99-oem-4010202-4110189-4110225-4110256\/"},"modified":"2024-05-03T13:32:26","modified_gmt":"2024-05-03T11:32:26","slug":"bronco-vizhofok-jelado-polaris-sportsman-400-500-97-01-scrambler-500-96-99-oem-4010202-4110189-4110225-4110256","status":"publish","type":"product","link":"https:\/\/v3.atv-parts.hu\/index.php\/termek\/bronco-vizhofok-jelado-polaris-sportsman-400-500-97-01-scrambler-500-96-99-oem-4010202-4110189-4110225-4110256\/","title":{"rendered":"BRONCO V\u00cdZH\u0150FOK JELAD\u00d3 POLARIS SPORTSMAN 400\/500 97-01, SCRAMBLER 500 96-99 (OEM: 4010202\/4110189\/4110225\/4110256)"},"content":{"rendered":"<p>BRONCO V\u00cdZH\u0150FOK JELAD\u00d3 POLARIS SPORTSMAN 400\/500 97-01, SCRAMBLER 500 96-99 (OEM: 4010202\/4110189\/4110225\/4110256)<\/p>\n<p>EAN: AT-01377<\/p>\n<p>SKU: AT-01377<\/p>\n","protected":false},"excerpt":{"rendered":"<p>BRONCO V\u00cdZH\u0150FOK JELAD\u00d3 POLARIS SPORTSMAN 400\/500 97-01, SCRAMBLER 500 96-99 (OEM: 4010202\/4110189\/4110225\/4110256)<\/p>\n","protected":false},"featured_media":20302,"comment_status":"closed","ping_status":"open","template":"","meta":{"_monsterinsights_skip_tracking":false,"_monsterinsights_sitenote_active":false,"_monsterinsights_sitenote_note":"","_monsterinsights_sitenote_category":0},"product_cat":[327,664],"product_tag":[156,181,371,374],"class_list":{"0":"post-20301","1":"product","2":"type-product","3":"status-publish","4":"has-post-thumbnail","6":"product_cat-hutorendszer","7":"product_cat-radiator-ventilator-kapcsolok","8":"product_tag-atv","9":"product_tag-polaris","10":"product_tag-sportsman","11":"product_tag-sportsman-400-800","12":"pa_marka-bronco","14":"first","15":"instock","16":"taxable","17":"shipping-taxable","18":"purchasable","19":"product-type-simple"},"yoast_head":"<!-- This site is optimized with the Yoast SEO Premium plugin v22.6 (Yoast SEO v22.6) - https:\/\/yoast.com\/wordpress\/plugins\/seo\/ -->\n<title>BRONCO V\u00cdZH\u0150FOK JELAD\u00d3 POLARIS SPORTSMAN 400\/500 97-01, SCRAMBLER 500 96-99 (OEM: 4010202\/4110189\/4110225\/4110256) - V3 ATV-PARTS.HU<\/title>\n<meta name=\"robots\" content=\"index, follow, max-snippet:-1, max-image-preview:large, max-video-preview:-1\" \/>\n<link rel=\"canonical\" href=\"https:\/\/v3.atv-parts.hu\/index.php\/termek\/bronco-vizhofok-jelado-polaris-sportsman-400-500-97-01-scrambler-500-96-99-oem-4010202-4110189-4110225-4110256\/\" \/>\n<meta property=\"og:locale\" content=\"hu_HU\" \/>\n<meta property=\"og:type\" content=\"article\" \/>\n<meta property=\"og:title\" content=\"BRONCO V\u00cdZH\u0150FOK JELAD\u00d3 POLARIS SPORTSMAN 400\/500 97-01, SCRAMBLER 500 96-99 (OEM: 4010202\/4110189\/4110225\/4110256)\" \/>\n<meta property=\"og:description\" content=\"BRONCO V\u00cdZH\u0150FOK JELAD\u00d3 POLARIS SPORTSMAN 400\/500 97-01, SCRAMBLER 500 96-99 (OEM: 4010202\/4110189\/4110225\/4110256)\" \/>\n<meta property=\"og:url\" content=\"https:\/\/v3.atv-parts.hu\/index.php\/termek\/bronco-vizhofok-jelado-polaris-sportsman-400-500-97-01-scrambler-500-96-99-oem-4010202-4110189-4110225-4110256\/\" \/>\n<meta property=\"og:site_name\" content=\"V3 ATV-PARTS.HU\" \/>\n<meta property=\"article:publisher\" content=\"https:\/\/www.facebook.com\/atvpartsHU\" \/>\n<meta property=\"article:modified_time\" content=\"2024-05-03T11:32:26+00:00\" \/>\n<meta property=\"og:image\" content=\"https:\/\/v3.atv-parts.hu\/wp-content\/uploads\/2024\/03\/nachman-wlacznik-wentylatora-polaris-sportsman-400.jpg\" \/>\n\t<meta property=\"og:image:width\" content=\"412\" \/>\n\t<meta property=\"og:image:height\" content=\"309\" \/>\n\t<meta property=\"og:image:type\" content=\"image\/jpeg\" \/>\n<meta name=\"twitter:card\" content=\"summary_large_image\" \/>\n<meta name=\"twitter:label1\" content=\"\u00c1r\" \/>\n\t<meta name=\"twitter:data1\" content=\"9494,52&nbsp;&#70;&#116; \u00c1F\u00c1-val\" \/>\n\t<meta name=\"twitter:label2\" content=\"El\u00e9rhet\u0151s\u00e9g\" \/>\n\t<meta name=\"twitter:data2\" content=\"K\u00e9szleten\" \/>\n<script type=\"application\/ld+json\" class=\"yoast-schema-graph\">{\"@context\":\"https:\/\/schema.org\",\"@graph\":[{\"@type\":\"WebPage\",\"@id\":\"https:\/\/v3.atv-parts.hu\/index.php\/termek\/bronco-vizhofok-jelado-polaris-sportsman-400-500-97-01-scrambler-500-96-99-oem-4010202-4110189-4110225-4110256\/\",\"url\":\"https:\/\/v3.atv-parts.hu\/index.php\/termek\/bronco-vizhofok-jelado-polaris-sportsman-400-500-97-01-scrambler-500-96-99-oem-4010202-4110189-4110225-4110256\/\",\"name\":\"BRONCO V\u00cdZH\u0150FOK JELAD\u00d3 POLARIS SPORTSMAN 400\/500 97-01, SCRAMBLER 500 96-99 (OEM: 4010202\/4110189\/4110225\/4110256) - V3 ATV-PARTS.HU\",\"isPartOf\":{\"@id\":\"https:\/\/v3.atv-parts.hu\/#website\"},\"primaryImageOfPage\":{\"@id\":\"https:\/\/v3.atv-parts.hu\/index.php\/termek\/bronco-vizhofok-jelado-polaris-sportsman-400-500-97-01-scrambler-500-96-99-oem-4010202-4110189-4110225-4110256\/#primaryimage\"},\"image\":{\"@id\":\"https:\/\/v3.atv-parts.hu\/index.php\/termek\/bronco-vizhofok-jelado-polaris-sportsman-400-500-97-01-scrambler-500-96-99-oem-4010202-4110189-4110225-4110256\/#primaryimage\"},\"thumbnailUrl\":\"https:\/\/v3.atv-parts.hu\/wp-content\/uploads\/2024\/03\/nachman-wlacznik-wentylatora-polaris-sportsman-400.jpg\",\"datePublished\":\"2024-03-26T18:26:27+00:00\",\"dateModified\":\"2024-05-03T11:32:26+00:00\",\"breadcrumb\":{\"@id\":\"https:\/\/v3.atv-parts.hu\/index.php\/termek\/bronco-vizhofok-jelado-polaris-sportsman-400-500-97-01-scrambler-500-96-99-oem-4010202-4110189-4110225-4110256\/#breadcrumb\"},\"inLanguage\":\"hu\",\"potentialAction\":[{\"@type\":\"ReadAction\",\"target\":[\"https:\/\/v3.atv-parts.hu\/index.php\/termek\/bronco-vizhofok-jelado-polaris-sportsman-400-500-97-01-scrambler-500-96-99-oem-4010202-4110189-4110225-4110256\/\"]}]},{\"@type\":\"ImageObject\",\"inLanguage\":\"hu\",\"@id\":\"https:\/\/v3.atv-parts.hu\/index.php\/termek\/bronco-vizhofok-jelado-polaris-sportsman-400-500-97-01-scrambler-500-96-99-oem-4010202-4110189-4110225-4110256\/#primaryimage\",\"url\":\"https:\/\/v3.atv-parts.hu\/wp-content\/uploads\/2024\/03\/nachman-wlacznik-wentylatora-polaris-sportsman-400.jpg\",\"contentUrl\":\"https:\/\/v3.atv-parts.hu\/wp-content\/uploads\/2024\/03\/nachman-wlacznik-wentylatora-polaris-sportsman-400.jpg\",\"width\":412,\"height\":309},{\"@type\":\"BreadcrumbList\",\"@id\":\"https:\/\/v3.atv-parts.hu\/index.php\/termek\/bronco-vizhofok-jelado-polaris-sportsman-400-500-97-01-scrambler-500-96-99-oem-4010202-4110189-4110225-4110256\/#breadcrumb\",\"itemListElement\":[{\"@type\":\"ListItem\",\"position\":1,\"name\":\"Kezd\u0151lap\",\"item\":\"https:\/\/v3.atv-parts.hu\/\"},{\"@type\":\"ListItem\",\"position\":2,\"name\":\"Bolt\",\"item\":\"https:\/\/v3.atv-parts.hu\/index.php\/bolt\/\"},{\"@type\":\"ListItem\",\"position\":3,\"name\":\"BRONCO V\u00cdZH\u0150FOK JELAD\u00d3 POLARIS SPORTSMAN 400\/500 97-01, SCRAMBLER 500 96-99 (OEM: 4010202\/4110189\/4110225\/4110256)\"}]},{\"@type\":\"WebSite\",\"@id\":\"https:\/\/v3.atv-parts.hu\/#website\",\"url\":\"https:\/\/v3.atv-parts.hu\/\",\"name\":\"V3 ATV-PARTS.HU\",\"description\":\"\",\"publisher\":{\"@id\":\"https:\/\/v3.atv-parts.hu\/#organization\"},\"potentialAction\":[{\"@type\":\"SearchAction\",\"target\":{\"@type\":\"EntryPoint\",\"urlTemplate\":\"https:\/\/v3.atv-parts.hu\/?s={search_term_string}\"},\"query-input\":\"required name=search_term_string\"}],\"inLanguage\":\"hu\"},{\"@type\":\"Organization\",\"@id\":\"https:\/\/v3.atv-parts.hu\/#organization\",\"name\":\"V3 ATV-PARTS.HU\",\"url\":\"https:\/\/v3.atv-parts.hu\/\",\"logo\":{\"@type\":\"ImageObject\",\"inLanguage\":\"hu\",\"@id\":\"https:\/\/v3.atv-parts.hu\/#\/schema\/logo\/image\/\",\"url\":\"https:\/\/v3.atv-parts.hu\/wp-content\/uploads\/2021\/02\/cropped-cropped-atvlogo-1-1-1.png\",\"contentUrl\":\"https:\/\/v3.atv-parts.hu\/wp-content\/uploads\/2021\/02\/cropped-cropped-atvlogo-1-1-1.png\",\"width\":267,\"height\":160,\"caption\":\"V3 ATV-PARTS.HU\"},\"image\":{\"@id\":\"https:\/\/v3.atv-parts.hu\/#\/schema\/logo\/image\/\"},\"sameAs\":[\"https:\/\/www.facebook.com\/atvpartsHU\"]}]}<\/script>\n<meta property=\"product:price:amount\" content=\"9494.52\" \/>\n<meta property=\"product:price:currency\" content=\"HUF\" \/>\n<meta property=\"og:availability\" content=\"instock\" \/>\n<meta property=\"product:availability\" content=\"instock\" \/>\n<meta property=\"product:retailer_item_id\" content=\"AT-01377\" \/>\n<meta property=\"product:condition\" content=\"new\" \/>\n<!-- \/ Yoast SEO Premium plugin. -->","yoast_head_json":{"title":"BRONCO V\u00cdZH\u0150FOK JELAD\u00d3 POLARIS SPORTSMAN 400\/500 97-01, SCRAMBLER 500 96-99 (OEM: 4010202\/4110189\/4110225\/4110256) - V3 ATV-PARTS.HU","robots":{"index":"index","follow":"follow","max-snippet":"max-snippet:-1","max-image-preview":"max-image-preview:large","max-video-preview":"max-video-preview:-1"},"canonical":"https:\/\/v3.atv-parts.hu\/index.php\/termek\/bronco-vizhofok-jelado-polaris-sportsman-400-500-97-01-scrambler-500-96-99-oem-4010202-4110189-4110225-4110256\/","og_locale":"hu_HU","og_type":"article","og_title":"BRONCO V\u00cdZH\u0150FOK JELAD\u00d3 POLARIS SPORTSMAN 400\/500 97-01, SCRAMBLER 500 96-99 (OEM: 4010202\/4110189\/4110225\/4110256)","og_description":"BRONCO V\u00cdZH\u0150FOK JELAD\u00d3 POLARIS SPORTSMAN 400\/500 97-01, SCRAMBLER 500 96-99 (OEM: 4010202\/4110189\/4110225\/4110256)","og_url":"https:\/\/v3.atv-parts.hu\/index.php\/termek\/bronco-vizhofok-jelado-polaris-sportsman-400-500-97-01-scrambler-500-96-99-oem-4010202-4110189-4110225-4110256\/","og_site_name":"V3 ATV-PARTS.HU","article_publisher":"https:\/\/www.facebook.com\/atvpartsHU","article_modified_time":"2024-05-03T11:32:26+00:00","og_image":[{"width":412,"height":309,"url":"https:\/\/v3.atv-parts.hu\/wp-content\/uploads\/2024\/03\/nachman-wlacznik-wentylatora-polaris-sportsman-400.jpg","type":"image\/jpeg"}],"twitter_card":"summary_large_image","twitter_misc":{"\u00c1r":"9494,52&nbsp;&#70;&#116; \u00c1F\u00c1-val","El\u00e9rhet\u0151s\u00e9g":"K\u00e9szleten"},"schema":{"@context":"https:\/\/schema.org","@graph":[{"@type":"WebPage","@id":"https:\/\/v3.atv-parts.hu\/index.php\/termek\/bronco-vizhofok-jelado-polaris-sportsman-400-500-97-01-scrambler-500-96-99-oem-4010202-4110189-4110225-4110256\/","url":"https:\/\/v3.atv-parts.hu\/index.php\/termek\/bronco-vizhofok-jelado-polaris-sportsman-400-500-97-01-scrambler-500-96-99-oem-4010202-4110189-4110225-4110256\/","name":"BRONCO V\u00cdZH\u0150FOK JELAD\u00d3 POLARIS SPORTSMAN 400\/500 97-01, SCRAMBLER 500 96-99 (OEM: 4010202\/4110189\/4110225\/4110256) - V3 ATV-PARTS.HU","isPartOf":{"@id":"https:\/\/v3.atv-parts.hu\/#website"},"primaryImageOfPage":{"@id":"https:\/\/v3.atv-parts.hu\/index.php\/termek\/bronco-vizhofok-jelado-polaris-sportsman-400-500-97-01-scrambler-500-96-99-oem-4010202-4110189-4110225-4110256\/#primaryimage"},"image":{"@id":"https:\/\/v3.atv-parts.hu\/index.php\/termek\/bronco-vizhofok-jelado-polaris-sportsman-400-500-97-01-scrambler-500-96-99-oem-4010202-4110189-4110225-4110256\/#primaryimage"},"thumbnailUrl":"https:\/\/v3.atv-parts.hu\/wp-content\/uploads\/2024\/03\/nachman-wlacznik-wentylatora-polaris-sportsman-400.jpg","datePublished":"2024-03-26T18:26:27+00:00","dateModified":"2024-05-03T11:32:26+00:00","breadcrumb":{"@id":"https:\/\/v3.atv-parts.hu\/index.php\/termek\/bronco-vizhofok-jelado-polaris-sportsman-400-500-97-01-scrambler-500-96-99-oem-4010202-4110189-4110225-4110256\/#breadcrumb"},"inLanguage":"hu","potentialAction":[{"@type":"ReadAction","target":["https:\/\/v3.atv-parts.hu\/index.php\/termek\/bronco-vizhofok-jelado-polaris-sportsman-400-500-97-01-scrambler-500-96-99-oem-4010202-4110189-4110225-4110256\/"]}]},{"@type":"ImageObject","inLanguage":"hu","@id":"https:\/\/v3.atv-parts.hu\/index.php\/termek\/bronco-vizhofok-jelado-polaris-sportsman-400-500-97-01-scrambler-500-96-99-oem-4010202-4110189-4110225-4110256\/#primaryimage","url":"https:\/\/v3.atv-parts.hu\/wp-content\/uploads\/2024\/03\/nachman-wlacznik-wentylatora-polaris-sportsman-400.jpg","contentUrl":"https:\/\/v3.atv-parts.hu\/wp-content\/uploads\/2024\/03\/nachman-wlacznik-wentylatora-polaris-sportsman-400.jpg","width":412,"height":309},{"@type":"BreadcrumbList","@id":"https:\/\/v3.atv-parts.hu\/index.php\/termek\/bronco-vizhofok-jelado-polaris-sportsman-400-500-97-01-scrambler-500-96-99-oem-4010202-4110189-4110225-4110256\/#breadcrumb","itemListElement":[{"@type":"ListItem","position":1,"name":"Kezd\u0151lap","item":"https:\/\/v3.atv-parts.hu\/"},{"@type":"ListItem","position":2,"name":"Bolt","item":"https:\/\/v3.atv-parts.hu\/index.php\/bolt\/"},{"@type":"ListItem","position":3,"name":"BRONCO V\u00cdZH\u0150FOK JELAD\u00d3 POLARIS SPORTSMAN 400\/500 97-01, SCRAMBLER 500 96-99 (OEM: 4010202\/4110189\/4110225\/4110256)"}]},{"@type":"WebSite","@id":"https:\/\/v3.atv-parts.hu\/#website","url":"https:\/\/v3.atv-parts.hu\/","name":"V3 ATV-PARTS.HU","description":"","publisher":{"@id":"https:\/\/v3.atv-parts.hu\/#organization"},"potentialAction":[{"@type":"SearchAction","target":{"@type":"EntryPoint","urlTemplate":"https:\/\/v3.atv-parts.hu\/?s={search_term_string}"},"query-input":"required name=search_term_string"}],"inLanguage":"hu"},{"@type":"Organization","@id":"https:\/\/v3.atv-parts.hu\/#organization","name":"V3 ATV-PARTS.HU","url":"https:\/\/v3.atv-parts.hu\/","logo":{"@type":"ImageObject","inLanguage":"hu","@id":"https:\/\/v3.atv-parts.hu\/#\/schema\/logo\/image\/","url":"https:\/\/v3.atv-parts.hu\/wp-content\/uploads\/2021\/02\/cropped-cropped-atvlogo-1-1-1.png","contentUrl":"https:\/\/v3.atv-parts.hu\/wp-content\/uploads\/2021\/02\/cropped-cropped-atvlogo-1-1-1.png","width":267,"height":160,"caption":"V3 ATV-PARTS.HU"},"image":{"@id":"https:\/\/v3.atv-parts.hu\/#\/schema\/logo\/image\/"},"sameAs":["https:\/\/www.facebook.com\/atvpartsHU"]}]},"product_price_amount":"9494.52","product_price_currency":"HUF","og_availability":"instock","product_availability":"instock","product_retailer_item_id":"AT-01377","product_condition":"new"},"_links":{"self":[{"href":"https:\/\/v3.atv-parts.hu\/index.php\/wp-json\/wp\/v2\/product\/20301","targetHints":{"allow":["GET"]}}],"collection":[{"href":"https:\/\/v3.atv-parts.hu\/index.php\/wp-json\/wp\/v2\/product"}],"about":[{"href":"https:\/\/v3.atv-parts.hu\/index.php\/wp-json\/wp\/v2\/types\/product"}],"replies":[{"embeddable":true,"href":"https:\/\/v3.atv-parts.hu\/index.php\/wp-json\/wp\/v2\/comments?post=20301"}],"wp:featuredmedia":[{"embeddable":true,"href":"https:\/\/v3.atv-parts.hu\/index.php\/wp-json\/wp\/v2\/media\/20302"}],"wp:attachment":[{"href":"https:\/\/v3.atv-parts.hu\/index.php\/wp-json\/wp\/v2\/media?parent=20301"}],"wp:term":[{"taxonomy":"product_cat","embeddable":true,"href":"https:\/\/v3.atv-parts.hu\/index.php\/wp-json\/wp\/v2\/product_cat?post=20301"},{"taxonomy":"product_tag","embeddable":true,"href":"https:\/\/v3.atv-parts.hu\/index.php\/wp-json\/wp\/v2\/product_tag?post=20301"}],"curies":[{"name":"wp","href":"https:\/\/api.w.org\/{rel}","templated":true}]}}