{"id":20429,"date":"2024-03-26T19:29:02","date_gmt":"2024-03-26T18:29:02","guid":{"rendered":"https:\/\/v3.atv-parts.hu\/index.php\/termek\/bronco-futeses-atv-huvelykuj-futes-fekete-vezerlo-el\/"},"modified":"2025-04-03T08:00:39","modified_gmt":"2025-04-03T06:00:39","slug":"bronco-futeses-atv-huvelykuj-futes-fekete-vezerlo-el","status":"publish","type":"product","link":"https:\/\/v3.atv-parts.hu\/index.php\/termek\/bronco-futeses-atv-huvelykuj-futes-fekete-vezerlo-el\/","title":{"rendered":"BRONCO F\u0170T\u00c9SES ATV + H\u00dcVELYKUJ F\u0170T\u00c9S &#8211; FEKETE VEZ\u00c9RL\u0150 (EL)"},"content":{"rendered":"<p>BRONCO F\u0170T\u00c9SES V\u00c1LT\u00d3K ATV   H\u00dcVELYKUJ F\u0170T\u00c9S &#8211; FEKETE VEZ\u00c9RL\u0150 (EL)<\/p>\n<p>EAN: AT-08318-1<\/p>\n<p>SKU: AT-08318-1<\/p>\n","protected":false},"excerpt":{"rendered":"<p>BRONCO F\u0170T\u00c9SES V\u00c1LT\u00d3K ATV   H\u00dcVELYKUJ F\u0170T\u00c9S &#8211; FEKETE VEZ\u00c9RL\u0150 (EL)<\/p>\n","protected":false},"featured_media":0,"comment_status":"closed","ping_status":"open","template":"","meta":{"_monsterinsights_skip_tracking":false,"_monsterinsights_sitenote_active":false,"_monsterinsights_sitenote_note":"","_monsterinsights_sitenote_category":0},"product_cat":[271,307,270,306],"product_tag":[156,393,677,344,390,357,542,388,440,537,358,359,360,361],"class_list":{"0":"post-20429","1":"product","2":"type-product","3":"status-publish","5":"product_cat-fogantyuk-es-karok","6":"product_cat-futott","7":"product_cat-karosszeria","8":"product_cat-valtokarok","9":"product_tag-atv","10":"product_tag-c-force-450-520","11":"product_tag-c-force-850-1000","12":"product_tag-can-am","13":"product_tag-cf-moto","14":"product_tag-outlander","15":"product_tag-outlander-1000","16":"product_tag-outlander-500","17":"product_tag-outlander-800","18":"product_tag-outlander-egyeb","19":"product_tag-renegade","20":"product_tag-renegade-1000","21":"product_tag-renegade-500-570-650","22":"product_tag-renegade-800-850","23":"pa_marka-bronco","25":"first","26":"instock","27":"taxable","28":"shipping-taxable","29":"purchasable","30":"product-type-simple"},"yoast_head":"<!-- This site is optimized with the Yoast SEO Premium plugin v22.6 (Yoast SEO v22.6) - https:\/\/yoast.com\/wordpress\/plugins\/seo\/ -->\n<title>BRONCO F\u0170T\u00c9SES ATV + H\u00dcVELYKUJ F\u0170T\u00c9S - FEKETE VEZ\u00c9RL\u0150 (EL) - V3 ATV-PARTS.HU<\/title>\n<meta name=\"robots\" content=\"index, follow, max-snippet:-1, max-image-preview:large, max-video-preview:-1\" \/>\n<link rel=\"canonical\" href=\"https:\/\/v3.atv-parts.hu\/index.php\/termek\/bronco-futeses-atv-huvelykuj-futes-fekete-vezerlo-el\/\" \/>\n<meta property=\"og:locale\" content=\"hu_HU\" \/>\n<meta property=\"og:type\" content=\"article\" \/>\n<meta property=\"og:title\" content=\"BRONCO F\u0170T\u00c9SES ATV + H\u00dcVELYKUJ F\u0170T\u00c9S - FEKETE VEZ\u00c9RL\u0150 (EL)\" \/>\n<meta property=\"og:description\" content=\"BRONCO F\u0170T\u00c9SES V\u00c1LT\u00d3K ATV  H\u00dcVELYKUJ F\u0170T\u00c9S - FEKETE VEZ\u00c9RL\u0150 (EL)\" \/>\n<meta property=\"og:url\" content=\"https:\/\/v3.atv-parts.hu\/index.php\/termek\/bronco-futeses-atv-huvelykuj-futes-fekete-vezerlo-el\/\" \/>\n<meta property=\"og:site_name\" content=\"V3 ATV-PARTS.HU\" \/>\n<meta property=\"article:publisher\" content=\"https:\/\/www.facebook.com\/atvpartsHU\" \/>\n<meta property=\"article:modified_time\" content=\"2025-04-03T06:00:39+00:00\" \/>\n<meta name=\"twitter:card\" content=\"summary_large_image\" \/>\n<meta name=\"twitter:label1\" content=\"\u00c1r\" \/>\n\t<meta name=\"twitter:data1\" content=\"29329,38&nbsp;&#70;&#116; \u00c1F\u00c1-val\" \/>\n\t<meta name=\"twitter:label2\" content=\"El\u00e9rhet\u0151s\u00e9g\" \/>\n\t<meta name=\"twitter:data2\" content=\"K\u00e9szleten\" \/>\n<script type=\"application\/ld+json\" class=\"yoast-schema-graph\">{\"@context\":\"https:\/\/schema.org\",\"@graph\":[{\"@type\":\"WebPage\",\"@id\":\"https:\/\/v3.atv-parts.hu\/index.php\/termek\/bronco-futeses-atv-huvelykuj-futes-fekete-vezerlo-el\/\",\"url\":\"https:\/\/v3.atv-parts.hu\/index.php\/termek\/bronco-futeses-atv-huvelykuj-futes-fekete-vezerlo-el\/\",\"name\":\"BRONCO F\u0170T\u00c9SES ATV + H\u00dcVELYKUJ F\u0170T\u00c9S - FEKETE VEZ\u00c9RL\u0150 (EL) - V3 ATV-PARTS.HU\",\"isPartOf\":{\"@id\":\"https:\/\/v3.atv-parts.hu\/#website\"},\"datePublished\":\"2024-03-26T18:29:02+00:00\",\"dateModified\":\"2025-04-03T06:00:39+00:00\",\"breadcrumb\":{\"@id\":\"https:\/\/v3.atv-parts.hu\/index.php\/termek\/bronco-futeses-atv-huvelykuj-futes-fekete-vezerlo-el\/#breadcrumb\"},\"inLanguage\":\"hu\",\"potentialAction\":[{\"@type\":\"ReadAction\",\"target\":[\"https:\/\/v3.atv-parts.hu\/index.php\/termek\/bronco-futeses-atv-huvelykuj-futes-fekete-vezerlo-el\/\"]}]},{\"@type\":\"BreadcrumbList\",\"@id\":\"https:\/\/v3.atv-parts.hu\/index.php\/termek\/bronco-futeses-atv-huvelykuj-futes-fekete-vezerlo-el\/#breadcrumb\",\"itemListElement\":[{\"@type\":\"ListItem\",\"position\":1,\"name\":\"Kezd\u0151lap\",\"item\":\"https:\/\/v3.atv-parts.hu\/\"},{\"@type\":\"ListItem\",\"position\":2,\"name\":\"Bolt\",\"item\":\"https:\/\/v3.atv-parts.hu\/index.php\/bolt\/\"},{\"@type\":\"ListItem\",\"position\":3,\"name\":\"BRONCO F\u0170T\u00c9SES ATV + H\u00dcVELYKUJ F\u0170T\u00c9S &#8211; FEKETE VEZ\u00c9RL\u0150 (EL)\"}]},{\"@type\":\"WebSite\",\"@id\":\"https:\/\/v3.atv-parts.hu\/#website\",\"url\":\"https:\/\/v3.atv-parts.hu\/\",\"name\":\"V3 ATV-PARTS.HU\",\"description\":\"\",\"publisher\":{\"@id\":\"https:\/\/v3.atv-parts.hu\/#organization\"},\"potentialAction\":[{\"@type\":\"SearchAction\",\"target\":{\"@type\":\"EntryPoint\",\"urlTemplate\":\"https:\/\/v3.atv-parts.hu\/?s={search_term_string}\"},\"query-input\":\"required name=search_term_string\"}],\"inLanguage\":\"hu\"},{\"@type\":\"Organization\",\"@id\":\"https:\/\/v3.atv-parts.hu\/#organization\",\"name\":\"V3 ATV-PARTS.HU\",\"url\":\"https:\/\/v3.atv-parts.hu\/\",\"logo\":{\"@type\":\"ImageObject\",\"inLanguage\":\"hu\",\"@id\":\"https:\/\/v3.atv-parts.hu\/#\/schema\/logo\/image\/\",\"url\":\"https:\/\/v3.atv-parts.hu\/wp-content\/uploads\/2021\/02\/cropped-cropped-atvlogo-1-1-1.png\",\"contentUrl\":\"https:\/\/v3.atv-parts.hu\/wp-content\/uploads\/2021\/02\/cropped-cropped-atvlogo-1-1-1.png\",\"width\":267,\"height\":160,\"caption\":\"V3 ATV-PARTS.HU\"},\"image\":{\"@id\":\"https:\/\/v3.atv-parts.hu\/#\/schema\/logo\/image\/\"},\"sameAs\":[\"https:\/\/www.facebook.com\/atvpartsHU\"]}]}<\/script>\n<meta property=\"product:price:amount\" content=\"29329.38\" \/>\n<meta property=\"product:price:currency\" content=\"HUF\" \/>\n<meta property=\"og:availability\" content=\"instock\" \/>\n<meta property=\"product:availability\" content=\"instock\" \/>\n<meta property=\"product:retailer_item_id\" content=\"AT-08318-1\" \/>\n<meta property=\"product:condition\" content=\"new\" \/>\n<!-- \/ Yoast SEO Premium plugin. -->","yoast_head_json":{"title":"BRONCO F\u0170T\u00c9SES ATV + H\u00dcVELYKUJ F\u0170T\u00c9S - FEKETE VEZ\u00c9RL\u0150 (EL) - V3 ATV-PARTS.HU","robots":{"index":"index","follow":"follow","max-snippet":"max-snippet:-1","max-image-preview":"max-image-preview:large","max-video-preview":"max-video-preview:-1"},"canonical":"https:\/\/v3.atv-parts.hu\/index.php\/termek\/bronco-futeses-atv-huvelykuj-futes-fekete-vezerlo-el\/","og_locale":"hu_HU","og_type":"article","og_title":"BRONCO F\u0170T\u00c9SES ATV + H\u00dcVELYKUJ F\u0170T\u00c9S - FEKETE VEZ\u00c9RL\u0150 (EL)","og_description":"BRONCO F\u0170T\u00c9SES V\u00c1LT\u00d3K ATV  H\u00dcVELYKUJ F\u0170T\u00c9S - FEKETE VEZ\u00c9RL\u0150 (EL)","og_url":"https:\/\/v3.atv-parts.hu\/index.php\/termek\/bronco-futeses-atv-huvelykuj-futes-fekete-vezerlo-el\/","og_site_name":"V3 ATV-PARTS.HU","article_publisher":"https:\/\/www.facebook.com\/atvpartsHU","article_modified_time":"2025-04-03T06:00:39+00:00","twitter_card":"summary_large_image","twitter_misc":{"\u00c1r":"29329,38&nbsp;&#70;&#116; \u00c1F\u00c1-val","El\u00e9rhet\u0151s\u00e9g":"K\u00e9szleten"},"schema":{"@context":"https:\/\/schema.org","@graph":[{"@type":"WebPage","@id":"https:\/\/v3.atv-parts.hu\/index.php\/termek\/bronco-futeses-atv-huvelykuj-futes-fekete-vezerlo-el\/","url":"https:\/\/v3.atv-parts.hu\/index.php\/termek\/bronco-futeses-atv-huvelykuj-futes-fekete-vezerlo-el\/","name":"BRONCO F\u0170T\u00c9SES ATV + H\u00dcVELYKUJ F\u0170T\u00c9S - FEKETE VEZ\u00c9RL\u0150 (EL) - V3 ATV-PARTS.HU","isPartOf":{"@id":"https:\/\/v3.atv-parts.hu\/#website"},"datePublished":"2024-03-26T18:29:02+00:00","dateModified":"2025-04-03T06:00:39+00:00","breadcrumb":{"@id":"https:\/\/v3.atv-parts.hu\/index.php\/termek\/bronco-futeses-atv-huvelykuj-futes-fekete-vezerlo-el\/#breadcrumb"},"inLanguage":"hu","potentialAction":[{"@type":"ReadAction","target":["https:\/\/v3.atv-parts.hu\/index.php\/termek\/bronco-futeses-atv-huvelykuj-futes-fekete-vezerlo-el\/"]}]},{"@type":"BreadcrumbList","@id":"https:\/\/v3.atv-parts.hu\/index.php\/termek\/bronco-futeses-atv-huvelykuj-futes-fekete-vezerlo-el\/#breadcrumb","itemListElement":[{"@type":"ListItem","position":1,"name":"Kezd\u0151lap","item":"https:\/\/v3.atv-parts.hu\/"},{"@type":"ListItem","position":2,"name":"Bolt","item":"https:\/\/v3.atv-parts.hu\/index.php\/bolt\/"},{"@type":"ListItem","position":3,"name":"BRONCO F\u0170T\u00c9SES ATV + H\u00dcVELYKUJ F\u0170T\u00c9S &#8211; FEKETE VEZ\u00c9RL\u0150 (EL)"}]},{"@type":"WebSite","@id":"https:\/\/v3.atv-parts.hu\/#website","url":"https:\/\/v3.atv-parts.hu\/","name":"V3 ATV-PARTS.HU","description":"","publisher":{"@id":"https:\/\/v3.atv-parts.hu\/#organization"},"potentialAction":[{"@type":"SearchAction","target":{"@type":"EntryPoint","urlTemplate":"https:\/\/v3.atv-parts.hu\/?s={search_term_string}"},"query-input":"required name=search_term_string"}],"inLanguage":"hu"},{"@type":"Organization","@id":"https:\/\/v3.atv-parts.hu\/#organization","name":"V3 ATV-PARTS.HU","url":"https:\/\/v3.atv-parts.hu\/","logo":{"@type":"ImageObject","inLanguage":"hu","@id":"https:\/\/v3.atv-parts.hu\/#\/schema\/logo\/image\/","url":"https:\/\/v3.atv-parts.hu\/wp-content\/uploads\/2021\/02\/cropped-cropped-atvlogo-1-1-1.png","contentUrl":"https:\/\/v3.atv-parts.hu\/wp-content\/uploads\/2021\/02\/cropped-cropped-atvlogo-1-1-1.png","width":267,"height":160,"caption":"V3 ATV-PARTS.HU"},"image":{"@id":"https:\/\/v3.atv-parts.hu\/#\/schema\/logo\/image\/"},"sameAs":["https:\/\/www.facebook.com\/atvpartsHU"]}]},"product_price_amount":"29329.38","product_price_currency":"HUF","og_availability":"instock","product_availability":"instock","product_retailer_item_id":"AT-08318-1","product_condition":"new"},"_links":{"self":[{"href":"https:\/\/v3.atv-parts.hu\/index.php\/wp-json\/wp\/v2\/product\/20429","targetHints":{"allow":["GET"]}}],"collection":[{"href":"https:\/\/v3.atv-parts.hu\/index.php\/wp-json\/wp\/v2\/product"}],"about":[{"href":"https:\/\/v3.atv-parts.hu\/index.php\/wp-json\/wp\/v2\/types\/product"}],"replies":[{"embeddable":true,"href":"https:\/\/v3.atv-parts.hu\/index.php\/wp-json\/wp\/v2\/comments?post=20429"}],"wp:attachment":[{"href":"https:\/\/v3.atv-parts.hu\/index.php\/wp-json\/wp\/v2\/media?parent=20429"}],"wp:term":[{"taxonomy":"product_cat","embeddable":true,"href":"https:\/\/v3.atv-parts.hu\/index.php\/wp-json\/wp\/v2\/product_cat?post=20429"},{"taxonomy":"product_tag","embeddable":true,"href":"https:\/\/v3.atv-parts.hu\/index.php\/wp-json\/wp\/v2\/product_tag?post=20429"}],"curies":[{"name":"wp","href":"https:\/\/api.w.org\/{rel}","templated":true}]}}