{"id":21405,"date":"2024-03-26T19:48:04","date_gmt":"2024-03-26T18:48:04","guid":{"rendered":"https:\/\/v3.atv-parts.hu\/index.php\/termek\/caberg-promocio-fip-up-enduro-sisak-tourmax-modell-pinlock-szin-feher-fem-meret-xs-5-5-csillag-a-shar-tesztekben\/"},"modified":"2024-05-03T13:38:11","modified_gmt":"2024-05-03T11:38:11","slug":"caberg-promocio-fip-up-enduro-sisak-tourmax-modell-pinlock-szin-feher-fem-meret-xs-5-5-csillag-a-shar-tesztekben","status":"publish","type":"product","link":"https:\/\/v3.atv-parts.hu\/index.php\/termek\/caberg-promocio-fip-up-enduro-sisak-tourmax-modell-pinlock-szin-feher-fem-meret-xs-5-5-csillag-a-shar-tesztekben\/","title":{"rendered":"CABERG PROM\u00d3CI\u00d3 FIP-UP ENDURO SIsak TOURMAX MODELL (PINLOCK) SZ\u00cdN FEH\u00c9R F\u00c9M M\u00c9RET XS (5\/5 CSILLAG A SHAR TESZTEKBEN"},"content":{"rendered":"<p>CABERG PROM\u00d3CI\u00d3 FIP-UP ENDURO SIsak TOURMAX MODELL (PINLOCK) SZ\u00cdN FEH\u00c9R F\u00c9M M\u00c9RET XS (5\/5 CSILLAG A SHAR TESZTEKBEN<\/p>\n<p>EAN: 8002391032907<\/p>\n<p>SKU: C0FA00A5\/XS<\/p>\n","protected":false},"excerpt":{"rendered":"<p>CABERG PROM\u00d3CI\u00d3 FIP-UP ENDURO SIsak TOURMAX MODELL (PINLOCK) SZ\u00cdN FEH\u00c9R F\u00c9M M\u00c9RET XS (5\/5 CSILLAG A SHAR TESZTEKBEN<\/p>\n","protected":false},"featured_media":21402,"comment_status":"closed","ping_status":"open","template":"","meta":{"_monsterinsights_skip_tracking":false,"_monsterinsights_sitenote_active":false,"_monsterinsights_sitenote_note":"","_monsterinsights_sitenote_category":0},"product_cat":[714,278],"product_tag":[280,262],"class_list":{"0":"post-21405","1":"product","2":"type-product","3":"status-publish","4":"has-post-thumbnail","6":"product_cat-maxillaris","7":"product_cat-sisakok-es-szemuvegek","8":"product_tag-bukosisakok","9":"product_tag-ruhazat","10":"pa_marka-caberg","12":"first","13":"instock","14":"taxable","15":"shipping-taxable","16":"purchasable","17":"product-type-simple"},"yoast_head":"<!-- This site is optimized with the Yoast SEO Premium plugin v22.6 (Yoast SEO v22.6) - https:\/\/yoast.com\/wordpress\/plugins\/seo\/ -->\n<title>CABERG PROM\u00d3CI\u00d3 FIP-UP ENDURO SIsak TOURMAX MODELL (PINLOCK) SZ\u00cdN FEH\u00c9R F\u00c9M M\u00c9RET XS (5\/5 CSILLAG A SHAR TESZTEKBEN - V3 ATV-PARTS.HU<\/title>\n<meta name=\"robots\" content=\"index, follow, max-snippet:-1, max-image-preview:large, max-video-preview:-1\" \/>\n<link rel=\"canonical\" href=\"https:\/\/v3.atv-parts.hu\/index.php\/termek\/caberg-promocio-fip-up-enduro-sisak-tourmax-modell-pinlock-szin-feher-fem-meret-xs-5-5-csillag-a-shar-tesztekben\/\" \/>\n<meta property=\"og:locale\" content=\"hu_HU\" \/>\n<meta property=\"og:type\" content=\"article\" \/>\n<meta property=\"og:title\" content=\"CABERG PROM\u00d3CI\u00d3 FIP-UP ENDURO SIsak TOURMAX MODELL (PINLOCK) SZ\u00cdN FEH\u00c9R F\u00c9M M\u00c9RET XS (5\/5 CSILLAG A SHAR TESZTEKBEN\" \/>\n<meta property=\"og:description\" content=\"CABERG PROM\u00d3CI\u00d3 FIP-UP ENDURO SIsak TOURMAX MODELL (PINLOCK) SZ\u00cdN FEH\u00c9R F\u00c9M M\u00c9RET XS (5\/5 CSILLAG A SHAR TESZTEKBEN\" \/>\n<meta property=\"og:url\" content=\"https:\/\/v3.atv-parts.hu\/index.php\/termek\/caberg-promocio-fip-up-enduro-sisak-tourmax-modell-pinlock-szin-feher-fem-meret-xs-5-5-csillag-a-shar-tesztekben\/\" \/>\n<meta property=\"og:site_name\" content=\"V3 ATV-PARTS.HU\" \/>\n<meta property=\"article:publisher\" content=\"https:\/\/www.facebook.com\/atvpartsHU\" \/>\n<meta property=\"article:modified_time\" content=\"2024-05-03T11:38:11+00:00\" \/>\n<meta property=\"og:image\" content=\"https:\/\/v3.atv-parts.hu\/wp-content\/uploads\/2024\/03\/caberg-2019-promocja-kask-szczekowy-flip-up-endu.jpg\" \/>\n\t<meta property=\"og:image:width\" content=\"1200\" \/>\n\t<meta property=\"og:image:height\" content=\"1200\" \/>\n\t<meta property=\"og:image:type\" content=\"image\/jpeg\" \/>\n<meta name=\"twitter:card\" content=\"summary_large_image\" \/>\n<meta name=\"twitter:label1\" content=\"\u00c1r\" \/>\n\t<meta name=\"twitter:data1\" content=\"79589,63&nbsp;&#70;&#116; \u00c1F\u00c1-val\" \/>\n\t<meta name=\"twitter:label2\" content=\"El\u00e9rhet\u0151s\u00e9g\" \/>\n\t<meta name=\"twitter:data2\" content=\"K\u00e9szleten\" \/>\n<script type=\"application\/ld+json\" class=\"yoast-schema-graph\">{\"@context\":\"https:\/\/schema.org\",\"@graph\":[{\"@type\":\"WebPage\",\"@id\":\"https:\/\/v3.atv-parts.hu\/index.php\/termek\/caberg-promocio-fip-up-enduro-sisak-tourmax-modell-pinlock-szin-feher-fem-meret-xs-5-5-csillag-a-shar-tesztekben\/\",\"url\":\"https:\/\/v3.atv-parts.hu\/index.php\/termek\/caberg-promocio-fip-up-enduro-sisak-tourmax-modell-pinlock-szin-feher-fem-meret-xs-5-5-csillag-a-shar-tesztekben\/\",\"name\":\"CABERG PROM\u00d3CI\u00d3 FIP-UP ENDURO SIsak TOURMAX MODELL (PINLOCK) SZ\u00cdN FEH\u00c9R F\u00c9M M\u00c9RET XS (5\/5 CSILLAG A SHAR TESZTEKBEN - V3 ATV-PARTS.HU\",\"isPartOf\":{\"@id\":\"https:\/\/v3.atv-parts.hu\/#website\"},\"primaryImageOfPage\":{\"@id\":\"https:\/\/v3.atv-parts.hu\/index.php\/termek\/caberg-promocio-fip-up-enduro-sisak-tourmax-modell-pinlock-szin-feher-fem-meret-xs-5-5-csillag-a-shar-tesztekben\/#primaryimage\"},\"image\":{\"@id\":\"https:\/\/v3.atv-parts.hu\/index.php\/termek\/caberg-promocio-fip-up-enduro-sisak-tourmax-modell-pinlock-szin-feher-fem-meret-xs-5-5-csillag-a-shar-tesztekben\/#primaryimage\"},\"thumbnailUrl\":\"https:\/\/v3.atv-parts.hu\/wp-content\/uploads\/2024\/03\/caberg-2019-promocja-kask-szczekowy-flip-up-endu.jpg\",\"datePublished\":\"2024-03-26T18:48:04+00:00\",\"dateModified\":\"2024-05-03T11:38:11+00:00\",\"breadcrumb\":{\"@id\":\"https:\/\/v3.atv-parts.hu\/index.php\/termek\/caberg-promocio-fip-up-enduro-sisak-tourmax-modell-pinlock-szin-feher-fem-meret-xs-5-5-csillag-a-shar-tesztekben\/#breadcrumb\"},\"inLanguage\":\"hu\",\"potentialAction\":[{\"@type\":\"ReadAction\",\"target\":[\"https:\/\/v3.atv-parts.hu\/index.php\/termek\/caberg-promocio-fip-up-enduro-sisak-tourmax-modell-pinlock-szin-feher-fem-meret-xs-5-5-csillag-a-shar-tesztekben\/\"]}]},{\"@type\":\"ImageObject\",\"inLanguage\":\"hu\",\"@id\":\"https:\/\/v3.atv-parts.hu\/index.php\/termek\/caberg-promocio-fip-up-enduro-sisak-tourmax-modell-pinlock-szin-feher-fem-meret-xs-5-5-csillag-a-shar-tesztekben\/#primaryimage\",\"url\":\"https:\/\/v3.atv-parts.hu\/wp-content\/uploads\/2024\/03\/caberg-2019-promocja-kask-szczekowy-flip-up-endu.jpg\",\"contentUrl\":\"https:\/\/v3.atv-parts.hu\/wp-content\/uploads\/2024\/03\/caberg-2019-promocja-kask-szczekowy-flip-up-endu.jpg\",\"width\":1200,\"height\":1200},{\"@type\":\"BreadcrumbList\",\"@id\":\"https:\/\/v3.atv-parts.hu\/index.php\/termek\/caberg-promocio-fip-up-enduro-sisak-tourmax-modell-pinlock-szin-feher-fem-meret-xs-5-5-csillag-a-shar-tesztekben\/#breadcrumb\",\"itemListElement\":[{\"@type\":\"ListItem\",\"position\":1,\"name\":\"Kezd\u0151lap\",\"item\":\"https:\/\/v3.atv-parts.hu\/\"},{\"@type\":\"ListItem\",\"position\":2,\"name\":\"Bolt\",\"item\":\"https:\/\/v3.atv-parts.hu\/index.php\/bolt\/\"},{\"@type\":\"ListItem\",\"position\":3,\"name\":\"CABERG PROM\u00d3CI\u00d3 FIP-UP ENDURO SIsak TOURMAX MODELL (PINLOCK) SZ\u00cdN FEH\u00c9R F\u00c9M M\u00c9RET XS (5\/5 CSILLAG A SHAR TESZTEKBEN\"}]},{\"@type\":\"WebSite\",\"@id\":\"https:\/\/v3.atv-parts.hu\/#website\",\"url\":\"https:\/\/v3.atv-parts.hu\/\",\"name\":\"V3 ATV-PARTS.HU\",\"description\":\"\",\"publisher\":{\"@id\":\"https:\/\/v3.atv-parts.hu\/#organization\"},\"potentialAction\":[{\"@type\":\"SearchAction\",\"target\":{\"@type\":\"EntryPoint\",\"urlTemplate\":\"https:\/\/v3.atv-parts.hu\/?s={search_term_string}\"},\"query-input\":\"required name=search_term_string\"}],\"inLanguage\":\"hu\"},{\"@type\":\"Organization\",\"@id\":\"https:\/\/v3.atv-parts.hu\/#organization\",\"name\":\"V3 ATV-PARTS.HU\",\"url\":\"https:\/\/v3.atv-parts.hu\/\",\"logo\":{\"@type\":\"ImageObject\",\"inLanguage\":\"hu\",\"@id\":\"https:\/\/v3.atv-parts.hu\/#\/schema\/logo\/image\/\",\"url\":\"https:\/\/v3.atv-parts.hu\/wp-content\/uploads\/2021\/02\/cropped-cropped-atvlogo-1-1-1.png\",\"contentUrl\":\"https:\/\/v3.atv-parts.hu\/wp-content\/uploads\/2021\/02\/cropped-cropped-atvlogo-1-1-1.png\",\"width\":267,\"height\":160,\"caption\":\"V3 ATV-PARTS.HU\"},\"image\":{\"@id\":\"https:\/\/v3.atv-parts.hu\/#\/schema\/logo\/image\/\"},\"sameAs\":[\"https:\/\/www.facebook.com\/atvpartsHU\"]}]}<\/script>\n<meta property=\"product:price:amount\" content=\"79589.63\" \/>\n<meta property=\"product:price:currency\" content=\"HUF\" \/>\n<meta property=\"og:availability\" content=\"instock\" \/>\n<meta property=\"product:availability\" content=\"instock\" \/>\n<meta property=\"product:retailer_item_id\" content=\"C0FA00A5\/XS\" \/>\n<meta property=\"product:condition\" content=\"new\" \/>\n<!-- \/ Yoast SEO Premium plugin. -->","yoast_head_json":{"title":"CABERG PROM\u00d3CI\u00d3 FIP-UP ENDURO SIsak TOURMAX MODELL (PINLOCK) SZ\u00cdN FEH\u00c9R F\u00c9M M\u00c9RET XS (5\/5 CSILLAG A SHAR TESZTEKBEN - V3 ATV-PARTS.HU","robots":{"index":"index","follow":"follow","max-snippet":"max-snippet:-1","max-image-preview":"max-image-preview:large","max-video-preview":"max-video-preview:-1"},"canonical":"https:\/\/v3.atv-parts.hu\/index.php\/termek\/caberg-promocio-fip-up-enduro-sisak-tourmax-modell-pinlock-szin-feher-fem-meret-xs-5-5-csillag-a-shar-tesztekben\/","og_locale":"hu_HU","og_type":"article","og_title":"CABERG PROM\u00d3CI\u00d3 FIP-UP ENDURO SIsak TOURMAX MODELL (PINLOCK) SZ\u00cdN FEH\u00c9R F\u00c9M M\u00c9RET XS (5\/5 CSILLAG A SHAR TESZTEKBEN","og_description":"CABERG PROM\u00d3CI\u00d3 FIP-UP ENDURO SIsak TOURMAX MODELL (PINLOCK) SZ\u00cdN FEH\u00c9R F\u00c9M M\u00c9RET XS (5\/5 CSILLAG A SHAR TESZTEKBEN","og_url":"https:\/\/v3.atv-parts.hu\/index.php\/termek\/caberg-promocio-fip-up-enduro-sisak-tourmax-modell-pinlock-szin-feher-fem-meret-xs-5-5-csillag-a-shar-tesztekben\/","og_site_name":"V3 ATV-PARTS.HU","article_publisher":"https:\/\/www.facebook.com\/atvpartsHU","article_modified_time":"2024-05-03T11:38:11+00:00","og_image":[{"width":1200,"height":1200,"url":"https:\/\/v3.atv-parts.hu\/wp-content\/uploads\/2024\/03\/caberg-2019-promocja-kask-szczekowy-flip-up-endu.jpg","type":"image\/jpeg"}],"twitter_card":"summary_large_image","twitter_misc":{"\u00c1r":"79589,63&nbsp;&#70;&#116; \u00c1F\u00c1-val","El\u00e9rhet\u0151s\u00e9g":"K\u00e9szleten"},"schema":{"@context":"https:\/\/schema.org","@graph":[{"@type":"WebPage","@id":"https:\/\/v3.atv-parts.hu\/index.php\/termek\/caberg-promocio-fip-up-enduro-sisak-tourmax-modell-pinlock-szin-feher-fem-meret-xs-5-5-csillag-a-shar-tesztekben\/","url":"https:\/\/v3.atv-parts.hu\/index.php\/termek\/caberg-promocio-fip-up-enduro-sisak-tourmax-modell-pinlock-szin-feher-fem-meret-xs-5-5-csillag-a-shar-tesztekben\/","name":"CABERG PROM\u00d3CI\u00d3 FIP-UP ENDURO SIsak TOURMAX MODELL (PINLOCK) SZ\u00cdN FEH\u00c9R F\u00c9M M\u00c9RET XS (5\/5 CSILLAG A SHAR TESZTEKBEN - V3 ATV-PARTS.HU","isPartOf":{"@id":"https:\/\/v3.atv-parts.hu\/#website"},"primaryImageOfPage":{"@id":"https:\/\/v3.atv-parts.hu\/index.php\/termek\/caberg-promocio-fip-up-enduro-sisak-tourmax-modell-pinlock-szin-feher-fem-meret-xs-5-5-csillag-a-shar-tesztekben\/#primaryimage"},"image":{"@id":"https:\/\/v3.atv-parts.hu\/index.php\/termek\/caberg-promocio-fip-up-enduro-sisak-tourmax-modell-pinlock-szin-feher-fem-meret-xs-5-5-csillag-a-shar-tesztekben\/#primaryimage"},"thumbnailUrl":"https:\/\/v3.atv-parts.hu\/wp-content\/uploads\/2024\/03\/caberg-2019-promocja-kask-szczekowy-flip-up-endu.jpg","datePublished":"2024-03-26T18:48:04+00:00","dateModified":"2024-05-03T11:38:11+00:00","breadcrumb":{"@id":"https:\/\/v3.atv-parts.hu\/index.php\/termek\/caberg-promocio-fip-up-enduro-sisak-tourmax-modell-pinlock-szin-feher-fem-meret-xs-5-5-csillag-a-shar-tesztekben\/#breadcrumb"},"inLanguage":"hu","potentialAction":[{"@type":"ReadAction","target":["https:\/\/v3.atv-parts.hu\/index.php\/termek\/caberg-promocio-fip-up-enduro-sisak-tourmax-modell-pinlock-szin-feher-fem-meret-xs-5-5-csillag-a-shar-tesztekben\/"]}]},{"@type":"ImageObject","inLanguage":"hu","@id":"https:\/\/v3.atv-parts.hu\/index.php\/termek\/caberg-promocio-fip-up-enduro-sisak-tourmax-modell-pinlock-szin-feher-fem-meret-xs-5-5-csillag-a-shar-tesztekben\/#primaryimage","url":"https:\/\/v3.atv-parts.hu\/wp-content\/uploads\/2024\/03\/caberg-2019-promocja-kask-szczekowy-flip-up-endu.jpg","contentUrl":"https:\/\/v3.atv-parts.hu\/wp-content\/uploads\/2024\/03\/caberg-2019-promocja-kask-szczekowy-flip-up-endu.jpg","width":1200,"height":1200},{"@type":"BreadcrumbList","@id":"https:\/\/v3.atv-parts.hu\/index.php\/termek\/caberg-promocio-fip-up-enduro-sisak-tourmax-modell-pinlock-szin-feher-fem-meret-xs-5-5-csillag-a-shar-tesztekben\/#breadcrumb","itemListElement":[{"@type":"ListItem","position":1,"name":"Kezd\u0151lap","item":"https:\/\/v3.atv-parts.hu\/"},{"@type":"ListItem","position":2,"name":"Bolt","item":"https:\/\/v3.atv-parts.hu\/index.php\/bolt\/"},{"@type":"ListItem","position":3,"name":"CABERG PROM\u00d3CI\u00d3 FIP-UP ENDURO SIsak TOURMAX MODELL (PINLOCK) SZ\u00cdN FEH\u00c9R F\u00c9M M\u00c9RET XS (5\/5 CSILLAG A SHAR TESZTEKBEN"}]},{"@type":"WebSite","@id":"https:\/\/v3.atv-parts.hu\/#website","url":"https:\/\/v3.atv-parts.hu\/","name":"V3 ATV-PARTS.HU","description":"","publisher":{"@id":"https:\/\/v3.atv-parts.hu\/#organization"},"potentialAction":[{"@type":"SearchAction","target":{"@type":"EntryPoint","urlTemplate":"https:\/\/v3.atv-parts.hu\/?s={search_term_string}"},"query-input":"required name=search_term_string"}],"inLanguage":"hu"},{"@type":"Organization","@id":"https:\/\/v3.atv-parts.hu\/#organization","name":"V3 ATV-PARTS.HU","url":"https:\/\/v3.atv-parts.hu\/","logo":{"@type":"ImageObject","inLanguage":"hu","@id":"https:\/\/v3.atv-parts.hu\/#\/schema\/logo\/image\/","url":"https:\/\/v3.atv-parts.hu\/wp-content\/uploads\/2021\/02\/cropped-cropped-atvlogo-1-1-1.png","contentUrl":"https:\/\/v3.atv-parts.hu\/wp-content\/uploads\/2021\/02\/cropped-cropped-atvlogo-1-1-1.png","width":267,"height":160,"caption":"V3 ATV-PARTS.HU"},"image":{"@id":"https:\/\/v3.atv-parts.hu\/#\/schema\/logo\/image\/"},"sameAs":["https:\/\/www.facebook.com\/atvpartsHU"]}]},"product_price_amount":"79589.63","product_price_currency":"HUF","og_availability":"instock","product_availability":"instock","product_retailer_item_id":"C0FA00A5\/XS","product_condition":"new"},"_links":{"self":[{"href":"https:\/\/v3.atv-parts.hu\/index.php\/wp-json\/wp\/v2\/product\/21405","targetHints":{"allow":["GET"]}}],"collection":[{"href":"https:\/\/v3.atv-parts.hu\/index.php\/wp-json\/wp\/v2\/product"}],"about":[{"href":"https:\/\/v3.atv-parts.hu\/index.php\/wp-json\/wp\/v2\/types\/product"}],"replies":[{"embeddable":true,"href":"https:\/\/v3.atv-parts.hu\/index.php\/wp-json\/wp\/v2\/comments?post=21405"}],"wp:featuredmedia":[{"embeddable":true,"href":"https:\/\/v3.atv-parts.hu\/index.php\/wp-json\/wp\/v2\/media\/21402"}],"wp:attachment":[{"href":"https:\/\/v3.atv-parts.hu\/index.php\/wp-json\/wp\/v2\/media?parent=21405"}],"wp:term":[{"taxonomy":"product_cat","embeddable":true,"href":"https:\/\/v3.atv-parts.hu\/index.php\/wp-json\/wp\/v2\/product_cat?post=21405"},{"taxonomy":"product_tag","embeddable":true,"href":"https:\/\/v3.atv-parts.hu\/index.php\/wp-json\/wp\/v2\/product_tag?post=21405"}],"curies":[{"name":"wp","href":"https:\/\/api.w.org\/{rel}","templated":true}]}}