{"id":2308,"date":"2024-03-26T14:34:02","date_gmt":"2024-03-26T13:34:02","guid":{"rendered":"https:\/\/v3.atv-parts.hu\/index.php\/termek\/prox-dugattyu-yamaha-yfm-660-yfm660-r-raptor-01-05-grizzly-rhino-02-08-10000mm-nevleges\/"},"modified":"2024-05-03T11:24:14","modified_gmt":"2024-05-03T09:24:14","slug":"prox-dugattyu-yamaha-yfm-660-yfm660-r-raptor-01-05-grizzly-rhino-02-08-10000mm-nevleges","status":"publish","type":"product","link":"https:\/\/v3.atv-parts.hu\/index.php\/termek\/prox-dugattyu-yamaha-yfm-660-yfm660-r-raptor-01-05-grizzly-rhino-02-08-10000mm-nevleges\/","title":{"rendered":"PROX DUGATTY\u00da YAMAHA YFM 660 (YFM660) R RAPTOR &#8217;01 -&#8217;05, GRIZZLY \/ RHINO &#8217;02 -&#8217;08 (100,00MM) -N\u00c9VLEGES"},"content":{"rendered":"<p>PROX DUGATTY\u00da YAMAHA YFM 660 (YFM660) R RAPTOR &#8217;01 -&#8217;05, GRIZZLY \/ RHINO &#8217;02 -&#8217;08 (100,00MM) -N\u00c9VLEGES<\/p>\n<p>EAN: 01.2660.000<\/p>\n<p>SKU: 01.2660.000<\/p>\n","protected":false},"excerpt":{"rendered":"<p>PROX DUGATTY\u00da YAMAHA YFM 660 (YFM660) R RAPTOR &#8217;01 -&#8217;05, GRIZZLY \/ RHINO &#8217;02 -&#8217;08 (100,00MM) -N\u00c9VLEGES<\/p>\n","protected":false},"featured_media":2309,"comment_status":"closed","ping_status":"open","template":"","meta":{"_monsterinsights_skip_tracking":false,"_monsterinsights_sitenote_active":false,"_monsterinsights_sitenote_note":"","_monsterinsights_sitenote_category":0},"product_cat":[162,154,153],"product_tag":[156,157,159,164,172,170],"class_list":{"0":"post-2308","1":"product","2":"type-product","3":"status-publish","4":"has-post-thumbnail","6":"product_cat-dugattyuk-4t-motorokhoz","7":"product_cat-dugattyuk-gyuruk-csapok","8":"product_cat-motor","9":"product_tag-atv","10":"product_tag-cross","11":"product_tag-kawasaki","12":"product_tag-yamaha","13":"product_tag-yfm-660","14":"product_tag-yfm","15":"pa_marka-prox","17":"first","18":"instock","19":"taxable","20":"shipping-taxable","21":"purchasable","22":"product-type-simple"},"yoast_head":"<!-- This site is optimized with the Yoast SEO Premium plugin v22.6 (Yoast SEO v22.6) - https:\/\/yoast.com\/wordpress\/plugins\/seo\/ -->\n<title>PROX DUGATTY\u00da YAMAHA YFM 660 (YFM660) R RAPTOR &#039;01 -&#039;05, GRIZZLY \/ RHINO &#039;02 -&#039;08 (100,00MM) -N\u00c9VLEGES - V3 ATV-PARTS.HU<\/title>\n<meta name=\"robots\" content=\"index, follow, max-snippet:-1, max-image-preview:large, max-video-preview:-1\" \/>\n<link rel=\"canonical\" href=\"https:\/\/v3.atv-parts.hu\/index.php\/termek\/prox-dugattyu-yamaha-yfm-660-yfm660-r-raptor-01-05-grizzly-rhino-02-08-10000mm-nevleges\/\" \/>\n<meta property=\"og:locale\" content=\"hu_HU\" \/>\n<meta property=\"og:type\" content=\"article\" \/>\n<meta property=\"og:title\" content=\"PROX DUGATTY\u00da YAMAHA YFM 660 (YFM660) R RAPTOR &#039;01 -&#039;05, GRIZZLY \/ RHINO &#039;02 -&#039;08 (100,00MM) -N\u00c9VLEGES\" \/>\n<meta property=\"og:description\" content=\"PROX DUGATTY\u00da YAMAHA YFM 660 (YFM660) R RAPTOR &#039;01 -&#039;05, GRIZZLY \/ RHINO &#039;02 -&#039;08 (100,00MM) -N\u00c9VLEGES\" \/>\n<meta property=\"og:url\" content=\"https:\/\/v3.atv-parts.hu\/index.php\/termek\/prox-dugattyu-yamaha-yfm-660-yfm660-r-raptor-01-05-grizzly-rhino-02-08-10000mm-nevleges\/\" \/>\n<meta property=\"og:site_name\" content=\"V3 ATV-PARTS.HU\" \/>\n<meta property=\"article:publisher\" content=\"https:\/\/www.facebook.com\/atvpartsHU\" \/>\n<meta property=\"article:modified_time\" content=\"2024-05-03T09:24:14+00:00\" \/>\n<meta property=\"og:image\" content=\"https:\/\/v3.atv-parts.hu\/wp-content\/uploads\/2024\/03\/prox-tlok-yamaha-yfm-660-yfm660-r-raptor-01-05.jpg\" \/>\n\t<meta property=\"og:image:width\" content=\"1620\" \/>\n\t<meta property=\"og:image:height\" content=\"1080\" \/>\n\t<meta property=\"og:image:type\" content=\"image\/jpeg\" \/>\n<meta name=\"twitter:card\" content=\"summary_large_image\" \/>\n<meta name=\"twitter:label1\" content=\"\u00c1r\" \/>\n\t<meta name=\"twitter:data1\" content=\"58516,52&nbsp;&#70;&#116; \u00c1F\u00c1-val\" \/>\n\t<meta name=\"twitter:label2\" content=\"El\u00e9rhet\u0151s\u00e9g\" \/>\n\t<meta name=\"twitter:data2\" content=\"K\u00e9szleten\" \/>\n<script type=\"application\/ld+json\" class=\"yoast-schema-graph\">{\"@context\":\"https:\/\/schema.org\",\"@graph\":[{\"@type\":\"WebPage\",\"@id\":\"https:\/\/v3.atv-parts.hu\/index.php\/termek\/prox-dugattyu-yamaha-yfm-660-yfm660-r-raptor-01-05-grizzly-rhino-02-08-10000mm-nevleges\/\",\"url\":\"https:\/\/v3.atv-parts.hu\/index.php\/termek\/prox-dugattyu-yamaha-yfm-660-yfm660-r-raptor-01-05-grizzly-rhino-02-08-10000mm-nevleges\/\",\"name\":\"PROX DUGATTY\u00da YAMAHA YFM 660 (YFM660) R RAPTOR '01 -'05, GRIZZLY \/ RHINO '02 -'08 (100,00MM) -N\u00c9VLEGES - V3 ATV-PARTS.HU\",\"isPartOf\":{\"@id\":\"https:\/\/v3.atv-parts.hu\/#website\"},\"primaryImageOfPage\":{\"@id\":\"https:\/\/v3.atv-parts.hu\/index.php\/termek\/prox-dugattyu-yamaha-yfm-660-yfm660-r-raptor-01-05-grizzly-rhino-02-08-10000mm-nevleges\/#primaryimage\"},\"image\":{\"@id\":\"https:\/\/v3.atv-parts.hu\/index.php\/termek\/prox-dugattyu-yamaha-yfm-660-yfm660-r-raptor-01-05-grizzly-rhino-02-08-10000mm-nevleges\/#primaryimage\"},\"thumbnailUrl\":\"https:\/\/v3.atv-parts.hu\/wp-content\/uploads\/2024\/03\/prox-tlok-yamaha-yfm-660-yfm660-r-raptor-01-05.jpg\",\"datePublished\":\"2024-03-26T13:34:02+00:00\",\"dateModified\":\"2024-05-03T09:24:14+00:00\",\"breadcrumb\":{\"@id\":\"https:\/\/v3.atv-parts.hu\/index.php\/termek\/prox-dugattyu-yamaha-yfm-660-yfm660-r-raptor-01-05-grizzly-rhino-02-08-10000mm-nevleges\/#breadcrumb\"},\"inLanguage\":\"hu\",\"potentialAction\":[{\"@type\":\"ReadAction\",\"target\":[\"https:\/\/v3.atv-parts.hu\/index.php\/termek\/prox-dugattyu-yamaha-yfm-660-yfm660-r-raptor-01-05-grizzly-rhino-02-08-10000mm-nevleges\/\"]}]},{\"@type\":\"ImageObject\",\"inLanguage\":\"hu\",\"@id\":\"https:\/\/v3.atv-parts.hu\/index.php\/termek\/prox-dugattyu-yamaha-yfm-660-yfm660-r-raptor-01-05-grizzly-rhino-02-08-10000mm-nevleges\/#primaryimage\",\"url\":\"https:\/\/v3.atv-parts.hu\/wp-content\/uploads\/2024\/03\/prox-tlok-yamaha-yfm-660-yfm660-r-raptor-01-05.jpg\",\"contentUrl\":\"https:\/\/v3.atv-parts.hu\/wp-content\/uploads\/2024\/03\/prox-tlok-yamaha-yfm-660-yfm660-r-raptor-01-05.jpg\",\"width\":1620,\"height\":1080},{\"@type\":\"BreadcrumbList\",\"@id\":\"https:\/\/v3.atv-parts.hu\/index.php\/termek\/prox-dugattyu-yamaha-yfm-660-yfm660-r-raptor-01-05-grizzly-rhino-02-08-10000mm-nevleges\/#breadcrumb\",\"itemListElement\":[{\"@type\":\"ListItem\",\"position\":1,\"name\":\"Kezd\u0151lap\",\"item\":\"https:\/\/v3.atv-parts.hu\/\"},{\"@type\":\"ListItem\",\"position\":2,\"name\":\"Bolt\",\"item\":\"https:\/\/v3.atv-parts.hu\/index.php\/bolt\/\"},{\"@type\":\"ListItem\",\"position\":3,\"name\":\"PROX DUGATTY\u00da YAMAHA YFM 660 (YFM660) R RAPTOR &#8217;01 -&#8217;05, GRIZZLY \/ RHINO &#8217;02 -&#8217;08 (100,00MM) -N\u00c9VLEGES\"}]},{\"@type\":\"WebSite\",\"@id\":\"https:\/\/v3.atv-parts.hu\/#website\",\"url\":\"https:\/\/v3.atv-parts.hu\/\",\"name\":\"V3 ATV-PARTS.HU\",\"description\":\"\",\"publisher\":{\"@id\":\"https:\/\/v3.atv-parts.hu\/#organization\"},\"potentialAction\":[{\"@type\":\"SearchAction\",\"target\":{\"@type\":\"EntryPoint\",\"urlTemplate\":\"https:\/\/v3.atv-parts.hu\/?s={search_term_string}\"},\"query-input\":\"required name=search_term_string\"}],\"inLanguage\":\"hu\"},{\"@type\":\"Organization\",\"@id\":\"https:\/\/v3.atv-parts.hu\/#organization\",\"name\":\"V3 ATV-PARTS.HU\",\"url\":\"https:\/\/v3.atv-parts.hu\/\",\"logo\":{\"@type\":\"ImageObject\",\"inLanguage\":\"hu\",\"@id\":\"https:\/\/v3.atv-parts.hu\/#\/schema\/logo\/image\/\",\"url\":\"https:\/\/v3.atv-parts.hu\/wp-content\/uploads\/2021\/02\/cropped-cropped-atvlogo-1-1-1.png\",\"contentUrl\":\"https:\/\/v3.atv-parts.hu\/wp-content\/uploads\/2021\/02\/cropped-cropped-atvlogo-1-1-1.png\",\"width\":267,\"height\":160,\"caption\":\"V3 ATV-PARTS.HU\"},\"image\":{\"@id\":\"https:\/\/v3.atv-parts.hu\/#\/schema\/logo\/image\/\"},\"sameAs\":[\"https:\/\/www.facebook.com\/atvpartsHU\"]}]}<\/script>\n<meta property=\"product:price:amount\" content=\"58516.52\" \/>\n<meta property=\"product:price:currency\" content=\"HUF\" \/>\n<meta property=\"og:availability\" content=\"instock\" \/>\n<meta property=\"product:availability\" content=\"instock\" \/>\n<meta property=\"product:retailer_item_id\" content=\"01.2660.000\" \/>\n<meta property=\"product:condition\" content=\"new\" \/>\n<!-- \/ Yoast SEO Premium plugin. -->","yoast_head_json":{"title":"PROX DUGATTY\u00da YAMAHA YFM 660 (YFM660) R RAPTOR '01 -'05, GRIZZLY \/ RHINO '02 -'08 (100,00MM) -N\u00c9VLEGES - V3 ATV-PARTS.HU","robots":{"index":"index","follow":"follow","max-snippet":"max-snippet:-1","max-image-preview":"max-image-preview:large","max-video-preview":"max-video-preview:-1"},"canonical":"https:\/\/v3.atv-parts.hu\/index.php\/termek\/prox-dugattyu-yamaha-yfm-660-yfm660-r-raptor-01-05-grizzly-rhino-02-08-10000mm-nevleges\/","og_locale":"hu_HU","og_type":"article","og_title":"PROX DUGATTY\u00da YAMAHA YFM 660 (YFM660) R RAPTOR '01 -'05, GRIZZLY \/ RHINO '02 -'08 (100,00MM) -N\u00c9VLEGES","og_description":"PROX DUGATTY\u00da YAMAHA YFM 660 (YFM660) R RAPTOR '01 -'05, GRIZZLY \/ RHINO '02 -'08 (100,00MM) -N\u00c9VLEGES","og_url":"https:\/\/v3.atv-parts.hu\/index.php\/termek\/prox-dugattyu-yamaha-yfm-660-yfm660-r-raptor-01-05-grizzly-rhino-02-08-10000mm-nevleges\/","og_site_name":"V3 ATV-PARTS.HU","article_publisher":"https:\/\/www.facebook.com\/atvpartsHU","article_modified_time":"2024-05-03T09:24:14+00:00","og_image":[{"width":1620,"height":1080,"url":"https:\/\/v3.atv-parts.hu\/wp-content\/uploads\/2024\/03\/prox-tlok-yamaha-yfm-660-yfm660-r-raptor-01-05.jpg","type":"image\/jpeg"}],"twitter_card":"summary_large_image","twitter_misc":{"\u00c1r":"58516,52&nbsp;&#70;&#116; \u00c1F\u00c1-val","El\u00e9rhet\u0151s\u00e9g":"K\u00e9szleten"},"schema":{"@context":"https:\/\/schema.org","@graph":[{"@type":"WebPage","@id":"https:\/\/v3.atv-parts.hu\/index.php\/termek\/prox-dugattyu-yamaha-yfm-660-yfm660-r-raptor-01-05-grizzly-rhino-02-08-10000mm-nevleges\/","url":"https:\/\/v3.atv-parts.hu\/index.php\/termek\/prox-dugattyu-yamaha-yfm-660-yfm660-r-raptor-01-05-grizzly-rhino-02-08-10000mm-nevleges\/","name":"PROX DUGATTY\u00da YAMAHA YFM 660 (YFM660) R RAPTOR '01 -'05, GRIZZLY \/ RHINO '02 -'08 (100,00MM) -N\u00c9VLEGES - V3 ATV-PARTS.HU","isPartOf":{"@id":"https:\/\/v3.atv-parts.hu\/#website"},"primaryImageOfPage":{"@id":"https:\/\/v3.atv-parts.hu\/index.php\/termek\/prox-dugattyu-yamaha-yfm-660-yfm660-r-raptor-01-05-grizzly-rhino-02-08-10000mm-nevleges\/#primaryimage"},"image":{"@id":"https:\/\/v3.atv-parts.hu\/index.php\/termek\/prox-dugattyu-yamaha-yfm-660-yfm660-r-raptor-01-05-grizzly-rhino-02-08-10000mm-nevleges\/#primaryimage"},"thumbnailUrl":"https:\/\/v3.atv-parts.hu\/wp-content\/uploads\/2024\/03\/prox-tlok-yamaha-yfm-660-yfm660-r-raptor-01-05.jpg","datePublished":"2024-03-26T13:34:02+00:00","dateModified":"2024-05-03T09:24:14+00:00","breadcrumb":{"@id":"https:\/\/v3.atv-parts.hu\/index.php\/termek\/prox-dugattyu-yamaha-yfm-660-yfm660-r-raptor-01-05-grizzly-rhino-02-08-10000mm-nevleges\/#breadcrumb"},"inLanguage":"hu","potentialAction":[{"@type":"ReadAction","target":["https:\/\/v3.atv-parts.hu\/index.php\/termek\/prox-dugattyu-yamaha-yfm-660-yfm660-r-raptor-01-05-grizzly-rhino-02-08-10000mm-nevleges\/"]}]},{"@type":"ImageObject","inLanguage":"hu","@id":"https:\/\/v3.atv-parts.hu\/index.php\/termek\/prox-dugattyu-yamaha-yfm-660-yfm660-r-raptor-01-05-grizzly-rhino-02-08-10000mm-nevleges\/#primaryimage","url":"https:\/\/v3.atv-parts.hu\/wp-content\/uploads\/2024\/03\/prox-tlok-yamaha-yfm-660-yfm660-r-raptor-01-05.jpg","contentUrl":"https:\/\/v3.atv-parts.hu\/wp-content\/uploads\/2024\/03\/prox-tlok-yamaha-yfm-660-yfm660-r-raptor-01-05.jpg","width":1620,"height":1080},{"@type":"BreadcrumbList","@id":"https:\/\/v3.atv-parts.hu\/index.php\/termek\/prox-dugattyu-yamaha-yfm-660-yfm660-r-raptor-01-05-grizzly-rhino-02-08-10000mm-nevleges\/#breadcrumb","itemListElement":[{"@type":"ListItem","position":1,"name":"Kezd\u0151lap","item":"https:\/\/v3.atv-parts.hu\/"},{"@type":"ListItem","position":2,"name":"Bolt","item":"https:\/\/v3.atv-parts.hu\/index.php\/bolt\/"},{"@type":"ListItem","position":3,"name":"PROX DUGATTY\u00da YAMAHA YFM 660 (YFM660) R RAPTOR &#8217;01 -&#8217;05, GRIZZLY \/ RHINO &#8217;02 -&#8217;08 (100,00MM) -N\u00c9VLEGES"}]},{"@type":"WebSite","@id":"https:\/\/v3.atv-parts.hu\/#website","url":"https:\/\/v3.atv-parts.hu\/","name":"V3 ATV-PARTS.HU","description":"","publisher":{"@id":"https:\/\/v3.atv-parts.hu\/#organization"},"potentialAction":[{"@type":"SearchAction","target":{"@type":"EntryPoint","urlTemplate":"https:\/\/v3.atv-parts.hu\/?s={search_term_string}"},"query-input":"required name=search_term_string"}],"inLanguage":"hu"},{"@type":"Organization","@id":"https:\/\/v3.atv-parts.hu\/#organization","name":"V3 ATV-PARTS.HU","url":"https:\/\/v3.atv-parts.hu\/","logo":{"@type":"ImageObject","inLanguage":"hu","@id":"https:\/\/v3.atv-parts.hu\/#\/schema\/logo\/image\/","url":"https:\/\/v3.atv-parts.hu\/wp-content\/uploads\/2021\/02\/cropped-cropped-atvlogo-1-1-1.png","contentUrl":"https:\/\/v3.atv-parts.hu\/wp-content\/uploads\/2021\/02\/cropped-cropped-atvlogo-1-1-1.png","width":267,"height":160,"caption":"V3 ATV-PARTS.HU"},"image":{"@id":"https:\/\/v3.atv-parts.hu\/#\/schema\/logo\/image\/"},"sameAs":["https:\/\/www.facebook.com\/atvpartsHU"]}]},"product_price_amount":"58516.52","product_price_currency":"HUF","og_availability":"instock","product_availability":"instock","product_retailer_item_id":"01.2660.000","product_condition":"new"},"_links":{"self":[{"href":"https:\/\/v3.atv-parts.hu\/index.php\/wp-json\/wp\/v2\/product\/2308","targetHints":{"allow":["GET"]}}],"collection":[{"href":"https:\/\/v3.atv-parts.hu\/index.php\/wp-json\/wp\/v2\/product"}],"about":[{"href":"https:\/\/v3.atv-parts.hu\/index.php\/wp-json\/wp\/v2\/types\/product"}],"replies":[{"embeddable":true,"href":"https:\/\/v3.atv-parts.hu\/index.php\/wp-json\/wp\/v2\/comments?post=2308"}],"wp:featuredmedia":[{"embeddable":true,"href":"https:\/\/v3.atv-parts.hu\/index.php\/wp-json\/wp\/v2\/media\/2309"}],"wp:attachment":[{"href":"https:\/\/v3.atv-parts.hu\/index.php\/wp-json\/wp\/v2\/media?parent=2308"}],"wp:term":[{"taxonomy":"product_cat","embeddable":true,"href":"https:\/\/v3.atv-parts.hu\/index.php\/wp-json\/wp\/v2\/product_cat?post=2308"},{"taxonomy":"product_tag","embeddable":true,"href":"https:\/\/v3.atv-parts.hu\/index.php\/wp-json\/wp\/v2\/product_tag?post=2308"}],"curies":[{"name":"wp","href":"https:\/\/api.w.org\/{rel}","templated":true}]}}