{"id":23452,"date":"2024-03-26T20:30:04","date_gmt":"2024-03-26T19:30:04","guid":{"rendered":"https:\/\/v3.atv-parts.hu\/index.php\/termek\/gyorsitasi-tengelykar-kannyul-yamaha-r6-99-13-fz6n-s-04-09-fazer-600-01-03-fzx6n-s-04-09-xj6-12-13-szin-kek-afcl-12-4bl\/"},"modified":"2024-05-03T13:55:18","modified_gmt":"2024-05-03T11:55:18","slug":"gyorsitasi-tengelykar-kannyul-yamaha-r6-99-13-fz6n-s-04-09-fazer-600-01-03-fzx6n-s-04-09-xj6-12-13-szin-kek-afcl-12-4bl","status":"publish","type":"product","link":"https:\/\/v3.atv-parts.hu\/index.php\/termek\/gyorsitasi-tengelykar-kannyul-yamaha-r6-99-13-fz6n-s-04-09-fazer-600-01-03-fzx6n-s-04-09-xj6-12-13-szin-kek-afcl-12-4bl\/","title":{"rendered":"GYORS\u00cdT\u00c1SI TENGELYKAR (KANNYUL) YAMAHA R6 &#8217;99-13, FZ6N \/ S &#8217;04 -09, FAZER 600 &#8217;01-03, FZX6N \/ S &#8217;04 -09, XJ6 &#8217;12 -13 SZ\u00cdN K\u00c9K (AFCL-12-4BL)"},"content":{"rendered":"<p>GYORS\u00cdT\u00c1SI TENGELYKAR (KANNYUL) YAMAHA R6 &#8217;99-13, FZ6N \/ S &#8217;04 -09, FAZER 600 &#8217;01-03, FZX6N \/ S &#8217;04 -09, XJ6 &#8217;12 -13 SZ\u00cdN K\u00c9K (AFCL-12-4BL)<\/p>\n<p>EAN: FCL124BL<\/p>\n<p>SKU: FCL124BL<\/p>\n","protected":false},"excerpt":{"rendered":"<p>GYORS\u00cdT\u00c1SI TENGELYKAR (KANNYUL) YAMAHA R6 &#8217;99-13, FZ6N \/ S &#8217;04 -09, FAZER 600 &#8217;01-03, FZX6N \/ S &#8217;04 -09, XJ6 &#8217;12 -13 SZ\u00cdN K\u00c9K (AFCL-12-4BL)<\/p>\n","protected":false},"featured_media":23453,"comment_status":"closed","ping_status":"open","template":"","meta":{"_monsterinsights_skip_tracking":false,"_monsterinsights_sitenote_active":false,"_monsterinsights_sitenote_note":"","_monsterinsights_sitenote_category":0},"product_cat":[270,363,568,569],"product_tag":[156,164],"class_list":{"0":"post-23452","1":"product","2":"type-product","3":"status-publish","4":"has-post-thumbnail","6":"product_cat-karosszeria","7":"product_cat-kuplung-es-fekkarok","8":"product_cat-kuplungkarok","9":"product_cat-standard-kuplungkarok","10":"product_tag-atv","11":"product_tag-yamaha","12":"pa_marka-accel","14":"first","15":"instock","16":"taxable","17":"shipping-taxable","18":"purchasable","19":"product-type-simple"},"yoast_head":"<!-- This site is optimized with the Yoast SEO Premium plugin v22.6 (Yoast SEO v22.6) - https:\/\/yoast.com\/wordpress\/plugins\/seo\/ -->\n<title>GYORS\u00cdT\u00c1SI TENGELYKAR (KANNYUL) YAMAHA R6 &#039;99-13, FZ6N \/ S &#039;04 -09, FAZER 600 &#039;01-03, FZX6N \/ S &#039;04 -09, XJ6 &#039;12 -13 SZ\u00cdN K\u00c9K (AFCL-12-4BL) - V3 ATV-PARTS.HU<\/title>\n<meta name=\"robots\" content=\"index, follow, max-snippet:-1, max-image-preview:large, max-video-preview:-1\" \/>\n<link rel=\"canonical\" href=\"https:\/\/v3.atv-parts.hu\/index.php\/termek\/gyorsitasi-tengelykar-kannyul-yamaha-r6-99-13-fz6n-s-04-09-fazer-600-01-03-fzx6n-s-04-09-xj6-12-13-szin-kek-afcl-12-4bl\/\" \/>\n<meta property=\"og:locale\" content=\"hu_HU\" \/>\n<meta property=\"og:type\" content=\"article\" \/>\n<meta property=\"og:title\" content=\"GYORS\u00cdT\u00c1SI TENGELYKAR (KANNYUL) YAMAHA R6 &#039;99-13, FZ6N \/ S &#039;04 -09, FAZER 600 &#039;01-03, FZX6N \/ S &#039;04 -09, XJ6 &#039;12 -13 SZ\u00cdN K\u00c9K (AFCL-12-4BL)\" \/>\n<meta property=\"og:description\" content=\"GYORS\u00cdT\u00c1SI TENGELYKAR (KANNYUL) YAMAHA R6 &#039;99-13, FZ6N \/ S &#039;04 -09, FAZER 600 &#039;01-03, FZX6N \/ S &#039;04 -09, XJ6 &#039;12 -13 SZ\u00cdN K\u00c9K (AFCL-12-4BL)\" \/>\n<meta property=\"og:url\" content=\"https:\/\/v3.atv-parts.hu\/index.php\/termek\/gyorsitasi-tengelykar-kannyul-yamaha-r6-99-13-fz6n-s-04-09-fazer-600-01-03-fzx6n-s-04-09-xj6-12-13-szin-kek-afcl-12-4bl\/\" \/>\n<meta property=\"og:site_name\" content=\"V3 ATV-PARTS.HU\" \/>\n<meta property=\"article:publisher\" content=\"https:\/\/www.facebook.com\/atvpartsHU\" \/>\n<meta property=\"article:modified_time\" content=\"2024-05-03T11:55:18+00:00\" \/>\n<meta property=\"og:image\" content=\"https:\/\/v3.atv-parts.hu\/wp-content\/uploads\/2024\/03\/accel-dzwignia-klamka-nielamka-sprzegla-yamaha-r.jpg\" \/>\n\t<meta property=\"og:image:width\" content=\"640\" \/>\n\t<meta property=\"og:image:height\" content=\"289\" \/>\n\t<meta property=\"og:image:type\" content=\"image\/jpeg\" \/>\n<meta name=\"twitter:card\" content=\"summary_large_image\" \/>\n<meta name=\"twitter:label1\" content=\"\u00c1r\" \/>\n\t<meta name=\"twitter:data1\" content=\"19104,61&nbsp;&#70;&#116; \u00c1F\u00c1-val\" \/>\n\t<meta name=\"twitter:label2\" content=\"El\u00e9rhet\u0151s\u00e9g\" \/>\n\t<meta name=\"twitter:data2\" content=\"K\u00e9szleten\" \/>\n<script type=\"application\/ld+json\" class=\"yoast-schema-graph\">{\"@context\":\"https:\/\/schema.org\",\"@graph\":[{\"@type\":\"WebPage\",\"@id\":\"https:\/\/v3.atv-parts.hu\/index.php\/termek\/gyorsitasi-tengelykar-kannyul-yamaha-r6-99-13-fz6n-s-04-09-fazer-600-01-03-fzx6n-s-04-09-xj6-12-13-szin-kek-afcl-12-4bl\/\",\"url\":\"https:\/\/v3.atv-parts.hu\/index.php\/termek\/gyorsitasi-tengelykar-kannyul-yamaha-r6-99-13-fz6n-s-04-09-fazer-600-01-03-fzx6n-s-04-09-xj6-12-13-szin-kek-afcl-12-4bl\/\",\"name\":\"GYORS\u00cdT\u00c1SI TENGELYKAR (KANNYUL) YAMAHA R6 '99-13, FZ6N \/ S '04 -09, FAZER 600 '01-03, FZX6N \/ S '04 -09, XJ6 '12 -13 SZ\u00cdN K\u00c9K (AFCL-12-4BL) - V3 ATV-PARTS.HU\",\"isPartOf\":{\"@id\":\"https:\/\/v3.atv-parts.hu\/#website\"},\"primaryImageOfPage\":{\"@id\":\"https:\/\/v3.atv-parts.hu\/index.php\/termek\/gyorsitasi-tengelykar-kannyul-yamaha-r6-99-13-fz6n-s-04-09-fazer-600-01-03-fzx6n-s-04-09-xj6-12-13-szin-kek-afcl-12-4bl\/#primaryimage\"},\"image\":{\"@id\":\"https:\/\/v3.atv-parts.hu\/index.php\/termek\/gyorsitasi-tengelykar-kannyul-yamaha-r6-99-13-fz6n-s-04-09-fazer-600-01-03-fzx6n-s-04-09-xj6-12-13-szin-kek-afcl-12-4bl\/#primaryimage\"},\"thumbnailUrl\":\"https:\/\/v3.atv-parts.hu\/wp-content\/uploads\/2024\/03\/accel-dzwignia-klamka-nielamka-sprzegla-yamaha-r.jpg\",\"datePublished\":\"2024-03-26T19:30:04+00:00\",\"dateModified\":\"2024-05-03T11:55:18+00:00\",\"breadcrumb\":{\"@id\":\"https:\/\/v3.atv-parts.hu\/index.php\/termek\/gyorsitasi-tengelykar-kannyul-yamaha-r6-99-13-fz6n-s-04-09-fazer-600-01-03-fzx6n-s-04-09-xj6-12-13-szin-kek-afcl-12-4bl\/#breadcrumb\"},\"inLanguage\":\"hu\",\"potentialAction\":[{\"@type\":\"ReadAction\",\"target\":[\"https:\/\/v3.atv-parts.hu\/index.php\/termek\/gyorsitasi-tengelykar-kannyul-yamaha-r6-99-13-fz6n-s-04-09-fazer-600-01-03-fzx6n-s-04-09-xj6-12-13-szin-kek-afcl-12-4bl\/\"]}]},{\"@type\":\"ImageObject\",\"inLanguage\":\"hu\",\"@id\":\"https:\/\/v3.atv-parts.hu\/index.php\/termek\/gyorsitasi-tengelykar-kannyul-yamaha-r6-99-13-fz6n-s-04-09-fazer-600-01-03-fzx6n-s-04-09-xj6-12-13-szin-kek-afcl-12-4bl\/#primaryimage\",\"url\":\"https:\/\/v3.atv-parts.hu\/wp-content\/uploads\/2024\/03\/accel-dzwignia-klamka-nielamka-sprzegla-yamaha-r.jpg\",\"contentUrl\":\"https:\/\/v3.atv-parts.hu\/wp-content\/uploads\/2024\/03\/accel-dzwignia-klamka-nielamka-sprzegla-yamaha-r.jpg\",\"width\":640,\"height\":289},{\"@type\":\"BreadcrumbList\",\"@id\":\"https:\/\/v3.atv-parts.hu\/index.php\/termek\/gyorsitasi-tengelykar-kannyul-yamaha-r6-99-13-fz6n-s-04-09-fazer-600-01-03-fzx6n-s-04-09-xj6-12-13-szin-kek-afcl-12-4bl\/#breadcrumb\",\"itemListElement\":[{\"@type\":\"ListItem\",\"position\":1,\"name\":\"Kezd\u0151lap\",\"item\":\"https:\/\/v3.atv-parts.hu\/\"},{\"@type\":\"ListItem\",\"position\":2,\"name\":\"Bolt\",\"item\":\"https:\/\/v3.atv-parts.hu\/index.php\/bolt\/\"},{\"@type\":\"ListItem\",\"position\":3,\"name\":\"GYORS\u00cdT\u00c1SI TENGELYKAR (KANNYUL) YAMAHA R6 &#8217;99-13, FZ6N \/ S &#8217;04 -09, FAZER 600 &#8217;01-03, FZX6N \/ S &#8217;04 -09, XJ6 &#8217;12 -13 SZ\u00cdN K\u00c9K (AFCL-12-4BL)\"}]},{\"@type\":\"WebSite\",\"@id\":\"https:\/\/v3.atv-parts.hu\/#website\",\"url\":\"https:\/\/v3.atv-parts.hu\/\",\"name\":\"V3 ATV-PARTS.HU\",\"description\":\"\",\"publisher\":{\"@id\":\"https:\/\/v3.atv-parts.hu\/#organization\"},\"potentialAction\":[{\"@type\":\"SearchAction\",\"target\":{\"@type\":\"EntryPoint\",\"urlTemplate\":\"https:\/\/v3.atv-parts.hu\/?s={search_term_string}\"},\"query-input\":\"required name=search_term_string\"}],\"inLanguage\":\"hu\"},{\"@type\":\"Organization\",\"@id\":\"https:\/\/v3.atv-parts.hu\/#organization\",\"name\":\"V3 ATV-PARTS.HU\",\"url\":\"https:\/\/v3.atv-parts.hu\/\",\"logo\":{\"@type\":\"ImageObject\",\"inLanguage\":\"hu\",\"@id\":\"https:\/\/v3.atv-parts.hu\/#\/schema\/logo\/image\/\",\"url\":\"https:\/\/v3.atv-parts.hu\/wp-content\/uploads\/2021\/02\/cropped-cropped-atvlogo-1-1-1.png\",\"contentUrl\":\"https:\/\/v3.atv-parts.hu\/wp-content\/uploads\/2021\/02\/cropped-cropped-atvlogo-1-1-1.png\",\"width\":267,\"height\":160,\"caption\":\"V3 ATV-PARTS.HU\"},\"image\":{\"@id\":\"https:\/\/v3.atv-parts.hu\/#\/schema\/logo\/image\/\"},\"sameAs\":[\"https:\/\/www.facebook.com\/atvpartsHU\"]}]}<\/script>\n<meta property=\"product:price:amount\" content=\"19104.61\" \/>\n<meta property=\"product:price:currency\" content=\"HUF\" \/>\n<meta property=\"og:availability\" content=\"instock\" \/>\n<meta property=\"product:availability\" content=\"instock\" \/>\n<meta property=\"product:retailer_item_id\" content=\"FCL124BL\" \/>\n<meta property=\"product:condition\" content=\"new\" \/>\n<!-- \/ Yoast SEO Premium plugin. -->","yoast_head_json":{"title":"GYORS\u00cdT\u00c1SI TENGELYKAR (KANNYUL) YAMAHA R6 '99-13, FZ6N \/ S '04 -09, FAZER 600 '01-03, FZX6N \/ S '04 -09, XJ6 '12 -13 SZ\u00cdN K\u00c9K (AFCL-12-4BL) - V3 ATV-PARTS.HU","robots":{"index":"index","follow":"follow","max-snippet":"max-snippet:-1","max-image-preview":"max-image-preview:large","max-video-preview":"max-video-preview:-1"},"canonical":"https:\/\/v3.atv-parts.hu\/index.php\/termek\/gyorsitasi-tengelykar-kannyul-yamaha-r6-99-13-fz6n-s-04-09-fazer-600-01-03-fzx6n-s-04-09-xj6-12-13-szin-kek-afcl-12-4bl\/","og_locale":"hu_HU","og_type":"article","og_title":"GYORS\u00cdT\u00c1SI TENGELYKAR (KANNYUL) YAMAHA R6 '99-13, FZ6N \/ S '04 -09, FAZER 600 '01-03, FZX6N \/ S '04 -09, XJ6 '12 -13 SZ\u00cdN K\u00c9K (AFCL-12-4BL)","og_description":"GYORS\u00cdT\u00c1SI TENGELYKAR (KANNYUL) YAMAHA R6 '99-13, FZ6N \/ S '04 -09, FAZER 600 '01-03, FZX6N \/ S '04 -09, XJ6 '12 -13 SZ\u00cdN K\u00c9K (AFCL-12-4BL)","og_url":"https:\/\/v3.atv-parts.hu\/index.php\/termek\/gyorsitasi-tengelykar-kannyul-yamaha-r6-99-13-fz6n-s-04-09-fazer-600-01-03-fzx6n-s-04-09-xj6-12-13-szin-kek-afcl-12-4bl\/","og_site_name":"V3 ATV-PARTS.HU","article_publisher":"https:\/\/www.facebook.com\/atvpartsHU","article_modified_time":"2024-05-03T11:55:18+00:00","og_image":[{"width":640,"height":289,"url":"https:\/\/v3.atv-parts.hu\/wp-content\/uploads\/2024\/03\/accel-dzwignia-klamka-nielamka-sprzegla-yamaha-r.jpg","type":"image\/jpeg"}],"twitter_card":"summary_large_image","twitter_misc":{"\u00c1r":"19104,61&nbsp;&#70;&#116; \u00c1F\u00c1-val","El\u00e9rhet\u0151s\u00e9g":"K\u00e9szleten"},"schema":{"@context":"https:\/\/schema.org","@graph":[{"@type":"WebPage","@id":"https:\/\/v3.atv-parts.hu\/index.php\/termek\/gyorsitasi-tengelykar-kannyul-yamaha-r6-99-13-fz6n-s-04-09-fazer-600-01-03-fzx6n-s-04-09-xj6-12-13-szin-kek-afcl-12-4bl\/","url":"https:\/\/v3.atv-parts.hu\/index.php\/termek\/gyorsitasi-tengelykar-kannyul-yamaha-r6-99-13-fz6n-s-04-09-fazer-600-01-03-fzx6n-s-04-09-xj6-12-13-szin-kek-afcl-12-4bl\/","name":"GYORS\u00cdT\u00c1SI TENGELYKAR (KANNYUL) YAMAHA R6 '99-13, FZ6N \/ S '04 -09, FAZER 600 '01-03, FZX6N \/ S '04 -09, XJ6 '12 -13 SZ\u00cdN K\u00c9K (AFCL-12-4BL) - V3 ATV-PARTS.HU","isPartOf":{"@id":"https:\/\/v3.atv-parts.hu\/#website"},"primaryImageOfPage":{"@id":"https:\/\/v3.atv-parts.hu\/index.php\/termek\/gyorsitasi-tengelykar-kannyul-yamaha-r6-99-13-fz6n-s-04-09-fazer-600-01-03-fzx6n-s-04-09-xj6-12-13-szin-kek-afcl-12-4bl\/#primaryimage"},"image":{"@id":"https:\/\/v3.atv-parts.hu\/index.php\/termek\/gyorsitasi-tengelykar-kannyul-yamaha-r6-99-13-fz6n-s-04-09-fazer-600-01-03-fzx6n-s-04-09-xj6-12-13-szin-kek-afcl-12-4bl\/#primaryimage"},"thumbnailUrl":"https:\/\/v3.atv-parts.hu\/wp-content\/uploads\/2024\/03\/accel-dzwignia-klamka-nielamka-sprzegla-yamaha-r.jpg","datePublished":"2024-03-26T19:30:04+00:00","dateModified":"2024-05-03T11:55:18+00:00","breadcrumb":{"@id":"https:\/\/v3.atv-parts.hu\/index.php\/termek\/gyorsitasi-tengelykar-kannyul-yamaha-r6-99-13-fz6n-s-04-09-fazer-600-01-03-fzx6n-s-04-09-xj6-12-13-szin-kek-afcl-12-4bl\/#breadcrumb"},"inLanguage":"hu","potentialAction":[{"@type":"ReadAction","target":["https:\/\/v3.atv-parts.hu\/index.php\/termek\/gyorsitasi-tengelykar-kannyul-yamaha-r6-99-13-fz6n-s-04-09-fazer-600-01-03-fzx6n-s-04-09-xj6-12-13-szin-kek-afcl-12-4bl\/"]}]},{"@type":"ImageObject","inLanguage":"hu","@id":"https:\/\/v3.atv-parts.hu\/index.php\/termek\/gyorsitasi-tengelykar-kannyul-yamaha-r6-99-13-fz6n-s-04-09-fazer-600-01-03-fzx6n-s-04-09-xj6-12-13-szin-kek-afcl-12-4bl\/#primaryimage","url":"https:\/\/v3.atv-parts.hu\/wp-content\/uploads\/2024\/03\/accel-dzwignia-klamka-nielamka-sprzegla-yamaha-r.jpg","contentUrl":"https:\/\/v3.atv-parts.hu\/wp-content\/uploads\/2024\/03\/accel-dzwignia-klamka-nielamka-sprzegla-yamaha-r.jpg","width":640,"height":289},{"@type":"BreadcrumbList","@id":"https:\/\/v3.atv-parts.hu\/index.php\/termek\/gyorsitasi-tengelykar-kannyul-yamaha-r6-99-13-fz6n-s-04-09-fazer-600-01-03-fzx6n-s-04-09-xj6-12-13-szin-kek-afcl-12-4bl\/#breadcrumb","itemListElement":[{"@type":"ListItem","position":1,"name":"Kezd\u0151lap","item":"https:\/\/v3.atv-parts.hu\/"},{"@type":"ListItem","position":2,"name":"Bolt","item":"https:\/\/v3.atv-parts.hu\/index.php\/bolt\/"},{"@type":"ListItem","position":3,"name":"GYORS\u00cdT\u00c1SI TENGELYKAR (KANNYUL) YAMAHA R6 &#8217;99-13, FZ6N \/ S &#8217;04 -09, FAZER 600 &#8217;01-03, FZX6N \/ S &#8217;04 -09, XJ6 &#8217;12 -13 SZ\u00cdN K\u00c9K (AFCL-12-4BL)"}]},{"@type":"WebSite","@id":"https:\/\/v3.atv-parts.hu\/#website","url":"https:\/\/v3.atv-parts.hu\/","name":"V3 ATV-PARTS.HU","description":"","publisher":{"@id":"https:\/\/v3.atv-parts.hu\/#organization"},"potentialAction":[{"@type":"SearchAction","target":{"@type":"EntryPoint","urlTemplate":"https:\/\/v3.atv-parts.hu\/?s={search_term_string}"},"query-input":"required name=search_term_string"}],"inLanguage":"hu"},{"@type":"Organization","@id":"https:\/\/v3.atv-parts.hu\/#organization","name":"V3 ATV-PARTS.HU","url":"https:\/\/v3.atv-parts.hu\/","logo":{"@type":"ImageObject","inLanguage":"hu","@id":"https:\/\/v3.atv-parts.hu\/#\/schema\/logo\/image\/","url":"https:\/\/v3.atv-parts.hu\/wp-content\/uploads\/2021\/02\/cropped-cropped-atvlogo-1-1-1.png","contentUrl":"https:\/\/v3.atv-parts.hu\/wp-content\/uploads\/2021\/02\/cropped-cropped-atvlogo-1-1-1.png","width":267,"height":160,"caption":"V3 ATV-PARTS.HU"},"image":{"@id":"https:\/\/v3.atv-parts.hu\/#\/schema\/logo\/image\/"},"sameAs":["https:\/\/www.facebook.com\/atvpartsHU"]}]},"product_price_amount":"19104.61","product_price_currency":"HUF","og_availability":"instock","product_availability":"instock","product_retailer_item_id":"FCL124BL","product_condition":"new"},"_links":{"self":[{"href":"https:\/\/v3.atv-parts.hu\/index.php\/wp-json\/wp\/v2\/product\/23452","targetHints":{"allow":["GET"]}}],"collection":[{"href":"https:\/\/v3.atv-parts.hu\/index.php\/wp-json\/wp\/v2\/product"}],"about":[{"href":"https:\/\/v3.atv-parts.hu\/index.php\/wp-json\/wp\/v2\/types\/product"}],"replies":[{"embeddable":true,"href":"https:\/\/v3.atv-parts.hu\/index.php\/wp-json\/wp\/v2\/comments?post=23452"}],"wp:featuredmedia":[{"embeddable":true,"href":"https:\/\/v3.atv-parts.hu\/index.php\/wp-json\/wp\/v2\/media\/23453"}],"wp:attachment":[{"href":"https:\/\/v3.atv-parts.hu\/index.php\/wp-json\/wp\/v2\/media?parent=23452"}],"wp:term":[{"taxonomy":"product_cat","embeddable":true,"href":"https:\/\/v3.atv-parts.hu\/index.php\/wp-json\/wp\/v2\/product_cat?post=23452"},{"taxonomy":"product_tag","embeddable":true,"href":"https:\/\/v3.atv-parts.hu\/index.php\/wp-json\/wp\/v2\/product_tag?post=23452"}],"curies":[{"name":"wp","href":"https:\/\/api.w.org\/{rel}","templated":true}]}}