{"id":25766,"date":"2024-03-26T21:20:25","date_gmt":"2024-03-26T20:20:25","guid":{"rendered":"https:\/\/v3.atv-parts.hu\/index.php\/termek\/ufo-lanccsuszo-honda-cr-125-00-07-cr-250-00-07-crf-250r-04-09-crf-250x-04-17-crf-450r-02-08-crf-450x050-16-piros-szin\/"},"modified":"2024-05-03T14:04:56","modified_gmt":"2024-05-03T12:04:56","slug":"ufo-lanccsuszo-honda-cr-125-00-07-cr-250-00-07-crf-250r-04-09-crf-250x-04-17-crf-450r-02-08-crf-450x050-16-piros-szin","status":"publish","type":"product","link":"https:\/\/v3.atv-parts.hu\/index.php\/termek\/ufo-lanccsuszo-honda-cr-125-00-07-cr-250-00-07-crf-250r-04-09-crf-250x-04-17-crf-450r-02-08-crf-450x050-16-piros-szin\/","title":{"rendered":"UFO L\u00c1NCCS\u00daSZ\u00d3 HONDA CR 125 &#8217;00 -&#8217;07, CR 250 &#8217;00 -&#8217;07, CRF 250R &#8217;04 -&#8217;09, CRF 250X &#8217;04 -&#8217;17, CRF 450R &#8217;02 -&#8217;08, CRF 450X&#8217;050 &#8211; &#8216; 16 PIROS SZ\u00cdN"},"content":{"rendered":"<p>UFO L\u00c1NCCS\u00daSZ\u00d3 HONDA CR 125 &#8217;00 -&#8217;07, CR 250 &#8217;00 -&#8217;07, CRF 250R &#8217;04 -&#8217;09, CRF 250X &#8217;04 -&#8217;17, CRF 450R &#8217;02 -&#8217;08, CRF 450X&#8217;050 &#8211; &#8216; 16 PIROS SZ\u00cdN<\/p>\n<p>EAN: 8052135008637<\/p>\n<p>SKU: HO03671070<\/p>\n","protected":false},"excerpt":{"rendered":"<p>UFO L\u00c1NCCS\u00daSZ\u00d3 HONDA CR 125 &#8217;00 -&#8217;07, CR 250 &#8217;00 -&#8217;07, CRF 250R &#8217;04 -&#8217;09, CRF 250X &#8217;04 -&#8217;17, CRF 450R &#8217;02 -&#8217;08, CRF 450X&#8217;050 &#8211; &#8216; 16 PIROS SZ\u00cdN<\/p>\n","protected":false},"featured_media":25767,"comment_status":"closed","ping_status":"open","template":"","meta":{"_monsterinsights_skip_tracking":false,"_monsterinsights_sitenote_active":false,"_monsterinsights_sitenote_note":"","_monsterinsights_sitenote_category":0},"product_cat":[398,270,608],"product_tag":[156,157,158],"class_list":{"0":"post-25766","1":"product","2":"type-product","3":"status-publish","4":"has-post-thumbnail","6":"product_cat-burkolatok","7":"product_cat-karosszeria","8":"product_cat-lanccsuszas","9":"product_tag-atv","10":"product_tag-cross","11":"product_tag-honda","12":"pa_marka-ufo","14":"first","15":"instock","16":"taxable","17":"shipping-taxable","18":"purchasable","19":"product-type-simple"},"yoast_head":"<!-- This site is optimized with the Yoast SEO Premium plugin v22.6 (Yoast SEO v22.6) - https:\/\/yoast.com\/wordpress\/plugins\/seo\/ -->\n<title>UFO L\u00c1NCCS\u00daSZ\u00d3 HONDA CR 125 &#039;00 -&#039;07, CR 250 &#039;00 -&#039;07, CRF 250R &#039;04 -&#039;09, CRF 250X &#039;04 -&#039;17, CRF 450R &#039;02 -&#039;08, CRF 450X&#039;050 - &#039; 16 PIROS SZ\u00cdN - V3 ATV-PARTS.HU<\/title>\n<meta name=\"robots\" content=\"index, follow, max-snippet:-1, max-image-preview:large, max-video-preview:-1\" \/>\n<link rel=\"canonical\" href=\"https:\/\/v3.atv-parts.hu\/index.php\/termek\/ufo-lanccsuszo-honda-cr-125-00-07-cr-250-00-07-crf-250r-04-09-crf-250x-04-17-crf-450r-02-08-crf-450x050-16-piros-szin\/\" \/>\n<meta property=\"og:locale\" content=\"hu_HU\" \/>\n<meta property=\"og:type\" content=\"article\" \/>\n<meta property=\"og:title\" content=\"UFO L\u00c1NCCS\u00daSZ\u00d3 HONDA CR 125 &#039;00 -&#039;07, CR 250 &#039;00 -&#039;07, CRF 250R &#039;04 -&#039;09, CRF 250X &#039;04 -&#039;17, CRF 450R &#039;02 -&#039;08, CRF 450X&#039;050 - &#039; 16 PIROS SZ\u00cdN\" \/>\n<meta property=\"og:description\" content=\"UFO L\u00c1NCCS\u00daSZ\u00d3 HONDA CR 125 &#039;00 -&#039;07, CR 250 &#039;00 -&#039;07, CRF 250R &#039;04 -&#039;09, CRF 250X &#039;04 -&#039;17, CRF 450R &#039;02 -&#039;08, CRF 450X&#039;050 - &#039; 16 PIROS SZ\u00cdN\" \/>\n<meta property=\"og:url\" content=\"https:\/\/v3.atv-parts.hu\/index.php\/termek\/ufo-lanccsuszo-honda-cr-125-00-07-cr-250-00-07-crf-250r-04-09-crf-250x-04-17-crf-450r-02-08-crf-450x050-16-piros-szin\/\" \/>\n<meta property=\"og:site_name\" content=\"V3 ATV-PARTS.HU\" \/>\n<meta property=\"article:publisher\" content=\"https:\/\/www.facebook.com\/atvpartsHU\" \/>\n<meta property=\"article:modified_time\" content=\"2024-05-03T12:04:56+00:00\" \/>\n<meta property=\"og:image\" content=\"https:\/\/v3.atv-parts.hu\/wp-content\/uploads\/2024\/03\/ufo-slizg-lancucha-honda-cr-125-250-00-07-crf-2.jpg\" \/>\n\t<meta property=\"og:image:width\" content=\"960\" \/>\n\t<meta property=\"og:image:height\" content=\"640\" \/>\n\t<meta property=\"og:image:type\" content=\"image\/jpeg\" \/>\n<meta name=\"twitter:card\" content=\"summary_large_image\" \/>\n<meta name=\"twitter:label1\" content=\"\u00c1r\" \/>\n\t<meta name=\"twitter:data1\" content=\"5883,91&nbsp;&#70;&#116; \u00c1F\u00c1-val\" \/>\n\t<meta name=\"twitter:label2\" content=\"El\u00e9rhet\u0151s\u00e9g\" \/>\n\t<meta name=\"twitter:data2\" content=\"K\u00e9szleten\" \/>\n<script type=\"application\/ld+json\" class=\"yoast-schema-graph\">{\"@context\":\"https:\/\/schema.org\",\"@graph\":[{\"@type\":\"WebPage\",\"@id\":\"https:\/\/v3.atv-parts.hu\/index.php\/termek\/ufo-lanccsuszo-honda-cr-125-00-07-cr-250-00-07-crf-250r-04-09-crf-250x-04-17-crf-450r-02-08-crf-450x050-16-piros-szin\/\",\"url\":\"https:\/\/v3.atv-parts.hu\/index.php\/termek\/ufo-lanccsuszo-honda-cr-125-00-07-cr-250-00-07-crf-250r-04-09-crf-250x-04-17-crf-450r-02-08-crf-450x050-16-piros-szin\/\",\"name\":\"UFO L\u00c1NCCS\u00daSZ\u00d3 HONDA CR 125 '00 -'07, CR 250 '00 -'07, CRF 250R '04 -'09, CRF 250X '04 -'17, CRF 450R '02 -'08, CRF 450X'050 - ' 16 PIROS SZ\u00cdN - V3 ATV-PARTS.HU\",\"isPartOf\":{\"@id\":\"https:\/\/v3.atv-parts.hu\/#website\"},\"primaryImageOfPage\":{\"@id\":\"https:\/\/v3.atv-parts.hu\/index.php\/termek\/ufo-lanccsuszo-honda-cr-125-00-07-cr-250-00-07-crf-250r-04-09-crf-250x-04-17-crf-450r-02-08-crf-450x050-16-piros-szin\/#primaryimage\"},\"image\":{\"@id\":\"https:\/\/v3.atv-parts.hu\/index.php\/termek\/ufo-lanccsuszo-honda-cr-125-00-07-cr-250-00-07-crf-250r-04-09-crf-250x-04-17-crf-450r-02-08-crf-450x050-16-piros-szin\/#primaryimage\"},\"thumbnailUrl\":\"https:\/\/v3.atv-parts.hu\/wp-content\/uploads\/2024\/03\/ufo-slizg-lancucha-honda-cr-125-250-00-07-crf-2.jpg\",\"datePublished\":\"2024-03-26T20:20:25+00:00\",\"dateModified\":\"2024-05-03T12:04:56+00:00\",\"breadcrumb\":{\"@id\":\"https:\/\/v3.atv-parts.hu\/index.php\/termek\/ufo-lanccsuszo-honda-cr-125-00-07-cr-250-00-07-crf-250r-04-09-crf-250x-04-17-crf-450r-02-08-crf-450x050-16-piros-szin\/#breadcrumb\"},\"inLanguage\":\"hu\",\"potentialAction\":[{\"@type\":\"ReadAction\",\"target\":[\"https:\/\/v3.atv-parts.hu\/index.php\/termek\/ufo-lanccsuszo-honda-cr-125-00-07-cr-250-00-07-crf-250r-04-09-crf-250x-04-17-crf-450r-02-08-crf-450x050-16-piros-szin\/\"]}]},{\"@type\":\"ImageObject\",\"inLanguage\":\"hu\",\"@id\":\"https:\/\/v3.atv-parts.hu\/index.php\/termek\/ufo-lanccsuszo-honda-cr-125-00-07-cr-250-00-07-crf-250r-04-09-crf-250x-04-17-crf-450r-02-08-crf-450x050-16-piros-szin\/#primaryimage\",\"url\":\"https:\/\/v3.atv-parts.hu\/wp-content\/uploads\/2024\/03\/ufo-slizg-lancucha-honda-cr-125-250-00-07-crf-2.jpg\",\"contentUrl\":\"https:\/\/v3.atv-parts.hu\/wp-content\/uploads\/2024\/03\/ufo-slizg-lancucha-honda-cr-125-250-00-07-crf-2.jpg\",\"width\":960,\"height\":640},{\"@type\":\"BreadcrumbList\",\"@id\":\"https:\/\/v3.atv-parts.hu\/index.php\/termek\/ufo-lanccsuszo-honda-cr-125-00-07-cr-250-00-07-crf-250r-04-09-crf-250x-04-17-crf-450r-02-08-crf-450x050-16-piros-szin\/#breadcrumb\",\"itemListElement\":[{\"@type\":\"ListItem\",\"position\":1,\"name\":\"Kezd\u0151lap\",\"item\":\"https:\/\/v3.atv-parts.hu\/\"},{\"@type\":\"ListItem\",\"position\":2,\"name\":\"Bolt\",\"item\":\"https:\/\/v3.atv-parts.hu\/index.php\/bolt\/\"},{\"@type\":\"ListItem\",\"position\":3,\"name\":\"UFO L\u00c1NCCS\u00daSZ\u00d3 HONDA CR 125 &#8217;00 -&#8217;07, CR 250 &#8217;00 -&#8217;07, CRF 250R &#8217;04 -&#8217;09, CRF 250X &#8217;04 -&#8217;17, CRF 450R &#8217;02 -&#8217;08, CRF 450X&#8217;050 &#8211; &#8216; 16 PIROS SZ\u00cdN\"}]},{\"@type\":\"WebSite\",\"@id\":\"https:\/\/v3.atv-parts.hu\/#website\",\"url\":\"https:\/\/v3.atv-parts.hu\/\",\"name\":\"V3 ATV-PARTS.HU\",\"description\":\"\",\"publisher\":{\"@id\":\"https:\/\/v3.atv-parts.hu\/#organization\"},\"potentialAction\":[{\"@type\":\"SearchAction\",\"target\":{\"@type\":\"EntryPoint\",\"urlTemplate\":\"https:\/\/v3.atv-parts.hu\/?s={search_term_string}\"},\"query-input\":\"required name=search_term_string\"}],\"inLanguage\":\"hu\"},{\"@type\":\"Organization\",\"@id\":\"https:\/\/v3.atv-parts.hu\/#organization\",\"name\":\"V3 ATV-PARTS.HU\",\"url\":\"https:\/\/v3.atv-parts.hu\/\",\"logo\":{\"@type\":\"ImageObject\",\"inLanguage\":\"hu\",\"@id\":\"https:\/\/v3.atv-parts.hu\/#\/schema\/logo\/image\/\",\"url\":\"https:\/\/v3.atv-parts.hu\/wp-content\/uploads\/2021\/02\/cropped-cropped-atvlogo-1-1-1.png\",\"contentUrl\":\"https:\/\/v3.atv-parts.hu\/wp-content\/uploads\/2021\/02\/cropped-cropped-atvlogo-1-1-1.png\",\"width\":267,\"height\":160,\"caption\":\"V3 ATV-PARTS.HU\"},\"image\":{\"@id\":\"https:\/\/v3.atv-parts.hu\/#\/schema\/logo\/image\/\"},\"sameAs\":[\"https:\/\/www.facebook.com\/atvpartsHU\"]}]}<\/script>\n<meta property=\"product:price:amount\" content=\"5883.91\" \/>\n<meta property=\"product:price:currency\" content=\"HUF\" \/>\n<meta property=\"og:availability\" content=\"instock\" \/>\n<meta property=\"product:availability\" content=\"instock\" \/>\n<meta property=\"product:retailer_item_id\" content=\"HO03671070\" \/>\n<meta property=\"product:condition\" content=\"new\" \/>\n<!-- \/ Yoast SEO Premium plugin. -->","yoast_head_json":{"title":"UFO L\u00c1NCCS\u00daSZ\u00d3 HONDA CR 125 '00 -'07, CR 250 '00 -'07, CRF 250R '04 -'09, CRF 250X '04 -'17, CRF 450R '02 -'08, CRF 450X'050 - ' 16 PIROS SZ\u00cdN - V3 ATV-PARTS.HU","robots":{"index":"index","follow":"follow","max-snippet":"max-snippet:-1","max-image-preview":"max-image-preview:large","max-video-preview":"max-video-preview:-1"},"canonical":"https:\/\/v3.atv-parts.hu\/index.php\/termek\/ufo-lanccsuszo-honda-cr-125-00-07-cr-250-00-07-crf-250r-04-09-crf-250x-04-17-crf-450r-02-08-crf-450x050-16-piros-szin\/","og_locale":"hu_HU","og_type":"article","og_title":"UFO L\u00c1NCCS\u00daSZ\u00d3 HONDA CR 125 '00 -'07, CR 250 '00 -'07, CRF 250R '04 -'09, CRF 250X '04 -'17, CRF 450R '02 -'08, CRF 450X'050 - ' 16 PIROS SZ\u00cdN","og_description":"UFO L\u00c1NCCS\u00daSZ\u00d3 HONDA CR 125 '00 -'07, CR 250 '00 -'07, CRF 250R '04 -'09, CRF 250X '04 -'17, CRF 450R '02 -'08, CRF 450X'050 - ' 16 PIROS SZ\u00cdN","og_url":"https:\/\/v3.atv-parts.hu\/index.php\/termek\/ufo-lanccsuszo-honda-cr-125-00-07-cr-250-00-07-crf-250r-04-09-crf-250x-04-17-crf-450r-02-08-crf-450x050-16-piros-szin\/","og_site_name":"V3 ATV-PARTS.HU","article_publisher":"https:\/\/www.facebook.com\/atvpartsHU","article_modified_time":"2024-05-03T12:04:56+00:00","og_image":[{"width":960,"height":640,"url":"https:\/\/v3.atv-parts.hu\/wp-content\/uploads\/2024\/03\/ufo-slizg-lancucha-honda-cr-125-250-00-07-crf-2.jpg","type":"image\/jpeg"}],"twitter_card":"summary_large_image","twitter_misc":{"\u00c1r":"5883,91&nbsp;&#70;&#116; \u00c1F\u00c1-val","El\u00e9rhet\u0151s\u00e9g":"K\u00e9szleten"},"schema":{"@context":"https:\/\/schema.org","@graph":[{"@type":"WebPage","@id":"https:\/\/v3.atv-parts.hu\/index.php\/termek\/ufo-lanccsuszo-honda-cr-125-00-07-cr-250-00-07-crf-250r-04-09-crf-250x-04-17-crf-450r-02-08-crf-450x050-16-piros-szin\/","url":"https:\/\/v3.atv-parts.hu\/index.php\/termek\/ufo-lanccsuszo-honda-cr-125-00-07-cr-250-00-07-crf-250r-04-09-crf-250x-04-17-crf-450r-02-08-crf-450x050-16-piros-szin\/","name":"UFO L\u00c1NCCS\u00daSZ\u00d3 HONDA CR 125 '00 -'07, CR 250 '00 -'07, CRF 250R '04 -'09, CRF 250X '04 -'17, CRF 450R '02 -'08, CRF 450X'050 - ' 16 PIROS SZ\u00cdN - V3 ATV-PARTS.HU","isPartOf":{"@id":"https:\/\/v3.atv-parts.hu\/#website"},"primaryImageOfPage":{"@id":"https:\/\/v3.atv-parts.hu\/index.php\/termek\/ufo-lanccsuszo-honda-cr-125-00-07-cr-250-00-07-crf-250r-04-09-crf-250x-04-17-crf-450r-02-08-crf-450x050-16-piros-szin\/#primaryimage"},"image":{"@id":"https:\/\/v3.atv-parts.hu\/index.php\/termek\/ufo-lanccsuszo-honda-cr-125-00-07-cr-250-00-07-crf-250r-04-09-crf-250x-04-17-crf-450r-02-08-crf-450x050-16-piros-szin\/#primaryimage"},"thumbnailUrl":"https:\/\/v3.atv-parts.hu\/wp-content\/uploads\/2024\/03\/ufo-slizg-lancucha-honda-cr-125-250-00-07-crf-2.jpg","datePublished":"2024-03-26T20:20:25+00:00","dateModified":"2024-05-03T12:04:56+00:00","breadcrumb":{"@id":"https:\/\/v3.atv-parts.hu\/index.php\/termek\/ufo-lanccsuszo-honda-cr-125-00-07-cr-250-00-07-crf-250r-04-09-crf-250x-04-17-crf-450r-02-08-crf-450x050-16-piros-szin\/#breadcrumb"},"inLanguage":"hu","potentialAction":[{"@type":"ReadAction","target":["https:\/\/v3.atv-parts.hu\/index.php\/termek\/ufo-lanccsuszo-honda-cr-125-00-07-cr-250-00-07-crf-250r-04-09-crf-250x-04-17-crf-450r-02-08-crf-450x050-16-piros-szin\/"]}]},{"@type":"ImageObject","inLanguage":"hu","@id":"https:\/\/v3.atv-parts.hu\/index.php\/termek\/ufo-lanccsuszo-honda-cr-125-00-07-cr-250-00-07-crf-250r-04-09-crf-250x-04-17-crf-450r-02-08-crf-450x050-16-piros-szin\/#primaryimage","url":"https:\/\/v3.atv-parts.hu\/wp-content\/uploads\/2024\/03\/ufo-slizg-lancucha-honda-cr-125-250-00-07-crf-2.jpg","contentUrl":"https:\/\/v3.atv-parts.hu\/wp-content\/uploads\/2024\/03\/ufo-slizg-lancucha-honda-cr-125-250-00-07-crf-2.jpg","width":960,"height":640},{"@type":"BreadcrumbList","@id":"https:\/\/v3.atv-parts.hu\/index.php\/termek\/ufo-lanccsuszo-honda-cr-125-00-07-cr-250-00-07-crf-250r-04-09-crf-250x-04-17-crf-450r-02-08-crf-450x050-16-piros-szin\/#breadcrumb","itemListElement":[{"@type":"ListItem","position":1,"name":"Kezd\u0151lap","item":"https:\/\/v3.atv-parts.hu\/"},{"@type":"ListItem","position":2,"name":"Bolt","item":"https:\/\/v3.atv-parts.hu\/index.php\/bolt\/"},{"@type":"ListItem","position":3,"name":"UFO L\u00c1NCCS\u00daSZ\u00d3 HONDA CR 125 &#8217;00 -&#8217;07, CR 250 &#8217;00 -&#8217;07, CRF 250R &#8217;04 -&#8217;09, CRF 250X &#8217;04 -&#8217;17, CRF 450R &#8217;02 -&#8217;08, CRF 450X&#8217;050 &#8211; &#8216; 16 PIROS SZ\u00cdN"}]},{"@type":"WebSite","@id":"https:\/\/v3.atv-parts.hu\/#website","url":"https:\/\/v3.atv-parts.hu\/","name":"V3 ATV-PARTS.HU","description":"","publisher":{"@id":"https:\/\/v3.atv-parts.hu\/#organization"},"potentialAction":[{"@type":"SearchAction","target":{"@type":"EntryPoint","urlTemplate":"https:\/\/v3.atv-parts.hu\/?s={search_term_string}"},"query-input":"required name=search_term_string"}],"inLanguage":"hu"},{"@type":"Organization","@id":"https:\/\/v3.atv-parts.hu\/#organization","name":"V3 ATV-PARTS.HU","url":"https:\/\/v3.atv-parts.hu\/","logo":{"@type":"ImageObject","inLanguage":"hu","@id":"https:\/\/v3.atv-parts.hu\/#\/schema\/logo\/image\/","url":"https:\/\/v3.atv-parts.hu\/wp-content\/uploads\/2021\/02\/cropped-cropped-atvlogo-1-1-1.png","contentUrl":"https:\/\/v3.atv-parts.hu\/wp-content\/uploads\/2021\/02\/cropped-cropped-atvlogo-1-1-1.png","width":267,"height":160,"caption":"V3 ATV-PARTS.HU"},"image":{"@id":"https:\/\/v3.atv-parts.hu\/#\/schema\/logo\/image\/"},"sameAs":["https:\/\/www.facebook.com\/atvpartsHU"]}]},"product_price_amount":"5883.91","product_price_currency":"HUF","og_availability":"instock","product_availability":"instock","product_retailer_item_id":"HO03671070","product_condition":"new"},"_links":{"self":[{"href":"https:\/\/v3.atv-parts.hu\/index.php\/wp-json\/wp\/v2\/product\/25766","targetHints":{"allow":["GET"]}}],"collection":[{"href":"https:\/\/v3.atv-parts.hu\/index.php\/wp-json\/wp\/v2\/product"}],"about":[{"href":"https:\/\/v3.atv-parts.hu\/index.php\/wp-json\/wp\/v2\/types\/product"}],"replies":[{"embeddable":true,"href":"https:\/\/v3.atv-parts.hu\/index.php\/wp-json\/wp\/v2\/comments?post=25766"}],"wp:featuredmedia":[{"embeddable":true,"href":"https:\/\/v3.atv-parts.hu\/index.php\/wp-json\/wp\/v2\/media\/25767"}],"wp:attachment":[{"href":"https:\/\/v3.atv-parts.hu\/index.php\/wp-json\/wp\/v2\/media?parent=25766"}],"wp:term":[{"taxonomy":"product_cat","embeddable":true,"href":"https:\/\/v3.atv-parts.hu\/index.php\/wp-json\/wp\/v2\/product_cat?post=25766"},{"taxonomy":"product_tag","embeddable":true,"href":"https:\/\/v3.atv-parts.hu\/index.php\/wp-json\/wp\/v2\/product_tag?post=25766"}],"curies":[{"name":"wp","href":"https:\/\/api.w.org\/{rel}","templated":true}]}}