{"id":29348,"date":"2024-03-26T22:30:04","date_gmt":"2024-03-26T21:30:04","guid":{"rendered":"https:\/\/v3.atv-parts.hu\/index.php\/termek\/trw-lucas-fekbetet-kh115-organic-ktm-sx-60-65-98-01-suzuki-ay-50-97-06-yamaha-tzr-50-03-elso-hatso-akcio\/"},"modified":"2025-02-28T08:01:00","modified_gmt":"2025-02-28T07:01:00","slug":"trw-lucas-fekbetet-kh115-organic-ktm-sx-60-65-98-01-suzuki-ay-50-97-06-yamaha-tzr-50-03-elso-hatso-akcio","status":"publish","type":"product","link":"https:\/\/v3.atv-parts.hu\/index.php\/termek\/trw-lucas-fekbetet-kh115-organic-ktm-sx-60-65-98-01-suzuki-ay-50-97-06-yamaha-tzr-50-03-elso-hatso-akcio\/","title":{"rendered":"TRW LUCAS F\u00c9Kbet\u00e9t KH115 ORGANIC KTM SX 60\/65 98-01, SUZUKI AY 50 97-06, YAMAHA TZR 50 &#8217;03 -, ELS\u0150 \/ H\u00c1TS\u00d3 (AKCI\u00d3)"},"content":{"rendered":"<p>TRW LUCAS F\u00c9Kbet\u00e9t KH115 ORGANIC KTM SX 60\/65 98-01, SUZUKI AY 50 97-06, YAMAHA TZR 50 &#8217;03 -, ELS\u0150 \/ H\u00c1TS\u00d3 (AKCI\u00d3)<\/p>\n<p>EAN: 3322937089871<\/p>\n<p>SKU: MCB535<\/p>\n","protected":false},"excerpt":{"rendered":"<p>TRW LUCAS F\u00c9Kbet\u00e9t KH115 ORGANIC KTM SX 60\/65 98-01, SUZUKI AY 50 97-06, YAMAHA TZR 50 &#8217;03 -, ELS\u0150 \/ H\u00c1TS\u00d3 (AKCI\u00d3)<\/p>\n","protected":false},"featured_media":29349,"comment_status":"closed","ping_status":"open","template":"","meta":{"_monsterinsights_skip_tracking":false,"_monsterinsights_sitenote_active":false,"_monsterinsights_sitenote_note":"","_monsterinsights_sitenote_category":0},"product_cat":[285,284,283],"product_tag":[156,157,182,166,407],"class_list":{"0":"post-29348","1":"product","2":"type-product","3":"status-publish","4":"has-post-thumbnail","6":"product_cat-fekbetetek","7":"product_cat-fekbetetek-es-fekpofak","8":"product_cat-fekrendszer","9":"product_tag-atv","10":"product_tag-cross","11":"product_tag-ktm","12":"product_tag-suzuki","13":"product_tag-sx","14":"pa_marka-trw-lucas","16":"first","17":"instock","18":"taxable","19":"shipping-taxable","20":"purchasable","21":"product-type-simple"},"yoast_head":"<!-- This site is optimized with the Yoast SEO Premium plugin v22.6 (Yoast SEO v22.6) - https:\/\/yoast.com\/wordpress\/plugins\/seo\/ -->\n<title>TRW LUCAS F\u00c9Kbet\u00e9t KH115 ORGANIC KTM SX 60\/65 98-01, SUZUKI AY 50 97-06, YAMAHA TZR 50 &#039;03 -, ELS\u0150 \/ H\u00c1TS\u00d3 (AKCI\u00d3) - V3 ATV-PARTS.HU<\/title>\n<meta name=\"robots\" content=\"index, follow, max-snippet:-1, max-image-preview:large, max-video-preview:-1\" \/>\n<link rel=\"canonical\" href=\"https:\/\/v3.atv-parts.hu\/index.php\/termek\/trw-lucas-fekbetet-kh115-organic-ktm-sx-60-65-98-01-suzuki-ay-50-97-06-yamaha-tzr-50-03-elso-hatso-akcio\/\" \/>\n<meta property=\"og:locale\" content=\"hu_HU\" \/>\n<meta property=\"og:type\" content=\"article\" \/>\n<meta property=\"og:title\" content=\"TRW LUCAS F\u00c9Kbet\u00e9t KH115 ORGANIC KTM SX 60\/65 98-01, SUZUKI AY 50 97-06, YAMAHA TZR 50 &#039;03 -, ELS\u0150 \/ H\u00c1TS\u00d3 (AKCI\u00d3)\" \/>\n<meta property=\"og:description\" content=\"TRW LUCAS F\u00c9Kbet\u00e9t KH115 ORGANIC KTM SX 60\/65 98-01, SUZUKI AY 50 97-06, YAMAHA TZR 50 &#039;03 -, ELS\u0150 \/ H\u00c1TS\u00d3 (AKCI\u00d3)\" \/>\n<meta property=\"og:url\" content=\"https:\/\/v3.atv-parts.hu\/index.php\/termek\/trw-lucas-fekbetet-kh115-organic-ktm-sx-60-65-98-01-suzuki-ay-50-97-06-yamaha-tzr-50-03-elso-hatso-akcio\/\" \/>\n<meta property=\"og:site_name\" content=\"V3 ATV-PARTS.HU\" \/>\n<meta property=\"article:publisher\" content=\"https:\/\/www.facebook.com\/atvpartsHU\" \/>\n<meta property=\"article:modified_time\" content=\"2025-02-28T07:01:00+00:00\" \/>\n<meta property=\"og:image\" content=\"https:\/\/v3.atv-parts.hu\/wp-content\/uploads\/2024\/03\/trw-lucas-klocki-hamulcowe-kh115-organic.jpg\" \/>\n\t<meta property=\"og:image:width\" content=\"945\" \/>\n\t<meta property=\"og:image:height\" content=\"614\" \/>\n\t<meta property=\"og:image:type\" content=\"image\/jpeg\" \/>\n<meta name=\"twitter:card\" content=\"summary_large_image\" \/>\n<meta name=\"twitter:label1\" content=\"\u00c1r\" \/>\n\t<meta name=\"twitter:data1\" content=\"5447,03&nbsp;&#70;&#116; \u00c1F\u00c1-val\" \/>\n\t<meta name=\"twitter:label2\" content=\"El\u00e9rhet\u0151s\u00e9g\" \/>\n\t<meta name=\"twitter:data2\" content=\"K\u00e9szleten\" \/>\n<script type=\"application\/ld+json\" class=\"yoast-schema-graph\">{\"@context\":\"https:\/\/schema.org\",\"@graph\":[{\"@type\":\"WebPage\",\"@id\":\"https:\/\/v3.atv-parts.hu\/index.php\/termek\/trw-lucas-fekbetet-kh115-organic-ktm-sx-60-65-98-01-suzuki-ay-50-97-06-yamaha-tzr-50-03-elso-hatso-akcio\/\",\"url\":\"https:\/\/v3.atv-parts.hu\/index.php\/termek\/trw-lucas-fekbetet-kh115-organic-ktm-sx-60-65-98-01-suzuki-ay-50-97-06-yamaha-tzr-50-03-elso-hatso-akcio\/\",\"name\":\"TRW LUCAS F\u00c9Kbet\u00e9t KH115 ORGANIC KTM SX 60\/65 98-01, SUZUKI AY 50 97-06, YAMAHA TZR 50 '03 -, ELS\u0150 \/ H\u00c1TS\u00d3 (AKCI\u00d3) - V3 ATV-PARTS.HU\",\"isPartOf\":{\"@id\":\"https:\/\/v3.atv-parts.hu\/#website\"},\"primaryImageOfPage\":{\"@id\":\"https:\/\/v3.atv-parts.hu\/index.php\/termek\/trw-lucas-fekbetet-kh115-organic-ktm-sx-60-65-98-01-suzuki-ay-50-97-06-yamaha-tzr-50-03-elso-hatso-akcio\/#primaryimage\"},\"image\":{\"@id\":\"https:\/\/v3.atv-parts.hu\/index.php\/termek\/trw-lucas-fekbetet-kh115-organic-ktm-sx-60-65-98-01-suzuki-ay-50-97-06-yamaha-tzr-50-03-elso-hatso-akcio\/#primaryimage\"},\"thumbnailUrl\":\"https:\/\/v3.atv-parts.hu\/wp-content\/uploads\/2024\/03\/trw-lucas-klocki-hamulcowe-kh115-organic.jpg\",\"datePublished\":\"2024-03-26T21:30:04+00:00\",\"dateModified\":\"2025-02-28T07:01:00+00:00\",\"breadcrumb\":{\"@id\":\"https:\/\/v3.atv-parts.hu\/index.php\/termek\/trw-lucas-fekbetet-kh115-organic-ktm-sx-60-65-98-01-suzuki-ay-50-97-06-yamaha-tzr-50-03-elso-hatso-akcio\/#breadcrumb\"},\"inLanguage\":\"hu\",\"potentialAction\":[{\"@type\":\"ReadAction\",\"target\":[\"https:\/\/v3.atv-parts.hu\/index.php\/termek\/trw-lucas-fekbetet-kh115-organic-ktm-sx-60-65-98-01-suzuki-ay-50-97-06-yamaha-tzr-50-03-elso-hatso-akcio\/\"]}]},{\"@type\":\"ImageObject\",\"inLanguage\":\"hu\",\"@id\":\"https:\/\/v3.atv-parts.hu\/index.php\/termek\/trw-lucas-fekbetet-kh115-organic-ktm-sx-60-65-98-01-suzuki-ay-50-97-06-yamaha-tzr-50-03-elso-hatso-akcio\/#primaryimage\",\"url\":\"https:\/\/v3.atv-parts.hu\/wp-content\/uploads\/2024\/03\/trw-lucas-klocki-hamulcowe-kh115-organic.jpg\",\"contentUrl\":\"https:\/\/v3.atv-parts.hu\/wp-content\/uploads\/2024\/03\/trw-lucas-klocki-hamulcowe-kh115-organic.jpg\",\"width\":945,\"height\":614},{\"@type\":\"BreadcrumbList\",\"@id\":\"https:\/\/v3.atv-parts.hu\/index.php\/termek\/trw-lucas-fekbetet-kh115-organic-ktm-sx-60-65-98-01-suzuki-ay-50-97-06-yamaha-tzr-50-03-elso-hatso-akcio\/#breadcrumb\",\"itemListElement\":[{\"@type\":\"ListItem\",\"position\":1,\"name\":\"Kezd\u0151lap\",\"item\":\"https:\/\/v3.atv-parts.hu\/\"},{\"@type\":\"ListItem\",\"position\":2,\"name\":\"Bolt\",\"item\":\"https:\/\/v3.atv-parts.hu\/index.php\/bolt\/\"},{\"@type\":\"ListItem\",\"position\":3,\"name\":\"TRW LUCAS F\u00c9Kbet\u00e9t KH115 ORGANIC KTM SX 60\/65 98-01, SUZUKI AY 50 97-06, YAMAHA TZR 50 &#8217;03 -, ELS\u0150 \/ H\u00c1TS\u00d3 (AKCI\u00d3)\"}]},{\"@type\":\"WebSite\",\"@id\":\"https:\/\/v3.atv-parts.hu\/#website\",\"url\":\"https:\/\/v3.atv-parts.hu\/\",\"name\":\"V3 ATV-PARTS.HU\",\"description\":\"\",\"publisher\":{\"@id\":\"https:\/\/v3.atv-parts.hu\/#organization\"},\"potentialAction\":[{\"@type\":\"SearchAction\",\"target\":{\"@type\":\"EntryPoint\",\"urlTemplate\":\"https:\/\/v3.atv-parts.hu\/?s={search_term_string}\"},\"query-input\":\"required name=search_term_string\"}],\"inLanguage\":\"hu\"},{\"@type\":\"Organization\",\"@id\":\"https:\/\/v3.atv-parts.hu\/#organization\",\"name\":\"V3 ATV-PARTS.HU\",\"url\":\"https:\/\/v3.atv-parts.hu\/\",\"logo\":{\"@type\":\"ImageObject\",\"inLanguage\":\"hu\",\"@id\":\"https:\/\/v3.atv-parts.hu\/#\/schema\/logo\/image\/\",\"url\":\"https:\/\/v3.atv-parts.hu\/wp-content\/uploads\/2021\/02\/cropped-cropped-atvlogo-1-1-1.png\",\"contentUrl\":\"https:\/\/v3.atv-parts.hu\/wp-content\/uploads\/2021\/02\/cropped-cropped-atvlogo-1-1-1.png\",\"width\":267,\"height\":160,\"caption\":\"V3 ATV-PARTS.HU\"},\"image\":{\"@id\":\"https:\/\/v3.atv-parts.hu\/#\/schema\/logo\/image\/\"},\"sameAs\":[\"https:\/\/www.facebook.com\/atvpartsHU\"]}]}<\/script>\n<meta property=\"product:price:amount\" content=\"5447.03\" \/>\n<meta property=\"product:price:currency\" content=\"HUF\" \/>\n<meta property=\"og:availability\" content=\"instock\" \/>\n<meta property=\"product:availability\" content=\"instock\" \/>\n<meta property=\"product:retailer_item_id\" content=\"MCB535\" \/>\n<meta property=\"product:condition\" content=\"new\" \/>\n<!-- \/ Yoast SEO Premium plugin. -->","yoast_head_json":{"title":"TRW LUCAS F\u00c9Kbet\u00e9t KH115 ORGANIC KTM SX 60\/65 98-01, SUZUKI AY 50 97-06, YAMAHA TZR 50 '03 -, ELS\u0150 \/ H\u00c1TS\u00d3 (AKCI\u00d3) - V3 ATV-PARTS.HU","robots":{"index":"index","follow":"follow","max-snippet":"max-snippet:-1","max-image-preview":"max-image-preview:large","max-video-preview":"max-video-preview:-1"},"canonical":"https:\/\/v3.atv-parts.hu\/index.php\/termek\/trw-lucas-fekbetet-kh115-organic-ktm-sx-60-65-98-01-suzuki-ay-50-97-06-yamaha-tzr-50-03-elso-hatso-akcio\/","og_locale":"hu_HU","og_type":"article","og_title":"TRW LUCAS F\u00c9Kbet\u00e9t KH115 ORGANIC KTM SX 60\/65 98-01, SUZUKI AY 50 97-06, YAMAHA TZR 50 '03 -, ELS\u0150 \/ H\u00c1TS\u00d3 (AKCI\u00d3)","og_description":"TRW LUCAS F\u00c9Kbet\u00e9t KH115 ORGANIC KTM SX 60\/65 98-01, SUZUKI AY 50 97-06, YAMAHA TZR 50 '03 -, ELS\u0150 \/ H\u00c1TS\u00d3 (AKCI\u00d3)","og_url":"https:\/\/v3.atv-parts.hu\/index.php\/termek\/trw-lucas-fekbetet-kh115-organic-ktm-sx-60-65-98-01-suzuki-ay-50-97-06-yamaha-tzr-50-03-elso-hatso-akcio\/","og_site_name":"V3 ATV-PARTS.HU","article_publisher":"https:\/\/www.facebook.com\/atvpartsHU","article_modified_time":"2025-02-28T07:01:00+00:00","og_image":[{"width":945,"height":614,"url":"https:\/\/v3.atv-parts.hu\/wp-content\/uploads\/2024\/03\/trw-lucas-klocki-hamulcowe-kh115-organic.jpg","type":"image\/jpeg"}],"twitter_card":"summary_large_image","twitter_misc":{"\u00c1r":"5447,03&nbsp;&#70;&#116; \u00c1F\u00c1-val","El\u00e9rhet\u0151s\u00e9g":"K\u00e9szleten"},"schema":{"@context":"https:\/\/schema.org","@graph":[{"@type":"WebPage","@id":"https:\/\/v3.atv-parts.hu\/index.php\/termek\/trw-lucas-fekbetet-kh115-organic-ktm-sx-60-65-98-01-suzuki-ay-50-97-06-yamaha-tzr-50-03-elso-hatso-akcio\/","url":"https:\/\/v3.atv-parts.hu\/index.php\/termek\/trw-lucas-fekbetet-kh115-organic-ktm-sx-60-65-98-01-suzuki-ay-50-97-06-yamaha-tzr-50-03-elso-hatso-akcio\/","name":"TRW LUCAS F\u00c9Kbet\u00e9t KH115 ORGANIC KTM SX 60\/65 98-01, SUZUKI AY 50 97-06, YAMAHA TZR 50 '03 -, ELS\u0150 \/ H\u00c1TS\u00d3 (AKCI\u00d3) - V3 ATV-PARTS.HU","isPartOf":{"@id":"https:\/\/v3.atv-parts.hu\/#website"},"primaryImageOfPage":{"@id":"https:\/\/v3.atv-parts.hu\/index.php\/termek\/trw-lucas-fekbetet-kh115-organic-ktm-sx-60-65-98-01-suzuki-ay-50-97-06-yamaha-tzr-50-03-elso-hatso-akcio\/#primaryimage"},"image":{"@id":"https:\/\/v3.atv-parts.hu\/index.php\/termek\/trw-lucas-fekbetet-kh115-organic-ktm-sx-60-65-98-01-suzuki-ay-50-97-06-yamaha-tzr-50-03-elso-hatso-akcio\/#primaryimage"},"thumbnailUrl":"https:\/\/v3.atv-parts.hu\/wp-content\/uploads\/2024\/03\/trw-lucas-klocki-hamulcowe-kh115-organic.jpg","datePublished":"2024-03-26T21:30:04+00:00","dateModified":"2025-02-28T07:01:00+00:00","breadcrumb":{"@id":"https:\/\/v3.atv-parts.hu\/index.php\/termek\/trw-lucas-fekbetet-kh115-organic-ktm-sx-60-65-98-01-suzuki-ay-50-97-06-yamaha-tzr-50-03-elso-hatso-akcio\/#breadcrumb"},"inLanguage":"hu","potentialAction":[{"@type":"ReadAction","target":["https:\/\/v3.atv-parts.hu\/index.php\/termek\/trw-lucas-fekbetet-kh115-organic-ktm-sx-60-65-98-01-suzuki-ay-50-97-06-yamaha-tzr-50-03-elso-hatso-akcio\/"]}]},{"@type":"ImageObject","inLanguage":"hu","@id":"https:\/\/v3.atv-parts.hu\/index.php\/termek\/trw-lucas-fekbetet-kh115-organic-ktm-sx-60-65-98-01-suzuki-ay-50-97-06-yamaha-tzr-50-03-elso-hatso-akcio\/#primaryimage","url":"https:\/\/v3.atv-parts.hu\/wp-content\/uploads\/2024\/03\/trw-lucas-klocki-hamulcowe-kh115-organic.jpg","contentUrl":"https:\/\/v3.atv-parts.hu\/wp-content\/uploads\/2024\/03\/trw-lucas-klocki-hamulcowe-kh115-organic.jpg","width":945,"height":614},{"@type":"BreadcrumbList","@id":"https:\/\/v3.atv-parts.hu\/index.php\/termek\/trw-lucas-fekbetet-kh115-organic-ktm-sx-60-65-98-01-suzuki-ay-50-97-06-yamaha-tzr-50-03-elso-hatso-akcio\/#breadcrumb","itemListElement":[{"@type":"ListItem","position":1,"name":"Kezd\u0151lap","item":"https:\/\/v3.atv-parts.hu\/"},{"@type":"ListItem","position":2,"name":"Bolt","item":"https:\/\/v3.atv-parts.hu\/index.php\/bolt\/"},{"@type":"ListItem","position":3,"name":"TRW LUCAS F\u00c9Kbet\u00e9t KH115 ORGANIC KTM SX 60\/65 98-01, SUZUKI AY 50 97-06, YAMAHA TZR 50 &#8217;03 -, ELS\u0150 \/ H\u00c1TS\u00d3 (AKCI\u00d3)"}]},{"@type":"WebSite","@id":"https:\/\/v3.atv-parts.hu\/#website","url":"https:\/\/v3.atv-parts.hu\/","name":"V3 ATV-PARTS.HU","description":"","publisher":{"@id":"https:\/\/v3.atv-parts.hu\/#organization"},"potentialAction":[{"@type":"SearchAction","target":{"@type":"EntryPoint","urlTemplate":"https:\/\/v3.atv-parts.hu\/?s={search_term_string}"},"query-input":"required name=search_term_string"}],"inLanguage":"hu"},{"@type":"Organization","@id":"https:\/\/v3.atv-parts.hu\/#organization","name":"V3 ATV-PARTS.HU","url":"https:\/\/v3.atv-parts.hu\/","logo":{"@type":"ImageObject","inLanguage":"hu","@id":"https:\/\/v3.atv-parts.hu\/#\/schema\/logo\/image\/","url":"https:\/\/v3.atv-parts.hu\/wp-content\/uploads\/2021\/02\/cropped-cropped-atvlogo-1-1-1.png","contentUrl":"https:\/\/v3.atv-parts.hu\/wp-content\/uploads\/2021\/02\/cropped-cropped-atvlogo-1-1-1.png","width":267,"height":160,"caption":"V3 ATV-PARTS.HU"},"image":{"@id":"https:\/\/v3.atv-parts.hu\/#\/schema\/logo\/image\/"},"sameAs":["https:\/\/www.facebook.com\/atvpartsHU"]}]},"product_price_amount":"5447.03","product_price_currency":"HUF","og_availability":"instock","product_availability":"instock","product_retailer_item_id":"MCB535","product_condition":"new"},"_links":{"self":[{"href":"https:\/\/v3.atv-parts.hu\/index.php\/wp-json\/wp\/v2\/product\/29348","targetHints":{"allow":["GET"]}}],"collection":[{"href":"https:\/\/v3.atv-parts.hu\/index.php\/wp-json\/wp\/v2\/product"}],"about":[{"href":"https:\/\/v3.atv-parts.hu\/index.php\/wp-json\/wp\/v2\/types\/product"}],"replies":[{"embeddable":true,"href":"https:\/\/v3.atv-parts.hu\/index.php\/wp-json\/wp\/v2\/comments?post=29348"}],"wp:featuredmedia":[{"embeddable":true,"href":"https:\/\/v3.atv-parts.hu\/index.php\/wp-json\/wp\/v2\/media\/29349"}],"wp:attachment":[{"href":"https:\/\/v3.atv-parts.hu\/index.php\/wp-json\/wp\/v2\/media?parent=29348"}],"wp:term":[{"taxonomy":"product_cat","embeddable":true,"href":"https:\/\/v3.atv-parts.hu\/index.php\/wp-json\/wp\/v2\/product_cat?post=29348"},{"taxonomy":"product_tag","embeddable":true,"href":"https:\/\/v3.atv-parts.hu\/index.php\/wp-json\/wp\/v2\/product_tag?post=29348"}],"curies":[{"name":"wp","href":"https:\/\/api.w.org\/{rel}","templated":true}]}}