{"id":32071,"date":"2024-03-26T23:30:05","date_gmt":"2024-03-26T22:30:05","guid":{"rendered":"https:\/\/v3.atv-parts.hu\/index.php\/termek\/namura-dugattyu-polaris-sportsman-400-01-12-450-06-07-std-8789-mm-na-50026r-gyuruk\/"},"modified":"2024-05-03T14:28:35","modified_gmt":"2024-05-03T12:28:35","slug":"namura-dugattyu-polaris-sportsman-400-01-12-450-06-07-std-8789-mm-na-50026r-gyuruk","status":"publish","type":"product","link":"https:\/\/v3.atv-parts.hu\/index.php\/termek\/namura-dugattyu-polaris-sportsman-400-01-12-450-06-07-std-8789-mm-na-50026r-gyuruk\/","title":{"rendered":"NAMURA DUGATTY\u00da POLARIS SPORTSMAN 400 &#8217;01 -&#8217;12, 450 &#8217;06 -&#8217;07 (STD = 87,89 mm) (NA-50026R GY\u0170R\u0170K)"},"content":{"rendered":"<p>NAMURA DUGATTY\u00da POLARIS SPORTSMAN 400 &#8217;01 -&#8217;12, 450 &#8217;06 -&#8217;07 (STD = 87,89 mm) (NA-50026R GY\u0170R\u0170K)<\/p>\n<p>EAN: NA-50026<\/p>\n<p>SKU: NA-50026<\/p>\n","protected":false},"excerpt":{"rendered":"<p>NAMURA DUGATTY\u00da POLARIS SPORTSMAN 400 &#8217;01 -&#8217;12, 450 &#8217;06 -&#8217;07 (STD = 87,89 mm) (NA-50026R GY\u0170R\u0170K)<\/p>\n","protected":false},"featured_media":32072,"comment_status":"closed","ping_status":"open","template":"","meta":{"_monsterinsights_skip_tracking":false,"_monsterinsights_sitenote_active":false,"_monsterinsights_sitenote_note":"","_monsterinsights_sitenote_category":0},"product_cat":[162,154,153],"product_tag":[156,181,371,374],"class_list":{"0":"post-32071","1":"product","2":"type-product","3":"status-publish","4":"has-post-thumbnail","6":"product_cat-dugattyuk-4t-motorokhoz","7":"product_cat-dugattyuk-gyuruk-csapok","8":"product_cat-motor","9":"product_tag-atv","10":"product_tag-polaris","11":"product_tag-sportsman","12":"product_tag-sportsman-400-800","13":"pa_marka-namura","15":"first","16":"instock","17":"taxable","18":"shipping-taxable","19":"purchasable","20":"product-type-simple"},"yoast_head":"<!-- This site is optimized with the Yoast SEO Premium plugin v22.6 (Yoast SEO v22.6) - https:\/\/yoast.com\/wordpress\/plugins\/seo\/ -->\n<title>NAMURA DUGATTY\u00da POLARIS SPORTSMAN 400 &#039;01 -&#039;12, 450 &#039;06 -&#039;07 (STD = 87,89 mm) (NA-50026R GY\u0170R\u0170K) - V3 ATV-PARTS.HU<\/title>\n<meta name=\"robots\" content=\"index, follow, max-snippet:-1, max-image-preview:large, max-video-preview:-1\" \/>\n<link rel=\"canonical\" href=\"https:\/\/v3.atv-parts.hu\/index.php\/termek\/namura-dugattyu-polaris-sportsman-400-01-12-450-06-07-std-8789-mm-na-50026r-gyuruk\/\" \/>\n<meta property=\"og:locale\" content=\"hu_HU\" \/>\n<meta property=\"og:type\" content=\"article\" \/>\n<meta property=\"og:title\" content=\"NAMURA DUGATTY\u00da POLARIS SPORTSMAN 400 &#039;01 -&#039;12, 450 &#039;06 -&#039;07 (STD = 87,89 mm) (NA-50026R GY\u0170R\u0170K)\" \/>\n<meta property=\"og:description\" content=\"NAMURA DUGATTY\u00da POLARIS SPORTSMAN 400 &#039;01 -&#039;12, 450 &#039;06 -&#039;07 (STD = 87,89 mm) (NA-50026R GY\u0170R\u0170K)\" \/>\n<meta property=\"og:url\" content=\"https:\/\/v3.atv-parts.hu\/index.php\/termek\/namura-dugattyu-polaris-sportsman-400-01-12-450-06-07-std-8789-mm-na-50026r-gyuruk\/\" \/>\n<meta property=\"og:site_name\" content=\"V3 ATV-PARTS.HU\" \/>\n<meta property=\"article:publisher\" content=\"https:\/\/www.facebook.com\/atvpartsHU\" \/>\n<meta property=\"article:modified_time\" content=\"2024-05-03T12:28:35+00:00\" \/>\n<meta property=\"og:image\" content=\"https:\/\/v3.atv-parts.hu\/wp-content\/uploads\/2024\/03\/namura-tlok-polaris-sportsman-400-01-12-450-06.jpg\" \/>\n\t<meta property=\"og:image:width\" content=\"640\" \/>\n\t<meta property=\"og:image:height\" content=\"480\" \/>\n\t<meta property=\"og:image:type\" content=\"image\/jpeg\" \/>\n<meta name=\"twitter:card\" content=\"summary_large_image\" \/>\n<meta name=\"twitter:label1\" content=\"\u00c1r\" \/>\n\t<meta name=\"twitter:data1\" content=\"43154,60&nbsp;&#70;&#116; \u00c1F\u00c1-val\" \/>\n\t<meta name=\"twitter:label2\" content=\"El\u00e9rhet\u0151s\u00e9g\" \/>\n\t<meta name=\"twitter:data2\" content=\"K\u00e9szleten\" \/>\n<script type=\"application\/ld+json\" class=\"yoast-schema-graph\">{\"@context\":\"https:\/\/schema.org\",\"@graph\":[{\"@type\":\"WebPage\",\"@id\":\"https:\/\/v3.atv-parts.hu\/index.php\/termek\/namura-dugattyu-polaris-sportsman-400-01-12-450-06-07-std-8789-mm-na-50026r-gyuruk\/\",\"url\":\"https:\/\/v3.atv-parts.hu\/index.php\/termek\/namura-dugattyu-polaris-sportsman-400-01-12-450-06-07-std-8789-mm-na-50026r-gyuruk\/\",\"name\":\"NAMURA DUGATTY\u00da POLARIS SPORTSMAN 400 '01 -'12, 450 '06 -'07 (STD = 87,89 mm) (NA-50026R GY\u0170R\u0170K) - V3 ATV-PARTS.HU\",\"isPartOf\":{\"@id\":\"https:\/\/v3.atv-parts.hu\/#website\"},\"primaryImageOfPage\":{\"@id\":\"https:\/\/v3.atv-parts.hu\/index.php\/termek\/namura-dugattyu-polaris-sportsman-400-01-12-450-06-07-std-8789-mm-na-50026r-gyuruk\/#primaryimage\"},\"image\":{\"@id\":\"https:\/\/v3.atv-parts.hu\/index.php\/termek\/namura-dugattyu-polaris-sportsman-400-01-12-450-06-07-std-8789-mm-na-50026r-gyuruk\/#primaryimage\"},\"thumbnailUrl\":\"https:\/\/v3.atv-parts.hu\/wp-content\/uploads\/2024\/03\/namura-tlok-polaris-sportsman-400-01-12-450-06.jpg\",\"datePublished\":\"2024-03-26T22:30:05+00:00\",\"dateModified\":\"2024-05-03T12:28:35+00:00\",\"breadcrumb\":{\"@id\":\"https:\/\/v3.atv-parts.hu\/index.php\/termek\/namura-dugattyu-polaris-sportsman-400-01-12-450-06-07-std-8789-mm-na-50026r-gyuruk\/#breadcrumb\"},\"inLanguage\":\"hu\",\"potentialAction\":[{\"@type\":\"ReadAction\",\"target\":[\"https:\/\/v3.atv-parts.hu\/index.php\/termek\/namura-dugattyu-polaris-sportsman-400-01-12-450-06-07-std-8789-mm-na-50026r-gyuruk\/\"]}]},{\"@type\":\"ImageObject\",\"inLanguage\":\"hu\",\"@id\":\"https:\/\/v3.atv-parts.hu\/index.php\/termek\/namura-dugattyu-polaris-sportsman-400-01-12-450-06-07-std-8789-mm-na-50026r-gyuruk\/#primaryimage\",\"url\":\"https:\/\/v3.atv-parts.hu\/wp-content\/uploads\/2024\/03\/namura-tlok-polaris-sportsman-400-01-12-450-06.jpg\",\"contentUrl\":\"https:\/\/v3.atv-parts.hu\/wp-content\/uploads\/2024\/03\/namura-tlok-polaris-sportsman-400-01-12-450-06.jpg\",\"width\":640,\"height\":480},{\"@type\":\"BreadcrumbList\",\"@id\":\"https:\/\/v3.atv-parts.hu\/index.php\/termek\/namura-dugattyu-polaris-sportsman-400-01-12-450-06-07-std-8789-mm-na-50026r-gyuruk\/#breadcrumb\",\"itemListElement\":[{\"@type\":\"ListItem\",\"position\":1,\"name\":\"Kezd\u0151lap\",\"item\":\"https:\/\/v3.atv-parts.hu\/\"},{\"@type\":\"ListItem\",\"position\":2,\"name\":\"Bolt\",\"item\":\"https:\/\/v3.atv-parts.hu\/index.php\/bolt\/\"},{\"@type\":\"ListItem\",\"position\":3,\"name\":\"NAMURA DUGATTY\u00da POLARIS SPORTSMAN 400 &#8217;01 -&#8217;12, 450 &#8217;06 -&#8217;07 (STD = 87,89 mm) (NA-50026R GY\u0170R\u0170K)\"}]},{\"@type\":\"WebSite\",\"@id\":\"https:\/\/v3.atv-parts.hu\/#website\",\"url\":\"https:\/\/v3.atv-parts.hu\/\",\"name\":\"V3 ATV-PARTS.HU\",\"description\":\"\",\"publisher\":{\"@id\":\"https:\/\/v3.atv-parts.hu\/#organization\"},\"potentialAction\":[{\"@type\":\"SearchAction\",\"target\":{\"@type\":\"EntryPoint\",\"urlTemplate\":\"https:\/\/v3.atv-parts.hu\/?s={search_term_string}\"},\"query-input\":\"required name=search_term_string\"}],\"inLanguage\":\"hu\"},{\"@type\":\"Organization\",\"@id\":\"https:\/\/v3.atv-parts.hu\/#organization\",\"name\":\"V3 ATV-PARTS.HU\",\"url\":\"https:\/\/v3.atv-parts.hu\/\",\"logo\":{\"@type\":\"ImageObject\",\"inLanguage\":\"hu\",\"@id\":\"https:\/\/v3.atv-parts.hu\/#\/schema\/logo\/image\/\",\"url\":\"https:\/\/v3.atv-parts.hu\/wp-content\/uploads\/2021\/02\/cropped-cropped-atvlogo-1-1-1.png\",\"contentUrl\":\"https:\/\/v3.atv-parts.hu\/wp-content\/uploads\/2021\/02\/cropped-cropped-atvlogo-1-1-1.png\",\"width\":267,\"height\":160,\"caption\":\"V3 ATV-PARTS.HU\"},\"image\":{\"@id\":\"https:\/\/v3.atv-parts.hu\/#\/schema\/logo\/image\/\"},\"sameAs\":[\"https:\/\/www.facebook.com\/atvpartsHU\"]}]}<\/script>\n<meta property=\"product:price:amount\" content=\"43154.60\" \/>\n<meta property=\"product:price:currency\" content=\"HUF\" \/>\n<meta property=\"og:availability\" content=\"instock\" \/>\n<meta property=\"product:availability\" content=\"instock\" \/>\n<meta property=\"product:retailer_item_id\" content=\"NA-50026\" \/>\n<meta property=\"product:condition\" content=\"new\" \/>\n<!-- \/ Yoast SEO Premium plugin. -->","yoast_head_json":{"title":"NAMURA DUGATTY\u00da POLARIS SPORTSMAN 400 '01 -'12, 450 '06 -'07 (STD = 87,89 mm) (NA-50026R GY\u0170R\u0170K) - V3 ATV-PARTS.HU","robots":{"index":"index","follow":"follow","max-snippet":"max-snippet:-1","max-image-preview":"max-image-preview:large","max-video-preview":"max-video-preview:-1"},"canonical":"https:\/\/v3.atv-parts.hu\/index.php\/termek\/namura-dugattyu-polaris-sportsman-400-01-12-450-06-07-std-8789-mm-na-50026r-gyuruk\/","og_locale":"hu_HU","og_type":"article","og_title":"NAMURA DUGATTY\u00da POLARIS SPORTSMAN 400 '01 -'12, 450 '06 -'07 (STD = 87,89 mm) (NA-50026R GY\u0170R\u0170K)","og_description":"NAMURA DUGATTY\u00da POLARIS SPORTSMAN 400 '01 -'12, 450 '06 -'07 (STD = 87,89 mm) (NA-50026R GY\u0170R\u0170K)","og_url":"https:\/\/v3.atv-parts.hu\/index.php\/termek\/namura-dugattyu-polaris-sportsman-400-01-12-450-06-07-std-8789-mm-na-50026r-gyuruk\/","og_site_name":"V3 ATV-PARTS.HU","article_publisher":"https:\/\/www.facebook.com\/atvpartsHU","article_modified_time":"2024-05-03T12:28:35+00:00","og_image":[{"width":640,"height":480,"url":"https:\/\/v3.atv-parts.hu\/wp-content\/uploads\/2024\/03\/namura-tlok-polaris-sportsman-400-01-12-450-06.jpg","type":"image\/jpeg"}],"twitter_card":"summary_large_image","twitter_misc":{"\u00c1r":"43154,60&nbsp;&#70;&#116; \u00c1F\u00c1-val","El\u00e9rhet\u0151s\u00e9g":"K\u00e9szleten"},"schema":{"@context":"https:\/\/schema.org","@graph":[{"@type":"WebPage","@id":"https:\/\/v3.atv-parts.hu\/index.php\/termek\/namura-dugattyu-polaris-sportsman-400-01-12-450-06-07-std-8789-mm-na-50026r-gyuruk\/","url":"https:\/\/v3.atv-parts.hu\/index.php\/termek\/namura-dugattyu-polaris-sportsman-400-01-12-450-06-07-std-8789-mm-na-50026r-gyuruk\/","name":"NAMURA DUGATTY\u00da POLARIS SPORTSMAN 400 '01 -'12, 450 '06 -'07 (STD = 87,89 mm) (NA-50026R GY\u0170R\u0170K) - V3 ATV-PARTS.HU","isPartOf":{"@id":"https:\/\/v3.atv-parts.hu\/#website"},"primaryImageOfPage":{"@id":"https:\/\/v3.atv-parts.hu\/index.php\/termek\/namura-dugattyu-polaris-sportsman-400-01-12-450-06-07-std-8789-mm-na-50026r-gyuruk\/#primaryimage"},"image":{"@id":"https:\/\/v3.atv-parts.hu\/index.php\/termek\/namura-dugattyu-polaris-sportsman-400-01-12-450-06-07-std-8789-mm-na-50026r-gyuruk\/#primaryimage"},"thumbnailUrl":"https:\/\/v3.atv-parts.hu\/wp-content\/uploads\/2024\/03\/namura-tlok-polaris-sportsman-400-01-12-450-06.jpg","datePublished":"2024-03-26T22:30:05+00:00","dateModified":"2024-05-03T12:28:35+00:00","breadcrumb":{"@id":"https:\/\/v3.atv-parts.hu\/index.php\/termek\/namura-dugattyu-polaris-sportsman-400-01-12-450-06-07-std-8789-mm-na-50026r-gyuruk\/#breadcrumb"},"inLanguage":"hu","potentialAction":[{"@type":"ReadAction","target":["https:\/\/v3.atv-parts.hu\/index.php\/termek\/namura-dugattyu-polaris-sportsman-400-01-12-450-06-07-std-8789-mm-na-50026r-gyuruk\/"]}]},{"@type":"ImageObject","inLanguage":"hu","@id":"https:\/\/v3.atv-parts.hu\/index.php\/termek\/namura-dugattyu-polaris-sportsman-400-01-12-450-06-07-std-8789-mm-na-50026r-gyuruk\/#primaryimage","url":"https:\/\/v3.atv-parts.hu\/wp-content\/uploads\/2024\/03\/namura-tlok-polaris-sportsman-400-01-12-450-06.jpg","contentUrl":"https:\/\/v3.atv-parts.hu\/wp-content\/uploads\/2024\/03\/namura-tlok-polaris-sportsman-400-01-12-450-06.jpg","width":640,"height":480},{"@type":"BreadcrumbList","@id":"https:\/\/v3.atv-parts.hu\/index.php\/termek\/namura-dugattyu-polaris-sportsman-400-01-12-450-06-07-std-8789-mm-na-50026r-gyuruk\/#breadcrumb","itemListElement":[{"@type":"ListItem","position":1,"name":"Kezd\u0151lap","item":"https:\/\/v3.atv-parts.hu\/"},{"@type":"ListItem","position":2,"name":"Bolt","item":"https:\/\/v3.atv-parts.hu\/index.php\/bolt\/"},{"@type":"ListItem","position":3,"name":"NAMURA DUGATTY\u00da POLARIS SPORTSMAN 400 &#8217;01 -&#8217;12, 450 &#8217;06 -&#8217;07 (STD = 87,89 mm) (NA-50026R GY\u0170R\u0170K)"}]},{"@type":"WebSite","@id":"https:\/\/v3.atv-parts.hu\/#website","url":"https:\/\/v3.atv-parts.hu\/","name":"V3 ATV-PARTS.HU","description":"","publisher":{"@id":"https:\/\/v3.atv-parts.hu\/#organization"},"potentialAction":[{"@type":"SearchAction","target":{"@type":"EntryPoint","urlTemplate":"https:\/\/v3.atv-parts.hu\/?s={search_term_string}"},"query-input":"required name=search_term_string"}],"inLanguage":"hu"},{"@type":"Organization","@id":"https:\/\/v3.atv-parts.hu\/#organization","name":"V3 ATV-PARTS.HU","url":"https:\/\/v3.atv-parts.hu\/","logo":{"@type":"ImageObject","inLanguage":"hu","@id":"https:\/\/v3.atv-parts.hu\/#\/schema\/logo\/image\/","url":"https:\/\/v3.atv-parts.hu\/wp-content\/uploads\/2021\/02\/cropped-cropped-atvlogo-1-1-1.png","contentUrl":"https:\/\/v3.atv-parts.hu\/wp-content\/uploads\/2021\/02\/cropped-cropped-atvlogo-1-1-1.png","width":267,"height":160,"caption":"V3 ATV-PARTS.HU"},"image":{"@id":"https:\/\/v3.atv-parts.hu\/#\/schema\/logo\/image\/"},"sameAs":["https:\/\/www.facebook.com\/atvpartsHU"]}]},"product_price_amount":"43154.60","product_price_currency":"HUF","og_availability":"instock","product_availability":"instock","product_retailer_item_id":"NA-50026","product_condition":"new"},"_links":{"self":[{"href":"https:\/\/v3.atv-parts.hu\/index.php\/wp-json\/wp\/v2\/product\/32071","targetHints":{"allow":["GET"]}}],"collection":[{"href":"https:\/\/v3.atv-parts.hu\/index.php\/wp-json\/wp\/v2\/product"}],"about":[{"href":"https:\/\/v3.atv-parts.hu\/index.php\/wp-json\/wp\/v2\/types\/product"}],"replies":[{"embeddable":true,"href":"https:\/\/v3.atv-parts.hu\/index.php\/wp-json\/wp\/v2\/comments?post=32071"}],"wp:featuredmedia":[{"embeddable":true,"href":"https:\/\/v3.atv-parts.hu\/index.php\/wp-json\/wp\/v2\/media\/32072"}],"wp:attachment":[{"href":"https:\/\/v3.atv-parts.hu\/index.php\/wp-json\/wp\/v2\/media?parent=32071"}],"wp:term":[{"taxonomy":"product_cat","embeddable":true,"href":"https:\/\/v3.atv-parts.hu\/index.php\/wp-json\/wp\/v2\/product_cat?post=32071"},{"taxonomy":"product_tag","embeddable":true,"href":"https:\/\/v3.atv-parts.hu\/index.php\/wp-json\/wp\/v2\/product_tag?post=32071"}],"curies":[{"name":"wp","href":"https:\/\/api.w.org\/{rel}","templated":true}]}}