{"id":3456,"date":"2024-03-26T14:48:25","date_gmt":"2024-03-26T13:48:25","guid":{"rendered":"https:\/\/v3.atv-parts.hu\/index.php\/termek\/prox-kapcsolotarcsak-yamaha-yzf-450-14-20\/"},"modified":"2024-05-03T11:30:47","modified_gmt":"2024-05-03T09:30:47","slug":"prox-kapcsolotarcsak-yamaha-yzf-450-14-20","status":"publish","type":"product","link":"https:\/\/v3.atv-parts.hu\/index.php\/termek\/prox-kapcsolotarcsak-yamaha-yzf-450-14-20\/","title":{"rendered":"PROX KAPCSOL\u00d3T\u00c1RCS\u00c1K YAMAHA YZF 450 14-20"},"content":{"rendered":"<p>PROX KAPCSOL\u00d3T\u00c1RCS\u00c1K YAMAHA YZF 450 14-20<\/p>\n<p>EAN:<\/p>\n<p>SKU: 16.S24058<\/p>\n","protected":false},"excerpt":{"rendered":"<p>PROX KAPCSOL\u00d3T\u00c1RCS\u00c1K YAMAHA YZF 450 14-20<\/p>\n","protected":false},"featured_media":3457,"comment_status":"closed","ping_status":"open","template":"","meta":{"_monsterinsights_skip_tracking":false,"_monsterinsights_sitenote_active":false,"_monsterinsights_sitenote_note":"","_monsterinsights_sitenote_category":0},"product_cat":[319,322,153],"product_tag":[156,157,164,168],"class_list":{"0":"post-3456","1":"product","2":"type-product","3":"status-publish","4":"has-post-thumbnail","6":"product_cat-kuplung","7":"product_cat-kuplungtarcsak","8":"product_cat-motor","9":"product_tag-atv","10":"product_tag-cross","11":"product_tag-yamaha","12":"product_tag-yzf","13":"pa_marka-prox","15":"first","16":"instock","17":"taxable","18":"shipping-taxable","19":"purchasable","20":"product-type-simple"},"yoast_head":"<!-- This site is optimized with the Yoast SEO Premium plugin v22.6 (Yoast SEO v22.6) - https:\/\/yoast.com\/wordpress\/plugins\/seo\/ -->\n<title>PROX KAPCSOL\u00d3T\u00c1RCS\u00c1K YAMAHA YZF 450 14-20 - V3 ATV-PARTS.HU<\/title>\n<meta name=\"robots\" content=\"index, follow, max-snippet:-1, max-image-preview:large, max-video-preview:-1\" \/>\n<link rel=\"canonical\" href=\"https:\/\/v3.atv-parts.hu\/index.php\/termek\/prox-kapcsolotarcsak-yamaha-yzf-450-14-20\/\" \/>\n<meta property=\"og:locale\" content=\"hu_HU\" \/>\n<meta property=\"og:type\" content=\"article\" \/>\n<meta property=\"og:title\" content=\"PROX KAPCSOL\u00d3T\u00c1RCS\u00c1K YAMAHA YZF 450 14-20\" \/>\n<meta property=\"og:description\" content=\"PROX KAPCSOL\u00d3T\u00c1RCS\u00c1K YAMAHA YZF 450 14-20\" \/>\n<meta property=\"og:url\" content=\"https:\/\/v3.atv-parts.hu\/index.php\/termek\/prox-kapcsolotarcsak-yamaha-yzf-450-14-20\/\" \/>\n<meta property=\"og:site_name\" content=\"V3 ATV-PARTS.HU\" \/>\n<meta property=\"article:publisher\" content=\"https:\/\/www.facebook.com\/atvpartsHU\" \/>\n<meta property=\"article:modified_time\" content=\"2024-05-03T09:30:47+00:00\" \/>\n<meta property=\"og:image\" content=\"https:\/\/v3.atv-parts.hu\/wp-content\/uploads\/2024\/03\/prox-tarcze-sprzeglowe-yamaha-yzf-450-14-19.jpg\" \/>\n\t<meta property=\"og:image:width\" content=\"400\" \/>\n\t<meta property=\"og:image:height\" content=\"400\" \/>\n\t<meta property=\"og:image:type\" content=\"image\/jpeg\" \/>\n<meta name=\"twitter:card\" content=\"summary_large_image\" \/>\n<meta name=\"twitter:label1\" content=\"\u00c1r\" \/>\n\t<meta name=\"twitter:data1\" content=\"32498,03&nbsp;&#70;&#116; \u00c1F\u00c1-val\" \/>\n\t<meta name=\"twitter:label2\" content=\"El\u00e9rhet\u0151s\u00e9g\" \/>\n\t<meta name=\"twitter:data2\" content=\"K\u00e9szleten\" \/>\n<script type=\"application\/ld+json\" class=\"yoast-schema-graph\">{\"@context\":\"https:\/\/schema.org\",\"@graph\":[{\"@type\":\"WebPage\",\"@id\":\"https:\/\/v3.atv-parts.hu\/index.php\/termek\/prox-kapcsolotarcsak-yamaha-yzf-450-14-20\/\",\"url\":\"https:\/\/v3.atv-parts.hu\/index.php\/termek\/prox-kapcsolotarcsak-yamaha-yzf-450-14-20\/\",\"name\":\"PROX KAPCSOL\u00d3T\u00c1RCS\u00c1K YAMAHA YZF 450 14-20 - V3 ATV-PARTS.HU\",\"isPartOf\":{\"@id\":\"https:\/\/v3.atv-parts.hu\/#website\"},\"primaryImageOfPage\":{\"@id\":\"https:\/\/v3.atv-parts.hu\/index.php\/termek\/prox-kapcsolotarcsak-yamaha-yzf-450-14-20\/#primaryimage\"},\"image\":{\"@id\":\"https:\/\/v3.atv-parts.hu\/index.php\/termek\/prox-kapcsolotarcsak-yamaha-yzf-450-14-20\/#primaryimage\"},\"thumbnailUrl\":\"https:\/\/v3.atv-parts.hu\/wp-content\/uploads\/2024\/03\/prox-tarcze-sprzeglowe-yamaha-yzf-450-14-19.jpg\",\"datePublished\":\"2024-03-26T13:48:25+00:00\",\"dateModified\":\"2024-05-03T09:30:47+00:00\",\"breadcrumb\":{\"@id\":\"https:\/\/v3.atv-parts.hu\/index.php\/termek\/prox-kapcsolotarcsak-yamaha-yzf-450-14-20\/#breadcrumb\"},\"inLanguage\":\"hu\",\"potentialAction\":[{\"@type\":\"ReadAction\",\"target\":[\"https:\/\/v3.atv-parts.hu\/index.php\/termek\/prox-kapcsolotarcsak-yamaha-yzf-450-14-20\/\"]}]},{\"@type\":\"ImageObject\",\"inLanguage\":\"hu\",\"@id\":\"https:\/\/v3.atv-parts.hu\/index.php\/termek\/prox-kapcsolotarcsak-yamaha-yzf-450-14-20\/#primaryimage\",\"url\":\"https:\/\/v3.atv-parts.hu\/wp-content\/uploads\/2024\/03\/prox-tarcze-sprzeglowe-yamaha-yzf-450-14-19.jpg\",\"contentUrl\":\"https:\/\/v3.atv-parts.hu\/wp-content\/uploads\/2024\/03\/prox-tarcze-sprzeglowe-yamaha-yzf-450-14-19.jpg\",\"width\":400,\"height\":400},{\"@type\":\"BreadcrumbList\",\"@id\":\"https:\/\/v3.atv-parts.hu\/index.php\/termek\/prox-kapcsolotarcsak-yamaha-yzf-450-14-20\/#breadcrumb\",\"itemListElement\":[{\"@type\":\"ListItem\",\"position\":1,\"name\":\"Kezd\u0151lap\",\"item\":\"https:\/\/v3.atv-parts.hu\/\"},{\"@type\":\"ListItem\",\"position\":2,\"name\":\"Bolt\",\"item\":\"https:\/\/v3.atv-parts.hu\/index.php\/bolt\/\"},{\"@type\":\"ListItem\",\"position\":3,\"name\":\"PROX KAPCSOL\u00d3T\u00c1RCS\u00c1K YAMAHA YZF 450 14-20\"}]},{\"@type\":\"WebSite\",\"@id\":\"https:\/\/v3.atv-parts.hu\/#website\",\"url\":\"https:\/\/v3.atv-parts.hu\/\",\"name\":\"V3 ATV-PARTS.HU\",\"description\":\"\",\"publisher\":{\"@id\":\"https:\/\/v3.atv-parts.hu\/#organization\"},\"potentialAction\":[{\"@type\":\"SearchAction\",\"target\":{\"@type\":\"EntryPoint\",\"urlTemplate\":\"https:\/\/v3.atv-parts.hu\/?s={search_term_string}\"},\"query-input\":\"required name=search_term_string\"}],\"inLanguage\":\"hu\"},{\"@type\":\"Organization\",\"@id\":\"https:\/\/v3.atv-parts.hu\/#organization\",\"name\":\"V3 ATV-PARTS.HU\",\"url\":\"https:\/\/v3.atv-parts.hu\/\",\"logo\":{\"@type\":\"ImageObject\",\"inLanguage\":\"hu\",\"@id\":\"https:\/\/v3.atv-parts.hu\/#\/schema\/logo\/image\/\",\"url\":\"https:\/\/v3.atv-parts.hu\/wp-content\/uploads\/2021\/02\/cropped-cropped-atvlogo-1-1-1.png\",\"contentUrl\":\"https:\/\/v3.atv-parts.hu\/wp-content\/uploads\/2021\/02\/cropped-cropped-atvlogo-1-1-1.png\",\"width\":267,\"height\":160,\"caption\":\"V3 ATV-PARTS.HU\"},\"image\":{\"@id\":\"https:\/\/v3.atv-parts.hu\/#\/schema\/logo\/image\/\"},\"sameAs\":[\"https:\/\/www.facebook.com\/atvpartsHU\"]}]}<\/script>\n<meta property=\"product:price:amount\" content=\"32498.03\" \/>\n<meta property=\"product:price:currency\" content=\"HUF\" \/>\n<meta property=\"og:availability\" content=\"instock\" \/>\n<meta property=\"product:availability\" content=\"instock\" \/>\n<meta property=\"product:retailer_item_id\" content=\"16.S24058\" \/>\n<meta property=\"product:condition\" content=\"new\" \/>\n<!-- \/ Yoast SEO Premium plugin. -->","yoast_head_json":{"title":"PROX KAPCSOL\u00d3T\u00c1RCS\u00c1K YAMAHA YZF 450 14-20 - V3 ATV-PARTS.HU","robots":{"index":"index","follow":"follow","max-snippet":"max-snippet:-1","max-image-preview":"max-image-preview:large","max-video-preview":"max-video-preview:-1"},"canonical":"https:\/\/v3.atv-parts.hu\/index.php\/termek\/prox-kapcsolotarcsak-yamaha-yzf-450-14-20\/","og_locale":"hu_HU","og_type":"article","og_title":"PROX KAPCSOL\u00d3T\u00c1RCS\u00c1K YAMAHA YZF 450 14-20","og_description":"PROX KAPCSOL\u00d3T\u00c1RCS\u00c1K YAMAHA YZF 450 14-20","og_url":"https:\/\/v3.atv-parts.hu\/index.php\/termek\/prox-kapcsolotarcsak-yamaha-yzf-450-14-20\/","og_site_name":"V3 ATV-PARTS.HU","article_publisher":"https:\/\/www.facebook.com\/atvpartsHU","article_modified_time":"2024-05-03T09:30:47+00:00","og_image":[{"width":400,"height":400,"url":"https:\/\/v3.atv-parts.hu\/wp-content\/uploads\/2024\/03\/prox-tarcze-sprzeglowe-yamaha-yzf-450-14-19.jpg","type":"image\/jpeg"}],"twitter_card":"summary_large_image","twitter_misc":{"\u00c1r":"32498,03&nbsp;&#70;&#116; \u00c1F\u00c1-val","El\u00e9rhet\u0151s\u00e9g":"K\u00e9szleten"},"schema":{"@context":"https:\/\/schema.org","@graph":[{"@type":"WebPage","@id":"https:\/\/v3.atv-parts.hu\/index.php\/termek\/prox-kapcsolotarcsak-yamaha-yzf-450-14-20\/","url":"https:\/\/v3.atv-parts.hu\/index.php\/termek\/prox-kapcsolotarcsak-yamaha-yzf-450-14-20\/","name":"PROX KAPCSOL\u00d3T\u00c1RCS\u00c1K YAMAHA YZF 450 14-20 - V3 ATV-PARTS.HU","isPartOf":{"@id":"https:\/\/v3.atv-parts.hu\/#website"},"primaryImageOfPage":{"@id":"https:\/\/v3.atv-parts.hu\/index.php\/termek\/prox-kapcsolotarcsak-yamaha-yzf-450-14-20\/#primaryimage"},"image":{"@id":"https:\/\/v3.atv-parts.hu\/index.php\/termek\/prox-kapcsolotarcsak-yamaha-yzf-450-14-20\/#primaryimage"},"thumbnailUrl":"https:\/\/v3.atv-parts.hu\/wp-content\/uploads\/2024\/03\/prox-tarcze-sprzeglowe-yamaha-yzf-450-14-19.jpg","datePublished":"2024-03-26T13:48:25+00:00","dateModified":"2024-05-03T09:30:47+00:00","breadcrumb":{"@id":"https:\/\/v3.atv-parts.hu\/index.php\/termek\/prox-kapcsolotarcsak-yamaha-yzf-450-14-20\/#breadcrumb"},"inLanguage":"hu","potentialAction":[{"@type":"ReadAction","target":["https:\/\/v3.atv-parts.hu\/index.php\/termek\/prox-kapcsolotarcsak-yamaha-yzf-450-14-20\/"]}]},{"@type":"ImageObject","inLanguage":"hu","@id":"https:\/\/v3.atv-parts.hu\/index.php\/termek\/prox-kapcsolotarcsak-yamaha-yzf-450-14-20\/#primaryimage","url":"https:\/\/v3.atv-parts.hu\/wp-content\/uploads\/2024\/03\/prox-tarcze-sprzeglowe-yamaha-yzf-450-14-19.jpg","contentUrl":"https:\/\/v3.atv-parts.hu\/wp-content\/uploads\/2024\/03\/prox-tarcze-sprzeglowe-yamaha-yzf-450-14-19.jpg","width":400,"height":400},{"@type":"BreadcrumbList","@id":"https:\/\/v3.atv-parts.hu\/index.php\/termek\/prox-kapcsolotarcsak-yamaha-yzf-450-14-20\/#breadcrumb","itemListElement":[{"@type":"ListItem","position":1,"name":"Kezd\u0151lap","item":"https:\/\/v3.atv-parts.hu\/"},{"@type":"ListItem","position":2,"name":"Bolt","item":"https:\/\/v3.atv-parts.hu\/index.php\/bolt\/"},{"@type":"ListItem","position":3,"name":"PROX KAPCSOL\u00d3T\u00c1RCS\u00c1K YAMAHA YZF 450 14-20"}]},{"@type":"WebSite","@id":"https:\/\/v3.atv-parts.hu\/#website","url":"https:\/\/v3.atv-parts.hu\/","name":"V3 ATV-PARTS.HU","description":"","publisher":{"@id":"https:\/\/v3.atv-parts.hu\/#organization"},"potentialAction":[{"@type":"SearchAction","target":{"@type":"EntryPoint","urlTemplate":"https:\/\/v3.atv-parts.hu\/?s={search_term_string}"},"query-input":"required name=search_term_string"}],"inLanguage":"hu"},{"@type":"Organization","@id":"https:\/\/v3.atv-parts.hu\/#organization","name":"V3 ATV-PARTS.HU","url":"https:\/\/v3.atv-parts.hu\/","logo":{"@type":"ImageObject","inLanguage":"hu","@id":"https:\/\/v3.atv-parts.hu\/#\/schema\/logo\/image\/","url":"https:\/\/v3.atv-parts.hu\/wp-content\/uploads\/2021\/02\/cropped-cropped-atvlogo-1-1-1.png","contentUrl":"https:\/\/v3.atv-parts.hu\/wp-content\/uploads\/2021\/02\/cropped-cropped-atvlogo-1-1-1.png","width":267,"height":160,"caption":"V3 ATV-PARTS.HU"},"image":{"@id":"https:\/\/v3.atv-parts.hu\/#\/schema\/logo\/image\/"},"sameAs":["https:\/\/www.facebook.com\/atvpartsHU"]}]},"product_price_amount":"32498.03","product_price_currency":"HUF","og_availability":"instock","product_availability":"instock","product_retailer_item_id":"16.S24058","product_condition":"new"},"_links":{"self":[{"href":"https:\/\/v3.atv-parts.hu\/index.php\/wp-json\/wp\/v2\/product\/3456","targetHints":{"allow":["GET"]}}],"collection":[{"href":"https:\/\/v3.atv-parts.hu\/index.php\/wp-json\/wp\/v2\/product"}],"about":[{"href":"https:\/\/v3.atv-parts.hu\/index.php\/wp-json\/wp\/v2\/types\/product"}],"replies":[{"embeddable":true,"href":"https:\/\/v3.atv-parts.hu\/index.php\/wp-json\/wp\/v2\/comments?post=3456"}],"wp:featuredmedia":[{"embeddable":true,"href":"https:\/\/v3.atv-parts.hu\/index.php\/wp-json\/wp\/v2\/media\/3457"}],"wp:attachment":[{"href":"https:\/\/v3.atv-parts.hu\/index.php\/wp-json\/wp\/v2\/media?parent=3456"}],"wp:term":[{"taxonomy":"product_cat","embeddable":true,"href":"https:\/\/v3.atv-parts.hu\/index.php\/wp-json\/wp\/v2\/product_cat?post=3456"},{"taxonomy":"product_tag","embeddable":true,"href":"https:\/\/v3.atv-parts.hu\/index.php\/wp-json\/wp\/v2\/product_tag?post=3456"}],"curies":[{"name":"wp","href":"https:\/\/api.w.org\/{rel}","templated":true}]}}