{"id":37428,"date":"2024-03-27T02:50:40","date_gmt":"2024-03-27T01:50:40","guid":{"rendered":"https:\/\/v3.atv-parts.hu\/index.php\/termek\/csapagy-munkajavito-keszlet-honda-crf-150f-03-15-crf-230f-03-15-xr-125l-04-11-28-1099\/"},"modified":"2024-05-03T14:56:51","modified_gmt":"2024-05-03T12:56:51","slug":"csapagy-munkajavito-keszlet-honda-crf-150f-03-15-crf-230f-03-15-xr-125l-04-11-28-1099","status":"publish","type":"product","link":"https:\/\/v3.atv-parts.hu\/index.php\/termek\/csapagy-munkajavito-keszlet-honda-crf-150f-03-15-crf-230f-03-15-xr-125l-04-11-28-1099\/","title":{"rendered":"CSAP\u00c1GY MUNKAJAV\u00cdT\u00d3 K\u00c9SZLET HONDA CRF 150F &#8217;03 -&#8217;15, CRF 230F &#8217;03 -&#8217;15, XR 125L &#8217;04 -&#8217;11 (28-1099)"},"content":{"rendered":"<p>CSAP\u00c1GY MUNKAJAV\u00cdT\u00d3 K\u00c9SZLET HONDA CRF 150F &#8217;03 -&#8217;15, CRF 230F &#8217;03 -&#8217;15, XR 125L &#8217;04 -&#8217;11 (28-1099)<\/p>\n<p>EAN: SAK30019<\/p>\n<p>SKU: SAK30019<\/p>\n","protected":false},"excerpt":{"rendered":"<p>CSAP\u00c1GY MUNKAJAV\u00cdT\u00d3 K\u00c9SZLET HONDA CRF 150F &#8217;03 -&#8217;15, CRF 230F &#8217;03 -&#8217;15, XR 125L &#8217;04 -&#8217;11 (28-1099)<\/p>\n","protected":false},"featured_media":37414,"comment_status":"closed","ping_status":"open","template":"","meta":{"_monsterinsights_skip_tracking":false,"_monsterinsights_sitenote_active":false,"_monsterinsights_sitenote_note":"","_monsterinsights_sitenote_category":0},"product_cat":[267,408,435],"product_tag":[156,161,157,158],"class_list":{"0":"post-37428","1":"product","2":"type-product","3":"status-publish","4":"has-post-thumbnail","6":"product_cat-felfuggesztes-es-kormanymu","7":"product_cat-hatso-felfuggesztes-es-kormanymu","8":"product_cat-lengokar-javitokeszletek","9":"product_tag-atv","10":"product_tag-crf","11":"product_tag-cross","12":"product_tag-honda","13":"pa_marka-bearing-worx","15":"first","16":"instock","17":"taxable","18":"shipping-taxable","19":"purchasable","20":"product-type-simple"},"yoast_head":"<!-- This site is optimized with the Yoast SEO Premium plugin v22.6 (Yoast SEO v22.6) - https:\/\/yoast.com\/wordpress\/plugins\/seo\/ -->\n<title>CSAP\u00c1GY MUNKAJAV\u00cdT\u00d3 K\u00c9SZLET HONDA CRF 150F &#039;03 -&#039;15, CRF 230F &#039;03 -&#039;15, XR 125L &#039;04 -&#039;11 (28-1099) - V3 ATV-PARTS.HU<\/title>\n<meta name=\"robots\" content=\"index, follow, max-snippet:-1, max-image-preview:large, max-video-preview:-1\" \/>\n<link rel=\"canonical\" href=\"https:\/\/v3.atv-parts.hu\/index.php\/termek\/csapagy-munkajavito-keszlet-honda-crf-150f-03-15-crf-230f-03-15-xr-125l-04-11-28-1099\/\" \/>\n<meta property=\"og:locale\" content=\"hu_HU\" \/>\n<meta property=\"og:type\" content=\"article\" \/>\n<meta property=\"og:title\" content=\"CSAP\u00c1GY MUNKAJAV\u00cdT\u00d3 K\u00c9SZLET HONDA CRF 150F &#039;03 -&#039;15, CRF 230F &#039;03 -&#039;15, XR 125L &#039;04 -&#039;11 (28-1099)\" \/>\n<meta property=\"og:description\" content=\"CSAP\u00c1GY MUNKAJAV\u00cdT\u00d3 K\u00c9SZLET HONDA CRF 150F &#039;03 -&#039;15, CRF 230F &#039;03 -&#039;15, XR 125L &#039;04 -&#039;11 (28-1099)\" \/>\n<meta property=\"og:url\" content=\"https:\/\/v3.atv-parts.hu\/index.php\/termek\/csapagy-munkajavito-keszlet-honda-crf-150f-03-15-crf-230f-03-15-xr-125l-04-11-28-1099\/\" \/>\n<meta property=\"og:site_name\" content=\"V3 ATV-PARTS.HU\" \/>\n<meta property=\"article:publisher\" content=\"https:\/\/www.facebook.com\/atvpartsHU\" \/>\n<meta property=\"article:modified_time\" content=\"2024-05-03T12:56:51+00:00\" \/>\n<meta property=\"og:image\" content=\"https:\/\/v3.atv-parts.hu\/wp-content\/uploads\/2024\/03\/bearing-worx-zestaw-naprawczy-wahacza-honda-crf-15.jpg\" \/>\n\t<meta property=\"og:image:width\" content=\"984\" \/>\n\t<meta property=\"og:image:height\" content=\"711\" \/>\n\t<meta property=\"og:image:type\" content=\"image\/jpeg\" \/>\n<meta name=\"twitter:card\" content=\"summary_large_image\" \/>\n<meta name=\"twitter:label1\" content=\"\u00c1r\" \/>\n\t<meta name=\"twitter:data1\" content=\"12252,96&nbsp;&#70;&#116; \u00c1F\u00c1-val\" \/>\n\t<meta name=\"twitter:label2\" content=\"El\u00e9rhet\u0151s\u00e9g\" \/>\n\t<meta name=\"twitter:data2\" content=\"K\u00e9szleten\" \/>\n<script type=\"application\/ld+json\" class=\"yoast-schema-graph\">{\"@context\":\"https:\/\/schema.org\",\"@graph\":[{\"@type\":\"WebPage\",\"@id\":\"https:\/\/v3.atv-parts.hu\/index.php\/termek\/csapagy-munkajavito-keszlet-honda-crf-150f-03-15-crf-230f-03-15-xr-125l-04-11-28-1099\/\",\"url\":\"https:\/\/v3.atv-parts.hu\/index.php\/termek\/csapagy-munkajavito-keszlet-honda-crf-150f-03-15-crf-230f-03-15-xr-125l-04-11-28-1099\/\",\"name\":\"CSAP\u00c1GY MUNKAJAV\u00cdT\u00d3 K\u00c9SZLET HONDA CRF 150F '03 -'15, CRF 230F '03 -'15, XR 125L '04 -'11 (28-1099) - V3 ATV-PARTS.HU\",\"isPartOf\":{\"@id\":\"https:\/\/v3.atv-parts.hu\/#website\"},\"primaryImageOfPage\":{\"@id\":\"https:\/\/v3.atv-parts.hu\/index.php\/termek\/csapagy-munkajavito-keszlet-honda-crf-150f-03-15-crf-230f-03-15-xr-125l-04-11-28-1099\/#primaryimage\"},\"image\":{\"@id\":\"https:\/\/v3.atv-parts.hu\/index.php\/termek\/csapagy-munkajavito-keszlet-honda-crf-150f-03-15-crf-230f-03-15-xr-125l-04-11-28-1099\/#primaryimage\"},\"thumbnailUrl\":\"https:\/\/v3.atv-parts.hu\/wp-content\/uploads\/2024\/03\/bearing-worx-zestaw-naprawczy-wahacza-honda-crf-15.jpg\",\"datePublished\":\"2024-03-27T01:50:40+00:00\",\"dateModified\":\"2024-05-03T12:56:51+00:00\",\"breadcrumb\":{\"@id\":\"https:\/\/v3.atv-parts.hu\/index.php\/termek\/csapagy-munkajavito-keszlet-honda-crf-150f-03-15-crf-230f-03-15-xr-125l-04-11-28-1099\/#breadcrumb\"},\"inLanguage\":\"hu\",\"potentialAction\":[{\"@type\":\"ReadAction\",\"target\":[\"https:\/\/v3.atv-parts.hu\/index.php\/termek\/csapagy-munkajavito-keszlet-honda-crf-150f-03-15-crf-230f-03-15-xr-125l-04-11-28-1099\/\"]}]},{\"@type\":\"ImageObject\",\"inLanguage\":\"hu\",\"@id\":\"https:\/\/v3.atv-parts.hu\/index.php\/termek\/csapagy-munkajavito-keszlet-honda-crf-150f-03-15-crf-230f-03-15-xr-125l-04-11-28-1099\/#primaryimage\",\"url\":\"https:\/\/v3.atv-parts.hu\/wp-content\/uploads\/2024\/03\/bearing-worx-zestaw-naprawczy-wahacza-honda-crf-15.jpg\",\"contentUrl\":\"https:\/\/v3.atv-parts.hu\/wp-content\/uploads\/2024\/03\/bearing-worx-zestaw-naprawczy-wahacza-honda-crf-15.jpg\",\"width\":984,\"height\":711},{\"@type\":\"BreadcrumbList\",\"@id\":\"https:\/\/v3.atv-parts.hu\/index.php\/termek\/csapagy-munkajavito-keszlet-honda-crf-150f-03-15-crf-230f-03-15-xr-125l-04-11-28-1099\/#breadcrumb\",\"itemListElement\":[{\"@type\":\"ListItem\",\"position\":1,\"name\":\"Kezd\u0151lap\",\"item\":\"https:\/\/v3.atv-parts.hu\/\"},{\"@type\":\"ListItem\",\"position\":2,\"name\":\"Bolt\",\"item\":\"https:\/\/v3.atv-parts.hu\/index.php\/bolt\/\"},{\"@type\":\"ListItem\",\"position\":3,\"name\":\"CSAP\u00c1GY MUNKAJAV\u00cdT\u00d3 K\u00c9SZLET HONDA CRF 150F &#8217;03 -&#8217;15, CRF 230F &#8217;03 -&#8217;15, XR 125L &#8217;04 -&#8217;11 (28-1099)\"}]},{\"@type\":\"WebSite\",\"@id\":\"https:\/\/v3.atv-parts.hu\/#website\",\"url\":\"https:\/\/v3.atv-parts.hu\/\",\"name\":\"V3 ATV-PARTS.HU\",\"description\":\"\",\"publisher\":{\"@id\":\"https:\/\/v3.atv-parts.hu\/#organization\"},\"potentialAction\":[{\"@type\":\"SearchAction\",\"target\":{\"@type\":\"EntryPoint\",\"urlTemplate\":\"https:\/\/v3.atv-parts.hu\/?s={search_term_string}\"},\"query-input\":\"required name=search_term_string\"}],\"inLanguage\":\"hu\"},{\"@type\":\"Organization\",\"@id\":\"https:\/\/v3.atv-parts.hu\/#organization\",\"name\":\"V3 ATV-PARTS.HU\",\"url\":\"https:\/\/v3.atv-parts.hu\/\",\"logo\":{\"@type\":\"ImageObject\",\"inLanguage\":\"hu\",\"@id\":\"https:\/\/v3.atv-parts.hu\/#\/schema\/logo\/image\/\",\"url\":\"https:\/\/v3.atv-parts.hu\/wp-content\/uploads\/2021\/02\/cropped-cropped-atvlogo-1-1-1.png\",\"contentUrl\":\"https:\/\/v3.atv-parts.hu\/wp-content\/uploads\/2021\/02\/cropped-cropped-atvlogo-1-1-1.png\",\"width\":267,\"height\":160,\"caption\":\"V3 ATV-PARTS.HU\"},\"image\":{\"@id\":\"https:\/\/v3.atv-parts.hu\/#\/schema\/logo\/image\/\"},\"sameAs\":[\"https:\/\/www.facebook.com\/atvpartsHU\"]}]}<\/script>\n<meta property=\"product:price:amount\" content=\"12252.96\" \/>\n<meta property=\"product:price:currency\" content=\"HUF\" \/>\n<meta property=\"og:availability\" content=\"instock\" \/>\n<meta property=\"product:availability\" content=\"instock\" \/>\n<meta property=\"product:retailer_item_id\" content=\"SAK30019\" \/>\n<meta property=\"product:condition\" content=\"new\" \/>\n<!-- \/ Yoast SEO Premium plugin. -->","yoast_head_json":{"title":"CSAP\u00c1GY MUNKAJAV\u00cdT\u00d3 K\u00c9SZLET HONDA CRF 150F '03 -'15, CRF 230F '03 -'15, XR 125L '04 -'11 (28-1099) - V3 ATV-PARTS.HU","robots":{"index":"index","follow":"follow","max-snippet":"max-snippet:-1","max-image-preview":"max-image-preview:large","max-video-preview":"max-video-preview:-1"},"canonical":"https:\/\/v3.atv-parts.hu\/index.php\/termek\/csapagy-munkajavito-keszlet-honda-crf-150f-03-15-crf-230f-03-15-xr-125l-04-11-28-1099\/","og_locale":"hu_HU","og_type":"article","og_title":"CSAP\u00c1GY MUNKAJAV\u00cdT\u00d3 K\u00c9SZLET HONDA CRF 150F '03 -'15, CRF 230F '03 -'15, XR 125L '04 -'11 (28-1099)","og_description":"CSAP\u00c1GY MUNKAJAV\u00cdT\u00d3 K\u00c9SZLET HONDA CRF 150F '03 -'15, CRF 230F '03 -'15, XR 125L '04 -'11 (28-1099)","og_url":"https:\/\/v3.atv-parts.hu\/index.php\/termek\/csapagy-munkajavito-keszlet-honda-crf-150f-03-15-crf-230f-03-15-xr-125l-04-11-28-1099\/","og_site_name":"V3 ATV-PARTS.HU","article_publisher":"https:\/\/www.facebook.com\/atvpartsHU","article_modified_time":"2024-05-03T12:56:51+00:00","og_image":[{"width":984,"height":711,"url":"https:\/\/v3.atv-parts.hu\/wp-content\/uploads\/2024\/03\/bearing-worx-zestaw-naprawczy-wahacza-honda-crf-15.jpg","type":"image\/jpeg"}],"twitter_card":"summary_large_image","twitter_misc":{"\u00c1r":"12252,96&nbsp;&#70;&#116; \u00c1F\u00c1-val","El\u00e9rhet\u0151s\u00e9g":"K\u00e9szleten"},"schema":{"@context":"https:\/\/schema.org","@graph":[{"@type":"WebPage","@id":"https:\/\/v3.atv-parts.hu\/index.php\/termek\/csapagy-munkajavito-keszlet-honda-crf-150f-03-15-crf-230f-03-15-xr-125l-04-11-28-1099\/","url":"https:\/\/v3.atv-parts.hu\/index.php\/termek\/csapagy-munkajavito-keszlet-honda-crf-150f-03-15-crf-230f-03-15-xr-125l-04-11-28-1099\/","name":"CSAP\u00c1GY MUNKAJAV\u00cdT\u00d3 K\u00c9SZLET HONDA CRF 150F '03 -'15, CRF 230F '03 -'15, XR 125L '04 -'11 (28-1099) - V3 ATV-PARTS.HU","isPartOf":{"@id":"https:\/\/v3.atv-parts.hu\/#website"},"primaryImageOfPage":{"@id":"https:\/\/v3.atv-parts.hu\/index.php\/termek\/csapagy-munkajavito-keszlet-honda-crf-150f-03-15-crf-230f-03-15-xr-125l-04-11-28-1099\/#primaryimage"},"image":{"@id":"https:\/\/v3.atv-parts.hu\/index.php\/termek\/csapagy-munkajavito-keszlet-honda-crf-150f-03-15-crf-230f-03-15-xr-125l-04-11-28-1099\/#primaryimage"},"thumbnailUrl":"https:\/\/v3.atv-parts.hu\/wp-content\/uploads\/2024\/03\/bearing-worx-zestaw-naprawczy-wahacza-honda-crf-15.jpg","datePublished":"2024-03-27T01:50:40+00:00","dateModified":"2024-05-03T12:56:51+00:00","breadcrumb":{"@id":"https:\/\/v3.atv-parts.hu\/index.php\/termek\/csapagy-munkajavito-keszlet-honda-crf-150f-03-15-crf-230f-03-15-xr-125l-04-11-28-1099\/#breadcrumb"},"inLanguage":"hu","potentialAction":[{"@type":"ReadAction","target":["https:\/\/v3.atv-parts.hu\/index.php\/termek\/csapagy-munkajavito-keszlet-honda-crf-150f-03-15-crf-230f-03-15-xr-125l-04-11-28-1099\/"]}]},{"@type":"ImageObject","inLanguage":"hu","@id":"https:\/\/v3.atv-parts.hu\/index.php\/termek\/csapagy-munkajavito-keszlet-honda-crf-150f-03-15-crf-230f-03-15-xr-125l-04-11-28-1099\/#primaryimage","url":"https:\/\/v3.atv-parts.hu\/wp-content\/uploads\/2024\/03\/bearing-worx-zestaw-naprawczy-wahacza-honda-crf-15.jpg","contentUrl":"https:\/\/v3.atv-parts.hu\/wp-content\/uploads\/2024\/03\/bearing-worx-zestaw-naprawczy-wahacza-honda-crf-15.jpg","width":984,"height":711},{"@type":"BreadcrumbList","@id":"https:\/\/v3.atv-parts.hu\/index.php\/termek\/csapagy-munkajavito-keszlet-honda-crf-150f-03-15-crf-230f-03-15-xr-125l-04-11-28-1099\/#breadcrumb","itemListElement":[{"@type":"ListItem","position":1,"name":"Kezd\u0151lap","item":"https:\/\/v3.atv-parts.hu\/"},{"@type":"ListItem","position":2,"name":"Bolt","item":"https:\/\/v3.atv-parts.hu\/index.php\/bolt\/"},{"@type":"ListItem","position":3,"name":"CSAP\u00c1GY MUNKAJAV\u00cdT\u00d3 K\u00c9SZLET HONDA CRF 150F &#8217;03 -&#8217;15, CRF 230F &#8217;03 -&#8217;15, XR 125L &#8217;04 -&#8217;11 (28-1099)"}]},{"@type":"WebSite","@id":"https:\/\/v3.atv-parts.hu\/#website","url":"https:\/\/v3.atv-parts.hu\/","name":"V3 ATV-PARTS.HU","description":"","publisher":{"@id":"https:\/\/v3.atv-parts.hu\/#organization"},"potentialAction":[{"@type":"SearchAction","target":{"@type":"EntryPoint","urlTemplate":"https:\/\/v3.atv-parts.hu\/?s={search_term_string}"},"query-input":"required name=search_term_string"}],"inLanguage":"hu"},{"@type":"Organization","@id":"https:\/\/v3.atv-parts.hu\/#organization","name":"V3 ATV-PARTS.HU","url":"https:\/\/v3.atv-parts.hu\/","logo":{"@type":"ImageObject","inLanguage":"hu","@id":"https:\/\/v3.atv-parts.hu\/#\/schema\/logo\/image\/","url":"https:\/\/v3.atv-parts.hu\/wp-content\/uploads\/2021\/02\/cropped-cropped-atvlogo-1-1-1.png","contentUrl":"https:\/\/v3.atv-parts.hu\/wp-content\/uploads\/2021\/02\/cropped-cropped-atvlogo-1-1-1.png","width":267,"height":160,"caption":"V3 ATV-PARTS.HU"},"image":{"@id":"https:\/\/v3.atv-parts.hu\/#\/schema\/logo\/image\/"},"sameAs":["https:\/\/www.facebook.com\/atvpartsHU"]}]},"product_price_amount":"12252.96","product_price_currency":"HUF","og_availability":"instock","product_availability":"instock","product_retailer_item_id":"SAK30019","product_condition":"new"},"_links":{"self":[{"href":"https:\/\/v3.atv-parts.hu\/index.php\/wp-json\/wp\/v2\/product\/37428","targetHints":{"allow":["GET"]}}],"collection":[{"href":"https:\/\/v3.atv-parts.hu\/index.php\/wp-json\/wp\/v2\/product"}],"about":[{"href":"https:\/\/v3.atv-parts.hu\/index.php\/wp-json\/wp\/v2\/types\/product"}],"replies":[{"embeddable":true,"href":"https:\/\/v3.atv-parts.hu\/index.php\/wp-json\/wp\/v2\/comments?post=37428"}],"wp:featuredmedia":[{"embeddable":true,"href":"https:\/\/v3.atv-parts.hu\/index.php\/wp-json\/wp\/v2\/media\/37414"}],"wp:attachment":[{"href":"https:\/\/v3.atv-parts.hu\/index.php\/wp-json\/wp\/v2\/media?parent=37428"}],"wp:term":[{"taxonomy":"product_cat","embeddable":true,"href":"https:\/\/v3.atv-parts.hu\/index.php\/wp-json\/wp\/v2\/product_cat?post=37428"},{"taxonomy":"product_tag","embeddable":true,"href":"https:\/\/v3.atv-parts.hu\/index.php\/wp-json\/wp\/v2\/product_tag?post=37428"}],"curies":[{"name":"wp","href":"https:\/\/api.w.org\/{rel}","templated":true}]}}