{"id":38086,"date":"2024-03-27T03:30:04","date_gmt":"2024-03-27T02:30:04","guid":{"rendered":"https:\/\/v3.atv-parts.hu\/index.php\/termek\/csapagy-munkajavito-keszlet-hatso-leggep-felszerelese-csapagy-also-kawasaki-klx125-03-06-suzuki-drz-400-00-14-rm-125-250-00-29-5024\/"},"modified":"2024-05-03T14:59:15","modified_gmt":"2024-05-03T12:59:15","slug":"csapagy-munkajavito-keszlet-hatso-leggep-felszerelese-csapagy-also-kawasaki-klx125-03-06-suzuki-drz-400-00-14-rm-125-250-00-29-5024","status":"publish","type":"product","link":"https:\/\/v3.atv-parts.hu\/index.php\/termek\/csapagy-munkajavito-keszlet-hatso-leggep-felszerelese-csapagy-also-kawasaki-klx125-03-06-suzuki-drz-400-00-14-rm-125-250-00-29-5024\/","title":{"rendered":"CSAP\u00c1GY MUNKAJAV\u00cdT\u00d3 K\u00c9SZLET H\u00c1TS\u00d3 L\u00c9GG\u00c9P FELSZEREL\u00c9SE (CSAP\u00c1GY) ALS\u00d3 KAWASAKI KLX125 03-06, SUZUKI DRZ 400 00-14, RM 125\/250 (00) (29-5024)"},"content":{"rendered":"<p>CSAP\u00c1GY MUNKAJAV\u00cdT\u00d3 K\u00c9SZLET H\u00c1TS\u00d3 L\u00c9GG\u00c9P FELSZEREL\u00c9SE (CSAP\u00c1GY) ALS\u00d3 KAWASAKI KLX125 03-06, SUZUKI DRZ 400 00-14, RM 125\/250 (00) (29-5024)<\/p>\n<p>EAN: SHK70009<\/p>\n<p>SKU: SHK70009<\/p>\n","protected":false},"excerpt":{"rendered":"<p>CSAP\u00c1GY MUNKAJAV\u00cdT\u00d3 K\u00c9SZLET H\u00c1TS\u00d3 L\u00c9GG\u00c9P FELSZEREL\u00c9SE (CSAP\u00c1GY) ALS\u00d3 KAWASAKI KLX125 03-06, SUZUKI DRZ 400 00-14, RM 125\/250 (00) (29-5024)<\/p>\n","protected":false},"featured_media":38078,"comment_status":"closed","ping_status":"open","template":"","meta":{"_monsterinsights_skip_tracking":false,"_monsterinsights_sitenote_active":false,"_monsterinsights_sitenote_note":"","_monsterinsights_sitenote_category":0},"product_cat":[267,408,449],"product_tag":[156,157,209,166],"class_list":{"0":"post-38086","1":"product","2":"type-product","3":"status-publish","4":"has-post-thumbnail","6":"product_cat-felfuggesztes-es-kormanymu","7":"product_cat-hatso-felfuggesztes-es-kormanymu","8":"product_cat-kozponti-lengescsillapito-csapagyak","9":"product_tag-atv","10":"product_tag-cross","11":"product_tag-drz","12":"product_tag-suzuki","13":"pa_marka-bearing-worx","15":"first","16":"instock","17":"taxable","18":"shipping-taxable","19":"purchasable","20":"product-type-simple"},"yoast_head":"<!-- This site is optimized with the Yoast SEO Premium plugin v22.6 (Yoast SEO v22.6) - https:\/\/yoast.com\/wordpress\/plugins\/seo\/ -->\n<title>CSAP\u00c1GY MUNKAJAV\u00cdT\u00d3 K\u00c9SZLET H\u00c1TS\u00d3 L\u00c9GG\u00c9P FELSZEREL\u00c9SE (CSAP\u00c1GY) ALS\u00d3 KAWASAKI KLX125 03-06, SUZUKI DRZ 400 00-14, RM 125\/250 (00) (29-5024) - V3 ATV-PARTS.HU<\/title>\n<meta name=\"robots\" content=\"index, follow, max-snippet:-1, max-image-preview:large, max-video-preview:-1\" \/>\n<link rel=\"canonical\" href=\"https:\/\/v3.atv-parts.hu\/index.php\/termek\/csapagy-munkajavito-keszlet-hatso-leggep-felszerelese-csapagy-also-kawasaki-klx125-03-06-suzuki-drz-400-00-14-rm-125-250-00-29-5024\/\" \/>\n<meta property=\"og:locale\" content=\"hu_HU\" \/>\n<meta property=\"og:type\" content=\"article\" \/>\n<meta property=\"og:title\" content=\"CSAP\u00c1GY MUNKAJAV\u00cdT\u00d3 K\u00c9SZLET H\u00c1TS\u00d3 L\u00c9GG\u00c9P FELSZEREL\u00c9SE (CSAP\u00c1GY) ALS\u00d3 KAWASAKI KLX125 03-06, SUZUKI DRZ 400 00-14, RM 125\/250 (00) (29-5024)\" \/>\n<meta property=\"og:description\" content=\"CSAP\u00c1GY MUNKAJAV\u00cdT\u00d3 K\u00c9SZLET H\u00c1TS\u00d3 L\u00c9GG\u00c9P FELSZEREL\u00c9SE (CSAP\u00c1GY) ALS\u00d3 KAWASAKI KLX125 03-06, SUZUKI DRZ 400 00-14, RM 125\/250 (00) (29-5024)\" \/>\n<meta property=\"og:url\" content=\"https:\/\/v3.atv-parts.hu\/index.php\/termek\/csapagy-munkajavito-keszlet-hatso-leggep-felszerelese-csapagy-also-kawasaki-klx125-03-06-suzuki-drz-400-00-14-rm-125-250-00-29-5024\/\" \/>\n<meta property=\"og:site_name\" content=\"V3 ATV-PARTS.HU\" \/>\n<meta property=\"article:publisher\" content=\"https:\/\/www.facebook.com\/atvpartsHU\" \/>\n<meta property=\"article:modified_time\" content=\"2024-05-03T12:59:15+00:00\" \/>\n<meta property=\"og:image\" content=\"https:\/\/v3.atv-parts.hu\/wp-content\/uploads\/2024\/03\/bearing-worx-lozysko-amortyzatora-tylnego-dolne-ka.jpg\" \/>\n\t<meta property=\"og:image:width\" content=\"750\" \/>\n\t<meta property=\"og:image:height\" content=\"750\" \/>\n\t<meta property=\"og:image:type\" content=\"image\/jpeg\" \/>\n<meta name=\"twitter:card\" content=\"summary_large_image\" \/>\n<meta name=\"twitter:label1\" content=\"\u00c1r\" \/>\n\t<meta name=\"twitter:data1\" content=\"4517,39&nbsp;&#70;&#116; \u00c1F\u00c1-val\" \/>\n\t<meta name=\"twitter:label2\" content=\"El\u00e9rhet\u0151s\u00e9g\" \/>\n\t<meta name=\"twitter:data2\" content=\"K\u00e9szleten\" \/>\n<script type=\"application\/ld+json\" class=\"yoast-schema-graph\">{\"@context\":\"https:\/\/schema.org\",\"@graph\":[{\"@type\":\"WebPage\",\"@id\":\"https:\/\/v3.atv-parts.hu\/index.php\/termek\/csapagy-munkajavito-keszlet-hatso-leggep-felszerelese-csapagy-also-kawasaki-klx125-03-06-suzuki-drz-400-00-14-rm-125-250-00-29-5024\/\",\"url\":\"https:\/\/v3.atv-parts.hu\/index.php\/termek\/csapagy-munkajavito-keszlet-hatso-leggep-felszerelese-csapagy-also-kawasaki-klx125-03-06-suzuki-drz-400-00-14-rm-125-250-00-29-5024\/\",\"name\":\"CSAP\u00c1GY MUNKAJAV\u00cdT\u00d3 K\u00c9SZLET H\u00c1TS\u00d3 L\u00c9GG\u00c9P FELSZEREL\u00c9SE (CSAP\u00c1GY) ALS\u00d3 KAWASAKI KLX125 03-06, SUZUKI DRZ 400 00-14, RM 125\/250 (00) (29-5024) - V3 ATV-PARTS.HU\",\"isPartOf\":{\"@id\":\"https:\/\/v3.atv-parts.hu\/#website\"},\"primaryImageOfPage\":{\"@id\":\"https:\/\/v3.atv-parts.hu\/index.php\/termek\/csapagy-munkajavito-keszlet-hatso-leggep-felszerelese-csapagy-also-kawasaki-klx125-03-06-suzuki-drz-400-00-14-rm-125-250-00-29-5024\/#primaryimage\"},\"image\":{\"@id\":\"https:\/\/v3.atv-parts.hu\/index.php\/termek\/csapagy-munkajavito-keszlet-hatso-leggep-felszerelese-csapagy-also-kawasaki-klx125-03-06-suzuki-drz-400-00-14-rm-125-250-00-29-5024\/#primaryimage\"},\"thumbnailUrl\":\"https:\/\/v3.atv-parts.hu\/wp-content\/uploads\/2024\/03\/bearing-worx-lozysko-amortyzatora-tylnego-dolne-ka.jpg\",\"datePublished\":\"2024-03-27T02:30:04+00:00\",\"dateModified\":\"2024-05-03T12:59:15+00:00\",\"breadcrumb\":{\"@id\":\"https:\/\/v3.atv-parts.hu\/index.php\/termek\/csapagy-munkajavito-keszlet-hatso-leggep-felszerelese-csapagy-also-kawasaki-klx125-03-06-suzuki-drz-400-00-14-rm-125-250-00-29-5024\/#breadcrumb\"},\"inLanguage\":\"hu\",\"potentialAction\":[{\"@type\":\"ReadAction\",\"target\":[\"https:\/\/v3.atv-parts.hu\/index.php\/termek\/csapagy-munkajavito-keszlet-hatso-leggep-felszerelese-csapagy-also-kawasaki-klx125-03-06-suzuki-drz-400-00-14-rm-125-250-00-29-5024\/\"]}]},{\"@type\":\"ImageObject\",\"inLanguage\":\"hu\",\"@id\":\"https:\/\/v3.atv-parts.hu\/index.php\/termek\/csapagy-munkajavito-keszlet-hatso-leggep-felszerelese-csapagy-also-kawasaki-klx125-03-06-suzuki-drz-400-00-14-rm-125-250-00-29-5024\/#primaryimage\",\"url\":\"https:\/\/v3.atv-parts.hu\/wp-content\/uploads\/2024\/03\/bearing-worx-lozysko-amortyzatora-tylnego-dolne-ka.jpg\",\"contentUrl\":\"https:\/\/v3.atv-parts.hu\/wp-content\/uploads\/2024\/03\/bearing-worx-lozysko-amortyzatora-tylnego-dolne-ka.jpg\",\"width\":750,\"height\":750},{\"@type\":\"BreadcrumbList\",\"@id\":\"https:\/\/v3.atv-parts.hu\/index.php\/termek\/csapagy-munkajavito-keszlet-hatso-leggep-felszerelese-csapagy-also-kawasaki-klx125-03-06-suzuki-drz-400-00-14-rm-125-250-00-29-5024\/#breadcrumb\",\"itemListElement\":[{\"@type\":\"ListItem\",\"position\":1,\"name\":\"Kezd\u0151lap\",\"item\":\"https:\/\/v3.atv-parts.hu\/\"},{\"@type\":\"ListItem\",\"position\":2,\"name\":\"Bolt\",\"item\":\"https:\/\/v3.atv-parts.hu\/index.php\/bolt\/\"},{\"@type\":\"ListItem\",\"position\":3,\"name\":\"CSAP\u00c1GY MUNKAJAV\u00cdT\u00d3 K\u00c9SZLET H\u00c1TS\u00d3 L\u00c9GG\u00c9P FELSZEREL\u00c9SE (CSAP\u00c1GY) ALS\u00d3 KAWASAKI KLX125 03-06, SUZUKI DRZ 400 00-14, RM 125\/250 (00) (29-5024)\"}]},{\"@type\":\"WebSite\",\"@id\":\"https:\/\/v3.atv-parts.hu\/#website\",\"url\":\"https:\/\/v3.atv-parts.hu\/\",\"name\":\"V3 ATV-PARTS.HU\",\"description\":\"\",\"publisher\":{\"@id\":\"https:\/\/v3.atv-parts.hu\/#organization\"},\"potentialAction\":[{\"@type\":\"SearchAction\",\"target\":{\"@type\":\"EntryPoint\",\"urlTemplate\":\"https:\/\/v3.atv-parts.hu\/?s={search_term_string}\"},\"query-input\":\"required name=search_term_string\"}],\"inLanguage\":\"hu\"},{\"@type\":\"Organization\",\"@id\":\"https:\/\/v3.atv-parts.hu\/#organization\",\"name\":\"V3 ATV-PARTS.HU\",\"url\":\"https:\/\/v3.atv-parts.hu\/\",\"logo\":{\"@type\":\"ImageObject\",\"inLanguage\":\"hu\",\"@id\":\"https:\/\/v3.atv-parts.hu\/#\/schema\/logo\/image\/\",\"url\":\"https:\/\/v3.atv-parts.hu\/wp-content\/uploads\/2021\/02\/cropped-cropped-atvlogo-1-1-1.png\",\"contentUrl\":\"https:\/\/v3.atv-parts.hu\/wp-content\/uploads\/2021\/02\/cropped-cropped-atvlogo-1-1-1.png\",\"width\":267,\"height\":160,\"caption\":\"V3 ATV-PARTS.HU\"},\"image\":{\"@id\":\"https:\/\/v3.atv-parts.hu\/#\/schema\/logo\/image\/\"},\"sameAs\":[\"https:\/\/www.facebook.com\/atvpartsHU\"]}]}<\/script>\n<meta property=\"product:price:amount\" content=\"4517.39\" \/>\n<meta property=\"product:price:currency\" content=\"HUF\" \/>\n<meta property=\"og:availability\" content=\"instock\" \/>\n<meta property=\"product:availability\" content=\"instock\" \/>\n<meta property=\"product:retailer_item_id\" content=\"SHK70009\" \/>\n<meta property=\"product:condition\" content=\"new\" \/>\n<!-- \/ Yoast SEO Premium plugin. -->","yoast_head_json":{"title":"CSAP\u00c1GY MUNKAJAV\u00cdT\u00d3 K\u00c9SZLET H\u00c1TS\u00d3 L\u00c9GG\u00c9P FELSZEREL\u00c9SE (CSAP\u00c1GY) ALS\u00d3 KAWASAKI KLX125 03-06, SUZUKI DRZ 400 00-14, RM 125\/250 (00) (29-5024) - V3 ATV-PARTS.HU","robots":{"index":"index","follow":"follow","max-snippet":"max-snippet:-1","max-image-preview":"max-image-preview:large","max-video-preview":"max-video-preview:-1"},"canonical":"https:\/\/v3.atv-parts.hu\/index.php\/termek\/csapagy-munkajavito-keszlet-hatso-leggep-felszerelese-csapagy-also-kawasaki-klx125-03-06-suzuki-drz-400-00-14-rm-125-250-00-29-5024\/","og_locale":"hu_HU","og_type":"article","og_title":"CSAP\u00c1GY MUNKAJAV\u00cdT\u00d3 K\u00c9SZLET H\u00c1TS\u00d3 L\u00c9GG\u00c9P FELSZEREL\u00c9SE (CSAP\u00c1GY) ALS\u00d3 KAWASAKI KLX125 03-06, SUZUKI DRZ 400 00-14, RM 125\/250 (00) (29-5024)","og_description":"CSAP\u00c1GY MUNKAJAV\u00cdT\u00d3 K\u00c9SZLET H\u00c1TS\u00d3 L\u00c9GG\u00c9P FELSZEREL\u00c9SE (CSAP\u00c1GY) ALS\u00d3 KAWASAKI KLX125 03-06, SUZUKI DRZ 400 00-14, RM 125\/250 (00) (29-5024)","og_url":"https:\/\/v3.atv-parts.hu\/index.php\/termek\/csapagy-munkajavito-keszlet-hatso-leggep-felszerelese-csapagy-also-kawasaki-klx125-03-06-suzuki-drz-400-00-14-rm-125-250-00-29-5024\/","og_site_name":"V3 ATV-PARTS.HU","article_publisher":"https:\/\/www.facebook.com\/atvpartsHU","article_modified_time":"2024-05-03T12:59:15+00:00","og_image":[{"width":750,"height":750,"url":"https:\/\/v3.atv-parts.hu\/wp-content\/uploads\/2024\/03\/bearing-worx-lozysko-amortyzatora-tylnego-dolne-ka.jpg","type":"image\/jpeg"}],"twitter_card":"summary_large_image","twitter_misc":{"\u00c1r":"4517,39&nbsp;&#70;&#116; \u00c1F\u00c1-val","El\u00e9rhet\u0151s\u00e9g":"K\u00e9szleten"},"schema":{"@context":"https:\/\/schema.org","@graph":[{"@type":"WebPage","@id":"https:\/\/v3.atv-parts.hu\/index.php\/termek\/csapagy-munkajavito-keszlet-hatso-leggep-felszerelese-csapagy-also-kawasaki-klx125-03-06-suzuki-drz-400-00-14-rm-125-250-00-29-5024\/","url":"https:\/\/v3.atv-parts.hu\/index.php\/termek\/csapagy-munkajavito-keszlet-hatso-leggep-felszerelese-csapagy-also-kawasaki-klx125-03-06-suzuki-drz-400-00-14-rm-125-250-00-29-5024\/","name":"CSAP\u00c1GY MUNKAJAV\u00cdT\u00d3 K\u00c9SZLET H\u00c1TS\u00d3 L\u00c9GG\u00c9P FELSZEREL\u00c9SE (CSAP\u00c1GY) ALS\u00d3 KAWASAKI KLX125 03-06, SUZUKI DRZ 400 00-14, RM 125\/250 (00) (29-5024) - V3 ATV-PARTS.HU","isPartOf":{"@id":"https:\/\/v3.atv-parts.hu\/#website"},"primaryImageOfPage":{"@id":"https:\/\/v3.atv-parts.hu\/index.php\/termek\/csapagy-munkajavito-keszlet-hatso-leggep-felszerelese-csapagy-also-kawasaki-klx125-03-06-suzuki-drz-400-00-14-rm-125-250-00-29-5024\/#primaryimage"},"image":{"@id":"https:\/\/v3.atv-parts.hu\/index.php\/termek\/csapagy-munkajavito-keszlet-hatso-leggep-felszerelese-csapagy-also-kawasaki-klx125-03-06-suzuki-drz-400-00-14-rm-125-250-00-29-5024\/#primaryimage"},"thumbnailUrl":"https:\/\/v3.atv-parts.hu\/wp-content\/uploads\/2024\/03\/bearing-worx-lozysko-amortyzatora-tylnego-dolne-ka.jpg","datePublished":"2024-03-27T02:30:04+00:00","dateModified":"2024-05-03T12:59:15+00:00","breadcrumb":{"@id":"https:\/\/v3.atv-parts.hu\/index.php\/termek\/csapagy-munkajavito-keszlet-hatso-leggep-felszerelese-csapagy-also-kawasaki-klx125-03-06-suzuki-drz-400-00-14-rm-125-250-00-29-5024\/#breadcrumb"},"inLanguage":"hu","potentialAction":[{"@type":"ReadAction","target":["https:\/\/v3.atv-parts.hu\/index.php\/termek\/csapagy-munkajavito-keszlet-hatso-leggep-felszerelese-csapagy-also-kawasaki-klx125-03-06-suzuki-drz-400-00-14-rm-125-250-00-29-5024\/"]}]},{"@type":"ImageObject","inLanguage":"hu","@id":"https:\/\/v3.atv-parts.hu\/index.php\/termek\/csapagy-munkajavito-keszlet-hatso-leggep-felszerelese-csapagy-also-kawasaki-klx125-03-06-suzuki-drz-400-00-14-rm-125-250-00-29-5024\/#primaryimage","url":"https:\/\/v3.atv-parts.hu\/wp-content\/uploads\/2024\/03\/bearing-worx-lozysko-amortyzatora-tylnego-dolne-ka.jpg","contentUrl":"https:\/\/v3.atv-parts.hu\/wp-content\/uploads\/2024\/03\/bearing-worx-lozysko-amortyzatora-tylnego-dolne-ka.jpg","width":750,"height":750},{"@type":"BreadcrumbList","@id":"https:\/\/v3.atv-parts.hu\/index.php\/termek\/csapagy-munkajavito-keszlet-hatso-leggep-felszerelese-csapagy-also-kawasaki-klx125-03-06-suzuki-drz-400-00-14-rm-125-250-00-29-5024\/#breadcrumb","itemListElement":[{"@type":"ListItem","position":1,"name":"Kezd\u0151lap","item":"https:\/\/v3.atv-parts.hu\/"},{"@type":"ListItem","position":2,"name":"Bolt","item":"https:\/\/v3.atv-parts.hu\/index.php\/bolt\/"},{"@type":"ListItem","position":3,"name":"CSAP\u00c1GY MUNKAJAV\u00cdT\u00d3 K\u00c9SZLET H\u00c1TS\u00d3 L\u00c9GG\u00c9P FELSZEREL\u00c9SE (CSAP\u00c1GY) ALS\u00d3 KAWASAKI KLX125 03-06, SUZUKI DRZ 400 00-14, RM 125\/250 (00) (29-5024)"}]},{"@type":"WebSite","@id":"https:\/\/v3.atv-parts.hu\/#website","url":"https:\/\/v3.atv-parts.hu\/","name":"V3 ATV-PARTS.HU","description":"","publisher":{"@id":"https:\/\/v3.atv-parts.hu\/#organization"},"potentialAction":[{"@type":"SearchAction","target":{"@type":"EntryPoint","urlTemplate":"https:\/\/v3.atv-parts.hu\/?s={search_term_string}"},"query-input":"required name=search_term_string"}],"inLanguage":"hu"},{"@type":"Organization","@id":"https:\/\/v3.atv-parts.hu\/#organization","name":"V3 ATV-PARTS.HU","url":"https:\/\/v3.atv-parts.hu\/","logo":{"@type":"ImageObject","inLanguage":"hu","@id":"https:\/\/v3.atv-parts.hu\/#\/schema\/logo\/image\/","url":"https:\/\/v3.atv-parts.hu\/wp-content\/uploads\/2021\/02\/cropped-cropped-atvlogo-1-1-1.png","contentUrl":"https:\/\/v3.atv-parts.hu\/wp-content\/uploads\/2021\/02\/cropped-cropped-atvlogo-1-1-1.png","width":267,"height":160,"caption":"V3 ATV-PARTS.HU"},"image":{"@id":"https:\/\/v3.atv-parts.hu\/#\/schema\/logo\/image\/"},"sameAs":["https:\/\/www.facebook.com\/atvpartsHU"]}]},"product_price_amount":"4517.39","product_price_currency":"HUF","og_availability":"instock","product_availability":"instock","product_retailer_item_id":"SHK70009","product_condition":"new"},"_links":{"self":[{"href":"https:\/\/v3.atv-parts.hu\/index.php\/wp-json\/wp\/v2\/product\/38086","targetHints":{"allow":["GET"]}}],"collection":[{"href":"https:\/\/v3.atv-parts.hu\/index.php\/wp-json\/wp\/v2\/product"}],"about":[{"href":"https:\/\/v3.atv-parts.hu\/index.php\/wp-json\/wp\/v2\/types\/product"}],"replies":[{"embeddable":true,"href":"https:\/\/v3.atv-parts.hu\/index.php\/wp-json\/wp\/v2\/comments?post=38086"}],"wp:featuredmedia":[{"embeddable":true,"href":"https:\/\/v3.atv-parts.hu\/index.php\/wp-json\/wp\/v2\/media\/38078"}],"wp:attachment":[{"href":"https:\/\/v3.atv-parts.hu\/index.php\/wp-json\/wp\/v2\/media?parent=38086"}],"wp:term":[{"taxonomy":"product_cat","embeddable":true,"href":"https:\/\/v3.atv-parts.hu\/index.php\/wp-json\/wp\/v2\/product_cat?post=38086"},{"taxonomy":"product_tag","embeddable":true,"href":"https:\/\/v3.atv-parts.hu\/index.php\/wp-json\/wp\/v2\/product_tag?post=38086"}],"curies":[{"name":"wp","href":"https:\/\/api.w.org\/{rel}","templated":true}]}}