{"id":41609,"date":"2024-03-27T06:36:35","date_gmt":"2024-03-27T05:36:35","guid":{"rendered":"https:\/\/v3.atv-parts.hu\/index.php\/termek\/all-balls-uzemanyagszivattyu-keszlet-yamaha-wrf250-15-19-wrf450-12-18-yfz450r-09-19-yfz450x-10-11-yzf250-14-19-yz450f-10-cripzee45019xeez45019y\/"},"modified":"2024-05-03T15:12:17","modified_gmt":"2024-05-03T13:12:17","slug":"all-balls-uzemanyagszivattyu-keszlet-yamaha-wrf250-15-19-wrf450-12-18-yfz450r-09-19-yfz450x-10-11-yzf250-14-19-yz450f-10-cripzee45019xeez45019y","status":"publish","type":"product","link":"https:\/\/v3.atv-parts.hu\/index.php\/termek\/all-balls-uzemanyagszivattyu-keszlet-yamaha-wrf250-15-19-wrf450-12-18-yfz450r-09-19-yfz450x-10-11-yzf250-14-19-yz450f-10-cripzee45019xeez45019y\/","title":{"rendered":"ALL BALLS \u00dcZEMANYAGSZIVATTY\u00da (K\u00c9SZLET) YAMAHA WRF250 15-19, WRF450 12-18, YFZ450R 09-19, YFZ450X 10-11, YZF250 14-19, YZ450F 10-CRIPZEE45019XEEZ45019Y"},"content":{"rendered":"<p>ALL BALLS \u00dcZEMANYAGSZIVATTY\u00da (K\u00c9SZLET) YAMAHA WRF250 15-19, WRF450 12-18, YFZ450R 09-19, YFZ450X 10-11, YZF250 14-19, YZ450F 10-CRIPZEE45019XEEZ45019Y<\/p>\n<p>EAN: 47-2037<\/p>\n<p>SKU: 47-2037<\/p>\n","protected":false},"excerpt":{"rendered":"<p>ALL BALLS \u00dcZEMANYAGSZIVATTY\u00da (K\u00c9SZLET) YAMAHA WRF250 15-19, WRF450 12-18, YFZ450R 09-19, YFZ450X 10-11, YZF250 14-19, YZ450F 10-CRIPZEE45019XEEZ45019Y<\/p>\n","protected":false},"featured_media":41610,"comment_status":"closed","ping_status":"open","template":"","meta":{"_monsterinsights_skip_tracking":false,"_monsterinsights_sitenote_active":false,"_monsterinsights_sitenote_note":"","_monsterinsights_sitenote_category":0},"product_cat":[540,243],"product_tag":[156,157,204,164],"class_list":{"0":"post-41609","1":"product","2":"type-product","3":"status-publish","4":"has-post-thumbnail","6":"product_cat-uzemanyagpumpa-es-javitokeszletek","7":"product_cat-uzemanyagrendszer","8":"product_tag-atv","9":"product_tag-cross","10":"product_tag-wr","11":"product_tag-yamaha","12":"pa_marka-all-balls","14":"first","15":"instock","16":"taxable","17":"shipping-taxable","18":"purchasable","19":"product-type-simple"},"yoast_head":"<!-- This site is optimized with the Yoast SEO Premium plugin v22.6 (Yoast SEO v22.6) - https:\/\/yoast.com\/wordpress\/plugins\/seo\/ -->\n<title>ALL BALLS \u00dcZEMANYAGSZIVATTY\u00da (K\u00c9SZLET) YAMAHA WRF250 15-19, WRF450 12-18, YFZ450R 09-19, YFZ450X 10-11, YZF250 14-19, YZ450F 10-CRIPZEE45019XEEZ45019Y - V3 ATV-PARTS.HU<\/title>\n<meta name=\"robots\" content=\"index, follow, max-snippet:-1, max-image-preview:large, max-video-preview:-1\" \/>\n<link rel=\"canonical\" href=\"https:\/\/v3.atv-parts.hu\/index.php\/termek\/all-balls-uzemanyagszivattyu-keszlet-yamaha-wrf250-15-19-wrf450-12-18-yfz450r-09-19-yfz450x-10-11-yzf250-14-19-yz450f-10-cripzee45019xeez45019y\/\" \/>\n<meta property=\"og:locale\" content=\"hu_HU\" \/>\n<meta property=\"og:type\" content=\"article\" \/>\n<meta property=\"og:title\" content=\"ALL BALLS \u00dcZEMANYAGSZIVATTY\u00da (K\u00c9SZLET) YAMAHA WRF250 15-19, WRF450 12-18, YFZ450R 09-19, YFZ450X 10-11, YZF250 14-19, YZ450F 10-CRIPZEE45019XEEZ45019Y\" \/>\n<meta property=\"og:description\" content=\"ALL BALLS \u00dcZEMANYAGSZIVATTY\u00da (K\u00c9SZLET) YAMAHA WRF250 15-19, WRF450 12-18, YFZ450R 09-19, YFZ450X 10-11, YZF250 14-19, YZ450F 10-CRIPZEE45019XEEZ45019Y\" \/>\n<meta property=\"og:url\" content=\"https:\/\/v3.atv-parts.hu\/index.php\/termek\/all-balls-uzemanyagszivattyu-keszlet-yamaha-wrf250-15-19-wrf450-12-18-yfz450r-09-19-yfz450x-10-11-yzf250-14-19-yz450f-10-cripzee45019xeez45019y\/\" \/>\n<meta property=\"og:site_name\" content=\"V3 ATV-PARTS.HU\" \/>\n<meta property=\"article:publisher\" content=\"https:\/\/www.facebook.com\/atvpartsHU\" \/>\n<meta property=\"article:modified_time\" content=\"2024-05-03T13:12:17+00:00\" \/>\n<meta property=\"og:image\" content=\"https:\/\/v3.atv-parts.hu\/wp-content\/uploads\/2024\/03\/all-balls-pompa-paliwa-zestaw-yamaha-wrf250-15-1.jpg\" \/>\n\t<meta property=\"og:image:width\" content=\"1200\" \/>\n\t<meta property=\"og:image:height\" content=\"786\" \/>\n\t<meta property=\"og:image:type\" content=\"image\/jpeg\" \/>\n<meta name=\"twitter:card\" content=\"summary_large_image\" \/>\n<meta name=\"twitter:label1\" content=\"\u00c1r\" \/>\n\t<meta name=\"twitter:data1\" content=\"34255,71&nbsp;&#70;&#116; \u00c1F\u00c1-val\" \/>\n\t<meta name=\"twitter:label2\" content=\"El\u00e9rhet\u0151s\u00e9g\" \/>\n\t<meta name=\"twitter:data2\" content=\"K\u00e9szleten\" \/>\n<script type=\"application\/ld+json\" class=\"yoast-schema-graph\">{\"@context\":\"https:\/\/schema.org\",\"@graph\":[{\"@type\":\"WebPage\",\"@id\":\"https:\/\/v3.atv-parts.hu\/index.php\/termek\/all-balls-uzemanyagszivattyu-keszlet-yamaha-wrf250-15-19-wrf450-12-18-yfz450r-09-19-yfz450x-10-11-yzf250-14-19-yz450f-10-cripzee45019xeez45019y\/\",\"url\":\"https:\/\/v3.atv-parts.hu\/index.php\/termek\/all-balls-uzemanyagszivattyu-keszlet-yamaha-wrf250-15-19-wrf450-12-18-yfz450r-09-19-yfz450x-10-11-yzf250-14-19-yz450f-10-cripzee45019xeez45019y\/\",\"name\":\"ALL BALLS \u00dcZEMANYAGSZIVATTY\u00da (K\u00c9SZLET) YAMAHA WRF250 15-19, WRF450 12-18, YFZ450R 09-19, YFZ450X 10-11, YZF250 14-19, YZ450F 10-CRIPZEE45019XEEZ45019Y - V3 ATV-PARTS.HU\",\"isPartOf\":{\"@id\":\"https:\/\/v3.atv-parts.hu\/#website\"},\"primaryImageOfPage\":{\"@id\":\"https:\/\/v3.atv-parts.hu\/index.php\/termek\/all-balls-uzemanyagszivattyu-keszlet-yamaha-wrf250-15-19-wrf450-12-18-yfz450r-09-19-yfz450x-10-11-yzf250-14-19-yz450f-10-cripzee45019xeez45019y\/#primaryimage\"},\"image\":{\"@id\":\"https:\/\/v3.atv-parts.hu\/index.php\/termek\/all-balls-uzemanyagszivattyu-keszlet-yamaha-wrf250-15-19-wrf450-12-18-yfz450r-09-19-yfz450x-10-11-yzf250-14-19-yz450f-10-cripzee45019xeez45019y\/#primaryimage\"},\"thumbnailUrl\":\"https:\/\/v3.atv-parts.hu\/wp-content\/uploads\/2024\/03\/all-balls-pompa-paliwa-zestaw-yamaha-wrf250-15-1.jpg\",\"datePublished\":\"2024-03-27T05:36:35+00:00\",\"dateModified\":\"2024-05-03T13:12:17+00:00\",\"breadcrumb\":{\"@id\":\"https:\/\/v3.atv-parts.hu\/index.php\/termek\/all-balls-uzemanyagszivattyu-keszlet-yamaha-wrf250-15-19-wrf450-12-18-yfz450r-09-19-yfz450x-10-11-yzf250-14-19-yz450f-10-cripzee45019xeez45019y\/#breadcrumb\"},\"inLanguage\":\"hu\",\"potentialAction\":[{\"@type\":\"ReadAction\",\"target\":[\"https:\/\/v3.atv-parts.hu\/index.php\/termek\/all-balls-uzemanyagszivattyu-keszlet-yamaha-wrf250-15-19-wrf450-12-18-yfz450r-09-19-yfz450x-10-11-yzf250-14-19-yz450f-10-cripzee45019xeez45019y\/\"]}]},{\"@type\":\"ImageObject\",\"inLanguage\":\"hu\",\"@id\":\"https:\/\/v3.atv-parts.hu\/index.php\/termek\/all-balls-uzemanyagszivattyu-keszlet-yamaha-wrf250-15-19-wrf450-12-18-yfz450r-09-19-yfz450x-10-11-yzf250-14-19-yz450f-10-cripzee45019xeez45019y\/#primaryimage\",\"url\":\"https:\/\/v3.atv-parts.hu\/wp-content\/uploads\/2024\/03\/all-balls-pompa-paliwa-zestaw-yamaha-wrf250-15-1.jpg\",\"contentUrl\":\"https:\/\/v3.atv-parts.hu\/wp-content\/uploads\/2024\/03\/all-balls-pompa-paliwa-zestaw-yamaha-wrf250-15-1.jpg\",\"width\":1200,\"height\":786},{\"@type\":\"BreadcrumbList\",\"@id\":\"https:\/\/v3.atv-parts.hu\/index.php\/termek\/all-balls-uzemanyagszivattyu-keszlet-yamaha-wrf250-15-19-wrf450-12-18-yfz450r-09-19-yfz450x-10-11-yzf250-14-19-yz450f-10-cripzee45019xeez45019y\/#breadcrumb\",\"itemListElement\":[{\"@type\":\"ListItem\",\"position\":1,\"name\":\"Kezd\u0151lap\",\"item\":\"https:\/\/v3.atv-parts.hu\/\"},{\"@type\":\"ListItem\",\"position\":2,\"name\":\"Bolt\",\"item\":\"https:\/\/v3.atv-parts.hu\/index.php\/bolt\/\"},{\"@type\":\"ListItem\",\"position\":3,\"name\":\"ALL BALLS \u00dcZEMANYAGSZIVATTY\u00da (K\u00c9SZLET) YAMAHA WRF250 15-19, WRF450 12-18, YFZ450R 09-19, YFZ450X 10-11, YZF250 14-19, YZ450F 10-CRIPZEE45019XEEZ45019Y\"}]},{\"@type\":\"WebSite\",\"@id\":\"https:\/\/v3.atv-parts.hu\/#website\",\"url\":\"https:\/\/v3.atv-parts.hu\/\",\"name\":\"V3 ATV-PARTS.HU\",\"description\":\"\",\"publisher\":{\"@id\":\"https:\/\/v3.atv-parts.hu\/#organization\"},\"potentialAction\":[{\"@type\":\"SearchAction\",\"target\":{\"@type\":\"EntryPoint\",\"urlTemplate\":\"https:\/\/v3.atv-parts.hu\/?s={search_term_string}\"},\"query-input\":\"required name=search_term_string\"}],\"inLanguage\":\"hu\"},{\"@type\":\"Organization\",\"@id\":\"https:\/\/v3.atv-parts.hu\/#organization\",\"name\":\"V3 ATV-PARTS.HU\",\"url\":\"https:\/\/v3.atv-parts.hu\/\",\"logo\":{\"@type\":\"ImageObject\",\"inLanguage\":\"hu\",\"@id\":\"https:\/\/v3.atv-parts.hu\/#\/schema\/logo\/image\/\",\"url\":\"https:\/\/v3.atv-parts.hu\/wp-content\/uploads\/2021\/02\/cropped-cropped-atvlogo-1-1-1.png\",\"contentUrl\":\"https:\/\/v3.atv-parts.hu\/wp-content\/uploads\/2021\/02\/cropped-cropped-atvlogo-1-1-1.png\",\"width\":267,\"height\":160,\"caption\":\"V3 ATV-PARTS.HU\"},\"image\":{\"@id\":\"https:\/\/v3.atv-parts.hu\/#\/schema\/logo\/image\/\"},\"sameAs\":[\"https:\/\/www.facebook.com\/atvpartsHU\"]}]}<\/script>\n<meta property=\"product:price:amount\" content=\"34255.71\" \/>\n<meta property=\"product:price:currency\" content=\"HUF\" \/>\n<meta property=\"og:availability\" content=\"instock\" \/>\n<meta property=\"product:availability\" content=\"instock\" \/>\n<meta property=\"product:retailer_item_id\" content=\"47-2037\" \/>\n<meta property=\"product:condition\" content=\"new\" \/>\n<!-- \/ Yoast SEO Premium plugin. -->","yoast_head_json":{"title":"ALL BALLS \u00dcZEMANYAGSZIVATTY\u00da (K\u00c9SZLET) YAMAHA WRF250 15-19, WRF450 12-18, YFZ450R 09-19, YFZ450X 10-11, YZF250 14-19, YZ450F 10-CRIPZEE45019XEEZ45019Y - V3 ATV-PARTS.HU","robots":{"index":"index","follow":"follow","max-snippet":"max-snippet:-1","max-image-preview":"max-image-preview:large","max-video-preview":"max-video-preview:-1"},"canonical":"https:\/\/v3.atv-parts.hu\/index.php\/termek\/all-balls-uzemanyagszivattyu-keszlet-yamaha-wrf250-15-19-wrf450-12-18-yfz450r-09-19-yfz450x-10-11-yzf250-14-19-yz450f-10-cripzee45019xeez45019y\/","og_locale":"hu_HU","og_type":"article","og_title":"ALL BALLS \u00dcZEMANYAGSZIVATTY\u00da (K\u00c9SZLET) YAMAHA WRF250 15-19, WRF450 12-18, YFZ450R 09-19, YFZ450X 10-11, YZF250 14-19, YZ450F 10-CRIPZEE45019XEEZ45019Y","og_description":"ALL BALLS \u00dcZEMANYAGSZIVATTY\u00da (K\u00c9SZLET) YAMAHA WRF250 15-19, WRF450 12-18, YFZ450R 09-19, YFZ450X 10-11, YZF250 14-19, YZ450F 10-CRIPZEE45019XEEZ45019Y","og_url":"https:\/\/v3.atv-parts.hu\/index.php\/termek\/all-balls-uzemanyagszivattyu-keszlet-yamaha-wrf250-15-19-wrf450-12-18-yfz450r-09-19-yfz450x-10-11-yzf250-14-19-yz450f-10-cripzee45019xeez45019y\/","og_site_name":"V3 ATV-PARTS.HU","article_publisher":"https:\/\/www.facebook.com\/atvpartsHU","article_modified_time":"2024-05-03T13:12:17+00:00","og_image":[{"width":1200,"height":786,"url":"https:\/\/v3.atv-parts.hu\/wp-content\/uploads\/2024\/03\/all-balls-pompa-paliwa-zestaw-yamaha-wrf250-15-1.jpg","type":"image\/jpeg"}],"twitter_card":"summary_large_image","twitter_misc":{"\u00c1r":"34255,71&nbsp;&#70;&#116; \u00c1F\u00c1-val","El\u00e9rhet\u0151s\u00e9g":"K\u00e9szleten"},"schema":{"@context":"https:\/\/schema.org","@graph":[{"@type":"WebPage","@id":"https:\/\/v3.atv-parts.hu\/index.php\/termek\/all-balls-uzemanyagszivattyu-keszlet-yamaha-wrf250-15-19-wrf450-12-18-yfz450r-09-19-yfz450x-10-11-yzf250-14-19-yz450f-10-cripzee45019xeez45019y\/","url":"https:\/\/v3.atv-parts.hu\/index.php\/termek\/all-balls-uzemanyagszivattyu-keszlet-yamaha-wrf250-15-19-wrf450-12-18-yfz450r-09-19-yfz450x-10-11-yzf250-14-19-yz450f-10-cripzee45019xeez45019y\/","name":"ALL BALLS \u00dcZEMANYAGSZIVATTY\u00da (K\u00c9SZLET) YAMAHA WRF250 15-19, WRF450 12-18, YFZ450R 09-19, YFZ450X 10-11, YZF250 14-19, YZ450F 10-CRIPZEE45019XEEZ45019Y - V3 ATV-PARTS.HU","isPartOf":{"@id":"https:\/\/v3.atv-parts.hu\/#website"},"primaryImageOfPage":{"@id":"https:\/\/v3.atv-parts.hu\/index.php\/termek\/all-balls-uzemanyagszivattyu-keszlet-yamaha-wrf250-15-19-wrf450-12-18-yfz450r-09-19-yfz450x-10-11-yzf250-14-19-yz450f-10-cripzee45019xeez45019y\/#primaryimage"},"image":{"@id":"https:\/\/v3.atv-parts.hu\/index.php\/termek\/all-balls-uzemanyagszivattyu-keszlet-yamaha-wrf250-15-19-wrf450-12-18-yfz450r-09-19-yfz450x-10-11-yzf250-14-19-yz450f-10-cripzee45019xeez45019y\/#primaryimage"},"thumbnailUrl":"https:\/\/v3.atv-parts.hu\/wp-content\/uploads\/2024\/03\/all-balls-pompa-paliwa-zestaw-yamaha-wrf250-15-1.jpg","datePublished":"2024-03-27T05:36:35+00:00","dateModified":"2024-05-03T13:12:17+00:00","breadcrumb":{"@id":"https:\/\/v3.atv-parts.hu\/index.php\/termek\/all-balls-uzemanyagszivattyu-keszlet-yamaha-wrf250-15-19-wrf450-12-18-yfz450r-09-19-yfz450x-10-11-yzf250-14-19-yz450f-10-cripzee45019xeez45019y\/#breadcrumb"},"inLanguage":"hu","potentialAction":[{"@type":"ReadAction","target":["https:\/\/v3.atv-parts.hu\/index.php\/termek\/all-balls-uzemanyagszivattyu-keszlet-yamaha-wrf250-15-19-wrf450-12-18-yfz450r-09-19-yfz450x-10-11-yzf250-14-19-yz450f-10-cripzee45019xeez45019y\/"]}]},{"@type":"ImageObject","inLanguage":"hu","@id":"https:\/\/v3.atv-parts.hu\/index.php\/termek\/all-balls-uzemanyagszivattyu-keszlet-yamaha-wrf250-15-19-wrf450-12-18-yfz450r-09-19-yfz450x-10-11-yzf250-14-19-yz450f-10-cripzee45019xeez45019y\/#primaryimage","url":"https:\/\/v3.atv-parts.hu\/wp-content\/uploads\/2024\/03\/all-balls-pompa-paliwa-zestaw-yamaha-wrf250-15-1.jpg","contentUrl":"https:\/\/v3.atv-parts.hu\/wp-content\/uploads\/2024\/03\/all-balls-pompa-paliwa-zestaw-yamaha-wrf250-15-1.jpg","width":1200,"height":786},{"@type":"BreadcrumbList","@id":"https:\/\/v3.atv-parts.hu\/index.php\/termek\/all-balls-uzemanyagszivattyu-keszlet-yamaha-wrf250-15-19-wrf450-12-18-yfz450r-09-19-yfz450x-10-11-yzf250-14-19-yz450f-10-cripzee45019xeez45019y\/#breadcrumb","itemListElement":[{"@type":"ListItem","position":1,"name":"Kezd\u0151lap","item":"https:\/\/v3.atv-parts.hu\/"},{"@type":"ListItem","position":2,"name":"Bolt","item":"https:\/\/v3.atv-parts.hu\/index.php\/bolt\/"},{"@type":"ListItem","position":3,"name":"ALL BALLS \u00dcZEMANYAGSZIVATTY\u00da (K\u00c9SZLET) YAMAHA WRF250 15-19, WRF450 12-18, YFZ450R 09-19, YFZ450X 10-11, YZF250 14-19, YZ450F 10-CRIPZEE45019XEEZ45019Y"}]},{"@type":"WebSite","@id":"https:\/\/v3.atv-parts.hu\/#website","url":"https:\/\/v3.atv-parts.hu\/","name":"V3 ATV-PARTS.HU","description":"","publisher":{"@id":"https:\/\/v3.atv-parts.hu\/#organization"},"potentialAction":[{"@type":"SearchAction","target":{"@type":"EntryPoint","urlTemplate":"https:\/\/v3.atv-parts.hu\/?s={search_term_string}"},"query-input":"required name=search_term_string"}],"inLanguage":"hu"},{"@type":"Organization","@id":"https:\/\/v3.atv-parts.hu\/#organization","name":"V3 ATV-PARTS.HU","url":"https:\/\/v3.atv-parts.hu\/","logo":{"@type":"ImageObject","inLanguage":"hu","@id":"https:\/\/v3.atv-parts.hu\/#\/schema\/logo\/image\/","url":"https:\/\/v3.atv-parts.hu\/wp-content\/uploads\/2021\/02\/cropped-cropped-atvlogo-1-1-1.png","contentUrl":"https:\/\/v3.atv-parts.hu\/wp-content\/uploads\/2021\/02\/cropped-cropped-atvlogo-1-1-1.png","width":267,"height":160,"caption":"V3 ATV-PARTS.HU"},"image":{"@id":"https:\/\/v3.atv-parts.hu\/#\/schema\/logo\/image\/"},"sameAs":["https:\/\/www.facebook.com\/atvpartsHU"]}]},"product_price_amount":"34255.71","product_price_currency":"HUF","og_availability":"instock","product_availability":"instock","product_retailer_item_id":"47-2037","product_condition":"new"},"_links":{"self":[{"href":"https:\/\/v3.atv-parts.hu\/index.php\/wp-json\/wp\/v2\/product\/41609","targetHints":{"allow":["GET"]}}],"collection":[{"href":"https:\/\/v3.atv-parts.hu\/index.php\/wp-json\/wp\/v2\/product"}],"about":[{"href":"https:\/\/v3.atv-parts.hu\/index.php\/wp-json\/wp\/v2\/types\/product"}],"replies":[{"embeddable":true,"href":"https:\/\/v3.atv-parts.hu\/index.php\/wp-json\/wp\/v2\/comments?post=41609"}],"wp:featuredmedia":[{"embeddable":true,"href":"https:\/\/v3.atv-parts.hu\/index.php\/wp-json\/wp\/v2\/media\/41610"}],"wp:attachment":[{"href":"https:\/\/v3.atv-parts.hu\/index.php\/wp-json\/wp\/v2\/media?parent=41609"}],"wp:term":[{"taxonomy":"product_cat","embeddable":true,"href":"https:\/\/v3.atv-parts.hu\/index.php\/wp-json\/wp\/v2\/product_cat?post=41609"},{"taxonomy":"product_tag","embeddable":true,"href":"https:\/\/v3.atv-parts.hu\/index.php\/wp-json\/wp\/v2\/product_tag?post=41609"}],"curies":[{"name":"wp","href":"https:\/\/api.w.org\/{rel}","templated":true}]}}