{"id":42438,"date":"2024-03-27T07:28:59","date_gmt":"2024-03-27T06:28:59","guid":{"rendered":"https:\/\/v3.atv-parts.hu\/index.php\/termek\/sunstar-rear-gear-828-47-suzuki-gsf-650-bandit-07-15-gsx-650-f-08-15-jtr807-47-525-chain-82847jt\/"},"modified":"2024-05-03T15:16:26","modified_gmt":"2024-05-03T13:16:26","slug":"sunstar-rear-gear-828-47-suzuki-gsf-650-bandit-07-15-gsx-650-f-08-15-jtr807-47-525-chain-82847jt","status":"publish","type":"product","link":"https:\/\/v3.atv-parts.hu\/index.php\/termek\/sunstar-rear-gear-828-47-suzuki-gsf-650-bandit-07-15-gsx-650-f-08-15-jtr807-47-525-chain-82847jt\/","title":{"rendered":"SUNSTAR REAR GEAR 828 47 SUZUKI GSF 650 BANDIT 07-15, GSX 650 F 08-15 (JTR807.47) (525 CHAIN) (82847JT)"},"content":{"rendered":"<p>SUNSTAR REAR GEAR 828 47 SUZUKI GSF 650 BANDIT 07-15, GSX 650 F 08-15 (JTR807.47) (525 CHAIN) (82847JT)<\/p>\n<p>EAN: 451018532167<\/p>\n<p>SKU: SUN1-4386-47<\/p>\n","protected":false},"excerpt":{"rendered":"<p>SUNSTAR REAR GEAR 828 47 SUZUKI GSF 650 BANDIT 07-15, GSX 650 F 08-15 (JTR807.47) (525 CHAIN) (82847JT)<\/p>\n","protected":false},"featured_media":42439,"comment_status":"closed","ping_status":"open","template":"","meta":{"_monsterinsights_skip_tracking":false,"_monsterinsights_sitenote_active":false,"_monsterinsights_sitenote_note":"","_monsterinsights_sitenote_category":0},"product_cat":[289,223,232],"product_tag":[156,166],"class_list":{"0":"post-42438","1":"product","2":"type-product","3":"status-publish","4":"has-post-thumbnail","6":"product_cat-acel","7":"product_cat-hajtasrendszer","8":"product_cat-hatso-lanckerekek","9":"product_tag-atv","10":"product_tag-suzuki","11":"pa_marka-sunstar","13":"first","14":"instock","15":"taxable","16":"shipping-taxable","17":"purchasable","18":"product-type-simple"},"yoast_head":"<!-- This site is optimized with the Yoast SEO Premium plugin v22.6 (Yoast SEO v22.6) - https:\/\/yoast.com\/wordpress\/plugins\/seo\/ -->\n<title>SUNSTAR REAR GEAR 828 47 SUZUKI GSF 650 BANDIT 07-15, GSX 650 F 08-15 (JTR807.47) (525 CHAIN) (82847JT) - V3 ATV-PARTS.HU<\/title>\n<meta name=\"robots\" content=\"index, follow, max-snippet:-1, max-image-preview:large, max-video-preview:-1\" \/>\n<link rel=\"canonical\" href=\"https:\/\/v3.atv-parts.hu\/index.php\/termek\/sunstar-rear-gear-828-47-suzuki-gsf-650-bandit-07-15-gsx-650-f-08-15-jtr807-47-525-chain-82847jt\/\" \/>\n<meta property=\"og:locale\" content=\"hu_HU\" \/>\n<meta property=\"og:type\" content=\"article\" \/>\n<meta property=\"og:title\" content=\"SUNSTAR REAR GEAR 828 47 SUZUKI GSF 650 BANDIT 07-15, GSX 650 F 08-15 (JTR807.47) (525 CHAIN) (82847JT)\" \/>\n<meta property=\"og:description\" content=\"SUNSTAR REAR GEAR 828 47 SUZUKI GSF 650 BANDIT 07-15, GSX 650 F 08-15 (JTR807.47) (525 CHAIN) (82847JT)\" \/>\n<meta property=\"og:url\" content=\"https:\/\/v3.atv-parts.hu\/index.php\/termek\/sunstar-rear-gear-828-47-suzuki-gsf-650-bandit-07-15-gsx-650-f-08-15-jtr807-47-525-chain-82847jt\/\" \/>\n<meta property=\"og:site_name\" content=\"V3 ATV-PARTS.HU\" \/>\n<meta property=\"article:publisher\" content=\"https:\/\/www.facebook.com\/atvpartsHU\" \/>\n<meta property=\"article:modified_time\" content=\"2024-05-03T13:16:26+00:00\" \/>\n<meta property=\"og:image\" content=\"https:\/\/v3.atv-parts.hu\/wp-content\/uploads\/2024\/03\/sunstar-zebatka-tylna-828-47-suzuki-gsf-650-bandit.jpg\" \/>\n\t<meta property=\"og:image:width\" content=\"911\" \/>\n\t<meta property=\"og:image:height\" content=\"800\" \/>\n\t<meta property=\"og:image:type\" content=\"image\/jpeg\" \/>\n<meta name=\"twitter:card\" content=\"summary_large_image\" \/>\n<meta name=\"twitter:label1\" content=\"\u00c1r\" \/>\n\t<meta name=\"twitter:data1\" content=\"11153,14&nbsp;&#70;&#116; \u00c1F\u00c1-val\" \/>\n\t<meta name=\"twitter:label2\" content=\"El\u00e9rhet\u0151s\u00e9g\" \/>\n\t<meta name=\"twitter:data2\" content=\"K\u00e9szleten\" \/>\n<script type=\"application\/ld+json\" class=\"yoast-schema-graph\">{\"@context\":\"https:\/\/schema.org\",\"@graph\":[{\"@type\":\"WebPage\",\"@id\":\"https:\/\/v3.atv-parts.hu\/index.php\/termek\/sunstar-rear-gear-828-47-suzuki-gsf-650-bandit-07-15-gsx-650-f-08-15-jtr807-47-525-chain-82847jt\/\",\"url\":\"https:\/\/v3.atv-parts.hu\/index.php\/termek\/sunstar-rear-gear-828-47-suzuki-gsf-650-bandit-07-15-gsx-650-f-08-15-jtr807-47-525-chain-82847jt\/\",\"name\":\"SUNSTAR REAR GEAR 828 47 SUZUKI GSF 650 BANDIT 07-15, GSX 650 F 08-15 (JTR807.47) (525 CHAIN) (82847JT) - V3 ATV-PARTS.HU\",\"isPartOf\":{\"@id\":\"https:\/\/v3.atv-parts.hu\/#website\"},\"primaryImageOfPage\":{\"@id\":\"https:\/\/v3.atv-parts.hu\/index.php\/termek\/sunstar-rear-gear-828-47-suzuki-gsf-650-bandit-07-15-gsx-650-f-08-15-jtr807-47-525-chain-82847jt\/#primaryimage\"},\"image\":{\"@id\":\"https:\/\/v3.atv-parts.hu\/index.php\/termek\/sunstar-rear-gear-828-47-suzuki-gsf-650-bandit-07-15-gsx-650-f-08-15-jtr807-47-525-chain-82847jt\/#primaryimage\"},\"thumbnailUrl\":\"https:\/\/v3.atv-parts.hu\/wp-content\/uploads\/2024\/03\/sunstar-zebatka-tylna-828-47-suzuki-gsf-650-bandit.jpg\",\"datePublished\":\"2024-03-27T06:28:59+00:00\",\"dateModified\":\"2024-05-03T13:16:26+00:00\",\"breadcrumb\":{\"@id\":\"https:\/\/v3.atv-parts.hu\/index.php\/termek\/sunstar-rear-gear-828-47-suzuki-gsf-650-bandit-07-15-gsx-650-f-08-15-jtr807-47-525-chain-82847jt\/#breadcrumb\"},\"inLanguage\":\"hu\",\"potentialAction\":[{\"@type\":\"ReadAction\",\"target\":[\"https:\/\/v3.atv-parts.hu\/index.php\/termek\/sunstar-rear-gear-828-47-suzuki-gsf-650-bandit-07-15-gsx-650-f-08-15-jtr807-47-525-chain-82847jt\/\"]}]},{\"@type\":\"ImageObject\",\"inLanguage\":\"hu\",\"@id\":\"https:\/\/v3.atv-parts.hu\/index.php\/termek\/sunstar-rear-gear-828-47-suzuki-gsf-650-bandit-07-15-gsx-650-f-08-15-jtr807-47-525-chain-82847jt\/#primaryimage\",\"url\":\"https:\/\/v3.atv-parts.hu\/wp-content\/uploads\/2024\/03\/sunstar-zebatka-tylna-828-47-suzuki-gsf-650-bandit.jpg\",\"contentUrl\":\"https:\/\/v3.atv-parts.hu\/wp-content\/uploads\/2024\/03\/sunstar-zebatka-tylna-828-47-suzuki-gsf-650-bandit.jpg\",\"width\":911,\"height\":800},{\"@type\":\"BreadcrumbList\",\"@id\":\"https:\/\/v3.atv-parts.hu\/index.php\/termek\/sunstar-rear-gear-828-47-suzuki-gsf-650-bandit-07-15-gsx-650-f-08-15-jtr807-47-525-chain-82847jt\/#breadcrumb\",\"itemListElement\":[{\"@type\":\"ListItem\",\"position\":1,\"name\":\"Kezd\u0151lap\",\"item\":\"https:\/\/v3.atv-parts.hu\/\"},{\"@type\":\"ListItem\",\"position\":2,\"name\":\"Bolt\",\"item\":\"https:\/\/v3.atv-parts.hu\/index.php\/bolt\/\"},{\"@type\":\"ListItem\",\"position\":3,\"name\":\"SUNSTAR REAR GEAR 828 47 SUZUKI GSF 650 BANDIT 07-15, GSX 650 F 08-15 (JTR807.47) (525 CHAIN) (82847JT)\"}]},{\"@type\":\"WebSite\",\"@id\":\"https:\/\/v3.atv-parts.hu\/#website\",\"url\":\"https:\/\/v3.atv-parts.hu\/\",\"name\":\"V3 ATV-PARTS.HU\",\"description\":\"\",\"publisher\":{\"@id\":\"https:\/\/v3.atv-parts.hu\/#organization\"},\"potentialAction\":[{\"@type\":\"SearchAction\",\"target\":{\"@type\":\"EntryPoint\",\"urlTemplate\":\"https:\/\/v3.atv-parts.hu\/?s={search_term_string}\"},\"query-input\":\"required name=search_term_string\"}],\"inLanguage\":\"hu\"},{\"@type\":\"Organization\",\"@id\":\"https:\/\/v3.atv-parts.hu\/#organization\",\"name\":\"V3 ATV-PARTS.HU\",\"url\":\"https:\/\/v3.atv-parts.hu\/\",\"logo\":{\"@type\":\"ImageObject\",\"inLanguage\":\"hu\",\"@id\":\"https:\/\/v3.atv-parts.hu\/#\/schema\/logo\/image\/\",\"url\":\"https:\/\/v3.atv-parts.hu\/wp-content\/uploads\/2021\/02\/cropped-cropped-atvlogo-1-1-1.png\",\"contentUrl\":\"https:\/\/v3.atv-parts.hu\/wp-content\/uploads\/2021\/02\/cropped-cropped-atvlogo-1-1-1.png\",\"width\":267,\"height\":160,\"caption\":\"V3 ATV-PARTS.HU\"},\"image\":{\"@id\":\"https:\/\/v3.atv-parts.hu\/#\/schema\/logo\/image\/\"},\"sameAs\":[\"https:\/\/www.facebook.com\/atvpartsHU\"]}]}<\/script>\n<meta property=\"product:price:amount\" content=\"11153.14\" \/>\n<meta property=\"product:price:currency\" content=\"HUF\" \/>\n<meta property=\"og:availability\" content=\"instock\" \/>\n<meta property=\"product:availability\" content=\"instock\" \/>\n<meta property=\"product:retailer_item_id\" content=\"SUN1-4386-47\" \/>\n<meta property=\"product:condition\" content=\"new\" \/>\n<!-- \/ Yoast SEO Premium plugin. -->","yoast_head_json":{"title":"SUNSTAR REAR GEAR 828 47 SUZUKI GSF 650 BANDIT 07-15, GSX 650 F 08-15 (JTR807.47) (525 CHAIN) (82847JT) - V3 ATV-PARTS.HU","robots":{"index":"index","follow":"follow","max-snippet":"max-snippet:-1","max-image-preview":"max-image-preview:large","max-video-preview":"max-video-preview:-1"},"canonical":"https:\/\/v3.atv-parts.hu\/index.php\/termek\/sunstar-rear-gear-828-47-suzuki-gsf-650-bandit-07-15-gsx-650-f-08-15-jtr807-47-525-chain-82847jt\/","og_locale":"hu_HU","og_type":"article","og_title":"SUNSTAR REAR GEAR 828 47 SUZUKI GSF 650 BANDIT 07-15, GSX 650 F 08-15 (JTR807.47) (525 CHAIN) (82847JT)","og_description":"SUNSTAR REAR GEAR 828 47 SUZUKI GSF 650 BANDIT 07-15, GSX 650 F 08-15 (JTR807.47) (525 CHAIN) (82847JT)","og_url":"https:\/\/v3.atv-parts.hu\/index.php\/termek\/sunstar-rear-gear-828-47-suzuki-gsf-650-bandit-07-15-gsx-650-f-08-15-jtr807-47-525-chain-82847jt\/","og_site_name":"V3 ATV-PARTS.HU","article_publisher":"https:\/\/www.facebook.com\/atvpartsHU","article_modified_time":"2024-05-03T13:16:26+00:00","og_image":[{"width":911,"height":800,"url":"https:\/\/v3.atv-parts.hu\/wp-content\/uploads\/2024\/03\/sunstar-zebatka-tylna-828-47-suzuki-gsf-650-bandit.jpg","type":"image\/jpeg"}],"twitter_card":"summary_large_image","twitter_misc":{"\u00c1r":"11153,14&nbsp;&#70;&#116; \u00c1F\u00c1-val","El\u00e9rhet\u0151s\u00e9g":"K\u00e9szleten"},"schema":{"@context":"https:\/\/schema.org","@graph":[{"@type":"WebPage","@id":"https:\/\/v3.atv-parts.hu\/index.php\/termek\/sunstar-rear-gear-828-47-suzuki-gsf-650-bandit-07-15-gsx-650-f-08-15-jtr807-47-525-chain-82847jt\/","url":"https:\/\/v3.atv-parts.hu\/index.php\/termek\/sunstar-rear-gear-828-47-suzuki-gsf-650-bandit-07-15-gsx-650-f-08-15-jtr807-47-525-chain-82847jt\/","name":"SUNSTAR REAR GEAR 828 47 SUZUKI GSF 650 BANDIT 07-15, GSX 650 F 08-15 (JTR807.47) (525 CHAIN) (82847JT) - V3 ATV-PARTS.HU","isPartOf":{"@id":"https:\/\/v3.atv-parts.hu\/#website"},"primaryImageOfPage":{"@id":"https:\/\/v3.atv-parts.hu\/index.php\/termek\/sunstar-rear-gear-828-47-suzuki-gsf-650-bandit-07-15-gsx-650-f-08-15-jtr807-47-525-chain-82847jt\/#primaryimage"},"image":{"@id":"https:\/\/v3.atv-parts.hu\/index.php\/termek\/sunstar-rear-gear-828-47-suzuki-gsf-650-bandit-07-15-gsx-650-f-08-15-jtr807-47-525-chain-82847jt\/#primaryimage"},"thumbnailUrl":"https:\/\/v3.atv-parts.hu\/wp-content\/uploads\/2024\/03\/sunstar-zebatka-tylna-828-47-suzuki-gsf-650-bandit.jpg","datePublished":"2024-03-27T06:28:59+00:00","dateModified":"2024-05-03T13:16:26+00:00","breadcrumb":{"@id":"https:\/\/v3.atv-parts.hu\/index.php\/termek\/sunstar-rear-gear-828-47-suzuki-gsf-650-bandit-07-15-gsx-650-f-08-15-jtr807-47-525-chain-82847jt\/#breadcrumb"},"inLanguage":"hu","potentialAction":[{"@type":"ReadAction","target":["https:\/\/v3.atv-parts.hu\/index.php\/termek\/sunstar-rear-gear-828-47-suzuki-gsf-650-bandit-07-15-gsx-650-f-08-15-jtr807-47-525-chain-82847jt\/"]}]},{"@type":"ImageObject","inLanguage":"hu","@id":"https:\/\/v3.atv-parts.hu\/index.php\/termek\/sunstar-rear-gear-828-47-suzuki-gsf-650-bandit-07-15-gsx-650-f-08-15-jtr807-47-525-chain-82847jt\/#primaryimage","url":"https:\/\/v3.atv-parts.hu\/wp-content\/uploads\/2024\/03\/sunstar-zebatka-tylna-828-47-suzuki-gsf-650-bandit.jpg","contentUrl":"https:\/\/v3.atv-parts.hu\/wp-content\/uploads\/2024\/03\/sunstar-zebatka-tylna-828-47-suzuki-gsf-650-bandit.jpg","width":911,"height":800},{"@type":"BreadcrumbList","@id":"https:\/\/v3.atv-parts.hu\/index.php\/termek\/sunstar-rear-gear-828-47-suzuki-gsf-650-bandit-07-15-gsx-650-f-08-15-jtr807-47-525-chain-82847jt\/#breadcrumb","itemListElement":[{"@type":"ListItem","position":1,"name":"Kezd\u0151lap","item":"https:\/\/v3.atv-parts.hu\/"},{"@type":"ListItem","position":2,"name":"Bolt","item":"https:\/\/v3.atv-parts.hu\/index.php\/bolt\/"},{"@type":"ListItem","position":3,"name":"SUNSTAR REAR GEAR 828 47 SUZUKI GSF 650 BANDIT 07-15, GSX 650 F 08-15 (JTR807.47) (525 CHAIN) (82847JT)"}]},{"@type":"WebSite","@id":"https:\/\/v3.atv-parts.hu\/#website","url":"https:\/\/v3.atv-parts.hu\/","name":"V3 ATV-PARTS.HU","description":"","publisher":{"@id":"https:\/\/v3.atv-parts.hu\/#organization"},"potentialAction":[{"@type":"SearchAction","target":{"@type":"EntryPoint","urlTemplate":"https:\/\/v3.atv-parts.hu\/?s={search_term_string}"},"query-input":"required name=search_term_string"}],"inLanguage":"hu"},{"@type":"Organization","@id":"https:\/\/v3.atv-parts.hu\/#organization","name":"V3 ATV-PARTS.HU","url":"https:\/\/v3.atv-parts.hu\/","logo":{"@type":"ImageObject","inLanguage":"hu","@id":"https:\/\/v3.atv-parts.hu\/#\/schema\/logo\/image\/","url":"https:\/\/v3.atv-parts.hu\/wp-content\/uploads\/2021\/02\/cropped-cropped-atvlogo-1-1-1.png","contentUrl":"https:\/\/v3.atv-parts.hu\/wp-content\/uploads\/2021\/02\/cropped-cropped-atvlogo-1-1-1.png","width":267,"height":160,"caption":"V3 ATV-PARTS.HU"},"image":{"@id":"https:\/\/v3.atv-parts.hu\/#\/schema\/logo\/image\/"},"sameAs":["https:\/\/www.facebook.com\/atvpartsHU"]}]},"product_price_amount":"11153.14","product_price_currency":"HUF","og_availability":"instock","product_availability":"instock","product_retailer_item_id":"SUN1-4386-47","product_condition":"new"},"_links":{"self":[{"href":"https:\/\/v3.atv-parts.hu\/index.php\/wp-json\/wp\/v2\/product\/42438","targetHints":{"allow":["GET"]}}],"collection":[{"href":"https:\/\/v3.atv-parts.hu\/index.php\/wp-json\/wp\/v2\/product"}],"about":[{"href":"https:\/\/v3.atv-parts.hu\/index.php\/wp-json\/wp\/v2\/types\/product"}],"replies":[{"embeddable":true,"href":"https:\/\/v3.atv-parts.hu\/index.php\/wp-json\/wp\/v2\/comments?post=42438"}],"wp:featuredmedia":[{"embeddable":true,"href":"https:\/\/v3.atv-parts.hu\/index.php\/wp-json\/wp\/v2\/media\/42439"}],"wp:attachment":[{"href":"https:\/\/v3.atv-parts.hu\/index.php\/wp-json\/wp\/v2\/media?parent=42438"}],"wp:term":[{"taxonomy":"product_cat","embeddable":true,"href":"https:\/\/v3.atv-parts.hu\/index.php\/wp-json\/wp\/v2\/product_cat?post=42438"},{"taxonomy":"product_tag","embeddable":true,"href":"https:\/\/v3.atv-parts.hu\/index.php\/wp-json\/wp\/v2\/product_tag?post=42438"}],"curies":[{"name":"wp","href":"https:\/\/api.w.org\/{rel}","templated":true}]}}