{"id":42538,"date":"2024-03-27T07:32:17","date_gmt":"2024-03-27T06:32:17","guid":{"rendered":"https:\/\/v3.atv-parts.hu\/index.php\/termek\/vertex-dugattyu-ktm-2t-sx-65-sx65-09-20-husqvarna-tc-65-tc65-17-20-4496-mm-race-evolution-gyuruk-53010004500\/"},"modified":"2025-04-24T08:03:35","modified_gmt":"2025-04-24T06:03:35","slug":"vertex-dugattyu-ktm-2t-sx-65-sx65-09-20-husqvarna-tc-65-tc65-17-20-4496-mm-race-evolution-gyuruk-53010004500","status":"publish","type":"product","link":"https:\/\/v3.atv-parts.hu\/index.php\/termek\/vertex-dugattyu-ktm-2t-sx-65-sx65-09-20-husqvarna-tc-65-tc65-17-20-4496-mm-race-evolution-gyuruk-53010004500\/","title":{"rendered":"VERTEX DUGATTY\u00da KTM (2T) SX 65 (SX65) &#8217;09 -20, HUSQVARNA TC 65 (TC65) &#8217;17 -20 (44,96 mm) RACE EVOLUTION (GY\u0170R\u0170K 53010004500)"},"content":{"rendered":"<p>VERTEX DUGATTY\u00da KTM (2T) SX 65 (SX65) &#8217;09 -20, HUSQVARNA TC 65 (TC65) &#8217;17 -20 (44,96 mm) RACE EVOLUTION (GY\u0170R\u0170K 53010004500)<\/p>\n<p>EAN:<\/p>\n<p>SKU: 24447AB<\/p>\n","protected":false},"excerpt":{"rendered":"<p>VERTEX DUGATTY\u00da KTM (2T) SX 65 (SX65) &#8217;09 -20, HUSQVARNA TC 65 (TC65) &#8217;17 -20 (44,96 mm) RACE EVOLUTION (GY\u0170R\u0170K 53010004500)<\/p>\n","protected":false},"featured_media":42539,"comment_status":"closed","ping_status":"open","template":"","meta":{"_monsterinsights_skip_tracking":false,"_monsterinsights_sitenote_active":false,"_monsterinsights_sitenote_note":"","_monsterinsights_sitenote_category":0},"product_cat":[155,154,153],"product_tag":[156,182],"class_list":{"0":"post-42538","1":"product","2":"type-product","3":"status-publish","4":"has-post-thumbnail","6":"product_cat-dugattyuk-2t-motorokhoz","7":"product_cat-dugattyuk-gyuruk-csapok","8":"product_cat-motor","9":"product_tag-atv","10":"product_tag-ktm","11":"pa_marka-vertex","13":"first","14":"outofstock","15":"taxable","16":"shipping-taxable","17":"purchasable","18":"product-type-simple"},"yoast_head":"<!-- This site is optimized with the Yoast SEO Premium plugin v22.6 (Yoast SEO v22.6) - https:\/\/yoast.com\/wordpress\/plugins\/seo\/ -->\n<title>VERTEX DUGATTY\u00da KTM (2T) SX 65 (SX65) &#039;09 -20, HUSQVARNA TC 65 (TC65) &#039;17 -20 (44,96 mm) RACE EVOLUTION (GY\u0170R\u0170K 53010004500) - V3 ATV-PARTS.HU<\/title>\n<meta name=\"robots\" content=\"index, follow, max-snippet:-1, max-image-preview:large, max-video-preview:-1\" \/>\n<link rel=\"canonical\" href=\"https:\/\/v3.atv-parts.hu\/index.php\/termek\/vertex-dugattyu-ktm-2t-sx-65-sx65-09-20-husqvarna-tc-65-tc65-17-20-4496-mm-race-evolution-gyuruk-53010004500\/\" \/>\n<meta property=\"og:locale\" content=\"hu_HU\" \/>\n<meta property=\"og:type\" content=\"article\" \/>\n<meta property=\"og:title\" content=\"VERTEX DUGATTY\u00da KTM (2T) SX 65 (SX65) &#039;09 -20, HUSQVARNA TC 65 (TC65) &#039;17 -20 (44,96 mm) RACE EVOLUTION (GY\u0170R\u0170K 53010004500)\" \/>\n<meta property=\"og:description\" content=\"VERTEX DUGATTY\u00da KTM (2T) SX 65 (SX65) &#039;09 -20, HUSQVARNA TC 65 (TC65) &#039;17 -20 (44,96 mm) RACE EVOLUTION (GY\u0170R\u0170K 53010004500)\" \/>\n<meta property=\"og:url\" content=\"https:\/\/v3.atv-parts.hu\/index.php\/termek\/vertex-dugattyu-ktm-2t-sx-65-sx65-09-20-husqvarna-tc-65-tc65-17-20-4496-mm-race-evolution-gyuruk-53010004500\/\" \/>\n<meta property=\"og:site_name\" content=\"V3 ATV-PARTS.HU\" \/>\n<meta property=\"article:publisher\" content=\"https:\/\/www.facebook.com\/atvpartsHU\" \/>\n<meta property=\"article:modified_time\" content=\"2025-04-24T06:03:35+00:00\" \/>\n<meta property=\"og:image\" content=\"https:\/\/v3.atv-parts.hu\/wp-content\/uploads\/2024\/03\/vertex-tlok-ktm-d-45-sx65-09-20-husqvarna-tc65-17.jpg\" \/>\n\t<meta property=\"og:image:width\" content=\"803\" \/>\n\t<meta property=\"og:image:height\" content=\"800\" \/>\n\t<meta property=\"og:image:type\" content=\"image\/jpeg\" \/>\n<meta name=\"twitter:card\" content=\"summary_large_image\" \/>\n<meta name=\"twitter:label1\" content=\"\u00c1r\" \/>\n\t<meta name=\"twitter:data1\" content=\"21744,94&nbsp;&#70;&#116; \u00c1F\u00c1-val\" \/>\n\t<meta name=\"twitter:label2\" content=\"El\u00e9rhet\u0151s\u00e9g\" \/>\n\t<meta name=\"twitter:data2\" content=\"Nincs k\u00e9szleten\" \/>\n<script type=\"application\/ld+json\" class=\"yoast-schema-graph\">{\"@context\":\"https:\/\/schema.org\",\"@graph\":[{\"@type\":\"WebPage\",\"@id\":\"https:\/\/v3.atv-parts.hu\/index.php\/termek\/vertex-dugattyu-ktm-2t-sx-65-sx65-09-20-husqvarna-tc-65-tc65-17-20-4496-mm-race-evolution-gyuruk-53010004500\/\",\"url\":\"https:\/\/v3.atv-parts.hu\/index.php\/termek\/vertex-dugattyu-ktm-2t-sx-65-sx65-09-20-husqvarna-tc-65-tc65-17-20-4496-mm-race-evolution-gyuruk-53010004500\/\",\"name\":\"VERTEX DUGATTY\u00da KTM (2T) SX 65 (SX65) '09 -20, HUSQVARNA TC 65 (TC65) '17 -20 (44,96 mm) RACE EVOLUTION (GY\u0170R\u0170K 53010004500) - V3 ATV-PARTS.HU\",\"isPartOf\":{\"@id\":\"https:\/\/v3.atv-parts.hu\/#website\"},\"primaryImageOfPage\":{\"@id\":\"https:\/\/v3.atv-parts.hu\/index.php\/termek\/vertex-dugattyu-ktm-2t-sx-65-sx65-09-20-husqvarna-tc-65-tc65-17-20-4496-mm-race-evolution-gyuruk-53010004500\/#primaryimage\"},\"image\":{\"@id\":\"https:\/\/v3.atv-parts.hu\/index.php\/termek\/vertex-dugattyu-ktm-2t-sx-65-sx65-09-20-husqvarna-tc-65-tc65-17-20-4496-mm-race-evolution-gyuruk-53010004500\/#primaryimage\"},\"thumbnailUrl\":\"https:\/\/v3.atv-parts.hu\/wp-content\/uploads\/2024\/03\/vertex-tlok-ktm-d-45-sx65-09-20-husqvarna-tc65-17.jpg\",\"datePublished\":\"2024-03-27T06:32:17+00:00\",\"dateModified\":\"2025-04-24T06:03:35+00:00\",\"breadcrumb\":{\"@id\":\"https:\/\/v3.atv-parts.hu\/index.php\/termek\/vertex-dugattyu-ktm-2t-sx-65-sx65-09-20-husqvarna-tc-65-tc65-17-20-4496-mm-race-evolution-gyuruk-53010004500\/#breadcrumb\"},\"inLanguage\":\"hu\",\"potentialAction\":[{\"@type\":\"ReadAction\",\"target\":[\"https:\/\/v3.atv-parts.hu\/index.php\/termek\/vertex-dugattyu-ktm-2t-sx-65-sx65-09-20-husqvarna-tc-65-tc65-17-20-4496-mm-race-evolution-gyuruk-53010004500\/\"]}]},{\"@type\":\"ImageObject\",\"inLanguage\":\"hu\",\"@id\":\"https:\/\/v3.atv-parts.hu\/index.php\/termek\/vertex-dugattyu-ktm-2t-sx-65-sx65-09-20-husqvarna-tc-65-tc65-17-20-4496-mm-race-evolution-gyuruk-53010004500\/#primaryimage\",\"url\":\"https:\/\/v3.atv-parts.hu\/wp-content\/uploads\/2024\/03\/vertex-tlok-ktm-d-45-sx65-09-20-husqvarna-tc65-17.jpg\",\"contentUrl\":\"https:\/\/v3.atv-parts.hu\/wp-content\/uploads\/2024\/03\/vertex-tlok-ktm-d-45-sx65-09-20-husqvarna-tc65-17.jpg\",\"width\":803,\"height\":800},{\"@type\":\"BreadcrumbList\",\"@id\":\"https:\/\/v3.atv-parts.hu\/index.php\/termek\/vertex-dugattyu-ktm-2t-sx-65-sx65-09-20-husqvarna-tc-65-tc65-17-20-4496-mm-race-evolution-gyuruk-53010004500\/#breadcrumb\",\"itemListElement\":[{\"@type\":\"ListItem\",\"position\":1,\"name\":\"Kezd\u0151lap\",\"item\":\"https:\/\/v3.atv-parts.hu\/\"},{\"@type\":\"ListItem\",\"position\":2,\"name\":\"Bolt\",\"item\":\"https:\/\/v3.atv-parts.hu\/index.php\/bolt\/\"},{\"@type\":\"ListItem\",\"position\":3,\"name\":\"VERTEX DUGATTY\u00da KTM (2T) SX 65 (SX65) &#8217;09 -20, HUSQVARNA TC 65 (TC65) &#8217;17 -20 (44,96 mm) RACE EVOLUTION (GY\u0170R\u0170K 53010004500)\"}]},{\"@type\":\"WebSite\",\"@id\":\"https:\/\/v3.atv-parts.hu\/#website\",\"url\":\"https:\/\/v3.atv-parts.hu\/\",\"name\":\"V3 ATV-PARTS.HU\",\"description\":\"\",\"publisher\":{\"@id\":\"https:\/\/v3.atv-parts.hu\/#organization\"},\"potentialAction\":[{\"@type\":\"SearchAction\",\"target\":{\"@type\":\"EntryPoint\",\"urlTemplate\":\"https:\/\/v3.atv-parts.hu\/?s={search_term_string}\"},\"query-input\":\"required name=search_term_string\"}],\"inLanguage\":\"hu\"},{\"@type\":\"Organization\",\"@id\":\"https:\/\/v3.atv-parts.hu\/#organization\",\"name\":\"V3 ATV-PARTS.HU\",\"url\":\"https:\/\/v3.atv-parts.hu\/\",\"logo\":{\"@type\":\"ImageObject\",\"inLanguage\":\"hu\",\"@id\":\"https:\/\/v3.atv-parts.hu\/#\/schema\/logo\/image\/\",\"url\":\"https:\/\/v3.atv-parts.hu\/wp-content\/uploads\/2021\/02\/cropped-cropped-atvlogo-1-1-1.png\",\"contentUrl\":\"https:\/\/v3.atv-parts.hu\/wp-content\/uploads\/2021\/02\/cropped-cropped-atvlogo-1-1-1.png\",\"width\":267,\"height\":160,\"caption\":\"V3 ATV-PARTS.HU\"},\"image\":{\"@id\":\"https:\/\/v3.atv-parts.hu\/#\/schema\/logo\/image\/\"},\"sameAs\":[\"https:\/\/www.facebook.com\/atvpartsHU\"]}]}<\/script>\n<meta property=\"product:price:amount\" content=\"21744.94\" \/>\n<meta property=\"product:price:currency\" content=\"HUF\" \/>\n<meta property=\"og:availability\" content=\"out of stock\" \/>\n<meta property=\"product:availability\" content=\"out of stock\" \/>\n<meta property=\"product:retailer_item_id\" content=\"24447AB\" \/>\n<meta property=\"product:condition\" content=\"new\" \/>\n<!-- \/ Yoast SEO Premium plugin. -->","yoast_head_json":{"title":"VERTEX DUGATTY\u00da KTM (2T) SX 65 (SX65) '09 -20, HUSQVARNA TC 65 (TC65) '17 -20 (44,96 mm) RACE EVOLUTION (GY\u0170R\u0170K 53010004500) - V3 ATV-PARTS.HU","robots":{"index":"index","follow":"follow","max-snippet":"max-snippet:-1","max-image-preview":"max-image-preview:large","max-video-preview":"max-video-preview:-1"},"canonical":"https:\/\/v3.atv-parts.hu\/index.php\/termek\/vertex-dugattyu-ktm-2t-sx-65-sx65-09-20-husqvarna-tc-65-tc65-17-20-4496-mm-race-evolution-gyuruk-53010004500\/","og_locale":"hu_HU","og_type":"article","og_title":"VERTEX DUGATTY\u00da KTM (2T) SX 65 (SX65) '09 -20, HUSQVARNA TC 65 (TC65) '17 -20 (44,96 mm) RACE EVOLUTION (GY\u0170R\u0170K 53010004500)","og_description":"VERTEX DUGATTY\u00da KTM (2T) SX 65 (SX65) '09 -20, HUSQVARNA TC 65 (TC65) '17 -20 (44,96 mm) RACE EVOLUTION (GY\u0170R\u0170K 53010004500)","og_url":"https:\/\/v3.atv-parts.hu\/index.php\/termek\/vertex-dugattyu-ktm-2t-sx-65-sx65-09-20-husqvarna-tc-65-tc65-17-20-4496-mm-race-evolution-gyuruk-53010004500\/","og_site_name":"V3 ATV-PARTS.HU","article_publisher":"https:\/\/www.facebook.com\/atvpartsHU","article_modified_time":"2025-04-24T06:03:35+00:00","og_image":[{"width":803,"height":800,"url":"https:\/\/v3.atv-parts.hu\/wp-content\/uploads\/2024\/03\/vertex-tlok-ktm-d-45-sx65-09-20-husqvarna-tc65-17.jpg","type":"image\/jpeg"}],"twitter_card":"summary_large_image","twitter_misc":{"\u00c1r":"21744,94&nbsp;&#70;&#116; \u00c1F\u00c1-val","El\u00e9rhet\u0151s\u00e9g":"Nincs k\u00e9szleten"},"schema":{"@context":"https:\/\/schema.org","@graph":[{"@type":"WebPage","@id":"https:\/\/v3.atv-parts.hu\/index.php\/termek\/vertex-dugattyu-ktm-2t-sx-65-sx65-09-20-husqvarna-tc-65-tc65-17-20-4496-mm-race-evolution-gyuruk-53010004500\/","url":"https:\/\/v3.atv-parts.hu\/index.php\/termek\/vertex-dugattyu-ktm-2t-sx-65-sx65-09-20-husqvarna-tc-65-tc65-17-20-4496-mm-race-evolution-gyuruk-53010004500\/","name":"VERTEX DUGATTY\u00da KTM (2T) SX 65 (SX65) '09 -20, HUSQVARNA TC 65 (TC65) '17 -20 (44,96 mm) RACE EVOLUTION (GY\u0170R\u0170K 53010004500) - V3 ATV-PARTS.HU","isPartOf":{"@id":"https:\/\/v3.atv-parts.hu\/#website"},"primaryImageOfPage":{"@id":"https:\/\/v3.atv-parts.hu\/index.php\/termek\/vertex-dugattyu-ktm-2t-sx-65-sx65-09-20-husqvarna-tc-65-tc65-17-20-4496-mm-race-evolution-gyuruk-53010004500\/#primaryimage"},"image":{"@id":"https:\/\/v3.atv-parts.hu\/index.php\/termek\/vertex-dugattyu-ktm-2t-sx-65-sx65-09-20-husqvarna-tc-65-tc65-17-20-4496-mm-race-evolution-gyuruk-53010004500\/#primaryimage"},"thumbnailUrl":"https:\/\/v3.atv-parts.hu\/wp-content\/uploads\/2024\/03\/vertex-tlok-ktm-d-45-sx65-09-20-husqvarna-tc65-17.jpg","datePublished":"2024-03-27T06:32:17+00:00","dateModified":"2025-04-24T06:03:35+00:00","breadcrumb":{"@id":"https:\/\/v3.atv-parts.hu\/index.php\/termek\/vertex-dugattyu-ktm-2t-sx-65-sx65-09-20-husqvarna-tc-65-tc65-17-20-4496-mm-race-evolution-gyuruk-53010004500\/#breadcrumb"},"inLanguage":"hu","potentialAction":[{"@type":"ReadAction","target":["https:\/\/v3.atv-parts.hu\/index.php\/termek\/vertex-dugattyu-ktm-2t-sx-65-sx65-09-20-husqvarna-tc-65-tc65-17-20-4496-mm-race-evolution-gyuruk-53010004500\/"]}]},{"@type":"ImageObject","inLanguage":"hu","@id":"https:\/\/v3.atv-parts.hu\/index.php\/termek\/vertex-dugattyu-ktm-2t-sx-65-sx65-09-20-husqvarna-tc-65-tc65-17-20-4496-mm-race-evolution-gyuruk-53010004500\/#primaryimage","url":"https:\/\/v3.atv-parts.hu\/wp-content\/uploads\/2024\/03\/vertex-tlok-ktm-d-45-sx65-09-20-husqvarna-tc65-17.jpg","contentUrl":"https:\/\/v3.atv-parts.hu\/wp-content\/uploads\/2024\/03\/vertex-tlok-ktm-d-45-sx65-09-20-husqvarna-tc65-17.jpg","width":803,"height":800},{"@type":"BreadcrumbList","@id":"https:\/\/v3.atv-parts.hu\/index.php\/termek\/vertex-dugattyu-ktm-2t-sx-65-sx65-09-20-husqvarna-tc-65-tc65-17-20-4496-mm-race-evolution-gyuruk-53010004500\/#breadcrumb","itemListElement":[{"@type":"ListItem","position":1,"name":"Kezd\u0151lap","item":"https:\/\/v3.atv-parts.hu\/"},{"@type":"ListItem","position":2,"name":"Bolt","item":"https:\/\/v3.atv-parts.hu\/index.php\/bolt\/"},{"@type":"ListItem","position":3,"name":"VERTEX DUGATTY\u00da KTM (2T) SX 65 (SX65) &#8217;09 -20, HUSQVARNA TC 65 (TC65) &#8217;17 -20 (44,96 mm) RACE EVOLUTION (GY\u0170R\u0170K 53010004500)"}]},{"@type":"WebSite","@id":"https:\/\/v3.atv-parts.hu\/#website","url":"https:\/\/v3.atv-parts.hu\/","name":"V3 ATV-PARTS.HU","description":"","publisher":{"@id":"https:\/\/v3.atv-parts.hu\/#organization"},"potentialAction":[{"@type":"SearchAction","target":{"@type":"EntryPoint","urlTemplate":"https:\/\/v3.atv-parts.hu\/?s={search_term_string}"},"query-input":"required name=search_term_string"}],"inLanguage":"hu"},{"@type":"Organization","@id":"https:\/\/v3.atv-parts.hu\/#organization","name":"V3 ATV-PARTS.HU","url":"https:\/\/v3.atv-parts.hu\/","logo":{"@type":"ImageObject","inLanguage":"hu","@id":"https:\/\/v3.atv-parts.hu\/#\/schema\/logo\/image\/","url":"https:\/\/v3.atv-parts.hu\/wp-content\/uploads\/2021\/02\/cropped-cropped-atvlogo-1-1-1.png","contentUrl":"https:\/\/v3.atv-parts.hu\/wp-content\/uploads\/2021\/02\/cropped-cropped-atvlogo-1-1-1.png","width":267,"height":160,"caption":"V3 ATV-PARTS.HU"},"image":{"@id":"https:\/\/v3.atv-parts.hu\/#\/schema\/logo\/image\/"},"sameAs":["https:\/\/www.facebook.com\/atvpartsHU"]}]},"product_price_amount":"21744.94","product_price_currency":"HUF","og_availability":"out of stock","product_availability":"out of stock","product_retailer_item_id":"24447AB","product_condition":"new"},"_links":{"self":[{"href":"https:\/\/v3.atv-parts.hu\/index.php\/wp-json\/wp\/v2\/product\/42538","targetHints":{"allow":["GET"]}}],"collection":[{"href":"https:\/\/v3.atv-parts.hu\/index.php\/wp-json\/wp\/v2\/product"}],"about":[{"href":"https:\/\/v3.atv-parts.hu\/index.php\/wp-json\/wp\/v2\/types\/product"}],"replies":[{"embeddable":true,"href":"https:\/\/v3.atv-parts.hu\/index.php\/wp-json\/wp\/v2\/comments?post=42538"}],"wp:featuredmedia":[{"embeddable":true,"href":"https:\/\/v3.atv-parts.hu\/index.php\/wp-json\/wp\/v2\/media\/42539"}],"wp:attachment":[{"href":"https:\/\/v3.atv-parts.hu\/index.php\/wp-json\/wp\/v2\/media?parent=42538"}],"wp:term":[{"taxonomy":"product_cat","embeddable":true,"href":"https:\/\/v3.atv-parts.hu\/index.php\/wp-json\/wp\/v2\/product_cat?post=42538"},{"taxonomy":"product_tag","embeddable":true,"href":"https:\/\/v3.atv-parts.hu\/index.php\/wp-json\/wp\/v2\/product_tag?post=42538"}],"curies":[{"name":"wp","href":"https:\/\/api.w.org\/{rel}","templated":true}]}}