{"id":42945,"date":"2024-03-27T07:52:03","date_gmt":"2024-03-27T06:52:03","guid":{"rendered":"https:\/\/v3.atv-parts.hu\/index.php\/termek\/ufo-teleszkopos-burkolatok-husqvarna-tc-fc-125-250-300-310-350-450-15-18-te-tx-125-250-300-310-fe-250-350-450-5018-color6h-2020\/"},"modified":"2024-05-03T15:18:46","modified_gmt":"2024-05-03T13:18:46","slug":"ufo-teleszkopos-burkolatok-husqvarna-tc-fc-125-250-300-310-350-450-15-18-te-tx-125-250-300-310-fe-250-350-450-5018-color6h-2020","status":"publish","type":"product","link":"https:\/\/v3.atv-parts.hu\/index.php\/termek\/ufo-teleszkopos-burkolatok-husqvarna-tc-fc-125-250-300-310-350-450-15-18-te-tx-125-250-300-310-fe-250-350-450-5018-color6h-2020\/","title":{"rendered":"UFO TELESZK\u00d3POS BURKOLATOK HUSQVARNA TC \/ FC 125\/250\/300\/310\/350\/450 &#8217;15 -18, TE \/ TX \/ 125\/250\/300\/310, FE 250\/350\/450\/5018 COLOR6H 2020"},"content":{"rendered":"<p>UFO TELESZK\u00d3POS BURKOLATOK HUSQVARNA TC \/ FC 125\/250\/300\/310\/350\/450 &#8217;15 -18, TE \/ TX \/ 125\/250\/300\/310, FE 250\/350\/450\/5018 COLOR6H 2020<\/p>\n<p>EAN: 8052135106609<\/p>\n<p>SKU: HU03361040<\/p>\n","protected":false},"excerpt":{"rendered":"<p>UFO TELESZK\u00d3POS BURKOLATOK HUSQVARNA TC \/ FC 125\/250\/300\/310\/350\/450 &#8217;15 -18, TE \/ TX \/ 125\/250\/300\/310, FE 250\/350\/450\/5018 COLOR6H 2020<\/p>\n","protected":false},"featured_media":42946,"comment_status":"closed","ping_status":"open","template":"","meta":{"_monsterinsights_skip_tracking":false,"_monsterinsights_sitenote_active":false,"_monsterinsights_sitenote_note":"","_monsterinsights_sitenote_category":0},"product_cat":[398,593,270],"product_tag":[157,383,324,325],"class_list":{"0":"post-42945","1":"product","2":"type-product","3":"status-publish","4":"has-post-thumbnail","6":"product_cat-burkolatok","7":"product_cat-elso-lengescsillapito-burkolat","8":"product_cat-karosszeria","9":"product_tag-cross","10":"product_tag-fc","11":"product_tag-husqvarna","12":"product_tag-tc","13":"pa_marka-ufo","15":"first","16":"instock","17":"taxable","18":"shipping-taxable","19":"purchasable","20":"product-type-simple"},"yoast_head":"<!-- This site is optimized with the Yoast SEO Premium plugin v22.6 (Yoast SEO v22.6) - https:\/\/yoast.com\/wordpress\/plugins\/seo\/ -->\n<title>UFO TELESZK\u00d3POS BURKOLATOK HUSQVARNA TC \/ FC 125\/250\/300\/310\/350\/450 &#039;15 -18, TE \/ TX \/ 125\/250\/300\/310, FE 250\/350\/450\/5018 COLOR6H 2020 - V3 ATV-PARTS.HU<\/title>\n<meta name=\"robots\" content=\"index, follow, max-snippet:-1, max-image-preview:large, max-video-preview:-1\" \/>\n<link rel=\"canonical\" href=\"https:\/\/v3.atv-parts.hu\/index.php\/termek\/ufo-teleszkopos-burkolatok-husqvarna-tc-fc-125-250-300-310-350-450-15-18-te-tx-125-250-300-310-fe-250-350-450-5018-color6h-2020\/\" \/>\n<meta property=\"og:locale\" content=\"hu_HU\" \/>\n<meta property=\"og:type\" content=\"article\" \/>\n<meta property=\"og:title\" content=\"UFO TELESZK\u00d3POS BURKOLATOK HUSQVARNA TC \/ FC 125\/250\/300\/310\/350\/450 &#039;15 -18, TE \/ TX \/ 125\/250\/300\/310, FE 250\/350\/450\/5018 COLOR6H 2020\" \/>\n<meta property=\"og:description\" content=\"UFO TELESZK\u00d3POS BURKOLATOK HUSQVARNA TC \/ FC 125\/250\/300\/310\/350\/450 &#039;15 -18, TE \/ TX \/ 125\/250\/300\/310, FE 250\/350\/450\/5018 COLOR6H 2020\" \/>\n<meta property=\"og:url\" content=\"https:\/\/v3.atv-parts.hu\/index.php\/termek\/ufo-teleszkopos-burkolatok-husqvarna-tc-fc-125-250-300-310-350-450-15-18-te-tx-125-250-300-310-fe-250-350-450-5018-color6h-2020\/\" \/>\n<meta property=\"og:site_name\" content=\"V3 ATV-PARTS.HU\" \/>\n<meta property=\"article:publisher\" content=\"https:\/\/www.facebook.com\/atvpartsHU\" \/>\n<meta property=\"article:modified_time\" content=\"2024-05-03T13:18:46+00:00\" \/>\n<meta property=\"og:image\" content=\"https:\/\/v3.atv-parts.hu\/wp-content\/uploads\/2024\/03\/ufo-oslony-teleskopow-husqvarna-tc-125-15-20-kol.jpg\" \/>\n\t<meta property=\"og:image:width\" content=\"1000\" \/>\n\t<meta property=\"og:image:height\" content=\"1000\" \/>\n\t<meta property=\"og:image:type\" content=\"image\/jpeg\" \/>\n<meta name=\"twitter:card\" content=\"summary_large_image\" \/>\n<meta name=\"twitter:label1\" content=\"\u00c1r\" \/>\n\t<meta name=\"twitter:data1\" content=\"9041,13&nbsp;&#70;&#116; \u00c1F\u00c1-val\" \/>\n\t<meta name=\"twitter:label2\" content=\"El\u00e9rhet\u0151s\u00e9g\" \/>\n\t<meta name=\"twitter:data2\" content=\"K\u00e9szleten\" \/>\n<script type=\"application\/ld+json\" class=\"yoast-schema-graph\">{\"@context\":\"https:\/\/schema.org\",\"@graph\":[{\"@type\":\"WebPage\",\"@id\":\"https:\/\/v3.atv-parts.hu\/index.php\/termek\/ufo-teleszkopos-burkolatok-husqvarna-tc-fc-125-250-300-310-350-450-15-18-te-tx-125-250-300-310-fe-250-350-450-5018-color6h-2020\/\",\"url\":\"https:\/\/v3.atv-parts.hu\/index.php\/termek\/ufo-teleszkopos-burkolatok-husqvarna-tc-fc-125-250-300-310-350-450-15-18-te-tx-125-250-300-310-fe-250-350-450-5018-color6h-2020\/\",\"name\":\"UFO TELESZK\u00d3POS BURKOLATOK HUSQVARNA TC \/ FC 125\/250\/300\/310\/350\/450 '15 -18, TE \/ TX \/ 125\/250\/300\/310, FE 250\/350\/450\/5018 COLOR6H 2020 - V3 ATV-PARTS.HU\",\"isPartOf\":{\"@id\":\"https:\/\/v3.atv-parts.hu\/#website\"},\"primaryImageOfPage\":{\"@id\":\"https:\/\/v3.atv-parts.hu\/index.php\/termek\/ufo-teleszkopos-burkolatok-husqvarna-tc-fc-125-250-300-310-350-450-15-18-te-tx-125-250-300-310-fe-250-350-450-5018-color6h-2020\/#primaryimage\"},\"image\":{\"@id\":\"https:\/\/v3.atv-parts.hu\/index.php\/termek\/ufo-teleszkopos-burkolatok-husqvarna-tc-fc-125-250-300-310-350-450-15-18-te-tx-125-250-300-310-fe-250-350-450-5018-color6h-2020\/#primaryimage\"},\"thumbnailUrl\":\"https:\/\/v3.atv-parts.hu\/wp-content\/uploads\/2024\/03\/ufo-oslony-teleskopow-husqvarna-tc-125-15-20-kol.jpg\",\"datePublished\":\"2024-03-27T06:52:03+00:00\",\"dateModified\":\"2024-05-03T13:18:46+00:00\",\"breadcrumb\":{\"@id\":\"https:\/\/v3.atv-parts.hu\/index.php\/termek\/ufo-teleszkopos-burkolatok-husqvarna-tc-fc-125-250-300-310-350-450-15-18-te-tx-125-250-300-310-fe-250-350-450-5018-color6h-2020\/#breadcrumb\"},\"inLanguage\":\"hu\",\"potentialAction\":[{\"@type\":\"ReadAction\",\"target\":[\"https:\/\/v3.atv-parts.hu\/index.php\/termek\/ufo-teleszkopos-burkolatok-husqvarna-tc-fc-125-250-300-310-350-450-15-18-te-tx-125-250-300-310-fe-250-350-450-5018-color6h-2020\/\"]}]},{\"@type\":\"ImageObject\",\"inLanguage\":\"hu\",\"@id\":\"https:\/\/v3.atv-parts.hu\/index.php\/termek\/ufo-teleszkopos-burkolatok-husqvarna-tc-fc-125-250-300-310-350-450-15-18-te-tx-125-250-300-310-fe-250-350-450-5018-color6h-2020\/#primaryimage\",\"url\":\"https:\/\/v3.atv-parts.hu\/wp-content\/uploads\/2024\/03\/ufo-oslony-teleskopow-husqvarna-tc-125-15-20-kol.jpg\",\"contentUrl\":\"https:\/\/v3.atv-parts.hu\/wp-content\/uploads\/2024\/03\/ufo-oslony-teleskopow-husqvarna-tc-125-15-20-kol.jpg\",\"width\":1000,\"height\":1000},{\"@type\":\"BreadcrumbList\",\"@id\":\"https:\/\/v3.atv-parts.hu\/index.php\/termek\/ufo-teleszkopos-burkolatok-husqvarna-tc-fc-125-250-300-310-350-450-15-18-te-tx-125-250-300-310-fe-250-350-450-5018-color6h-2020\/#breadcrumb\",\"itemListElement\":[{\"@type\":\"ListItem\",\"position\":1,\"name\":\"Kezd\u0151lap\",\"item\":\"https:\/\/v3.atv-parts.hu\/\"},{\"@type\":\"ListItem\",\"position\":2,\"name\":\"Bolt\",\"item\":\"https:\/\/v3.atv-parts.hu\/index.php\/bolt\/\"},{\"@type\":\"ListItem\",\"position\":3,\"name\":\"UFO TELESZK\u00d3POS BURKOLATOK HUSQVARNA TC \/ FC 125\/250\/300\/310\/350\/450 &#8217;15 -18, TE \/ TX \/ 125\/250\/300\/310, FE 250\/350\/450\/5018 COLOR6H 2020\"}]},{\"@type\":\"WebSite\",\"@id\":\"https:\/\/v3.atv-parts.hu\/#website\",\"url\":\"https:\/\/v3.atv-parts.hu\/\",\"name\":\"V3 ATV-PARTS.HU\",\"description\":\"\",\"publisher\":{\"@id\":\"https:\/\/v3.atv-parts.hu\/#organization\"},\"potentialAction\":[{\"@type\":\"SearchAction\",\"target\":{\"@type\":\"EntryPoint\",\"urlTemplate\":\"https:\/\/v3.atv-parts.hu\/?s={search_term_string}\"},\"query-input\":\"required name=search_term_string\"}],\"inLanguage\":\"hu\"},{\"@type\":\"Organization\",\"@id\":\"https:\/\/v3.atv-parts.hu\/#organization\",\"name\":\"V3 ATV-PARTS.HU\",\"url\":\"https:\/\/v3.atv-parts.hu\/\",\"logo\":{\"@type\":\"ImageObject\",\"inLanguage\":\"hu\",\"@id\":\"https:\/\/v3.atv-parts.hu\/#\/schema\/logo\/image\/\",\"url\":\"https:\/\/v3.atv-parts.hu\/wp-content\/uploads\/2021\/02\/cropped-cropped-atvlogo-1-1-1.png\",\"contentUrl\":\"https:\/\/v3.atv-parts.hu\/wp-content\/uploads\/2021\/02\/cropped-cropped-atvlogo-1-1-1.png\",\"width\":267,\"height\":160,\"caption\":\"V3 ATV-PARTS.HU\"},\"image\":{\"@id\":\"https:\/\/v3.atv-parts.hu\/#\/schema\/logo\/image\/\"},\"sameAs\":[\"https:\/\/www.facebook.com\/atvpartsHU\"]}]}<\/script>\n<meta property=\"product:price:amount\" content=\"9041.13\" \/>\n<meta property=\"product:price:currency\" content=\"HUF\" \/>\n<meta property=\"og:availability\" content=\"instock\" \/>\n<meta property=\"product:availability\" content=\"instock\" \/>\n<meta property=\"product:retailer_item_id\" content=\"HU03361040\" \/>\n<meta property=\"product:condition\" content=\"new\" \/>\n<!-- \/ Yoast SEO Premium plugin. -->","yoast_head_json":{"title":"UFO TELESZK\u00d3POS BURKOLATOK HUSQVARNA TC \/ FC 125\/250\/300\/310\/350\/450 '15 -18, TE \/ TX \/ 125\/250\/300\/310, FE 250\/350\/450\/5018 COLOR6H 2020 - V3 ATV-PARTS.HU","robots":{"index":"index","follow":"follow","max-snippet":"max-snippet:-1","max-image-preview":"max-image-preview:large","max-video-preview":"max-video-preview:-1"},"canonical":"https:\/\/v3.atv-parts.hu\/index.php\/termek\/ufo-teleszkopos-burkolatok-husqvarna-tc-fc-125-250-300-310-350-450-15-18-te-tx-125-250-300-310-fe-250-350-450-5018-color6h-2020\/","og_locale":"hu_HU","og_type":"article","og_title":"UFO TELESZK\u00d3POS BURKOLATOK HUSQVARNA TC \/ FC 125\/250\/300\/310\/350\/450 '15 -18, TE \/ TX \/ 125\/250\/300\/310, FE 250\/350\/450\/5018 COLOR6H 2020","og_description":"UFO TELESZK\u00d3POS BURKOLATOK HUSQVARNA TC \/ FC 125\/250\/300\/310\/350\/450 '15 -18, TE \/ TX \/ 125\/250\/300\/310, FE 250\/350\/450\/5018 COLOR6H 2020","og_url":"https:\/\/v3.atv-parts.hu\/index.php\/termek\/ufo-teleszkopos-burkolatok-husqvarna-tc-fc-125-250-300-310-350-450-15-18-te-tx-125-250-300-310-fe-250-350-450-5018-color6h-2020\/","og_site_name":"V3 ATV-PARTS.HU","article_publisher":"https:\/\/www.facebook.com\/atvpartsHU","article_modified_time":"2024-05-03T13:18:46+00:00","og_image":[{"width":1000,"height":1000,"url":"https:\/\/v3.atv-parts.hu\/wp-content\/uploads\/2024\/03\/ufo-oslony-teleskopow-husqvarna-tc-125-15-20-kol.jpg","type":"image\/jpeg"}],"twitter_card":"summary_large_image","twitter_misc":{"\u00c1r":"9041,13&nbsp;&#70;&#116; \u00c1F\u00c1-val","El\u00e9rhet\u0151s\u00e9g":"K\u00e9szleten"},"schema":{"@context":"https:\/\/schema.org","@graph":[{"@type":"WebPage","@id":"https:\/\/v3.atv-parts.hu\/index.php\/termek\/ufo-teleszkopos-burkolatok-husqvarna-tc-fc-125-250-300-310-350-450-15-18-te-tx-125-250-300-310-fe-250-350-450-5018-color6h-2020\/","url":"https:\/\/v3.atv-parts.hu\/index.php\/termek\/ufo-teleszkopos-burkolatok-husqvarna-tc-fc-125-250-300-310-350-450-15-18-te-tx-125-250-300-310-fe-250-350-450-5018-color6h-2020\/","name":"UFO TELESZK\u00d3POS BURKOLATOK HUSQVARNA TC \/ FC 125\/250\/300\/310\/350\/450 '15 -18, TE \/ TX \/ 125\/250\/300\/310, FE 250\/350\/450\/5018 COLOR6H 2020 - V3 ATV-PARTS.HU","isPartOf":{"@id":"https:\/\/v3.atv-parts.hu\/#website"},"primaryImageOfPage":{"@id":"https:\/\/v3.atv-parts.hu\/index.php\/termek\/ufo-teleszkopos-burkolatok-husqvarna-tc-fc-125-250-300-310-350-450-15-18-te-tx-125-250-300-310-fe-250-350-450-5018-color6h-2020\/#primaryimage"},"image":{"@id":"https:\/\/v3.atv-parts.hu\/index.php\/termek\/ufo-teleszkopos-burkolatok-husqvarna-tc-fc-125-250-300-310-350-450-15-18-te-tx-125-250-300-310-fe-250-350-450-5018-color6h-2020\/#primaryimage"},"thumbnailUrl":"https:\/\/v3.atv-parts.hu\/wp-content\/uploads\/2024\/03\/ufo-oslony-teleskopow-husqvarna-tc-125-15-20-kol.jpg","datePublished":"2024-03-27T06:52:03+00:00","dateModified":"2024-05-03T13:18:46+00:00","breadcrumb":{"@id":"https:\/\/v3.atv-parts.hu\/index.php\/termek\/ufo-teleszkopos-burkolatok-husqvarna-tc-fc-125-250-300-310-350-450-15-18-te-tx-125-250-300-310-fe-250-350-450-5018-color6h-2020\/#breadcrumb"},"inLanguage":"hu","potentialAction":[{"@type":"ReadAction","target":["https:\/\/v3.atv-parts.hu\/index.php\/termek\/ufo-teleszkopos-burkolatok-husqvarna-tc-fc-125-250-300-310-350-450-15-18-te-tx-125-250-300-310-fe-250-350-450-5018-color6h-2020\/"]}]},{"@type":"ImageObject","inLanguage":"hu","@id":"https:\/\/v3.atv-parts.hu\/index.php\/termek\/ufo-teleszkopos-burkolatok-husqvarna-tc-fc-125-250-300-310-350-450-15-18-te-tx-125-250-300-310-fe-250-350-450-5018-color6h-2020\/#primaryimage","url":"https:\/\/v3.atv-parts.hu\/wp-content\/uploads\/2024\/03\/ufo-oslony-teleskopow-husqvarna-tc-125-15-20-kol.jpg","contentUrl":"https:\/\/v3.atv-parts.hu\/wp-content\/uploads\/2024\/03\/ufo-oslony-teleskopow-husqvarna-tc-125-15-20-kol.jpg","width":1000,"height":1000},{"@type":"BreadcrumbList","@id":"https:\/\/v3.atv-parts.hu\/index.php\/termek\/ufo-teleszkopos-burkolatok-husqvarna-tc-fc-125-250-300-310-350-450-15-18-te-tx-125-250-300-310-fe-250-350-450-5018-color6h-2020\/#breadcrumb","itemListElement":[{"@type":"ListItem","position":1,"name":"Kezd\u0151lap","item":"https:\/\/v3.atv-parts.hu\/"},{"@type":"ListItem","position":2,"name":"Bolt","item":"https:\/\/v3.atv-parts.hu\/index.php\/bolt\/"},{"@type":"ListItem","position":3,"name":"UFO TELESZK\u00d3POS BURKOLATOK HUSQVARNA TC \/ FC 125\/250\/300\/310\/350\/450 &#8217;15 -18, TE \/ TX \/ 125\/250\/300\/310, FE 250\/350\/450\/5018 COLOR6H 2020"}]},{"@type":"WebSite","@id":"https:\/\/v3.atv-parts.hu\/#website","url":"https:\/\/v3.atv-parts.hu\/","name":"V3 ATV-PARTS.HU","description":"","publisher":{"@id":"https:\/\/v3.atv-parts.hu\/#organization"},"potentialAction":[{"@type":"SearchAction","target":{"@type":"EntryPoint","urlTemplate":"https:\/\/v3.atv-parts.hu\/?s={search_term_string}"},"query-input":"required name=search_term_string"}],"inLanguage":"hu"},{"@type":"Organization","@id":"https:\/\/v3.atv-parts.hu\/#organization","name":"V3 ATV-PARTS.HU","url":"https:\/\/v3.atv-parts.hu\/","logo":{"@type":"ImageObject","inLanguage":"hu","@id":"https:\/\/v3.atv-parts.hu\/#\/schema\/logo\/image\/","url":"https:\/\/v3.atv-parts.hu\/wp-content\/uploads\/2021\/02\/cropped-cropped-atvlogo-1-1-1.png","contentUrl":"https:\/\/v3.atv-parts.hu\/wp-content\/uploads\/2021\/02\/cropped-cropped-atvlogo-1-1-1.png","width":267,"height":160,"caption":"V3 ATV-PARTS.HU"},"image":{"@id":"https:\/\/v3.atv-parts.hu\/#\/schema\/logo\/image\/"},"sameAs":["https:\/\/www.facebook.com\/atvpartsHU"]}]},"product_price_amount":"9041.13","product_price_currency":"HUF","og_availability":"instock","product_availability":"instock","product_retailer_item_id":"HU03361040","product_condition":"new"},"_links":{"self":[{"href":"https:\/\/v3.atv-parts.hu\/index.php\/wp-json\/wp\/v2\/product\/42945","targetHints":{"allow":["GET"]}}],"collection":[{"href":"https:\/\/v3.atv-parts.hu\/index.php\/wp-json\/wp\/v2\/product"}],"about":[{"href":"https:\/\/v3.atv-parts.hu\/index.php\/wp-json\/wp\/v2\/types\/product"}],"replies":[{"embeddable":true,"href":"https:\/\/v3.atv-parts.hu\/index.php\/wp-json\/wp\/v2\/comments?post=42945"}],"wp:featuredmedia":[{"embeddable":true,"href":"https:\/\/v3.atv-parts.hu\/index.php\/wp-json\/wp\/v2\/media\/42946"}],"wp:attachment":[{"href":"https:\/\/v3.atv-parts.hu\/index.php\/wp-json\/wp\/v2\/media?parent=42945"}],"wp:term":[{"taxonomy":"product_cat","embeddable":true,"href":"https:\/\/v3.atv-parts.hu\/index.php\/wp-json\/wp\/v2\/product_cat?post=42945"},{"taxonomy":"product_tag","embeddable":true,"href":"https:\/\/v3.atv-parts.hu\/index.php\/wp-json\/wp\/v2\/product_tag?post=42945"}],"curies":[{"name":"wp","href":"https:\/\/api.w.org\/{rel}","templated":true}]}}