{"id":44563,"date":"2024-03-27T08:42:50","date_gmt":"2024-03-27T07:42:50","guid":{"rendered":"https:\/\/v3.atv-parts.hu\/index.php\/termek\/metzeler-gumi-180-55zr17-roadtec-01-e-73w-tl-m-c-hatso-dot-05-20-2019\/"},"modified":"2024-05-03T15:26:13","modified_gmt":"2024-05-03T13:26:13","slug":"metzeler-gumi-180-55zr17-roadtec-01-e-73w-tl-m-c-hatso-dot-05-20-2019","status":"publish","type":"product","link":"https:\/\/v3.atv-parts.hu\/index.php\/termek\/metzeler-gumi-180-55zr17-roadtec-01-e-73w-tl-m-c-hatso-dot-05-20-2019\/","title":{"rendered":"METZELER GUMI 180 \/ 55ZR17 ROADTEC 01 (E) (73W) TL M \/ C H\u00c1TS\u00d3 DOT 05-20 \/ 2019"},"content":{"rendered":"<p>METZELER GUMI 180 \/ 55ZR17 ROADTEC 01 (E) (73W) TL M \/ C H\u00c1TS\u00d3 DOT 05-20 \/ 2019<\/p>\n<p>EAN: 3562700\/19<\/p>\n<p>SKU: 3562700\/19<\/p>\n","protected":false},"excerpt":{"rendered":"<p>METZELER GUMI 180 \/ 55ZR17 ROADTEC 01 (E) (73W) TL M \/ C H\u00c1TS\u00d3 DOT 05-20 \/ 2019<\/p>\n","protected":false},"featured_media":44564,"comment_status":"closed","ping_status":"open","template":"","meta":{"_monsterinsights_skip_tracking":false,"_monsterinsights_sitenote_active":false,"_monsterinsights_sitenote_note":"","_monsterinsights_sitenote_category":0},"product_cat":[314,315],"product_tag":[312,311,490],"class_list":{"0":"post-44563","1":"product","2":"type-product","3":"status-publish","4":"has-post-thumbnail","6":"product_cat-gumiabroncsok","7":"product_cat-kozut-gumiabroncsok","8":"product_tag-atv-utv-gumik","9":"product_tag-gumik","10":"product_tag-r17","11":"pa_marka-metzeler","13":"first","14":"instock","15":"taxable","16":"shipping-taxable","17":"purchasable","18":"product-type-simple"},"yoast_head":"<!-- This site is optimized with the Yoast SEO Premium plugin v22.6 (Yoast SEO v22.6) - https:\/\/yoast.com\/wordpress\/plugins\/seo\/ -->\n<title>METZELER GUMI 180 \/ 55ZR17 ROADTEC 01 (E) (73W) TL M \/ C H\u00c1TS\u00d3 DOT 05-20 \/ 2019 - V3 ATV-PARTS.HU<\/title>\n<meta name=\"robots\" content=\"index, follow, max-snippet:-1, max-image-preview:large, max-video-preview:-1\" \/>\n<link rel=\"canonical\" href=\"https:\/\/v3.atv-parts.hu\/index.php\/termek\/metzeler-gumi-180-55zr17-roadtec-01-e-73w-tl-m-c-hatso-dot-05-20-2019\/\" \/>\n<meta property=\"og:locale\" content=\"hu_HU\" \/>\n<meta property=\"og:type\" content=\"article\" \/>\n<meta property=\"og:title\" content=\"METZELER GUMI 180 \/ 55ZR17 ROADTEC 01 (E) (73W) TL M \/ C H\u00c1TS\u00d3 DOT 05-20 \/ 2019\" \/>\n<meta property=\"og:description\" content=\"METZELER GUMI 180 \/ 55ZR17 ROADTEC 01 (E) (73W) TL M \/ C H\u00c1TS\u00d3 DOT 05-20 \/ 2019\" \/>\n<meta property=\"og:url\" content=\"https:\/\/v3.atv-parts.hu\/index.php\/termek\/metzeler-gumi-180-55zr17-roadtec-01-e-73w-tl-m-c-hatso-dot-05-20-2019\/\" \/>\n<meta property=\"og:site_name\" content=\"V3 ATV-PARTS.HU\" \/>\n<meta property=\"article:publisher\" content=\"https:\/\/www.facebook.com\/atvpartsHU\" \/>\n<meta property=\"article:modified_time\" content=\"2024-05-03T13:26:13+00:00\" \/>\n<meta property=\"og:image\" content=\"https:\/\/v3.atv-parts.hu\/wp-content\/uploads\/2024\/03\/metzeler-opona-180-55zr17-roadtec-01-e-73w-tl.jpg\" \/>\n\t<meta property=\"og:image:width\" content=\"275\" \/>\n\t<meta property=\"og:image:height\" content=\"289\" \/>\n\t<meta property=\"og:image:type\" content=\"image\/jpeg\" \/>\n<meta name=\"twitter:card\" content=\"summary_large_image\" \/>\n<meta name=\"twitter:label1\" content=\"\u00c1r\" \/>\n\t<meta name=\"twitter:data1\" content=\"42193,21&nbsp;&#70;&#116; \u00c1F\u00c1-val\" \/>\n\t<meta name=\"twitter:label2\" content=\"El\u00e9rhet\u0151s\u00e9g\" \/>\n\t<meta name=\"twitter:data2\" content=\"K\u00e9szleten\" \/>\n<script type=\"application\/ld+json\" class=\"yoast-schema-graph\">{\"@context\":\"https:\/\/schema.org\",\"@graph\":[{\"@type\":\"WebPage\",\"@id\":\"https:\/\/v3.atv-parts.hu\/index.php\/termek\/metzeler-gumi-180-55zr17-roadtec-01-e-73w-tl-m-c-hatso-dot-05-20-2019\/\",\"url\":\"https:\/\/v3.atv-parts.hu\/index.php\/termek\/metzeler-gumi-180-55zr17-roadtec-01-e-73w-tl-m-c-hatso-dot-05-20-2019\/\",\"name\":\"METZELER GUMI 180 \/ 55ZR17 ROADTEC 01 (E) (73W) TL M \/ C H\u00c1TS\u00d3 DOT 05-20 \/ 2019 - V3 ATV-PARTS.HU\",\"isPartOf\":{\"@id\":\"https:\/\/v3.atv-parts.hu\/#website\"},\"primaryImageOfPage\":{\"@id\":\"https:\/\/v3.atv-parts.hu\/index.php\/termek\/metzeler-gumi-180-55zr17-roadtec-01-e-73w-tl-m-c-hatso-dot-05-20-2019\/#primaryimage\"},\"image\":{\"@id\":\"https:\/\/v3.atv-parts.hu\/index.php\/termek\/metzeler-gumi-180-55zr17-roadtec-01-e-73w-tl-m-c-hatso-dot-05-20-2019\/#primaryimage\"},\"thumbnailUrl\":\"https:\/\/v3.atv-parts.hu\/wp-content\/uploads\/2024\/03\/metzeler-opona-180-55zr17-roadtec-01-e-73w-tl.jpg\",\"datePublished\":\"2024-03-27T07:42:50+00:00\",\"dateModified\":\"2024-05-03T13:26:13+00:00\",\"breadcrumb\":{\"@id\":\"https:\/\/v3.atv-parts.hu\/index.php\/termek\/metzeler-gumi-180-55zr17-roadtec-01-e-73w-tl-m-c-hatso-dot-05-20-2019\/#breadcrumb\"},\"inLanguage\":\"hu\",\"potentialAction\":[{\"@type\":\"ReadAction\",\"target\":[\"https:\/\/v3.atv-parts.hu\/index.php\/termek\/metzeler-gumi-180-55zr17-roadtec-01-e-73w-tl-m-c-hatso-dot-05-20-2019\/\"]}]},{\"@type\":\"ImageObject\",\"inLanguage\":\"hu\",\"@id\":\"https:\/\/v3.atv-parts.hu\/index.php\/termek\/metzeler-gumi-180-55zr17-roadtec-01-e-73w-tl-m-c-hatso-dot-05-20-2019\/#primaryimage\",\"url\":\"https:\/\/v3.atv-parts.hu\/wp-content\/uploads\/2024\/03\/metzeler-opona-180-55zr17-roadtec-01-e-73w-tl.jpg\",\"contentUrl\":\"https:\/\/v3.atv-parts.hu\/wp-content\/uploads\/2024\/03\/metzeler-opona-180-55zr17-roadtec-01-e-73w-tl.jpg\",\"width\":275,\"height\":289},{\"@type\":\"BreadcrumbList\",\"@id\":\"https:\/\/v3.atv-parts.hu\/index.php\/termek\/metzeler-gumi-180-55zr17-roadtec-01-e-73w-tl-m-c-hatso-dot-05-20-2019\/#breadcrumb\",\"itemListElement\":[{\"@type\":\"ListItem\",\"position\":1,\"name\":\"Kezd\u0151lap\",\"item\":\"https:\/\/v3.atv-parts.hu\/\"},{\"@type\":\"ListItem\",\"position\":2,\"name\":\"Bolt\",\"item\":\"https:\/\/v3.atv-parts.hu\/index.php\/bolt\/\"},{\"@type\":\"ListItem\",\"position\":3,\"name\":\"METZELER GUMI 180 \/ 55ZR17 ROADTEC 01 (E) (73W) TL M \/ C H\u00c1TS\u00d3 DOT 05-20 \/ 2019\"}]},{\"@type\":\"WebSite\",\"@id\":\"https:\/\/v3.atv-parts.hu\/#website\",\"url\":\"https:\/\/v3.atv-parts.hu\/\",\"name\":\"V3 ATV-PARTS.HU\",\"description\":\"\",\"publisher\":{\"@id\":\"https:\/\/v3.atv-parts.hu\/#organization\"},\"potentialAction\":[{\"@type\":\"SearchAction\",\"target\":{\"@type\":\"EntryPoint\",\"urlTemplate\":\"https:\/\/v3.atv-parts.hu\/?s={search_term_string}\"},\"query-input\":\"required name=search_term_string\"}],\"inLanguage\":\"hu\"},{\"@type\":\"Organization\",\"@id\":\"https:\/\/v3.atv-parts.hu\/#organization\",\"name\":\"V3 ATV-PARTS.HU\",\"url\":\"https:\/\/v3.atv-parts.hu\/\",\"logo\":{\"@type\":\"ImageObject\",\"inLanguage\":\"hu\",\"@id\":\"https:\/\/v3.atv-parts.hu\/#\/schema\/logo\/image\/\",\"url\":\"https:\/\/v3.atv-parts.hu\/wp-content\/uploads\/2021\/02\/cropped-cropped-atvlogo-1-1-1.png\",\"contentUrl\":\"https:\/\/v3.atv-parts.hu\/wp-content\/uploads\/2021\/02\/cropped-cropped-atvlogo-1-1-1.png\",\"width\":267,\"height\":160,\"caption\":\"V3 ATV-PARTS.HU\"},\"image\":{\"@id\":\"https:\/\/v3.atv-parts.hu\/#\/schema\/logo\/image\/\"},\"sameAs\":[\"https:\/\/www.facebook.com\/atvpartsHU\"]}]}<\/script>\n<meta property=\"product:price:amount\" content=\"42193.21\" \/>\n<meta property=\"product:price:currency\" content=\"HUF\" \/>\n<meta property=\"og:availability\" content=\"instock\" \/>\n<meta property=\"product:availability\" content=\"instock\" \/>\n<meta property=\"product:retailer_item_id\" content=\"3562700\/19\" \/>\n<meta property=\"product:condition\" content=\"new\" \/>\n<!-- \/ Yoast SEO Premium plugin. -->","yoast_head_json":{"title":"METZELER GUMI 180 \/ 55ZR17 ROADTEC 01 (E) (73W) TL M \/ C H\u00c1TS\u00d3 DOT 05-20 \/ 2019 - V3 ATV-PARTS.HU","robots":{"index":"index","follow":"follow","max-snippet":"max-snippet:-1","max-image-preview":"max-image-preview:large","max-video-preview":"max-video-preview:-1"},"canonical":"https:\/\/v3.atv-parts.hu\/index.php\/termek\/metzeler-gumi-180-55zr17-roadtec-01-e-73w-tl-m-c-hatso-dot-05-20-2019\/","og_locale":"hu_HU","og_type":"article","og_title":"METZELER GUMI 180 \/ 55ZR17 ROADTEC 01 (E) (73W) TL M \/ C H\u00c1TS\u00d3 DOT 05-20 \/ 2019","og_description":"METZELER GUMI 180 \/ 55ZR17 ROADTEC 01 (E) (73W) TL M \/ C H\u00c1TS\u00d3 DOT 05-20 \/ 2019","og_url":"https:\/\/v3.atv-parts.hu\/index.php\/termek\/metzeler-gumi-180-55zr17-roadtec-01-e-73w-tl-m-c-hatso-dot-05-20-2019\/","og_site_name":"V3 ATV-PARTS.HU","article_publisher":"https:\/\/www.facebook.com\/atvpartsHU","article_modified_time":"2024-05-03T13:26:13+00:00","og_image":[{"width":275,"height":289,"url":"https:\/\/v3.atv-parts.hu\/wp-content\/uploads\/2024\/03\/metzeler-opona-180-55zr17-roadtec-01-e-73w-tl.jpg","type":"image\/jpeg"}],"twitter_card":"summary_large_image","twitter_misc":{"\u00c1r":"42193,21&nbsp;&#70;&#116; \u00c1F\u00c1-val","El\u00e9rhet\u0151s\u00e9g":"K\u00e9szleten"},"schema":{"@context":"https:\/\/schema.org","@graph":[{"@type":"WebPage","@id":"https:\/\/v3.atv-parts.hu\/index.php\/termek\/metzeler-gumi-180-55zr17-roadtec-01-e-73w-tl-m-c-hatso-dot-05-20-2019\/","url":"https:\/\/v3.atv-parts.hu\/index.php\/termek\/metzeler-gumi-180-55zr17-roadtec-01-e-73w-tl-m-c-hatso-dot-05-20-2019\/","name":"METZELER GUMI 180 \/ 55ZR17 ROADTEC 01 (E) (73W) TL M \/ C H\u00c1TS\u00d3 DOT 05-20 \/ 2019 - V3 ATV-PARTS.HU","isPartOf":{"@id":"https:\/\/v3.atv-parts.hu\/#website"},"primaryImageOfPage":{"@id":"https:\/\/v3.atv-parts.hu\/index.php\/termek\/metzeler-gumi-180-55zr17-roadtec-01-e-73w-tl-m-c-hatso-dot-05-20-2019\/#primaryimage"},"image":{"@id":"https:\/\/v3.atv-parts.hu\/index.php\/termek\/metzeler-gumi-180-55zr17-roadtec-01-e-73w-tl-m-c-hatso-dot-05-20-2019\/#primaryimage"},"thumbnailUrl":"https:\/\/v3.atv-parts.hu\/wp-content\/uploads\/2024\/03\/metzeler-opona-180-55zr17-roadtec-01-e-73w-tl.jpg","datePublished":"2024-03-27T07:42:50+00:00","dateModified":"2024-05-03T13:26:13+00:00","breadcrumb":{"@id":"https:\/\/v3.atv-parts.hu\/index.php\/termek\/metzeler-gumi-180-55zr17-roadtec-01-e-73w-tl-m-c-hatso-dot-05-20-2019\/#breadcrumb"},"inLanguage":"hu","potentialAction":[{"@type":"ReadAction","target":["https:\/\/v3.atv-parts.hu\/index.php\/termek\/metzeler-gumi-180-55zr17-roadtec-01-e-73w-tl-m-c-hatso-dot-05-20-2019\/"]}]},{"@type":"ImageObject","inLanguage":"hu","@id":"https:\/\/v3.atv-parts.hu\/index.php\/termek\/metzeler-gumi-180-55zr17-roadtec-01-e-73w-tl-m-c-hatso-dot-05-20-2019\/#primaryimage","url":"https:\/\/v3.atv-parts.hu\/wp-content\/uploads\/2024\/03\/metzeler-opona-180-55zr17-roadtec-01-e-73w-tl.jpg","contentUrl":"https:\/\/v3.atv-parts.hu\/wp-content\/uploads\/2024\/03\/metzeler-opona-180-55zr17-roadtec-01-e-73w-tl.jpg","width":275,"height":289},{"@type":"BreadcrumbList","@id":"https:\/\/v3.atv-parts.hu\/index.php\/termek\/metzeler-gumi-180-55zr17-roadtec-01-e-73w-tl-m-c-hatso-dot-05-20-2019\/#breadcrumb","itemListElement":[{"@type":"ListItem","position":1,"name":"Kezd\u0151lap","item":"https:\/\/v3.atv-parts.hu\/"},{"@type":"ListItem","position":2,"name":"Bolt","item":"https:\/\/v3.atv-parts.hu\/index.php\/bolt\/"},{"@type":"ListItem","position":3,"name":"METZELER GUMI 180 \/ 55ZR17 ROADTEC 01 (E) (73W) TL M \/ C H\u00c1TS\u00d3 DOT 05-20 \/ 2019"}]},{"@type":"WebSite","@id":"https:\/\/v3.atv-parts.hu\/#website","url":"https:\/\/v3.atv-parts.hu\/","name":"V3 ATV-PARTS.HU","description":"","publisher":{"@id":"https:\/\/v3.atv-parts.hu\/#organization"},"potentialAction":[{"@type":"SearchAction","target":{"@type":"EntryPoint","urlTemplate":"https:\/\/v3.atv-parts.hu\/?s={search_term_string}"},"query-input":"required name=search_term_string"}],"inLanguage":"hu"},{"@type":"Organization","@id":"https:\/\/v3.atv-parts.hu\/#organization","name":"V3 ATV-PARTS.HU","url":"https:\/\/v3.atv-parts.hu\/","logo":{"@type":"ImageObject","inLanguage":"hu","@id":"https:\/\/v3.atv-parts.hu\/#\/schema\/logo\/image\/","url":"https:\/\/v3.atv-parts.hu\/wp-content\/uploads\/2021\/02\/cropped-cropped-atvlogo-1-1-1.png","contentUrl":"https:\/\/v3.atv-parts.hu\/wp-content\/uploads\/2021\/02\/cropped-cropped-atvlogo-1-1-1.png","width":267,"height":160,"caption":"V3 ATV-PARTS.HU"},"image":{"@id":"https:\/\/v3.atv-parts.hu\/#\/schema\/logo\/image\/"},"sameAs":["https:\/\/www.facebook.com\/atvpartsHU"]}]},"product_price_amount":"42193.21","product_price_currency":"HUF","og_availability":"instock","product_availability":"instock","product_retailer_item_id":"3562700\/19","product_condition":"new"},"_links":{"self":[{"href":"https:\/\/v3.atv-parts.hu\/index.php\/wp-json\/wp\/v2\/product\/44563","targetHints":{"allow":["GET"]}}],"collection":[{"href":"https:\/\/v3.atv-parts.hu\/index.php\/wp-json\/wp\/v2\/product"}],"about":[{"href":"https:\/\/v3.atv-parts.hu\/index.php\/wp-json\/wp\/v2\/types\/product"}],"replies":[{"embeddable":true,"href":"https:\/\/v3.atv-parts.hu\/index.php\/wp-json\/wp\/v2\/comments?post=44563"}],"wp:featuredmedia":[{"embeddable":true,"href":"https:\/\/v3.atv-parts.hu\/index.php\/wp-json\/wp\/v2\/media\/44564"}],"wp:attachment":[{"href":"https:\/\/v3.atv-parts.hu\/index.php\/wp-json\/wp\/v2\/media?parent=44563"}],"wp:term":[{"taxonomy":"product_cat","embeddable":true,"href":"https:\/\/v3.atv-parts.hu\/index.php\/wp-json\/wp\/v2\/product_cat?post=44563"},{"taxonomy":"product_tag","embeddable":true,"href":"https:\/\/v3.atv-parts.hu\/index.php\/wp-json\/wp\/v2\/product_tag?post=44563"}],"curies":[{"name":"wp","href":"https:\/\/api.w.org\/{rel}","templated":true}]}}