{"id":45073,"date":"2024-04-02T17:58:44","date_gmt":"2024-04-02T15:58:44","guid":{"rendered":"https:\/\/v3.atv-parts.hu\/index.php\/termek\/prox-javito-keszlet-hatso-legges-felszereles-csapagy-also-gaz-gaz-ec125-01-10-ec250-96-10-ec450-03-09-mc125-01-09-mc250-99-25-03-09-sm250-03-05-29-5046\/"},"modified":"2024-05-03T15:28:17","modified_gmt":"2024-05-03T13:28:17","slug":"prox-javito-keszlet-hatso-lengescsillato-also-gaz-gaz-ec125-01-10ec250-96-10ec450-03-09mc125-01-09mc250-99-09sm0125-09-sm250-03-05-29-5046","status":"publish","type":"product","link":"https:\/\/v3.atv-parts.hu\/index.php\/termek\/prox-javito-keszlet-hatso-lengescsillato-also-gaz-gaz-ec125-01-10ec250-96-10ec450-03-09mc125-01-09mc250-99-09sm0125-09-sm250-03-05-29-5046\/","title":{"rendered":"PROX JAV\u00cdT\u00d3 K\u00c9SZLET H\u00c1TS\u00d3 LENG\u00c9SCSILL\u00c1T\u00d3 ALS\u00d3 G\u00c1Z-G\u00c1Z EC125 &#8217;01-&#8217;10,EC250 &#8217;96-&#8217;10,EC450 &#8217;03-&#8217;09,MC125 &#8217;01-&#8217;09,MC250 &#8217;99-&#8217;09,SM0125-&#8216; &#8216; 09, SM250 &#8217;03-&#8217;05 (29-5046)"},"content":{"rendered":"<p>PROX JAV\u00cdT\u00d3 K\u00c9SZLET H\u00c1TS\u00d3 LENG\u00c9SCSILL\u00c1T\u00d3 ALS\u00d3 G\u00c1Z-G\u00c1Z EC125 &#8217;01-&#8217;10,EC250 &#8217;96-&#8217;10,EC450 &#8217;03-&#8217;09,MC125 &#8217;01-&#8217;09,MC250 &#8217;99-&#8217;09,SM0125-&#8216; &#8216; 09, SM250 &#8217;03-&#8217;05 (29-5046)<\/p>\n<p>SKU: 26.450046<\/p>\n","protected":false},"excerpt":{"rendered":"<p>PROX JAV\u00cdT\u00d3 K\u00c9SZLET H\u00c1TS\u00d3 LENG\u00c9SCSILL\u00c1T\u00d3 ALS\u00d3 G\u00c1Z-G\u00c1Z EC125 &#8217;01-&#8217;10,EC250 &#8217;96-&#8217;10,EC450 &#8217;03-&#8217;09,MC125 &#8217;01-&#8217;09,MC250 &#8217;99-&#8217;09,SM0125-&#8216; &#8216; 09, SM250 &#8217;03-&#8217;05 (29-5046)<\/p>\n","protected":false},"featured_media":45074,"comment_status":"closed","ping_status":"open","template":"","meta":{"_monsterinsights_skip_tracking":false,"_monsterinsights_sitenote_active":false,"_monsterinsights_sitenote_note":"","_monsterinsights_sitenote_category":0},"product_cat":[267,408,449],"product_tag":[],"class_list":{"0":"post-45073","1":"product","2":"type-product","3":"status-publish","4":"has-post-thumbnail","6":"product_cat-felfuggesztes-es-kormanymu","7":"product_cat-hatso-felfuggesztes-es-kormanymu","8":"product_cat-kozponti-lengescsillapito-csapagyak","9":"pa_marka-prox","11":"first","12":"instock","13":"taxable","14":"shipping-taxable","15":"purchasable","16":"product-type-simple"},"yoast_head":"<!-- This site is optimized with the Yoast SEO Premium plugin v22.6 (Yoast SEO v22.6) - https:\/\/yoast.com\/wordpress\/plugins\/seo\/ -->\n<title>PROX JAV\u00cdT\u00d3 K\u00c9SZLET H\u00c1TS\u00d3 LENG\u00c9SCSILL\u00c1T\u00d3 ALS\u00d3 G\u00c1Z-G\u00c1Z EC125 &#039;01-&#039;10,EC250 &#039;96-&#039;10,EC450 &#039;03-&#039;09,MC125 &#039;01-&#039;09,MC250 &#039;99-&#039;09,SM0125-&#039; &#039; 09, SM250 &#039;03-&#039;05 (29-5046) - V3 ATV-PARTS.HU<\/title>\n<meta name=\"robots\" content=\"index, follow, max-snippet:-1, max-image-preview:large, max-video-preview:-1\" \/>\n<link rel=\"canonical\" href=\"https:\/\/v3.atv-parts.hu\/index.php\/termek\/prox-javito-keszlet-hatso-lengescsillato-also-gaz-gaz-ec125-01-10ec250-96-10ec450-03-09mc125-01-09mc250-99-09sm0125-09-sm250-03-05-29-5046\/\" \/>\n<meta property=\"og:locale\" content=\"hu_HU\" \/>\n<meta property=\"og:type\" content=\"article\" \/>\n<meta property=\"og:title\" content=\"PROX JAV\u00cdT\u00d3 K\u00c9SZLET H\u00c1TS\u00d3 LENG\u00c9SCSILL\u00c1T\u00d3 ALS\u00d3 G\u00c1Z-G\u00c1Z EC125 &#039;01-&#039;10,EC250 &#039;96-&#039;10,EC450 &#039;03-&#039;09,MC125 &#039;01-&#039;09,MC250 &#039;99-&#039;09,SM0125-&#039; &#039; 09, SM250 &#039;03-&#039;05 (29-5046)\" \/>\n<meta property=\"og:description\" content=\"PROX JAV\u00cdT\u00d3 K\u00c9SZLET H\u00c1TS\u00d3 LENG\u00c9SCSILL\u00c1T\u00d3 ALS\u00d3 G\u00c1Z-G\u00c1Z EC125 &#039;01-&#039;10,EC250 &#039;96-&#039;10,EC450 &#039;03-&#039;09,MC125 &#039;01-&#039;09,MC250 &#039;99-&#039;09,SM0125-&#039; &#039; 09, SM250 &#039;03-&#039;05 (29-5046)\" \/>\n<meta property=\"og:url\" content=\"https:\/\/v3.atv-parts.hu\/index.php\/termek\/prox-javito-keszlet-hatso-lengescsillato-also-gaz-gaz-ec125-01-10ec250-96-10ec450-03-09mc125-01-09mc250-99-09sm0125-09-sm250-03-05-29-5046\/\" \/>\n<meta property=\"og:site_name\" content=\"V3 ATV-PARTS.HU\" \/>\n<meta property=\"article:publisher\" content=\"https:\/\/www.facebook.com\/atvpartsHU\" \/>\n<meta property=\"article:modified_time\" content=\"2024-05-03T13:28:17+00:00\" \/>\n<meta property=\"og:image\" content=\"https:\/\/v3.atv-parts.hu\/wp-content\/uploads\/2024\/03\/prox-nowy-towar-7-lozysko-amortyzatora-tylnego-dol.jpg\" \/>\n\t<meta property=\"og:image:width\" content=\"400\" \/>\n\t<meta property=\"og:image:height\" content=\"400\" \/>\n\t<meta property=\"og:image:type\" content=\"image\/jpeg\" \/>\n<meta name=\"twitter:card\" content=\"summary_large_image\" \/>\n<meta name=\"twitter:label1\" content=\"\u00c1r\" \/>\n\t<meta name=\"twitter:data1\" content=\"10542,27&nbsp;&#70;&#116; \u00c1F\u00c1-val\" \/>\n\t<meta name=\"twitter:label2\" content=\"El\u00e9rhet\u0151s\u00e9g\" \/>\n\t<meta name=\"twitter:data2\" content=\"K\u00e9szleten\" \/>\n<script type=\"application\/ld+json\" class=\"yoast-schema-graph\">{\"@context\":\"https:\/\/schema.org\",\"@graph\":[{\"@type\":\"WebPage\",\"@id\":\"https:\/\/v3.atv-parts.hu\/index.php\/termek\/prox-javito-keszlet-hatso-lengescsillato-also-gaz-gaz-ec125-01-10ec250-96-10ec450-03-09mc125-01-09mc250-99-09sm0125-09-sm250-03-05-29-5046\/\",\"url\":\"https:\/\/v3.atv-parts.hu\/index.php\/termek\/prox-javito-keszlet-hatso-lengescsillato-also-gaz-gaz-ec125-01-10ec250-96-10ec450-03-09mc125-01-09mc250-99-09sm0125-09-sm250-03-05-29-5046\/\",\"name\":\"PROX JAV\u00cdT\u00d3 K\u00c9SZLET H\u00c1TS\u00d3 LENG\u00c9SCSILL\u00c1T\u00d3 ALS\u00d3 G\u00c1Z-G\u00c1Z EC125 '01-'10,EC250 '96-'10,EC450 '03-'09,MC125 '01-'09,MC250 '99-'09,SM0125-' ' 09, SM250 '03-'05 (29-5046) - V3 ATV-PARTS.HU\",\"isPartOf\":{\"@id\":\"https:\/\/v3.atv-parts.hu\/#website\"},\"primaryImageOfPage\":{\"@id\":\"https:\/\/v3.atv-parts.hu\/index.php\/termek\/prox-javito-keszlet-hatso-lengescsillato-also-gaz-gaz-ec125-01-10ec250-96-10ec450-03-09mc125-01-09mc250-99-09sm0125-09-sm250-03-05-29-5046\/#primaryimage\"},\"image\":{\"@id\":\"https:\/\/v3.atv-parts.hu\/index.php\/termek\/prox-javito-keszlet-hatso-lengescsillato-also-gaz-gaz-ec125-01-10ec250-96-10ec450-03-09mc125-01-09mc250-99-09sm0125-09-sm250-03-05-29-5046\/#primaryimage\"},\"thumbnailUrl\":\"https:\/\/v3.atv-parts.hu\/wp-content\/uploads\/2024\/03\/prox-nowy-towar-7-lozysko-amortyzatora-tylnego-dol.jpg\",\"datePublished\":\"2024-04-02T15:58:44+00:00\",\"dateModified\":\"2024-05-03T13:28:17+00:00\",\"breadcrumb\":{\"@id\":\"https:\/\/v3.atv-parts.hu\/index.php\/termek\/prox-javito-keszlet-hatso-lengescsillato-also-gaz-gaz-ec125-01-10ec250-96-10ec450-03-09mc125-01-09mc250-99-09sm0125-09-sm250-03-05-29-5046\/#breadcrumb\"},\"inLanguage\":\"hu\",\"potentialAction\":[{\"@type\":\"ReadAction\",\"target\":[\"https:\/\/v3.atv-parts.hu\/index.php\/termek\/prox-javito-keszlet-hatso-lengescsillato-also-gaz-gaz-ec125-01-10ec250-96-10ec450-03-09mc125-01-09mc250-99-09sm0125-09-sm250-03-05-29-5046\/\"]}]},{\"@type\":\"ImageObject\",\"inLanguage\":\"hu\",\"@id\":\"https:\/\/v3.atv-parts.hu\/index.php\/termek\/prox-javito-keszlet-hatso-lengescsillato-also-gaz-gaz-ec125-01-10ec250-96-10ec450-03-09mc125-01-09mc250-99-09sm0125-09-sm250-03-05-29-5046\/#primaryimage\",\"url\":\"https:\/\/v3.atv-parts.hu\/wp-content\/uploads\/2024\/03\/prox-nowy-towar-7-lozysko-amortyzatora-tylnego-dol.jpg\",\"contentUrl\":\"https:\/\/v3.atv-parts.hu\/wp-content\/uploads\/2024\/03\/prox-nowy-towar-7-lozysko-amortyzatora-tylnego-dol.jpg\",\"width\":400,\"height\":400},{\"@type\":\"BreadcrumbList\",\"@id\":\"https:\/\/v3.atv-parts.hu\/index.php\/termek\/prox-javito-keszlet-hatso-lengescsillato-also-gaz-gaz-ec125-01-10ec250-96-10ec450-03-09mc125-01-09mc250-99-09sm0125-09-sm250-03-05-29-5046\/#breadcrumb\",\"itemListElement\":[{\"@type\":\"ListItem\",\"position\":1,\"name\":\"Kezd\u0151lap\",\"item\":\"https:\/\/v3.atv-parts.hu\/\"},{\"@type\":\"ListItem\",\"position\":2,\"name\":\"Bolt\",\"item\":\"https:\/\/v3.atv-parts.hu\/index.php\/bolt\/\"},{\"@type\":\"ListItem\",\"position\":3,\"name\":\"PROX JAV\u00cdT\u00d3 K\u00c9SZLET H\u00c1TS\u00d3 LENG\u00c9SCSILL\u00c1T\u00d3 ALS\u00d3 G\u00c1Z-G\u00c1Z EC125 &#8217;01-&#8217;10,EC250 &#8217;96-&#8217;10,EC450 &#8217;03-&#8217;09,MC125 &#8217;01-&#8217;09,MC250 &#8217;99-&#8217;09,SM0125-&#8216; &#8216; 09, SM250 &#8217;03-&#8217;05 (29-5046)\"}]},{\"@type\":\"WebSite\",\"@id\":\"https:\/\/v3.atv-parts.hu\/#website\",\"url\":\"https:\/\/v3.atv-parts.hu\/\",\"name\":\"V3 ATV-PARTS.HU\",\"description\":\"\",\"publisher\":{\"@id\":\"https:\/\/v3.atv-parts.hu\/#organization\"},\"potentialAction\":[{\"@type\":\"SearchAction\",\"target\":{\"@type\":\"EntryPoint\",\"urlTemplate\":\"https:\/\/v3.atv-parts.hu\/?s={search_term_string}\"},\"query-input\":\"required name=search_term_string\"}],\"inLanguage\":\"hu\"},{\"@type\":\"Organization\",\"@id\":\"https:\/\/v3.atv-parts.hu\/#organization\",\"name\":\"V3 ATV-PARTS.HU\",\"url\":\"https:\/\/v3.atv-parts.hu\/\",\"logo\":{\"@type\":\"ImageObject\",\"inLanguage\":\"hu\",\"@id\":\"https:\/\/v3.atv-parts.hu\/#\/schema\/logo\/image\/\",\"url\":\"https:\/\/v3.atv-parts.hu\/wp-content\/uploads\/2021\/02\/cropped-cropped-atvlogo-1-1-1.png\",\"contentUrl\":\"https:\/\/v3.atv-parts.hu\/wp-content\/uploads\/2021\/02\/cropped-cropped-atvlogo-1-1-1.png\",\"width\":267,\"height\":160,\"caption\":\"V3 ATV-PARTS.HU\"},\"image\":{\"@id\":\"https:\/\/v3.atv-parts.hu\/#\/schema\/logo\/image\/\"},\"sameAs\":[\"https:\/\/www.facebook.com\/atvpartsHU\"]}]}<\/script>\n<meta property=\"product:price:amount\" content=\"10542.27\" \/>\n<meta property=\"product:price:currency\" content=\"HUF\" \/>\n<meta property=\"og:availability\" content=\"instock\" \/>\n<meta property=\"product:availability\" content=\"instock\" \/>\n<meta property=\"product:retailer_item_id\" content=\"26.450046\" \/>\n<meta property=\"product:condition\" content=\"new\" \/>\n<!-- \/ Yoast SEO Premium plugin. -->","yoast_head_json":{"title":"PROX JAV\u00cdT\u00d3 K\u00c9SZLET H\u00c1TS\u00d3 LENG\u00c9SCSILL\u00c1T\u00d3 ALS\u00d3 G\u00c1Z-G\u00c1Z EC125 '01-'10,EC250 '96-'10,EC450 '03-'09,MC125 '01-'09,MC250 '99-'09,SM0125-' ' 09, SM250 '03-'05 (29-5046) - V3 ATV-PARTS.HU","robots":{"index":"index","follow":"follow","max-snippet":"max-snippet:-1","max-image-preview":"max-image-preview:large","max-video-preview":"max-video-preview:-1"},"canonical":"https:\/\/v3.atv-parts.hu\/index.php\/termek\/prox-javito-keszlet-hatso-lengescsillato-also-gaz-gaz-ec125-01-10ec250-96-10ec450-03-09mc125-01-09mc250-99-09sm0125-09-sm250-03-05-29-5046\/","og_locale":"hu_HU","og_type":"article","og_title":"PROX JAV\u00cdT\u00d3 K\u00c9SZLET H\u00c1TS\u00d3 LENG\u00c9SCSILL\u00c1T\u00d3 ALS\u00d3 G\u00c1Z-G\u00c1Z EC125 '01-'10,EC250 '96-'10,EC450 '03-'09,MC125 '01-'09,MC250 '99-'09,SM0125-' ' 09, SM250 '03-'05 (29-5046)","og_description":"PROX JAV\u00cdT\u00d3 K\u00c9SZLET H\u00c1TS\u00d3 LENG\u00c9SCSILL\u00c1T\u00d3 ALS\u00d3 G\u00c1Z-G\u00c1Z EC125 '01-'10,EC250 '96-'10,EC450 '03-'09,MC125 '01-'09,MC250 '99-'09,SM0125-' ' 09, SM250 '03-'05 (29-5046)","og_url":"https:\/\/v3.atv-parts.hu\/index.php\/termek\/prox-javito-keszlet-hatso-lengescsillato-also-gaz-gaz-ec125-01-10ec250-96-10ec450-03-09mc125-01-09mc250-99-09sm0125-09-sm250-03-05-29-5046\/","og_site_name":"V3 ATV-PARTS.HU","article_publisher":"https:\/\/www.facebook.com\/atvpartsHU","article_modified_time":"2024-05-03T13:28:17+00:00","og_image":[{"width":400,"height":400,"url":"https:\/\/v3.atv-parts.hu\/wp-content\/uploads\/2024\/03\/prox-nowy-towar-7-lozysko-amortyzatora-tylnego-dol.jpg","type":"image\/jpeg"}],"twitter_card":"summary_large_image","twitter_misc":{"\u00c1r":"10542,27&nbsp;&#70;&#116; \u00c1F\u00c1-val","El\u00e9rhet\u0151s\u00e9g":"K\u00e9szleten"},"schema":{"@context":"https:\/\/schema.org","@graph":[{"@type":"WebPage","@id":"https:\/\/v3.atv-parts.hu\/index.php\/termek\/prox-javito-keszlet-hatso-lengescsillato-also-gaz-gaz-ec125-01-10ec250-96-10ec450-03-09mc125-01-09mc250-99-09sm0125-09-sm250-03-05-29-5046\/","url":"https:\/\/v3.atv-parts.hu\/index.php\/termek\/prox-javito-keszlet-hatso-lengescsillato-also-gaz-gaz-ec125-01-10ec250-96-10ec450-03-09mc125-01-09mc250-99-09sm0125-09-sm250-03-05-29-5046\/","name":"PROX JAV\u00cdT\u00d3 K\u00c9SZLET H\u00c1TS\u00d3 LENG\u00c9SCSILL\u00c1T\u00d3 ALS\u00d3 G\u00c1Z-G\u00c1Z EC125 '01-'10,EC250 '96-'10,EC450 '03-'09,MC125 '01-'09,MC250 '99-'09,SM0125-' ' 09, SM250 '03-'05 (29-5046) - V3 ATV-PARTS.HU","isPartOf":{"@id":"https:\/\/v3.atv-parts.hu\/#website"},"primaryImageOfPage":{"@id":"https:\/\/v3.atv-parts.hu\/index.php\/termek\/prox-javito-keszlet-hatso-lengescsillato-also-gaz-gaz-ec125-01-10ec250-96-10ec450-03-09mc125-01-09mc250-99-09sm0125-09-sm250-03-05-29-5046\/#primaryimage"},"image":{"@id":"https:\/\/v3.atv-parts.hu\/index.php\/termek\/prox-javito-keszlet-hatso-lengescsillato-also-gaz-gaz-ec125-01-10ec250-96-10ec450-03-09mc125-01-09mc250-99-09sm0125-09-sm250-03-05-29-5046\/#primaryimage"},"thumbnailUrl":"https:\/\/v3.atv-parts.hu\/wp-content\/uploads\/2024\/03\/prox-nowy-towar-7-lozysko-amortyzatora-tylnego-dol.jpg","datePublished":"2024-04-02T15:58:44+00:00","dateModified":"2024-05-03T13:28:17+00:00","breadcrumb":{"@id":"https:\/\/v3.atv-parts.hu\/index.php\/termek\/prox-javito-keszlet-hatso-lengescsillato-also-gaz-gaz-ec125-01-10ec250-96-10ec450-03-09mc125-01-09mc250-99-09sm0125-09-sm250-03-05-29-5046\/#breadcrumb"},"inLanguage":"hu","potentialAction":[{"@type":"ReadAction","target":["https:\/\/v3.atv-parts.hu\/index.php\/termek\/prox-javito-keszlet-hatso-lengescsillato-also-gaz-gaz-ec125-01-10ec250-96-10ec450-03-09mc125-01-09mc250-99-09sm0125-09-sm250-03-05-29-5046\/"]}]},{"@type":"ImageObject","inLanguage":"hu","@id":"https:\/\/v3.atv-parts.hu\/index.php\/termek\/prox-javito-keszlet-hatso-lengescsillato-also-gaz-gaz-ec125-01-10ec250-96-10ec450-03-09mc125-01-09mc250-99-09sm0125-09-sm250-03-05-29-5046\/#primaryimage","url":"https:\/\/v3.atv-parts.hu\/wp-content\/uploads\/2024\/03\/prox-nowy-towar-7-lozysko-amortyzatora-tylnego-dol.jpg","contentUrl":"https:\/\/v3.atv-parts.hu\/wp-content\/uploads\/2024\/03\/prox-nowy-towar-7-lozysko-amortyzatora-tylnego-dol.jpg","width":400,"height":400},{"@type":"BreadcrumbList","@id":"https:\/\/v3.atv-parts.hu\/index.php\/termek\/prox-javito-keszlet-hatso-lengescsillato-also-gaz-gaz-ec125-01-10ec250-96-10ec450-03-09mc125-01-09mc250-99-09sm0125-09-sm250-03-05-29-5046\/#breadcrumb","itemListElement":[{"@type":"ListItem","position":1,"name":"Kezd\u0151lap","item":"https:\/\/v3.atv-parts.hu\/"},{"@type":"ListItem","position":2,"name":"Bolt","item":"https:\/\/v3.atv-parts.hu\/index.php\/bolt\/"},{"@type":"ListItem","position":3,"name":"PROX JAV\u00cdT\u00d3 K\u00c9SZLET H\u00c1TS\u00d3 LENG\u00c9SCSILL\u00c1T\u00d3 ALS\u00d3 G\u00c1Z-G\u00c1Z EC125 &#8217;01-&#8217;10,EC250 &#8217;96-&#8217;10,EC450 &#8217;03-&#8217;09,MC125 &#8217;01-&#8217;09,MC250 &#8217;99-&#8217;09,SM0125-&#8216; &#8216; 09, SM250 &#8217;03-&#8217;05 (29-5046)"}]},{"@type":"WebSite","@id":"https:\/\/v3.atv-parts.hu\/#website","url":"https:\/\/v3.atv-parts.hu\/","name":"V3 ATV-PARTS.HU","description":"","publisher":{"@id":"https:\/\/v3.atv-parts.hu\/#organization"},"potentialAction":[{"@type":"SearchAction","target":{"@type":"EntryPoint","urlTemplate":"https:\/\/v3.atv-parts.hu\/?s={search_term_string}"},"query-input":"required name=search_term_string"}],"inLanguage":"hu"},{"@type":"Organization","@id":"https:\/\/v3.atv-parts.hu\/#organization","name":"V3 ATV-PARTS.HU","url":"https:\/\/v3.atv-parts.hu\/","logo":{"@type":"ImageObject","inLanguage":"hu","@id":"https:\/\/v3.atv-parts.hu\/#\/schema\/logo\/image\/","url":"https:\/\/v3.atv-parts.hu\/wp-content\/uploads\/2021\/02\/cropped-cropped-atvlogo-1-1-1.png","contentUrl":"https:\/\/v3.atv-parts.hu\/wp-content\/uploads\/2021\/02\/cropped-cropped-atvlogo-1-1-1.png","width":267,"height":160,"caption":"V3 ATV-PARTS.HU"},"image":{"@id":"https:\/\/v3.atv-parts.hu\/#\/schema\/logo\/image\/"},"sameAs":["https:\/\/www.facebook.com\/atvpartsHU"]}]},"product_price_amount":"10542.27","product_price_currency":"HUF","og_availability":"instock","product_availability":"instock","product_retailer_item_id":"26.450046","product_condition":"new"},"_links":{"self":[{"href":"https:\/\/v3.atv-parts.hu\/index.php\/wp-json\/wp\/v2\/product\/45073","targetHints":{"allow":["GET"]}}],"collection":[{"href":"https:\/\/v3.atv-parts.hu\/index.php\/wp-json\/wp\/v2\/product"}],"about":[{"href":"https:\/\/v3.atv-parts.hu\/index.php\/wp-json\/wp\/v2\/types\/product"}],"replies":[{"embeddable":true,"href":"https:\/\/v3.atv-parts.hu\/index.php\/wp-json\/wp\/v2\/comments?post=45073"}],"wp:featuredmedia":[{"embeddable":true,"href":"https:\/\/v3.atv-parts.hu\/index.php\/wp-json\/wp\/v2\/media\/45074"}],"wp:attachment":[{"href":"https:\/\/v3.atv-parts.hu\/index.php\/wp-json\/wp\/v2\/media?parent=45073"}],"wp:term":[{"taxonomy":"product_cat","embeddable":true,"href":"https:\/\/v3.atv-parts.hu\/index.php\/wp-json\/wp\/v2\/product_cat?post=45073"},{"taxonomy":"product_tag","embeddable":true,"href":"https:\/\/v3.atv-parts.hu\/index.php\/wp-json\/wp\/v2\/product_tag?post=45073"}],"curies":[{"name":"wp","href":"https:\/\/api.w.org\/{rel}","templated":true}]}}