{"id":4850,"date":"2024-03-26T15:04:56","date_gmt":"2024-03-26T14:04:56","guid":{"rendered":"https:\/\/v3.atv-parts.hu\/index.php\/termek\/all-ballscsapagy-keretfej-tomitessel-bmw-s1000rr-10-17-suzuki-gsx-r-600-750-97-17-dl-650-v-storm-04-17-sv-650-s-triumph-yamahajr-6\/"},"modified":"2024-12-08T08:00:16","modified_gmt":"2024-12-08T07:00:16","slug":"all-ballscsapagy-keretfej-tomitessel-bmw-s1000rr-10-17-suzuki-gsx-r-600-750-97-17-dl-650-v-storm-04-17-sv-650-s-triumph-yamahajr-6","status":"publish","type":"product","link":"https:\/\/v3.atv-parts.hu\/index.php\/termek\/all-ballscsapagy-keretfej-tomitessel-bmw-s1000rr-10-17-suzuki-gsx-r-600-750-97-17-dl-650-v-storm-04-17-sv-650-s-triumph-yamahajr-6\/","title":{"rendered":"ALL BALLSCSAP\u00c1GY KERETFEJ T\u00d6M\u00cdT\u00c9SSEL BMW S1000RR &#8217;10 -17, SUZUKI GSX-R 600\/750 &#8217;97 -17, DL 650 V-STORM &#8217;04 -17 SV 650 S TRIUMPH, YAMAHAJR \/6"},"content":{"rendered":"<p>ALL BALLSCSAP\u00c1GY KERETFEJ T\u00d6M\u00cdT\u00c9SSEL BMW S1000RR &#8217;10 -17, SUZUKI GSX-R 600\/750 &#8217;97 -17, DL 650 V-STORM &#8217;04 -17 SV 650 S TRIUMPH, YAMAHAJR \/6<\/p>\n<p>EAN: 22-1003<\/p>\n<p>SKU: 22-1003<\/p>\n","protected":false},"excerpt":{"rendered":"<p>ALL BALLSCSAP\u00c1GY KERETFEJ T\u00d6M\u00cdT\u00c9SSEL BMW S1000RR &#8217;10 -17, SUZUKI GSX-R 600\/750 &#8217;97 -17, DL 650 V-STORM &#8217;04 -17 SV 650 S TRIUMPH, YAMAHAJR \/6<\/p>\n","protected":false},"featured_media":4851,"comment_status":"closed","ping_status":"open","template":"","meta":{"_monsterinsights_skip_tracking":false,"_monsterinsights_sitenote_active":false,"_monsterinsights_sitenote_note":"","_monsterinsights_sitenote_category":0},"product_cat":[404,405,267],"product_tag":[156,166],"class_list":{"0":"post-4850","1":"product","2":"type-product","3":"status-publish","4":"has-post-thumbnail","6":"product_cat-elso-felfuggesztes-es-kormanymu","7":"product_cat-fejcsoves-csapagyak","8":"product_cat-felfuggesztes-es-kormanymu","9":"product_tag-atv","10":"product_tag-suzuki","11":"pa_marka-all-balls","13":"first","14":"instock","15":"taxable","16":"shipping-taxable","17":"purchasable","18":"product-type-simple"},"yoast_head":"<!-- This site is optimized with the Yoast SEO Premium plugin v22.6 (Yoast SEO v22.6) - https:\/\/yoast.com\/wordpress\/plugins\/seo\/ -->\n<title>ALL BALLSCSAP\u00c1GY KERETFEJ T\u00d6M\u00cdT\u00c9SSEL BMW S1000RR &#039;10 -17, SUZUKI GSX-R 600\/750 &#039;97 -17, DL 650 V-STORM &#039;04 -17 SV 650 S TRIUMPH, YAMAHAJR \/6 - V3 ATV-PARTS.HU<\/title>\n<meta name=\"robots\" content=\"index, follow, max-snippet:-1, max-image-preview:large, max-video-preview:-1\" \/>\n<link rel=\"canonical\" href=\"https:\/\/v3.atv-parts.hu\/index.php\/termek\/all-ballscsapagy-keretfej-tomitessel-bmw-s1000rr-10-17-suzuki-gsx-r-600-750-97-17-dl-650-v-storm-04-17-sv-650-s-triumph-yamahajr-6\/\" \/>\n<meta property=\"og:locale\" content=\"hu_HU\" \/>\n<meta property=\"og:type\" content=\"article\" \/>\n<meta property=\"og:title\" content=\"ALL BALLSCSAP\u00c1GY KERETFEJ T\u00d6M\u00cdT\u00c9SSEL BMW S1000RR &#039;10 -17, SUZUKI GSX-R 600\/750 &#039;97 -17, DL 650 V-STORM &#039;04 -17 SV 650 S TRIUMPH, YAMAHAJR \/6\" \/>\n<meta property=\"og:description\" content=\"ALL BALLSCSAP\u00c1GY KERETFEJ T\u00d6M\u00cdT\u00c9SSEL BMW S1000RR &#039;10 -17, SUZUKI GSX-R 600\/750 &#039;97 -17, DL 650 V-STORM &#039;04 -17 SV 650 S TRIUMPH, YAMAHAJR \/6\" \/>\n<meta property=\"og:url\" content=\"https:\/\/v3.atv-parts.hu\/index.php\/termek\/all-ballscsapagy-keretfej-tomitessel-bmw-s1000rr-10-17-suzuki-gsx-r-600-750-97-17-dl-650-v-storm-04-17-sv-650-s-triumph-yamahajr-6\/\" \/>\n<meta property=\"og:site_name\" content=\"V3 ATV-PARTS.HU\" \/>\n<meta property=\"article:publisher\" content=\"https:\/\/www.facebook.com\/atvpartsHU\" \/>\n<meta property=\"article:modified_time\" content=\"2024-12-08T07:00:16+00:00\" \/>\n<meta property=\"og:image\" content=\"https:\/\/v3.atv-parts.hu\/wp-content\/uploads\/2024\/03\/all-balls-lozyska-glowki-ramy-z-uszczelniaczami-bm.jpg\" \/>\n\t<meta property=\"og:image:width\" content=\"432\" \/>\n\t<meta property=\"og:image:height\" content=\"432\" \/>\n\t<meta property=\"og:image:type\" content=\"image\/jpeg\" \/>\n<meta name=\"twitter:card\" content=\"summary_large_image\" \/>\n<meta name=\"twitter:label1\" content=\"\u00c1r\" \/>\n\t<meta name=\"twitter:data1\" content=\"12726,67&nbsp;&#70;&#116; \u00c1F\u00c1-val\" \/>\n\t<meta name=\"twitter:label2\" content=\"El\u00e9rhet\u0151s\u00e9g\" \/>\n\t<meta name=\"twitter:data2\" content=\"K\u00e9szleten\" \/>\n<script type=\"application\/ld+json\" class=\"yoast-schema-graph\">{\"@context\":\"https:\/\/schema.org\",\"@graph\":[{\"@type\":\"WebPage\",\"@id\":\"https:\/\/v3.atv-parts.hu\/index.php\/termek\/all-ballscsapagy-keretfej-tomitessel-bmw-s1000rr-10-17-suzuki-gsx-r-600-750-97-17-dl-650-v-storm-04-17-sv-650-s-triumph-yamahajr-6\/\",\"url\":\"https:\/\/v3.atv-parts.hu\/index.php\/termek\/all-ballscsapagy-keretfej-tomitessel-bmw-s1000rr-10-17-suzuki-gsx-r-600-750-97-17-dl-650-v-storm-04-17-sv-650-s-triumph-yamahajr-6\/\",\"name\":\"ALL BALLSCSAP\u00c1GY KERETFEJ T\u00d6M\u00cdT\u00c9SSEL BMW S1000RR '10 -17, SUZUKI GSX-R 600\/750 '97 -17, DL 650 V-STORM '04 -17 SV 650 S TRIUMPH, YAMAHAJR \/6 - V3 ATV-PARTS.HU\",\"isPartOf\":{\"@id\":\"https:\/\/v3.atv-parts.hu\/#website\"},\"primaryImageOfPage\":{\"@id\":\"https:\/\/v3.atv-parts.hu\/index.php\/termek\/all-ballscsapagy-keretfej-tomitessel-bmw-s1000rr-10-17-suzuki-gsx-r-600-750-97-17-dl-650-v-storm-04-17-sv-650-s-triumph-yamahajr-6\/#primaryimage\"},\"image\":{\"@id\":\"https:\/\/v3.atv-parts.hu\/index.php\/termek\/all-ballscsapagy-keretfej-tomitessel-bmw-s1000rr-10-17-suzuki-gsx-r-600-750-97-17-dl-650-v-storm-04-17-sv-650-s-triumph-yamahajr-6\/#primaryimage\"},\"thumbnailUrl\":\"https:\/\/v3.atv-parts.hu\/wp-content\/uploads\/2024\/03\/all-balls-lozyska-glowki-ramy-z-uszczelniaczami-bm.jpg\",\"datePublished\":\"2024-03-26T14:04:56+00:00\",\"dateModified\":\"2024-12-08T07:00:16+00:00\",\"breadcrumb\":{\"@id\":\"https:\/\/v3.atv-parts.hu\/index.php\/termek\/all-ballscsapagy-keretfej-tomitessel-bmw-s1000rr-10-17-suzuki-gsx-r-600-750-97-17-dl-650-v-storm-04-17-sv-650-s-triumph-yamahajr-6\/#breadcrumb\"},\"inLanguage\":\"hu\",\"potentialAction\":[{\"@type\":\"ReadAction\",\"target\":[\"https:\/\/v3.atv-parts.hu\/index.php\/termek\/all-ballscsapagy-keretfej-tomitessel-bmw-s1000rr-10-17-suzuki-gsx-r-600-750-97-17-dl-650-v-storm-04-17-sv-650-s-triumph-yamahajr-6\/\"]}]},{\"@type\":\"ImageObject\",\"inLanguage\":\"hu\",\"@id\":\"https:\/\/v3.atv-parts.hu\/index.php\/termek\/all-ballscsapagy-keretfej-tomitessel-bmw-s1000rr-10-17-suzuki-gsx-r-600-750-97-17-dl-650-v-storm-04-17-sv-650-s-triumph-yamahajr-6\/#primaryimage\",\"url\":\"https:\/\/v3.atv-parts.hu\/wp-content\/uploads\/2024\/03\/all-balls-lozyska-glowki-ramy-z-uszczelniaczami-bm.jpg\",\"contentUrl\":\"https:\/\/v3.atv-parts.hu\/wp-content\/uploads\/2024\/03\/all-balls-lozyska-glowki-ramy-z-uszczelniaczami-bm.jpg\",\"width\":432,\"height\":432},{\"@type\":\"BreadcrumbList\",\"@id\":\"https:\/\/v3.atv-parts.hu\/index.php\/termek\/all-ballscsapagy-keretfej-tomitessel-bmw-s1000rr-10-17-suzuki-gsx-r-600-750-97-17-dl-650-v-storm-04-17-sv-650-s-triumph-yamahajr-6\/#breadcrumb\",\"itemListElement\":[{\"@type\":\"ListItem\",\"position\":1,\"name\":\"Kezd\u0151lap\",\"item\":\"https:\/\/v3.atv-parts.hu\/\"},{\"@type\":\"ListItem\",\"position\":2,\"name\":\"Bolt\",\"item\":\"https:\/\/v3.atv-parts.hu\/index.php\/bolt\/\"},{\"@type\":\"ListItem\",\"position\":3,\"name\":\"ALL BALLSCSAP\u00c1GY KERETFEJ T\u00d6M\u00cdT\u00c9SSEL BMW S1000RR &#8217;10 -17, SUZUKI GSX-R 600\/750 &#8217;97 -17, DL 650 V-STORM &#8217;04 -17 SV 650 S TRIUMPH, YAMAHAJR \/6\"}]},{\"@type\":\"WebSite\",\"@id\":\"https:\/\/v3.atv-parts.hu\/#website\",\"url\":\"https:\/\/v3.atv-parts.hu\/\",\"name\":\"V3 ATV-PARTS.HU\",\"description\":\"\",\"publisher\":{\"@id\":\"https:\/\/v3.atv-parts.hu\/#organization\"},\"potentialAction\":[{\"@type\":\"SearchAction\",\"target\":{\"@type\":\"EntryPoint\",\"urlTemplate\":\"https:\/\/v3.atv-parts.hu\/?s={search_term_string}\"},\"query-input\":\"required name=search_term_string\"}],\"inLanguage\":\"hu\"},{\"@type\":\"Organization\",\"@id\":\"https:\/\/v3.atv-parts.hu\/#organization\",\"name\":\"V3 ATV-PARTS.HU\",\"url\":\"https:\/\/v3.atv-parts.hu\/\",\"logo\":{\"@type\":\"ImageObject\",\"inLanguage\":\"hu\",\"@id\":\"https:\/\/v3.atv-parts.hu\/#\/schema\/logo\/image\/\",\"url\":\"https:\/\/v3.atv-parts.hu\/wp-content\/uploads\/2021\/02\/cropped-cropped-atvlogo-1-1-1.png\",\"contentUrl\":\"https:\/\/v3.atv-parts.hu\/wp-content\/uploads\/2021\/02\/cropped-cropped-atvlogo-1-1-1.png\",\"width\":267,\"height\":160,\"caption\":\"V3 ATV-PARTS.HU\"},\"image\":{\"@id\":\"https:\/\/v3.atv-parts.hu\/#\/schema\/logo\/image\/\"},\"sameAs\":[\"https:\/\/www.facebook.com\/atvpartsHU\"]}]}<\/script>\n<meta property=\"product:price:amount\" content=\"12726.67\" \/>\n<meta property=\"product:price:currency\" content=\"HUF\" \/>\n<meta property=\"og:availability\" content=\"instock\" \/>\n<meta property=\"product:availability\" content=\"instock\" \/>\n<meta property=\"product:retailer_item_id\" content=\"22-1003\" \/>\n<meta property=\"product:condition\" content=\"new\" \/>\n<!-- \/ Yoast SEO Premium plugin. -->","yoast_head_json":{"title":"ALL BALLSCSAP\u00c1GY KERETFEJ T\u00d6M\u00cdT\u00c9SSEL BMW S1000RR '10 -17, SUZUKI GSX-R 600\/750 '97 -17, DL 650 V-STORM '04 -17 SV 650 S TRIUMPH, YAMAHAJR \/6 - V3 ATV-PARTS.HU","robots":{"index":"index","follow":"follow","max-snippet":"max-snippet:-1","max-image-preview":"max-image-preview:large","max-video-preview":"max-video-preview:-1"},"canonical":"https:\/\/v3.atv-parts.hu\/index.php\/termek\/all-ballscsapagy-keretfej-tomitessel-bmw-s1000rr-10-17-suzuki-gsx-r-600-750-97-17-dl-650-v-storm-04-17-sv-650-s-triumph-yamahajr-6\/","og_locale":"hu_HU","og_type":"article","og_title":"ALL BALLSCSAP\u00c1GY KERETFEJ T\u00d6M\u00cdT\u00c9SSEL BMW S1000RR '10 -17, SUZUKI GSX-R 600\/750 '97 -17, DL 650 V-STORM '04 -17 SV 650 S TRIUMPH, YAMAHAJR \/6","og_description":"ALL BALLSCSAP\u00c1GY KERETFEJ T\u00d6M\u00cdT\u00c9SSEL BMW S1000RR '10 -17, SUZUKI GSX-R 600\/750 '97 -17, DL 650 V-STORM '04 -17 SV 650 S TRIUMPH, YAMAHAJR \/6","og_url":"https:\/\/v3.atv-parts.hu\/index.php\/termek\/all-ballscsapagy-keretfej-tomitessel-bmw-s1000rr-10-17-suzuki-gsx-r-600-750-97-17-dl-650-v-storm-04-17-sv-650-s-triumph-yamahajr-6\/","og_site_name":"V3 ATV-PARTS.HU","article_publisher":"https:\/\/www.facebook.com\/atvpartsHU","article_modified_time":"2024-12-08T07:00:16+00:00","og_image":[{"width":432,"height":432,"url":"https:\/\/v3.atv-parts.hu\/wp-content\/uploads\/2024\/03\/all-balls-lozyska-glowki-ramy-z-uszczelniaczami-bm.jpg","type":"image\/jpeg"}],"twitter_card":"summary_large_image","twitter_misc":{"\u00c1r":"12726,67&nbsp;&#70;&#116; \u00c1F\u00c1-val","El\u00e9rhet\u0151s\u00e9g":"K\u00e9szleten"},"schema":{"@context":"https:\/\/schema.org","@graph":[{"@type":"WebPage","@id":"https:\/\/v3.atv-parts.hu\/index.php\/termek\/all-ballscsapagy-keretfej-tomitessel-bmw-s1000rr-10-17-suzuki-gsx-r-600-750-97-17-dl-650-v-storm-04-17-sv-650-s-triumph-yamahajr-6\/","url":"https:\/\/v3.atv-parts.hu\/index.php\/termek\/all-ballscsapagy-keretfej-tomitessel-bmw-s1000rr-10-17-suzuki-gsx-r-600-750-97-17-dl-650-v-storm-04-17-sv-650-s-triumph-yamahajr-6\/","name":"ALL BALLSCSAP\u00c1GY KERETFEJ T\u00d6M\u00cdT\u00c9SSEL BMW S1000RR '10 -17, SUZUKI GSX-R 600\/750 '97 -17, DL 650 V-STORM '04 -17 SV 650 S TRIUMPH, YAMAHAJR \/6 - V3 ATV-PARTS.HU","isPartOf":{"@id":"https:\/\/v3.atv-parts.hu\/#website"},"primaryImageOfPage":{"@id":"https:\/\/v3.atv-parts.hu\/index.php\/termek\/all-ballscsapagy-keretfej-tomitessel-bmw-s1000rr-10-17-suzuki-gsx-r-600-750-97-17-dl-650-v-storm-04-17-sv-650-s-triumph-yamahajr-6\/#primaryimage"},"image":{"@id":"https:\/\/v3.atv-parts.hu\/index.php\/termek\/all-ballscsapagy-keretfej-tomitessel-bmw-s1000rr-10-17-suzuki-gsx-r-600-750-97-17-dl-650-v-storm-04-17-sv-650-s-triumph-yamahajr-6\/#primaryimage"},"thumbnailUrl":"https:\/\/v3.atv-parts.hu\/wp-content\/uploads\/2024\/03\/all-balls-lozyska-glowki-ramy-z-uszczelniaczami-bm.jpg","datePublished":"2024-03-26T14:04:56+00:00","dateModified":"2024-12-08T07:00:16+00:00","breadcrumb":{"@id":"https:\/\/v3.atv-parts.hu\/index.php\/termek\/all-ballscsapagy-keretfej-tomitessel-bmw-s1000rr-10-17-suzuki-gsx-r-600-750-97-17-dl-650-v-storm-04-17-sv-650-s-triumph-yamahajr-6\/#breadcrumb"},"inLanguage":"hu","potentialAction":[{"@type":"ReadAction","target":["https:\/\/v3.atv-parts.hu\/index.php\/termek\/all-ballscsapagy-keretfej-tomitessel-bmw-s1000rr-10-17-suzuki-gsx-r-600-750-97-17-dl-650-v-storm-04-17-sv-650-s-triumph-yamahajr-6\/"]}]},{"@type":"ImageObject","inLanguage":"hu","@id":"https:\/\/v3.atv-parts.hu\/index.php\/termek\/all-ballscsapagy-keretfej-tomitessel-bmw-s1000rr-10-17-suzuki-gsx-r-600-750-97-17-dl-650-v-storm-04-17-sv-650-s-triumph-yamahajr-6\/#primaryimage","url":"https:\/\/v3.atv-parts.hu\/wp-content\/uploads\/2024\/03\/all-balls-lozyska-glowki-ramy-z-uszczelniaczami-bm.jpg","contentUrl":"https:\/\/v3.atv-parts.hu\/wp-content\/uploads\/2024\/03\/all-balls-lozyska-glowki-ramy-z-uszczelniaczami-bm.jpg","width":432,"height":432},{"@type":"BreadcrumbList","@id":"https:\/\/v3.atv-parts.hu\/index.php\/termek\/all-ballscsapagy-keretfej-tomitessel-bmw-s1000rr-10-17-suzuki-gsx-r-600-750-97-17-dl-650-v-storm-04-17-sv-650-s-triumph-yamahajr-6\/#breadcrumb","itemListElement":[{"@type":"ListItem","position":1,"name":"Kezd\u0151lap","item":"https:\/\/v3.atv-parts.hu\/"},{"@type":"ListItem","position":2,"name":"Bolt","item":"https:\/\/v3.atv-parts.hu\/index.php\/bolt\/"},{"@type":"ListItem","position":3,"name":"ALL BALLSCSAP\u00c1GY KERETFEJ T\u00d6M\u00cdT\u00c9SSEL BMW S1000RR &#8217;10 -17, SUZUKI GSX-R 600\/750 &#8217;97 -17, DL 650 V-STORM &#8217;04 -17 SV 650 S TRIUMPH, YAMAHAJR \/6"}]},{"@type":"WebSite","@id":"https:\/\/v3.atv-parts.hu\/#website","url":"https:\/\/v3.atv-parts.hu\/","name":"V3 ATV-PARTS.HU","description":"","publisher":{"@id":"https:\/\/v3.atv-parts.hu\/#organization"},"potentialAction":[{"@type":"SearchAction","target":{"@type":"EntryPoint","urlTemplate":"https:\/\/v3.atv-parts.hu\/?s={search_term_string}"},"query-input":"required name=search_term_string"}],"inLanguage":"hu"},{"@type":"Organization","@id":"https:\/\/v3.atv-parts.hu\/#organization","name":"V3 ATV-PARTS.HU","url":"https:\/\/v3.atv-parts.hu\/","logo":{"@type":"ImageObject","inLanguage":"hu","@id":"https:\/\/v3.atv-parts.hu\/#\/schema\/logo\/image\/","url":"https:\/\/v3.atv-parts.hu\/wp-content\/uploads\/2021\/02\/cropped-cropped-atvlogo-1-1-1.png","contentUrl":"https:\/\/v3.atv-parts.hu\/wp-content\/uploads\/2021\/02\/cropped-cropped-atvlogo-1-1-1.png","width":267,"height":160,"caption":"V3 ATV-PARTS.HU"},"image":{"@id":"https:\/\/v3.atv-parts.hu\/#\/schema\/logo\/image\/"},"sameAs":["https:\/\/www.facebook.com\/atvpartsHU"]}]},"product_price_amount":"12726.67","product_price_currency":"HUF","og_availability":"instock","product_availability":"instock","product_retailer_item_id":"22-1003","product_condition":"new"},"_links":{"self":[{"href":"https:\/\/v3.atv-parts.hu\/index.php\/wp-json\/wp\/v2\/product\/4850","targetHints":{"allow":["GET"]}}],"collection":[{"href":"https:\/\/v3.atv-parts.hu\/index.php\/wp-json\/wp\/v2\/product"}],"about":[{"href":"https:\/\/v3.atv-parts.hu\/index.php\/wp-json\/wp\/v2\/types\/product"}],"replies":[{"embeddable":true,"href":"https:\/\/v3.atv-parts.hu\/index.php\/wp-json\/wp\/v2\/comments?post=4850"}],"wp:featuredmedia":[{"embeddable":true,"href":"https:\/\/v3.atv-parts.hu\/index.php\/wp-json\/wp\/v2\/media\/4851"}],"wp:attachment":[{"href":"https:\/\/v3.atv-parts.hu\/index.php\/wp-json\/wp\/v2\/media?parent=4850"}],"wp:term":[{"taxonomy":"product_cat","embeddable":true,"href":"https:\/\/v3.atv-parts.hu\/index.php\/wp-json\/wp\/v2\/product_cat?post=4850"},{"taxonomy":"product_tag","embeddable":true,"href":"https:\/\/v3.atv-parts.hu\/index.php\/wp-json\/wp\/v2\/product_tag?post=4850"}],"curies":[{"name":"wp","href":"https:\/\/api.w.org\/{rel}","templated":true}]}}