{"id":51047,"date":"2024-03-27T13:08:04","date_gmt":"2024-03-27T12:08:04","guid":{"rendered":"https:\/\/v3.atv-parts.hu\/index.php\/termek\/psychic-kuplung-tarcsak-yamaha-tw200-91-01-tw-125-03-04-yz-125-79-80-ebs2234\/"},"modified":"2024-05-03T16:07:08","modified_gmt":"2024-05-03T14:07:08","slug":"psychic-kuplung-tarcsak-yamaha-tw200-91-01-tw-125-03-04-yz-125-79-80-ebs2234","status":"publish","type":"product","link":"https:\/\/v3.atv-parts.hu\/index.php\/termek\/psychic-kuplung-tarcsak-yamaha-tw200-91-01-tw-125-03-04-yz-125-79-80-ebs2234\/","title":{"rendered":"PSYCHIC KUPLUNG T\u00c1RCS\u00c1K YAMAHA TW200 &#8217;91 -&#8217;01, TW 125 &#8217;03 -&#8217;04, YZ 125 &#8217;79 -&#8217;80 (EBS2234)"},"content":{"rendered":"<p>PSYCHIC KUPLUNG T\u00c1RCS\u00c1K YAMAHA TW200 &#8217;91 -&#8217;01, TW 125 &#8217;03 -&#8217;04, YZ 125 &#8217;79 -&#8217;80 (EBS2234)<\/p>\n<p>EAN:<\/p>\n<p>SKU: MC-03774C<\/p>\n","protected":false},"excerpt":{"rendered":"<p>PSYCHIC KUPLUNG T\u00c1RCS\u00c1K YAMAHA TW200 &#8217;91 -&#8217;01, TW 125 &#8217;03 -&#8217;04, YZ 125 &#8217;79 -&#8217;80 (EBS2234)<\/p>\n","protected":false},"featured_media":51048,"comment_status":"closed","ping_status":"open","template":"","meta":{"_monsterinsights_skip_tracking":false,"_monsterinsights_sitenote_active":false,"_monsterinsights_sitenote_note":"","_monsterinsights_sitenote_category":0},"product_cat":[319,322,153],"product_tag":[156,164],"class_list":{"0":"post-51047","1":"product","2":"type-product","3":"status-publish","4":"has-post-thumbnail","6":"product_cat-kuplung","7":"product_cat-kuplungtarcsak","8":"product_cat-motor","9":"product_tag-atv","10":"product_tag-yamaha","11":"pa_marka-psychic","13":"first","14":"instock","15":"taxable","16":"shipping-taxable","17":"purchasable","18":"product-type-simple"},"yoast_head":"<!-- This site is optimized with the Yoast SEO Premium plugin v22.6 (Yoast SEO v22.6) - https:\/\/yoast.com\/wordpress\/plugins\/seo\/ -->\n<title>PSYCHIC KUPLUNG T\u00c1RCS\u00c1K YAMAHA TW200 &#039;91 -&#039;01, TW 125 &#039;03 -&#039;04, YZ 125 &#039;79 -&#039;80 (EBS2234) - V3 ATV-PARTS.HU<\/title>\n<meta name=\"robots\" content=\"index, follow, max-snippet:-1, max-image-preview:large, max-video-preview:-1\" \/>\n<link rel=\"canonical\" href=\"https:\/\/v3.atv-parts.hu\/index.php\/termek\/psychic-kuplung-tarcsak-yamaha-tw200-91-01-tw-125-03-04-yz-125-79-80-ebs2234\/\" \/>\n<meta property=\"og:locale\" content=\"hu_HU\" \/>\n<meta property=\"og:type\" content=\"article\" \/>\n<meta property=\"og:title\" content=\"PSYCHIC KUPLUNG T\u00c1RCS\u00c1K YAMAHA TW200 &#039;91 -&#039;01, TW 125 &#039;03 -&#039;04, YZ 125 &#039;79 -&#039;80 (EBS2234)\" \/>\n<meta property=\"og:description\" content=\"PSYCHIC KUPLUNG T\u00c1RCS\u00c1K YAMAHA TW200 &#039;91 -&#039;01, TW 125 &#039;03 -&#039;04, YZ 125 &#039;79 -&#039;80 (EBS2234)\" \/>\n<meta property=\"og:url\" content=\"https:\/\/v3.atv-parts.hu\/index.php\/termek\/psychic-kuplung-tarcsak-yamaha-tw200-91-01-tw-125-03-04-yz-125-79-80-ebs2234\/\" \/>\n<meta property=\"og:site_name\" content=\"V3 ATV-PARTS.HU\" \/>\n<meta property=\"article:publisher\" content=\"https:\/\/www.facebook.com\/atvpartsHU\" \/>\n<meta property=\"article:modified_time\" content=\"2024-05-03T14:07:08+00:00\" \/>\n<meta property=\"og:image\" content=\"https:\/\/v3.atv-parts.hu\/wp-content\/uploads\/2024\/03\/psychic-tarcze-sprzeglowe-yamaha-tw200-91-01-tw.jpg\" \/>\n\t<meta property=\"og:image:width\" content=\"800\" \/>\n\t<meta property=\"og:image:height\" content=\"600\" \/>\n\t<meta property=\"og:image:type\" content=\"image\/jpeg\" \/>\n<meta name=\"twitter:card\" content=\"summary_large_image\" \/>\n<meta name=\"twitter:label1\" content=\"\u00c1r\" \/>\n\t<meta name=\"twitter:data1\" content=\"9762,49&nbsp;&#70;&#116; \u00c1F\u00c1-val\" \/>\n\t<meta name=\"twitter:label2\" content=\"El\u00e9rhet\u0151s\u00e9g\" \/>\n\t<meta name=\"twitter:data2\" content=\"K\u00e9szleten\" \/>\n<script type=\"application\/ld+json\" class=\"yoast-schema-graph\">{\"@context\":\"https:\/\/schema.org\",\"@graph\":[{\"@type\":\"WebPage\",\"@id\":\"https:\/\/v3.atv-parts.hu\/index.php\/termek\/psychic-kuplung-tarcsak-yamaha-tw200-91-01-tw-125-03-04-yz-125-79-80-ebs2234\/\",\"url\":\"https:\/\/v3.atv-parts.hu\/index.php\/termek\/psychic-kuplung-tarcsak-yamaha-tw200-91-01-tw-125-03-04-yz-125-79-80-ebs2234\/\",\"name\":\"PSYCHIC KUPLUNG T\u00c1RCS\u00c1K YAMAHA TW200 '91 -'01, TW 125 '03 -'04, YZ 125 '79 -'80 (EBS2234) - V3 ATV-PARTS.HU\",\"isPartOf\":{\"@id\":\"https:\/\/v3.atv-parts.hu\/#website\"},\"primaryImageOfPage\":{\"@id\":\"https:\/\/v3.atv-parts.hu\/index.php\/termek\/psychic-kuplung-tarcsak-yamaha-tw200-91-01-tw-125-03-04-yz-125-79-80-ebs2234\/#primaryimage\"},\"image\":{\"@id\":\"https:\/\/v3.atv-parts.hu\/index.php\/termek\/psychic-kuplung-tarcsak-yamaha-tw200-91-01-tw-125-03-04-yz-125-79-80-ebs2234\/#primaryimage\"},\"thumbnailUrl\":\"https:\/\/v3.atv-parts.hu\/wp-content\/uploads\/2024\/03\/psychic-tarcze-sprzeglowe-yamaha-tw200-91-01-tw.jpg\",\"datePublished\":\"2024-03-27T12:08:04+00:00\",\"dateModified\":\"2024-05-03T14:07:08+00:00\",\"breadcrumb\":{\"@id\":\"https:\/\/v3.atv-parts.hu\/index.php\/termek\/psychic-kuplung-tarcsak-yamaha-tw200-91-01-tw-125-03-04-yz-125-79-80-ebs2234\/#breadcrumb\"},\"inLanguage\":\"hu\",\"potentialAction\":[{\"@type\":\"ReadAction\",\"target\":[\"https:\/\/v3.atv-parts.hu\/index.php\/termek\/psychic-kuplung-tarcsak-yamaha-tw200-91-01-tw-125-03-04-yz-125-79-80-ebs2234\/\"]}]},{\"@type\":\"ImageObject\",\"inLanguage\":\"hu\",\"@id\":\"https:\/\/v3.atv-parts.hu\/index.php\/termek\/psychic-kuplung-tarcsak-yamaha-tw200-91-01-tw-125-03-04-yz-125-79-80-ebs2234\/#primaryimage\",\"url\":\"https:\/\/v3.atv-parts.hu\/wp-content\/uploads\/2024\/03\/psychic-tarcze-sprzeglowe-yamaha-tw200-91-01-tw.jpg\",\"contentUrl\":\"https:\/\/v3.atv-parts.hu\/wp-content\/uploads\/2024\/03\/psychic-tarcze-sprzeglowe-yamaha-tw200-91-01-tw.jpg\",\"width\":800,\"height\":600},{\"@type\":\"BreadcrumbList\",\"@id\":\"https:\/\/v3.atv-parts.hu\/index.php\/termek\/psychic-kuplung-tarcsak-yamaha-tw200-91-01-tw-125-03-04-yz-125-79-80-ebs2234\/#breadcrumb\",\"itemListElement\":[{\"@type\":\"ListItem\",\"position\":1,\"name\":\"Kezd\u0151lap\",\"item\":\"https:\/\/v3.atv-parts.hu\/\"},{\"@type\":\"ListItem\",\"position\":2,\"name\":\"Bolt\",\"item\":\"https:\/\/v3.atv-parts.hu\/index.php\/bolt\/\"},{\"@type\":\"ListItem\",\"position\":3,\"name\":\"PSYCHIC KUPLUNG T\u00c1RCS\u00c1K YAMAHA TW200 &#8217;91 -&#8217;01, TW 125 &#8217;03 -&#8217;04, YZ 125 &#8217;79 -&#8217;80 (EBS2234)\"}]},{\"@type\":\"WebSite\",\"@id\":\"https:\/\/v3.atv-parts.hu\/#website\",\"url\":\"https:\/\/v3.atv-parts.hu\/\",\"name\":\"V3 ATV-PARTS.HU\",\"description\":\"\",\"publisher\":{\"@id\":\"https:\/\/v3.atv-parts.hu\/#organization\"},\"potentialAction\":[{\"@type\":\"SearchAction\",\"target\":{\"@type\":\"EntryPoint\",\"urlTemplate\":\"https:\/\/v3.atv-parts.hu\/?s={search_term_string}\"},\"query-input\":\"required name=search_term_string\"}],\"inLanguage\":\"hu\"},{\"@type\":\"Organization\",\"@id\":\"https:\/\/v3.atv-parts.hu\/#organization\",\"name\":\"V3 ATV-PARTS.HU\",\"url\":\"https:\/\/v3.atv-parts.hu\/\",\"logo\":{\"@type\":\"ImageObject\",\"inLanguage\":\"hu\",\"@id\":\"https:\/\/v3.atv-parts.hu\/#\/schema\/logo\/image\/\",\"url\":\"https:\/\/v3.atv-parts.hu\/wp-content\/uploads\/2021\/02\/cropped-cropped-atvlogo-1-1-1.png\",\"contentUrl\":\"https:\/\/v3.atv-parts.hu\/wp-content\/uploads\/2021\/02\/cropped-cropped-atvlogo-1-1-1.png\",\"width\":267,\"height\":160,\"caption\":\"V3 ATV-PARTS.HU\"},\"image\":{\"@id\":\"https:\/\/v3.atv-parts.hu\/#\/schema\/logo\/image\/\"},\"sameAs\":[\"https:\/\/www.facebook.com\/atvpartsHU\"]}]}<\/script>\n<meta property=\"product:price:amount\" content=\"9762.49\" \/>\n<meta property=\"product:price:currency\" content=\"HUF\" \/>\n<meta property=\"og:availability\" content=\"instock\" \/>\n<meta property=\"product:availability\" content=\"instock\" \/>\n<meta property=\"product:retailer_item_id\" content=\"MC-03774C\" \/>\n<meta property=\"product:condition\" content=\"new\" \/>\n<!-- \/ Yoast SEO Premium plugin. -->","yoast_head_json":{"title":"PSYCHIC KUPLUNG T\u00c1RCS\u00c1K YAMAHA TW200 '91 -'01, TW 125 '03 -'04, YZ 125 '79 -'80 (EBS2234) - V3 ATV-PARTS.HU","robots":{"index":"index","follow":"follow","max-snippet":"max-snippet:-1","max-image-preview":"max-image-preview:large","max-video-preview":"max-video-preview:-1"},"canonical":"https:\/\/v3.atv-parts.hu\/index.php\/termek\/psychic-kuplung-tarcsak-yamaha-tw200-91-01-tw-125-03-04-yz-125-79-80-ebs2234\/","og_locale":"hu_HU","og_type":"article","og_title":"PSYCHIC KUPLUNG T\u00c1RCS\u00c1K YAMAHA TW200 '91 -'01, TW 125 '03 -'04, YZ 125 '79 -'80 (EBS2234)","og_description":"PSYCHIC KUPLUNG T\u00c1RCS\u00c1K YAMAHA TW200 '91 -'01, TW 125 '03 -'04, YZ 125 '79 -'80 (EBS2234)","og_url":"https:\/\/v3.atv-parts.hu\/index.php\/termek\/psychic-kuplung-tarcsak-yamaha-tw200-91-01-tw-125-03-04-yz-125-79-80-ebs2234\/","og_site_name":"V3 ATV-PARTS.HU","article_publisher":"https:\/\/www.facebook.com\/atvpartsHU","article_modified_time":"2024-05-03T14:07:08+00:00","og_image":[{"width":800,"height":600,"url":"https:\/\/v3.atv-parts.hu\/wp-content\/uploads\/2024\/03\/psychic-tarcze-sprzeglowe-yamaha-tw200-91-01-tw.jpg","type":"image\/jpeg"}],"twitter_card":"summary_large_image","twitter_misc":{"\u00c1r":"9762,49&nbsp;&#70;&#116; \u00c1F\u00c1-val","El\u00e9rhet\u0151s\u00e9g":"K\u00e9szleten"},"schema":{"@context":"https:\/\/schema.org","@graph":[{"@type":"WebPage","@id":"https:\/\/v3.atv-parts.hu\/index.php\/termek\/psychic-kuplung-tarcsak-yamaha-tw200-91-01-tw-125-03-04-yz-125-79-80-ebs2234\/","url":"https:\/\/v3.atv-parts.hu\/index.php\/termek\/psychic-kuplung-tarcsak-yamaha-tw200-91-01-tw-125-03-04-yz-125-79-80-ebs2234\/","name":"PSYCHIC KUPLUNG T\u00c1RCS\u00c1K YAMAHA TW200 '91 -'01, TW 125 '03 -'04, YZ 125 '79 -'80 (EBS2234) - V3 ATV-PARTS.HU","isPartOf":{"@id":"https:\/\/v3.atv-parts.hu\/#website"},"primaryImageOfPage":{"@id":"https:\/\/v3.atv-parts.hu\/index.php\/termek\/psychic-kuplung-tarcsak-yamaha-tw200-91-01-tw-125-03-04-yz-125-79-80-ebs2234\/#primaryimage"},"image":{"@id":"https:\/\/v3.atv-parts.hu\/index.php\/termek\/psychic-kuplung-tarcsak-yamaha-tw200-91-01-tw-125-03-04-yz-125-79-80-ebs2234\/#primaryimage"},"thumbnailUrl":"https:\/\/v3.atv-parts.hu\/wp-content\/uploads\/2024\/03\/psychic-tarcze-sprzeglowe-yamaha-tw200-91-01-tw.jpg","datePublished":"2024-03-27T12:08:04+00:00","dateModified":"2024-05-03T14:07:08+00:00","breadcrumb":{"@id":"https:\/\/v3.atv-parts.hu\/index.php\/termek\/psychic-kuplung-tarcsak-yamaha-tw200-91-01-tw-125-03-04-yz-125-79-80-ebs2234\/#breadcrumb"},"inLanguage":"hu","potentialAction":[{"@type":"ReadAction","target":["https:\/\/v3.atv-parts.hu\/index.php\/termek\/psychic-kuplung-tarcsak-yamaha-tw200-91-01-tw-125-03-04-yz-125-79-80-ebs2234\/"]}]},{"@type":"ImageObject","inLanguage":"hu","@id":"https:\/\/v3.atv-parts.hu\/index.php\/termek\/psychic-kuplung-tarcsak-yamaha-tw200-91-01-tw-125-03-04-yz-125-79-80-ebs2234\/#primaryimage","url":"https:\/\/v3.atv-parts.hu\/wp-content\/uploads\/2024\/03\/psychic-tarcze-sprzeglowe-yamaha-tw200-91-01-tw.jpg","contentUrl":"https:\/\/v3.atv-parts.hu\/wp-content\/uploads\/2024\/03\/psychic-tarcze-sprzeglowe-yamaha-tw200-91-01-tw.jpg","width":800,"height":600},{"@type":"BreadcrumbList","@id":"https:\/\/v3.atv-parts.hu\/index.php\/termek\/psychic-kuplung-tarcsak-yamaha-tw200-91-01-tw-125-03-04-yz-125-79-80-ebs2234\/#breadcrumb","itemListElement":[{"@type":"ListItem","position":1,"name":"Kezd\u0151lap","item":"https:\/\/v3.atv-parts.hu\/"},{"@type":"ListItem","position":2,"name":"Bolt","item":"https:\/\/v3.atv-parts.hu\/index.php\/bolt\/"},{"@type":"ListItem","position":3,"name":"PSYCHIC KUPLUNG T\u00c1RCS\u00c1K YAMAHA TW200 &#8217;91 -&#8217;01, TW 125 &#8217;03 -&#8217;04, YZ 125 &#8217;79 -&#8217;80 (EBS2234)"}]},{"@type":"WebSite","@id":"https:\/\/v3.atv-parts.hu\/#website","url":"https:\/\/v3.atv-parts.hu\/","name":"V3 ATV-PARTS.HU","description":"","publisher":{"@id":"https:\/\/v3.atv-parts.hu\/#organization"},"potentialAction":[{"@type":"SearchAction","target":{"@type":"EntryPoint","urlTemplate":"https:\/\/v3.atv-parts.hu\/?s={search_term_string}"},"query-input":"required name=search_term_string"}],"inLanguage":"hu"},{"@type":"Organization","@id":"https:\/\/v3.atv-parts.hu\/#organization","name":"V3 ATV-PARTS.HU","url":"https:\/\/v3.atv-parts.hu\/","logo":{"@type":"ImageObject","inLanguage":"hu","@id":"https:\/\/v3.atv-parts.hu\/#\/schema\/logo\/image\/","url":"https:\/\/v3.atv-parts.hu\/wp-content\/uploads\/2021\/02\/cropped-cropped-atvlogo-1-1-1.png","contentUrl":"https:\/\/v3.atv-parts.hu\/wp-content\/uploads\/2021\/02\/cropped-cropped-atvlogo-1-1-1.png","width":267,"height":160,"caption":"V3 ATV-PARTS.HU"},"image":{"@id":"https:\/\/v3.atv-parts.hu\/#\/schema\/logo\/image\/"},"sameAs":["https:\/\/www.facebook.com\/atvpartsHU"]}]},"product_price_amount":"9762.49","product_price_currency":"HUF","og_availability":"instock","product_availability":"instock","product_retailer_item_id":"MC-03774C","product_condition":"new"},"_links":{"self":[{"href":"https:\/\/v3.atv-parts.hu\/index.php\/wp-json\/wp\/v2\/product\/51047","targetHints":{"allow":["GET"]}}],"collection":[{"href":"https:\/\/v3.atv-parts.hu\/index.php\/wp-json\/wp\/v2\/product"}],"about":[{"href":"https:\/\/v3.atv-parts.hu\/index.php\/wp-json\/wp\/v2\/types\/product"}],"replies":[{"embeddable":true,"href":"https:\/\/v3.atv-parts.hu\/index.php\/wp-json\/wp\/v2\/comments?post=51047"}],"wp:featuredmedia":[{"embeddable":true,"href":"https:\/\/v3.atv-parts.hu\/index.php\/wp-json\/wp\/v2\/media\/51048"}],"wp:attachment":[{"href":"https:\/\/v3.atv-parts.hu\/index.php\/wp-json\/wp\/v2\/media?parent=51047"}],"wp:term":[{"taxonomy":"product_cat","embeddable":true,"href":"https:\/\/v3.atv-parts.hu\/index.php\/wp-json\/wp\/v2\/product_cat?post=51047"},{"taxonomy":"product_tag","embeddable":true,"href":"https:\/\/v3.atv-parts.hu\/index.php\/wp-json\/wp\/v2\/product_tag?post=51047"}],"curies":[{"name":"wp","href":"https:\/\/api.w.org\/{rel}","templated":true}]}}